{"id":771921,"date":"2026-04-16T17:15:04","date_gmt":"2026-04-16T10:15:04","guid":{"rendered":"http:\/\/tourcruiser.com\/product\/grade-school-air-jordan-1-mid-white-light-arctic-pink-555112-103"},"modified":"2026-04-17T22:21:08","modified_gmt":"2026-04-17T15:21:08","slug":"grade-school-air-jordan-1-mid-white-light-arctic-pink-555112-103","status":"publish","type":"product","link":"https:\/\/tourcruiser.com\/fr\/products\/grade-school-air-jordan-1-mid-white-light-arctic-pink-555112-103\/","title":{"rendered":"(Grade School) Air Jordan 1 Mid &lsquo;White Light Arctic Pink&rsquo; 555112-103"},"content":{"rendered":"<p>La Air Jordan 1 Mid White Light Arctic Pink (GS) est une sneaker tendance et styl\u00e9e sign\u00e9e Jordan. Son design blanc immacul\u00e9 rehauss\u00e9 de touches de rose arctique en fait la chaussure id\u00e9ale pour les jeunes. Gr\u00e2ce \u00e0 ses mat\u00e9riaux de haute qualit\u00e9, cette sneaker allie style et durabilit\u00e9. Affirmez votre style avec la Air Jordan 1 Mid White Light Arctic Pink (GS) de Jordan.<\/p>\n<p>Coloris\u00a0: Blanc\/Noir-Rose arctique clair<br \/>\nCode article\u00a0: 555112-103<br \/>\nTige\u00a0: Cuir synth\u00e9tique<br \/>\nSemelle interm\u00e9diaire\u00a0: Air<br \/>\nCouleur\u00a0: Noir<br \/>\nDesigner\u00a0: Peter Moore<br \/>\nSaison\u00a0: Automne<br \/>\nAnn\u00e9e de sortie\u00a0: 2020<\/p>\n<p>\u00c2ge\u00a0: Adulte<br \/>\nCouleur\u00a0: Noir\/Argent\/Vert<br \/>\nGenre\u00a0: Jeune<\/p>\n","protected":false},"excerpt":{"rendered":"<p>La Air Jordan 1 Mid White Light Arctic Pink (GS) est une sneaker tendance et styl\u00e9e sign\u00e9e Jordan. Son design blanc immacul\u00e9 rehauss\u00e9 de touches de rose arctique en fait la chaussure id\u00e9ale pour les jeunes. Gr\u00e2ce \u00e0 ses mat\u00e9riaux de haute qualit\u00e9, cette sneaker allie style et durabilit\u00e9. Affirmez votre style avec la Air [&hellip;]<\/p>\n","protected":false},"featured_media":771922,"comment_status":"open","ping_status":"closed","template":"","meta":[],"product_brand":[],"product_cat":[38880],"product_tag":[10750,38988,10776,11349,38875,10756,39039],"class_list":{"0":"post-771921","1":"product","2":"type-product","3":"status-publish","4":"has-post-thumbnail","6":"product_cat-jordan","7":"product_tag-athleisure-shoes","8":"product_tag-casual-shoes-for-kids","9":"product_tag-jordan","10":"product_tag-jordan-basketball-shoes","11":"product_tag-jordan-skateboard-shoes","12":"product_tag-retro-casual-shoes","13":"product_tag-sneakers-for-kids","15":"first","16":"instock","17":"taxable","18":"shipping-taxable","19":"purchasable","20":"product-type-simple"},"wcpa_form_fields":null,"yoast_head":"<!-- This site is optimized with the Yoast SEO plugin v26.5 - https:\/\/yoast.com\/wordpress\/plugins\/seo\/ -->\n<title>(Grade School) Air Jordan 1 Mid &#039;White Light Arctic Pink&#039; 555112-103 - TOURCRUISER PTE. LTD<\/title>\n<meta name=\"robots\" content=\"index, follow, max-snippet:-1, max-image-preview:large, max-video-preview:-1\" \/>\n<link rel=\"canonical\" href=\"https:\/\/tourcruiser.com\/fr\/products\/grade-school-air-jordan-1-mid-white-light-arctic-pink-555112-103\/\" \/>\n<meta property=\"og:locale\" content=\"fr_FR\" \/>\n<meta property=\"og:type\" content=\"article\" \/>\n<meta property=\"og:title\" content=\"(Grade School) Air Jordan 1 Mid &#039;White Light Arctic Pink&#039; 555112-103 - TOURCRUISER PTE. LTD\" \/>\n<meta property=\"og:description\" content=\"La Air Jordan 1 Mid White Light Arctic Pink (GS) est une sneaker tendance et styl\u00e9e sign\u00e9e Jordan. Son design blanc immacul\u00e9 rehauss\u00e9 de touches de rose arctique en fait la chaussure id\u00e9ale pour les jeunes. Gr\u00e2ce \u00e0 ses mat\u00e9riaux de haute qualit\u00e9, cette sneaker allie style et durabilit\u00e9. Affirmez votre style avec la Air [&hellip;]\" \/>\n<meta property=\"og:url\" content=\"https:\/\/tourcruiser.com\/fr\/products\/grade-school-air-jordan-1-mid-white-light-arctic-pink-555112-103\/\" \/>\n<meta property=\"og:site_name\" content=\"Tourcruiser Sneaker Store\" \/>\n<meta property=\"article:modified_time\" content=\"2026-04-17T15:21:08+00:00\" \/>\n<meta name=\"twitter:card\" content=\"summary_large_image\" \/>\n<meta name=\"twitter:image\" content=\"https:\/\/images.novelship.com\/product\/_grade_school__air_jordan_1_mid__white_light_arcti_0_98327.jpeg;https:\/\/images.novelship.com\/product\/_grade_school__air_jordan_1_mid__white_light_arcti_1_98327.jpeg;https:\/\/images.novelship.com\/product\/_grade_school__air_jordan_1_mid__white_light_arcti_2_98328.jpeg;https:\/\/images.novelship.com\/product\/_grade_school__air_jordan_1_mid__white_light_arcti_3_98328.jpeg;https:\/\/images.novelship.com\/product\/_grade_school__air_jordan_1_mid__white_light_arcti_4_98328.jpeg;https:\/\/images.novelship.com\/product\/_grade_school__air_jordan_1_mid__white_light_arcti_5_98328.jpeg;https:\/\/images.novelship.com\/product\/_grade_school__air_jordan_1_mid__white_light_arcti_6_98328.jpeg;https:\/\/images.novelship.com\/product\/_grade_school__air_jordan_1_mid__white_light_arcti_7_98328.jpeg\" \/>\n<meta name=\"twitter:label1\" content=\"Dur\u00e9e de lecture estim\u00e9e\" \/>\n\t<meta name=\"twitter:data1\" content=\"1 minute\" \/>\n<script type=\"application\/ld+json\" class=\"yoast-schema-graph\">{\"@context\":\"https:\/\/schema.org\",\"@graph\":[{\"@type\":\"WebPage\",\"@id\":\"https:\/\/tourcruiser.com\/fr\/products\/grade-school-air-jordan-1-mid-white-light-arctic-pink-555112-103\/\",\"url\":\"https:\/\/tourcruiser.com\/fr\/products\/grade-school-air-jordan-1-mid-white-light-arctic-pink-555112-103\/\",\"name\":\"(Grade School) Air Jordan 1 Mid 'White Light Arctic Pink' 555112-103 - TOURCRUISER PTE. LTD\",\"isPartOf\":{\"@id\":\"\/#website\"},\"primaryImageOfPage\":{\"@id\":\"https:\/\/tourcruiser.com\/fr\/products\/grade-school-air-jordan-1-mid-white-light-arctic-pink-555112-103\/#primaryimage\"},\"image\":{\"@id\":\"https:\/\/tourcruiser.com\/fr\/products\/grade-school-air-jordan-1-mid-white-light-arctic-pink-555112-103\/#primaryimage\"},\"thumbnailUrl\":\"https:\/\/images.novelship.com\/product\/_grade_school__air_jordan_1_mid__white_light_arcti_0_98327.jpeg;https:\/\/images.novelship.com\/product\/_grade_school__air_jordan_1_mid__white_light_arcti_1_98327.jpeg;https:\/\/images.novelship.com\/product\/_grade_school__air_jordan_1_mid__white_light_arcti_2_98328.jpeg;https:\/\/images.novelship.com\/product\/_grade_school__air_jordan_1_mid__white_light_arcti_3_98328.jpeg;https:\/\/images.novelship.com\/product\/_grade_school__air_jordan_1_mid__white_light_arcti_4_98328.jpeg;https:\/\/images.novelship.com\/product\/_grade_school__air_jordan_1_mid__white_light_arcti_5_98328.jpeg;https:\/\/images.novelship.com\/product\/_grade_school__air_jordan_1_mid__white_light_arcti_6_98328.jpeg;https:\/\/images.novelship.com\/product\/_grade_school__air_jordan_1_mid__white_light_arcti_7_98328.jpeg\",\"datePublished\":\"2026-04-16T10:15:04+00:00\",\"dateModified\":\"2026-04-17T15:21:08+00:00\",\"breadcrumb\":{\"@id\":\"https:\/\/tourcruiser.com\/fr\/products\/grade-school-air-jordan-1-mid-white-light-arctic-pink-555112-103\/#breadcrumb\"},\"inLanguage\":\"fr-FR\",\"potentialAction\":[{\"@type\":\"ReadAction\",\"target\":[\"https:\/\/tourcruiser.com\/fr\/products\/grade-school-air-jordan-1-mid-white-light-arctic-pink-555112-103\/\"]}]},{\"@type\":\"ImageObject\",\"inLanguage\":\"fr-FR\",\"@id\":\"https:\/\/tourcruiser.com\/fr\/products\/grade-school-air-jordan-1-mid-white-light-arctic-pink-555112-103\/#primaryimage\",\"url\":\"https:\/\/images.novelship.com\/product\/_grade_school__air_jordan_1_mid__white_light_arcti_0_98327.jpeg;https:\/\/images.novelship.com\/product\/_grade_school__air_jordan_1_mid__white_light_arcti_1_98327.jpeg;https:\/\/images.novelship.com\/product\/_grade_school__air_jordan_1_mid__white_light_arcti_2_98328.jpeg;https:\/\/images.novelship.com\/product\/_grade_school__air_jordan_1_mid__white_light_arcti_3_98328.jpeg;https:\/\/images.novelship.com\/product\/_grade_school__air_jordan_1_mid__white_light_arcti_4_98328.jpeg;https:\/\/images.novelship.com\/product\/_grade_school__air_jordan_1_mid__white_light_arcti_5_98328.jpeg;https:\/\/images.novelship.com\/product\/_grade_school__air_jordan_1_mid__white_light_arcti_6_98328.jpeg;https:\/\/images.novelship.com\/product\/_grade_school__air_jordan_1_mid__white_light_arcti_7_98328.jpeg\",\"contentUrl\":\"https:\/\/images.novelship.com\/product\/_grade_school__air_jordan_1_mid__white_light_arcti_0_98327.jpeg;https:\/\/images.novelship.com\/product\/_grade_school__air_jordan_1_mid__white_light_arcti_1_98327.jpeg;https:\/\/images.novelship.com\/product\/_grade_school__air_jordan_1_mid__white_light_arcti_2_98328.jpeg;https:\/\/images.novelship.com\/product\/_grade_school__air_jordan_1_mid__white_light_arcti_3_98328.jpeg;https:\/\/images.novelship.com\/product\/_grade_school__air_jordan_1_mid__white_light_arcti_4_98328.jpeg;https:\/\/images.novelship.com\/product\/_grade_school__air_jordan_1_mid__white_light_arcti_5_98328.jpeg;https:\/\/images.novelship.com\/product\/_grade_school__air_jordan_1_mid__white_light_arcti_6_98328.jpeg;https:\/\/images.novelship.com\/product\/_grade_school__air_jordan_1_mid__white_light_arcti_7_98328.jpeg\"},{\"@type\":\"BreadcrumbList\",\"@id\":\"https:\/\/tourcruiser.com\/fr\/products\/grade-school-air-jordan-1-mid-white-light-arctic-pink-555112-103\/#breadcrumb\",\"itemListElement\":[{\"@type\":\"ListItem\",\"position\":1,\"name\":\"Home\",\"item\":\"https:\/\/tourcruiser.com\/fr\/\"},{\"@type\":\"ListItem\",\"position\":2,\"name\":\"Shop\",\"item\":\"https:\/\/tourcruiser.com\/fr\/shop\/\"},{\"@type\":\"ListItem\",\"position\":3,\"name\":\"(Grade School) Air Jordan 1 Mid &#8216;White Light Arctic Pink&#8217; 555112-103\"}]},{\"@type\":\"WebSite\",\"@id\":\"\/#website\",\"url\":\"\/\",\"name\":\"Styloral Jewelry Shop\",\"description\":\"Tourcruiser Sneaker Store \u2014 L\u2019endroit o\u00f9 l\u2019univers rencontre votre singularit\u00e9.\",\"publisher\":{\"@id\":\"\/#organization\"},\"potentialAction\":[{\"@type\":\"SearchAction\",\"target\":{\"@type\":\"EntryPoint\",\"urlTemplate\":\"\/?s={search_term_string}\"},\"query-input\":{\"@type\":\"PropertyValueSpecification\",\"valueRequired\":true,\"valueName\":\"search_term_string\"}}],\"inLanguage\":\"fr-FR\"},{\"@type\":\"Organization\",\"@id\":\"\/#organization\",\"name\":\"STYLORAL PTE. LTD\",\"url\":\"\/\",\"logo\":{\"@type\":\"ImageObject\",\"inLanguage\":\"fr-FR\",\"@id\":\"\/#\/schema\/logo\/image\/\",\"url\":\"https:\/\/www.tourcruiser.com\/wp-content\/uploads\/2025\/12\/logo.png\",\"contentUrl\":\"https:\/\/www.tourcruiser.com\/wp-content\/uploads\/2025\/12\/logo.png\",\"width\":200,\"height\":65,\"caption\":\"STYLORAL PTE. LTD\"},\"image\":{\"@id\":\"\/#\/schema\/logo\/image\/\"}}]}<\/script>\n<!-- \/ Yoast SEO plugin. -->","yoast_head_json":{"title":"(Grade School) Air Jordan 1 Mid 'White Light Arctic Pink' 555112-103 - TOURCRUISER PTE. LTD","robots":{"index":"index","follow":"follow","max-snippet":"max-snippet:-1","max-image-preview":"max-image-preview:large","max-video-preview":"max-video-preview:-1"},"canonical":"https:\/\/tourcruiser.com\/fr\/products\/grade-school-air-jordan-1-mid-white-light-arctic-pink-555112-103\/","og_locale":"fr_FR","og_type":"article","og_title":"(Grade School) Air Jordan 1 Mid 'White Light Arctic Pink' 555112-103 - TOURCRUISER PTE. LTD","og_description":"La Air Jordan 1 Mid White Light Arctic Pink (GS) est une sneaker tendance et styl\u00e9e sign\u00e9e Jordan. Son design blanc immacul\u00e9 rehauss\u00e9 de touches de rose arctique en fait la chaussure id\u00e9ale pour les jeunes. Gr\u00e2ce \u00e0 ses mat\u00e9riaux de haute qualit\u00e9, cette sneaker allie style et durabilit\u00e9. Affirmez votre style avec la Air [&hellip;]","og_url":"https:\/\/tourcruiser.com\/fr\/products\/grade-school-air-jordan-1-mid-white-light-arctic-pink-555112-103\/","og_site_name":"Tourcruiser Sneaker Store","article_modified_time":"2026-04-17T15:21:08+00:00","twitter_card":"summary_large_image","twitter_image":"https:\/\/images.novelship.com\/product\/_grade_school__air_jordan_1_mid__white_light_arcti_0_98327.jpeg;https:\/\/images.novelship.com\/product\/_grade_school__air_jordan_1_mid__white_light_arcti_1_98327.jpeg;https:\/\/images.novelship.com\/product\/_grade_school__air_jordan_1_mid__white_light_arcti_2_98328.jpeg;https:\/\/images.novelship.com\/product\/_grade_school__air_jordan_1_mid__white_light_arcti_3_98328.jpeg;https:\/\/images.novelship.com\/product\/_grade_school__air_jordan_1_mid__white_light_arcti_4_98328.jpeg;https:\/\/images.novelship.com\/product\/_grade_school__air_jordan_1_mid__white_light_arcti_5_98328.jpeg;https:\/\/images.novelship.com\/product\/_grade_school__air_jordan_1_mid__white_light_arcti_6_98328.jpeg;https:\/\/images.novelship.com\/product\/_grade_school__air_jordan_1_mid__white_light_arcti_7_98328.jpeg","twitter_misc":{"Dur\u00e9e de lecture estim\u00e9e":"1 minute"},"schema":{"@context":"https:\/\/schema.org","@graph":[{"@type":"WebPage","@id":"https:\/\/tourcruiser.com\/fr\/products\/grade-school-air-jordan-1-mid-white-light-arctic-pink-555112-103\/","url":"https:\/\/tourcruiser.com\/fr\/products\/grade-school-air-jordan-1-mid-white-light-arctic-pink-555112-103\/","name":"(Grade School) Air Jordan 1 Mid 'White Light Arctic Pink' 555112-103 - TOURCRUISER PTE. LTD","isPartOf":{"@id":"\/#website"},"primaryImageOfPage":{"@id":"https:\/\/tourcruiser.com\/fr\/products\/grade-school-air-jordan-1-mid-white-light-arctic-pink-555112-103\/#primaryimage"},"image":{"@id":"https:\/\/tourcruiser.com\/fr\/products\/grade-school-air-jordan-1-mid-white-light-arctic-pink-555112-103\/#primaryimage"},"thumbnailUrl":"https:\/\/images.novelship.com\/product\/_grade_school__air_jordan_1_mid__white_light_arcti_0_98327.jpeg;https:\/\/images.novelship.com\/product\/_grade_school__air_jordan_1_mid__white_light_arcti_1_98327.jpeg;https:\/\/images.novelship.com\/product\/_grade_school__air_jordan_1_mid__white_light_arcti_2_98328.jpeg;https:\/\/images.novelship.com\/product\/_grade_school__air_jordan_1_mid__white_light_arcti_3_98328.jpeg;https:\/\/images.novelship.com\/product\/_grade_school__air_jordan_1_mid__white_light_arcti_4_98328.jpeg;https:\/\/images.novelship.com\/product\/_grade_school__air_jordan_1_mid__white_light_arcti_5_98328.jpeg;https:\/\/images.novelship.com\/product\/_grade_school__air_jordan_1_mid__white_light_arcti_6_98328.jpeg;https:\/\/images.novelship.com\/product\/_grade_school__air_jordan_1_mid__white_light_arcti_7_98328.jpeg","datePublished":"2026-04-16T10:15:04+00:00","dateModified":"2026-04-17T15:21:08+00:00","breadcrumb":{"@id":"https:\/\/tourcruiser.com\/fr\/products\/grade-school-air-jordan-1-mid-white-light-arctic-pink-555112-103\/#breadcrumb"},"inLanguage":"fr-FR","potentialAction":[{"@type":"ReadAction","target":["https:\/\/tourcruiser.com\/fr\/products\/grade-school-air-jordan-1-mid-white-light-arctic-pink-555112-103\/"]}]},{"@type":"ImageObject","inLanguage":"fr-FR","@id":"https:\/\/tourcruiser.com\/fr\/products\/grade-school-air-jordan-1-mid-white-light-arctic-pink-555112-103\/#primaryimage","url":"https:\/\/images.novelship.com\/product\/_grade_school__air_jordan_1_mid__white_light_arcti_0_98327.jpeg;https:\/\/images.novelship.com\/product\/_grade_school__air_jordan_1_mid__white_light_arcti_1_98327.jpeg;https:\/\/images.novelship.com\/product\/_grade_school__air_jordan_1_mid__white_light_arcti_2_98328.jpeg;https:\/\/images.novelship.com\/product\/_grade_school__air_jordan_1_mid__white_light_arcti_3_98328.jpeg;https:\/\/images.novelship.com\/product\/_grade_school__air_jordan_1_mid__white_light_arcti_4_98328.jpeg;https:\/\/images.novelship.com\/product\/_grade_school__air_jordan_1_mid__white_light_arcti_5_98328.jpeg;https:\/\/images.novelship.com\/product\/_grade_school__air_jordan_1_mid__white_light_arcti_6_98328.jpeg;https:\/\/images.novelship.com\/product\/_grade_school__air_jordan_1_mid__white_light_arcti_7_98328.jpeg","contentUrl":"https:\/\/images.novelship.com\/product\/_grade_school__air_jordan_1_mid__white_light_arcti_0_98327.jpeg;https:\/\/images.novelship.com\/product\/_grade_school__air_jordan_1_mid__white_light_arcti_1_98327.jpeg;https:\/\/images.novelship.com\/product\/_grade_school__air_jordan_1_mid__white_light_arcti_2_98328.jpeg;https:\/\/images.novelship.com\/product\/_grade_school__air_jordan_1_mid__white_light_arcti_3_98328.jpeg;https:\/\/images.novelship.com\/product\/_grade_school__air_jordan_1_mid__white_light_arcti_4_98328.jpeg;https:\/\/images.novelship.com\/product\/_grade_school__air_jordan_1_mid__white_light_arcti_5_98328.jpeg;https:\/\/images.novelship.com\/product\/_grade_school__air_jordan_1_mid__white_light_arcti_6_98328.jpeg;https:\/\/images.novelship.com\/product\/_grade_school__air_jordan_1_mid__white_light_arcti_7_98328.jpeg"},{"@type":"BreadcrumbList","@id":"https:\/\/tourcruiser.com\/fr\/products\/grade-school-air-jordan-1-mid-white-light-arctic-pink-555112-103\/#breadcrumb","itemListElement":[{"@type":"ListItem","position":1,"name":"Home","item":"https:\/\/tourcruiser.com\/fr\/"},{"@type":"ListItem","position":2,"name":"Shop","item":"https:\/\/tourcruiser.com\/fr\/shop\/"},{"@type":"ListItem","position":3,"name":"(Grade School) Air Jordan 1 Mid &#8216;White Light Arctic Pink&#8217; 555112-103"}]},{"@type":"WebSite","@id":"\/#website","url":"\/","name":"Styloral Jewelry Shop","description":"Tourcruiser Sneaker Store \u2014 L\u2019endroit o\u00f9 l\u2019univers rencontre votre singularit\u00e9.","publisher":{"@id":"\/#organization"},"potentialAction":[{"@type":"SearchAction","target":{"@type":"EntryPoint","urlTemplate":"\/?s={search_term_string}"},"query-input":{"@type":"PropertyValueSpecification","valueRequired":true,"valueName":"search_term_string"}}],"inLanguage":"fr-FR"},{"@type":"Organization","@id":"\/#organization","name":"STYLORAL PTE. LTD","url":"\/","logo":{"@type":"ImageObject","inLanguage":"fr-FR","@id":"\/#\/schema\/logo\/image\/","url":"https:\/\/www.tourcruiser.com\/wp-content\/uploads\/2025\/12\/logo.png","contentUrl":"https:\/\/www.tourcruiser.com\/wp-content\/uploads\/2025\/12\/logo.png","width":200,"height":65,"caption":"STYLORAL PTE. LTD"},"image":{"@id":"\/#\/schema\/logo\/image\/"}}]}},"_links":{"self":[{"href":"https:\/\/tourcruiser.com\/fr\/wp-json\/wp\/v2\/product\/771921","targetHints":{"allow":["GET"]}}],"collection":[{"href":"https:\/\/tourcruiser.com\/fr\/wp-json\/wp\/v2\/product"}],"about":[{"href":"https:\/\/tourcruiser.com\/fr\/wp-json\/wp\/v2\/types\/product"}],"replies":[{"embeddable":true,"href":"https:\/\/tourcruiser.com\/fr\/wp-json\/wp\/v2\/comments?post=771921"}],"wp:featuredmedia":[{"embeddable":true,"href":"https:\/\/tourcruiser.com\/fr\/wp-json\/wp\/v2\/media\/771922"}],"wp:attachment":[{"href":"https:\/\/tourcruiser.com\/fr\/wp-json\/wp\/v2\/media?parent=771921"}],"wp:term":[{"taxonomy":"product_brand","embeddable":true,"href":"https:\/\/tourcruiser.com\/fr\/wp-json\/wp\/v2\/product_brand?post=771921"},{"taxonomy":"product_cat","embeddable":true,"href":"https:\/\/tourcruiser.com\/fr\/wp-json\/wp\/v2\/product_cat?post=771921"},{"taxonomy":"product_tag","embeddable":true,"href":"https:\/\/tourcruiser.com\/fr\/wp-json\/wp\/v2\/product_tag?post=771921"}],"curies":[{"name":"wp","href":"https:\/\/api.w.org\/{rel}","templated":true}]}}