{"id":771819,"date":"2026-04-16T17:14:59","date_gmt":"2026-04-16T10:14:59","guid":{"rendered":"http:\/\/tourcruiser.com\/product\/grade-school-air-jordan-1-low-se-arctic-punch-cv9844-600"},"modified":"2026-04-17T23:05:29","modified_gmt":"2026-04-17T16:05:29","slug":"grade-school-air-jordan-1-low-se-arctic-punch-cv9844-600","status":"publish","type":"product","link":"https:\/\/tourcruiser.com\/fr\/products\/grade-school-air-jordan-1-low-se-arctic-punch-cv9844-600\/","title":{"rendered":"(Grade School) Air Jordan 1 Low SE &lsquo;Arctic Punch&rsquo; CV9844-600"},"content":{"rendered":"<p>D\u00e9couvrez la Air Jordan 1 Low SE Arctic Punch (GS) de Jordan. Cette sneaker allie style et confort, id\u00e9ale en toutes circonstances. Son coloris Arctic Punch audacieux et saisissant ne manquera pas d&rsquo;attirer les regards. La Air Jordan 1 Low SE arbore un design bas \u00e9l\u00e9gant et ses mat\u00e9riaux haut de gamme garantissent une durabilit\u00e9 optimale. Affirmez votre style avec ces chaussures tendance sign\u00e9es Jordan.<\/p>\n<p>Coloris : Arctic Punch\/Purple Pulse\/Blanc<\/p>\n<p>Code article : CV9844-600<\/p>\n<p>Tige : Polyur\u00e9thane\/Cuir PU<\/p>\n<p>Semelle interm\u00e9diaire : Air<\/p>\n<p>Couleur : Rose<\/p>\n<p>Designer : Peter Moore<\/p>\n<p>Saison : Printemps<\/p>\n<p>Ann\u00e9e de sortie : 2021<\/p>\n<p>\u00c2ge : Adulte<\/p>\n<p>Couleur : Blanc\/Noir-Gris Froid-Blanc<\/p>\n<p>Genre : Jeune<\/p>\n","protected":false},"excerpt":{"rendered":"<p>D\u00e9couvrez la Air Jordan 1 Low SE Arctic Punch (GS) de Jordan. Cette sneaker allie style et confort, id\u00e9ale en toutes circonstances. Son coloris Arctic Punch audacieux et saisissant ne manquera pas d&rsquo;attirer les regards. La Air Jordan 1 Low SE arbore un design bas \u00e9l\u00e9gant et ses mat\u00e9riaux haut de gamme garantissent une durabilit\u00e9 [&hellip;]<\/p>\n","protected":false},"featured_media":771820,"comment_status":"open","ping_status":"closed","template":"","meta":[],"product_brand":[],"product_cat":[38880],"product_tag":[10750,38988,38874,10776,38875,10756,39039,38902,39636],"class_list":{"0":"post-771819","1":"product","2":"type-product","3":"status-publish","4":"has-post-thumbnail","6":"product_cat-jordan","7":"product_tag-athleisure-shoes","8":"product_tag-casual-shoes-for-kids","9":"product_tag-hari-raya-gs","10":"product_tag-jordan","11":"product_tag-jordan-skateboard-shoes","12":"product_tag-retro-casual-shoes","13":"product_tag-sneakers-for-kids","14":"product_tag-trendy-offers","15":"product_tag-trendy-offers-under-150","17":"first","18":"instock","19":"taxable","20":"shipping-taxable","21":"purchasable","22":"product-type-simple"},"wcpa_form_fields":null,"yoast_head":"<!-- This site is optimized with the Yoast SEO plugin v26.5 - https:\/\/yoast.com\/wordpress\/plugins\/seo\/ -->\n<title>(Grade School) Air Jordan 1 Low SE &#039;Arctic Punch&#039; CV9844-600 - TOURCRUISER PTE. LTD<\/title>\n<meta name=\"robots\" content=\"index, follow, max-snippet:-1, max-image-preview:large, max-video-preview:-1\" \/>\n<link rel=\"canonical\" href=\"https:\/\/tourcruiser.com\/fr\/products\/grade-school-air-jordan-1-low-se-arctic-punch-cv9844-600\/\" \/>\n<meta property=\"og:locale\" content=\"fr_FR\" \/>\n<meta property=\"og:type\" content=\"article\" \/>\n<meta property=\"og:title\" content=\"(Grade School) Air Jordan 1 Low SE &#039;Arctic Punch&#039; CV9844-600 - TOURCRUISER PTE. LTD\" \/>\n<meta property=\"og:description\" content=\"D\u00e9couvrez la Air Jordan 1 Low SE Arctic Punch (GS) de Jordan. Cette sneaker allie style et confort, id\u00e9ale en toutes circonstances. Son coloris Arctic Punch audacieux et saisissant ne manquera pas d&rsquo;attirer les regards. La Air Jordan 1 Low SE arbore un design bas \u00e9l\u00e9gant et ses mat\u00e9riaux haut de gamme garantissent une durabilit\u00e9 [&hellip;]\" \/>\n<meta property=\"og:url\" content=\"https:\/\/tourcruiser.com\/fr\/products\/grade-school-air-jordan-1-low-se-arctic-punch-cv9844-600\/\" \/>\n<meta property=\"og:site_name\" content=\"Tourcruiser Sneaker Store\" \/>\n<meta property=\"article:modified_time\" content=\"2026-04-17T16:05:29+00:00\" \/>\n<meta name=\"twitter:card\" content=\"summary_large_image\" \/>\n<meta name=\"twitter:image\" content=\"https:\/\/images.novelship.com\/product\/_grade_school__air_jordan_1_low_se__arctic_punch___0_12592.jpeg;https:\/\/images.novelship.com\/product\/_grade_school__air_jordan_1_low_se__arctic_punch___1_12592.jpeg;https:\/\/images.novelship.com\/product\/_grade_school__air_jordan_1_low_se__arctic_punch___2_12592.jpeg;https:\/\/images.novelship.com\/product\/_grade_school__air_jordan_1_low_se__arctic_punch___3_12592.jpeg;https:\/\/images.novelship.com\/product\/_grade_school__air_jordan_1_low_se__arctic_punch___4_12592.jpeg;https:\/\/images.novelship.com\/product\/_grade_school__air_jordan_1_low_se__arctic_punch___5_12592.jpeg;https:\/\/images.novelship.com\/product\/_grade_school__air_jordan_1_low_se__arctic_punch___6_12592.jpeg;https:\/\/images.novelship.com\/product\/_grade_school__air_jordan_1_low_se__arctic_punch___7_12592.jpeg\" \/>\n<meta name=\"twitter:label1\" content=\"Dur\u00e9e de lecture estim\u00e9e\" \/>\n\t<meta name=\"twitter:data1\" content=\"1 minute\" \/>\n<script type=\"application\/ld+json\" class=\"yoast-schema-graph\">{\"@context\":\"https:\/\/schema.org\",\"@graph\":[{\"@type\":\"WebPage\",\"@id\":\"https:\/\/tourcruiser.com\/fr\/products\/grade-school-air-jordan-1-low-se-arctic-punch-cv9844-600\/\",\"url\":\"https:\/\/tourcruiser.com\/fr\/products\/grade-school-air-jordan-1-low-se-arctic-punch-cv9844-600\/\",\"name\":\"(Grade School) Air Jordan 1 Low SE 'Arctic Punch' CV9844-600 - TOURCRUISER PTE. LTD\",\"isPartOf\":{\"@id\":\"\/#website\"},\"primaryImageOfPage\":{\"@id\":\"https:\/\/tourcruiser.com\/fr\/products\/grade-school-air-jordan-1-low-se-arctic-punch-cv9844-600\/#primaryimage\"},\"image\":{\"@id\":\"https:\/\/tourcruiser.com\/fr\/products\/grade-school-air-jordan-1-low-se-arctic-punch-cv9844-600\/#primaryimage\"},\"thumbnailUrl\":\"https:\/\/images.novelship.com\/product\/_grade_school__air_jordan_1_low_se__arctic_punch___0_12592.jpeg;https:\/\/images.novelship.com\/product\/_grade_school__air_jordan_1_low_se__arctic_punch___1_12592.jpeg;https:\/\/images.novelship.com\/product\/_grade_school__air_jordan_1_low_se__arctic_punch___2_12592.jpeg;https:\/\/images.novelship.com\/product\/_grade_school__air_jordan_1_low_se__arctic_punch___3_12592.jpeg;https:\/\/images.novelship.com\/product\/_grade_school__air_jordan_1_low_se__arctic_punch___4_12592.jpeg;https:\/\/images.novelship.com\/product\/_grade_school__air_jordan_1_low_se__arctic_punch___5_12592.jpeg;https:\/\/images.novelship.com\/product\/_grade_school__air_jordan_1_low_se__arctic_punch___6_12592.jpeg;https:\/\/images.novelship.com\/product\/_grade_school__air_jordan_1_low_se__arctic_punch___7_12592.jpeg\",\"datePublished\":\"2026-04-16T10:14:59+00:00\",\"dateModified\":\"2026-04-17T16:05:29+00:00\",\"breadcrumb\":{\"@id\":\"https:\/\/tourcruiser.com\/fr\/products\/grade-school-air-jordan-1-low-se-arctic-punch-cv9844-600\/#breadcrumb\"},\"inLanguage\":\"fr-FR\",\"potentialAction\":[{\"@type\":\"ReadAction\",\"target\":[\"https:\/\/tourcruiser.com\/fr\/products\/grade-school-air-jordan-1-low-se-arctic-punch-cv9844-600\/\"]}]},{\"@type\":\"ImageObject\",\"inLanguage\":\"fr-FR\",\"@id\":\"https:\/\/tourcruiser.com\/fr\/products\/grade-school-air-jordan-1-low-se-arctic-punch-cv9844-600\/#primaryimage\",\"url\":\"https:\/\/images.novelship.com\/product\/_grade_school__air_jordan_1_low_se__arctic_punch___0_12592.jpeg;https:\/\/images.novelship.com\/product\/_grade_school__air_jordan_1_low_se__arctic_punch___1_12592.jpeg;https:\/\/images.novelship.com\/product\/_grade_school__air_jordan_1_low_se__arctic_punch___2_12592.jpeg;https:\/\/images.novelship.com\/product\/_grade_school__air_jordan_1_low_se__arctic_punch___3_12592.jpeg;https:\/\/images.novelship.com\/product\/_grade_school__air_jordan_1_low_se__arctic_punch___4_12592.jpeg;https:\/\/images.novelship.com\/product\/_grade_school__air_jordan_1_low_se__arctic_punch___5_12592.jpeg;https:\/\/images.novelship.com\/product\/_grade_school__air_jordan_1_low_se__arctic_punch___6_12592.jpeg;https:\/\/images.novelship.com\/product\/_grade_school__air_jordan_1_low_se__arctic_punch___7_12592.jpeg\",\"contentUrl\":\"https:\/\/images.novelship.com\/product\/_grade_school__air_jordan_1_low_se__arctic_punch___0_12592.jpeg;https:\/\/images.novelship.com\/product\/_grade_school__air_jordan_1_low_se__arctic_punch___1_12592.jpeg;https:\/\/images.novelship.com\/product\/_grade_school__air_jordan_1_low_se__arctic_punch___2_12592.jpeg;https:\/\/images.novelship.com\/product\/_grade_school__air_jordan_1_low_se__arctic_punch___3_12592.jpeg;https:\/\/images.novelship.com\/product\/_grade_school__air_jordan_1_low_se__arctic_punch___4_12592.jpeg;https:\/\/images.novelship.com\/product\/_grade_school__air_jordan_1_low_se__arctic_punch___5_12592.jpeg;https:\/\/images.novelship.com\/product\/_grade_school__air_jordan_1_low_se__arctic_punch___6_12592.jpeg;https:\/\/images.novelship.com\/product\/_grade_school__air_jordan_1_low_se__arctic_punch___7_12592.jpeg\"},{\"@type\":\"BreadcrumbList\",\"@id\":\"https:\/\/tourcruiser.com\/fr\/products\/grade-school-air-jordan-1-low-se-arctic-punch-cv9844-600\/#breadcrumb\",\"itemListElement\":[{\"@type\":\"ListItem\",\"position\":1,\"name\":\"Home\",\"item\":\"https:\/\/tourcruiser.com\/fr\/\"},{\"@type\":\"ListItem\",\"position\":2,\"name\":\"Shop\",\"item\":\"https:\/\/tourcruiser.com\/fr\/shop\/\"},{\"@type\":\"ListItem\",\"position\":3,\"name\":\"(Grade School) Air Jordan 1 Low SE &#8216;Arctic Punch&#8217; CV9844-600\"}]},{\"@type\":\"WebSite\",\"@id\":\"\/#website\",\"url\":\"\/\",\"name\":\"Styloral Jewelry Shop\",\"description\":\"Tourcruiser Sneaker Store \u2014 L\u2019endroit o\u00f9 l\u2019univers rencontre votre singularit\u00e9.\",\"publisher\":{\"@id\":\"\/#organization\"},\"potentialAction\":[{\"@type\":\"SearchAction\",\"target\":{\"@type\":\"EntryPoint\",\"urlTemplate\":\"\/?s={search_term_string}\"},\"query-input\":{\"@type\":\"PropertyValueSpecification\",\"valueRequired\":true,\"valueName\":\"search_term_string\"}}],\"inLanguage\":\"fr-FR\"},{\"@type\":\"Organization\",\"@id\":\"\/#organization\",\"name\":\"STYLORAL PTE. LTD\",\"url\":\"\/\",\"logo\":{\"@type\":\"ImageObject\",\"inLanguage\":\"fr-FR\",\"@id\":\"\/#\/schema\/logo\/image\/\",\"url\":\"https:\/\/www.tourcruiser.com\/wp-content\/uploads\/2025\/12\/logo.png\",\"contentUrl\":\"https:\/\/www.tourcruiser.com\/wp-content\/uploads\/2025\/12\/logo.png\",\"width\":200,\"height\":65,\"caption\":\"STYLORAL PTE. LTD\"},\"image\":{\"@id\":\"\/#\/schema\/logo\/image\/\"}}]}<\/script>\n<!-- \/ Yoast SEO plugin. -->","yoast_head_json":{"title":"(Grade School) Air Jordan 1 Low SE 'Arctic Punch' CV9844-600 - TOURCRUISER PTE. LTD","robots":{"index":"index","follow":"follow","max-snippet":"max-snippet:-1","max-image-preview":"max-image-preview:large","max-video-preview":"max-video-preview:-1"},"canonical":"https:\/\/tourcruiser.com\/fr\/products\/grade-school-air-jordan-1-low-se-arctic-punch-cv9844-600\/","og_locale":"fr_FR","og_type":"article","og_title":"(Grade School) Air Jordan 1 Low SE 'Arctic Punch' CV9844-600 - TOURCRUISER PTE. LTD","og_description":"D\u00e9couvrez la Air Jordan 1 Low SE Arctic Punch (GS) de Jordan. Cette sneaker allie style et confort, id\u00e9ale en toutes circonstances. Son coloris Arctic Punch audacieux et saisissant ne manquera pas d&rsquo;attirer les regards. La Air Jordan 1 Low SE arbore un design bas \u00e9l\u00e9gant et ses mat\u00e9riaux haut de gamme garantissent une durabilit\u00e9 [&hellip;]","og_url":"https:\/\/tourcruiser.com\/fr\/products\/grade-school-air-jordan-1-low-se-arctic-punch-cv9844-600\/","og_site_name":"Tourcruiser Sneaker Store","article_modified_time":"2026-04-17T16:05:29+00:00","twitter_card":"summary_large_image","twitter_image":"https:\/\/images.novelship.com\/product\/_grade_school__air_jordan_1_low_se__arctic_punch___0_12592.jpeg;https:\/\/images.novelship.com\/product\/_grade_school__air_jordan_1_low_se__arctic_punch___1_12592.jpeg;https:\/\/images.novelship.com\/product\/_grade_school__air_jordan_1_low_se__arctic_punch___2_12592.jpeg;https:\/\/images.novelship.com\/product\/_grade_school__air_jordan_1_low_se__arctic_punch___3_12592.jpeg;https:\/\/images.novelship.com\/product\/_grade_school__air_jordan_1_low_se__arctic_punch___4_12592.jpeg;https:\/\/images.novelship.com\/product\/_grade_school__air_jordan_1_low_se__arctic_punch___5_12592.jpeg;https:\/\/images.novelship.com\/product\/_grade_school__air_jordan_1_low_se__arctic_punch___6_12592.jpeg;https:\/\/images.novelship.com\/product\/_grade_school__air_jordan_1_low_se__arctic_punch___7_12592.jpeg","twitter_misc":{"Dur\u00e9e de lecture estim\u00e9e":"1 minute"},"schema":{"@context":"https:\/\/schema.org","@graph":[{"@type":"WebPage","@id":"https:\/\/tourcruiser.com\/fr\/products\/grade-school-air-jordan-1-low-se-arctic-punch-cv9844-600\/","url":"https:\/\/tourcruiser.com\/fr\/products\/grade-school-air-jordan-1-low-se-arctic-punch-cv9844-600\/","name":"(Grade School) Air Jordan 1 Low SE 'Arctic Punch' CV9844-600 - TOURCRUISER PTE. LTD","isPartOf":{"@id":"\/#website"},"primaryImageOfPage":{"@id":"https:\/\/tourcruiser.com\/fr\/products\/grade-school-air-jordan-1-low-se-arctic-punch-cv9844-600\/#primaryimage"},"image":{"@id":"https:\/\/tourcruiser.com\/fr\/products\/grade-school-air-jordan-1-low-se-arctic-punch-cv9844-600\/#primaryimage"},"thumbnailUrl":"https:\/\/images.novelship.com\/product\/_grade_school__air_jordan_1_low_se__arctic_punch___0_12592.jpeg;https:\/\/images.novelship.com\/product\/_grade_school__air_jordan_1_low_se__arctic_punch___1_12592.jpeg;https:\/\/images.novelship.com\/product\/_grade_school__air_jordan_1_low_se__arctic_punch___2_12592.jpeg;https:\/\/images.novelship.com\/product\/_grade_school__air_jordan_1_low_se__arctic_punch___3_12592.jpeg;https:\/\/images.novelship.com\/product\/_grade_school__air_jordan_1_low_se__arctic_punch___4_12592.jpeg;https:\/\/images.novelship.com\/product\/_grade_school__air_jordan_1_low_se__arctic_punch___5_12592.jpeg;https:\/\/images.novelship.com\/product\/_grade_school__air_jordan_1_low_se__arctic_punch___6_12592.jpeg;https:\/\/images.novelship.com\/product\/_grade_school__air_jordan_1_low_se__arctic_punch___7_12592.jpeg","datePublished":"2026-04-16T10:14:59+00:00","dateModified":"2026-04-17T16:05:29+00:00","breadcrumb":{"@id":"https:\/\/tourcruiser.com\/fr\/products\/grade-school-air-jordan-1-low-se-arctic-punch-cv9844-600\/#breadcrumb"},"inLanguage":"fr-FR","potentialAction":[{"@type":"ReadAction","target":["https:\/\/tourcruiser.com\/fr\/products\/grade-school-air-jordan-1-low-se-arctic-punch-cv9844-600\/"]}]},{"@type":"ImageObject","inLanguage":"fr-FR","@id":"https:\/\/tourcruiser.com\/fr\/products\/grade-school-air-jordan-1-low-se-arctic-punch-cv9844-600\/#primaryimage","url":"https:\/\/images.novelship.com\/product\/_grade_school__air_jordan_1_low_se__arctic_punch___0_12592.jpeg;https:\/\/images.novelship.com\/product\/_grade_school__air_jordan_1_low_se__arctic_punch___1_12592.jpeg;https:\/\/images.novelship.com\/product\/_grade_school__air_jordan_1_low_se__arctic_punch___2_12592.jpeg;https:\/\/images.novelship.com\/product\/_grade_school__air_jordan_1_low_se__arctic_punch___3_12592.jpeg;https:\/\/images.novelship.com\/product\/_grade_school__air_jordan_1_low_se__arctic_punch___4_12592.jpeg;https:\/\/images.novelship.com\/product\/_grade_school__air_jordan_1_low_se__arctic_punch___5_12592.jpeg;https:\/\/images.novelship.com\/product\/_grade_school__air_jordan_1_low_se__arctic_punch___6_12592.jpeg;https:\/\/images.novelship.com\/product\/_grade_school__air_jordan_1_low_se__arctic_punch___7_12592.jpeg","contentUrl":"https:\/\/images.novelship.com\/product\/_grade_school__air_jordan_1_low_se__arctic_punch___0_12592.jpeg;https:\/\/images.novelship.com\/product\/_grade_school__air_jordan_1_low_se__arctic_punch___1_12592.jpeg;https:\/\/images.novelship.com\/product\/_grade_school__air_jordan_1_low_se__arctic_punch___2_12592.jpeg;https:\/\/images.novelship.com\/product\/_grade_school__air_jordan_1_low_se__arctic_punch___3_12592.jpeg;https:\/\/images.novelship.com\/product\/_grade_school__air_jordan_1_low_se__arctic_punch___4_12592.jpeg;https:\/\/images.novelship.com\/product\/_grade_school__air_jordan_1_low_se__arctic_punch___5_12592.jpeg;https:\/\/images.novelship.com\/product\/_grade_school__air_jordan_1_low_se__arctic_punch___6_12592.jpeg;https:\/\/images.novelship.com\/product\/_grade_school__air_jordan_1_low_se__arctic_punch___7_12592.jpeg"},{"@type":"BreadcrumbList","@id":"https:\/\/tourcruiser.com\/fr\/products\/grade-school-air-jordan-1-low-se-arctic-punch-cv9844-600\/#breadcrumb","itemListElement":[{"@type":"ListItem","position":1,"name":"Home","item":"https:\/\/tourcruiser.com\/fr\/"},{"@type":"ListItem","position":2,"name":"Shop","item":"https:\/\/tourcruiser.com\/fr\/shop\/"},{"@type":"ListItem","position":3,"name":"(Grade School) Air Jordan 1 Low SE &#8216;Arctic Punch&#8217; CV9844-600"}]},{"@type":"WebSite","@id":"\/#website","url":"\/","name":"Styloral Jewelry Shop","description":"Tourcruiser Sneaker Store \u2014 L\u2019endroit o\u00f9 l\u2019univers rencontre votre singularit\u00e9.","publisher":{"@id":"\/#organization"},"potentialAction":[{"@type":"SearchAction","target":{"@type":"EntryPoint","urlTemplate":"\/?s={search_term_string}"},"query-input":{"@type":"PropertyValueSpecification","valueRequired":true,"valueName":"search_term_string"}}],"inLanguage":"fr-FR"},{"@type":"Organization","@id":"\/#organization","name":"STYLORAL PTE. LTD","url":"\/","logo":{"@type":"ImageObject","inLanguage":"fr-FR","@id":"\/#\/schema\/logo\/image\/","url":"https:\/\/www.tourcruiser.com\/wp-content\/uploads\/2025\/12\/logo.png","contentUrl":"https:\/\/www.tourcruiser.com\/wp-content\/uploads\/2025\/12\/logo.png","width":200,"height":65,"caption":"STYLORAL PTE. LTD"},"image":{"@id":"\/#\/schema\/logo\/image\/"}}]}},"_links":{"self":[{"href":"https:\/\/tourcruiser.com\/fr\/wp-json\/wp\/v2\/product\/771819","targetHints":{"allow":["GET"]}}],"collection":[{"href":"https:\/\/tourcruiser.com\/fr\/wp-json\/wp\/v2\/product"}],"about":[{"href":"https:\/\/tourcruiser.com\/fr\/wp-json\/wp\/v2\/types\/product"}],"replies":[{"embeddable":true,"href":"https:\/\/tourcruiser.com\/fr\/wp-json\/wp\/v2\/comments?post=771819"}],"wp:featuredmedia":[{"embeddable":true,"href":"https:\/\/tourcruiser.com\/fr\/wp-json\/wp\/v2\/media\/771820"}],"wp:attachment":[{"href":"https:\/\/tourcruiser.com\/fr\/wp-json\/wp\/v2\/media?parent=771819"}],"wp:term":[{"taxonomy":"product_brand","embeddable":true,"href":"https:\/\/tourcruiser.com\/fr\/wp-json\/wp\/v2\/product_brand?post=771819"},{"taxonomy":"product_cat","embeddable":true,"href":"https:\/\/tourcruiser.com\/fr\/wp-json\/wp\/v2\/product_cat?post=771819"},{"taxonomy":"product_tag","embeddable":true,"href":"https:\/\/tourcruiser.com\/fr\/wp-json\/wp\/v2\/product_tag?post=771819"}],"curies":[{"name":"wp","href":"https:\/\/api.w.org\/{rel}","templated":true}]}}