{"id":771810,"date":"2026-04-16T17:14:59","date_gmt":"2026-04-16T10:14:59","guid":{"rendered":"http:\/\/tourcruiser.com\/product\/grade-school-air-jordan-1-low-multi-color-cv9548-100"},"modified":"2026-04-17T23:05:29","modified_gmt":"2026-04-17T16:05:29","slug":"grade-school-air-jordan-1-low-multi-color-cv9548-100","status":"publish","type":"product","link":"https:\/\/tourcruiser.com\/fr\/products\/grade-school-air-jordan-1-low-multi-color-cv9548-100\/","title":{"rendered":"(Grade School) Air Jordan 1 Low &lsquo;Multi-Color&rsquo; CV9548-100"},"content":{"rendered":"<p>D\u00e9couvrez la Air Jordan 1 Low Multi-Color (GS) de Jordan. Cette basket basse styl\u00e9e arbore un design multicolore qui apporte une touche de couleur \u00e0 toutes vos tenues. Confectionn\u00e9e avec des mat\u00e9riaux haut de gamme, elle offre un confort et une durabilit\u00e9 exceptionnels tout au long de la journ\u00e9e. Que vous recherchiez un look d\u00e9contract\u00e9 ou sportif, la Air Jordan 1 Low est un incontournable pour tous les fans de sneakers.<\/p>\n<p>Coloris\u00a0: Blanc\/Noir-Multicolore<\/p>\n<p>R\u00e9f\u00e9rence\u00a0: CV9548-100<\/p>\n<p>Semelle interm\u00e9diaire\u00a0: Air<\/p>\n<p>Couleur\u00a0: Blanc<\/p>\n<p>Designer\u00a0: Peter Moore<\/p>\n<p>Saison\u00a0: Printemps<\/p>\n<p>\u00c2ge\u00a0: Adulte<\/p>\n<p>Couleur\u00a0: Arctic Punch\/Purple Pulse\/Blanc<\/p>\n<p>Genre\u00a0: Enfant<\/p>\n","protected":false},"excerpt":{"rendered":"<p>D\u00e9couvrez la Air Jordan 1 Low Multi-Color (GS) de Jordan. Cette basket basse styl\u00e9e arbore un design multicolore qui apporte une touche de couleur \u00e0 toutes vos tenues. Confectionn\u00e9e avec des mat\u00e9riaux haut de gamme, elle offre un confort et une durabilit\u00e9 exceptionnels tout au long de la journ\u00e9e. Que vous recherchiez un look d\u00e9contract\u00e9 [&hellip;]<\/p>\n","protected":false},"featured_media":771811,"comment_status":"open","ping_status":"closed","template":"","meta":[],"product_brand":[],"product_cat":[38880],"product_tag":[10750,38988,38874,10776,38875,10756,39039],"class_list":{"0":"post-771810","1":"product","2":"type-product","3":"status-publish","4":"has-post-thumbnail","6":"product_cat-jordan","7":"product_tag-athleisure-shoes","8":"product_tag-casual-shoes-for-kids","9":"product_tag-hari-raya-gs","10":"product_tag-jordan","11":"product_tag-jordan-skateboard-shoes","12":"product_tag-retro-casual-shoes","13":"product_tag-sneakers-for-kids","15":"first","16":"instock","17":"taxable","18":"shipping-taxable","19":"purchasable","20":"product-type-simple"},"wcpa_form_fields":null,"yoast_head":"<!-- This site is optimized with the Yoast SEO plugin v26.5 - https:\/\/yoast.com\/wordpress\/plugins\/seo\/ -->\n<title>(Grade School) Air Jordan 1 Low &#039;Multi-Color&#039; CV9548-100 - TOURCRUISER PTE. LTD<\/title>\n<meta name=\"robots\" content=\"index, follow, max-snippet:-1, max-image-preview:large, max-video-preview:-1\" \/>\n<link rel=\"canonical\" href=\"https:\/\/tourcruiser.com\/fr\/products\/grade-school-air-jordan-1-low-multi-color-cv9548-100\/\" \/>\n<meta property=\"og:locale\" content=\"fr_FR\" \/>\n<meta property=\"og:type\" content=\"article\" \/>\n<meta property=\"og:title\" content=\"(Grade School) Air Jordan 1 Low &#039;Multi-Color&#039; CV9548-100 - TOURCRUISER PTE. LTD\" \/>\n<meta property=\"og:description\" content=\"D\u00e9couvrez la Air Jordan 1 Low Multi-Color (GS) de Jordan. Cette basket basse styl\u00e9e arbore un design multicolore qui apporte une touche de couleur \u00e0 toutes vos tenues. Confectionn\u00e9e avec des mat\u00e9riaux haut de gamme, elle offre un confort et une durabilit\u00e9 exceptionnels tout au long de la journ\u00e9e. Que vous recherchiez un look d\u00e9contract\u00e9 [&hellip;]\" \/>\n<meta property=\"og:url\" content=\"https:\/\/tourcruiser.com\/fr\/products\/grade-school-air-jordan-1-low-multi-color-cv9548-100\/\" \/>\n<meta property=\"og:site_name\" content=\"Tourcruiser Sneaker Store\" \/>\n<meta property=\"article:modified_time\" content=\"2026-04-17T16:05:29+00:00\" \/>\n<meta name=\"twitter:card\" content=\"summary_large_image\" \/>\n<meta name=\"twitter:image\" content=\"https:\/\/images.novelship.com\/product\/_grade_school__air_jordan_1_low__multi_color__cv95_0_36951.jpeg;https:\/\/images.novelship.com\/product\/_grade_school__air_jordan_1_low__multi_color__cv95_1_36951.jpeg;https:\/\/images.novelship.com\/product\/_grade_school__air_jordan_1_low__multi_color__cv95_2_36951.jpeg;https:\/\/images.novelship.com\/product\/_grade_school__air_jordan_1_low__multi_color__cv95_3_36951.jpeg;https:\/\/images.novelship.com\/product\/_grade_school__air_jordan_1_low__multi_color__cv95_4_36951.jpeg;https:\/\/images.novelship.com\/product\/_grade_school__air_jordan_1_low__multi_color__cv95_5_36951.jpeg;https:\/\/images.novelship.com\/product\/_grade_school__air_jordan_1_low__multi_color__cv95_6_36951.jpeg;https:\/\/images.novelship.com\/product\/_grade_school__air_jordan_1_low__multi_color__cv95_7_36951.jpeg\" \/>\n<meta name=\"twitter:label1\" content=\"Dur\u00e9e de lecture estim\u00e9e\" \/>\n\t<meta name=\"twitter:data1\" content=\"1 minute\" \/>\n<script type=\"application\/ld+json\" class=\"yoast-schema-graph\">{\"@context\":\"https:\/\/schema.org\",\"@graph\":[{\"@type\":\"WebPage\",\"@id\":\"https:\/\/tourcruiser.com\/fr\/products\/grade-school-air-jordan-1-low-multi-color-cv9548-100\/\",\"url\":\"https:\/\/tourcruiser.com\/fr\/products\/grade-school-air-jordan-1-low-multi-color-cv9548-100\/\",\"name\":\"(Grade School) Air Jordan 1 Low 'Multi-Color' CV9548-100 - TOURCRUISER PTE. LTD\",\"isPartOf\":{\"@id\":\"\/#website\"},\"primaryImageOfPage\":{\"@id\":\"https:\/\/tourcruiser.com\/fr\/products\/grade-school-air-jordan-1-low-multi-color-cv9548-100\/#primaryimage\"},\"image\":{\"@id\":\"https:\/\/tourcruiser.com\/fr\/products\/grade-school-air-jordan-1-low-multi-color-cv9548-100\/#primaryimage\"},\"thumbnailUrl\":\"https:\/\/images.novelship.com\/product\/_grade_school__air_jordan_1_low__multi_color__cv95_0_36951.jpeg;https:\/\/images.novelship.com\/product\/_grade_school__air_jordan_1_low__multi_color__cv95_1_36951.jpeg;https:\/\/images.novelship.com\/product\/_grade_school__air_jordan_1_low__multi_color__cv95_2_36951.jpeg;https:\/\/images.novelship.com\/product\/_grade_school__air_jordan_1_low__multi_color__cv95_3_36951.jpeg;https:\/\/images.novelship.com\/product\/_grade_school__air_jordan_1_low__multi_color__cv95_4_36951.jpeg;https:\/\/images.novelship.com\/product\/_grade_school__air_jordan_1_low__multi_color__cv95_5_36951.jpeg;https:\/\/images.novelship.com\/product\/_grade_school__air_jordan_1_low__multi_color__cv95_6_36951.jpeg;https:\/\/images.novelship.com\/product\/_grade_school__air_jordan_1_low__multi_color__cv95_7_36951.jpeg\",\"datePublished\":\"2026-04-16T10:14:59+00:00\",\"dateModified\":\"2026-04-17T16:05:29+00:00\",\"breadcrumb\":{\"@id\":\"https:\/\/tourcruiser.com\/fr\/products\/grade-school-air-jordan-1-low-multi-color-cv9548-100\/#breadcrumb\"},\"inLanguage\":\"fr-FR\",\"potentialAction\":[{\"@type\":\"ReadAction\",\"target\":[\"https:\/\/tourcruiser.com\/fr\/products\/grade-school-air-jordan-1-low-multi-color-cv9548-100\/\"]}]},{\"@type\":\"ImageObject\",\"inLanguage\":\"fr-FR\",\"@id\":\"https:\/\/tourcruiser.com\/fr\/products\/grade-school-air-jordan-1-low-multi-color-cv9548-100\/#primaryimage\",\"url\":\"https:\/\/images.novelship.com\/product\/_grade_school__air_jordan_1_low__multi_color__cv95_0_36951.jpeg;https:\/\/images.novelship.com\/product\/_grade_school__air_jordan_1_low__multi_color__cv95_1_36951.jpeg;https:\/\/images.novelship.com\/product\/_grade_school__air_jordan_1_low__multi_color__cv95_2_36951.jpeg;https:\/\/images.novelship.com\/product\/_grade_school__air_jordan_1_low__multi_color__cv95_3_36951.jpeg;https:\/\/images.novelship.com\/product\/_grade_school__air_jordan_1_low__multi_color__cv95_4_36951.jpeg;https:\/\/images.novelship.com\/product\/_grade_school__air_jordan_1_low__multi_color__cv95_5_36951.jpeg;https:\/\/images.novelship.com\/product\/_grade_school__air_jordan_1_low__multi_color__cv95_6_36951.jpeg;https:\/\/images.novelship.com\/product\/_grade_school__air_jordan_1_low__multi_color__cv95_7_36951.jpeg\",\"contentUrl\":\"https:\/\/images.novelship.com\/product\/_grade_school__air_jordan_1_low__multi_color__cv95_0_36951.jpeg;https:\/\/images.novelship.com\/product\/_grade_school__air_jordan_1_low__multi_color__cv95_1_36951.jpeg;https:\/\/images.novelship.com\/product\/_grade_school__air_jordan_1_low__multi_color__cv95_2_36951.jpeg;https:\/\/images.novelship.com\/product\/_grade_school__air_jordan_1_low__multi_color__cv95_3_36951.jpeg;https:\/\/images.novelship.com\/product\/_grade_school__air_jordan_1_low__multi_color__cv95_4_36951.jpeg;https:\/\/images.novelship.com\/product\/_grade_school__air_jordan_1_low__multi_color__cv95_5_36951.jpeg;https:\/\/images.novelship.com\/product\/_grade_school__air_jordan_1_low__multi_color__cv95_6_36951.jpeg;https:\/\/images.novelship.com\/product\/_grade_school__air_jordan_1_low__multi_color__cv95_7_36951.jpeg\"},{\"@type\":\"BreadcrumbList\",\"@id\":\"https:\/\/tourcruiser.com\/fr\/products\/grade-school-air-jordan-1-low-multi-color-cv9548-100\/#breadcrumb\",\"itemListElement\":[{\"@type\":\"ListItem\",\"position\":1,\"name\":\"Home\",\"item\":\"https:\/\/tourcruiser.com\/fr\/\"},{\"@type\":\"ListItem\",\"position\":2,\"name\":\"Shop\",\"item\":\"https:\/\/tourcruiser.com\/fr\/shop\/\"},{\"@type\":\"ListItem\",\"position\":3,\"name\":\"(Grade School) Air Jordan 1 Low &#8216;Multi-Color&#8217; CV9548-100\"}]},{\"@type\":\"WebSite\",\"@id\":\"\/#website\",\"url\":\"\/\",\"name\":\"Styloral Jewelry Shop\",\"description\":\"Tourcruiser Sneaker Store \u2014 L\u2019endroit o\u00f9 l\u2019univers rencontre votre singularit\u00e9.\",\"publisher\":{\"@id\":\"\/#organization\"},\"potentialAction\":[{\"@type\":\"SearchAction\",\"target\":{\"@type\":\"EntryPoint\",\"urlTemplate\":\"\/?s={search_term_string}\"},\"query-input\":{\"@type\":\"PropertyValueSpecification\",\"valueRequired\":true,\"valueName\":\"search_term_string\"}}],\"inLanguage\":\"fr-FR\"},{\"@type\":\"Organization\",\"@id\":\"\/#organization\",\"name\":\"STYLORAL PTE. LTD\",\"url\":\"\/\",\"logo\":{\"@type\":\"ImageObject\",\"inLanguage\":\"fr-FR\",\"@id\":\"\/#\/schema\/logo\/image\/\",\"url\":\"https:\/\/www.tourcruiser.com\/wp-content\/uploads\/2025\/12\/logo.png\",\"contentUrl\":\"https:\/\/www.tourcruiser.com\/wp-content\/uploads\/2025\/12\/logo.png\",\"width\":200,\"height\":65,\"caption\":\"STYLORAL PTE. LTD\"},\"image\":{\"@id\":\"\/#\/schema\/logo\/image\/\"}}]}<\/script>\n<!-- \/ Yoast SEO plugin. -->","yoast_head_json":{"title":"(Grade School) Air Jordan 1 Low 'Multi-Color' CV9548-100 - TOURCRUISER PTE. LTD","robots":{"index":"index","follow":"follow","max-snippet":"max-snippet:-1","max-image-preview":"max-image-preview:large","max-video-preview":"max-video-preview:-1"},"canonical":"https:\/\/tourcruiser.com\/fr\/products\/grade-school-air-jordan-1-low-multi-color-cv9548-100\/","og_locale":"fr_FR","og_type":"article","og_title":"(Grade School) Air Jordan 1 Low 'Multi-Color' CV9548-100 - TOURCRUISER PTE. LTD","og_description":"D\u00e9couvrez la Air Jordan 1 Low Multi-Color (GS) de Jordan. Cette basket basse styl\u00e9e arbore un design multicolore qui apporte une touche de couleur \u00e0 toutes vos tenues. Confectionn\u00e9e avec des mat\u00e9riaux haut de gamme, elle offre un confort et une durabilit\u00e9 exceptionnels tout au long de la journ\u00e9e. Que vous recherchiez un look d\u00e9contract\u00e9 [&hellip;]","og_url":"https:\/\/tourcruiser.com\/fr\/products\/grade-school-air-jordan-1-low-multi-color-cv9548-100\/","og_site_name":"Tourcruiser Sneaker Store","article_modified_time":"2026-04-17T16:05:29+00:00","twitter_card":"summary_large_image","twitter_image":"https:\/\/images.novelship.com\/product\/_grade_school__air_jordan_1_low__multi_color__cv95_0_36951.jpeg;https:\/\/images.novelship.com\/product\/_grade_school__air_jordan_1_low__multi_color__cv95_1_36951.jpeg;https:\/\/images.novelship.com\/product\/_grade_school__air_jordan_1_low__multi_color__cv95_2_36951.jpeg;https:\/\/images.novelship.com\/product\/_grade_school__air_jordan_1_low__multi_color__cv95_3_36951.jpeg;https:\/\/images.novelship.com\/product\/_grade_school__air_jordan_1_low__multi_color__cv95_4_36951.jpeg;https:\/\/images.novelship.com\/product\/_grade_school__air_jordan_1_low__multi_color__cv95_5_36951.jpeg;https:\/\/images.novelship.com\/product\/_grade_school__air_jordan_1_low__multi_color__cv95_6_36951.jpeg;https:\/\/images.novelship.com\/product\/_grade_school__air_jordan_1_low__multi_color__cv95_7_36951.jpeg","twitter_misc":{"Dur\u00e9e de lecture estim\u00e9e":"1 minute"},"schema":{"@context":"https:\/\/schema.org","@graph":[{"@type":"WebPage","@id":"https:\/\/tourcruiser.com\/fr\/products\/grade-school-air-jordan-1-low-multi-color-cv9548-100\/","url":"https:\/\/tourcruiser.com\/fr\/products\/grade-school-air-jordan-1-low-multi-color-cv9548-100\/","name":"(Grade School) Air Jordan 1 Low 'Multi-Color' CV9548-100 - TOURCRUISER PTE. LTD","isPartOf":{"@id":"\/#website"},"primaryImageOfPage":{"@id":"https:\/\/tourcruiser.com\/fr\/products\/grade-school-air-jordan-1-low-multi-color-cv9548-100\/#primaryimage"},"image":{"@id":"https:\/\/tourcruiser.com\/fr\/products\/grade-school-air-jordan-1-low-multi-color-cv9548-100\/#primaryimage"},"thumbnailUrl":"https:\/\/images.novelship.com\/product\/_grade_school__air_jordan_1_low__multi_color__cv95_0_36951.jpeg;https:\/\/images.novelship.com\/product\/_grade_school__air_jordan_1_low__multi_color__cv95_1_36951.jpeg;https:\/\/images.novelship.com\/product\/_grade_school__air_jordan_1_low__multi_color__cv95_2_36951.jpeg;https:\/\/images.novelship.com\/product\/_grade_school__air_jordan_1_low__multi_color__cv95_3_36951.jpeg;https:\/\/images.novelship.com\/product\/_grade_school__air_jordan_1_low__multi_color__cv95_4_36951.jpeg;https:\/\/images.novelship.com\/product\/_grade_school__air_jordan_1_low__multi_color__cv95_5_36951.jpeg;https:\/\/images.novelship.com\/product\/_grade_school__air_jordan_1_low__multi_color__cv95_6_36951.jpeg;https:\/\/images.novelship.com\/product\/_grade_school__air_jordan_1_low__multi_color__cv95_7_36951.jpeg","datePublished":"2026-04-16T10:14:59+00:00","dateModified":"2026-04-17T16:05:29+00:00","breadcrumb":{"@id":"https:\/\/tourcruiser.com\/fr\/products\/grade-school-air-jordan-1-low-multi-color-cv9548-100\/#breadcrumb"},"inLanguage":"fr-FR","potentialAction":[{"@type":"ReadAction","target":["https:\/\/tourcruiser.com\/fr\/products\/grade-school-air-jordan-1-low-multi-color-cv9548-100\/"]}]},{"@type":"ImageObject","inLanguage":"fr-FR","@id":"https:\/\/tourcruiser.com\/fr\/products\/grade-school-air-jordan-1-low-multi-color-cv9548-100\/#primaryimage","url":"https:\/\/images.novelship.com\/product\/_grade_school__air_jordan_1_low__multi_color__cv95_0_36951.jpeg;https:\/\/images.novelship.com\/product\/_grade_school__air_jordan_1_low__multi_color__cv95_1_36951.jpeg;https:\/\/images.novelship.com\/product\/_grade_school__air_jordan_1_low__multi_color__cv95_2_36951.jpeg;https:\/\/images.novelship.com\/product\/_grade_school__air_jordan_1_low__multi_color__cv95_3_36951.jpeg;https:\/\/images.novelship.com\/product\/_grade_school__air_jordan_1_low__multi_color__cv95_4_36951.jpeg;https:\/\/images.novelship.com\/product\/_grade_school__air_jordan_1_low__multi_color__cv95_5_36951.jpeg;https:\/\/images.novelship.com\/product\/_grade_school__air_jordan_1_low__multi_color__cv95_6_36951.jpeg;https:\/\/images.novelship.com\/product\/_grade_school__air_jordan_1_low__multi_color__cv95_7_36951.jpeg","contentUrl":"https:\/\/images.novelship.com\/product\/_grade_school__air_jordan_1_low__multi_color__cv95_0_36951.jpeg;https:\/\/images.novelship.com\/product\/_grade_school__air_jordan_1_low__multi_color__cv95_1_36951.jpeg;https:\/\/images.novelship.com\/product\/_grade_school__air_jordan_1_low__multi_color__cv95_2_36951.jpeg;https:\/\/images.novelship.com\/product\/_grade_school__air_jordan_1_low__multi_color__cv95_3_36951.jpeg;https:\/\/images.novelship.com\/product\/_grade_school__air_jordan_1_low__multi_color__cv95_4_36951.jpeg;https:\/\/images.novelship.com\/product\/_grade_school__air_jordan_1_low__multi_color__cv95_5_36951.jpeg;https:\/\/images.novelship.com\/product\/_grade_school__air_jordan_1_low__multi_color__cv95_6_36951.jpeg;https:\/\/images.novelship.com\/product\/_grade_school__air_jordan_1_low__multi_color__cv95_7_36951.jpeg"},{"@type":"BreadcrumbList","@id":"https:\/\/tourcruiser.com\/fr\/products\/grade-school-air-jordan-1-low-multi-color-cv9548-100\/#breadcrumb","itemListElement":[{"@type":"ListItem","position":1,"name":"Home","item":"https:\/\/tourcruiser.com\/fr\/"},{"@type":"ListItem","position":2,"name":"Shop","item":"https:\/\/tourcruiser.com\/fr\/shop\/"},{"@type":"ListItem","position":3,"name":"(Grade School) Air Jordan 1 Low &#8216;Multi-Color&#8217; CV9548-100"}]},{"@type":"WebSite","@id":"\/#website","url":"\/","name":"Styloral Jewelry Shop","description":"Tourcruiser Sneaker Store \u2014 L\u2019endroit o\u00f9 l\u2019univers rencontre votre singularit\u00e9.","publisher":{"@id":"\/#organization"},"potentialAction":[{"@type":"SearchAction","target":{"@type":"EntryPoint","urlTemplate":"\/?s={search_term_string}"},"query-input":{"@type":"PropertyValueSpecification","valueRequired":true,"valueName":"search_term_string"}}],"inLanguage":"fr-FR"},{"@type":"Organization","@id":"\/#organization","name":"STYLORAL PTE. LTD","url":"\/","logo":{"@type":"ImageObject","inLanguage":"fr-FR","@id":"\/#\/schema\/logo\/image\/","url":"https:\/\/www.tourcruiser.com\/wp-content\/uploads\/2025\/12\/logo.png","contentUrl":"https:\/\/www.tourcruiser.com\/wp-content\/uploads\/2025\/12\/logo.png","width":200,"height":65,"caption":"STYLORAL PTE. LTD"},"image":{"@id":"\/#\/schema\/logo\/image\/"}}]}},"_links":{"self":[{"href":"https:\/\/tourcruiser.com\/fr\/wp-json\/wp\/v2\/product\/771810","targetHints":{"allow":["GET"]}}],"collection":[{"href":"https:\/\/tourcruiser.com\/fr\/wp-json\/wp\/v2\/product"}],"about":[{"href":"https:\/\/tourcruiser.com\/fr\/wp-json\/wp\/v2\/types\/product"}],"replies":[{"embeddable":true,"href":"https:\/\/tourcruiser.com\/fr\/wp-json\/wp\/v2\/comments?post=771810"}],"wp:featuredmedia":[{"embeddable":true,"href":"https:\/\/tourcruiser.com\/fr\/wp-json\/wp\/v2\/media\/771811"}],"wp:attachment":[{"href":"https:\/\/tourcruiser.com\/fr\/wp-json\/wp\/v2\/media?parent=771810"}],"wp:term":[{"taxonomy":"product_brand","embeddable":true,"href":"https:\/\/tourcruiser.com\/fr\/wp-json\/wp\/v2\/product_brand?post=771810"},{"taxonomy":"product_cat","embeddable":true,"href":"https:\/\/tourcruiser.com\/fr\/wp-json\/wp\/v2\/product_cat?post=771810"},{"taxonomy":"product_tag","embeddable":true,"href":"https:\/\/tourcruiser.com\/fr\/wp-json\/wp\/v2\/product_tag?post=771810"}],"curies":[{"name":"wp","href":"https:\/\/api.w.org\/{rel}","templated":true}]}}