{"id":771763,"date":"2026-04-16T17:14:58","date_gmt":"2026-04-16T10:14:58","guid":{"rendered":"http:\/\/tourcruiser.com\/product\/grade-school-air-jordan-1-mid-se-varsity-purple-bq6931-105"},"modified":"2026-04-17T23:05:23","modified_gmt":"2026-04-17T16:05:23","slug":"grade-school-air-jordan-1-mid-se-varsity-purple-bq6931-105","status":"publish","type":"product","link":"https:\/\/tourcruiser.com\/fr\/products\/grade-school-air-jordan-1-mid-se-varsity-purple-bq6931-105\/","title":{"rendered":"(Grade School) Air Jordan 1 Mid SE &lsquo;Varsity Purple&rsquo; BQ6931-105"},"content":{"rendered":"<p>La Air Jordan 1 Mid SE Varsity Purple (GS), aussi appel\u00e9e Court Purple, est une chaussure styl\u00e9e et originale pour les jeunes. Con\u00e7ue par Jordan, elle arbore une teinte violette \u00e9clatante qui ne manquera pas d&rsquo;attirer les regards, sur le terrain comme en dehors. Ces sneakers apporteront une touche d&rsquo;originalit\u00e9 \u00e0 votre style.<\/p>\n<p>Coloris : Blanc\/Noir\/Gris Particule\/Violet Court<\/p>\n<p>Code article : BQ6931-105<\/p>\n<p>Tige : Cuir<\/p>\n<p>Semelle interm\u00e9diaire : Air<\/p>\n<p>Couleur : Multicolore<\/p>\n<p>Designer : Peter Moore<\/p>\n<p>Saison : Automne<\/p>\n<p>Ann\u00e9e de sortie : 2020<\/p>\n<p>\u00c2ge : Adulte<\/p>\n<p>Couleur : Naturel\/Lin\/Lait de Coco\/Marron Baroque<\/p>\n<p>Genre : Jeune<\/p>\n","protected":false},"excerpt":{"rendered":"<p>La Air Jordan 1 Mid SE Varsity Purple (GS), aussi appel\u00e9e Court Purple, est une chaussure styl\u00e9e et originale pour les jeunes. Con\u00e7ue par Jordan, elle arbore une teinte violette \u00e9clatante qui ne manquera pas d&rsquo;attirer les regards, sur le terrain comme en dehors. Ces sneakers apporteront une touche d&rsquo;originalit\u00e9 \u00e0 votre style. Coloris : [&hellip;]<\/p>\n","protected":false},"featured_media":771764,"comment_status":"open","ping_status":"closed","template":"","meta":[],"product_brand":[],"product_cat":[38880],"product_tag":[10750,38988,10776,11349,38875,10756,39039],"class_list":{"0":"post-771763","1":"product","2":"type-product","3":"status-publish","4":"has-post-thumbnail","6":"product_cat-jordan","7":"product_tag-athleisure-shoes","8":"product_tag-casual-shoes-for-kids","9":"product_tag-jordan","10":"product_tag-jordan-basketball-shoes","11":"product_tag-jordan-skateboard-shoes","12":"product_tag-retro-casual-shoes","13":"product_tag-sneakers-for-kids","15":"first","16":"instock","17":"taxable","18":"shipping-taxable","19":"purchasable","20":"product-type-simple"},"wcpa_form_fields":null,"yoast_head":"<!-- This site is optimized with the Yoast SEO plugin v26.5 - https:\/\/yoast.com\/wordpress\/plugins\/seo\/ -->\n<title>(Grade School) Air Jordan 1 Mid SE &#039;Varsity Purple&#039; BQ6931-105 - TOURCRUISER PTE. LTD<\/title>\n<meta name=\"robots\" content=\"index, follow, max-snippet:-1, max-image-preview:large, max-video-preview:-1\" \/>\n<link rel=\"canonical\" href=\"https:\/\/tourcruiser.com\/fr\/products\/grade-school-air-jordan-1-mid-se-varsity-purple-bq6931-105\/\" \/>\n<meta property=\"og:locale\" content=\"fr_FR\" \/>\n<meta property=\"og:type\" content=\"article\" \/>\n<meta property=\"og:title\" content=\"(Grade School) Air Jordan 1 Mid SE &#039;Varsity Purple&#039; BQ6931-105 - TOURCRUISER PTE. LTD\" \/>\n<meta property=\"og:description\" content=\"La Air Jordan 1 Mid SE Varsity Purple (GS), aussi appel\u00e9e Court Purple, est une chaussure styl\u00e9e et originale pour les jeunes. Con\u00e7ue par Jordan, elle arbore une teinte violette \u00e9clatante qui ne manquera pas d&rsquo;attirer les regards, sur le terrain comme en dehors. Ces sneakers apporteront une touche d&rsquo;originalit\u00e9 \u00e0 votre style. Coloris : [&hellip;]\" \/>\n<meta property=\"og:url\" content=\"https:\/\/tourcruiser.com\/fr\/products\/grade-school-air-jordan-1-mid-se-varsity-purple-bq6931-105\/\" \/>\n<meta property=\"og:site_name\" content=\"Tourcruiser Sneaker Store\" \/>\n<meta property=\"article:modified_time\" content=\"2026-04-17T16:05:23+00:00\" \/>\n<meta name=\"twitter:card\" content=\"summary_large_image\" \/>\n<meta name=\"twitter:image\" content=\"https:\/\/images.novelship.com\/product\/_grade_school__air_jordan_1_mid_se__varsity_purple_0_11687.jpeg;https:\/\/images.novelship.com\/product\/_grade_school__air_jordan_1_mid_se__varsity_purple_1_11687.jpeg;https:\/\/images.novelship.com\/product\/_grade_school__air_jordan_1_mid_se__varsity_purple_2_11687.jpeg;https:\/\/images.novelship.com\/product\/_grade_school__air_jordan_1_mid_se__varsity_purple_3_11687.jpeg;https:\/\/images.novelship.com\/product\/_grade_school__air_jordan_1_mid_se__varsity_purple_4_11687.jpeg;https:\/\/images.novelship.com\/product\/_grade_school__air_jordan_1_mid_se__varsity_purple_5_11687.jpeg;https:\/\/images.novelship.com\/product\/_grade_school__air_jordan_1_mid_se__varsity_purple_6_11687.jpeg;https:\/\/images.novelship.com\/product\/_grade_school__air_jordan_1_mid_se__varsity_purple_7_11687.jpeg\" \/>\n<script type=\"application\/ld+json\" class=\"yoast-schema-graph\">{\"@context\":\"https:\/\/schema.org\",\"@graph\":[{\"@type\":\"WebPage\",\"@id\":\"https:\/\/tourcruiser.com\/fr\/products\/grade-school-air-jordan-1-mid-se-varsity-purple-bq6931-105\/\",\"url\":\"https:\/\/tourcruiser.com\/fr\/products\/grade-school-air-jordan-1-mid-se-varsity-purple-bq6931-105\/\",\"name\":\"(Grade School) Air Jordan 1 Mid SE 'Varsity Purple' BQ6931-105 - TOURCRUISER PTE. LTD\",\"isPartOf\":{\"@id\":\"\/#website\"},\"primaryImageOfPage\":{\"@id\":\"https:\/\/tourcruiser.com\/fr\/products\/grade-school-air-jordan-1-mid-se-varsity-purple-bq6931-105\/#primaryimage\"},\"image\":{\"@id\":\"https:\/\/tourcruiser.com\/fr\/products\/grade-school-air-jordan-1-mid-se-varsity-purple-bq6931-105\/#primaryimage\"},\"thumbnailUrl\":\"https:\/\/images.novelship.com\/product\/_grade_school__air_jordan_1_mid_se__varsity_purple_0_11687.jpeg;https:\/\/images.novelship.com\/product\/_grade_school__air_jordan_1_mid_se__varsity_purple_1_11687.jpeg;https:\/\/images.novelship.com\/product\/_grade_school__air_jordan_1_mid_se__varsity_purple_2_11687.jpeg;https:\/\/images.novelship.com\/product\/_grade_school__air_jordan_1_mid_se__varsity_purple_3_11687.jpeg;https:\/\/images.novelship.com\/product\/_grade_school__air_jordan_1_mid_se__varsity_purple_4_11687.jpeg;https:\/\/images.novelship.com\/product\/_grade_school__air_jordan_1_mid_se__varsity_purple_5_11687.jpeg;https:\/\/images.novelship.com\/product\/_grade_school__air_jordan_1_mid_se__varsity_purple_6_11687.jpeg;https:\/\/images.novelship.com\/product\/_grade_school__air_jordan_1_mid_se__varsity_purple_7_11687.jpeg\",\"datePublished\":\"2026-04-16T10:14:58+00:00\",\"dateModified\":\"2026-04-17T16:05:23+00:00\",\"breadcrumb\":{\"@id\":\"https:\/\/tourcruiser.com\/fr\/products\/grade-school-air-jordan-1-mid-se-varsity-purple-bq6931-105\/#breadcrumb\"},\"inLanguage\":\"fr-FR\",\"potentialAction\":[{\"@type\":\"ReadAction\",\"target\":[\"https:\/\/tourcruiser.com\/fr\/products\/grade-school-air-jordan-1-mid-se-varsity-purple-bq6931-105\/\"]}]},{\"@type\":\"ImageObject\",\"inLanguage\":\"fr-FR\",\"@id\":\"https:\/\/tourcruiser.com\/fr\/products\/grade-school-air-jordan-1-mid-se-varsity-purple-bq6931-105\/#primaryimage\",\"url\":\"https:\/\/images.novelship.com\/product\/_grade_school__air_jordan_1_mid_se__varsity_purple_0_11687.jpeg;https:\/\/images.novelship.com\/product\/_grade_school__air_jordan_1_mid_se__varsity_purple_1_11687.jpeg;https:\/\/images.novelship.com\/product\/_grade_school__air_jordan_1_mid_se__varsity_purple_2_11687.jpeg;https:\/\/images.novelship.com\/product\/_grade_school__air_jordan_1_mid_se__varsity_purple_3_11687.jpeg;https:\/\/images.novelship.com\/product\/_grade_school__air_jordan_1_mid_se__varsity_purple_4_11687.jpeg;https:\/\/images.novelship.com\/product\/_grade_school__air_jordan_1_mid_se__varsity_purple_5_11687.jpeg;https:\/\/images.novelship.com\/product\/_grade_school__air_jordan_1_mid_se__varsity_purple_6_11687.jpeg;https:\/\/images.novelship.com\/product\/_grade_school__air_jordan_1_mid_se__varsity_purple_7_11687.jpeg\",\"contentUrl\":\"https:\/\/images.novelship.com\/product\/_grade_school__air_jordan_1_mid_se__varsity_purple_0_11687.jpeg;https:\/\/images.novelship.com\/product\/_grade_school__air_jordan_1_mid_se__varsity_purple_1_11687.jpeg;https:\/\/images.novelship.com\/product\/_grade_school__air_jordan_1_mid_se__varsity_purple_2_11687.jpeg;https:\/\/images.novelship.com\/product\/_grade_school__air_jordan_1_mid_se__varsity_purple_3_11687.jpeg;https:\/\/images.novelship.com\/product\/_grade_school__air_jordan_1_mid_se__varsity_purple_4_11687.jpeg;https:\/\/images.novelship.com\/product\/_grade_school__air_jordan_1_mid_se__varsity_purple_5_11687.jpeg;https:\/\/images.novelship.com\/product\/_grade_school__air_jordan_1_mid_se__varsity_purple_6_11687.jpeg;https:\/\/images.novelship.com\/product\/_grade_school__air_jordan_1_mid_se__varsity_purple_7_11687.jpeg\"},{\"@type\":\"BreadcrumbList\",\"@id\":\"https:\/\/tourcruiser.com\/fr\/products\/grade-school-air-jordan-1-mid-se-varsity-purple-bq6931-105\/#breadcrumb\",\"itemListElement\":[{\"@type\":\"ListItem\",\"position\":1,\"name\":\"Home\",\"item\":\"https:\/\/tourcruiser.com\/fr\/\"},{\"@type\":\"ListItem\",\"position\":2,\"name\":\"Shop\",\"item\":\"https:\/\/tourcruiser.com\/fr\/shop\/\"},{\"@type\":\"ListItem\",\"position\":3,\"name\":\"(Grade School) Air Jordan 1 Mid SE &#8216;Varsity Purple&#8217; BQ6931-105\"}]},{\"@type\":\"WebSite\",\"@id\":\"\/#website\",\"url\":\"\/\",\"name\":\"Styloral Jewelry Shop\",\"description\":\"Tourcruiser Sneaker Store \u2014 L\u2019endroit o\u00f9 l\u2019univers rencontre votre singularit\u00e9.\",\"publisher\":{\"@id\":\"\/#organization\"},\"potentialAction\":[{\"@type\":\"SearchAction\",\"target\":{\"@type\":\"EntryPoint\",\"urlTemplate\":\"\/?s={search_term_string}\"},\"query-input\":{\"@type\":\"PropertyValueSpecification\",\"valueRequired\":true,\"valueName\":\"search_term_string\"}}],\"inLanguage\":\"fr-FR\"},{\"@type\":\"Organization\",\"@id\":\"\/#organization\",\"name\":\"STYLORAL PTE. LTD\",\"url\":\"\/\",\"logo\":{\"@type\":\"ImageObject\",\"inLanguage\":\"fr-FR\",\"@id\":\"\/#\/schema\/logo\/image\/\",\"url\":\"https:\/\/www.tourcruiser.com\/wp-content\/uploads\/2025\/12\/logo.png\",\"contentUrl\":\"https:\/\/www.tourcruiser.com\/wp-content\/uploads\/2025\/12\/logo.png\",\"width\":200,\"height\":65,\"caption\":\"STYLORAL PTE. LTD\"},\"image\":{\"@id\":\"\/#\/schema\/logo\/image\/\"}}]}<\/script>\n<!-- \/ Yoast SEO plugin. -->","yoast_head_json":{"title":"(Grade School) Air Jordan 1 Mid SE 'Varsity Purple' BQ6931-105 - TOURCRUISER PTE. LTD","robots":{"index":"index","follow":"follow","max-snippet":"max-snippet:-1","max-image-preview":"max-image-preview:large","max-video-preview":"max-video-preview:-1"},"canonical":"https:\/\/tourcruiser.com\/fr\/products\/grade-school-air-jordan-1-mid-se-varsity-purple-bq6931-105\/","og_locale":"fr_FR","og_type":"article","og_title":"(Grade School) Air Jordan 1 Mid SE 'Varsity Purple' BQ6931-105 - TOURCRUISER PTE. LTD","og_description":"La Air Jordan 1 Mid SE Varsity Purple (GS), aussi appel\u00e9e Court Purple, est une chaussure styl\u00e9e et originale pour les jeunes. Con\u00e7ue par Jordan, elle arbore une teinte violette \u00e9clatante qui ne manquera pas d&rsquo;attirer les regards, sur le terrain comme en dehors. Ces sneakers apporteront une touche d&rsquo;originalit\u00e9 \u00e0 votre style. Coloris : [&hellip;]","og_url":"https:\/\/tourcruiser.com\/fr\/products\/grade-school-air-jordan-1-mid-se-varsity-purple-bq6931-105\/","og_site_name":"Tourcruiser Sneaker Store","article_modified_time":"2026-04-17T16:05:23+00:00","twitter_card":"summary_large_image","twitter_image":"https:\/\/images.novelship.com\/product\/_grade_school__air_jordan_1_mid_se__varsity_purple_0_11687.jpeg;https:\/\/images.novelship.com\/product\/_grade_school__air_jordan_1_mid_se__varsity_purple_1_11687.jpeg;https:\/\/images.novelship.com\/product\/_grade_school__air_jordan_1_mid_se__varsity_purple_2_11687.jpeg;https:\/\/images.novelship.com\/product\/_grade_school__air_jordan_1_mid_se__varsity_purple_3_11687.jpeg;https:\/\/images.novelship.com\/product\/_grade_school__air_jordan_1_mid_se__varsity_purple_4_11687.jpeg;https:\/\/images.novelship.com\/product\/_grade_school__air_jordan_1_mid_se__varsity_purple_5_11687.jpeg;https:\/\/images.novelship.com\/product\/_grade_school__air_jordan_1_mid_se__varsity_purple_6_11687.jpeg;https:\/\/images.novelship.com\/product\/_grade_school__air_jordan_1_mid_se__varsity_purple_7_11687.jpeg","schema":{"@context":"https:\/\/schema.org","@graph":[{"@type":"WebPage","@id":"https:\/\/tourcruiser.com\/fr\/products\/grade-school-air-jordan-1-mid-se-varsity-purple-bq6931-105\/","url":"https:\/\/tourcruiser.com\/fr\/products\/grade-school-air-jordan-1-mid-se-varsity-purple-bq6931-105\/","name":"(Grade School) Air Jordan 1 Mid SE 'Varsity Purple' BQ6931-105 - TOURCRUISER PTE. LTD","isPartOf":{"@id":"\/#website"},"primaryImageOfPage":{"@id":"https:\/\/tourcruiser.com\/fr\/products\/grade-school-air-jordan-1-mid-se-varsity-purple-bq6931-105\/#primaryimage"},"image":{"@id":"https:\/\/tourcruiser.com\/fr\/products\/grade-school-air-jordan-1-mid-se-varsity-purple-bq6931-105\/#primaryimage"},"thumbnailUrl":"https:\/\/images.novelship.com\/product\/_grade_school__air_jordan_1_mid_se__varsity_purple_0_11687.jpeg;https:\/\/images.novelship.com\/product\/_grade_school__air_jordan_1_mid_se__varsity_purple_1_11687.jpeg;https:\/\/images.novelship.com\/product\/_grade_school__air_jordan_1_mid_se__varsity_purple_2_11687.jpeg;https:\/\/images.novelship.com\/product\/_grade_school__air_jordan_1_mid_se__varsity_purple_3_11687.jpeg;https:\/\/images.novelship.com\/product\/_grade_school__air_jordan_1_mid_se__varsity_purple_4_11687.jpeg;https:\/\/images.novelship.com\/product\/_grade_school__air_jordan_1_mid_se__varsity_purple_5_11687.jpeg;https:\/\/images.novelship.com\/product\/_grade_school__air_jordan_1_mid_se__varsity_purple_6_11687.jpeg;https:\/\/images.novelship.com\/product\/_grade_school__air_jordan_1_mid_se__varsity_purple_7_11687.jpeg","datePublished":"2026-04-16T10:14:58+00:00","dateModified":"2026-04-17T16:05:23+00:00","breadcrumb":{"@id":"https:\/\/tourcruiser.com\/fr\/products\/grade-school-air-jordan-1-mid-se-varsity-purple-bq6931-105\/#breadcrumb"},"inLanguage":"fr-FR","potentialAction":[{"@type":"ReadAction","target":["https:\/\/tourcruiser.com\/fr\/products\/grade-school-air-jordan-1-mid-se-varsity-purple-bq6931-105\/"]}]},{"@type":"ImageObject","inLanguage":"fr-FR","@id":"https:\/\/tourcruiser.com\/fr\/products\/grade-school-air-jordan-1-mid-se-varsity-purple-bq6931-105\/#primaryimage","url":"https:\/\/images.novelship.com\/product\/_grade_school__air_jordan_1_mid_se__varsity_purple_0_11687.jpeg;https:\/\/images.novelship.com\/product\/_grade_school__air_jordan_1_mid_se__varsity_purple_1_11687.jpeg;https:\/\/images.novelship.com\/product\/_grade_school__air_jordan_1_mid_se__varsity_purple_2_11687.jpeg;https:\/\/images.novelship.com\/product\/_grade_school__air_jordan_1_mid_se__varsity_purple_3_11687.jpeg;https:\/\/images.novelship.com\/product\/_grade_school__air_jordan_1_mid_se__varsity_purple_4_11687.jpeg;https:\/\/images.novelship.com\/product\/_grade_school__air_jordan_1_mid_se__varsity_purple_5_11687.jpeg;https:\/\/images.novelship.com\/product\/_grade_school__air_jordan_1_mid_se__varsity_purple_6_11687.jpeg;https:\/\/images.novelship.com\/product\/_grade_school__air_jordan_1_mid_se__varsity_purple_7_11687.jpeg","contentUrl":"https:\/\/images.novelship.com\/product\/_grade_school__air_jordan_1_mid_se__varsity_purple_0_11687.jpeg;https:\/\/images.novelship.com\/product\/_grade_school__air_jordan_1_mid_se__varsity_purple_1_11687.jpeg;https:\/\/images.novelship.com\/product\/_grade_school__air_jordan_1_mid_se__varsity_purple_2_11687.jpeg;https:\/\/images.novelship.com\/product\/_grade_school__air_jordan_1_mid_se__varsity_purple_3_11687.jpeg;https:\/\/images.novelship.com\/product\/_grade_school__air_jordan_1_mid_se__varsity_purple_4_11687.jpeg;https:\/\/images.novelship.com\/product\/_grade_school__air_jordan_1_mid_se__varsity_purple_5_11687.jpeg;https:\/\/images.novelship.com\/product\/_grade_school__air_jordan_1_mid_se__varsity_purple_6_11687.jpeg;https:\/\/images.novelship.com\/product\/_grade_school__air_jordan_1_mid_se__varsity_purple_7_11687.jpeg"},{"@type":"BreadcrumbList","@id":"https:\/\/tourcruiser.com\/fr\/products\/grade-school-air-jordan-1-mid-se-varsity-purple-bq6931-105\/#breadcrumb","itemListElement":[{"@type":"ListItem","position":1,"name":"Home","item":"https:\/\/tourcruiser.com\/fr\/"},{"@type":"ListItem","position":2,"name":"Shop","item":"https:\/\/tourcruiser.com\/fr\/shop\/"},{"@type":"ListItem","position":3,"name":"(Grade School) Air Jordan 1 Mid SE &#8216;Varsity Purple&#8217; BQ6931-105"}]},{"@type":"WebSite","@id":"\/#website","url":"\/","name":"Styloral Jewelry Shop","description":"Tourcruiser Sneaker Store \u2014 L\u2019endroit o\u00f9 l\u2019univers rencontre votre singularit\u00e9.","publisher":{"@id":"\/#organization"},"potentialAction":[{"@type":"SearchAction","target":{"@type":"EntryPoint","urlTemplate":"\/?s={search_term_string}"},"query-input":{"@type":"PropertyValueSpecification","valueRequired":true,"valueName":"search_term_string"}}],"inLanguage":"fr-FR"},{"@type":"Organization","@id":"\/#organization","name":"STYLORAL PTE. LTD","url":"\/","logo":{"@type":"ImageObject","inLanguage":"fr-FR","@id":"\/#\/schema\/logo\/image\/","url":"https:\/\/www.tourcruiser.com\/wp-content\/uploads\/2025\/12\/logo.png","contentUrl":"https:\/\/www.tourcruiser.com\/wp-content\/uploads\/2025\/12\/logo.png","width":200,"height":65,"caption":"STYLORAL PTE. LTD"},"image":{"@id":"\/#\/schema\/logo\/image\/"}}]}},"_links":{"self":[{"href":"https:\/\/tourcruiser.com\/fr\/wp-json\/wp\/v2\/product\/771763","targetHints":{"allow":["GET"]}}],"collection":[{"href":"https:\/\/tourcruiser.com\/fr\/wp-json\/wp\/v2\/product"}],"about":[{"href":"https:\/\/tourcruiser.com\/fr\/wp-json\/wp\/v2\/types\/product"}],"replies":[{"embeddable":true,"href":"https:\/\/tourcruiser.com\/fr\/wp-json\/wp\/v2\/comments?post=771763"}],"wp:featuredmedia":[{"embeddable":true,"href":"https:\/\/tourcruiser.com\/fr\/wp-json\/wp\/v2\/media\/771764"}],"wp:attachment":[{"href":"https:\/\/tourcruiser.com\/fr\/wp-json\/wp\/v2\/media?parent=771763"}],"wp:term":[{"taxonomy":"product_brand","embeddable":true,"href":"https:\/\/tourcruiser.com\/fr\/wp-json\/wp\/v2\/product_brand?post=771763"},{"taxonomy":"product_cat","embeddable":true,"href":"https:\/\/tourcruiser.com\/fr\/wp-json\/wp\/v2\/product_cat?post=771763"},{"taxonomy":"product_tag","embeddable":true,"href":"https:\/\/tourcruiser.com\/fr\/wp-json\/wp\/v2\/product_tag?post=771763"}],"curies":[{"name":"wp","href":"https:\/\/api.w.org\/{rel}","templated":true}]}}