{"id":771696,"date":"2026-04-16T17:14:55","date_gmt":"2026-04-16T10:14:55","guid":{"rendered":"http:\/\/tourcruiser.com\/product\/grade-school-air-jordan-1-low-se-light-smoke-grey-gym-red-dm0589-016"},"modified":"2026-04-17T23:05:17","modified_gmt":"2026-04-17T16:05:17","slug":"grade-school-air-jordan-1-low-se-light-smoke-grey-gym-red-dm0589-016","status":"publish","type":"product","link":"https:\/\/tourcruiser.com\/fr\/products\/grade-school-air-jordan-1-low-se-light-smoke-grey-gym-red-dm0589-016\/","title":{"rendered":"(Grade School) Air Jordan 1 Low SE &lsquo;Light Smoke Grey Gym Red&rsquo; DM0589-016"},"content":{"rendered":"<p>La Air Jordan 1 Low SE Light Smoke Grey Gym Red (GS) de Jordan offre aux fans de sneakers une option \u00e0 la fois styl\u00e9e et confortable. Avec sa coupe basse et son \u00e9l\u00e9gante combinaison de gris clair et de rouge, cette sneaker ne passera pas inaper\u00e7ue. Que ce soit sur le terrain ou au quotidien, ces Air Jordan sont un incontournable de votre collection.<\/p>\n<p>Coloris : Light Smoke Grey\/Gym Red\/White<\/p>\n<p>Code article : DM0589-016<\/p>\n<p>Tige : Cuir<\/p>\n<p>Semelle interm\u00e9diaire : Air<\/p>\n<p>Couleur : Rouge<\/p>\n<p>Designer : Peter Moore<\/p>\n<p>Saison : Automne<\/p>\n<p>Ann\u00e9e de sortie : 2021<\/p>\n<p>\u00c2ge : Adulte<br \/>\nCouleur : Cloud White\/Core Black\/Signal Green<\/p>\n<p>Genre : Jeune<\/p>\n","protected":false},"excerpt":{"rendered":"<p>La Air Jordan 1 Low SE Light Smoke Grey Gym Red (GS) de Jordan offre aux fans de sneakers une option \u00e0 la fois styl\u00e9e et confortable. Avec sa coupe basse et son \u00e9l\u00e9gante combinaison de gris clair et de rouge, cette sneaker ne passera pas inaper\u00e7ue. Que ce soit sur le terrain ou au [&hellip;]<\/p>\n","protected":false},"featured_media":771697,"comment_status":"open","ping_status":"closed","template":"","meta":[],"product_brand":[],"product_cat":[38880],"product_tag":[10750,38988,10776,11349,38875,10756,39039],"class_list":{"0":"post-771696","1":"product","2":"type-product","3":"status-publish","4":"has-post-thumbnail","6":"product_cat-jordan","7":"product_tag-athleisure-shoes","8":"product_tag-casual-shoes-for-kids","9":"product_tag-jordan","10":"product_tag-jordan-basketball-shoes","11":"product_tag-jordan-skateboard-shoes","12":"product_tag-retro-casual-shoes","13":"product_tag-sneakers-for-kids","15":"first","16":"instock","17":"taxable","18":"shipping-taxable","19":"purchasable","20":"product-type-simple"},"wcpa_form_fields":null,"yoast_head":"<!-- This site is optimized with the Yoast SEO plugin v26.5 - https:\/\/yoast.com\/wordpress\/plugins\/seo\/ -->\n<title>(Grade School) Air Jordan 1 Low SE &#039;Light Smoke Grey Gym Red&#039; DM0589-016 - TOURCRUISER PTE. LTD<\/title>\n<meta name=\"robots\" content=\"index, follow, max-snippet:-1, max-image-preview:large, max-video-preview:-1\" \/>\n<link rel=\"canonical\" href=\"https:\/\/tourcruiser.com\/fr\/products\/grade-school-air-jordan-1-low-se-light-smoke-grey-gym-red-dm0589-016\/\" \/>\n<meta property=\"og:locale\" content=\"fr_FR\" \/>\n<meta property=\"og:type\" content=\"article\" \/>\n<meta property=\"og:title\" content=\"(Grade School) Air Jordan 1 Low SE &#039;Light Smoke Grey Gym Red&#039; DM0589-016 - TOURCRUISER PTE. LTD\" \/>\n<meta property=\"og:description\" content=\"La Air Jordan 1 Low SE Light Smoke Grey Gym Red (GS) de Jordan offre aux fans de sneakers une option \u00e0 la fois styl\u00e9e et confortable. Avec sa coupe basse et son \u00e9l\u00e9gante combinaison de gris clair et de rouge, cette sneaker ne passera pas inaper\u00e7ue. Que ce soit sur le terrain ou au [&hellip;]\" \/>\n<meta property=\"og:url\" content=\"https:\/\/tourcruiser.com\/fr\/products\/grade-school-air-jordan-1-low-se-light-smoke-grey-gym-red-dm0589-016\/\" \/>\n<meta property=\"og:site_name\" content=\"Tourcruiser Sneaker Store\" \/>\n<meta property=\"article:modified_time\" content=\"2026-04-17T16:05:17+00:00\" \/>\n<meta name=\"twitter:card\" content=\"summary_large_image\" \/>\n<meta name=\"twitter:image\" content=\"https:\/\/images.novelship.com\/product\/_grade_school__air_jordan_1_low_se__light_smoke_gr_0_55721.jpeg;https:\/\/images.novelship.com\/product\/_grade_school__air_jordan_1_low_se__light_smoke_gr_1_55721.jpeg;https:\/\/images.novelship.com\/product\/_grade_school__air_jordan_1_low_se__light_smoke_gr_2_55721.jpeg;https:\/\/images.novelship.com\/product\/_grade_school__air_jordan_1_low_se__light_smoke_gr_3_55721.jpeg;https:\/\/images.novelship.com\/product\/_grade_school__air_jordan_1_low_se__light_smoke_gr_4_55721.jpeg;https:\/\/images.novelship.com\/product\/_grade_school__air_jordan_1_low_se__light_smoke_gr_5_55721.jpeg;https:\/\/images.novelship.com\/product\/_grade_school__air_jordan_1_low_se__light_smoke_gr_6_55721.jpeg;https:\/\/images.novelship.com\/product\/_grade_school__air_jordan_1_low_se__light_smoke_gr_7_55721.jpeg\" \/>\n<meta name=\"twitter:label1\" content=\"Dur\u00e9e de lecture estim\u00e9e\" \/>\n\t<meta name=\"twitter:data1\" content=\"1 minute\" \/>\n<script type=\"application\/ld+json\" class=\"yoast-schema-graph\">{\"@context\":\"https:\/\/schema.org\",\"@graph\":[{\"@type\":\"WebPage\",\"@id\":\"https:\/\/tourcruiser.com\/fr\/products\/grade-school-air-jordan-1-low-se-light-smoke-grey-gym-red-dm0589-016\/\",\"url\":\"https:\/\/tourcruiser.com\/fr\/products\/grade-school-air-jordan-1-low-se-light-smoke-grey-gym-red-dm0589-016\/\",\"name\":\"(Grade School) Air Jordan 1 Low SE 'Light Smoke Grey Gym Red' DM0589-016 - TOURCRUISER PTE. LTD\",\"isPartOf\":{\"@id\":\"\/#website\"},\"primaryImageOfPage\":{\"@id\":\"https:\/\/tourcruiser.com\/fr\/products\/grade-school-air-jordan-1-low-se-light-smoke-grey-gym-red-dm0589-016\/#primaryimage\"},\"image\":{\"@id\":\"https:\/\/tourcruiser.com\/fr\/products\/grade-school-air-jordan-1-low-se-light-smoke-grey-gym-red-dm0589-016\/#primaryimage\"},\"thumbnailUrl\":\"https:\/\/images.novelship.com\/product\/_grade_school__air_jordan_1_low_se__light_smoke_gr_0_55721.jpeg;https:\/\/images.novelship.com\/product\/_grade_school__air_jordan_1_low_se__light_smoke_gr_1_55721.jpeg;https:\/\/images.novelship.com\/product\/_grade_school__air_jordan_1_low_se__light_smoke_gr_2_55721.jpeg;https:\/\/images.novelship.com\/product\/_grade_school__air_jordan_1_low_se__light_smoke_gr_3_55721.jpeg;https:\/\/images.novelship.com\/product\/_grade_school__air_jordan_1_low_se__light_smoke_gr_4_55721.jpeg;https:\/\/images.novelship.com\/product\/_grade_school__air_jordan_1_low_se__light_smoke_gr_5_55721.jpeg;https:\/\/images.novelship.com\/product\/_grade_school__air_jordan_1_low_se__light_smoke_gr_6_55721.jpeg;https:\/\/images.novelship.com\/product\/_grade_school__air_jordan_1_low_se__light_smoke_gr_7_55721.jpeg\",\"datePublished\":\"2026-04-16T10:14:55+00:00\",\"dateModified\":\"2026-04-17T16:05:17+00:00\",\"breadcrumb\":{\"@id\":\"https:\/\/tourcruiser.com\/fr\/products\/grade-school-air-jordan-1-low-se-light-smoke-grey-gym-red-dm0589-016\/#breadcrumb\"},\"inLanguage\":\"fr-FR\",\"potentialAction\":[{\"@type\":\"ReadAction\",\"target\":[\"https:\/\/tourcruiser.com\/fr\/products\/grade-school-air-jordan-1-low-se-light-smoke-grey-gym-red-dm0589-016\/\"]}]},{\"@type\":\"ImageObject\",\"inLanguage\":\"fr-FR\",\"@id\":\"https:\/\/tourcruiser.com\/fr\/products\/grade-school-air-jordan-1-low-se-light-smoke-grey-gym-red-dm0589-016\/#primaryimage\",\"url\":\"https:\/\/images.novelship.com\/product\/_grade_school__air_jordan_1_low_se__light_smoke_gr_0_55721.jpeg;https:\/\/images.novelship.com\/product\/_grade_school__air_jordan_1_low_se__light_smoke_gr_1_55721.jpeg;https:\/\/images.novelship.com\/product\/_grade_school__air_jordan_1_low_se__light_smoke_gr_2_55721.jpeg;https:\/\/images.novelship.com\/product\/_grade_school__air_jordan_1_low_se__light_smoke_gr_3_55721.jpeg;https:\/\/images.novelship.com\/product\/_grade_school__air_jordan_1_low_se__light_smoke_gr_4_55721.jpeg;https:\/\/images.novelship.com\/product\/_grade_school__air_jordan_1_low_se__light_smoke_gr_5_55721.jpeg;https:\/\/images.novelship.com\/product\/_grade_school__air_jordan_1_low_se__light_smoke_gr_6_55721.jpeg;https:\/\/images.novelship.com\/product\/_grade_school__air_jordan_1_low_se__light_smoke_gr_7_55721.jpeg\",\"contentUrl\":\"https:\/\/images.novelship.com\/product\/_grade_school__air_jordan_1_low_se__light_smoke_gr_0_55721.jpeg;https:\/\/images.novelship.com\/product\/_grade_school__air_jordan_1_low_se__light_smoke_gr_1_55721.jpeg;https:\/\/images.novelship.com\/product\/_grade_school__air_jordan_1_low_se__light_smoke_gr_2_55721.jpeg;https:\/\/images.novelship.com\/product\/_grade_school__air_jordan_1_low_se__light_smoke_gr_3_55721.jpeg;https:\/\/images.novelship.com\/product\/_grade_school__air_jordan_1_low_se__light_smoke_gr_4_55721.jpeg;https:\/\/images.novelship.com\/product\/_grade_school__air_jordan_1_low_se__light_smoke_gr_5_55721.jpeg;https:\/\/images.novelship.com\/product\/_grade_school__air_jordan_1_low_se__light_smoke_gr_6_55721.jpeg;https:\/\/images.novelship.com\/product\/_grade_school__air_jordan_1_low_se__light_smoke_gr_7_55721.jpeg\"},{\"@type\":\"BreadcrumbList\",\"@id\":\"https:\/\/tourcruiser.com\/fr\/products\/grade-school-air-jordan-1-low-se-light-smoke-grey-gym-red-dm0589-016\/#breadcrumb\",\"itemListElement\":[{\"@type\":\"ListItem\",\"position\":1,\"name\":\"Home\",\"item\":\"https:\/\/tourcruiser.com\/fr\/\"},{\"@type\":\"ListItem\",\"position\":2,\"name\":\"Shop\",\"item\":\"https:\/\/tourcruiser.com\/fr\/shop\/\"},{\"@type\":\"ListItem\",\"position\":3,\"name\":\"(Grade School) Air Jordan 1 Low SE &#8216;Light Smoke Grey Gym Red&#8217; DM0589-016\"}]},{\"@type\":\"WebSite\",\"@id\":\"\/#website\",\"url\":\"\/\",\"name\":\"Styloral Jewelry Shop\",\"description\":\"Tourcruiser Sneaker Store \u2014 L\u2019endroit o\u00f9 l\u2019univers rencontre votre singularit\u00e9.\",\"publisher\":{\"@id\":\"\/#organization\"},\"potentialAction\":[{\"@type\":\"SearchAction\",\"target\":{\"@type\":\"EntryPoint\",\"urlTemplate\":\"\/?s={search_term_string}\"},\"query-input\":{\"@type\":\"PropertyValueSpecification\",\"valueRequired\":true,\"valueName\":\"search_term_string\"}}],\"inLanguage\":\"fr-FR\"},{\"@type\":\"Organization\",\"@id\":\"\/#organization\",\"name\":\"STYLORAL PTE. LTD\",\"url\":\"\/\",\"logo\":{\"@type\":\"ImageObject\",\"inLanguage\":\"fr-FR\",\"@id\":\"\/#\/schema\/logo\/image\/\",\"url\":\"https:\/\/www.tourcruiser.com\/wp-content\/uploads\/2025\/12\/logo.png\",\"contentUrl\":\"https:\/\/www.tourcruiser.com\/wp-content\/uploads\/2025\/12\/logo.png\",\"width\":200,\"height\":65,\"caption\":\"STYLORAL PTE. LTD\"},\"image\":{\"@id\":\"\/#\/schema\/logo\/image\/\"}}]}<\/script>\n<!-- \/ Yoast SEO plugin. -->","yoast_head_json":{"title":"(Grade School) Air Jordan 1 Low SE 'Light Smoke Grey Gym Red' DM0589-016 - TOURCRUISER PTE. LTD","robots":{"index":"index","follow":"follow","max-snippet":"max-snippet:-1","max-image-preview":"max-image-preview:large","max-video-preview":"max-video-preview:-1"},"canonical":"https:\/\/tourcruiser.com\/fr\/products\/grade-school-air-jordan-1-low-se-light-smoke-grey-gym-red-dm0589-016\/","og_locale":"fr_FR","og_type":"article","og_title":"(Grade School) Air Jordan 1 Low SE 'Light Smoke Grey Gym Red' DM0589-016 - TOURCRUISER PTE. LTD","og_description":"La Air Jordan 1 Low SE Light Smoke Grey Gym Red (GS) de Jordan offre aux fans de sneakers une option \u00e0 la fois styl\u00e9e et confortable. Avec sa coupe basse et son \u00e9l\u00e9gante combinaison de gris clair et de rouge, cette sneaker ne passera pas inaper\u00e7ue. Que ce soit sur le terrain ou au [&hellip;]","og_url":"https:\/\/tourcruiser.com\/fr\/products\/grade-school-air-jordan-1-low-se-light-smoke-grey-gym-red-dm0589-016\/","og_site_name":"Tourcruiser Sneaker Store","article_modified_time":"2026-04-17T16:05:17+00:00","twitter_card":"summary_large_image","twitter_image":"https:\/\/images.novelship.com\/product\/_grade_school__air_jordan_1_low_se__light_smoke_gr_0_55721.jpeg;https:\/\/images.novelship.com\/product\/_grade_school__air_jordan_1_low_se__light_smoke_gr_1_55721.jpeg;https:\/\/images.novelship.com\/product\/_grade_school__air_jordan_1_low_se__light_smoke_gr_2_55721.jpeg;https:\/\/images.novelship.com\/product\/_grade_school__air_jordan_1_low_se__light_smoke_gr_3_55721.jpeg;https:\/\/images.novelship.com\/product\/_grade_school__air_jordan_1_low_se__light_smoke_gr_4_55721.jpeg;https:\/\/images.novelship.com\/product\/_grade_school__air_jordan_1_low_se__light_smoke_gr_5_55721.jpeg;https:\/\/images.novelship.com\/product\/_grade_school__air_jordan_1_low_se__light_smoke_gr_6_55721.jpeg;https:\/\/images.novelship.com\/product\/_grade_school__air_jordan_1_low_se__light_smoke_gr_7_55721.jpeg","twitter_misc":{"Dur\u00e9e de lecture estim\u00e9e":"1 minute"},"schema":{"@context":"https:\/\/schema.org","@graph":[{"@type":"WebPage","@id":"https:\/\/tourcruiser.com\/fr\/products\/grade-school-air-jordan-1-low-se-light-smoke-grey-gym-red-dm0589-016\/","url":"https:\/\/tourcruiser.com\/fr\/products\/grade-school-air-jordan-1-low-se-light-smoke-grey-gym-red-dm0589-016\/","name":"(Grade School) Air Jordan 1 Low SE 'Light Smoke Grey Gym Red' DM0589-016 - TOURCRUISER PTE. LTD","isPartOf":{"@id":"\/#website"},"primaryImageOfPage":{"@id":"https:\/\/tourcruiser.com\/fr\/products\/grade-school-air-jordan-1-low-se-light-smoke-grey-gym-red-dm0589-016\/#primaryimage"},"image":{"@id":"https:\/\/tourcruiser.com\/fr\/products\/grade-school-air-jordan-1-low-se-light-smoke-grey-gym-red-dm0589-016\/#primaryimage"},"thumbnailUrl":"https:\/\/images.novelship.com\/product\/_grade_school__air_jordan_1_low_se__light_smoke_gr_0_55721.jpeg;https:\/\/images.novelship.com\/product\/_grade_school__air_jordan_1_low_se__light_smoke_gr_1_55721.jpeg;https:\/\/images.novelship.com\/product\/_grade_school__air_jordan_1_low_se__light_smoke_gr_2_55721.jpeg;https:\/\/images.novelship.com\/product\/_grade_school__air_jordan_1_low_se__light_smoke_gr_3_55721.jpeg;https:\/\/images.novelship.com\/product\/_grade_school__air_jordan_1_low_se__light_smoke_gr_4_55721.jpeg;https:\/\/images.novelship.com\/product\/_grade_school__air_jordan_1_low_se__light_smoke_gr_5_55721.jpeg;https:\/\/images.novelship.com\/product\/_grade_school__air_jordan_1_low_se__light_smoke_gr_6_55721.jpeg;https:\/\/images.novelship.com\/product\/_grade_school__air_jordan_1_low_se__light_smoke_gr_7_55721.jpeg","datePublished":"2026-04-16T10:14:55+00:00","dateModified":"2026-04-17T16:05:17+00:00","breadcrumb":{"@id":"https:\/\/tourcruiser.com\/fr\/products\/grade-school-air-jordan-1-low-se-light-smoke-grey-gym-red-dm0589-016\/#breadcrumb"},"inLanguage":"fr-FR","potentialAction":[{"@type":"ReadAction","target":["https:\/\/tourcruiser.com\/fr\/products\/grade-school-air-jordan-1-low-se-light-smoke-grey-gym-red-dm0589-016\/"]}]},{"@type":"ImageObject","inLanguage":"fr-FR","@id":"https:\/\/tourcruiser.com\/fr\/products\/grade-school-air-jordan-1-low-se-light-smoke-grey-gym-red-dm0589-016\/#primaryimage","url":"https:\/\/images.novelship.com\/product\/_grade_school__air_jordan_1_low_se__light_smoke_gr_0_55721.jpeg;https:\/\/images.novelship.com\/product\/_grade_school__air_jordan_1_low_se__light_smoke_gr_1_55721.jpeg;https:\/\/images.novelship.com\/product\/_grade_school__air_jordan_1_low_se__light_smoke_gr_2_55721.jpeg;https:\/\/images.novelship.com\/product\/_grade_school__air_jordan_1_low_se__light_smoke_gr_3_55721.jpeg;https:\/\/images.novelship.com\/product\/_grade_school__air_jordan_1_low_se__light_smoke_gr_4_55721.jpeg;https:\/\/images.novelship.com\/product\/_grade_school__air_jordan_1_low_se__light_smoke_gr_5_55721.jpeg;https:\/\/images.novelship.com\/product\/_grade_school__air_jordan_1_low_se__light_smoke_gr_6_55721.jpeg;https:\/\/images.novelship.com\/product\/_grade_school__air_jordan_1_low_se__light_smoke_gr_7_55721.jpeg","contentUrl":"https:\/\/images.novelship.com\/product\/_grade_school__air_jordan_1_low_se__light_smoke_gr_0_55721.jpeg;https:\/\/images.novelship.com\/product\/_grade_school__air_jordan_1_low_se__light_smoke_gr_1_55721.jpeg;https:\/\/images.novelship.com\/product\/_grade_school__air_jordan_1_low_se__light_smoke_gr_2_55721.jpeg;https:\/\/images.novelship.com\/product\/_grade_school__air_jordan_1_low_se__light_smoke_gr_3_55721.jpeg;https:\/\/images.novelship.com\/product\/_grade_school__air_jordan_1_low_se__light_smoke_gr_4_55721.jpeg;https:\/\/images.novelship.com\/product\/_grade_school__air_jordan_1_low_se__light_smoke_gr_5_55721.jpeg;https:\/\/images.novelship.com\/product\/_grade_school__air_jordan_1_low_se__light_smoke_gr_6_55721.jpeg;https:\/\/images.novelship.com\/product\/_grade_school__air_jordan_1_low_se__light_smoke_gr_7_55721.jpeg"},{"@type":"BreadcrumbList","@id":"https:\/\/tourcruiser.com\/fr\/products\/grade-school-air-jordan-1-low-se-light-smoke-grey-gym-red-dm0589-016\/#breadcrumb","itemListElement":[{"@type":"ListItem","position":1,"name":"Home","item":"https:\/\/tourcruiser.com\/fr\/"},{"@type":"ListItem","position":2,"name":"Shop","item":"https:\/\/tourcruiser.com\/fr\/shop\/"},{"@type":"ListItem","position":3,"name":"(Grade School) Air Jordan 1 Low SE &#8216;Light Smoke Grey Gym Red&#8217; DM0589-016"}]},{"@type":"WebSite","@id":"\/#website","url":"\/","name":"Styloral Jewelry Shop","description":"Tourcruiser Sneaker Store \u2014 L\u2019endroit o\u00f9 l\u2019univers rencontre votre singularit\u00e9.","publisher":{"@id":"\/#organization"},"potentialAction":[{"@type":"SearchAction","target":{"@type":"EntryPoint","urlTemplate":"\/?s={search_term_string}"},"query-input":{"@type":"PropertyValueSpecification","valueRequired":true,"valueName":"search_term_string"}}],"inLanguage":"fr-FR"},{"@type":"Organization","@id":"\/#organization","name":"STYLORAL PTE. LTD","url":"\/","logo":{"@type":"ImageObject","inLanguage":"fr-FR","@id":"\/#\/schema\/logo\/image\/","url":"https:\/\/www.tourcruiser.com\/wp-content\/uploads\/2025\/12\/logo.png","contentUrl":"https:\/\/www.tourcruiser.com\/wp-content\/uploads\/2025\/12\/logo.png","width":200,"height":65,"caption":"STYLORAL PTE. LTD"},"image":{"@id":"\/#\/schema\/logo\/image\/"}}]}},"_links":{"self":[{"href":"https:\/\/tourcruiser.com\/fr\/wp-json\/wp\/v2\/product\/771696","targetHints":{"allow":["GET"]}}],"collection":[{"href":"https:\/\/tourcruiser.com\/fr\/wp-json\/wp\/v2\/product"}],"about":[{"href":"https:\/\/tourcruiser.com\/fr\/wp-json\/wp\/v2\/types\/product"}],"replies":[{"embeddable":true,"href":"https:\/\/tourcruiser.com\/fr\/wp-json\/wp\/v2\/comments?post=771696"}],"wp:featuredmedia":[{"embeddable":true,"href":"https:\/\/tourcruiser.com\/fr\/wp-json\/wp\/v2\/media\/771697"}],"wp:attachment":[{"href":"https:\/\/tourcruiser.com\/fr\/wp-json\/wp\/v2\/media?parent=771696"}],"wp:term":[{"taxonomy":"product_brand","embeddable":true,"href":"https:\/\/tourcruiser.com\/fr\/wp-json\/wp\/v2\/product_brand?post=771696"},{"taxonomy":"product_cat","embeddable":true,"href":"https:\/\/tourcruiser.com\/fr\/wp-json\/wp\/v2\/product_cat?post=771696"},{"taxonomy":"product_tag","embeddable":true,"href":"https:\/\/tourcruiser.com\/fr\/wp-json\/wp\/v2\/product_tag?post=771696"}],"curies":[{"name":"wp","href":"https:\/\/api.w.org\/{rel}","templated":true}]}}