{"id":771651,"date":"2026-04-16T17:14:54","date_gmt":"2026-04-16T10:14:54","guid":{"rendered":"http:\/\/tourcruiser.com\/product\/grade-school-air-jordan-1-retro-high-og-black-metallic-gold-575441-032"},"modified":"2026-04-17T23:05:13","modified_gmt":"2026-04-17T16:05:13","slug":"grade-school-air-jordan-1-retro-high-og-black-metallic-gold-575441-032","status":"publish","type":"product","link":"https:\/\/tourcruiser.com\/fr\/products\/grade-school-air-jordan-1-retro-high-og-black-metallic-gold-575441-032\/","title":{"rendered":"(Grade School) Air Jordan 1 Retro High OG &lsquo;Black Metallic Gold&rsquo; 575441-032"},"content":{"rendered":"<p>La Air Jordan 1 Retro High OG Black Metallic Gold (GS) est une chaussure de basketball embl\u00e9matique et styl\u00e9e de Jordan. Avec son design noir \u00e9pur\u00e9 et ses d\u00e9tails dor\u00e9s m\u00e9tallis\u00e9s, elle est id\u00e9ale pour les jeunes athl\u00e8tes qui veulent se d\u00e9marquer sur le terrain. Gr\u00e2ce \u00e0 sa tige montante et \u00e0 ses mat\u00e9riaux haut de gamme, elle offre un confort et un maintien optimaux tout au long de la journ\u00e9e. Am\u00e9liorez votre jeu et votre style avec la Air Jordan 1 Retro High OG Black Metallic Gold (GS).<\/p>\n<p>Coloris\u00a0: Noir\/Noir-Or m\u00e9tallis\u00e9<\/p>\n<p>Code article\u00a0: 575441-032<\/p>\n<p>Tige\u00a0: Cuir verni<\/p>\n<p>Semelle interm\u00e9diaire\u00a0: Air<\/p>\n<p>Couleur\u00a0: Noir<\/p>\n<p>Designer\u00a0: Peter Moore<\/p>\n<p>Saison\u00a0: Automne<\/p>\n<p>Ann\u00e9e de sortie\u00a0: 2020<\/p>\n<p>\u00c2ge\u00a0: Adulte<br \/>\nCouleur\u00a0: Beige\/Lin\/Voile<br \/>\nGenre\u00a0: Jeune<\/p>\n","protected":false},"excerpt":{"rendered":"<p>La Air Jordan 1 Retro High OG Black Metallic Gold (GS) est une chaussure de basketball embl\u00e9matique et styl\u00e9e de Jordan. Avec son design noir \u00e9pur\u00e9 et ses d\u00e9tails dor\u00e9s m\u00e9tallis\u00e9s, elle est id\u00e9ale pour les jeunes athl\u00e8tes qui veulent se d\u00e9marquer sur le terrain. Gr\u00e2ce \u00e0 sa tige montante et \u00e0 ses mat\u00e9riaux haut [&hellip;]<\/p>\n","protected":false},"featured_media":771652,"comment_status":"open","ping_status":"closed","template":"","meta":[],"product_brand":[],"product_cat":[38880],"product_tag":[10750,38861,38988,10776,11349,38875,10756,39039],"class_list":{"0":"post-771651","1":"product","2":"type-product","3":"status-publish","4":"has-post-thumbnail","6":"product_cat-jordan","7":"product_tag-athleisure-shoes","8":"product_tag-below-retail-price","9":"product_tag-casual-shoes-for-kids","10":"product_tag-jordan","11":"product_tag-jordan-basketball-shoes","12":"product_tag-jordan-skateboard-shoes","13":"product_tag-retro-casual-shoes","14":"product_tag-sneakers-for-kids","16":"first","17":"instock","18":"taxable","19":"shipping-taxable","20":"purchasable","21":"product-type-simple"},"wcpa_form_fields":null,"yoast_head":"<!-- This site is optimized with the Yoast SEO plugin v26.5 - https:\/\/yoast.com\/wordpress\/plugins\/seo\/ -->\n<title>(Grade School) Air Jordan 1 Retro High OG &#039;Black Metallic Gold&#039; 575441-032 - TOURCRUISER PTE. LTD<\/title>\n<meta name=\"robots\" content=\"index, follow, max-snippet:-1, max-image-preview:large, max-video-preview:-1\" \/>\n<link rel=\"canonical\" href=\"https:\/\/tourcruiser.com\/fr\/products\/grade-school-air-jordan-1-retro-high-og-black-metallic-gold-575441-032\/\" \/>\n<meta property=\"og:locale\" content=\"fr_FR\" \/>\n<meta property=\"og:type\" content=\"article\" \/>\n<meta property=\"og:title\" content=\"(Grade School) Air Jordan 1 Retro High OG &#039;Black Metallic Gold&#039; 575441-032 - TOURCRUISER PTE. LTD\" \/>\n<meta property=\"og:description\" content=\"La Air Jordan 1 Retro High OG Black Metallic Gold (GS) est une chaussure de basketball embl\u00e9matique et styl\u00e9e de Jordan. Avec son design noir \u00e9pur\u00e9 et ses d\u00e9tails dor\u00e9s m\u00e9tallis\u00e9s, elle est id\u00e9ale pour les jeunes athl\u00e8tes qui veulent se d\u00e9marquer sur le terrain. Gr\u00e2ce \u00e0 sa tige montante et \u00e0 ses mat\u00e9riaux haut [&hellip;]\" \/>\n<meta property=\"og:url\" content=\"https:\/\/tourcruiser.com\/fr\/products\/grade-school-air-jordan-1-retro-high-og-black-metallic-gold-575441-032\/\" \/>\n<meta property=\"og:site_name\" content=\"Tourcruiser Sneaker Store\" \/>\n<meta property=\"article:modified_time\" content=\"2026-04-17T16:05:13+00:00\" \/>\n<meta name=\"twitter:card\" content=\"summary_large_image\" \/>\n<meta name=\"twitter:image\" content=\"https:\/\/images.novelship.com\/product\/_grade_school__air_jordan_1_retro_high_og__black_m_0_83172.jpeg;https:\/\/images.novelship.com\/product\/_grade_school__air_jordan_1_retro_high_og__black_m_1_83172.jpeg;https:\/\/images.novelship.com\/product\/_grade_school__air_jordan_1_retro_high_og__black_m_2_83172.jpeg;https:\/\/images.novelship.com\/product\/_grade_school__air_jordan_1_retro_high_og__black_m_3_83172.jpeg;https:\/\/images.novelship.com\/product\/_grade_school__air_jordan_1_retro_high_og__black_m_4_83172.jpeg;https:\/\/images.novelship.com\/product\/_grade_school__air_jordan_1_retro_high_og__black_m_5_83172.jpeg;https:\/\/images.novelship.com\/product\/_grade_school__air_jordan_1_retro_high_og__black_m_6_83172.jpeg;https:\/\/images.novelship.com\/product\/_grade_school__air_jordan_1_retro_high_og__black_m_7_83172.jpeg\" \/>\n<meta name=\"twitter:label1\" content=\"Dur\u00e9e de lecture estim\u00e9e\" \/>\n\t<meta name=\"twitter:data1\" content=\"1 minute\" \/>\n<script type=\"application\/ld+json\" class=\"yoast-schema-graph\">{\"@context\":\"https:\/\/schema.org\",\"@graph\":[{\"@type\":\"WebPage\",\"@id\":\"https:\/\/tourcruiser.com\/fr\/products\/grade-school-air-jordan-1-retro-high-og-black-metallic-gold-575441-032\/\",\"url\":\"https:\/\/tourcruiser.com\/fr\/products\/grade-school-air-jordan-1-retro-high-og-black-metallic-gold-575441-032\/\",\"name\":\"(Grade School) Air Jordan 1 Retro High OG 'Black Metallic Gold' 575441-032 - TOURCRUISER PTE. LTD\",\"isPartOf\":{\"@id\":\"\/#website\"},\"primaryImageOfPage\":{\"@id\":\"https:\/\/tourcruiser.com\/fr\/products\/grade-school-air-jordan-1-retro-high-og-black-metallic-gold-575441-032\/#primaryimage\"},\"image\":{\"@id\":\"https:\/\/tourcruiser.com\/fr\/products\/grade-school-air-jordan-1-retro-high-og-black-metallic-gold-575441-032\/#primaryimage\"},\"thumbnailUrl\":\"https:\/\/images.novelship.com\/product\/_grade_school__air_jordan_1_retro_high_og__black_m_0_83172.jpeg;https:\/\/images.novelship.com\/product\/_grade_school__air_jordan_1_retro_high_og__black_m_1_83172.jpeg;https:\/\/images.novelship.com\/product\/_grade_school__air_jordan_1_retro_high_og__black_m_2_83172.jpeg;https:\/\/images.novelship.com\/product\/_grade_school__air_jordan_1_retro_high_og__black_m_3_83172.jpeg;https:\/\/images.novelship.com\/product\/_grade_school__air_jordan_1_retro_high_og__black_m_4_83172.jpeg;https:\/\/images.novelship.com\/product\/_grade_school__air_jordan_1_retro_high_og__black_m_5_83172.jpeg;https:\/\/images.novelship.com\/product\/_grade_school__air_jordan_1_retro_high_og__black_m_6_83172.jpeg;https:\/\/images.novelship.com\/product\/_grade_school__air_jordan_1_retro_high_og__black_m_7_83172.jpeg\",\"datePublished\":\"2026-04-16T10:14:54+00:00\",\"dateModified\":\"2026-04-17T16:05:13+00:00\",\"breadcrumb\":{\"@id\":\"https:\/\/tourcruiser.com\/fr\/products\/grade-school-air-jordan-1-retro-high-og-black-metallic-gold-575441-032\/#breadcrumb\"},\"inLanguage\":\"fr-FR\",\"potentialAction\":[{\"@type\":\"ReadAction\",\"target\":[\"https:\/\/tourcruiser.com\/fr\/products\/grade-school-air-jordan-1-retro-high-og-black-metallic-gold-575441-032\/\"]}]},{\"@type\":\"ImageObject\",\"inLanguage\":\"fr-FR\",\"@id\":\"https:\/\/tourcruiser.com\/fr\/products\/grade-school-air-jordan-1-retro-high-og-black-metallic-gold-575441-032\/#primaryimage\",\"url\":\"https:\/\/images.novelship.com\/product\/_grade_school__air_jordan_1_retro_high_og__black_m_0_83172.jpeg;https:\/\/images.novelship.com\/product\/_grade_school__air_jordan_1_retro_high_og__black_m_1_83172.jpeg;https:\/\/images.novelship.com\/product\/_grade_school__air_jordan_1_retro_high_og__black_m_2_83172.jpeg;https:\/\/images.novelship.com\/product\/_grade_school__air_jordan_1_retro_high_og__black_m_3_83172.jpeg;https:\/\/images.novelship.com\/product\/_grade_school__air_jordan_1_retro_high_og__black_m_4_83172.jpeg;https:\/\/images.novelship.com\/product\/_grade_school__air_jordan_1_retro_high_og__black_m_5_83172.jpeg;https:\/\/images.novelship.com\/product\/_grade_school__air_jordan_1_retro_high_og__black_m_6_83172.jpeg;https:\/\/images.novelship.com\/product\/_grade_school__air_jordan_1_retro_high_og__black_m_7_83172.jpeg\",\"contentUrl\":\"https:\/\/images.novelship.com\/product\/_grade_school__air_jordan_1_retro_high_og__black_m_0_83172.jpeg;https:\/\/images.novelship.com\/product\/_grade_school__air_jordan_1_retro_high_og__black_m_1_83172.jpeg;https:\/\/images.novelship.com\/product\/_grade_school__air_jordan_1_retro_high_og__black_m_2_83172.jpeg;https:\/\/images.novelship.com\/product\/_grade_school__air_jordan_1_retro_high_og__black_m_3_83172.jpeg;https:\/\/images.novelship.com\/product\/_grade_school__air_jordan_1_retro_high_og__black_m_4_83172.jpeg;https:\/\/images.novelship.com\/product\/_grade_school__air_jordan_1_retro_high_og__black_m_5_83172.jpeg;https:\/\/images.novelship.com\/product\/_grade_school__air_jordan_1_retro_high_og__black_m_6_83172.jpeg;https:\/\/images.novelship.com\/product\/_grade_school__air_jordan_1_retro_high_og__black_m_7_83172.jpeg\"},{\"@type\":\"BreadcrumbList\",\"@id\":\"https:\/\/tourcruiser.com\/fr\/products\/grade-school-air-jordan-1-retro-high-og-black-metallic-gold-575441-032\/#breadcrumb\",\"itemListElement\":[{\"@type\":\"ListItem\",\"position\":1,\"name\":\"Home\",\"item\":\"https:\/\/tourcruiser.com\/fr\/\"},{\"@type\":\"ListItem\",\"position\":2,\"name\":\"Shop\",\"item\":\"https:\/\/tourcruiser.com\/fr\/shop\/\"},{\"@type\":\"ListItem\",\"position\":3,\"name\":\"(Grade School) Air Jordan 1 Retro High OG &#8216;Black Metallic Gold&#8217; 575441-032\"}]},{\"@type\":\"WebSite\",\"@id\":\"\/#website\",\"url\":\"\/\",\"name\":\"Styloral Jewelry Shop\",\"description\":\"Tourcruiser Sneaker Store \u2014 L\u2019endroit o\u00f9 l\u2019univers rencontre votre singularit\u00e9.\",\"publisher\":{\"@id\":\"\/#organization\"},\"potentialAction\":[{\"@type\":\"SearchAction\",\"target\":{\"@type\":\"EntryPoint\",\"urlTemplate\":\"\/?s={search_term_string}\"},\"query-input\":{\"@type\":\"PropertyValueSpecification\",\"valueRequired\":true,\"valueName\":\"search_term_string\"}}],\"inLanguage\":\"fr-FR\"},{\"@type\":\"Organization\",\"@id\":\"\/#organization\",\"name\":\"STYLORAL PTE. LTD\",\"url\":\"\/\",\"logo\":{\"@type\":\"ImageObject\",\"inLanguage\":\"fr-FR\",\"@id\":\"\/#\/schema\/logo\/image\/\",\"url\":\"https:\/\/www.tourcruiser.com\/wp-content\/uploads\/2025\/12\/logo.png\",\"contentUrl\":\"https:\/\/www.tourcruiser.com\/wp-content\/uploads\/2025\/12\/logo.png\",\"width\":200,\"height\":65,\"caption\":\"STYLORAL PTE. LTD\"},\"image\":{\"@id\":\"\/#\/schema\/logo\/image\/\"}}]}<\/script>\n<!-- \/ Yoast SEO plugin. -->","yoast_head_json":{"title":"(Grade School) Air Jordan 1 Retro High OG 'Black Metallic Gold' 575441-032 - TOURCRUISER PTE. LTD","robots":{"index":"index","follow":"follow","max-snippet":"max-snippet:-1","max-image-preview":"max-image-preview:large","max-video-preview":"max-video-preview:-1"},"canonical":"https:\/\/tourcruiser.com\/fr\/products\/grade-school-air-jordan-1-retro-high-og-black-metallic-gold-575441-032\/","og_locale":"fr_FR","og_type":"article","og_title":"(Grade School) Air Jordan 1 Retro High OG 'Black Metallic Gold' 575441-032 - TOURCRUISER PTE. LTD","og_description":"La Air Jordan 1 Retro High OG Black Metallic Gold (GS) est une chaussure de basketball embl\u00e9matique et styl\u00e9e de Jordan. Avec son design noir \u00e9pur\u00e9 et ses d\u00e9tails dor\u00e9s m\u00e9tallis\u00e9s, elle est id\u00e9ale pour les jeunes athl\u00e8tes qui veulent se d\u00e9marquer sur le terrain. Gr\u00e2ce \u00e0 sa tige montante et \u00e0 ses mat\u00e9riaux haut [&hellip;]","og_url":"https:\/\/tourcruiser.com\/fr\/products\/grade-school-air-jordan-1-retro-high-og-black-metallic-gold-575441-032\/","og_site_name":"Tourcruiser Sneaker Store","article_modified_time":"2026-04-17T16:05:13+00:00","twitter_card":"summary_large_image","twitter_image":"https:\/\/images.novelship.com\/product\/_grade_school__air_jordan_1_retro_high_og__black_m_0_83172.jpeg;https:\/\/images.novelship.com\/product\/_grade_school__air_jordan_1_retro_high_og__black_m_1_83172.jpeg;https:\/\/images.novelship.com\/product\/_grade_school__air_jordan_1_retro_high_og__black_m_2_83172.jpeg;https:\/\/images.novelship.com\/product\/_grade_school__air_jordan_1_retro_high_og__black_m_3_83172.jpeg;https:\/\/images.novelship.com\/product\/_grade_school__air_jordan_1_retro_high_og__black_m_4_83172.jpeg;https:\/\/images.novelship.com\/product\/_grade_school__air_jordan_1_retro_high_og__black_m_5_83172.jpeg;https:\/\/images.novelship.com\/product\/_grade_school__air_jordan_1_retro_high_og__black_m_6_83172.jpeg;https:\/\/images.novelship.com\/product\/_grade_school__air_jordan_1_retro_high_og__black_m_7_83172.jpeg","twitter_misc":{"Dur\u00e9e de lecture estim\u00e9e":"1 minute"},"schema":{"@context":"https:\/\/schema.org","@graph":[{"@type":"WebPage","@id":"https:\/\/tourcruiser.com\/fr\/products\/grade-school-air-jordan-1-retro-high-og-black-metallic-gold-575441-032\/","url":"https:\/\/tourcruiser.com\/fr\/products\/grade-school-air-jordan-1-retro-high-og-black-metallic-gold-575441-032\/","name":"(Grade School) Air Jordan 1 Retro High OG 'Black Metallic Gold' 575441-032 - TOURCRUISER PTE. LTD","isPartOf":{"@id":"\/#website"},"primaryImageOfPage":{"@id":"https:\/\/tourcruiser.com\/fr\/products\/grade-school-air-jordan-1-retro-high-og-black-metallic-gold-575441-032\/#primaryimage"},"image":{"@id":"https:\/\/tourcruiser.com\/fr\/products\/grade-school-air-jordan-1-retro-high-og-black-metallic-gold-575441-032\/#primaryimage"},"thumbnailUrl":"https:\/\/images.novelship.com\/product\/_grade_school__air_jordan_1_retro_high_og__black_m_0_83172.jpeg;https:\/\/images.novelship.com\/product\/_grade_school__air_jordan_1_retro_high_og__black_m_1_83172.jpeg;https:\/\/images.novelship.com\/product\/_grade_school__air_jordan_1_retro_high_og__black_m_2_83172.jpeg;https:\/\/images.novelship.com\/product\/_grade_school__air_jordan_1_retro_high_og__black_m_3_83172.jpeg;https:\/\/images.novelship.com\/product\/_grade_school__air_jordan_1_retro_high_og__black_m_4_83172.jpeg;https:\/\/images.novelship.com\/product\/_grade_school__air_jordan_1_retro_high_og__black_m_5_83172.jpeg;https:\/\/images.novelship.com\/product\/_grade_school__air_jordan_1_retro_high_og__black_m_6_83172.jpeg;https:\/\/images.novelship.com\/product\/_grade_school__air_jordan_1_retro_high_og__black_m_7_83172.jpeg","datePublished":"2026-04-16T10:14:54+00:00","dateModified":"2026-04-17T16:05:13+00:00","breadcrumb":{"@id":"https:\/\/tourcruiser.com\/fr\/products\/grade-school-air-jordan-1-retro-high-og-black-metallic-gold-575441-032\/#breadcrumb"},"inLanguage":"fr-FR","potentialAction":[{"@type":"ReadAction","target":["https:\/\/tourcruiser.com\/fr\/products\/grade-school-air-jordan-1-retro-high-og-black-metallic-gold-575441-032\/"]}]},{"@type":"ImageObject","inLanguage":"fr-FR","@id":"https:\/\/tourcruiser.com\/fr\/products\/grade-school-air-jordan-1-retro-high-og-black-metallic-gold-575441-032\/#primaryimage","url":"https:\/\/images.novelship.com\/product\/_grade_school__air_jordan_1_retro_high_og__black_m_0_83172.jpeg;https:\/\/images.novelship.com\/product\/_grade_school__air_jordan_1_retro_high_og__black_m_1_83172.jpeg;https:\/\/images.novelship.com\/product\/_grade_school__air_jordan_1_retro_high_og__black_m_2_83172.jpeg;https:\/\/images.novelship.com\/product\/_grade_school__air_jordan_1_retro_high_og__black_m_3_83172.jpeg;https:\/\/images.novelship.com\/product\/_grade_school__air_jordan_1_retro_high_og__black_m_4_83172.jpeg;https:\/\/images.novelship.com\/product\/_grade_school__air_jordan_1_retro_high_og__black_m_5_83172.jpeg;https:\/\/images.novelship.com\/product\/_grade_school__air_jordan_1_retro_high_og__black_m_6_83172.jpeg;https:\/\/images.novelship.com\/product\/_grade_school__air_jordan_1_retro_high_og__black_m_7_83172.jpeg","contentUrl":"https:\/\/images.novelship.com\/product\/_grade_school__air_jordan_1_retro_high_og__black_m_0_83172.jpeg;https:\/\/images.novelship.com\/product\/_grade_school__air_jordan_1_retro_high_og__black_m_1_83172.jpeg;https:\/\/images.novelship.com\/product\/_grade_school__air_jordan_1_retro_high_og__black_m_2_83172.jpeg;https:\/\/images.novelship.com\/product\/_grade_school__air_jordan_1_retro_high_og__black_m_3_83172.jpeg;https:\/\/images.novelship.com\/product\/_grade_school__air_jordan_1_retro_high_og__black_m_4_83172.jpeg;https:\/\/images.novelship.com\/product\/_grade_school__air_jordan_1_retro_high_og__black_m_5_83172.jpeg;https:\/\/images.novelship.com\/product\/_grade_school__air_jordan_1_retro_high_og__black_m_6_83172.jpeg;https:\/\/images.novelship.com\/product\/_grade_school__air_jordan_1_retro_high_og__black_m_7_83172.jpeg"},{"@type":"BreadcrumbList","@id":"https:\/\/tourcruiser.com\/fr\/products\/grade-school-air-jordan-1-retro-high-og-black-metallic-gold-575441-032\/#breadcrumb","itemListElement":[{"@type":"ListItem","position":1,"name":"Home","item":"https:\/\/tourcruiser.com\/fr\/"},{"@type":"ListItem","position":2,"name":"Shop","item":"https:\/\/tourcruiser.com\/fr\/shop\/"},{"@type":"ListItem","position":3,"name":"(Grade School) Air Jordan 1 Retro High OG &#8216;Black Metallic Gold&#8217; 575441-032"}]},{"@type":"WebSite","@id":"\/#website","url":"\/","name":"Styloral Jewelry Shop","description":"Tourcruiser Sneaker Store \u2014 L\u2019endroit o\u00f9 l\u2019univers rencontre votre singularit\u00e9.","publisher":{"@id":"\/#organization"},"potentialAction":[{"@type":"SearchAction","target":{"@type":"EntryPoint","urlTemplate":"\/?s={search_term_string}"},"query-input":{"@type":"PropertyValueSpecification","valueRequired":true,"valueName":"search_term_string"}}],"inLanguage":"fr-FR"},{"@type":"Organization","@id":"\/#organization","name":"STYLORAL PTE. LTD","url":"\/","logo":{"@type":"ImageObject","inLanguage":"fr-FR","@id":"\/#\/schema\/logo\/image\/","url":"https:\/\/www.tourcruiser.com\/wp-content\/uploads\/2025\/12\/logo.png","contentUrl":"https:\/\/www.tourcruiser.com\/wp-content\/uploads\/2025\/12\/logo.png","width":200,"height":65,"caption":"STYLORAL PTE. LTD"},"image":{"@id":"\/#\/schema\/logo\/image\/"}}]}},"_links":{"self":[{"href":"https:\/\/tourcruiser.com\/fr\/wp-json\/wp\/v2\/product\/771651","targetHints":{"allow":["GET"]}}],"collection":[{"href":"https:\/\/tourcruiser.com\/fr\/wp-json\/wp\/v2\/product"}],"about":[{"href":"https:\/\/tourcruiser.com\/fr\/wp-json\/wp\/v2\/types\/product"}],"replies":[{"embeddable":true,"href":"https:\/\/tourcruiser.com\/fr\/wp-json\/wp\/v2\/comments?post=771651"}],"wp:featuredmedia":[{"embeddable":true,"href":"https:\/\/tourcruiser.com\/fr\/wp-json\/wp\/v2\/media\/771652"}],"wp:attachment":[{"href":"https:\/\/tourcruiser.com\/fr\/wp-json\/wp\/v2\/media?parent=771651"}],"wp:term":[{"taxonomy":"product_brand","embeddable":true,"href":"https:\/\/tourcruiser.com\/fr\/wp-json\/wp\/v2\/product_brand?post=771651"},{"taxonomy":"product_cat","embeddable":true,"href":"https:\/\/tourcruiser.com\/fr\/wp-json\/wp\/v2\/product_cat?post=771651"},{"taxonomy":"product_tag","embeddable":true,"href":"https:\/\/tourcruiser.com\/fr\/wp-json\/wp\/v2\/product_tag?post=771651"}],"curies":[{"name":"wp","href":"https:\/\/api.w.org\/{rel}","templated":true}]}}