{"id":771534,"date":"2026-04-16T17:14:50","date_gmt":"2026-04-16T10:14:50","guid":{"rendered":"http:\/\/tourcruiser.com\/product\/nike-acg-mountain-fly-low-se-canyon-purple-dq1979-500"},"modified":"2026-04-17T23:05:00","modified_gmt":"2026-04-17T16:05:00","slug":"nike-acg-mountain-fly-low-se-canyon-purple-dq1979-500","status":"publish","type":"product","link":"https:\/\/tourcruiser.com\/fr\/products\/nike-acg-mountain-fly-low-se-canyon-purple-dq1979-500\/","title":{"rendered":"Nike ACG Mountain Fly Low SE Canyon Purple DQ1979-500"},"content":{"rendered":"<p>Les sneakers Nike ACG Mountain Fly Low SE Canyon Purple sont le choix id\u00e9al pour vos aventures en plein air, alliant style et fonctionnalit\u00e9. Gr\u00e2ce \u00e0 leur conception robuste et leur couleur Canyon Purple \u00e9clatante, ces sneakers Nike offrent confort et style. Parfaites pour la randonn\u00e9e ou au quotidien, elles int\u00e8grent la technologie ACG de Nike, gage d&rsquo;une adh\u00e9rence et d&rsquo;une stabilit\u00e9 optimales. Dominez tous les terrains avec style gr\u00e2ce aux sneakers Nike ACG Mountain Fly Low SE Canyon Purple.<\/p>\n<p>Couleur : Canyon Purple\/Doll\/Grey Fog\/Amethyst Wave<\/p>\n<p>Code article : DQ1979-500<\/p>\n<p>Mati\u00e8re ext\u00e9rieure : Synth\u00e9tique<\/p>\n<p>Semelle interm\u00e9diaire : React<\/p>\n<p>Couleur : Violet<\/p>\n<p>Saison : \u00c9t\u00e9<\/p>\n<p>Ann\u00e9e de sortie : 2022<br \/>\n\u00c2ge : Adulte<\/p>\n<p>Couleur : Celadon\/Coast\/Concord<br \/>\nGenre : Homme<\/p>\n","protected":false},"excerpt":{"rendered":"<p>Les sneakers Nike ACG Mountain Fly Low SE Canyon Purple sont le choix id\u00e9al pour vos aventures en plein air, alliant style et fonctionnalit\u00e9. Gr\u00e2ce \u00e0 leur conception robuste et leur couleur Canyon Purple \u00e9clatante, ces sneakers Nike offrent confort et style. Parfaites pour la randonn\u00e9e ou au quotidien, elles int\u00e8grent la technologie ACG de [&hellip;]<\/p>\n","protected":false},"featured_media":771535,"comment_status":"open","ping_status":"closed","template":"","meta":[],"product_brand":[],"product_cat":[10803],"product_tag":[38861,39447,39428,10801,38846,39429],"class_list":{"0":"post-771534","1":"product","2":"type-product","3":"status-publish","4":"has-post-thumbnail","6":"product_cat-nike","7":"product_tag-below-retail-price","8":"product_tag-gift-idea-for-him-hiking-boots","9":"product_tag-lightweight-hiking-boots","10":"product_tag-nike","11":"product_tag-performance-sports-shoes","12":"product_tag-waterproof-hiking-boots","13":"wcpa_has_options","15":"first","16":"instock","17":"taxable","18":"shipping-taxable","19":"purchasable","20":"product-type-simple"},"wcpa_form_fields":{"rules":{"pric_overide_base_price":false,"pric_overide_base_price_if_gt_zero":false,"pric_overide_base_price_fully":false,"pric_cal_option_once":false,"pric_use_as_fee":false,"bind_quantity":false,"quantity_bind_formula":false},"fields":[{"type":"color-group","required":true,"elementId":"wcpa-color-group-66c4a75505e74","label":"Taille","inline":true,"priceOptions":"different_for_all","pricingType":"fixed","className":"hassizechart product-shoes-size-eu product-shoes-size","name":"color-group-66c4a75505e89","disp_type":"square","selection_type":"tick-border","disp_size":"44","show_label_inside":true,"adjust_width":true,"cart_display_type":"text","other_text":"Other","cl_rule":"show","col":6,"values":[{"label":"35.5","value":"EU 35.5","price":"","pimage":"","pimage_id":"","pthumb":"","color":""},{"label":"36","value":"EU 36","price":"","pimage":"","pimage_id":"","pthumb":"","color":"","selected":true},{"label":"36.5","value":"EU 36.5","price":"","pimage":"","pimage_id":"","pthumb":"","color":""},{"label":"37.5","value":"EU 37.5","price":"","pimage":"","pimage_id":"","pthumb":"","color":""},{"label":"38","value":"EU 38","price":"","pimage":"","pimage_id":"","pthumb":"","color":""},{"label":"38.5","value":"EU 38.5","price":"","pimage":"","pimage_id":"","pthumb":"","color":""},{"label":"39","value":"EU 39","price":"","pimage":"","pimage_id":"","pthumb":"","color":""},{"label":"40","value":"EU 40","price":"","pimage":"","pimage_id":"","pthumb":"","color":""},{"label":"40.5","value":"EU 40.5","price":"","pimage":"","pimage_id":"","pthumb":"","color":""},{"label":"41","value":"EU 41","price":"","pimage":"","pimage_id":"","pthumb":"","color":""},{"label":"42","value":"EU 42","price":"","pimage":"","pimage_id":"","pthumb":"","color":""},{"label":"42.5","value":"EU 42.5","price":"","pimage":"","pimage_id":"","pthumb":"","color":""},{"label":"43","value":"EU 43","price":"","pimage":"","pimage_id":"","pthumb":"","color":""},{"label":"44","value":"EU 44","price":"","pimage":"","pimage_id":"","pthumb":"","color":""},{"label":"44.5","value":"EU 44.5","price":"","pimage":"","pimage_id":"","pthumb":"","color":""},{"label":"45","value":"EU 45","price":"","pimage":"","pimage_id":"","pthumb":"","color":""},{"label":"45.5","value":"EU 45.5","price":"","pimage":"","pimage_id":"","pthumb":"","color":""},{"label":"46","value":"EU 46","price":"","pimage":"","pimage_id":"","pthumb":"","color":""},{"label":"47","value":"EU 47","price":"","pimage":"","pimage_id":"","pthumb":"","color":""},{"label":"47.5","value":"EU 47.5","price":"","pimage":"","pimage_id":"","pthumb":"","color":""},{"label":"48","value":"EU 48","price":"","pimage":"","pimage_id":"","pthumb":"","color":""}],"relations":[{"operator":false,"rules":[]}],"form_id":18106,"form_rules":{"pric_cal_option_once":false,"exclude_from_discount":false,"pric_use_as_fee":false,"fee_label":"Fee","render_after_acb":false,"disp_hide_options_price":false}}]},"yoast_head":"<!-- This site is optimized with the Yoast SEO plugin v26.5 - https:\/\/yoast.com\/wordpress\/plugins\/seo\/ -->\n<title>Nike ACG Mountain Fly Low SE Canyon Purple DQ1979-500 - TOURCRUISER PTE. LTD<\/title>\n<meta name=\"robots\" content=\"index, follow, max-snippet:-1, max-image-preview:large, max-video-preview:-1\" \/>\n<link rel=\"canonical\" href=\"https:\/\/tourcruiser.com\/fr\/products\/nike-acg-mountain-fly-low-se-canyon-purple-dq1979-500\/\" \/>\n<meta property=\"og:locale\" content=\"fr_FR\" \/>\n<meta property=\"og:type\" content=\"article\" \/>\n<meta property=\"og:title\" content=\"Nike ACG Mountain Fly Low SE Canyon Purple DQ1979-500 - TOURCRUISER PTE. LTD\" \/>\n<meta property=\"og:description\" content=\"Les sneakers Nike ACG Mountain Fly Low SE Canyon Purple sont le choix id\u00e9al pour vos aventures en plein air, alliant style et fonctionnalit\u00e9. Gr\u00e2ce \u00e0 leur conception robuste et leur couleur Canyon Purple \u00e9clatante, ces sneakers Nike offrent confort et style. Parfaites pour la randonn\u00e9e ou au quotidien, elles int\u00e8grent la technologie ACG de [&hellip;]\" \/>\n<meta property=\"og:url\" content=\"https:\/\/tourcruiser.com\/fr\/products\/nike-acg-mountain-fly-low-se-canyon-purple-dq1979-500\/\" \/>\n<meta property=\"og:site_name\" content=\"Tourcruiser Sneaker Store\" \/>\n<meta property=\"article:modified_time\" content=\"2026-04-17T16:05:00+00:00\" \/>\n<meta name=\"twitter:card\" content=\"summary_large_image\" \/>\n<meta name=\"twitter:image\" content=\"https:\/\/images.novelship.com\/product\/nike_acg_mountain_fly_low_se_canyon_purple_dq1979__0_87640.jpeg;https:\/\/images.novelship.com\/product\/nike_acg_mountain_fly_low_se_canyon_purple_dq1979__1_87640.jpeg;https:\/\/images.novelship.com\/product\/nike_acg_mountain_fly_low_se_canyon_purple_dq1979__2_87640.jpeg;https:\/\/images.novelship.com\/product\/nike_acg_mountain_fly_low_se_canyon_purple_dq1979__3_87640.jpeg;https:\/\/images.novelship.com\/product\/nike_acg_mountain_fly_low_se_canyon_purple_dq1979__4_87640.jpeg;https:\/\/images.novelship.com\/product\/nike_acg_mountain_fly_low_se_canyon_purple_dq1979__5_87640.jpeg;https:\/\/images.novelship.com\/product\/nike_acg_mountain_fly_low_se_canyon_purple_dq1979__6_87640.jpeg;https:\/\/images.novelship.com\/product\/nike_acg_mountain_fly_low_se_canyon_purple_dq1979__7_87640.jpeg\" \/>\n<meta name=\"twitter:label1\" content=\"Dur\u00e9e de lecture estim\u00e9e\" \/>\n\t<meta name=\"twitter:data1\" content=\"1 minute\" \/>\n<script type=\"application\/ld+json\" class=\"yoast-schema-graph\">{\"@context\":\"https:\/\/schema.org\",\"@graph\":[{\"@type\":\"WebPage\",\"@id\":\"https:\/\/tourcruiser.com\/fr\/products\/nike-acg-mountain-fly-low-se-canyon-purple-dq1979-500\/\",\"url\":\"https:\/\/tourcruiser.com\/fr\/products\/nike-acg-mountain-fly-low-se-canyon-purple-dq1979-500\/\",\"name\":\"Nike ACG Mountain Fly Low SE Canyon Purple DQ1979-500 - TOURCRUISER PTE. LTD\",\"isPartOf\":{\"@id\":\"https:\/\/tourcruiser.com\/fr\/#website\"},\"primaryImageOfPage\":{\"@id\":\"https:\/\/tourcruiser.com\/fr\/products\/nike-acg-mountain-fly-low-se-canyon-purple-dq1979-500\/#primaryimage\"},\"image\":{\"@id\":\"https:\/\/tourcruiser.com\/fr\/products\/nike-acg-mountain-fly-low-se-canyon-purple-dq1979-500\/#primaryimage\"},\"thumbnailUrl\":\"https:\/\/images.novelship.com\/product\/nike_acg_mountain_fly_low_se_canyon_purple_dq1979__0_87640.jpeg;https:\/\/images.novelship.com\/product\/nike_acg_mountain_fly_low_se_canyon_purple_dq1979__1_87640.jpeg;https:\/\/images.novelship.com\/product\/nike_acg_mountain_fly_low_se_canyon_purple_dq1979__2_87640.jpeg;https:\/\/images.novelship.com\/product\/nike_acg_mountain_fly_low_se_canyon_purple_dq1979__3_87640.jpeg;https:\/\/images.novelship.com\/product\/nike_acg_mountain_fly_low_se_canyon_purple_dq1979__4_87640.jpeg;https:\/\/images.novelship.com\/product\/nike_acg_mountain_fly_low_se_canyon_purple_dq1979__5_87640.jpeg;https:\/\/images.novelship.com\/product\/nike_acg_mountain_fly_low_se_canyon_purple_dq1979__6_87640.jpeg;https:\/\/images.novelship.com\/product\/nike_acg_mountain_fly_low_se_canyon_purple_dq1979__7_87640.jpeg\",\"datePublished\":\"2026-04-16T10:14:50+00:00\",\"dateModified\":\"2026-04-17T16:05:00+00:00\",\"breadcrumb\":{\"@id\":\"https:\/\/tourcruiser.com\/fr\/products\/nike-acg-mountain-fly-low-se-canyon-purple-dq1979-500\/#breadcrumb\"},\"inLanguage\":\"fr-FR\",\"potentialAction\":[{\"@type\":\"ReadAction\",\"target\":[\"https:\/\/tourcruiser.com\/fr\/products\/nike-acg-mountain-fly-low-se-canyon-purple-dq1979-500\/\"]}]},{\"@type\":\"ImageObject\",\"inLanguage\":\"fr-FR\",\"@id\":\"https:\/\/tourcruiser.com\/fr\/products\/nike-acg-mountain-fly-low-se-canyon-purple-dq1979-500\/#primaryimage\",\"url\":\"https:\/\/images.novelship.com\/product\/nike_acg_mountain_fly_low_se_canyon_purple_dq1979__0_87640.jpeg;https:\/\/images.novelship.com\/product\/nike_acg_mountain_fly_low_se_canyon_purple_dq1979__1_87640.jpeg;https:\/\/images.novelship.com\/product\/nike_acg_mountain_fly_low_se_canyon_purple_dq1979__2_87640.jpeg;https:\/\/images.novelship.com\/product\/nike_acg_mountain_fly_low_se_canyon_purple_dq1979__3_87640.jpeg;https:\/\/images.novelship.com\/product\/nike_acg_mountain_fly_low_se_canyon_purple_dq1979__4_87640.jpeg;https:\/\/images.novelship.com\/product\/nike_acg_mountain_fly_low_se_canyon_purple_dq1979__5_87640.jpeg;https:\/\/images.novelship.com\/product\/nike_acg_mountain_fly_low_se_canyon_purple_dq1979__6_87640.jpeg;https:\/\/images.novelship.com\/product\/nike_acg_mountain_fly_low_se_canyon_purple_dq1979__7_87640.jpeg\",\"contentUrl\":\"https:\/\/images.novelship.com\/product\/nike_acg_mountain_fly_low_se_canyon_purple_dq1979__0_87640.jpeg;https:\/\/images.novelship.com\/product\/nike_acg_mountain_fly_low_se_canyon_purple_dq1979__1_87640.jpeg;https:\/\/images.novelship.com\/product\/nike_acg_mountain_fly_low_se_canyon_purple_dq1979__2_87640.jpeg;https:\/\/images.novelship.com\/product\/nike_acg_mountain_fly_low_se_canyon_purple_dq1979__3_87640.jpeg;https:\/\/images.novelship.com\/product\/nike_acg_mountain_fly_low_se_canyon_purple_dq1979__4_87640.jpeg;https:\/\/images.novelship.com\/product\/nike_acg_mountain_fly_low_se_canyon_purple_dq1979__5_87640.jpeg;https:\/\/images.novelship.com\/product\/nike_acg_mountain_fly_low_se_canyon_purple_dq1979__6_87640.jpeg;https:\/\/images.novelship.com\/product\/nike_acg_mountain_fly_low_se_canyon_purple_dq1979__7_87640.jpeg\"},{\"@type\":\"BreadcrumbList\",\"@id\":\"https:\/\/tourcruiser.com\/fr\/products\/nike-acg-mountain-fly-low-se-canyon-purple-dq1979-500\/#breadcrumb\",\"itemListElement\":[{\"@type\":\"ListItem\",\"position\":1,\"name\":\"Home\",\"item\":\"https:\/\/tourcruiser.com\/fr\/\"},{\"@type\":\"ListItem\",\"position\":2,\"name\":\"Shop\",\"item\":\"https:\/\/tourcruiser.com\/fr\/shop\/\"},{\"@type\":\"ListItem\",\"position\":3,\"name\":\"Nike ACG Mountain Fly Low SE Canyon Purple DQ1979-500\"}]},{\"@type\":\"WebSite\",\"@id\":\"https:\/\/tourcruiser.com\/fr\/#website\",\"url\":\"https:\/\/tourcruiser.com\/fr\/\",\"name\":\"Styloral Jewelry Shop\",\"description\":\"Tourcruiser Sneaker Store \u2014 L\u2019endroit o\u00f9 l\u2019univers rencontre votre singularit\u00e9.\",\"publisher\":{\"@id\":\"https:\/\/tourcruiser.com\/fr\/#organization\"},\"potentialAction\":[{\"@type\":\"SearchAction\",\"target\":{\"@type\":\"EntryPoint\",\"urlTemplate\":\"https:\/\/tourcruiser.com\/fr\/?s={search_term_string}\"},\"query-input\":{\"@type\":\"PropertyValueSpecification\",\"valueRequired\":true,\"valueName\":\"search_term_string\"}}],\"inLanguage\":\"fr-FR\"},{\"@type\":\"Organization\",\"@id\":\"https:\/\/tourcruiser.com\/fr\/#organization\",\"name\":\"STYLORAL PTE. LTD\",\"url\":\"https:\/\/tourcruiser.com\/fr\/\",\"logo\":{\"@type\":\"ImageObject\",\"inLanguage\":\"fr-FR\",\"@id\":\"https:\/\/tourcruiser.com\/fr\/#\/schema\/logo\/image\/\",\"url\":\"https:\/\/www.tourcruiser.com\/wp-content\/uploads\/2025\/12\/logo.png\",\"contentUrl\":\"https:\/\/www.tourcruiser.com\/wp-content\/uploads\/2025\/12\/logo.png\",\"width\":200,\"height\":65,\"caption\":\"STYLORAL PTE. LTD\"},\"image\":{\"@id\":\"https:\/\/tourcruiser.com\/fr\/#\/schema\/logo\/image\/\"}}]}<\/script>\n<!-- \/ Yoast SEO plugin. -->","yoast_head_json":{"title":"Nike ACG Mountain Fly Low SE Canyon Purple DQ1979-500 - TOURCRUISER PTE. LTD","robots":{"index":"index","follow":"follow","max-snippet":"max-snippet:-1","max-image-preview":"max-image-preview:large","max-video-preview":"max-video-preview:-1"},"canonical":"https:\/\/tourcruiser.com\/fr\/products\/nike-acg-mountain-fly-low-se-canyon-purple-dq1979-500\/","og_locale":"fr_FR","og_type":"article","og_title":"Nike ACG Mountain Fly Low SE Canyon Purple DQ1979-500 - TOURCRUISER PTE. LTD","og_description":"Les sneakers Nike ACG Mountain Fly Low SE Canyon Purple sont le choix id\u00e9al pour vos aventures en plein air, alliant style et fonctionnalit\u00e9. Gr\u00e2ce \u00e0 leur conception robuste et leur couleur Canyon Purple \u00e9clatante, ces sneakers Nike offrent confort et style. Parfaites pour la randonn\u00e9e ou au quotidien, elles int\u00e8grent la technologie ACG de [&hellip;]","og_url":"https:\/\/tourcruiser.com\/fr\/products\/nike-acg-mountain-fly-low-se-canyon-purple-dq1979-500\/","og_site_name":"Tourcruiser Sneaker Store","article_modified_time":"2026-04-17T16:05:00+00:00","twitter_card":"summary_large_image","twitter_image":"https:\/\/images.novelship.com\/product\/nike_acg_mountain_fly_low_se_canyon_purple_dq1979__0_87640.jpeg;https:\/\/images.novelship.com\/product\/nike_acg_mountain_fly_low_se_canyon_purple_dq1979__1_87640.jpeg;https:\/\/images.novelship.com\/product\/nike_acg_mountain_fly_low_se_canyon_purple_dq1979__2_87640.jpeg;https:\/\/images.novelship.com\/product\/nike_acg_mountain_fly_low_se_canyon_purple_dq1979__3_87640.jpeg;https:\/\/images.novelship.com\/product\/nike_acg_mountain_fly_low_se_canyon_purple_dq1979__4_87640.jpeg;https:\/\/images.novelship.com\/product\/nike_acg_mountain_fly_low_se_canyon_purple_dq1979__5_87640.jpeg;https:\/\/images.novelship.com\/product\/nike_acg_mountain_fly_low_se_canyon_purple_dq1979__6_87640.jpeg;https:\/\/images.novelship.com\/product\/nike_acg_mountain_fly_low_se_canyon_purple_dq1979__7_87640.jpeg","twitter_misc":{"Dur\u00e9e de lecture estim\u00e9e":"1 minute"},"schema":{"@context":"https:\/\/schema.org","@graph":[{"@type":"WebPage","@id":"https:\/\/tourcruiser.com\/fr\/products\/nike-acg-mountain-fly-low-se-canyon-purple-dq1979-500\/","url":"https:\/\/tourcruiser.com\/fr\/products\/nike-acg-mountain-fly-low-se-canyon-purple-dq1979-500\/","name":"Nike ACG Mountain Fly Low SE Canyon Purple DQ1979-500 - TOURCRUISER PTE. LTD","isPartOf":{"@id":"https:\/\/tourcruiser.com\/fr\/#website"},"primaryImageOfPage":{"@id":"https:\/\/tourcruiser.com\/fr\/products\/nike-acg-mountain-fly-low-se-canyon-purple-dq1979-500\/#primaryimage"},"image":{"@id":"https:\/\/tourcruiser.com\/fr\/products\/nike-acg-mountain-fly-low-se-canyon-purple-dq1979-500\/#primaryimage"},"thumbnailUrl":"https:\/\/images.novelship.com\/product\/nike_acg_mountain_fly_low_se_canyon_purple_dq1979__0_87640.jpeg;https:\/\/images.novelship.com\/product\/nike_acg_mountain_fly_low_se_canyon_purple_dq1979__1_87640.jpeg;https:\/\/images.novelship.com\/product\/nike_acg_mountain_fly_low_se_canyon_purple_dq1979__2_87640.jpeg;https:\/\/images.novelship.com\/product\/nike_acg_mountain_fly_low_se_canyon_purple_dq1979__3_87640.jpeg;https:\/\/images.novelship.com\/product\/nike_acg_mountain_fly_low_se_canyon_purple_dq1979__4_87640.jpeg;https:\/\/images.novelship.com\/product\/nike_acg_mountain_fly_low_se_canyon_purple_dq1979__5_87640.jpeg;https:\/\/images.novelship.com\/product\/nike_acg_mountain_fly_low_se_canyon_purple_dq1979__6_87640.jpeg;https:\/\/images.novelship.com\/product\/nike_acg_mountain_fly_low_se_canyon_purple_dq1979__7_87640.jpeg","datePublished":"2026-04-16T10:14:50+00:00","dateModified":"2026-04-17T16:05:00+00:00","breadcrumb":{"@id":"https:\/\/tourcruiser.com\/fr\/products\/nike-acg-mountain-fly-low-se-canyon-purple-dq1979-500\/#breadcrumb"},"inLanguage":"fr-FR","potentialAction":[{"@type":"ReadAction","target":["https:\/\/tourcruiser.com\/fr\/products\/nike-acg-mountain-fly-low-se-canyon-purple-dq1979-500\/"]}]},{"@type":"ImageObject","inLanguage":"fr-FR","@id":"https:\/\/tourcruiser.com\/fr\/products\/nike-acg-mountain-fly-low-se-canyon-purple-dq1979-500\/#primaryimage","url":"https:\/\/images.novelship.com\/product\/nike_acg_mountain_fly_low_se_canyon_purple_dq1979__0_87640.jpeg;https:\/\/images.novelship.com\/product\/nike_acg_mountain_fly_low_se_canyon_purple_dq1979__1_87640.jpeg;https:\/\/images.novelship.com\/product\/nike_acg_mountain_fly_low_se_canyon_purple_dq1979__2_87640.jpeg;https:\/\/images.novelship.com\/product\/nike_acg_mountain_fly_low_se_canyon_purple_dq1979__3_87640.jpeg;https:\/\/images.novelship.com\/product\/nike_acg_mountain_fly_low_se_canyon_purple_dq1979__4_87640.jpeg;https:\/\/images.novelship.com\/product\/nike_acg_mountain_fly_low_se_canyon_purple_dq1979__5_87640.jpeg;https:\/\/images.novelship.com\/product\/nike_acg_mountain_fly_low_se_canyon_purple_dq1979__6_87640.jpeg;https:\/\/images.novelship.com\/product\/nike_acg_mountain_fly_low_se_canyon_purple_dq1979__7_87640.jpeg","contentUrl":"https:\/\/images.novelship.com\/product\/nike_acg_mountain_fly_low_se_canyon_purple_dq1979__0_87640.jpeg;https:\/\/images.novelship.com\/product\/nike_acg_mountain_fly_low_se_canyon_purple_dq1979__1_87640.jpeg;https:\/\/images.novelship.com\/product\/nike_acg_mountain_fly_low_se_canyon_purple_dq1979__2_87640.jpeg;https:\/\/images.novelship.com\/product\/nike_acg_mountain_fly_low_se_canyon_purple_dq1979__3_87640.jpeg;https:\/\/images.novelship.com\/product\/nike_acg_mountain_fly_low_se_canyon_purple_dq1979__4_87640.jpeg;https:\/\/images.novelship.com\/product\/nike_acg_mountain_fly_low_se_canyon_purple_dq1979__5_87640.jpeg;https:\/\/images.novelship.com\/product\/nike_acg_mountain_fly_low_se_canyon_purple_dq1979__6_87640.jpeg;https:\/\/images.novelship.com\/product\/nike_acg_mountain_fly_low_se_canyon_purple_dq1979__7_87640.jpeg"},{"@type":"BreadcrumbList","@id":"https:\/\/tourcruiser.com\/fr\/products\/nike-acg-mountain-fly-low-se-canyon-purple-dq1979-500\/#breadcrumb","itemListElement":[{"@type":"ListItem","position":1,"name":"Home","item":"https:\/\/tourcruiser.com\/fr\/"},{"@type":"ListItem","position":2,"name":"Shop","item":"https:\/\/tourcruiser.com\/fr\/shop\/"},{"@type":"ListItem","position":3,"name":"Nike ACG Mountain Fly Low SE Canyon Purple DQ1979-500"}]},{"@type":"WebSite","@id":"https:\/\/tourcruiser.com\/fr\/#website","url":"https:\/\/tourcruiser.com\/fr\/","name":"Styloral Jewelry Shop","description":"Tourcruiser Sneaker Store \u2014 L\u2019endroit o\u00f9 l\u2019univers rencontre votre singularit\u00e9.","publisher":{"@id":"https:\/\/tourcruiser.com\/fr\/#organization"},"potentialAction":[{"@type":"SearchAction","target":{"@type":"EntryPoint","urlTemplate":"https:\/\/tourcruiser.com\/fr\/?s={search_term_string}"},"query-input":{"@type":"PropertyValueSpecification","valueRequired":true,"valueName":"search_term_string"}}],"inLanguage":"fr-FR"},{"@type":"Organization","@id":"https:\/\/tourcruiser.com\/fr\/#organization","name":"STYLORAL PTE. LTD","url":"https:\/\/tourcruiser.com\/fr\/","logo":{"@type":"ImageObject","inLanguage":"fr-FR","@id":"https:\/\/tourcruiser.com\/fr\/#\/schema\/logo\/image\/","url":"https:\/\/www.tourcruiser.com\/wp-content\/uploads\/2025\/12\/logo.png","contentUrl":"https:\/\/www.tourcruiser.com\/wp-content\/uploads\/2025\/12\/logo.png","width":200,"height":65,"caption":"STYLORAL PTE. LTD"},"image":{"@id":"https:\/\/tourcruiser.com\/fr\/#\/schema\/logo\/image\/"}}]}},"_links":{"self":[{"href":"https:\/\/tourcruiser.com\/fr\/wp-json\/wp\/v2\/product\/771534","targetHints":{"allow":["GET"]}}],"collection":[{"href":"https:\/\/tourcruiser.com\/fr\/wp-json\/wp\/v2\/product"}],"about":[{"href":"https:\/\/tourcruiser.com\/fr\/wp-json\/wp\/v2\/types\/product"}],"replies":[{"embeddable":true,"href":"https:\/\/tourcruiser.com\/fr\/wp-json\/wp\/v2\/comments?post=771534"}],"wp:featuredmedia":[{"embeddable":true,"href":"https:\/\/tourcruiser.com\/fr\/wp-json\/wp\/v2\/media\/771535"}],"wp:attachment":[{"href":"https:\/\/tourcruiser.com\/fr\/wp-json\/wp\/v2\/media?parent=771534"}],"wp:term":[{"taxonomy":"product_brand","embeddable":true,"href":"https:\/\/tourcruiser.com\/fr\/wp-json\/wp\/v2\/product_brand?post=771534"},{"taxonomy":"product_cat","embeddable":true,"href":"https:\/\/tourcruiser.com\/fr\/wp-json\/wp\/v2\/product_cat?post=771534"},{"taxonomy":"product_tag","embeddable":true,"href":"https:\/\/tourcruiser.com\/fr\/wp-json\/wp\/v2\/product_tag?post=771534"}],"curies":[{"name":"wp","href":"https:\/\/api.w.org\/{rel}","templated":true}]}}