{"id":771419,"date":"2026-04-16T17:14:47","date_gmt":"2026-04-16T10:14:47","guid":{"rendered":"http:\/\/tourcruiser.com\/product\/grade-school-air-jordan-3-marstone-dv7028-108"},"modified":"2026-04-17T23:04:52","modified_gmt":"2026-04-17T16:04:52","slug":"grade-school-air-jordan-3-marstone-dv7028-108","status":"publish","type":"product","link":"https:\/\/tourcruiser.com\/fr\/products\/grade-school-air-jordan-3-marstone-dv7028-108\/","title":{"rendered":"(Grade School) Air Jordan 3 &lsquo;Marstone&rsquo; DV7028-108"},"content":{"rendered":"<p>Les sneakers Air Jordan 3 Marstone (GS) de Jordan offrent style et confort, aussi bien pour le sport que pour le quotidien. Confectionn\u00e9es avec des mat\u00e9riaux haut de gamme, elles s\u00e9duisent par leur design \u00e9l\u00e9gant et leur amorti Air, assurant un maintien optimal et une absorption des chocs exceptionnelle. Parfaites pour les fans de sneakers et les inconditionnels de Jordan, ces chaussures allient style et performance dans un design iconique.<\/p>\n<p>Coloris : Blanc\/Noir\/Mars Stone\/Orange<\/p>\n<p>Code article : DV7028-108<\/p>\n<p>Tige : Cuir<\/p>\n<p>Semelle interm\u00e9diaire : Air<\/p>\n<p>Couleur : Blanc<\/p>\n<p>Designer : Tinker Hatfield<\/p>\n<p>Saison : Hiver<\/p>\n<p>Ann\u00e9e de sortie : 2023<\/p>\n<p>\u00c2ge : Adulte<\/p>\n<p>Couleur : Bordeaux d\u00e9lav\u00e9\/Cr\u00e8me\/Gris<\/p>\n<p>Genre : Enfant<\/p>\n","protected":false},"excerpt":{"rendered":"<p>Les sneakers Air Jordan 3 Marstone (GS) de Jordan offrent style et confort, aussi bien pour le sport que pour le quotidien. Confectionn\u00e9es avec des mat\u00e9riaux haut de gamme, elles s\u00e9duisent par leur design \u00e9l\u00e9gant et leur amorti Air, assurant un maintien optimal et une absorption des chocs exceptionnelle. Parfaites pour les fans de sneakers [&hellip;]<\/p>\n","protected":false},"featured_media":771420,"comment_status":"open","ping_status":"closed","template":"","meta":[],"product_brand":[],"product_cat":[38880],"product_tag":[10750,38855,38988,10776,11349,38875,10756,39039,38902,38936],"class_list":{"0":"post-771419","1":"product","2":"type-product","3":"status-publish","4":"has-post-thumbnail","6":"product_cat-jordan","7":"product_tag-athleisure-shoes","8":"product_tag-below-the-regular-retail-price","9":"product_tag-casual-shoes-for-kids","10":"product_tag-jordan","11":"product_tag-jordan-basketball-shoes","12":"product_tag-jordan-skateboard-shoes","13":"product_tag-retro-casual-shoes","14":"product_tag-sneakers-for-kids","15":"product_tag-trendy-offers","16":"product_tag-trendy-offers-under-a-150","18":"first","19":"instock","20":"taxable","21":"shipping-taxable","22":"purchasable","23":"product-type-simple"},"wcpa_form_fields":null,"yoast_head":"<!-- This site is optimized with the Yoast SEO plugin v26.5 - https:\/\/yoast.com\/wordpress\/plugins\/seo\/ -->\n<title>(Grade School) Air Jordan 3 &#039;Marstone&#039; DV7028-108 - TOURCRUISER PTE. LTD<\/title>\n<meta name=\"robots\" content=\"index, follow, max-snippet:-1, max-image-preview:large, max-video-preview:-1\" \/>\n<link rel=\"canonical\" href=\"https:\/\/tourcruiser.com\/fr\/products\/grade-school-air-jordan-3-marstone-dv7028-108\/\" \/>\n<meta property=\"og:locale\" content=\"fr_FR\" \/>\n<meta property=\"og:type\" content=\"article\" \/>\n<meta property=\"og:title\" content=\"(Grade School) Air Jordan 3 &#039;Marstone&#039; DV7028-108 - TOURCRUISER PTE. LTD\" \/>\n<meta property=\"og:description\" content=\"Les sneakers Air Jordan 3 Marstone (GS) de Jordan offrent style et confort, aussi bien pour le sport que pour le quotidien. Confectionn\u00e9es avec des mat\u00e9riaux haut de gamme, elles s\u00e9duisent par leur design \u00e9l\u00e9gant et leur amorti Air, assurant un maintien optimal et une absorption des chocs exceptionnelle. Parfaites pour les fans de sneakers [&hellip;]\" \/>\n<meta property=\"og:url\" content=\"https:\/\/tourcruiser.com\/fr\/products\/grade-school-air-jordan-3-marstone-dv7028-108\/\" \/>\n<meta property=\"og:site_name\" content=\"Tourcruiser Sneaker Store\" \/>\n<meta property=\"article:modified_time\" content=\"2026-04-17T16:04:52+00:00\" \/>\n<meta name=\"twitter:card\" content=\"summary_large_image\" \/>\n<meta name=\"twitter:image\" content=\"https:\/\/images.novelship.com\/product\/_grade_school__air_jordan_3__marstone__dv7028_108_0_73109.jpeg;https:\/\/images.novelship.com\/product\/_grade_school__air_jordan_3__marstone__dv7028_108_1_73109.jpeg;https:\/\/images.novelship.com\/product\/_grade_school__air_jordan_3__marstone__dv7028_108_2_73109.jpeg;https:\/\/images.novelship.com\/product\/_grade_school__air_jordan_3__marstone__dv7028_108_3_73109.jpeg;https:\/\/images.novelship.com\/product\/_grade_school__air_jordan_3__marstone__dv7028_108_4_73110.jpeg;https:\/\/images.novelship.com\/product\/_grade_school__air_jordan_3__marstone__dv7028_108_5_73110.jpeg;https:\/\/images.novelship.com\/product\/_grade_school__air_jordan_3__marstone__dv7028_108_6_73110.jpeg;https:\/\/images.novelship.com\/product\/_grade_school__air_jordan_3__marstone__dv7028_108_7_73110.jpeg\" \/>\n<meta name=\"twitter:label1\" content=\"Dur\u00e9e de lecture estim\u00e9e\" \/>\n\t<meta name=\"twitter:data1\" content=\"1 minute\" \/>\n<script type=\"application\/ld+json\" class=\"yoast-schema-graph\">{\"@context\":\"https:\/\/schema.org\",\"@graph\":[{\"@type\":\"WebPage\",\"@id\":\"https:\/\/tourcruiser.com\/fr\/products\/grade-school-air-jordan-3-marstone-dv7028-108\/\",\"url\":\"https:\/\/tourcruiser.com\/fr\/products\/grade-school-air-jordan-3-marstone-dv7028-108\/\",\"name\":\"(Grade School) Air Jordan 3 'Marstone' DV7028-108 - TOURCRUISER PTE. LTD\",\"isPartOf\":{\"@id\":\"\/#website\"},\"primaryImageOfPage\":{\"@id\":\"https:\/\/tourcruiser.com\/fr\/products\/grade-school-air-jordan-3-marstone-dv7028-108\/#primaryimage\"},\"image\":{\"@id\":\"https:\/\/tourcruiser.com\/fr\/products\/grade-school-air-jordan-3-marstone-dv7028-108\/#primaryimage\"},\"thumbnailUrl\":\"https:\/\/images.novelship.com\/product\/_grade_school__air_jordan_3__marstone__dv7028_108_0_73109.jpeg;https:\/\/images.novelship.com\/product\/_grade_school__air_jordan_3__marstone__dv7028_108_1_73109.jpeg;https:\/\/images.novelship.com\/product\/_grade_school__air_jordan_3__marstone__dv7028_108_2_73109.jpeg;https:\/\/images.novelship.com\/product\/_grade_school__air_jordan_3__marstone__dv7028_108_3_73109.jpeg;https:\/\/images.novelship.com\/product\/_grade_school__air_jordan_3__marstone__dv7028_108_4_73110.jpeg;https:\/\/images.novelship.com\/product\/_grade_school__air_jordan_3__marstone__dv7028_108_5_73110.jpeg;https:\/\/images.novelship.com\/product\/_grade_school__air_jordan_3__marstone__dv7028_108_6_73110.jpeg;https:\/\/images.novelship.com\/product\/_grade_school__air_jordan_3__marstone__dv7028_108_7_73110.jpeg\",\"datePublished\":\"2026-04-16T10:14:47+00:00\",\"dateModified\":\"2026-04-17T16:04:52+00:00\",\"breadcrumb\":{\"@id\":\"https:\/\/tourcruiser.com\/fr\/products\/grade-school-air-jordan-3-marstone-dv7028-108\/#breadcrumb\"},\"inLanguage\":\"fr-FR\",\"potentialAction\":[{\"@type\":\"ReadAction\",\"target\":[\"https:\/\/tourcruiser.com\/fr\/products\/grade-school-air-jordan-3-marstone-dv7028-108\/\"]}]},{\"@type\":\"ImageObject\",\"inLanguage\":\"fr-FR\",\"@id\":\"https:\/\/tourcruiser.com\/fr\/products\/grade-school-air-jordan-3-marstone-dv7028-108\/#primaryimage\",\"url\":\"https:\/\/images.novelship.com\/product\/_grade_school__air_jordan_3__marstone__dv7028_108_0_73109.jpeg;https:\/\/images.novelship.com\/product\/_grade_school__air_jordan_3__marstone__dv7028_108_1_73109.jpeg;https:\/\/images.novelship.com\/product\/_grade_school__air_jordan_3__marstone__dv7028_108_2_73109.jpeg;https:\/\/images.novelship.com\/product\/_grade_school__air_jordan_3__marstone__dv7028_108_3_73109.jpeg;https:\/\/images.novelship.com\/product\/_grade_school__air_jordan_3__marstone__dv7028_108_4_73110.jpeg;https:\/\/images.novelship.com\/product\/_grade_school__air_jordan_3__marstone__dv7028_108_5_73110.jpeg;https:\/\/images.novelship.com\/product\/_grade_school__air_jordan_3__marstone__dv7028_108_6_73110.jpeg;https:\/\/images.novelship.com\/product\/_grade_school__air_jordan_3__marstone__dv7028_108_7_73110.jpeg\",\"contentUrl\":\"https:\/\/images.novelship.com\/product\/_grade_school__air_jordan_3__marstone__dv7028_108_0_73109.jpeg;https:\/\/images.novelship.com\/product\/_grade_school__air_jordan_3__marstone__dv7028_108_1_73109.jpeg;https:\/\/images.novelship.com\/product\/_grade_school__air_jordan_3__marstone__dv7028_108_2_73109.jpeg;https:\/\/images.novelship.com\/product\/_grade_school__air_jordan_3__marstone__dv7028_108_3_73109.jpeg;https:\/\/images.novelship.com\/product\/_grade_school__air_jordan_3__marstone__dv7028_108_4_73110.jpeg;https:\/\/images.novelship.com\/product\/_grade_school__air_jordan_3__marstone__dv7028_108_5_73110.jpeg;https:\/\/images.novelship.com\/product\/_grade_school__air_jordan_3__marstone__dv7028_108_6_73110.jpeg;https:\/\/images.novelship.com\/product\/_grade_school__air_jordan_3__marstone__dv7028_108_7_73110.jpeg\"},{\"@type\":\"BreadcrumbList\",\"@id\":\"https:\/\/tourcruiser.com\/fr\/products\/grade-school-air-jordan-3-marstone-dv7028-108\/#breadcrumb\",\"itemListElement\":[{\"@type\":\"ListItem\",\"position\":1,\"name\":\"Home\",\"item\":\"https:\/\/tourcruiser.com\/fr\/\"},{\"@type\":\"ListItem\",\"position\":2,\"name\":\"Shop\",\"item\":\"https:\/\/tourcruiser.com\/fr\/shop\/\"},{\"@type\":\"ListItem\",\"position\":3,\"name\":\"(Grade School) Air Jordan 3 &#8216;Marstone&#8217; DV7028-108\"}]},{\"@type\":\"WebSite\",\"@id\":\"\/#website\",\"url\":\"\/\",\"name\":\"Styloral Jewelry Shop\",\"description\":\"Tourcruiser Sneaker Store \u2014 L\u2019endroit o\u00f9 l\u2019univers rencontre votre singularit\u00e9.\",\"publisher\":{\"@id\":\"\/#organization\"},\"potentialAction\":[{\"@type\":\"SearchAction\",\"target\":{\"@type\":\"EntryPoint\",\"urlTemplate\":\"\/?s={search_term_string}\"},\"query-input\":{\"@type\":\"PropertyValueSpecification\",\"valueRequired\":true,\"valueName\":\"search_term_string\"}}],\"inLanguage\":\"fr-FR\"},{\"@type\":\"Organization\",\"@id\":\"\/#organization\",\"name\":\"STYLORAL PTE. LTD\",\"url\":\"\/\",\"logo\":{\"@type\":\"ImageObject\",\"inLanguage\":\"fr-FR\",\"@id\":\"\/#\/schema\/logo\/image\/\",\"url\":\"https:\/\/www.tourcruiser.com\/wp-content\/uploads\/2025\/12\/logo.png\",\"contentUrl\":\"https:\/\/www.tourcruiser.com\/wp-content\/uploads\/2025\/12\/logo.png\",\"width\":200,\"height\":65,\"caption\":\"STYLORAL PTE. LTD\"},\"image\":{\"@id\":\"\/#\/schema\/logo\/image\/\"}}]}<\/script>\n<!-- \/ Yoast SEO plugin. -->","yoast_head_json":{"title":"(Grade School) Air Jordan 3 'Marstone' DV7028-108 - TOURCRUISER PTE. LTD","robots":{"index":"index","follow":"follow","max-snippet":"max-snippet:-1","max-image-preview":"max-image-preview:large","max-video-preview":"max-video-preview:-1"},"canonical":"https:\/\/tourcruiser.com\/fr\/products\/grade-school-air-jordan-3-marstone-dv7028-108\/","og_locale":"fr_FR","og_type":"article","og_title":"(Grade School) Air Jordan 3 'Marstone' DV7028-108 - TOURCRUISER PTE. LTD","og_description":"Les sneakers Air Jordan 3 Marstone (GS) de Jordan offrent style et confort, aussi bien pour le sport que pour le quotidien. Confectionn\u00e9es avec des mat\u00e9riaux haut de gamme, elles s\u00e9duisent par leur design \u00e9l\u00e9gant et leur amorti Air, assurant un maintien optimal et une absorption des chocs exceptionnelle. Parfaites pour les fans de sneakers [&hellip;]","og_url":"https:\/\/tourcruiser.com\/fr\/products\/grade-school-air-jordan-3-marstone-dv7028-108\/","og_site_name":"Tourcruiser Sneaker Store","article_modified_time":"2026-04-17T16:04:52+00:00","twitter_card":"summary_large_image","twitter_image":"https:\/\/images.novelship.com\/product\/_grade_school__air_jordan_3__marstone__dv7028_108_0_73109.jpeg;https:\/\/images.novelship.com\/product\/_grade_school__air_jordan_3__marstone__dv7028_108_1_73109.jpeg;https:\/\/images.novelship.com\/product\/_grade_school__air_jordan_3__marstone__dv7028_108_2_73109.jpeg;https:\/\/images.novelship.com\/product\/_grade_school__air_jordan_3__marstone__dv7028_108_3_73109.jpeg;https:\/\/images.novelship.com\/product\/_grade_school__air_jordan_3__marstone__dv7028_108_4_73110.jpeg;https:\/\/images.novelship.com\/product\/_grade_school__air_jordan_3__marstone__dv7028_108_5_73110.jpeg;https:\/\/images.novelship.com\/product\/_grade_school__air_jordan_3__marstone__dv7028_108_6_73110.jpeg;https:\/\/images.novelship.com\/product\/_grade_school__air_jordan_3__marstone__dv7028_108_7_73110.jpeg","twitter_misc":{"Dur\u00e9e de lecture estim\u00e9e":"1 minute"},"schema":{"@context":"https:\/\/schema.org","@graph":[{"@type":"WebPage","@id":"https:\/\/tourcruiser.com\/fr\/products\/grade-school-air-jordan-3-marstone-dv7028-108\/","url":"https:\/\/tourcruiser.com\/fr\/products\/grade-school-air-jordan-3-marstone-dv7028-108\/","name":"(Grade School) Air Jordan 3 'Marstone' DV7028-108 - TOURCRUISER PTE. LTD","isPartOf":{"@id":"\/#website"},"primaryImageOfPage":{"@id":"https:\/\/tourcruiser.com\/fr\/products\/grade-school-air-jordan-3-marstone-dv7028-108\/#primaryimage"},"image":{"@id":"https:\/\/tourcruiser.com\/fr\/products\/grade-school-air-jordan-3-marstone-dv7028-108\/#primaryimage"},"thumbnailUrl":"https:\/\/images.novelship.com\/product\/_grade_school__air_jordan_3__marstone__dv7028_108_0_73109.jpeg;https:\/\/images.novelship.com\/product\/_grade_school__air_jordan_3__marstone__dv7028_108_1_73109.jpeg;https:\/\/images.novelship.com\/product\/_grade_school__air_jordan_3__marstone__dv7028_108_2_73109.jpeg;https:\/\/images.novelship.com\/product\/_grade_school__air_jordan_3__marstone__dv7028_108_3_73109.jpeg;https:\/\/images.novelship.com\/product\/_grade_school__air_jordan_3__marstone__dv7028_108_4_73110.jpeg;https:\/\/images.novelship.com\/product\/_grade_school__air_jordan_3__marstone__dv7028_108_5_73110.jpeg;https:\/\/images.novelship.com\/product\/_grade_school__air_jordan_3__marstone__dv7028_108_6_73110.jpeg;https:\/\/images.novelship.com\/product\/_grade_school__air_jordan_3__marstone__dv7028_108_7_73110.jpeg","datePublished":"2026-04-16T10:14:47+00:00","dateModified":"2026-04-17T16:04:52+00:00","breadcrumb":{"@id":"https:\/\/tourcruiser.com\/fr\/products\/grade-school-air-jordan-3-marstone-dv7028-108\/#breadcrumb"},"inLanguage":"fr-FR","potentialAction":[{"@type":"ReadAction","target":["https:\/\/tourcruiser.com\/fr\/products\/grade-school-air-jordan-3-marstone-dv7028-108\/"]}]},{"@type":"ImageObject","inLanguage":"fr-FR","@id":"https:\/\/tourcruiser.com\/fr\/products\/grade-school-air-jordan-3-marstone-dv7028-108\/#primaryimage","url":"https:\/\/images.novelship.com\/product\/_grade_school__air_jordan_3__marstone__dv7028_108_0_73109.jpeg;https:\/\/images.novelship.com\/product\/_grade_school__air_jordan_3__marstone__dv7028_108_1_73109.jpeg;https:\/\/images.novelship.com\/product\/_grade_school__air_jordan_3__marstone__dv7028_108_2_73109.jpeg;https:\/\/images.novelship.com\/product\/_grade_school__air_jordan_3__marstone__dv7028_108_3_73109.jpeg;https:\/\/images.novelship.com\/product\/_grade_school__air_jordan_3__marstone__dv7028_108_4_73110.jpeg;https:\/\/images.novelship.com\/product\/_grade_school__air_jordan_3__marstone__dv7028_108_5_73110.jpeg;https:\/\/images.novelship.com\/product\/_grade_school__air_jordan_3__marstone__dv7028_108_6_73110.jpeg;https:\/\/images.novelship.com\/product\/_grade_school__air_jordan_3__marstone__dv7028_108_7_73110.jpeg","contentUrl":"https:\/\/images.novelship.com\/product\/_grade_school__air_jordan_3__marstone__dv7028_108_0_73109.jpeg;https:\/\/images.novelship.com\/product\/_grade_school__air_jordan_3__marstone__dv7028_108_1_73109.jpeg;https:\/\/images.novelship.com\/product\/_grade_school__air_jordan_3__marstone__dv7028_108_2_73109.jpeg;https:\/\/images.novelship.com\/product\/_grade_school__air_jordan_3__marstone__dv7028_108_3_73109.jpeg;https:\/\/images.novelship.com\/product\/_grade_school__air_jordan_3__marstone__dv7028_108_4_73110.jpeg;https:\/\/images.novelship.com\/product\/_grade_school__air_jordan_3__marstone__dv7028_108_5_73110.jpeg;https:\/\/images.novelship.com\/product\/_grade_school__air_jordan_3__marstone__dv7028_108_6_73110.jpeg;https:\/\/images.novelship.com\/product\/_grade_school__air_jordan_3__marstone__dv7028_108_7_73110.jpeg"},{"@type":"BreadcrumbList","@id":"https:\/\/tourcruiser.com\/fr\/products\/grade-school-air-jordan-3-marstone-dv7028-108\/#breadcrumb","itemListElement":[{"@type":"ListItem","position":1,"name":"Home","item":"https:\/\/tourcruiser.com\/fr\/"},{"@type":"ListItem","position":2,"name":"Shop","item":"https:\/\/tourcruiser.com\/fr\/shop\/"},{"@type":"ListItem","position":3,"name":"(Grade School) Air Jordan 3 &#8216;Marstone&#8217; DV7028-108"}]},{"@type":"WebSite","@id":"\/#website","url":"\/","name":"Styloral Jewelry Shop","description":"Tourcruiser Sneaker Store \u2014 L\u2019endroit o\u00f9 l\u2019univers rencontre votre singularit\u00e9.","publisher":{"@id":"\/#organization"},"potentialAction":[{"@type":"SearchAction","target":{"@type":"EntryPoint","urlTemplate":"\/?s={search_term_string}"},"query-input":{"@type":"PropertyValueSpecification","valueRequired":true,"valueName":"search_term_string"}}],"inLanguage":"fr-FR"},{"@type":"Organization","@id":"\/#organization","name":"STYLORAL PTE. LTD","url":"\/","logo":{"@type":"ImageObject","inLanguage":"fr-FR","@id":"\/#\/schema\/logo\/image\/","url":"https:\/\/www.tourcruiser.com\/wp-content\/uploads\/2025\/12\/logo.png","contentUrl":"https:\/\/www.tourcruiser.com\/wp-content\/uploads\/2025\/12\/logo.png","width":200,"height":65,"caption":"STYLORAL PTE. LTD"},"image":{"@id":"\/#\/schema\/logo\/image\/"}}]}},"_links":{"self":[{"href":"https:\/\/tourcruiser.com\/fr\/wp-json\/wp\/v2\/product\/771419","targetHints":{"allow":["GET"]}}],"collection":[{"href":"https:\/\/tourcruiser.com\/fr\/wp-json\/wp\/v2\/product"}],"about":[{"href":"https:\/\/tourcruiser.com\/fr\/wp-json\/wp\/v2\/types\/product"}],"replies":[{"embeddable":true,"href":"https:\/\/tourcruiser.com\/fr\/wp-json\/wp\/v2\/comments?post=771419"}],"wp:featuredmedia":[{"embeddable":true,"href":"https:\/\/tourcruiser.com\/fr\/wp-json\/wp\/v2\/media\/771420"}],"wp:attachment":[{"href":"https:\/\/tourcruiser.com\/fr\/wp-json\/wp\/v2\/media?parent=771419"}],"wp:term":[{"taxonomy":"product_brand","embeddable":true,"href":"https:\/\/tourcruiser.com\/fr\/wp-json\/wp\/v2\/product_brand?post=771419"},{"taxonomy":"product_cat","embeddable":true,"href":"https:\/\/tourcruiser.com\/fr\/wp-json\/wp\/v2\/product_cat?post=771419"},{"taxonomy":"product_tag","embeddable":true,"href":"https:\/\/tourcruiser.com\/fr\/wp-json\/wp\/v2\/product_tag?post=771419"}],"curies":[{"name":"wp","href":"https:\/\/api.w.org\/{rel}","templated":true}]}}