{"id":771401,"date":"2026-04-16T17:14:47","date_gmt":"2026-04-16T10:14:47","guid":{"rendered":"http:\/\/tourcruiser.com\/product\/grade-school-air-jordan-4-cacao-wow-fb2214-200"},"modified":"2026-04-17T23:04:50","modified_gmt":"2026-04-17T16:04:50","slug":"grade-school-air-jordan-4-cacao-wow-fb2214-200","status":"publish","type":"product","link":"https:\/\/tourcruiser.com\/fr\/products\/grade-school-air-jordan-4-cacao-wow-fb2214-200\/","title":{"rendered":"(Grade School) Air Jordan 4 &lsquo;Cacao Wow&rsquo; FB2214-200"},"content":{"rendered":"<p>La l\u00e9gendaire Air Jordan 4 \u00ab\u00a0Cacao Wow\u00a0\u00bb pour enfants (du primaire) arbore une empeigne en cuir premium d&rsquo;un marron captivant. Ces sneakers iconiques sont dot\u00e9es d&rsquo;une languette en mesh respirant et d&rsquo;un syst\u00e8me de la\u00e7age classique pour un maintien optimal. L&rsquo;amorti Air visible au talon et \u00e0 l&rsquo;avant-pied offre un confort et un soutien exceptionnels \u00e0 chaque pas. La semelle ext\u00e9rieure transparente \u00e0 chevrons assure une adh\u00e9rence et une durabilit\u00e9 optimales. Offrez \u00e0 votre jeune athl\u00e8te un style et des performances exceptionnels avec l&rsquo;Air Jordan 4 \u00ab\u00a0Cacao Wow\u00a0\u00bb pour enfants.<\/p>\n<p>Couleur\u00a0: Cacao Wow\/Geode Teal\/Ale Brown\/Twine\/Sail\/Luminous Green<\/p>\n<p>Code article\u00a0: FB2214-200<\/p>\n<p>Empeigne\u00a0: Daim<\/p>\n<p>Semelle interm\u00e9diaire\u00a0: Air<\/p>\n<p>Couleur\u00a0: Marron<\/p>\n<p>Cr\u00e9ateur\u00a0: Tinker Hatfield<\/p>\n<p>Saison\u00a0: Automne<\/p>\n<p>Ann\u00e9e de sortie\u00a0: 2023<\/p>\n<p>\u00c2ge\u00a0: Adulte<br \/>\nCouleur\u00a0: Sea Salt\/Surf<br \/>\nGenre\u00a0: Enfant<\/p>\n","protected":false},"excerpt":{"rendered":"<p>La l\u00e9gendaire Air Jordan 4 \u00ab\u00a0Cacao Wow\u00a0\u00bb pour enfants (du primaire) arbore une empeigne en cuir premium d&rsquo;un marron captivant. Ces sneakers iconiques sont dot\u00e9es d&rsquo;une languette en mesh respirant et d&rsquo;un syst\u00e8me de la\u00e7age classique pour un maintien optimal. L&rsquo;amorti Air visible au talon et \u00e0 l&rsquo;avant-pied offre un confort et un soutien exceptionnels [&hellip;]<\/p>\n","protected":false},"featured_media":771402,"comment_status":"open","ping_status":"closed","template":"","meta":[],"product_brand":[],"product_cat":[38880],"product_tag":[10750,38861,38988,10776,11349,38875,10756,39039],"class_list":{"0":"post-771401","1":"product","2":"type-product","3":"status-publish","4":"has-post-thumbnail","6":"product_cat-jordan","7":"product_tag-athleisure-shoes","8":"product_tag-below-retail-price","9":"product_tag-casual-shoes-for-kids","10":"product_tag-jordan","11":"product_tag-jordan-basketball-shoes","12":"product_tag-jordan-skateboard-shoes","13":"product_tag-retro-casual-shoes","14":"product_tag-sneakers-for-kids","16":"first","17":"instock","18":"taxable","19":"shipping-taxable","20":"purchasable","21":"product-type-simple"},"wcpa_form_fields":null,"yoast_head":"<!-- This site is optimized with the Yoast SEO plugin v26.5 - https:\/\/yoast.com\/wordpress\/plugins\/seo\/ -->\n<title>(Grade School) Air Jordan 4 &#039;Cacao Wow&#039; FB2214-200 - TOURCRUISER PTE. LTD<\/title>\n<meta name=\"robots\" content=\"index, follow, max-snippet:-1, max-image-preview:large, max-video-preview:-1\" \/>\n<link rel=\"canonical\" href=\"https:\/\/tourcruiser.com\/fr\/products\/grade-school-air-jordan-4-cacao-wow-fb2214-200\/\" \/>\n<meta property=\"og:locale\" content=\"fr_FR\" \/>\n<meta property=\"og:type\" content=\"article\" \/>\n<meta property=\"og:title\" content=\"(Grade School) Air Jordan 4 &#039;Cacao Wow&#039; FB2214-200 - TOURCRUISER PTE. LTD\" \/>\n<meta property=\"og:description\" content=\"La l\u00e9gendaire Air Jordan 4 \u00ab\u00a0Cacao Wow\u00a0\u00bb pour enfants (du primaire) arbore une empeigne en cuir premium d&rsquo;un marron captivant. Ces sneakers iconiques sont dot\u00e9es d&rsquo;une languette en mesh respirant et d&rsquo;un syst\u00e8me de la\u00e7age classique pour un maintien optimal. L&rsquo;amorti Air visible au talon et \u00e0 l&rsquo;avant-pied offre un confort et un soutien exceptionnels [&hellip;]\" \/>\n<meta property=\"og:url\" content=\"https:\/\/tourcruiser.com\/fr\/products\/grade-school-air-jordan-4-cacao-wow-fb2214-200\/\" \/>\n<meta property=\"og:site_name\" content=\"Tourcruiser Sneaker Store\" \/>\n<meta property=\"article:modified_time\" content=\"2026-04-17T16:04:50+00:00\" \/>\n<meta name=\"twitter:card\" content=\"summary_large_image\" \/>\n<meta name=\"twitter:image\" content=\"https:\/\/images.novelship.com\/product\/_grade_school__air_jordan_4__cacao_wow__fb2214_200_0_42353.jpeg;https:\/\/images.novelship.com\/product\/_grade_school__air_jordan_4__cacao_wow__fb2214_200_1_42353.jpeg;https:\/\/images.novelship.com\/product\/_grade_school__air_jordan_4__cacao_wow__fb2214_200_2_42353.jpeg;https:\/\/images.novelship.com\/product\/_grade_school__air_jordan_4__cacao_wow__fb2214_200_3_42353.jpeg;https:\/\/images.novelship.com\/product\/_grade_school__air_jordan_4__cacao_wow__fb2214_200_4_42353.jpeg;https:\/\/images.novelship.com\/product\/_grade_school__air_jordan_4__cacao_wow__fb2214_200_5_42353.jpeg;https:\/\/images.novelship.com\/product\/_grade_school__air_jordan_4__cacao_wow__fb2214_200_6_42353.jpeg;https:\/\/images.novelship.com\/product\/_grade_school__air_jordan_4__cacao_wow__fb2214_200_7_42353.jpeg\" \/>\n<meta name=\"twitter:label1\" content=\"Dur\u00e9e de lecture estim\u00e9e\" \/>\n\t<meta name=\"twitter:data1\" content=\"1 minute\" \/>\n<script type=\"application\/ld+json\" class=\"yoast-schema-graph\">{\"@context\":\"https:\/\/schema.org\",\"@graph\":[{\"@type\":\"WebPage\",\"@id\":\"https:\/\/tourcruiser.com\/fr\/products\/grade-school-air-jordan-4-cacao-wow-fb2214-200\/\",\"url\":\"https:\/\/tourcruiser.com\/fr\/products\/grade-school-air-jordan-4-cacao-wow-fb2214-200\/\",\"name\":\"(Grade School) Air Jordan 4 'Cacao Wow' FB2214-200 - TOURCRUISER PTE. LTD\",\"isPartOf\":{\"@id\":\"\/#website\"},\"primaryImageOfPage\":{\"@id\":\"https:\/\/tourcruiser.com\/fr\/products\/grade-school-air-jordan-4-cacao-wow-fb2214-200\/#primaryimage\"},\"image\":{\"@id\":\"https:\/\/tourcruiser.com\/fr\/products\/grade-school-air-jordan-4-cacao-wow-fb2214-200\/#primaryimage\"},\"thumbnailUrl\":\"https:\/\/images.novelship.com\/product\/_grade_school__air_jordan_4__cacao_wow__fb2214_200_0_42353.jpeg;https:\/\/images.novelship.com\/product\/_grade_school__air_jordan_4__cacao_wow__fb2214_200_1_42353.jpeg;https:\/\/images.novelship.com\/product\/_grade_school__air_jordan_4__cacao_wow__fb2214_200_2_42353.jpeg;https:\/\/images.novelship.com\/product\/_grade_school__air_jordan_4__cacao_wow__fb2214_200_3_42353.jpeg;https:\/\/images.novelship.com\/product\/_grade_school__air_jordan_4__cacao_wow__fb2214_200_4_42353.jpeg;https:\/\/images.novelship.com\/product\/_grade_school__air_jordan_4__cacao_wow__fb2214_200_5_42353.jpeg;https:\/\/images.novelship.com\/product\/_grade_school__air_jordan_4__cacao_wow__fb2214_200_6_42353.jpeg;https:\/\/images.novelship.com\/product\/_grade_school__air_jordan_4__cacao_wow__fb2214_200_7_42353.jpeg\",\"datePublished\":\"2026-04-16T10:14:47+00:00\",\"dateModified\":\"2026-04-17T16:04:50+00:00\",\"breadcrumb\":{\"@id\":\"https:\/\/tourcruiser.com\/fr\/products\/grade-school-air-jordan-4-cacao-wow-fb2214-200\/#breadcrumb\"},\"inLanguage\":\"fr-FR\",\"potentialAction\":[{\"@type\":\"ReadAction\",\"target\":[\"https:\/\/tourcruiser.com\/fr\/products\/grade-school-air-jordan-4-cacao-wow-fb2214-200\/\"]}]},{\"@type\":\"ImageObject\",\"inLanguage\":\"fr-FR\",\"@id\":\"https:\/\/tourcruiser.com\/fr\/products\/grade-school-air-jordan-4-cacao-wow-fb2214-200\/#primaryimage\",\"url\":\"https:\/\/images.novelship.com\/product\/_grade_school__air_jordan_4__cacao_wow__fb2214_200_0_42353.jpeg;https:\/\/images.novelship.com\/product\/_grade_school__air_jordan_4__cacao_wow__fb2214_200_1_42353.jpeg;https:\/\/images.novelship.com\/product\/_grade_school__air_jordan_4__cacao_wow__fb2214_200_2_42353.jpeg;https:\/\/images.novelship.com\/product\/_grade_school__air_jordan_4__cacao_wow__fb2214_200_3_42353.jpeg;https:\/\/images.novelship.com\/product\/_grade_school__air_jordan_4__cacao_wow__fb2214_200_4_42353.jpeg;https:\/\/images.novelship.com\/product\/_grade_school__air_jordan_4__cacao_wow__fb2214_200_5_42353.jpeg;https:\/\/images.novelship.com\/product\/_grade_school__air_jordan_4__cacao_wow__fb2214_200_6_42353.jpeg;https:\/\/images.novelship.com\/product\/_grade_school__air_jordan_4__cacao_wow__fb2214_200_7_42353.jpeg\",\"contentUrl\":\"https:\/\/images.novelship.com\/product\/_grade_school__air_jordan_4__cacao_wow__fb2214_200_0_42353.jpeg;https:\/\/images.novelship.com\/product\/_grade_school__air_jordan_4__cacao_wow__fb2214_200_1_42353.jpeg;https:\/\/images.novelship.com\/product\/_grade_school__air_jordan_4__cacao_wow__fb2214_200_2_42353.jpeg;https:\/\/images.novelship.com\/product\/_grade_school__air_jordan_4__cacao_wow__fb2214_200_3_42353.jpeg;https:\/\/images.novelship.com\/product\/_grade_school__air_jordan_4__cacao_wow__fb2214_200_4_42353.jpeg;https:\/\/images.novelship.com\/product\/_grade_school__air_jordan_4__cacao_wow__fb2214_200_5_42353.jpeg;https:\/\/images.novelship.com\/product\/_grade_school__air_jordan_4__cacao_wow__fb2214_200_6_42353.jpeg;https:\/\/images.novelship.com\/product\/_grade_school__air_jordan_4__cacao_wow__fb2214_200_7_42353.jpeg\"},{\"@type\":\"BreadcrumbList\",\"@id\":\"https:\/\/tourcruiser.com\/fr\/products\/grade-school-air-jordan-4-cacao-wow-fb2214-200\/#breadcrumb\",\"itemListElement\":[{\"@type\":\"ListItem\",\"position\":1,\"name\":\"Home\",\"item\":\"https:\/\/tourcruiser.com\/fr\/\"},{\"@type\":\"ListItem\",\"position\":2,\"name\":\"Shop\",\"item\":\"https:\/\/tourcruiser.com\/fr\/shop\/\"},{\"@type\":\"ListItem\",\"position\":3,\"name\":\"(Grade School) Air Jordan 4 &#8216;Cacao Wow&#8217; FB2214-200\"}]},{\"@type\":\"WebSite\",\"@id\":\"\/#website\",\"url\":\"\/\",\"name\":\"Styloral Jewelry Shop\",\"description\":\"Tourcruiser Sneaker Store \u2014 L\u2019endroit o\u00f9 l\u2019univers rencontre votre singularit\u00e9.\",\"publisher\":{\"@id\":\"\/#organization\"},\"potentialAction\":[{\"@type\":\"SearchAction\",\"target\":{\"@type\":\"EntryPoint\",\"urlTemplate\":\"\/?s={search_term_string}\"},\"query-input\":{\"@type\":\"PropertyValueSpecification\",\"valueRequired\":true,\"valueName\":\"search_term_string\"}}],\"inLanguage\":\"fr-FR\"},{\"@type\":\"Organization\",\"@id\":\"\/#organization\",\"name\":\"STYLORAL PTE. LTD\",\"url\":\"\/\",\"logo\":{\"@type\":\"ImageObject\",\"inLanguage\":\"fr-FR\",\"@id\":\"\/#\/schema\/logo\/image\/\",\"url\":\"https:\/\/www.tourcruiser.com\/wp-content\/uploads\/2025\/12\/logo.png\",\"contentUrl\":\"https:\/\/www.tourcruiser.com\/wp-content\/uploads\/2025\/12\/logo.png\",\"width\":200,\"height\":65,\"caption\":\"STYLORAL PTE. LTD\"},\"image\":{\"@id\":\"\/#\/schema\/logo\/image\/\"}}]}<\/script>\n<!-- \/ Yoast SEO plugin. -->","yoast_head_json":{"title":"(Grade School) Air Jordan 4 'Cacao Wow' FB2214-200 - TOURCRUISER PTE. LTD","robots":{"index":"index","follow":"follow","max-snippet":"max-snippet:-1","max-image-preview":"max-image-preview:large","max-video-preview":"max-video-preview:-1"},"canonical":"https:\/\/tourcruiser.com\/fr\/products\/grade-school-air-jordan-4-cacao-wow-fb2214-200\/","og_locale":"fr_FR","og_type":"article","og_title":"(Grade School) Air Jordan 4 'Cacao Wow' FB2214-200 - TOURCRUISER PTE. LTD","og_description":"La l\u00e9gendaire Air Jordan 4 \u00ab\u00a0Cacao Wow\u00a0\u00bb pour enfants (du primaire) arbore une empeigne en cuir premium d&rsquo;un marron captivant. Ces sneakers iconiques sont dot\u00e9es d&rsquo;une languette en mesh respirant et d&rsquo;un syst\u00e8me de la\u00e7age classique pour un maintien optimal. L&rsquo;amorti Air visible au talon et \u00e0 l&rsquo;avant-pied offre un confort et un soutien exceptionnels [&hellip;]","og_url":"https:\/\/tourcruiser.com\/fr\/products\/grade-school-air-jordan-4-cacao-wow-fb2214-200\/","og_site_name":"Tourcruiser Sneaker Store","article_modified_time":"2026-04-17T16:04:50+00:00","twitter_card":"summary_large_image","twitter_image":"https:\/\/images.novelship.com\/product\/_grade_school__air_jordan_4__cacao_wow__fb2214_200_0_42353.jpeg;https:\/\/images.novelship.com\/product\/_grade_school__air_jordan_4__cacao_wow__fb2214_200_1_42353.jpeg;https:\/\/images.novelship.com\/product\/_grade_school__air_jordan_4__cacao_wow__fb2214_200_2_42353.jpeg;https:\/\/images.novelship.com\/product\/_grade_school__air_jordan_4__cacao_wow__fb2214_200_3_42353.jpeg;https:\/\/images.novelship.com\/product\/_grade_school__air_jordan_4__cacao_wow__fb2214_200_4_42353.jpeg;https:\/\/images.novelship.com\/product\/_grade_school__air_jordan_4__cacao_wow__fb2214_200_5_42353.jpeg;https:\/\/images.novelship.com\/product\/_grade_school__air_jordan_4__cacao_wow__fb2214_200_6_42353.jpeg;https:\/\/images.novelship.com\/product\/_grade_school__air_jordan_4__cacao_wow__fb2214_200_7_42353.jpeg","twitter_misc":{"Dur\u00e9e de lecture estim\u00e9e":"1 minute"},"schema":{"@context":"https:\/\/schema.org","@graph":[{"@type":"WebPage","@id":"https:\/\/tourcruiser.com\/fr\/products\/grade-school-air-jordan-4-cacao-wow-fb2214-200\/","url":"https:\/\/tourcruiser.com\/fr\/products\/grade-school-air-jordan-4-cacao-wow-fb2214-200\/","name":"(Grade School) Air Jordan 4 'Cacao Wow' FB2214-200 - TOURCRUISER PTE. LTD","isPartOf":{"@id":"\/#website"},"primaryImageOfPage":{"@id":"https:\/\/tourcruiser.com\/fr\/products\/grade-school-air-jordan-4-cacao-wow-fb2214-200\/#primaryimage"},"image":{"@id":"https:\/\/tourcruiser.com\/fr\/products\/grade-school-air-jordan-4-cacao-wow-fb2214-200\/#primaryimage"},"thumbnailUrl":"https:\/\/images.novelship.com\/product\/_grade_school__air_jordan_4__cacao_wow__fb2214_200_0_42353.jpeg;https:\/\/images.novelship.com\/product\/_grade_school__air_jordan_4__cacao_wow__fb2214_200_1_42353.jpeg;https:\/\/images.novelship.com\/product\/_grade_school__air_jordan_4__cacao_wow__fb2214_200_2_42353.jpeg;https:\/\/images.novelship.com\/product\/_grade_school__air_jordan_4__cacao_wow__fb2214_200_3_42353.jpeg;https:\/\/images.novelship.com\/product\/_grade_school__air_jordan_4__cacao_wow__fb2214_200_4_42353.jpeg;https:\/\/images.novelship.com\/product\/_grade_school__air_jordan_4__cacao_wow__fb2214_200_5_42353.jpeg;https:\/\/images.novelship.com\/product\/_grade_school__air_jordan_4__cacao_wow__fb2214_200_6_42353.jpeg;https:\/\/images.novelship.com\/product\/_grade_school__air_jordan_4__cacao_wow__fb2214_200_7_42353.jpeg","datePublished":"2026-04-16T10:14:47+00:00","dateModified":"2026-04-17T16:04:50+00:00","breadcrumb":{"@id":"https:\/\/tourcruiser.com\/fr\/products\/grade-school-air-jordan-4-cacao-wow-fb2214-200\/#breadcrumb"},"inLanguage":"fr-FR","potentialAction":[{"@type":"ReadAction","target":["https:\/\/tourcruiser.com\/fr\/products\/grade-school-air-jordan-4-cacao-wow-fb2214-200\/"]}]},{"@type":"ImageObject","inLanguage":"fr-FR","@id":"https:\/\/tourcruiser.com\/fr\/products\/grade-school-air-jordan-4-cacao-wow-fb2214-200\/#primaryimage","url":"https:\/\/images.novelship.com\/product\/_grade_school__air_jordan_4__cacao_wow__fb2214_200_0_42353.jpeg;https:\/\/images.novelship.com\/product\/_grade_school__air_jordan_4__cacao_wow__fb2214_200_1_42353.jpeg;https:\/\/images.novelship.com\/product\/_grade_school__air_jordan_4__cacao_wow__fb2214_200_2_42353.jpeg;https:\/\/images.novelship.com\/product\/_grade_school__air_jordan_4__cacao_wow__fb2214_200_3_42353.jpeg;https:\/\/images.novelship.com\/product\/_grade_school__air_jordan_4__cacao_wow__fb2214_200_4_42353.jpeg;https:\/\/images.novelship.com\/product\/_grade_school__air_jordan_4__cacao_wow__fb2214_200_5_42353.jpeg;https:\/\/images.novelship.com\/product\/_grade_school__air_jordan_4__cacao_wow__fb2214_200_6_42353.jpeg;https:\/\/images.novelship.com\/product\/_grade_school__air_jordan_4__cacao_wow__fb2214_200_7_42353.jpeg","contentUrl":"https:\/\/images.novelship.com\/product\/_grade_school__air_jordan_4__cacao_wow__fb2214_200_0_42353.jpeg;https:\/\/images.novelship.com\/product\/_grade_school__air_jordan_4__cacao_wow__fb2214_200_1_42353.jpeg;https:\/\/images.novelship.com\/product\/_grade_school__air_jordan_4__cacao_wow__fb2214_200_2_42353.jpeg;https:\/\/images.novelship.com\/product\/_grade_school__air_jordan_4__cacao_wow__fb2214_200_3_42353.jpeg;https:\/\/images.novelship.com\/product\/_grade_school__air_jordan_4__cacao_wow__fb2214_200_4_42353.jpeg;https:\/\/images.novelship.com\/product\/_grade_school__air_jordan_4__cacao_wow__fb2214_200_5_42353.jpeg;https:\/\/images.novelship.com\/product\/_grade_school__air_jordan_4__cacao_wow__fb2214_200_6_42353.jpeg;https:\/\/images.novelship.com\/product\/_grade_school__air_jordan_4__cacao_wow__fb2214_200_7_42353.jpeg"},{"@type":"BreadcrumbList","@id":"https:\/\/tourcruiser.com\/fr\/products\/grade-school-air-jordan-4-cacao-wow-fb2214-200\/#breadcrumb","itemListElement":[{"@type":"ListItem","position":1,"name":"Home","item":"https:\/\/tourcruiser.com\/fr\/"},{"@type":"ListItem","position":2,"name":"Shop","item":"https:\/\/tourcruiser.com\/fr\/shop\/"},{"@type":"ListItem","position":3,"name":"(Grade School) Air Jordan 4 &#8216;Cacao Wow&#8217; FB2214-200"}]},{"@type":"WebSite","@id":"\/#website","url":"\/","name":"Styloral Jewelry Shop","description":"Tourcruiser Sneaker Store \u2014 L\u2019endroit o\u00f9 l\u2019univers rencontre votre singularit\u00e9.","publisher":{"@id":"\/#organization"},"potentialAction":[{"@type":"SearchAction","target":{"@type":"EntryPoint","urlTemplate":"\/?s={search_term_string}"},"query-input":{"@type":"PropertyValueSpecification","valueRequired":true,"valueName":"search_term_string"}}],"inLanguage":"fr-FR"},{"@type":"Organization","@id":"\/#organization","name":"STYLORAL PTE. LTD","url":"\/","logo":{"@type":"ImageObject","inLanguage":"fr-FR","@id":"\/#\/schema\/logo\/image\/","url":"https:\/\/www.tourcruiser.com\/wp-content\/uploads\/2025\/12\/logo.png","contentUrl":"https:\/\/www.tourcruiser.com\/wp-content\/uploads\/2025\/12\/logo.png","width":200,"height":65,"caption":"STYLORAL PTE. LTD"},"image":{"@id":"\/#\/schema\/logo\/image\/"}}]}},"_links":{"self":[{"href":"https:\/\/tourcruiser.com\/fr\/wp-json\/wp\/v2\/product\/771401","targetHints":{"allow":["GET"]}}],"collection":[{"href":"https:\/\/tourcruiser.com\/fr\/wp-json\/wp\/v2\/product"}],"about":[{"href":"https:\/\/tourcruiser.com\/fr\/wp-json\/wp\/v2\/types\/product"}],"replies":[{"embeddable":true,"href":"https:\/\/tourcruiser.com\/fr\/wp-json\/wp\/v2\/comments?post=771401"}],"wp:featuredmedia":[{"embeddable":true,"href":"https:\/\/tourcruiser.com\/fr\/wp-json\/wp\/v2\/media\/771402"}],"wp:attachment":[{"href":"https:\/\/tourcruiser.com\/fr\/wp-json\/wp\/v2\/media?parent=771401"}],"wp:term":[{"taxonomy":"product_brand","embeddable":true,"href":"https:\/\/tourcruiser.com\/fr\/wp-json\/wp\/v2\/product_brand?post=771401"},{"taxonomy":"product_cat","embeddable":true,"href":"https:\/\/tourcruiser.com\/fr\/wp-json\/wp\/v2\/product_cat?post=771401"},{"taxonomy":"product_tag","embeddable":true,"href":"https:\/\/tourcruiser.com\/fr\/wp-json\/wp\/v2\/product_tag?post=771401"}],"curies":[{"name":"wp","href":"https:\/\/api.w.org\/{rel}","templated":true}]}}