{"id":771332,"date":"2026-04-16T17:14:44","date_gmt":"2026-04-16T10:14:44","guid":{"rendered":"http:\/\/tourcruiser.com\/product\/grade-school-air-jordan-4-retro-messy-room-dr6952-400"},"modified":"2026-04-17T23:04:47","modified_gmt":"2026-04-17T16:04:47","slug":"grade-school-air-jordan-4-retro-messy-room-dr6952-400","status":"publish","type":"product","link":"https:\/\/tourcruiser.com\/fr\/products\/grade-school-air-jordan-4-retro-messy-room-dr6952-400\/","title":{"rendered":"(Grade School) Air Jordan 4 Retro &lsquo;Messy Room&rsquo; DR6952-400"},"content":{"rendered":"<p>Pr\u00e9parez-vous \u00e0 vivre une exp\u00e9rience sneaker in\u00e9dite avec la Air Jordan 4 Retro Messy Room (GS). Con\u00e7ues par Jordan, ces sneakers allient style et fonctionnalit\u00e9 pour un confort incomparable. Leur design unique et captivant, inspir\u00e9 d&rsquo;une chambre en d\u00e9sordre, ne manquera pas d&rsquo;attirer les regards. Confortables et r\u00e9sistantes, ces Air Jordan sont parfaites au quotidien comme pour le sport. Compl\u00e9tez votre collection et affirmez votre style avec la Air Jordan 4 Retro Messy Room (GS).<\/p>\n<p>Coloris : Bleu France\/Blanc\/Rouge Gym\/Blanc Perle\/Chutney\/Vert Altitude<\/p>\n<p>Code article : DR6952-400<\/p>\n<p>Tige : Daim<\/p>\n<p>Semelle interm\u00e9diaire : Air<\/p>\n<p>Couleur : Bleu<\/p>\n<p>Designer : Tinker Hatfield<\/p>\n<p>Saison : Hiver<\/p>\n<p>Ann\u00e9e de sortie : 2023<\/p>\n<p>\u00c2ge : Adulte<\/p>\n<p>Couleur : Vert\/Blanc cass\u00e9\/Gris<\/p>\n<p>Genre : Jeune<\/p>\n","protected":false},"excerpt":{"rendered":"<p>Pr\u00e9parez-vous \u00e0 vivre une exp\u00e9rience sneaker in\u00e9dite avec la Air Jordan 4 Retro Messy Room (GS). Con\u00e7ues par Jordan, ces sneakers allient style et fonctionnalit\u00e9 pour un confort incomparable. Leur design unique et captivant, inspir\u00e9 d&rsquo;une chambre en d\u00e9sordre, ne manquera pas d&rsquo;attirer les regards. Confortables et r\u00e9sistantes, ces Air Jordan sont parfaites au quotidien [&hellip;]<\/p>\n","protected":false},"featured_media":771333,"comment_status":"open","ping_status":"closed","template":"","meta":[],"product_brand":[],"product_cat":[38880],"product_tag":[10750,38861,38988,10776,11349,38875,10756,39039],"class_list":{"0":"post-771332","1":"product","2":"type-product","3":"status-publish","4":"has-post-thumbnail","6":"product_cat-jordan","7":"product_tag-athleisure-shoes","8":"product_tag-below-retail-price","9":"product_tag-casual-shoes-for-kids","10":"product_tag-jordan","11":"product_tag-jordan-basketball-shoes","12":"product_tag-jordan-skateboard-shoes","13":"product_tag-retro-casual-shoes","14":"product_tag-sneakers-for-kids","16":"first","17":"instock","18":"taxable","19":"shipping-taxable","20":"purchasable","21":"product-type-simple"},"wcpa_form_fields":null,"yoast_head":"<!-- This site is optimized with the Yoast SEO plugin v26.5 - https:\/\/yoast.com\/wordpress\/plugins\/seo\/ -->\n<title>(Grade School) Air Jordan 4 Retro &#039;Messy Room&#039; DR6952-400 - TOURCRUISER PTE. LTD<\/title>\n<meta name=\"robots\" content=\"index, follow, max-snippet:-1, max-image-preview:large, max-video-preview:-1\" \/>\n<link rel=\"canonical\" href=\"https:\/\/tourcruiser.com\/fr\/products\/grade-school-air-jordan-4-retro-messy-room-dr6952-400\/\" \/>\n<meta property=\"og:locale\" content=\"fr_FR\" \/>\n<meta property=\"og:type\" content=\"article\" \/>\n<meta property=\"og:title\" content=\"(Grade School) Air Jordan 4 Retro &#039;Messy Room&#039; DR6952-400 - TOURCRUISER PTE. LTD\" \/>\n<meta property=\"og:description\" content=\"Pr\u00e9parez-vous \u00e0 vivre une exp\u00e9rience sneaker in\u00e9dite avec la Air Jordan 4 Retro Messy Room (GS). Con\u00e7ues par Jordan, ces sneakers allient style et fonctionnalit\u00e9 pour un confort incomparable. Leur design unique et captivant, inspir\u00e9 d&rsquo;une chambre en d\u00e9sordre, ne manquera pas d&rsquo;attirer les regards. Confortables et r\u00e9sistantes, ces Air Jordan sont parfaites au quotidien [&hellip;]\" \/>\n<meta property=\"og:url\" content=\"https:\/\/tourcruiser.com\/fr\/products\/grade-school-air-jordan-4-retro-messy-room-dr6952-400\/\" \/>\n<meta property=\"og:site_name\" content=\"Tourcruiser Sneaker Store\" \/>\n<meta property=\"article:modified_time\" content=\"2026-04-17T16:04:47+00:00\" \/>\n<meta name=\"twitter:card\" content=\"summary_large_image\" \/>\n<meta name=\"twitter:image\" content=\"https:\/\/images.novelship.com\/product\/_grade_school__air_jordan_4_retro__messy_room__dr6_0_42217.jpeg;https:\/\/images.novelship.com\/product\/_grade_school__air_jordan_4_retro__messy_room__dr6_1_42217.jpeg;https:\/\/images.novelship.com\/product\/_grade_school__air_jordan_4_retro__messy_room__dr6_2_42217.jpeg;https:\/\/images.novelship.com\/product\/_grade_school__air_jordan_4_retro__messy_room__dr6_3_42217.jpeg;https:\/\/images.novelship.com\/product\/_grade_school__air_jordan_4_retro__messy_room__dr6_4_42217.jpeg;https:\/\/images.novelship.com\/product\/_grade_school__air_jordan_4_retro__messy_room__dr6_5_42217.jpeg;https:\/\/images.novelship.com\/product\/_grade_school__air_jordan_4_retro__messy_room__dr6_6_42217.jpeg;https:\/\/images.novelship.com\/product\/_grade_school__air_jordan_4_retro__messy_room__dr6_7_42217.jpeg\" \/>\n<meta name=\"twitter:label1\" content=\"Dur\u00e9e de lecture estim\u00e9e\" \/>\n\t<meta name=\"twitter:data1\" content=\"1 minute\" \/>\n<script type=\"application\/ld+json\" class=\"yoast-schema-graph\">{\"@context\":\"https:\/\/schema.org\",\"@graph\":[{\"@type\":\"WebPage\",\"@id\":\"https:\/\/tourcruiser.com\/fr\/products\/grade-school-air-jordan-4-retro-messy-room-dr6952-400\/\",\"url\":\"https:\/\/tourcruiser.com\/fr\/products\/grade-school-air-jordan-4-retro-messy-room-dr6952-400\/\",\"name\":\"(Grade School) Air Jordan 4 Retro 'Messy Room' DR6952-400 - TOURCRUISER PTE. LTD\",\"isPartOf\":{\"@id\":\"\/#website\"},\"primaryImageOfPage\":{\"@id\":\"https:\/\/tourcruiser.com\/fr\/products\/grade-school-air-jordan-4-retro-messy-room-dr6952-400\/#primaryimage\"},\"image\":{\"@id\":\"https:\/\/tourcruiser.com\/fr\/products\/grade-school-air-jordan-4-retro-messy-room-dr6952-400\/#primaryimage\"},\"thumbnailUrl\":\"https:\/\/images.novelship.com\/product\/_grade_school__air_jordan_4_retro__messy_room__dr6_0_42217.jpeg;https:\/\/images.novelship.com\/product\/_grade_school__air_jordan_4_retro__messy_room__dr6_1_42217.jpeg;https:\/\/images.novelship.com\/product\/_grade_school__air_jordan_4_retro__messy_room__dr6_2_42217.jpeg;https:\/\/images.novelship.com\/product\/_grade_school__air_jordan_4_retro__messy_room__dr6_3_42217.jpeg;https:\/\/images.novelship.com\/product\/_grade_school__air_jordan_4_retro__messy_room__dr6_4_42217.jpeg;https:\/\/images.novelship.com\/product\/_grade_school__air_jordan_4_retro__messy_room__dr6_5_42217.jpeg;https:\/\/images.novelship.com\/product\/_grade_school__air_jordan_4_retro__messy_room__dr6_6_42217.jpeg;https:\/\/images.novelship.com\/product\/_grade_school__air_jordan_4_retro__messy_room__dr6_7_42217.jpeg\",\"datePublished\":\"2026-04-16T10:14:44+00:00\",\"dateModified\":\"2026-04-17T16:04:47+00:00\",\"breadcrumb\":{\"@id\":\"https:\/\/tourcruiser.com\/fr\/products\/grade-school-air-jordan-4-retro-messy-room-dr6952-400\/#breadcrumb\"},\"inLanguage\":\"fr-FR\",\"potentialAction\":[{\"@type\":\"ReadAction\",\"target\":[\"https:\/\/tourcruiser.com\/fr\/products\/grade-school-air-jordan-4-retro-messy-room-dr6952-400\/\"]}]},{\"@type\":\"ImageObject\",\"inLanguage\":\"fr-FR\",\"@id\":\"https:\/\/tourcruiser.com\/fr\/products\/grade-school-air-jordan-4-retro-messy-room-dr6952-400\/#primaryimage\",\"url\":\"https:\/\/images.novelship.com\/product\/_grade_school__air_jordan_4_retro__messy_room__dr6_0_42217.jpeg;https:\/\/images.novelship.com\/product\/_grade_school__air_jordan_4_retro__messy_room__dr6_1_42217.jpeg;https:\/\/images.novelship.com\/product\/_grade_school__air_jordan_4_retro__messy_room__dr6_2_42217.jpeg;https:\/\/images.novelship.com\/product\/_grade_school__air_jordan_4_retro__messy_room__dr6_3_42217.jpeg;https:\/\/images.novelship.com\/product\/_grade_school__air_jordan_4_retro__messy_room__dr6_4_42217.jpeg;https:\/\/images.novelship.com\/product\/_grade_school__air_jordan_4_retro__messy_room__dr6_5_42217.jpeg;https:\/\/images.novelship.com\/product\/_grade_school__air_jordan_4_retro__messy_room__dr6_6_42217.jpeg;https:\/\/images.novelship.com\/product\/_grade_school__air_jordan_4_retro__messy_room__dr6_7_42217.jpeg\",\"contentUrl\":\"https:\/\/images.novelship.com\/product\/_grade_school__air_jordan_4_retro__messy_room__dr6_0_42217.jpeg;https:\/\/images.novelship.com\/product\/_grade_school__air_jordan_4_retro__messy_room__dr6_1_42217.jpeg;https:\/\/images.novelship.com\/product\/_grade_school__air_jordan_4_retro__messy_room__dr6_2_42217.jpeg;https:\/\/images.novelship.com\/product\/_grade_school__air_jordan_4_retro__messy_room__dr6_3_42217.jpeg;https:\/\/images.novelship.com\/product\/_grade_school__air_jordan_4_retro__messy_room__dr6_4_42217.jpeg;https:\/\/images.novelship.com\/product\/_grade_school__air_jordan_4_retro__messy_room__dr6_5_42217.jpeg;https:\/\/images.novelship.com\/product\/_grade_school__air_jordan_4_retro__messy_room__dr6_6_42217.jpeg;https:\/\/images.novelship.com\/product\/_grade_school__air_jordan_4_retro__messy_room__dr6_7_42217.jpeg\"},{\"@type\":\"BreadcrumbList\",\"@id\":\"https:\/\/tourcruiser.com\/fr\/products\/grade-school-air-jordan-4-retro-messy-room-dr6952-400\/#breadcrumb\",\"itemListElement\":[{\"@type\":\"ListItem\",\"position\":1,\"name\":\"Home\",\"item\":\"https:\/\/tourcruiser.com\/fr\/\"},{\"@type\":\"ListItem\",\"position\":2,\"name\":\"Shop\",\"item\":\"https:\/\/tourcruiser.com\/fr\/shop\/\"},{\"@type\":\"ListItem\",\"position\":3,\"name\":\"(Grade School) Air Jordan 4 Retro &#8216;Messy Room&#8217; DR6952-400\"}]},{\"@type\":\"WebSite\",\"@id\":\"\/#website\",\"url\":\"\/\",\"name\":\"Styloral Jewelry Shop\",\"description\":\"Tourcruiser Sneaker Store \u2014 L\u2019endroit o\u00f9 l\u2019univers rencontre votre singularit\u00e9.\",\"publisher\":{\"@id\":\"\/#organization\"},\"potentialAction\":[{\"@type\":\"SearchAction\",\"target\":{\"@type\":\"EntryPoint\",\"urlTemplate\":\"\/?s={search_term_string}\"},\"query-input\":{\"@type\":\"PropertyValueSpecification\",\"valueRequired\":true,\"valueName\":\"search_term_string\"}}],\"inLanguage\":\"fr-FR\"},{\"@type\":\"Organization\",\"@id\":\"\/#organization\",\"name\":\"STYLORAL PTE. LTD\",\"url\":\"\/\",\"logo\":{\"@type\":\"ImageObject\",\"inLanguage\":\"fr-FR\",\"@id\":\"\/#\/schema\/logo\/image\/\",\"url\":\"https:\/\/www.tourcruiser.com\/wp-content\/uploads\/2025\/12\/logo.png\",\"contentUrl\":\"https:\/\/www.tourcruiser.com\/wp-content\/uploads\/2025\/12\/logo.png\",\"width\":200,\"height\":65,\"caption\":\"STYLORAL PTE. LTD\"},\"image\":{\"@id\":\"\/#\/schema\/logo\/image\/\"}}]}<\/script>\n<!-- \/ Yoast SEO plugin. -->","yoast_head_json":{"title":"(Grade School) Air Jordan 4 Retro 'Messy Room' DR6952-400 - TOURCRUISER PTE. LTD","robots":{"index":"index","follow":"follow","max-snippet":"max-snippet:-1","max-image-preview":"max-image-preview:large","max-video-preview":"max-video-preview:-1"},"canonical":"https:\/\/tourcruiser.com\/fr\/products\/grade-school-air-jordan-4-retro-messy-room-dr6952-400\/","og_locale":"fr_FR","og_type":"article","og_title":"(Grade School) Air Jordan 4 Retro 'Messy Room' DR6952-400 - TOURCRUISER PTE. LTD","og_description":"Pr\u00e9parez-vous \u00e0 vivre une exp\u00e9rience sneaker in\u00e9dite avec la Air Jordan 4 Retro Messy Room (GS). Con\u00e7ues par Jordan, ces sneakers allient style et fonctionnalit\u00e9 pour un confort incomparable. Leur design unique et captivant, inspir\u00e9 d&rsquo;une chambre en d\u00e9sordre, ne manquera pas d&rsquo;attirer les regards. Confortables et r\u00e9sistantes, ces Air Jordan sont parfaites au quotidien [&hellip;]","og_url":"https:\/\/tourcruiser.com\/fr\/products\/grade-school-air-jordan-4-retro-messy-room-dr6952-400\/","og_site_name":"Tourcruiser Sneaker Store","article_modified_time":"2026-04-17T16:04:47+00:00","twitter_card":"summary_large_image","twitter_image":"https:\/\/images.novelship.com\/product\/_grade_school__air_jordan_4_retro__messy_room__dr6_0_42217.jpeg;https:\/\/images.novelship.com\/product\/_grade_school__air_jordan_4_retro__messy_room__dr6_1_42217.jpeg;https:\/\/images.novelship.com\/product\/_grade_school__air_jordan_4_retro__messy_room__dr6_2_42217.jpeg;https:\/\/images.novelship.com\/product\/_grade_school__air_jordan_4_retro__messy_room__dr6_3_42217.jpeg;https:\/\/images.novelship.com\/product\/_grade_school__air_jordan_4_retro__messy_room__dr6_4_42217.jpeg;https:\/\/images.novelship.com\/product\/_grade_school__air_jordan_4_retro__messy_room__dr6_5_42217.jpeg;https:\/\/images.novelship.com\/product\/_grade_school__air_jordan_4_retro__messy_room__dr6_6_42217.jpeg;https:\/\/images.novelship.com\/product\/_grade_school__air_jordan_4_retro__messy_room__dr6_7_42217.jpeg","twitter_misc":{"Dur\u00e9e de lecture estim\u00e9e":"1 minute"},"schema":{"@context":"https:\/\/schema.org","@graph":[{"@type":"WebPage","@id":"https:\/\/tourcruiser.com\/fr\/products\/grade-school-air-jordan-4-retro-messy-room-dr6952-400\/","url":"https:\/\/tourcruiser.com\/fr\/products\/grade-school-air-jordan-4-retro-messy-room-dr6952-400\/","name":"(Grade School) Air Jordan 4 Retro 'Messy Room' DR6952-400 - TOURCRUISER PTE. LTD","isPartOf":{"@id":"\/#website"},"primaryImageOfPage":{"@id":"https:\/\/tourcruiser.com\/fr\/products\/grade-school-air-jordan-4-retro-messy-room-dr6952-400\/#primaryimage"},"image":{"@id":"https:\/\/tourcruiser.com\/fr\/products\/grade-school-air-jordan-4-retro-messy-room-dr6952-400\/#primaryimage"},"thumbnailUrl":"https:\/\/images.novelship.com\/product\/_grade_school__air_jordan_4_retro__messy_room__dr6_0_42217.jpeg;https:\/\/images.novelship.com\/product\/_grade_school__air_jordan_4_retro__messy_room__dr6_1_42217.jpeg;https:\/\/images.novelship.com\/product\/_grade_school__air_jordan_4_retro__messy_room__dr6_2_42217.jpeg;https:\/\/images.novelship.com\/product\/_grade_school__air_jordan_4_retro__messy_room__dr6_3_42217.jpeg;https:\/\/images.novelship.com\/product\/_grade_school__air_jordan_4_retro__messy_room__dr6_4_42217.jpeg;https:\/\/images.novelship.com\/product\/_grade_school__air_jordan_4_retro__messy_room__dr6_5_42217.jpeg;https:\/\/images.novelship.com\/product\/_grade_school__air_jordan_4_retro__messy_room__dr6_6_42217.jpeg;https:\/\/images.novelship.com\/product\/_grade_school__air_jordan_4_retro__messy_room__dr6_7_42217.jpeg","datePublished":"2026-04-16T10:14:44+00:00","dateModified":"2026-04-17T16:04:47+00:00","breadcrumb":{"@id":"https:\/\/tourcruiser.com\/fr\/products\/grade-school-air-jordan-4-retro-messy-room-dr6952-400\/#breadcrumb"},"inLanguage":"fr-FR","potentialAction":[{"@type":"ReadAction","target":["https:\/\/tourcruiser.com\/fr\/products\/grade-school-air-jordan-4-retro-messy-room-dr6952-400\/"]}]},{"@type":"ImageObject","inLanguage":"fr-FR","@id":"https:\/\/tourcruiser.com\/fr\/products\/grade-school-air-jordan-4-retro-messy-room-dr6952-400\/#primaryimage","url":"https:\/\/images.novelship.com\/product\/_grade_school__air_jordan_4_retro__messy_room__dr6_0_42217.jpeg;https:\/\/images.novelship.com\/product\/_grade_school__air_jordan_4_retro__messy_room__dr6_1_42217.jpeg;https:\/\/images.novelship.com\/product\/_grade_school__air_jordan_4_retro__messy_room__dr6_2_42217.jpeg;https:\/\/images.novelship.com\/product\/_grade_school__air_jordan_4_retro__messy_room__dr6_3_42217.jpeg;https:\/\/images.novelship.com\/product\/_grade_school__air_jordan_4_retro__messy_room__dr6_4_42217.jpeg;https:\/\/images.novelship.com\/product\/_grade_school__air_jordan_4_retro__messy_room__dr6_5_42217.jpeg;https:\/\/images.novelship.com\/product\/_grade_school__air_jordan_4_retro__messy_room__dr6_6_42217.jpeg;https:\/\/images.novelship.com\/product\/_grade_school__air_jordan_4_retro__messy_room__dr6_7_42217.jpeg","contentUrl":"https:\/\/images.novelship.com\/product\/_grade_school__air_jordan_4_retro__messy_room__dr6_0_42217.jpeg;https:\/\/images.novelship.com\/product\/_grade_school__air_jordan_4_retro__messy_room__dr6_1_42217.jpeg;https:\/\/images.novelship.com\/product\/_grade_school__air_jordan_4_retro__messy_room__dr6_2_42217.jpeg;https:\/\/images.novelship.com\/product\/_grade_school__air_jordan_4_retro__messy_room__dr6_3_42217.jpeg;https:\/\/images.novelship.com\/product\/_grade_school__air_jordan_4_retro__messy_room__dr6_4_42217.jpeg;https:\/\/images.novelship.com\/product\/_grade_school__air_jordan_4_retro__messy_room__dr6_5_42217.jpeg;https:\/\/images.novelship.com\/product\/_grade_school__air_jordan_4_retro__messy_room__dr6_6_42217.jpeg;https:\/\/images.novelship.com\/product\/_grade_school__air_jordan_4_retro__messy_room__dr6_7_42217.jpeg"},{"@type":"BreadcrumbList","@id":"https:\/\/tourcruiser.com\/fr\/products\/grade-school-air-jordan-4-retro-messy-room-dr6952-400\/#breadcrumb","itemListElement":[{"@type":"ListItem","position":1,"name":"Home","item":"https:\/\/tourcruiser.com\/fr\/"},{"@type":"ListItem","position":2,"name":"Shop","item":"https:\/\/tourcruiser.com\/fr\/shop\/"},{"@type":"ListItem","position":3,"name":"(Grade School) Air Jordan 4 Retro &#8216;Messy Room&#8217; DR6952-400"}]},{"@type":"WebSite","@id":"\/#website","url":"\/","name":"Styloral Jewelry Shop","description":"Tourcruiser Sneaker Store \u2014 L\u2019endroit o\u00f9 l\u2019univers rencontre votre singularit\u00e9.","publisher":{"@id":"\/#organization"},"potentialAction":[{"@type":"SearchAction","target":{"@type":"EntryPoint","urlTemplate":"\/?s={search_term_string}"},"query-input":{"@type":"PropertyValueSpecification","valueRequired":true,"valueName":"search_term_string"}}],"inLanguage":"fr-FR"},{"@type":"Organization","@id":"\/#organization","name":"STYLORAL PTE. LTD","url":"\/","logo":{"@type":"ImageObject","inLanguage":"fr-FR","@id":"\/#\/schema\/logo\/image\/","url":"https:\/\/www.tourcruiser.com\/wp-content\/uploads\/2025\/12\/logo.png","contentUrl":"https:\/\/www.tourcruiser.com\/wp-content\/uploads\/2025\/12\/logo.png","width":200,"height":65,"caption":"STYLORAL PTE. LTD"},"image":{"@id":"\/#\/schema\/logo\/image\/"}}]}},"_links":{"self":[{"href":"https:\/\/tourcruiser.com\/fr\/wp-json\/wp\/v2\/product\/771332","targetHints":{"allow":["GET"]}}],"collection":[{"href":"https:\/\/tourcruiser.com\/fr\/wp-json\/wp\/v2\/product"}],"about":[{"href":"https:\/\/tourcruiser.com\/fr\/wp-json\/wp\/v2\/types\/product"}],"replies":[{"embeddable":true,"href":"https:\/\/tourcruiser.com\/fr\/wp-json\/wp\/v2\/comments?post=771332"}],"wp:featuredmedia":[{"embeddable":true,"href":"https:\/\/tourcruiser.com\/fr\/wp-json\/wp\/v2\/media\/771333"}],"wp:attachment":[{"href":"https:\/\/tourcruiser.com\/fr\/wp-json\/wp\/v2\/media?parent=771332"}],"wp:term":[{"taxonomy":"product_brand","embeddable":true,"href":"https:\/\/tourcruiser.com\/fr\/wp-json\/wp\/v2\/product_brand?post=771332"},{"taxonomy":"product_cat","embeddable":true,"href":"https:\/\/tourcruiser.com\/fr\/wp-json\/wp\/v2\/product_cat?post=771332"},{"taxonomy":"product_tag","embeddable":true,"href":"https:\/\/tourcruiser.com\/fr\/wp-json\/wp\/v2\/product_tag?post=771332"}],"curies":[{"name":"wp","href":"https:\/\/api.w.org\/{rel}","templated":true}]}}