{"id":771207,"date":"2026-04-16T17:14:41","date_gmt":"2026-04-16T10:14:41","guid":{"rendered":"http:\/\/tourcruiser.com\/product\/guo-ailun-x-air-jordan-legacy-312-jade-fv3625-181"},"modified":"2026-04-17T23:04:38","modified_gmt":"2026-04-17T16:04:38","slug":"guo-ailun-x-air-jordan-legacy-312-jade-fv3625-181","status":"publish","type":"product","link":"https:\/\/tourcruiser.com\/fr\/products\/guo-ailun-x-air-jordan-legacy-312-jade-fv3625-181\/","title":{"rendered":"Guo Ailun x Air Jordan Legacy 312 &lsquo;Jade&rsquo; FV3625-181"},"content":{"rendered":"<p>Entrez sur le parquet avec les sneakers Guo Ailun x Air Jordan Legacy 312 \u00ab Jade \u00bb \u2013 une fusion parfaite entre l&rsquo;h\u00e9ritage du basketball et la modernit\u00e9. Inspir\u00e9es par la star chinoise du basketball, ces sneakers arborent un cuir premium d&rsquo;un vert jade \u00e9clatant, rehauss\u00e9 d&rsquo;une languette en mesh et de d\u00e9tails r\u00e9fl\u00e9chissants. L&rsquo;amorti Air sur toute la longueur offre une foul\u00e9e fluide et r\u00e9active, tandis que la semelle ext\u00e9rieure \u00e0 chevrons assure une adh\u00e9rence exceptionnelle. Sublimez votre jeu et ajoutez ce chef-d&rsquo;\u0153uvre en \u00e9dition limit\u00e9e \u00e0 votre collection de sneakers.<\/p>\n<p>Coloris : Blanc\/Vert<\/p>\n<p>Code article : FV3625-181<\/p>\n<p>Tige : Cuir<\/p>\n<p>Semelle interm\u00e9diaire : Air<\/p>\n<p>Couleur : Blanc<\/p>\n<p>Designer : Don C<\/p>\n<p>Couleur : Blanc<\/p>\n<p>\u00c2ge : Adulte<\/p>\n<p>Couleur : Blanc\/Bleu<\/p>\n<p>Genre : Homme<\/p>\n","protected":false},"excerpt":{"rendered":"<p>Entrez sur le parquet avec les sneakers Guo Ailun x Air Jordan Legacy 312 \u00ab Jade \u00bb \u2013 une fusion parfaite entre l&rsquo;h\u00e9ritage du basketball et la modernit\u00e9. Inspir\u00e9es par la star chinoise du basketball, ces sneakers arborent un cuir premium d&rsquo;un vert jade \u00e9clatant, rehauss\u00e9 d&rsquo;une languette en mesh et de d\u00e9tails r\u00e9fl\u00e9chissants. L&rsquo;amorti [&hellip;]<\/p>\n","protected":false},"featured_media":771208,"comment_status":"open","ping_status":"closed","template":"","meta":[],"product_brand":[],"product_cat":[38880],"product_tag":[10750,38861,38841,38975,38842,10776,11349,38875,10756],"class_list":{"0":"post-771207","1":"product","2":"type-product","3":"status-publish","4":"has-post-thumbnail","6":"product_cat-jordan","7":"product_tag-athleisure-shoes","8":"product_tag-below-retail-price","9":"product_tag-casual-shoes","10":"product_tag-casual-shoes-basketball-inspired","11":"product_tag-gift-idea-for-him","12":"product_tag-jordan","13":"product_tag-jordan-basketball-shoes","14":"product_tag-jordan-skateboard-shoes","15":"product_tag-retro-casual-shoes","17":"first","18":"instock","19":"taxable","20":"shipping-taxable","21":"purchasable","22":"product-type-simple"},"wcpa_form_fields":null,"yoast_head":"<!-- This site is optimized with the Yoast SEO plugin v26.5 - https:\/\/yoast.com\/wordpress\/plugins\/seo\/ -->\n<title>Guo Ailun x Air Jordan Legacy 312 &#039;Jade&#039; FV3625-181 - TOURCRUISER PTE. LTD<\/title>\n<meta name=\"robots\" content=\"index, follow, max-snippet:-1, max-image-preview:large, max-video-preview:-1\" \/>\n<link rel=\"canonical\" href=\"https:\/\/tourcruiser.com\/fr\/products\/guo-ailun-x-air-jordan-legacy-312-jade-fv3625-181\/\" \/>\n<meta property=\"og:locale\" content=\"fr_FR\" \/>\n<meta property=\"og:type\" content=\"article\" \/>\n<meta property=\"og:title\" content=\"Guo Ailun x Air Jordan Legacy 312 &#039;Jade&#039; FV3625-181 - TOURCRUISER PTE. LTD\" \/>\n<meta property=\"og:description\" content=\"Entrez sur le parquet avec les sneakers Guo Ailun x Air Jordan Legacy 312 \u00ab Jade \u00bb \u2013 une fusion parfaite entre l&rsquo;h\u00e9ritage du basketball et la modernit\u00e9. Inspir\u00e9es par la star chinoise du basketball, ces sneakers arborent un cuir premium d&rsquo;un vert jade \u00e9clatant, rehauss\u00e9 d&rsquo;une languette en mesh et de d\u00e9tails r\u00e9fl\u00e9chissants. L&rsquo;amorti [&hellip;]\" \/>\n<meta property=\"og:url\" content=\"https:\/\/tourcruiser.com\/fr\/products\/guo-ailun-x-air-jordan-legacy-312-jade-fv3625-181\/\" \/>\n<meta property=\"og:site_name\" content=\"Tourcruiser Sneaker Store\" \/>\n<meta property=\"article:modified_time\" content=\"2026-04-17T16:04:38+00:00\" \/>\n<meta name=\"twitter:card\" content=\"summary_large_image\" \/>\n<meta name=\"twitter:image\" content=\"https:\/\/images.novelship.com\/product\/guo_ailun_x_air_jordan_legacy_312__jade__fv3625-18_0_49740.jpeg;https:\/\/images.novelship.com\/product\/guo_ailun_x_air_jordan_legacy_312__jade__fv3625-18_1_49740.jpeg;https:\/\/images.novelship.com\/product\/guo_ailun_x_air_jordan_legacy_312__jade__fv3625-18_2_49740.jpeg;https:\/\/images.novelship.com\/product\/guo_ailun_x_air_jordan_legacy_312__jade__fv3625-18_3_49740.jpeg;https:\/\/images.novelship.com\/product\/guo_ailun_x_air_jordan_legacy_312__jade__fv3625-18_4_49740.jpeg;https:\/\/images.novelship.com\/product\/guo_ailun_x_air_jordan_legacy_312__jade__fv3625-18_5_49740.jpeg;https:\/\/images.novelship.com\/product\/guo_ailun_x_air_jordan_legacy_312__jade__fv3625-18_6_49740.jpeg;https:\/\/images.novelship.com\/product\/guo_ailun_x_air_jordan_legacy_312__jade__fv3625-18_7_49740.jpeg\" \/>\n<meta name=\"twitter:label1\" content=\"Dur\u00e9e de lecture estim\u00e9e\" \/>\n\t<meta name=\"twitter:data1\" content=\"1 minute\" \/>\n<script type=\"application\/ld+json\" class=\"yoast-schema-graph\">{\"@context\":\"https:\/\/schema.org\",\"@graph\":[{\"@type\":\"WebPage\",\"@id\":\"https:\/\/tourcruiser.com\/fr\/products\/guo-ailun-x-air-jordan-legacy-312-jade-fv3625-181\/\",\"url\":\"https:\/\/tourcruiser.com\/fr\/products\/guo-ailun-x-air-jordan-legacy-312-jade-fv3625-181\/\",\"name\":\"Guo Ailun x Air Jordan Legacy 312 'Jade' FV3625-181 - TOURCRUISER PTE. LTD\",\"isPartOf\":{\"@id\":\"\/#website\"},\"primaryImageOfPage\":{\"@id\":\"https:\/\/tourcruiser.com\/fr\/products\/guo-ailun-x-air-jordan-legacy-312-jade-fv3625-181\/#primaryimage\"},\"image\":{\"@id\":\"https:\/\/tourcruiser.com\/fr\/products\/guo-ailun-x-air-jordan-legacy-312-jade-fv3625-181\/#primaryimage\"},\"thumbnailUrl\":\"https:\/\/images.novelship.com\/product\/guo_ailun_x_air_jordan_legacy_312__jade__fv3625-18_0_49740.jpeg;https:\/\/images.novelship.com\/product\/guo_ailun_x_air_jordan_legacy_312__jade__fv3625-18_1_49740.jpeg;https:\/\/images.novelship.com\/product\/guo_ailun_x_air_jordan_legacy_312__jade__fv3625-18_2_49740.jpeg;https:\/\/images.novelship.com\/product\/guo_ailun_x_air_jordan_legacy_312__jade__fv3625-18_3_49740.jpeg;https:\/\/images.novelship.com\/product\/guo_ailun_x_air_jordan_legacy_312__jade__fv3625-18_4_49740.jpeg;https:\/\/images.novelship.com\/product\/guo_ailun_x_air_jordan_legacy_312__jade__fv3625-18_5_49740.jpeg;https:\/\/images.novelship.com\/product\/guo_ailun_x_air_jordan_legacy_312__jade__fv3625-18_6_49740.jpeg;https:\/\/images.novelship.com\/product\/guo_ailun_x_air_jordan_legacy_312__jade__fv3625-18_7_49740.jpeg\",\"datePublished\":\"2026-04-16T10:14:41+00:00\",\"dateModified\":\"2026-04-17T16:04:38+00:00\",\"breadcrumb\":{\"@id\":\"https:\/\/tourcruiser.com\/fr\/products\/guo-ailun-x-air-jordan-legacy-312-jade-fv3625-181\/#breadcrumb\"},\"inLanguage\":\"fr-FR\",\"potentialAction\":[{\"@type\":\"ReadAction\",\"target\":[\"https:\/\/tourcruiser.com\/fr\/products\/guo-ailun-x-air-jordan-legacy-312-jade-fv3625-181\/\"]}]},{\"@type\":\"ImageObject\",\"inLanguage\":\"fr-FR\",\"@id\":\"https:\/\/tourcruiser.com\/fr\/products\/guo-ailun-x-air-jordan-legacy-312-jade-fv3625-181\/#primaryimage\",\"url\":\"https:\/\/images.novelship.com\/product\/guo_ailun_x_air_jordan_legacy_312__jade__fv3625-18_0_49740.jpeg;https:\/\/images.novelship.com\/product\/guo_ailun_x_air_jordan_legacy_312__jade__fv3625-18_1_49740.jpeg;https:\/\/images.novelship.com\/product\/guo_ailun_x_air_jordan_legacy_312__jade__fv3625-18_2_49740.jpeg;https:\/\/images.novelship.com\/product\/guo_ailun_x_air_jordan_legacy_312__jade__fv3625-18_3_49740.jpeg;https:\/\/images.novelship.com\/product\/guo_ailun_x_air_jordan_legacy_312__jade__fv3625-18_4_49740.jpeg;https:\/\/images.novelship.com\/product\/guo_ailun_x_air_jordan_legacy_312__jade__fv3625-18_5_49740.jpeg;https:\/\/images.novelship.com\/product\/guo_ailun_x_air_jordan_legacy_312__jade__fv3625-18_6_49740.jpeg;https:\/\/images.novelship.com\/product\/guo_ailun_x_air_jordan_legacy_312__jade__fv3625-18_7_49740.jpeg\",\"contentUrl\":\"https:\/\/images.novelship.com\/product\/guo_ailun_x_air_jordan_legacy_312__jade__fv3625-18_0_49740.jpeg;https:\/\/images.novelship.com\/product\/guo_ailun_x_air_jordan_legacy_312__jade__fv3625-18_1_49740.jpeg;https:\/\/images.novelship.com\/product\/guo_ailun_x_air_jordan_legacy_312__jade__fv3625-18_2_49740.jpeg;https:\/\/images.novelship.com\/product\/guo_ailun_x_air_jordan_legacy_312__jade__fv3625-18_3_49740.jpeg;https:\/\/images.novelship.com\/product\/guo_ailun_x_air_jordan_legacy_312__jade__fv3625-18_4_49740.jpeg;https:\/\/images.novelship.com\/product\/guo_ailun_x_air_jordan_legacy_312__jade__fv3625-18_5_49740.jpeg;https:\/\/images.novelship.com\/product\/guo_ailun_x_air_jordan_legacy_312__jade__fv3625-18_6_49740.jpeg;https:\/\/images.novelship.com\/product\/guo_ailun_x_air_jordan_legacy_312__jade__fv3625-18_7_49740.jpeg\"},{\"@type\":\"BreadcrumbList\",\"@id\":\"https:\/\/tourcruiser.com\/fr\/products\/guo-ailun-x-air-jordan-legacy-312-jade-fv3625-181\/#breadcrumb\",\"itemListElement\":[{\"@type\":\"ListItem\",\"position\":1,\"name\":\"Home\",\"item\":\"https:\/\/tourcruiser.com\/fr\/\"},{\"@type\":\"ListItem\",\"position\":2,\"name\":\"Shop\",\"item\":\"https:\/\/tourcruiser.com\/fr\/shop\/\"},{\"@type\":\"ListItem\",\"position\":3,\"name\":\"Guo Ailun x Air Jordan Legacy 312 &#8216;Jade&#8217; FV3625-181\"}]},{\"@type\":\"WebSite\",\"@id\":\"\/#website\",\"url\":\"\/\",\"name\":\"Styloral Jewelry Shop\",\"description\":\"Tourcruiser Sneaker Store \u2014 L\u2019endroit o\u00f9 l\u2019univers rencontre votre singularit\u00e9.\",\"publisher\":{\"@id\":\"\/#organization\"},\"potentialAction\":[{\"@type\":\"SearchAction\",\"target\":{\"@type\":\"EntryPoint\",\"urlTemplate\":\"\/?s={search_term_string}\"},\"query-input\":{\"@type\":\"PropertyValueSpecification\",\"valueRequired\":true,\"valueName\":\"search_term_string\"}}],\"inLanguage\":\"fr-FR\"},{\"@type\":\"Organization\",\"@id\":\"\/#organization\",\"name\":\"STYLORAL PTE. LTD\",\"url\":\"\/\",\"logo\":{\"@type\":\"ImageObject\",\"inLanguage\":\"fr-FR\",\"@id\":\"\/#\/schema\/logo\/image\/\",\"url\":\"https:\/\/www.tourcruiser.com\/wp-content\/uploads\/2025\/12\/logo.png\",\"contentUrl\":\"https:\/\/www.tourcruiser.com\/wp-content\/uploads\/2025\/12\/logo.png\",\"width\":200,\"height\":65,\"caption\":\"STYLORAL PTE. LTD\"},\"image\":{\"@id\":\"\/#\/schema\/logo\/image\/\"}}]}<\/script>\n<!-- \/ Yoast SEO plugin. -->","yoast_head_json":{"title":"Guo Ailun x Air Jordan Legacy 312 'Jade' FV3625-181 - TOURCRUISER PTE. LTD","robots":{"index":"index","follow":"follow","max-snippet":"max-snippet:-1","max-image-preview":"max-image-preview:large","max-video-preview":"max-video-preview:-1"},"canonical":"https:\/\/tourcruiser.com\/fr\/products\/guo-ailun-x-air-jordan-legacy-312-jade-fv3625-181\/","og_locale":"fr_FR","og_type":"article","og_title":"Guo Ailun x Air Jordan Legacy 312 'Jade' FV3625-181 - TOURCRUISER PTE. LTD","og_description":"Entrez sur le parquet avec les sneakers Guo Ailun x Air Jordan Legacy 312 \u00ab Jade \u00bb \u2013 une fusion parfaite entre l&rsquo;h\u00e9ritage du basketball et la modernit\u00e9. Inspir\u00e9es par la star chinoise du basketball, ces sneakers arborent un cuir premium d&rsquo;un vert jade \u00e9clatant, rehauss\u00e9 d&rsquo;une languette en mesh et de d\u00e9tails r\u00e9fl\u00e9chissants. L&rsquo;amorti [&hellip;]","og_url":"https:\/\/tourcruiser.com\/fr\/products\/guo-ailun-x-air-jordan-legacy-312-jade-fv3625-181\/","og_site_name":"Tourcruiser Sneaker Store","article_modified_time":"2026-04-17T16:04:38+00:00","twitter_card":"summary_large_image","twitter_image":"https:\/\/images.novelship.com\/product\/guo_ailun_x_air_jordan_legacy_312__jade__fv3625-18_0_49740.jpeg;https:\/\/images.novelship.com\/product\/guo_ailun_x_air_jordan_legacy_312__jade__fv3625-18_1_49740.jpeg;https:\/\/images.novelship.com\/product\/guo_ailun_x_air_jordan_legacy_312__jade__fv3625-18_2_49740.jpeg;https:\/\/images.novelship.com\/product\/guo_ailun_x_air_jordan_legacy_312__jade__fv3625-18_3_49740.jpeg;https:\/\/images.novelship.com\/product\/guo_ailun_x_air_jordan_legacy_312__jade__fv3625-18_4_49740.jpeg;https:\/\/images.novelship.com\/product\/guo_ailun_x_air_jordan_legacy_312__jade__fv3625-18_5_49740.jpeg;https:\/\/images.novelship.com\/product\/guo_ailun_x_air_jordan_legacy_312__jade__fv3625-18_6_49740.jpeg;https:\/\/images.novelship.com\/product\/guo_ailun_x_air_jordan_legacy_312__jade__fv3625-18_7_49740.jpeg","twitter_misc":{"Dur\u00e9e de lecture estim\u00e9e":"1 minute"},"schema":{"@context":"https:\/\/schema.org","@graph":[{"@type":"WebPage","@id":"https:\/\/tourcruiser.com\/fr\/products\/guo-ailun-x-air-jordan-legacy-312-jade-fv3625-181\/","url":"https:\/\/tourcruiser.com\/fr\/products\/guo-ailun-x-air-jordan-legacy-312-jade-fv3625-181\/","name":"Guo Ailun x Air Jordan Legacy 312 'Jade' FV3625-181 - TOURCRUISER PTE. LTD","isPartOf":{"@id":"\/#website"},"primaryImageOfPage":{"@id":"https:\/\/tourcruiser.com\/fr\/products\/guo-ailun-x-air-jordan-legacy-312-jade-fv3625-181\/#primaryimage"},"image":{"@id":"https:\/\/tourcruiser.com\/fr\/products\/guo-ailun-x-air-jordan-legacy-312-jade-fv3625-181\/#primaryimage"},"thumbnailUrl":"https:\/\/images.novelship.com\/product\/guo_ailun_x_air_jordan_legacy_312__jade__fv3625-18_0_49740.jpeg;https:\/\/images.novelship.com\/product\/guo_ailun_x_air_jordan_legacy_312__jade__fv3625-18_1_49740.jpeg;https:\/\/images.novelship.com\/product\/guo_ailun_x_air_jordan_legacy_312__jade__fv3625-18_2_49740.jpeg;https:\/\/images.novelship.com\/product\/guo_ailun_x_air_jordan_legacy_312__jade__fv3625-18_3_49740.jpeg;https:\/\/images.novelship.com\/product\/guo_ailun_x_air_jordan_legacy_312__jade__fv3625-18_4_49740.jpeg;https:\/\/images.novelship.com\/product\/guo_ailun_x_air_jordan_legacy_312__jade__fv3625-18_5_49740.jpeg;https:\/\/images.novelship.com\/product\/guo_ailun_x_air_jordan_legacy_312__jade__fv3625-18_6_49740.jpeg;https:\/\/images.novelship.com\/product\/guo_ailun_x_air_jordan_legacy_312__jade__fv3625-18_7_49740.jpeg","datePublished":"2026-04-16T10:14:41+00:00","dateModified":"2026-04-17T16:04:38+00:00","breadcrumb":{"@id":"https:\/\/tourcruiser.com\/fr\/products\/guo-ailun-x-air-jordan-legacy-312-jade-fv3625-181\/#breadcrumb"},"inLanguage":"fr-FR","potentialAction":[{"@type":"ReadAction","target":["https:\/\/tourcruiser.com\/fr\/products\/guo-ailun-x-air-jordan-legacy-312-jade-fv3625-181\/"]}]},{"@type":"ImageObject","inLanguage":"fr-FR","@id":"https:\/\/tourcruiser.com\/fr\/products\/guo-ailun-x-air-jordan-legacy-312-jade-fv3625-181\/#primaryimage","url":"https:\/\/images.novelship.com\/product\/guo_ailun_x_air_jordan_legacy_312__jade__fv3625-18_0_49740.jpeg;https:\/\/images.novelship.com\/product\/guo_ailun_x_air_jordan_legacy_312__jade__fv3625-18_1_49740.jpeg;https:\/\/images.novelship.com\/product\/guo_ailun_x_air_jordan_legacy_312__jade__fv3625-18_2_49740.jpeg;https:\/\/images.novelship.com\/product\/guo_ailun_x_air_jordan_legacy_312__jade__fv3625-18_3_49740.jpeg;https:\/\/images.novelship.com\/product\/guo_ailun_x_air_jordan_legacy_312__jade__fv3625-18_4_49740.jpeg;https:\/\/images.novelship.com\/product\/guo_ailun_x_air_jordan_legacy_312__jade__fv3625-18_5_49740.jpeg;https:\/\/images.novelship.com\/product\/guo_ailun_x_air_jordan_legacy_312__jade__fv3625-18_6_49740.jpeg;https:\/\/images.novelship.com\/product\/guo_ailun_x_air_jordan_legacy_312__jade__fv3625-18_7_49740.jpeg","contentUrl":"https:\/\/images.novelship.com\/product\/guo_ailun_x_air_jordan_legacy_312__jade__fv3625-18_0_49740.jpeg;https:\/\/images.novelship.com\/product\/guo_ailun_x_air_jordan_legacy_312__jade__fv3625-18_1_49740.jpeg;https:\/\/images.novelship.com\/product\/guo_ailun_x_air_jordan_legacy_312__jade__fv3625-18_2_49740.jpeg;https:\/\/images.novelship.com\/product\/guo_ailun_x_air_jordan_legacy_312__jade__fv3625-18_3_49740.jpeg;https:\/\/images.novelship.com\/product\/guo_ailun_x_air_jordan_legacy_312__jade__fv3625-18_4_49740.jpeg;https:\/\/images.novelship.com\/product\/guo_ailun_x_air_jordan_legacy_312__jade__fv3625-18_5_49740.jpeg;https:\/\/images.novelship.com\/product\/guo_ailun_x_air_jordan_legacy_312__jade__fv3625-18_6_49740.jpeg;https:\/\/images.novelship.com\/product\/guo_ailun_x_air_jordan_legacy_312__jade__fv3625-18_7_49740.jpeg"},{"@type":"BreadcrumbList","@id":"https:\/\/tourcruiser.com\/fr\/products\/guo-ailun-x-air-jordan-legacy-312-jade-fv3625-181\/#breadcrumb","itemListElement":[{"@type":"ListItem","position":1,"name":"Home","item":"https:\/\/tourcruiser.com\/fr\/"},{"@type":"ListItem","position":2,"name":"Shop","item":"https:\/\/tourcruiser.com\/fr\/shop\/"},{"@type":"ListItem","position":3,"name":"Guo Ailun x Air Jordan Legacy 312 &#8216;Jade&#8217; FV3625-181"}]},{"@type":"WebSite","@id":"\/#website","url":"\/","name":"Styloral Jewelry Shop","description":"Tourcruiser Sneaker Store \u2014 L\u2019endroit o\u00f9 l\u2019univers rencontre votre singularit\u00e9.","publisher":{"@id":"\/#organization"},"potentialAction":[{"@type":"SearchAction","target":{"@type":"EntryPoint","urlTemplate":"\/?s={search_term_string}"},"query-input":{"@type":"PropertyValueSpecification","valueRequired":true,"valueName":"search_term_string"}}],"inLanguage":"fr-FR"},{"@type":"Organization","@id":"\/#organization","name":"STYLORAL PTE. LTD","url":"\/","logo":{"@type":"ImageObject","inLanguage":"fr-FR","@id":"\/#\/schema\/logo\/image\/","url":"https:\/\/www.tourcruiser.com\/wp-content\/uploads\/2025\/12\/logo.png","contentUrl":"https:\/\/www.tourcruiser.com\/wp-content\/uploads\/2025\/12\/logo.png","width":200,"height":65,"caption":"STYLORAL PTE. LTD"},"image":{"@id":"\/#\/schema\/logo\/image\/"}}]}},"_links":{"self":[{"href":"https:\/\/tourcruiser.com\/fr\/wp-json\/wp\/v2\/product\/771207","targetHints":{"allow":["GET"]}}],"collection":[{"href":"https:\/\/tourcruiser.com\/fr\/wp-json\/wp\/v2\/product"}],"about":[{"href":"https:\/\/tourcruiser.com\/fr\/wp-json\/wp\/v2\/types\/product"}],"replies":[{"embeddable":true,"href":"https:\/\/tourcruiser.com\/fr\/wp-json\/wp\/v2\/comments?post=771207"}],"wp:featuredmedia":[{"embeddable":true,"href":"https:\/\/tourcruiser.com\/fr\/wp-json\/wp\/v2\/media\/771208"}],"wp:attachment":[{"href":"https:\/\/tourcruiser.com\/fr\/wp-json\/wp\/v2\/media?parent=771207"}],"wp:term":[{"taxonomy":"product_brand","embeddable":true,"href":"https:\/\/tourcruiser.com\/fr\/wp-json\/wp\/v2\/product_brand?post=771207"},{"taxonomy":"product_cat","embeddable":true,"href":"https:\/\/tourcruiser.com\/fr\/wp-json\/wp\/v2\/product_cat?post=771207"},{"taxonomy":"product_tag","embeddable":true,"href":"https:\/\/tourcruiser.com\/fr\/wp-json\/wp\/v2\/product_tag?post=771207"}],"curies":[{"name":"wp","href":"https:\/\/api.w.org\/{rel}","templated":true}]}}