{"id":771191,"date":"2026-04-16T17:14:40","date_gmt":"2026-04-16T10:14:40","guid":{"rendered":"http:\/\/tourcruiser.com\/product\/youth-nike-air-more-uptempo-thunder-blue-415082-402"},"modified":"2026-04-17T23:04:38","modified_gmt":"2026-04-17T16:04:38","slug":"youth-nike-air-more-uptempo-thunder-blue-415082-402","status":"publish","type":"product","link":"https:\/\/tourcruiser.com\/fr\/products\/youth-nike-air-more-uptempo-thunder-blue-415082-402\/","title":{"rendered":"(Youth) Nike Air More Uptempo \u00e2\u20ac\u02dc\u00e2\u20ac\u2122 &lsquo;Thunder Blue&rsquo; 415082-402"},"content":{"rendered":"<p>Faites sensation partout o\u00f9 vous allez avec l&#8217;embl\u00e9matique Nike Air More Uptempo \u00ab\u00a0Thunder Blue\u00a0\u00bb. Sa silhouette saisissante et son logo \u00ab\u00a0AIR\u00a0\u00bb surdimensionn\u00e9 d&rsquo;un bleu \u00e9clatant ne manqueront pas d&rsquo;attirer les regards. Les unit\u00e9s Air visibles offrent un confort in\u00e9gal\u00e9, tandis que l&#8217;empeigne en cuir et mesh garantit durabilit\u00e9 et respirabilit\u00e9. Affirmez votre style avec la Nike Air More Uptempo \u00ab\u00a0Thunder Blue\u00a0\u00bb, un classique intemporel pour les jeunes qui allie mode et performance.<\/p>\n<p>Coloris\u00a0: Thunder Blue\/Summit White-Particle Rose<\/p>\n<p>Code article\u00a0: 415082-402<\/p>\n<p>Empeigne\u00a0: Cuir synth\u00e9tique<\/p>\n<p>Semelle interm\u00e9diaire\u00a0: Air<\/p>\n<p>Couleur\u00a0: Bleu<\/p>\n<p>Cr\u00e9ateur\u00a0: Wilson Smith<\/p>\n<p>Saison\u00a0: Toute l&rsquo;ann\u00e9e<\/p>\n<p>Ann\u00e9e de sortie\u00a0: 2017<\/p>\n<p>\u00c2ge\u00a0: Adulte<\/p>\n<p>Couleur\u00a0: Blanc\/Vert<\/p>\n<p>Genre\u00a0: Jeune<\/p>\n","protected":false},"excerpt":{"rendered":"<p>Faites sensation partout o\u00f9 vous allez avec l&#8217;embl\u00e9matique Nike Air More Uptempo \u00ab\u00a0Thunder Blue\u00a0\u00bb. Sa silhouette saisissante et son logo \u00ab\u00a0AIR\u00a0\u00bb surdimensionn\u00e9 d&rsquo;un bleu \u00e9clatant ne manqueront pas d&rsquo;attirer les regards. Les unit\u00e9s Air visibles offrent un confort in\u00e9gal\u00e9, tandis que l&#8217;empeigne en cuir et mesh garantit durabilit\u00e9 et respirabilit\u00e9. Affirmez votre style avec la [&hellip;]<\/p>\n","protected":false},"featured_media":771192,"comment_status":"open","ping_status":"closed","template":"","meta":[],"product_brand":[],"product_cat":[10803],"product_tag":[39089,38861,39246,10801,11223,38887,10756],"class_list":{"0":"post-771191","1":"product","2":"type-product","3":"status-publish","4":"has-post-thumbnail","6":"product_cat-nike","7":"product_tag-basketball-inspired-casual-shoes-for-kids","8":"product_tag-below-retail-price","9":"product_tag-kids-sneakers","10":"product_tag-nike","11":"product_tag-nike-basketball-shoes","12":"product_tag-nike-skateboard-shoes","13":"product_tag-retro-casual-shoes","14":"wcpa_has_options","16":"first","17":"instock","18":"taxable","19":"shipping-taxable","20":"purchasable","21":"product-type-simple"},"wcpa_form_fields":{"rules":{"pric_overide_base_price":false,"pric_overide_base_price_if_gt_zero":false,"pric_overide_base_price_fully":false,"pric_cal_option_once":false,"pric_use_as_fee":false,"bind_quantity":false,"quantity_bind_formula":false},"fields":[{"type":"color-group","required":true,"elementId":"wcpa-color-group-66c4a75505e74","label":"Taille","inline":true,"priceOptions":"different_for_all","pricingType":"fixed","className":"hassizechart product-shoes-size-eu product-shoes-size","name":"color-group-66c4a75505e89","disp_type":"square","selection_type":"tick-border","disp_size":"44","show_label_inside":true,"adjust_width":true,"cart_display_type":"text","other_text":"Other","cl_rule":"show","col":6,"values":[{"label":"35.5","value":"EU 35.5","price":"","pimage":"","pimage_id":"","pthumb":"","color":""},{"label":"36","value":"EU 36","price":"","pimage":"","pimage_id":"","pthumb":"","color":"","selected":true},{"label":"36.5","value":"EU 36.5","price":"","pimage":"","pimage_id":"","pthumb":"","color":""},{"label":"37.5","value":"EU 37.5","price":"","pimage":"","pimage_id":"","pthumb":"","color":""},{"label":"38","value":"EU 38","price":"","pimage":"","pimage_id":"","pthumb":"","color":""},{"label":"38.5","value":"EU 38.5","price":"","pimage":"","pimage_id":"","pthumb":"","color":""},{"label":"39","value":"EU 39","price":"","pimage":"","pimage_id":"","pthumb":"","color":""},{"label":"40","value":"EU 40","price":"","pimage":"","pimage_id":"","pthumb":"","color":""},{"label":"40.5","value":"EU 40.5","price":"","pimage":"","pimage_id":"","pthumb":"","color":""},{"label":"41","value":"EU 41","price":"","pimage":"","pimage_id":"","pthumb":"","color":""},{"label":"42","value":"EU 42","price":"","pimage":"","pimage_id":"","pthumb":"","color":""},{"label":"42.5","value":"EU 42.5","price":"","pimage":"","pimage_id":"","pthumb":"","color":""},{"label":"43","value":"EU 43","price":"","pimage":"","pimage_id":"","pthumb":"","color":""},{"label":"44","value":"EU 44","price":"","pimage":"","pimage_id":"","pthumb":"","color":""},{"label":"44.5","value":"EU 44.5","price":"","pimage":"","pimage_id":"","pthumb":"","color":""},{"label":"45","value":"EU 45","price":"","pimage":"","pimage_id":"","pthumb":"","color":""},{"label":"45.5","value":"EU 45.5","price":"","pimage":"","pimage_id":"","pthumb":"","color":""},{"label":"46","value":"EU 46","price":"","pimage":"","pimage_id":"","pthumb":"","color":""},{"label":"47","value":"EU 47","price":"","pimage":"","pimage_id":"","pthumb":"","color":""},{"label":"47.5","value":"EU 47.5","price":"","pimage":"","pimage_id":"","pthumb":"","color":""},{"label":"48","value":"EU 48","price":"","pimage":"","pimage_id":"","pthumb":"","color":""}],"relations":[{"operator":false,"rules":[]}],"form_id":18106,"form_rules":{"pric_cal_option_once":false,"exclude_from_discount":false,"pric_use_as_fee":false,"fee_label":"Fee","render_after_acb":false,"disp_hide_options_price":false}}]},"yoast_head":"<!-- This site is optimized with the Yoast SEO plugin v26.5 - https:\/\/yoast.com\/wordpress\/plugins\/seo\/ -->\n<title>(Youth) Nike Air More Uptempo \u00e2\u20ac\u02dc\u00e2\u20ac\u2122 &#039;Thunder Blue&#039; 415082-402 - TOURCRUISER PTE. LTD<\/title>\n<meta name=\"robots\" content=\"index, follow, max-snippet:-1, max-image-preview:large, max-video-preview:-1\" \/>\n<link rel=\"canonical\" href=\"https:\/\/tourcruiser.com\/fr\/products\/youth-nike-air-more-uptempo-thunder-blue-415082-402\/\" \/>\n<meta property=\"og:locale\" content=\"fr_FR\" \/>\n<meta property=\"og:type\" content=\"article\" \/>\n<meta property=\"og:title\" content=\"(Youth) Nike Air More Uptempo \u00e2\u20ac\u02dc\u00e2\u20ac\u2122 &#039;Thunder Blue&#039; 415082-402 - TOURCRUISER PTE. LTD\" \/>\n<meta property=\"og:description\" content=\"Faites sensation partout o\u00f9 vous allez avec l&#8217;embl\u00e9matique Nike Air More Uptempo \u00ab\u00a0Thunder Blue\u00a0\u00bb. Sa silhouette saisissante et son logo \u00ab\u00a0AIR\u00a0\u00bb surdimensionn\u00e9 d&rsquo;un bleu \u00e9clatant ne manqueront pas d&rsquo;attirer les regards. Les unit\u00e9s Air visibles offrent un confort in\u00e9gal\u00e9, tandis que l&#8217;empeigne en cuir et mesh garantit durabilit\u00e9 et respirabilit\u00e9. Affirmez votre style avec la [&hellip;]\" \/>\n<meta property=\"og:url\" content=\"https:\/\/tourcruiser.com\/fr\/products\/youth-nike-air-more-uptempo-thunder-blue-415082-402\/\" \/>\n<meta property=\"og:site_name\" content=\"Tourcruiser Sneaker Store\" \/>\n<meta property=\"article:modified_time\" content=\"2026-04-17T16:04:38+00:00\" \/>\n<meta name=\"twitter:card\" content=\"summary_large_image\" \/>\n<meta name=\"twitter:image\" content=\"https:\/\/images.novelship.com\/product\/_youth__nike_air_more_uptempo_____thunder_blue__41_0_92590.jpeg;https:\/\/images.novelship.com\/product\/_youth__nike_air_more_uptempo_____thunder_blue__41_1_92590.jpeg;https:\/\/images.novelship.com\/product\/_youth__nike_air_more_uptempo_____thunder_blue__41_2_92590.jpeg;https:\/\/images.novelship.com\/product\/_youth__nike_air_more_uptempo_____thunder_blue__41_3_92590.jpeg;https:\/\/images.novelship.com\/product\/_youth__nike_air_more_uptempo_____thunder_blue__41_4_92590.jpeg;https:\/\/images.novelship.com\/product\/_youth__nike_air_more_uptempo_____thunder_blue__41_5_92590.jpeg\" \/>\n<meta name=\"twitter:label1\" content=\"Dur\u00e9e de lecture estim\u00e9e\" \/>\n\t<meta name=\"twitter:data1\" content=\"1 minute\" \/>\n<script type=\"application\/ld+json\" class=\"yoast-schema-graph\">{\"@context\":\"https:\/\/schema.org\",\"@graph\":[{\"@type\":\"WebPage\",\"@id\":\"https:\/\/tourcruiser.com\/fr\/products\/youth-nike-air-more-uptempo-thunder-blue-415082-402\/\",\"url\":\"https:\/\/tourcruiser.com\/fr\/products\/youth-nike-air-more-uptempo-thunder-blue-415082-402\/\",\"name\":\"(Youth) Nike Air More Uptempo \u00e2\u20ac\u02dc\u00e2\u20ac\u2122 'Thunder Blue' 415082-402 - TOURCRUISER PTE. LTD\",\"isPartOf\":{\"@id\":\"\/#website\"},\"primaryImageOfPage\":{\"@id\":\"https:\/\/tourcruiser.com\/fr\/products\/youth-nike-air-more-uptempo-thunder-blue-415082-402\/#primaryimage\"},\"image\":{\"@id\":\"https:\/\/tourcruiser.com\/fr\/products\/youth-nike-air-more-uptempo-thunder-blue-415082-402\/#primaryimage\"},\"thumbnailUrl\":\"https:\/\/images.novelship.com\/product\/_youth__nike_air_more_uptempo_____thunder_blue__41_0_92590.jpeg;https:\/\/images.novelship.com\/product\/_youth__nike_air_more_uptempo_____thunder_blue__41_1_92590.jpeg;https:\/\/images.novelship.com\/product\/_youth__nike_air_more_uptempo_____thunder_blue__41_2_92590.jpeg;https:\/\/images.novelship.com\/product\/_youth__nike_air_more_uptempo_____thunder_blue__41_3_92590.jpeg;https:\/\/images.novelship.com\/product\/_youth__nike_air_more_uptempo_____thunder_blue__41_4_92590.jpeg;https:\/\/images.novelship.com\/product\/_youth__nike_air_more_uptempo_____thunder_blue__41_5_92590.jpeg\",\"datePublished\":\"2026-04-16T10:14:40+00:00\",\"dateModified\":\"2026-04-17T16:04:38+00:00\",\"breadcrumb\":{\"@id\":\"https:\/\/tourcruiser.com\/fr\/products\/youth-nike-air-more-uptempo-thunder-blue-415082-402\/#breadcrumb\"},\"inLanguage\":\"fr-FR\",\"potentialAction\":[{\"@type\":\"ReadAction\",\"target\":[\"https:\/\/tourcruiser.com\/fr\/products\/youth-nike-air-more-uptempo-thunder-blue-415082-402\/\"]}]},{\"@type\":\"ImageObject\",\"inLanguage\":\"fr-FR\",\"@id\":\"https:\/\/tourcruiser.com\/fr\/products\/youth-nike-air-more-uptempo-thunder-blue-415082-402\/#primaryimage\",\"url\":\"https:\/\/images.novelship.com\/product\/_youth__nike_air_more_uptempo_____thunder_blue__41_0_92590.jpeg;https:\/\/images.novelship.com\/product\/_youth__nike_air_more_uptempo_____thunder_blue__41_1_92590.jpeg;https:\/\/images.novelship.com\/product\/_youth__nike_air_more_uptempo_____thunder_blue__41_2_92590.jpeg;https:\/\/images.novelship.com\/product\/_youth__nike_air_more_uptempo_____thunder_blue__41_3_92590.jpeg;https:\/\/images.novelship.com\/product\/_youth__nike_air_more_uptempo_____thunder_blue__41_4_92590.jpeg;https:\/\/images.novelship.com\/product\/_youth__nike_air_more_uptempo_____thunder_blue__41_5_92590.jpeg\",\"contentUrl\":\"https:\/\/images.novelship.com\/product\/_youth__nike_air_more_uptempo_____thunder_blue__41_0_92590.jpeg;https:\/\/images.novelship.com\/product\/_youth__nike_air_more_uptempo_____thunder_blue__41_1_92590.jpeg;https:\/\/images.novelship.com\/product\/_youth__nike_air_more_uptempo_____thunder_blue__41_2_92590.jpeg;https:\/\/images.novelship.com\/product\/_youth__nike_air_more_uptempo_____thunder_blue__41_3_92590.jpeg;https:\/\/images.novelship.com\/product\/_youth__nike_air_more_uptempo_____thunder_blue__41_4_92590.jpeg;https:\/\/images.novelship.com\/product\/_youth__nike_air_more_uptempo_____thunder_blue__41_5_92590.jpeg\"},{\"@type\":\"BreadcrumbList\",\"@id\":\"https:\/\/tourcruiser.com\/fr\/products\/youth-nike-air-more-uptempo-thunder-blue-415082-402\/#breadcrumb\",\"itemListElement\":[{\"@type\":\"ListItem\",\"position\":1,\"name\":\"Home\",\"item\":\"https:\/\/tourcruiser.com\/fr\/\"},{\"@type\":\"ListItem\",\"position\":2,\"name\":\"Shop\",\"item\":\"https:\/\/tourcruiser.com\/fr\/shop\/\"},{\"@type\":\"ListItem\",\"position\":3,\"name\":\"(Youth) Nike Air More Uptempo \u00e2\u20ac\u02dc\u00e2\u20ac\u2122 &#8216;Thunder Blue&#8217; 415082-402\"}]},{\"@type\":\"WebSite\",\"@id\":\"\/#website\",\"url\":\"\/\",\"name\":\"Styloral Jewelry Shop\",\"description\":\"Tourcruiser Sneaker Store \u2014 L\u2019endroit o\u00f9 l\u2019univers rencontre votre singularit\u00e9.\",\"publisher\":{\"@id\":\"\/#organization\"},\"potentialAction\":[{\"@type\":\"SearchAction\",\"target\":{\"@type\":\"EntryPoint\",\"urlTemplate\":\"\/?s={search_term_string}\"},\"query-input\":{\"@type\":\"PropertyValueSpecification\",\"valueRequired\":true,\"valueName\":\"search_term_string\"}}],\"inLanguage\":\"fr-FR\"},{\"@type\":\"Organization\",\"@id\":\"\/#organization\",\"name\":\"STYLORAL PTE. LTD\",\"url\":\"\/\",\"logo\":{\"@type\":\"ImageObject\",\"inLanguage\":\"fr-FR\",\"@id\":\"\/#\/schema\/logo\/image\/\",\"url\":\"https:\/\/www.tourcruiser.com\/wp-content\/uploads\/2025\/12\/logo.png\",\"contentUrl\":\"https:\/\/www.tourcruiser.com\/wp-content\/uploads\/2025\/12\/logo.png\",\"width\":200,\"height\":65,\"caption\":\"STYLORAL PTE. LTD\"},\"image\":{\"@id\":\"\/#\/schema\/logo\/image\/\"}}]}<\/script>\n<!-- \/ Yoast SEO plugin. -->","yoast_head_json":{"title":"(Youth) Nike Air More Uptempo \u00e2\u20ac\u02dc\u00e2\u20ac\u2122 'Thunder Blue' 415082-402 - TOURCRUISER PTE. LTD","robots":{"index":"index","follow":"follow","max-snippet":"max-snippet:-1","max-image-preview":"max-image-preview:large","max-video-preview":"max-video-preview:-1"},"canonical":"https:\/\/tourcruiser.com\/fr\/products\/youth-nike-air-more-uptempo-thunder-blue-415082-402\/","og_locale":"fr_FR","og_type":"article","og_title":"(Youth) Nike Air More Uptempo \u00e2\u20ac\u02dc\u00e2\u20ac\u2122 'Thunder Blue' 415082-402 - TOURCRUISER PTE. LTD","og_description":"Faites sensation partout o\u00f9 vous allez avec l&#8217;embl\u00e9matique Nike Air More Uptempo \u00ab\u00a0Thunder Blue\u00a0\u00bb. Sa silhouette saisissante et son logo \u00ab\u00a0AIR\u00a0\u00bb surdimensionn\u00e9 d&rsquo;un bleu \u00e9clatant ne manqueront pas d&rsquo;attirer les regards. Les unit\u00e9s Air visibles offrent un confort in\u00e9gal\u00e9, tandis que l&#8217;empeigne en cuir et mesh garantit durabilit\u00e9 et respirabilit\u00e9. Affirmez votre style avec la [&hellip;]","og_url":"https:\/\/tourcruiser.com\/fr\/products\/youth-nike-air-more-uptempo-thunder-blue-415082-402\/","og_site_name":"Tourcruiser Sneaker Store","article_modified_time":"2026-04-17T16:04:38+00:00","twitter_card":"summary_large_image","twitter_image":"https:\/\/images.novelship.com\/product\/_youth__nike_air_more_uptempo_____thunder_blue__41_0_92590.jpeg;https:\/\/images.novelship.com\/product\/_youth__nike_air_more_uptempo_____thunder_blue__41_1_92590.jpeg;https:\/\/images.novelship.com\/product\/_youth__nike_air_more_uptempo_____thunder_blue__41_2_92590.jpeg;https:\/\/images.novelship.com\/product\/_youth__nike_air_more_uptempo_____thunder_blue__41_3_92590.jpeg;https:\/\/images.novelship.com\/product\/_youth__nike_air_more_uptempo_____thunder_blue__41_4_92590.jpeg;https:\/\/images.novelship.com\/product\/_youth__nike_air_more_uptempo_____thunder_blue__41_5_92590.jpeg","twitter_misc":{"Dur\u00e9e de lecture estim\u00e9e":"1 minute"},"schema":{"@context":"https:\/\/schema.org","@graph":[{"@type":"WebPage","@id":"https:\/\/tourcruiser.com\/fr\/products\/youth-nike-air-more-uptempo-thunder-blue-415082-402\/","url":"https:\/\/tourcruiser.com\/fr\/products\/youth-nike-air-more-uptempo-thunder-blue-415082-402\/","name":"(Youth) Nike Air More Uptempo \u00e2\u20ac\u02dc\u00e2\u20ac\u2122 'Thunder Blue' 415082-402 - TOURCRUISER PTE. LTD","isPartOf":{"@id":"\/#website"},"primaryImageOfPage":{"@id":"https:\/\/tourcruiser.com\/fr\/products\/youth-nike-air-more-uptempo-thunder-blue-415082-402\/#primaryimage"},"image":{"@id":"https:\/\/tourcruiser.com\/fr\/products\/youth-nike-air-more-uptempo-thunder-blue-415082-402\/#primaryimage"},"thumbnailUrl":"https:\/\/images.novelship.com\/product\/_youth__nike_air_more_uptempo_____thunder_blue__41_0_92590.jpeg;https:\/\/images.novelship.com\/product\/_youth__nike_air_more_uptempo_____thunder_blue__41_1_92590.jpeg;https:\/\/images.novelship.com\/product\/_youth__nike_air_more_uptempo_____thunder_blue__41_2_92590.jpeg;https:\/\/images.novelship.com\/product\/_youth__nike_air_more_uptempo_____thunder_blue__41_3_92590.jpeg;https:\/\/images.novelship.com\/product\/_youth__nike_air_more_uptempo_____thunder_blue__41_4_92590.jpeg;https:\/\/images.novelship.com\/product\/_youth__nike_air_more_uptempo_____thunder_blue__41_5_92590.jpeg","datePublished":"2026-04-16T10:14:40+00:00","dateModified":"2026-04-17T16:04:38+00:00","breadcrumb":{"@id":"https:\/\/tourcruiser.com\/fr\/products\/youth-nike-air-more-uptempo-thunder-blue-415082-402\/#breadcrumb"},"inLanguage":"fr-FR","potentialAction":[{"@type":"ReadAction","target":["https:\/\/tourcruiser.com\/fr\/products\/youth-nike-air-more-uptempo-thunder-blue-415082-402\/"]}]},{"@type":"ImageObject","inLanguage":"fr-FR","@id":"https:\/\/tourcruiser.com\/fr\/products\/youth-nike-air-more-uptempo-thunder-blue-415082-402\/#primaryimage","url":"https:\/\/images.novelship.com\/product\/_youth__nike_air_more_uptempo_____thunder_blue__41_0_92590.jpeg;https:\/\/images.novelship.com\/product\/_youth__nike_air_more_uptempo_____thunder_blue__41_1_92590.jpeg;https:\/\/images.novelship.com\/product\/_youth__nike_air_more_uptempo_____thunder_blue__41_2_92590.jpeg;https:\/\/images.novelship.com\/product\/_youth__nike_air_more_uptempo_____thunder_blue__41_3_92590.jpeg;https:\/\/images.novelship.com\/product\/_youth__nike_air_more_uptempo_____thunder_blue__41_4_92590.jpeg;https:\/\/images.novelship.com\/product\/_youth__nike_air_more_uptempo_____thunder_blue__41_5_92590.jpeg","contentUrl":"https:\/\/images.novelship.com\/product\/_youth__nike_air_more_uptempo_____thunder_blue__41_0_92590.jpeg;https:\/\/images.novelship.com\/product\/_youth__nike_air_more_uptempo_____thunder_blue__41_1_92590.jpeg;https:\/\/images.novelship.com\/product\/_youth__nike_air_more_uptempo_____thunder_blue__41_2_92590.jpeg;https:\/\/images.novelship.com\/product\/_youth__nike_air_more_uptempo_____thunder_blue__41_3_92590.jpeg;https:\/\/images.novelship.com\/product\/_youth__nike_air_more_uptempo_____thunder_blue__41_4_92590.jpeg;https:\/\/images.novelship.com\/product\/_youth__nike_air_more_uptempo_____thunder_blue__41_5_92590.jpeg"},{"@type":"BreadcrumbList","@id":"https:\/\/tourcruiser.com\/fr\/products\/youth-nike-air-more-uptempo-thunder-blue-415082-402\/#breadcrumb","itemListElement":[{"@type":"ListItem","position":1,"name":"Home","item":"https:\/\/tourcruiser.com\/fr\/"},{"@type":"ListItem","position":2,"name":"Shop","item":"https:\/\/tourcruiser.com\/fr\/shop\/"},{"@type":"ListItem","position":3,"name":"(Youth) Nike Air More Uptempo \u00e2\u20ac\u02dc\u00e2\u20ac\u2122 &#8216;Thunder Blue&#8217; 415082-402"}]},{"@type":"WebSite","@id":"\/#website","url":"\/","name":"Styloral Jewelry Shop","description":"Tourcruiser Sneaker Store \u2014 L\u2019endroit o\u00f9 l\u2019univers rencontre votre singularit\u00e9.","publisher":{"@id":"\/#organization"},"potentialAction":[{"@type":"SearchAction","target":{"@type":"EntryPoint","urlTemplate":"\/?s={search_term_string}"},"query-input":{"@type":"PropertyValueSpecification","valueRequired":true,"valueName":"search_term_string"}}],"inLanguage":"fr-FR"},{"@type":"Organization","@id":"\/#organization","name":"STYLORAL PTE. LTD","url":"\/","logo":{"@type":"ImageObject","inLanguage":"fr-FR","@id":"\/#\/schema\/logo\/image\/","url":"https:\/\/www.tourcruiser.com\/wp-content\/uploads\/2025\/12\/logo.png","contentUrl":"https:\/\/www.tourcruiser.com\/wp-content\/uploads\/2025\/12\/logo.png","width":200,"height":65,"caption":"STYLORAL PTE. LTD"},"image":{"@id":"\/#\/schema\/logo\/image\/"}}]}},"_links":{"self":[{"href":"https:\/\/tourcruiser.com\/fr\/wp-json\/wp\/v2\/product\/771191","targetHints":{"allow":["GET"]}}],"collection":[{"href":"https:\/\/tourcruiser.com\/fr\/wp-json\/wp\/v2\/product"}],"about":[{"href":"https:\/\/tourcruiser.com\/fr\/wp-json\/wp\/v2\/types\/product"}],"replies":[{"embeddable":true,"href":"https:\/\/tourcruiser.com\/fr\/wp-json\/wp\/v2\/comments?post=771191"}],"wp:featuredmedia":[{"embeddable":true,"href":"https:\/\/tourcruiser.com\/fr\/wp-json\/wp\/v2\/media\/771192"}],"wp:attachment":[{"href":"https:\/\/tourcruiser.com\/fr\/wp-json\/wp\/v2\/media?parent=771191"}],"wp:term":[{"taxonomy":"product_brand","embeddable":true,"href":"https:\/\/tourcruiser.com\/fr\/wp-json\/wp\/v2\/product_brand?post=771191"},{"taxonomy":"product_cat","embeddable":true,"href":"https:\/\/tourcruiser.com\/fr\/wp-json\/wp\/v2\/product_cat?post=771191"},{"taxonomy":"product_tag","embeddable":true,"href":"https:\/\/tourcruiser.com\/fr\/wp-json\/wp\/v2\/product_tag?post=771191"}],"curies":[{"name":"wp","href":"https:\/\/api.w.org\/{rel}","templated":true}]}}