{"id":770752,"date":"2026-04-16T17:14:25","date_gmt":"2026-04-16T10:14:25","guid":{"rendered":"http:\/\/tourcruiser.com\/product\/women-air-jordan-1-low-spruce-aura-cw1381-003"},"modified":"2026-04-17T23:04:01","modified_gmt":"2026-04-17T16:04:01","slug":"women-air-jordan-1-low-spruce-aura-cw1381-003","status":"publish","type":"product","link":"https:\/\/tourcruiser.com\/fr\/products\/women-air-jordan-1-low-spruce-aura-cw1381-003\/","title":{"rendered":"(Women) Air Jordan 1 Low &lsquo;Spruce Aura&rsquo; CW1381-003"},"content":{"rendered":"<p>La Air Jordan 1 Low Spruce Aura (WMNS) de Jordan est une sneaker exceptionnelle con\u00e7ue sp\u00e9cialement pour les femmes. Avec son coloris blanc immacul\u00e9 et son nom distinctif \u00ab\u00a0Spruce Aura\u00a0\u00bb, cette chaussure est un incontournable pour toute passionn\u00e9e de sneakers. Apportez une touche d&rsquo;\u00e9l\u00e9gance \u00e0 votre tenue avec cette paire d&rsquo;Air Jordan styl\u00e9e et de haute qualit\u00e9.<\/p>\n<p>Coloris\u00a0: Spruce Aura\/Spruce Aura-Blanc<\/p>\n<p>R\u00e9f\u00e9rence\u00a0: CW1381-003<br \/>\nM\u00e9tier\u00a0: Cuir<br \/>\nSemelle interm\u00e9diaire\u00a0: Air<\/p>\n<p>Couleur\u00a0: Blanc<\/p>\n<p>Designer\u00a0: Peter Moore<\/p>\n<p>Saison\u00a0: Printemps<\/p>\n<p>Ann\u00e9e de sortie\u00a0: 2020<\/p>\n<p>\u00c2ge\u00a0: Adulte<br \/>\nCouleur\u00a0: Noir\/Lilas glac\u00e9\/Blanc<\/p>\n<p>Genre\u00a0: Femme<\/p>\n","protected":false},"excerpt":{"rendered":"<p>La Air Jordan 1 Low Spruce Aura (WMNS) de Jordan est une sneaker exceptionnelle con\u00e7ue sp\u00e9cialement pour les femmes. Avec son coloris blanc immacul\u00e9 et son nom distinctif \u00ab\u00a0Spruce Aura\u00a0\u00bb, cette chaussure est un incontournable pour toute passionn\u00e9e de sneakers. Apportez une touche d&rsquo;\u00e9l\u00e9gance \u00e0 votre tenue avec cette paire d&rsquo;Air Jordan styl\u00e9e et de [&hellip;]<\/p>\n","protected":false},"featured_media":770753,"comment_status":"open","ping_status":"closed","template":"","meta":[],"product_brand":[],"product_cat":[38880],"product_tag":[10800,38841,39257,38969,10776,11349,38875,10756,38866,38902],"class_list":{"0":"post-770752","1":"product","2":"type-product","3":"status-publish","4":"has-post-thumbnail","6":"product_cat-jordan","7":"product_tag-basketball-shoes","8":"product_tag-casual-shoes","9":"product_tag-casual-shoes-inspired-by-basketball","10":"product_tag-gift-ideas-for-her","11":"product_tag-jordan","12":"product_tag-jordan-basketball-shoes","13":"product_tag-jordan-skateboard-shoes","14":"product_tag-retro-casual-shoes","15":"product_tag-sports-shoes","16":"product_tag-trendy-offers","18":"first","19":"instock","20":"taxable","21":"shipping-taxable","22":"purchasable","23":"product-type-simple"},"wcpa_form_fields":null,"yoast_head":"<!-- This site is optimized with the Yoast SEO plugin v26.5 - https:\/\/yoast.com\/wordpress\/plugins\/seo\/ -->\n<title>(Women) Air Jordan 1 Low &#039;Spruce Aura&#039; CW1381-003 - TOURCRUISER PTE. LTD<\/title>\n<meta name=\"robots\" content=\"index, follow, max-snippet:-1, max-image-preview:large, max-video-preview:-1\" \/>\n<link rel=\"canonical\" href=\"https:\/\/tourcruiser.com\/fr\/products\/women-air-jordan-1-low-spruce-aura-cw1381-003\/\" \/>\n<meta property=\"og:locale\" content=\"fr_FR\" \/>\n<meta property=\"og:type\" content=\"article\" \/>\n<meta property=\"og:title\" content=\"(Women) Air Jordan 1 Low &#039;Spruce Aura&#039; CW1381-003 - TOURCRUISER PTE. LTD\" \/>\n<meta property=\"og:description\" content=\"La Air Jordan 1 Low Spruce Aura (WMNS) de Jordan est une sneaker exceptionnelle con\u00e7ue sp\u00e9cialement pour les femmes. Avec son coloris blanc immacul\u00e9 et son nom distinctif \u00ab\u00a0Spruce Aura\u00a0\u00bb, cette chaussure est un incontournable pour toute passionn\u00e9e de sneakers. Apportez une touche d&rsquo;\u00e9l\u00e9gance \u00e0 votre tenue avec cette paire d&rsquo;Air Jordan styl\u00e9e et de [&hellip;]\" \/>\n<meta property=\"og:url\" content=\"https:\/\/tourcruiser.com\/fr\/products\/women-air-jordan-1-low-spruce-aura-cw1381-003\/\" \/>\n<meta property=\"og:site_name\" content=\"Tourcruiser Sneaker Store\" \/>\n<meta property=\"article:modified_time\" content=\"2026-04-17T16:04:01+00:00\" \/>\n<meta name=\"twitter:card\" content=\"summary_large_image\" \/>\n<meta name=\"twitter:image\" content=\"https:\/\/images.novelship.com\/product\/_women__air_jordan_1_low__spruce_aura__cw1381_003_0_31095.jpeg;https:\/\/images.novelship.com\/product\/_women__air_jordan_1_low__spruce_aura__cw1381_003_1_31095.jpeg;https:\/\/images.novelship.com\/product\/_women__air_jordan_1_low__spruce_aura__cw1381_003_2_31095.jpeg;https:\/\/images.novelship.com\/product\/_women__air_jordan_1_low__spruce_aura__cw1381_003_3_31095.jpeg;https:\/\/images.novelship.com\/product\/_women__air_jordan_1_low__spruce_aura__cw1381_003_4_31095.jpeg;https:\/\/images.novelship.com\/product\/_women__air_jordan_1_low__spruce_aura__cw1381_003_5_31095.jpeg;https:\/\/images.novelship.com\/product\/_women__air_jordan_1_low__spruce_aura__cw1381_003_6_31095.jpeg;https:\/\/images.novelship.com\/product\/_women__air_jordan_1_low__spruce_aura__cw1381_003_7_31095.jpeg\" \/>\n<script type=\"application\/ld+json\" class=\"yoast-schema-graph\">{\"@context\":\"https:\/\/schema.org\",\"@graph\":[{\"@type\":\"WebPage\",\"@id\":\"https:\/\/tourcruiser.com\/fr\/products\/women-air-jordan-1-low-spruce-aura-cw1381-003\/\",\"url\":\"https:\/\/tourcruiser.com\/fr\/products\/women-air-jordan-1-low-spruce-aura-cw1381-003\/\",\"name\":\"(Women) Air Jordan 1 Low 'Spruce Aura' CW1381-003 - TOURCRUISER PTE. LTD\",\"isPartOf\":{\"@id\":\"\/#website\"},\"primaryImageOfPage\":{\"@id\":\"https:\/\/tourcruiser.com\/fr\/products\/women-air-jordan-1-low-spruce-aura-cw1381-003\/#primaryimage\"},\"image\":{\"@id\":\"https:\/\/tourcruiser.com\/fr\/products\/women-air-jordan-1-low-spruce-aura-cw1381-003\/#primaryimage\"},\"thumbnailUrl\":\"https:\/\/images.novelship.com\/product\/_women__air_jordan_1_low__spruce_aura__cw1381_003_0_31095.jpeg;https:\/\/images.novelship.com\/product\/_women__air_jordan_1_low__spruce_aura__cw1381_003_1_31095.jpeg;https:\/\/images.novelship.com\/product\/_women__air_jordan_1_low__spruce_aura__cw1381_003_2_31095.jpeg;https:\/\/images.novelship.com\/product\/_women__air_jordan_1_low__spruce_aura__cw1381_003_3_31095.jpeg;https:\/\/images.novelship.com\/product\/_women__air_jordan_1_low__spruce_aura__cw1381_003_4_31095.jpeg;https:\/\/images.novelship.com\/product\/_women__air_jordan_1_low__spruce_aura__cw1381_003_5_31095.jpeg;https:\/\/images.novelship.com\/product\/_women__air_jordan_1_low__spruce_aura__cw1381_003_6_31095.jpeg;https:\/\/images.novelship.com\/product\/_women__air_jordan_1_low__spruce_aura__cw1381_003_7_31095.jpeg\",\"datePublished\":\"2026-04-16T10:14:25+00:00\",\"dateModified\":\"2026-04-17T16:04:01+00:00\",\"breadcrumb\":{\"@id\":\"https:\/\/tourcruiser.com\/fr\/products\/women-air-jordan-1-low-spruce-aura-cw1381-003\/#breadcrumb\"},\"inLanguage\":\"fr-FR\",\"potentialAction\":[{\"@type\":\"ReadAction\",\"target\":[\"https:\/\/tourcruiser.com\/fr\/products\/women-air-jordan-1-low-spruce-aura-cw1381-003\/\"]}]},{\"@type\":\"ImageObject\",\"inLanguage\":\"fr-FR\",\"@id\":\"https:\/\/tourcruiser.com\/fr\/products\/women-air-jordan-1-low-spruce-aura-cw1381-003\/#primaryimage\",\"url\":\"https:\/\/images.novelship.com\/product\/_women__air_jordan_1_low__spruce_aura__cw1381_003_0_31095.jpeg;https:\/\/images.novelship.com\/product\/_women__air_jordan_1_low__spruce_aura__cw1381_003_1_31095.jpeg;https:\/\/images.novelship.com\/product\/_women__air_jordan_1_low__spruce_aura__cw1381_003_2_31095.jpeg;https:\/\/images.novelship.com\/product\/_women__air_jordan_1_low__spruce_aura__cw1381_003_3_31095.jpeg;https:\/\/images.novelship.com\/product\/_women__air_jordan_1_low__spruce_aura__cw1381_003_4_31095.jpeg;https:\/\/images.novelship.com\/product\/_women__air_jordan_1_low__spruce_aura__cw1381_003_5_31095.jpeg;https:\/\/images.novelship.com\/product\/_women__air_jordan_1_low__spruce_aura__cw1381_003_6_31095.jpeg;https:\/\/images.novelship.com\/product\/_women__air_jordan_1_low__spruce_aura__cw1381_003_7_31095.jpeg\",\"contentUrl\":\"https:\/\/images.novelship.com\/product\/_women__air_jordan_1_low__spruce_aura__cw1381_003_0_31095.jpeg;https:\/\/images.novelship.com\/product\/_women__air_jordan_1_low__spruce_aura__cw1381_003_1_31095.jpeg;https:\/\/images.novelship.com\/product\/_women__air_jordan_1_low__spruce_aura__cw1381_003_2_31095.jpeg;https:\/\/images.novelship.com\/product\/_women__air_jordan_1_low__spruce_aura__cw1381_003_3_31095.jpeg;https:\/\/images.novelship.com\/product\/_women__air_jordan_1_low__spruce_aura__cw1381_003_4_31095.jpeg;https:\/\/images.novelship.com\/product\/_women__air_jordan_1_low__spruce_aura__cw1381_003_5_31095.jpeg;https:\/\/images.novelship.com\/product\/_women__air_jordan_1_low__spruce_aura__cw1381_003_6_31095.jpeg;https:\/\/images.novelship.com\/product\/_women__air_jordan_1_low__spruce_aura__cw1381_003_7_31095.jpeg\"},{\"@type\":\"BreadcrumbList\",\"@id\":\"https:\/\/tourcruiser.com\/fr\/products\/women-air-jordan-1-low-spruce-aura-cw1381-003\/#breadcrumb\",\"itemListElement\":[{\"@type\":\"ListItem\",\"position\":1,\"name\":\"Home\",\"item\":\"https:\/\/tourcruiser.com\/fr\/\"},{\"@type\":\"ListItem\",\"position\":2,\"name\":\"Shop\",\"item\":\"https:\/\/tourcruiser.com\/fr\/shop\/\"},{\"@type\":\"ListItem\",\"position\":3,\"name\":\"(Women) Air Jordan 1 Low &#8216;Spruce Aura&#8217; CW1381-003\"}]},{\"@type\":\"WebSite\",\"@id\":\"\/#website\",\"url\":\"\/\",\"name\":\"Styloral Jewelry Shop\",\"description\":\"Tourcruiser Sneaker Store \u2014 L\u2019endroit o\u00f9 l\u2019univers rencontre votre singularit\u00e9.\",\"publisher\":{\"@id\":\"\/#organization\"},\"potentialAction\":[{\"@type\":\"SearchAction\",\"target\":{\"@type\":\"EntryPoint\",\"urlTemplate\":\"\/?s={search_term_string}\"},\"query-input\":{\"@type\":\"PropertyValueSpecification\",\"valueRequired\":true,\"valueName\":\"search_term_string\"}}],\"inLanguage\":\"fr-FR\"},{\"@type\":\"Organization\",\"@id\":\"\/#organization\",\"name\":\"STYLORAL PTE. LTD\",\"url\":\"\/\",\"logo\":{\"@type\":\"ImageObject\",\"inLanguage\":\"fr-FR\",\"@id\":\"\/#\/schema\/logo\/image\/\",\"url\":\"https:\/\/www.tourcruiser.com\/wp-content\/uploads\/2025\/12\/logo.png\",\"contentUrl\":\"https:\/\/www.tourcruiser.com\/wp-content\/uploads\/2025\/12\/logo.png\",\"width\":200,\"height\":65,\"caption\":\"STYLORAL PTE. LTD\"},\"image\":{\"@id\":\"\/#\/schema\/logo\/image\/\"}}]}<\/script>\n<!-- \/ Yoast SEO plugin. -->","yoast_head_json":{"title":"(Women) Air Jordan 1 Low 'Spruce Aura' CW1381-003 - TOURCRUISER PTE. LTD","robots":{"index":"index","follow":"follow","max-snippet":"max-snippet:-1","max-image-preview":"max-image-preview:large","max-video-preview":"max-video-preview:-1"},"canonical":"https:\/\/tourcruiser.com\/fr\/products\/women-air-jordan-1-low-spruce-aura-cw1381-003\/","og_locale":"fr_FR","og_type":"article","og_title":"(Women) Air Jordan 1 Low 'Spruce Aura' CW1381-003 - TOURCRUISER PTE. LTD","og_description":"La Air Jordan 1 Low Spruce Aura (WMNS) de Jordan est une sneaker exceptionnelle con\u00e7ue sp\u00e9cialement pour les femmes. Avec son coloris blanc immacul\u00e9 et son nom distinctif \u00ab\u00a0Spruce Aura\u00a0\u00bb, cette chaussure est un incontournable pour toute passionn\u00e9e de sneakers. Apportez une touche d&rsquo;\u00e9l\u00e9gance \u00e0 votre tenue avec cette paire d&rsquo;Air Jordan styl\u00e9e et de [&hellip;]","og_url":"https:\/\/tourcruiser.com\/fr\/products\/women-air-jordan-1-low-spruce-aura-cw1381-003\/","og_site_name":"Tourcruiser Sneaker Store","article_modified_time":"2026-04-17T16:04:01+00:00","twitter_card":"summary_large_image","twitter_image":"https:\/\/images.novelship.com\/product\/_women__air_jordan_1_low__spruce_aura__cw1381_003_0_31095.jpeg;https:\/\/images.novelship.com\/product\/_women__air_jordan_1_low__spruce_aura__cw1381_003_1_31095.jpeg;https:\/\/images.novelship.com\/product\/_women__air_jordan_1_low__spruce_aura__cw1381_003_2_31095.jpeg;https:\/\/images.novelship.com\/product\/_women__air_jordan_1_low__spruce_aura__cw1381_003_3_31095.jpeg;https:\/\/images.novelship.com\/product\/_women__air_jordan_1_low__spruce_aura__cw1381_003_4_31095.jpeg;https:\/\/images.novelship.com\/product\/_women__air_jordan_1_low__spruce_aura__cw1381_003_5_31095.jpeg;https:\/\/images.novelship.com\/product\/_women__air_jordan_1_low__spruce_aura__cw1381_003_6_31095.jpeg;https:\/\/images.novelship.com\/product\/_women__air_jordan_1_low__spruce_aura__cw1381_003_7_31095.jpeg","schema":{"@context":"https:\/\/schema.org","@graph":[{"@type":"WebPage","@id":"https:\/\/tourcruiser.com\/fr\/products\/women-air-jordan-1-low-spruce-aura-cw1381-003\/","url":"https:\/\/tourcruiser.com\/fr\/products\/women-air-jordan-1-low-spruce-aura-cw1381-003\/","name":"(Women) Air Jordan 1 Low 'Spruce Aura' CW1381-003 - TOURCRUISER PTE. LTD","isPartOf":{"@id":"\/#website"},"primaryImageOfPage":{"@id":"https:\/\/tourcruiser.com\/fr\/products\/women-air-jordan-1-low-spruce-aura-cw1381-003\/#primaryimage"},"image":{"@id":"https:\/\/tourcruiser.com\/fr\/products\/women-air-jordan-1-low-spruce-aura-cw1381-003\/#primaryimage"},"thumbnailUrl":"https:\/\/images.novelship.com\/product\/_women__air_jordan_1_low__spruce_aura__cw1381_003_0_31095.jpeg;https:\/\/images.novelship.com\/product\/_women__air_jordan_1_low__spruce_aura__cw1381_003_1_31095.jpeg;https:\/\/images.novelship.com\/product\/_women__air_jordan_1_low__spruce_aura__cw1381_003_2_31095.jpeg;https:\/\/images.novelship.com\/product\/_women__air_jordan_1_low__spruce_aura__cw1381_003_3_31095.jpeg;https:\/\/images.novelship.com\/product\/_women__air_jordan_1_low__spruce_aura__cw1381_003_4_31095.jpeg;https:\/\/images.novelship.com\/product\/_women__air_jordan_1_low__spruce_aura__cw1381_003_5_31095.jpeg;https:\/\/images.novelship.com\/product\/_women__air_jordan_1_low__spruce_aura__cw1381_003_6_31095.jpeg;https:\/\/images.novelship.com\/product\/_women__air_jordan_1_low__spruce_aura__cw1381_003_7_31095.jpeg","datePublished":"2026-04-16T10:14:25+00:00","dateModified":"2026-04-17T16:04:01+00:00","breadcrumb":{"@id":"https:\/\/tourcruiser.com\/fr\/products\/women-air-jordan-1-low-spruce-aura-cw1381-003\/#breadcrumb"},"inLanguage":"fr-FR","potentialAction":[{"@type":"ReadAction","target":["https:\/\/tourcruiser.com\/fr\/products\/women-air-jordan-1-low-spruce-aura-cw1381-003\/"]}]},{"@type":"ImageObject","inLanguage":"fr-FR","@id":"https:\/\/tourcruiser.com\/fr\/products\/women-air-jordan-1-low-spruce-aura-cw1381-003\/#primaryimage","url":"https:\/\/images.novelship.com\/product\/_women__air_jordan_1_low__spruce_aura__cw1381_003_0_31095.jpeg;https:\/\/images.novelship.com\/product\/_women__air_jordan_1_low__spruce_aura__cw1381_003_1_31095.jpeg;https:\/\/images.novelship.com\/product\/_women__air_jordan_1_low__spruce_aura__cw1381_003_2_31095.jpeg;https:\/\/images.novelship.com\/product\/_women__air_jordan_1_low__spruce_aura__cw1381_003_3_31095.jpeg;https:\/\/images.novelship.com\/product\/_women__air_jordan_1_low__spruce_aura__cw1381_003_4_31095.jpeg;https:\/\/images.novelship.com\/product\/_women__air_jordan_1_low__spruce_aura__cw1381_003_5_31095.jpeg;https:\/\/images.novelship.com\/product\/_women__air_jordan_1_low__spruce_aura__cw1381_003_6_31095.jpeg;https:\/\/images.novelship.com\/product\/_women__air_jordan_1_low__spruce_aura__cw1381_003_7_31095.jpeg","contentUrl":"https:\/\/images.novelship.com\/product\/_women__air_jordan_1_low__spruce_aura__cw1381_003_0_31095.jpeg;https:\/\/images.novelship.com\/product\/_women__air_jordan_1_low__spruce_aura__cw1381_003_1_31095.jpeg;https:\/\/images.novelship.com\/product\/_women__air_jordan_1_low__spruce_aura__cw1381_003_2_31095.jpeg;https:\/\/images.novelship.com\/product\/_women__air_jordan_1_low__spruce_aura__cw1381_003_3_31095.jpeg;https:\/\/images.novelship.com\/product\/_women__air_jordan_1_low__spruce_aura__cw1381_003_4_31095.jpeg;https:\/\/images.novelship.com\/product\/_women__air_jordan_1_low__spruce_aura__cw1381_003_5_31095.jpeg;https:\/\/images.novelship.com\/product\/_women__air_jordan_1_low__spruce_aura__cw1381_003_6_31095.jpeg;https:\/\/images.novelship.com\/product\/_women__air_jordan_1_low__spruce_aura__cw1381_003_7_31095.jpeg"},{"@type":"BreadcrumbList","@id":"https:\/\/tourcruiser.com\/fr\/products\/women-air-jordan-1-low-spruce-aura-cw1381-003\/#breadcrumb","itemListElement":[{"@type":"ListItem","position":1,"name":"Home","item":"https:\/\/tourcruiser.com\/fr\/"},{"@type":"ListItem","position":2,"name":"Shop","item":"https:\/\/tourcruiser.com\/fr\/shop\/"},{"@type":"ListItem","position":3,"name":"(Women) Air Jordan 1 Low &#8216;Spruce Aura&#8217; CW1381-003"}]},{"@type":"WebSite","@id":"\/#website","url":"\/","name":"Styloral Jewelry Shop","description":"Tourcruiser Sneaker Store \u2014 L\u2019endroit o\u00f9 l\u2019univers rencontre votre singularit\u00e9.","publisher":{"@id":"\/#organization"},"potentialAction":[{"@type":"SearchAction","target":{"@type":"EntryPoint","urlTemplate":"\/?s={search_term_string}"},"query-input":{"@type":"PropertyValueSpecification","valueRequired":true,"valueName":"search_term_string"}}],"inLanguage":"fr-FR"},{"@type":"Organization","@id":"\/#organization","name":"STYLORAL PTE. LTD","url":"\/","logo":{"@type":"ImageObject","inLanguage":"fr-FR","@id":"\/#\/schema\/logo\/image\/","url":"https:\/\/www.tourcruiser.com\/wp-content\/uploads\/2025\/12\/logo.png","contentUrl":"https:\/\/www.tourcruiser.com\/wp-content\/uploads\/2025\/12\/logo.png","width":200,"height":65,"caption":"STYLORAL PTE. LTD"},"image":{"@id":"\/#\/schema\/logo\/image\/"}}]}},"_links":{"self":[{"href":"https:\/\/tourcruiser.com\/fr\/wp-json\/wp\/v2\/product\/770752","targetHints":{"allow":["GET"]}}],"collection":[{"href":"https:\/\/tourcruiser.com\/fr\/wp-json\/wp\/v2\/product"}],"about":[{"href":"https:\/\/tourcruiser.com\/fr\/wp-json\/wp\/v2\/types\/product"}],"replies":[{"embeddable":true,"href":"https:\/\/tourcruiser.com\/fr\/wp-json\/wp\/v2\/comments?post=770752"}],"wp:featuredmedia":[{"embeddable":true,"href":"https:\/\/tourcruiser.com\/fr\/wp-json\/wp\/v2\/media\/770753"}],"wp:attachment":[{"href":"https:\/\/tourcruiser.com\/fr\/wp-json\/wp\/v2\/media?parent=770752"}],"wp:term":[{"taxonomy":"product_brand","embeddable":true,"href":"https:\/\/tourcruiser.com\/fr\/wp-json\/wp\/v2\/product_brand?post=770752"},{"taxonomy":"product_cat","embeddable":true,"href":"https:\/\/tourcruiser.com\/fr\/wp-json\/wp\/v2\/product_cat?post=770752"},{"taxonomy":"product_tag","embeddable":true,"href":"https:\/\/tourcruiser.com\/fr\/wp-json\/wp\/v2\/product_tag?post=770752"}],"curies":[{"name":"wp","href":"https:\/\/api.w.org\/{rel}","templated":true}]}}