{"id":770694,"date":"2026-04-16T17:14:22","date_gmt":"2026-04-16T10:14:22","guid":{"rendered":"http:\/\/tourcruiser.com\/product\/grade-school-air-jordan-1-mid-hyper-pink-white-555112-611"},"modified":"2026-04-17T23:03:56","modified_gmt":"2026-04-17T16:03:56","slug":"grade-school-air-jordan-1-mid-hyper-pink-white-555112-611","status":"publish","type":"product","link":"https:\/\/tourcruiser.com\/fr\/products\/grade-school-air-jordan-1-mid-hyper-pink-white-555112-611\/","title":{"rendered":"(Grade School) Air Jordan 1 Mid Hyper Pink White 555112-611"},"content":{"rendered":"<p>La Air Jordan 1 Mid Hyper Pink White (GS) de Jordan est une basket styl\u00e9e pour les jeunes, arborant une teinte rose \u00e9clatante. Avec son design mi-montant classique, cette chaussure offre confort et durabilit\u00e9. Gr\u00e2ce au logo Jordan embl\u00e9matique et aux \u00e9l\u00e9gantes finitions blanches, la Hyper Pink est id\u00e9ale pour les jeunes passionn\u00e9s de sneakers qui souhaitent ajouter une touche de couleur \u00e0 leur collection.<\/p>\n<p>Couleur : Hyper Pink\/Blanc<\/p>\n<p>Num\u00e9ro d&rsquo;article : 555112-611<\/p>\n<p>Tige : Cuir<\/p>\n<p>Semelle interm\u00e9diaire : Air<\/p>\n<p>Couleur : Rose<\/p>\n<p>Designer : Peter Moore<\/p>\n<p>Saison : Printemps<\/p>\n<p>Ann\u00e9e de sortie : 2019<\/p>\n<p>\u00c2ge : Adulte<\/p>\n<p>Couleur : Blanc nuage\/Blanc nuage\/Blanc craie<\/p>\n<p>Genre : Jeune<\/p>\n","protected":false},"excerpt":{"rendered":"<p>La Air Jordan 1 Mid Hyper Pink White (GS) de Jordan est une basket styl\u00e9e pour les jeunes, arborant une teinte rose \u00e9clatante. Avec son design mi-montant classique, cette chaussure offre confort et durabilit\u00e9. Gr\u00e2ce au logo Jordan embl\u00e9matique et aux \u00e9l\u00e9gantes finitions blanches, la Hyper Pink est id\u00e9ale pour les jeunes passionn\u00e9s de sneakers [&hellip;]<\/p>\n","protected":false},"featured_media":770695,"comment_status":"open","ping_status":"closed","template":"","meta":[],"product_brand":[],"product_cat":[38880],"product_tag":[10750,38841,38975,10776,10756,38902,38936],"class_list":{"0":"post-770694","1":"product","2":"type-product","3":"status-publish","4":"has-post-thumbnail","6":"product_cat-jordan","7":"product_tag-athleisure-shoes","8":"product_tag-casual-shoes","9":"product_tag-casual-shoes-basketball-inspired","10":"product_tag-jordan","11":"product_tag-retro-casual-shoes","12":"product_tag-trendy-offers","13":"product_tag-trendy-offers-under-a-150","15":"first","16":"instock","17":"taxable","18":"shipping-taxable","19":"purchasable","20":"product-type-simple"},"wcpa_form_fields":null,"yoast_head":"<!-- This site is optimized with the Yoast SEO plugin v26.5 - https:\/\/yoast.com\/wordpress\/plugins\/seo\/ -->\n<title>(Grade School) Air Jordan 1 Mid Hyper Pink White 555112-611 - TOURCRUISER PTE. LTD<\/title>\n<meta name=\"robots\" content=\"index, follow, max-snippet:-1, max-image-preview:large, max-video-preview:-1\" \/>\n<link rel=\"canonical\" href=\"https:\/\/tourcruiser.com\/fr\/products\/grade-school-air-jordan-1-mid-hyper-pink-white-555112-611\/\" \/>\n<meta property=\"og:locale\" content=\"fr_FR\" \/>\n<meta property=\"og:type\" content=\"article\" \/>\n<meta property=\"og:title\" content=\"(Grade School) Air Jordan 1 Mid Hyper Pink White 555112-611 - TOURCRUISER PTE. LTD\" \/>\n<meta property=\"og:description\" content=\"La Air Jordan 1 Mid Hyper Pink White (GS) de Jordan est une basket styl\u00e9e pour les jeunes, arborant une teinte rose \u00e9clatante. Avec son design mi-montant classique, cette chaussure offre confort et durabilit\u00e9. Gr\u00e2ce au logo Jordan embl\u00e9matique et aux \u00e9l\u00e9gantes finitions blanches, la Hyper Pink est id\u00e9ale pour les jeunes passionn\u00e9s de sneakers [&hellip;]\" \/>\n<meta property=\"og:url\" content=\"https:\/\/tourcruiser.com\/fr\/products\/grade-school-air-jordan-1-mid-hyper-pink-white-555112-611\/\" \/>\n<meta property=\"og:site_name\" content=\"Tourcruiser Sneaker Store\" \/>\n<meta property=\"article:modified_time\" content=\"2026-04-17T16:03:56+00:00\" \/>\n<meta name=\"twitter:card\" content=\"summary_large_image\" \/>\n<meta name=\"twitter:image\" content=\"https:\/\/images.novelship.com\/product\/_grade_school__air_jordan_1_mid_hyper_pink_white_5_0_31819.jpeg;https:\/\/images.novelship.com\/product\/_grade_school__air_jordan_1_mid_hyper_pink_white_5_1_31819.jpeg;https:\/\/images.novelship.com\/product\/_grade_school__air_jordan_1_mid_hyper_pink_white_5_2_31819.jpeg;https:\/\/images.novelship.com\/product\/_grade_school__air_jordan_1_mid_hyper_pink_white_5_3_31819.jpeg;https:\/\/images.novelship.com\/product\/_grade_school__air_jordan_1_mid_hyper_pink_white_5_4_31819.jpeg;https:\/\/images.novelship.com\/product\/_grade_school__air_jordan_1_mid_hyper_pink_white_5_5_31819.jpeg;https:\/\/images.novelship.com\/product\/_grade_school__air_jordan_1_mid_hyper_pink_white_5_6_31819.jpeg;https:\/\/images.novelship.com\/product\/_grade_school__air_jordan_1_mid_hyper_pink_white_5_7_31819.jpeg\" \/>\n<meta name=\"twitter:label1\" content=\"Dur\u00e9e de lecture estim\u00e9e\" \/>\n\t<meta name=\"twitter:data1\" content=\"1 minute\" \/>\n<script type=\"application\/ld+json\" class=\"yoast-schema-graph\">{\"@context\":\"https:\/\/schema.org\",\"@graph\":[{\"@type\":\"WebPage\",\"@id\":\"https:\/\/tourcruiser.com\/fr\/products\/grade-school-air-jordan-1-mid-hyper-pink-white-555112-611\/\",\"url\":\"https:\/\/tourcruiser.com\/fr\/products\/grade-school-air-jordan-1-mid-hyper-pink-white-555112-611\/\",\"name\":\"(Grade School) Air Jordan 1 Mid Hyper Pink White 555112-611 - TOURCRUISER PTE. LTD\",\"isPartOf\":{\"@id\":\"\/#website\"},\"primaryImageOfPage\":{\"@id\":\"https:\/\/tourcruiser.com\/fr\/products\/grade-school-air-jordan-1-mid-hyper-pink-white-555112-611\/#primaryimage\"},\"image\":{\"@id\":\"https:\/\/tourcruiser.com\/fr\/products\/grade-school-air-jordan-1-mid-hyper-pink-white-555112-611\/#primaryimage\"},\"thumbnailUrl\":\"https:\/\/images.novelship.com\/product\/_grade_school__air_jordan_1_mid_hyper_pink_white_5_0_31819.jpeg;https:\/\/images.novelship.com\/product\/_grade_school__air_jordan_1_mid_hyper_pink_white_5_1_31819.jpeg;https:\/\/images.novelship.com\/product\/_grade_school__air_jordan_1_mid_hyper_pink_white_5_2_31819.jpeg;https:\/\/images.novelship.com\/product\/_grade_school__air_jordan_1_mid_hyper_pink_white_5_3_31819.jpeg;https:\/\/images.novelship.com\/product\/_grade_school__air_jordan_1_mid_hyper_pink_white_5_4_31819.jpeg;https:\/\/images.novelship.com\/product\/_grade_school__air_jordan_1_mid_hyper_pink_white_5_5_31819.jpeg;https:\/\/images.novelship.com\/product\/_grade_school__air_jordan_1_mid_hyper_pink_white_5_6_31819.jpeg;https:\/\/images.novelship.com\/product\/_grade_school__air_jordan_1_mid_hyper_pink_white_5_7_31819.jpeg\",\"datePublished\":\"2026-04-16T10:14:22+00:00\",\"dateModified\":\"2026-04-17T16:03:56+00:00\",\"breadcrumb\":{\"@id\":\"https:\/\/tourcruiser.com\/fr\/products\/grade-school-air-jordan-1-mid-hyper-pink-white-555112-611\/#breadcrumb\"},\"inLanguage\":\"fr-FR\",\"potentialAction\":[{\"@type\":\"ReadAction\",\"target\":[\"https:\/\/tourcruiser.com\/fr\/products\/grade-school-air-jordan-1-mid-hyper-pink-white-555112-611\/\"]}]},{\"@type\":\"ImageObject\",\"inLanguage\":\"fr-FR\",\"@id\":\"https:\/\/tourcruiser.com\/fr\/products\/grade-school-air-jordan-1-mid-hyper-pink-white-555112-611\/#primaryimage\",\"url\":\"https:\/\/images.novelship.com\/product\/_grade_school__air_jordan_1_mid_hyper_pink_white_5_0_31819.jpeg;https:\/\/images.novelship.com\/product\/_grade_school__air_jordan_1_mid_hyper_pink_white_5_1_31819.jpeg;https:\/\/images.novelship.com\/product\/_grade_school__air_jordan_1_mid_hyper_pink_white_5_2_31819.jpeg;https:\/\/images.novelship.com\/product\/_grade_school__air_jordan_1_mid_hyper_pink_white_5_3_31819.jpeg;https:\/\/images.novelship.com\/product\/_grade_school__air_jordan_1_mid_hyper_pink_white_5_4_31819.jpeg;https:\/\/images.novelship.com\/product\/_grade_school__air_jordan_1_mid_hyper_pink_white_5_5_31819.jpeg;https:\/\/images.novelship.com\/product\/_grade_school__air_jordan_1_mid_hyper_pink_white_5_6_31819.jpeg;https:\/\/images.novelship.com\/product\/_grade_school__air_jordan_1_mid_hyper_pink_white_5_7_31819.jpeg\",\"contentUrl\":\"https:\/\/images.novelship.com\/product\/_grade_school__air_jordan_1_mid_hyper_pink_white_5_0_31819.jpeg;https:\/\/images.novelship.com\/product\/_grade_school__air_jordan_1_mid_hyper_pink_white_5_1_31819.jpeg;https:\/\/images.novelship.com\/product\/_grade_school__air_jordan_1_mid_hyper_pink_white_5_2_31819.jpeg;https:\/\/images.novelship.com\/product\/_grade_school__air_jordan_1_mid_hyper_pink_white_5_3_31819.jpeg;https:\/\/images.novelship.com\/product\/_grade_school__air_jordan_1_mid_hyper_pink_white_5_4_31819.jpeg;https:\/\/images.novelship.com\/product\/_grade_school__air_jordan_1_mid_hyper_pink_white_5_5_31819.jpeg;https:\/\/images.novelship.com\/product\/_grade_school__air_jordan_1_mid_hyper_pink_white_5_6_31819.jpeg;https:\/\/images.novelship.com\/product\/_grade_school__air_jordan_1_mid_hyper_pink_white_5_7_31819.jpeg\"},{\"@type\":\"BreadcrumbList\",\"@id\":\"https:\/\/tourcruiser.com\/fr\/products\/grade-school-air-jordan-1-mid-hyper-pink-white-555112-611\/#breadcrumb\",\"itemListElement\":[{\"@type\":\"ListItem\",\"position\":1,\"name\":\"Home\",\"item\":\"https:\/\/tourcruiser.com\/fr\/\"},{\"@type\":\"ListItem\",\"position\":2,\"name\":\"Shop\",\"item\":\"https:\/\/tourcruiser.com\/fr\/shop\/\"},{\"@type\":\"ListItem\",\"position\":3,\"name\":\"(Grade School) Air Jordan 1 Mid Hyper Pink White 555112-611\"}]},{\"@type\":\"WebSite\",\"@id\":\"\/#website\",\"url\":\"\/\",\"name\":\"Styloral Jewelry Shop\",\"description\":\"Tourcruiser Sneaker Store \u2014 L\u2019endroit o\u00f9 l\u2019univers rencontre votre singularit\u00e9.\",\"publisher\":{\"@id\":\"\/#organization\"},\"potentialAction\":[{\"@type\":\"SearchAction\",\"target\":{\"@type\":\"EntryPoint\",\"urlTemplate\":\"\/?s={search_term_string}\"},\"query-input\":{\"@type\":\"PropertyValueSpecification\",\"valueRequired\":true,\"valueName\":\"search_term_string\"}}],\"inLanguage\":\"fr-FR\"},{\"@type\":\"Organization\",\"@id\":\"\/#organization\",\"name\":\"STYLORAL PTE. LTD\",\"url\":\"\/\",\"logo\":{\"@type\":\"ImageObject\",\"inLanguage\":\"fr-FR\",\"@id\":\"\/#\/schema\/logo\/image\/\",\"url\":\"https:\/\/www.tourcruiser.com\/wp-content\/uploads\/2025\/12\/logo.png\",\"contentUrl\":\"https:\/\/www.tourcruiser.com\/wp-content\/uploads\/2025\/12\/logo.png\",\"width\":200,\"height\":65,\"caption\":\"STYLORAL PTE. LTD\"},\"image\":{\"@id\":\"\/#\/schema\/logo\/image\/\"}}]}<\/script>\n<!-- \/ Yoast SEO plugin. -->","yoast_head_json":{"title":"(Grade School) Air Jordan 1 Mid Hyper Pink White 555112-611 - TOURCRUISER PTE. LTD","robots":{"index":"index","follow":"follow","max-snippet":"max-snippet:-1","max-image-preview":"max-image-preview:large","max-video-preview":"max-video-preview:-1"},"canonical":"https:\/\/tourcruiser.com\/fr\/products\/grade-school-air-jordan-1-mid-hyper-pink-white-555112-611\/","og_locale":"fr_FR","og_type":"article","og_title":"(Grade School) Air Jordan 1 Mid Hyper Pink White 555112-611 - TOURCRUISER PTE. LTD","og_description":"La Air Jordan 1 Mid Hyper Pink White (GS) de Jordan est une basket styl\u00e9e pour les jeunes, arborant une teinte rose \u00e9clatante. Avec son design mi-montant classique, cette chaussure offre confort et durabilit\u00e9. Gr\u00e2ce au logo Jordan embl\u00e9matique et aux \u00e9l\u00e9gantes finitions blanches, la Hyper Pink est id\u00e9ale pour les jeunes passionn\u00e9s de sneakers [&hellip;]","og_url":"https:\/\/tourcruiser.com\/fr\/products\/grade-school-air-jordan-1-mid-hyper-pink-white-555112-611\/","og_site_name":"Tourcruiser Sneaker Store","article_modified_time":"2026-04-17T16:03:56+00:00","twitter_card":"summary_large_image","twitter_image":"https:\/\/images.novelship.com\/product\/_grade_school__air_jordan_1_mid_hyper_pink_white_5_0_31819.jpeg;https:\/\/images.novelship.com\/product\/_grade_school__air_jordan_1_mid_hyper_pink_white_5_1_31819.jpeg;https:\/\/images.novelship.com\/product\/_grade_school__air_jordan_1_mid_hyper_pink_white_5_2_31819.jpeg;https:\/\/images.novelship.com\/product\/_grade_school__air_jordan_1_mid_hyper_pink_white_5_3_31819.jpeg;https:\/\/images.novelship.com\/product\/_grade_school__air_jordan_1_mid_hyper_pink_white_5_4_31819.jpeg;https:\/\/images.novelship.com\/product\/_grade_school__air_jordan_1_mid_hyper_pink_white_5_5_31819.jpeg;https:\/\/images.novelship.com\/product\/_grade_school__air_jordan_1_mid_hyper_pink_white_5_6_31819.jpeg;https:\/\/images.novelship.com\/product\/_grade_school__air_jordan_1_mid_hyper_pink_white_5_7_31819.jpeg","twitter_misc":{"Dur\u00e9e de lecture estim\u00e9e":"1 minute"},"schema":{"@context":"https:\/\/schema.org","@graph":[{"@type":"WebPage","@id":"https:\/\/tourcruiser.com\/fr\/products\/grade-school-air-jordan-1-mid-hyper-pink-white-555112-611\/","url":"https:\/\/tourcruiser.com\/fr\/products\/grade-school-air-jordan-1-mid-hyper-pink-white-555112-611\/","name":"(Grade School) Air Jordan 1 Mid Hyper Pink White 555112-611 - TOURCRUISER PTE. LTD","isPartOf":{"@id":"\/#website"},"primaryImageOfPage":{"@id":"https:\/\/tourcruiser.com\/fr\/products\/grade-school-air-jordan-1-mid-hyper-pink-white-555112-611\/#primaryimage"},"image":{"@id":"https:\/\/tourcruiser.com\/fr\/products\/grade-school-air-jordan-1-mid-hyper-pink-white-555112-611\/#primaryimage"},"thumbnailUrl":"https:\/\/images.novelship.com\/product\/_grade_school__air_jordan_1_mid_hyper_pink_white_5_0_31819.jpeg;https:\/\/images.novelship.com\/product\/_grade_school__air_jordan_1_mid_hyper_pink_white_5_1_31819.jpeg;https:\/\/images.novelship.com\/product\/_grade_school__air_jordan_1_mid_hyper_pink_white_5_2_31819.jpeg;https:\/\/images.novelship.com\/product\/_grade_school__air_jordan_1_mid_hyper_pink_white_5_3_31819.jpeg;https:\/\/images.novelship.com\/product\/_grade_school__air_jordan_1_mid_hyper_pink_white_5_4_31819.jpeg;https:\/\/images.novelship.com\/product\/_grade_school__air_jordan_1_mid_hyper_pink_white_5_5_31819.jpeg;https:\/\/images.novelship.com\/product\/_grade_school__air_jordan_1_mid_hyper_pink_white_5_6_31819.jpeg;https:\/\/images.novelship.com\/product\/_grade_school__air_jordan_1_mid_hyper_pink_white_5_7_31819.jpeg","datePublished":"2026-04-16T10:14:22+00:00","dateModified":"2026-04-17T16:03:56+00:00","breadcrumb":{"@id":"https:\/\/tourcruiser.com\/fr\/products\/grade-school-air-jordan-1-mid-hyper-pink-white-555112-611\/#breadcrumb"},"inLanguage":"fr-FR","potentialAction":[{"@type":"ReadAction","target":["https:\/\/tourcruiser.com\/fr\/products\/grade-school-air-jordan-1-mid-hyper-pink-white-555112-611\/"]}]},{"@type":"ImageObject","inLanguage":"fr-FR","@id":"https:\/\/tourcruiser.com\/fr\/products\/grade-school-air-jordan-1-mid-hyper-pink-white-555112-611\/#primaryimage","url":"https:\/\/images.novelship.com\/product\/_grade_school__air_jordan_1_mid_hyper_pink_white_5_0_31819.jpeg;https:\/\/images.novelship.com\/product\/_grade_school__air_jordan_1_mid_hyper_pink_white_5_1_31819.jpeg;https:\/\/images.novelship.com\/product\/_grade_school__air_jordan_1_mid_hyper_pink_white_5_2_31819.jpeg;https:\/\/images.novelship.com\/product\/_grade_school__air_jordan_1_mid_hyper_pink_white_5_3_31819.jpeg;https:\/\/images.novelship.com\/product\/_grade_school__air_jordan_1_mid_hyper_pink_white_5_4_31819.jpeg;https:\/\/images.novelship.com\/product\/_grade_school__air_jordan_1_mid_hyper_pink_white_5_5_31819.jpeg;https:\/\/images.novelship.com\/product\/_grade_school__air_jordan_1_mid_hyper_pink_white_5_6_31819.jpeg;https:\/\/images.novelship.com\/product\/_grade_school__air_jordan_1_mid_hyper_pink_white_5_7_31819.jpeg","contentUrl":"https:\/\/images.novelship.com\/product\/_grade_school__air_jordan_1_mid_hyper_pink_white_5_0_31819.jpeg;https:\/\/images.novelship.com\/product\/_grade_school__air_jordan_1_mid_hyper_pink_white_5_1_31819.jpeg;https:\/\/images.novelship.com\/product\/_grade_school__air_jordan_1_mid_hyper_pink_white_5_2_31819.jpeg;https:\/\/images.novelship.com\/product\/_grade_school__air_jordan_1_mid_hyper_pink_white_5_3_31819.jpeg;https:\/\/images.novelship.com\/product\/_grade_school__air_jordan_1_mid_hyper_pink_white_5_4_31819.jpeg;https:\/\/images.novelship.com\/product\/_grade_school__air_jordan_1_mid_hyper_pink_white_5_5_31819.jpeg;https:\/\/images.novelship.com\/product\/_grade_school__air_jordan_1_mid_hyper_pink_white_5_6_31819.jpeg;https:\/\/images.novelship.com\/product\/_grade_school__air_jordan_1_mid_hyper_pink_white_5_7_31819.jpeg"},{"@type":"BreadcrumbList","@id":"https:\/\/tourcruiser.com\/fr\/products\/grade-school-air-jordan-1-mid-hyper-pink-white-555112-611\/#breadcrumb","itemListElement":[{"@type":"ListItem","position":1,"name":"Home","item":"https:\/\/tourcruiser.com\/fr\/"},{"@type":"ListItem","position":2,"name":"Shop","item":"https:\/\/tourcruiser.com\/fr\/shop\/"},{"@type":"ListItem","position":3,"name":"(Grade School) Air Jordan 1 Mid Hyper Pink White 555112-611"}]},{"@type":"WebSite","@id":"\/#website","url":"\/","name":"Styloral Jewelry Shop","description":"Tourcruiser Sneaker Store \u2014 L\u2019endroit o\u00f9 l\u2019univers rencontre votre singularit\u00e9.","publisher":{"@id":"\/#organization"},"potentialAction":[{"@type":"SearchAction","target":{"@type":"EntryPoint","urlTemplate":"\/?s={search_term_string}"},"query-input":{"@type":"PropertyValueSpecification","valueRequired":true,"valueName":"search_term_string"}}],"inLanguage":"fr-FR"},{"@type":"Organization","@id":"\/#organization","name":"STYLORAL PTE. LTD","url":"\/","logo":{"@type":"ImageObject","inLanguage":"fr-FR","@id":"\/#\/schema\/logo\/image\/","url":"https:\/\/www.tourcruiser.com\/wp-content\/uploads\/2025\/12\/logo.png","contentUrl":"https:\/\/www.tourcruiser.com\/wp-content\/uploads\/2025\/12\/logo.png","width":200,"height":65,"caption":"STYLORAL PTE. LTD"},"image":{"@id":"\/#\/schema\/logo\/image\/"}}]}},"_links":{"self":[{"href":"https:\/\/tourcruiser.com\/fr\/wp-json\/wp\/v2\/product\/770694","targetHints":{"allow":["GET"]}}],"collection":[{"href":"https:\/\/tourcruiser.com\/fr\/wp-json\/wp\/v2\/product"}],"about":[{"href":"https:\/\/tourcruiser.com\/fr\/wp-json\/wp\/v2\/types\/product"}],"replies":[{"embeddable":true,"href":"https:\/\/tourcruiser.com\/fr\/wp-json\/wp\/v2\/comments?post=770694"}],"wp:featuredmedia":[{"embeddable":true,"href":"https:\/\/tourcruiser.com\/fr\/wp-json\/wp\/v2\/media\/770695"}],"wp:attachment":[{"href":"https:\/\/tourcruiser.com\/fr\/wp-json\/wp\/v2\/media?parent=770694"}],"wp:term":[{"taxonomy":"product_brand","embeddable":true,"href":"https:\/\/tourcruiser.com\/fr\/wp-json\/wp\/v2\/product_brand?post=770694"},{"taxonomy":"product_cat","embeddable":true,"href":"https:\/\/tourcruiser.com\/fr\/wp-json\/wp\/v2\/product_cat?post=770694"},{"taxonomy":"product_tag","embeddable":true,"href":"https:\/\/tourcruiser.com\/fr\/wp-json\/wp\/v2\/product_tag?post=770694"}],"curies":[{"name":"wp","href":"https:\/\/api.w.org\/{rel}","templated":true}]}}