{"id":770685,"date":"2026-04-16T17:14:22","date_gmt":"2026-04-16T10:14:22","guid":{"rendered":"http:\/\/tourcruiser.com\/product\/grade-school-air-jordan-1-low-light-arctic-pink-554723-601"},"modified":"2026-04-17T23:03:56","modified_gmt":"2026-04-17T16:03:56","slug":"grade-school-air-jordan-1-low-light-arctic-pink-554723-601","status":"publish","type":"product","link":"https:\/\/tourcruiser.com\/fr\/products\/grade-school-air-jordan-1-low-light-arctic-pink-554723-601\/","title":{"rendered":"(Grade School) Air Jordan 1 Low &lsquo;Light Arctic Pink&rsquo; 554723-601"},"content":{"rendered":"<p>D\u00e9couvrez la Air Jordan 1 Low Light Arctic Pink de Jordan, con\u00e7ue pour les jeunes. Ces chaussures styl\u00e9es s\u00e9duisent par leur superbe coloris rose et apportent une touche de couleur \u00e0 toutes vos tenues. Gr\u00e2ce \u00e0 leur coupe basse, elles sont parfaites au quotidien. Avec la Air Jordan 1 Low Light Arctic Pink, soyez toujours \u00e0 la pointe de la mode\u00a0: confort et style garantis.<\/p>\n<p>\u2026 \u00c2ge\u00a0: Adultes<br \/>\nCouleur\u00a0: Rose fluo\/Blanc<br \/>\nGenre\u00a0: Jeunes<\/p>\n","protected":false},"excerpt":{"rendered":"<p>D\u00e9couvrez la Air Jordan 1 Low Light Arctic Pink de Jordan, con\u00e7ue pour les jeunes. Ces chaussures styl\u00e9es s\u00e9duisent par leur superbe coloris rose et apportent une touche de couleur \u00e0 toutes vos tenues. Gr\u00e2ce \u00e0 leur coupe basse, elles sont parfaites au quotidien. Avec la Air Jordan 1 Low Light Arctic Pink, soyez toujours [&hellip;]<\/p>\n","protected":false},"featured_media":770686,"comment_status":"open","ping_status":"closed","template":"","meta":[],"product_brand":[],"product_cat":[38880],"product_tag":[10750,38988,10776,38875,10756,39039],"class_list":{"0":"post-770685","1":"product","2":"type-product","3":"status-publish","4":"has-post-thumbnail","6":"product_cat-jordan","7":"product_tag-athleisure-shoes","8":"product_tag-casual-shoes-for-kids","9":"product_tag-jordan","10":"product_tag-jordan-skateboard-shoes","11":"product_tag-retro-casual-shoes","12":"product_tag-sneakers-for-kids","14":"first","15":"instock","16":"taxable","17":"shipping-taxable","18":"purchasable","19":"product-type-simple"},"wcpa_form_fields":null,"yoast_head":"<!-- This site is optimized with the Yoast SEO plugin v26.5 - https:\/\/yoast.com\/wordpress\/plugins\/seo\/ -->\n<title>(Grade School) Air Jordan 1 Low &#039;Light Arctic Pink&#039; 554723-601 - TOURCRUISER PTE. LTD<\/title>\n<meta name=\"robots\" content=\"index, follow, max-snippet:-1, max-image-preview:large, max-video-preview:-1\" \/>\n<link rel=\"canonical\" href=\"https:\/\/tourcruiser.com\/fr\/products\/grade-school-air-jordan-1-low-light-arctic-pink-554723-601\/\" \/>\n<meta property=\"og:locale\" content=\"fr_FR\" \/>\n<meta property=\"og:type\" content=\"article\" \/>\n<meta property=\"og:title\" content=\"(Grade School) Air Jordan 1 Low &#039;Light Arctic Pink&#039; 554723-601 - TOURCRUISER PTE. LTD\" \/>\n<meta property=\"og:description\" content=\"D\u00e9couvrez la Air Jordan 1 Low Light Arctic Pink de Jordan, con\u00e7ue pour les jeunes. Ces chaussures styl\u00e9es s\u00e9duisent par leur superbe coloris rose et apportent une touche de couleur \u00e0 toutes vos tenues. Gr\u00e2ce \u00e0 leur coupe basse, elles sont parfaites au quotidien. Avec la Air Jordan 1 Low Light Arctic Pink, soyez toujours [&hellip;]\" \/>\n<meta property=\"og:url\" content=\"https:\/\/tourcruiser.com\/fr\/products\/grade-school-air-jordan-1-low-light-arctic-pink-554723-601\/\" \/>\n<meta property=\"og:site_name\" content=\"Tourcruiser Sneaker Store\" \/>\n<meta property=\"article:modified_time\" content=\"2026-04-17T16:03:56+00:00\" \/>\n<meta name=\"twitter:card\" content=\"summary_large_image\" \/>\n<meta name=\"twitter:image\" content=\"https:\/\/images.novelship.com\/product\/_grade_school__air_jordan_1_low__light_arctic_pink_0_76629.jpeg;https:\/\/images.novelship.com\/product\/_grade_school__air_jordan_1_low__light_arctic_pink_1_76629.jpeg;https:\/\/images.novelship.com\/product\/_grade_school__air_jordan_1_low__light_arctic_pink_2_76629.jpeg;https:\/\/images.novelship.com\/product\/_grade_school__air_jordan_1_low__light_arctic_pink_3_76630.jpeg;https:\/\/images.novelship.com\/product\/_grade_school__air_jordan_1_low__light_arctic_pink_4_76630.jpeg;https:\/\/images.novelship.com\/product\/_grade_school__air_jordan_1_low__light_arctic_pink_5_76630.jpeg;https:\/\/images.novelship.com\/product\/_grade_school__air_jordan_1_low__light_arctic_pink_6_76630.jpeg;https:\/\/images.novelship.com\/product\/_grade_school__air_jordan_1_low__light_arctic_pink_7_76630.jpeg\" \/>\n<script type=\"application\/ld+json\" class=\"yoast-schema-graph\">{\"@context\":\"https:\/\/schema.org\",\"@graph\":[{\"@type\":\"WebPage\",\"@id\":\"https:\/\/tourcruiser.com\/fr\/products\/grade-school-air-jordan-1-low-light-arctic-pink-554723-601\/\",\"url\":\"https:\/\/tourcruiser.com\/fr\/products\/grade-school-air-jordan-1-low-light-arctic-pink-554723-601\/\",\"name\":\"(Grade School) Air Jordan 1 Low 'Light Arctic Pink' 554723-601 - TOURCRUISER PTE. LTD\",\"isPartOf\":{\"@id\":\"\/#website\"},\"primaryImageOfPage\":{\"@id\":\"https:\/\/tourcruiser.com\/fr\/products\/grade-school-air-jordan-1-low-light-arctic-pink-554723-601\/#primaryimage\"},\"image\":{\"@id\":\"https:\/\/tourcruiser.com\/fr\/products\/grade-school-air-jordan-1-low-light-arctic-pink-554723-601\/#primaryimage\"},\"thumbnailUrl\":\"https:\/\/images.novelship.com\/product\/_grade_school__air_jordan_1_low__light_arctic_pink_0_76629.jpeg;https:\/\/images.novelship.com\/product\/_grade_school__air_jordan_1_low__light_arctic_pink_1_76629.jpeg;https:\/\/images.novelship.com\/product\/_grade_school__air_jordan_1_low__light_arctic_pink_2_76629.jpeg;https:\/\/images.novelship.com\/product\/_grade_school__air_jordan_1_low__light_arctic_pink_3_76630.jpeg;https:\/\/images.novelship.com\/product\/_grade_school__air_jordan_1_low__light_arctic_pink_4_76630.jpeg;https:\/\/images.novelship.com\/product\/_grade_school__air_jordan_1_low__light_arctic_pink_5_76630.jpeg;https:\/\/images.novelship.com\/product\/_grade_school__air_jordan_1_low__light_arctic_pink_6_76630.jpeg;https:\/\/images.novelship.com\/product\/_grade_school__air_jordan_1_low__light_arctic_pink_7_76630.jpeg\",\"datePublished\":\"2026-04-16T10:14:22+00:00\",\"dateModified\":\"2026-04-17T16:03:56+00:00\",\"breadcrumb\":{\"@id\":\"https:\/\/tourcruiser.com\/fr\/products\/grade-school-air-jordan-1-low-light-arctic-pink-554723-601\/#breadcrumb\"},\"inLanguage\":\"fr-FR\",\"potentialAction\":[{\"@type\":\"ReadAction\",\"target\":[\"https:\/\/tourcruiser.com\/fr\/products\/grade-school-air-jordan-1-low-light-arctic-pink-554723-601\/\"]}]},{\"@type\":\"ImageObject\",\"inLanguage\":\"fr-FR\",\"@id\":\"https:\/\/tourcruiser.com\/fr\/products\/grade-school-air-jordan-1-low-light-arctic-pink-554723-601\/#primaryimage\",\"url\":\"https:\/\/images.novelship.com\/product\/_grade_school__air_jordan_1_low__light_arctic_pink_0_76629.jpeg;https:\/\/images.novelship.com\/product\/_grade_school__air_jordan_1_low__light_arctic_pink_1_76629.jpeg;https:\/\/images.novelship.com\/product\/_grade_school__air_jordan_1_low__light_arctic_pink_2_76629.jpeg;https:\/\/images.novelship.com\/product\/_grade_school__air_jordan_1_low__light_arctic_pink_3_76630.jpeg;https:\/\/images.novelship.com\/product\/_grade_school__air_jordan_1_low__light_arctic_pink_4_76630.jpeg;https:\/\/images.novelship.com\/product\/_grade_school__air_jordan_1_low__light_arctic_pink_5_76630.jpeg;https:\/\/images.novelship.com\/product\/_grade_school__air_jordan_1_low__light_arctic_pink_6_76630.jpeg;https:\/\/images.novelship.com\/product\/_grade_school__air_jordan_1_low__light_arctic_pink_7_76630.jpeg\",\"contentUrl\":\"https:\/\/images.novelship.com\/product\/_grade_school__air_jordan_1_low__light_arctic_pink_0_76629.jpeg;https:\/\/images.novelship.com\/product\/_grade_school__air_jordan_1_low__light_arctic_pink_1_76629.jpeg;https:\/\/images.novelship.com\/product\/_grade_school__air_jordan_1_low__light_arctic_pink_2_76629.jpeg;https:\/\/images.novelship.com\/product\/_grade_school__air_jordan_1_low__light_arctic_pink_3_76630.jpeg;https:\/\/images.novelship.com\/product\/_grade_school__air_jordan_1_low__light_arctic_pink_4_76630.jpeg;https:\/\/images.novelship.com\/product\/_grade_school__air_jordan_1_low__light_arctic_pink_5_76630.jpeg;https:\/\/images.novelship.com\/product\/_grade_school__air_jordan_1_low__light_arctic_pink_6_76630.jpeg;https:\/\/images.novelship.com\/product\/_grade_school__air_jordan_1_low__light_arctic_pink_7_76630.jpeg\"},{\"@type\":\"BreadcrumbList\",\"@id\":\"https:\/\/tourcruiser.com\/fr\/products\/grade-school-air-jordan-1-low-light-arctic-pink-554723-601\/#breadcrumb\",\"itemListElement\":[{\"@type\":\"ListItem\",\"position\":1,\"name\":\"Home\",\"item\":\"https:\/\/tourcruiser.com\/fr\/\"},{\"@type\":\"ListItem\",\"position\":2,\"name\":\"Shop\",\"item\":\"https:\/\/tourcruiser.com\/fr\/shop\/\"},{\"@type\":\"ListItem\",\"position\":3,\"name\":\"(Grade School) Air Jordan 1 Low &#8216;Light Arctic Pink&#8217; 554723-601\"}]},{\"@type\":\"WebSite\",\"@id\":\"\/#website\",\"url\":\"\/\",\"name\":\"Styloral Jewelry Shop\",\"description\":\"Tourcruiser Sneaker Store \u2014 L\u2019endroit o\u00f9 l\u2019univers rencontre votre singularit\u00e9.\",\"publisher\":{\"@id\":\"\/#organization\"},\"potentialAction\":[{\"@type\":\"SearchAction\",\"target\":{\"@type\":\"EntryPoint\",\"urlTemplate\":\"\/?s={search_term_string}\"},\"query-input\":{\"@type\":\"PropertyValueSpecification\",\"valueRequired\":true,\"valueName\":\"search_term_string\"}}],\"inLanguage\":\"fr-FR\"},{\"@type\":\"Organization\",\"@id\":\"\/#organization\",\"name\":\"STYLORAL PTE. LTD\",\"url\":\"\/\",\"logo\":{\"@type\":\"ImageObject\",\"inLanguage\":\"fr-FR\",\"@id\":\"\/#\/schema\/logo\/image\/\",\"url\":\"https:\/\/www.tourcruiser.com\/wp-content\/uploads\/2025\/12\/logo.png\",\"contentUrl\":\"https:\/\/www.tourcruiser.com\/wp-content\/uploads\/2025\/12\/logo.png\",\"width\":200,\"height\":65,\"caption\":\"STYLORAL PTE. LTD\"},\"image\":{\"@id\":\"\/#\/schema\/logo\/image\/\"}}]}<\/script>\n<!-- \/ Yoast SEO plugin. -->","yoast_head_json":{"title":"(Grade School) Air Jordan 1 Low 'Light Arctic Pink' 554723-601 - TOURCRUISER PTE. LTD","robots":{"index":"index","follow":"follow","max-snippet":"max-snippet:-1","max-image-preview":"max-image-preview:large","max-video-preview":"max-video-preview:-1"},"canonical":"https:\/\/tourcruiser.com\/fr\/products\/grade-school-air-jordan-1-low-light-arctic-pink-554723-601\/","og_locale":"fr_FR","og_type":"article","og_title":"(Grade School) Air Jordan 1 Low 'Light Arctic Pink' 554723-601 - TOURCRUISER PTE. LTD","og_description":"D\u00e9couvrez la Air Jordan 1 Low Light Arctic Pink de Jordan, con\u00e7ue pour les jeunes. Ces chaussures styl\u00e9es s\u00e9duisent par leur superbe coloris rose et apportent une touche de couleur \u00e0 toutes vos tenues. Gr\u00e2ce \u00e0 leur coupe basse, elles sont parfaites au quotidien. Avec la Air Jordan 1 Low Light Arctic Pink, soyez toujours [&hellip;]","og_url":"https:\/\/tourcruiser.com\/fr\/products\/grade-school-air-jordan-1-low-light-arctic-pink-554723-601\/","og_site_name":"Tourcruiser Sneaker Store","article_modified_time":"2026-04-17T16:03:56+00:00","twitter_card":"summary_large_image","twitter_image":"https:\/\/images.novelship.com\/product\/_grade_school__air_jordan_1_low__light_arctic_pink_0_76629.jpeg;https:\/\/images.novelship.com\/product\/_grade_school__air_jordan_1_low__light_arctic_pink_1_76629.jpeg;https:\/\/images.novelship.com\/product\/_grade_school__air_jordan_1_low__light_arctic_pink_2_76629.jpeg;https:\/\/images.novelship.com\/product\/_grade_school__air_jordan_1_low__light_arctic_pink_3_76630.jpeg;https:\/\/images.novelship.com\/product\/_grade_school__air_jordan_1_low__light_arctic_pink_4_76630.jpeg;https:\/\/images.novelship.com\/product\/_grade_school__air_jordan_1_low__light_arctic_pink_5_76630.jpeg;https:\/\/images.novelship.com\/product\/_grade_school__air_jordan_1_low__light_arctic_pink_6_76630.jpeg;https:\/\/images.novelship.com\/product\/_grade_school__air_jordan_1_low__light_arctic_pink_7_76630.jpeg","schema":{"@context":"https:\/\/schema.org","@graph":[{"@type":"WebPage","@id":"https:\/\/tourcruiser.com\/fr\/products\/grade-school-air-jordan-1-low-light-arctic-pink-554723-601\/","url":"https:\/\/tourcruiser.com\/fr\/products\/grade-school-air-jordan-1-low-light-arctic-pink-554723-601\/","name":"(Grade School) Air Jordan 1 Low 'Light Arctic Pink' 554723-601 - TOURCRUISER PTE. LTD","isPartOf":{"@id":"\/#website"},"primaryImageOfPage":{"@id":"https:\/\/tourcruiser.com\/fr\/products\/grade-school-air-jordan-1-low-light-arctic-pink-554723-601\/#primaryimage"},"image":{"@id":"https:\/\/tourcruiser.com\/fr\/products\/grade-school-air-jordan-1-low-light-arctic-pink-554723-601\/#primaryimage"},"thumbnailUrl":"https:\/\/images.novelship.com\/product\/_grade_school__air_jordan_1_low__light_arctic_pink_0_76629.jpeg;https:\/\/images.novelship.com\/product\/_grade_school__air_jordan_1_low__light_arctic_pink_1_76629.jpeg;https:\/\/images.novelship.com\/product\/_grade_school__air_jordan_1_low__light_arctic_pink_2_76629.jpeg;https:\/\/images.novelship.com\/product\/_grade_school__air_jordan_1_low__light_arctic_pink_3_76630.jpeg;https:\/\/images.novelship.com\/product\/_grade_school__air_jordan_1_low__light_arctic_pink_4_76630.jpeg;https:\/\/images.novelship.com\/product\/_grade_school__air_jordan_1_low__light_arctic_pink_5_76630.jpeg;https:\/\/images.novelship.com\/product\/_grade_school__air_jordan_1_low__light_arctic_pink_6_76630.jpeg;https:\/\/images.novelship.com\/product\/_grade_school__air_jordan_1_low__light_arctic_pink_7_76630.jpeg","datePublished":"2026-04-16T10:14:22+00:00","dateModified":"2026-04-17T16:03:56+00:00","breadcrumb":{"@id":"https:\/\/tourcruiser.com\/fr\/products\/grade-school-air-jordan-1-low-light-arctic-pink-554723-601\/#breadcrumb"},"inLanguage":"fr-FR","potentialAction":[{"@type":"ReadAction","target":["https:\/\/tourcruiser.com\/fr\/products\/grade-school-air-jordan-1-low-light-arctic-pink-554723-601\/"]}]},{"@type":"ImageObject","inLanguage":"fr-FR","@id":"https:\/\/tourcruiser.com\/fr\/products\/grade-school-air-jordan-1-low-light-arctic-pink-554723-601\/#primaryimage","url":"https:\/\/images.novelship.com\/product\/_grade_school__air_jordan_1_low__light_arctic_pink_0_76629.jpeg;https:\/\/images.novelship.com\/product\/_grade_school__air_jordan_1_low__light_arctic_pink_1_76629.jpeg;https:\/\/images.novelship.com\/product\/_grade_school__air_jordan_1_low__light_arctic_pink_2_76629.jpeg;https:\/\/images.novelship.com\/product\/_grade_school__air_jordan_1_low__light_arctic_pink_3_76630.jpeg;https:\/\/images.novelship.com\/product\/_grade_school__air_jordan_1_low__light_arctic_pink_4_76630.jpeg;https:\/\/images.novelship.com\/product\/_grade_school__air_jordan_1_low__light_arctic_pink_5_76630.jpeg;https:\/\/images.novelship.com\/product\/_grade_school__air_jordan_1_low__light_arctic_pink_6_76630.jpeg;https:\/\/images.novelship.com\/product\/_grade_school__air_jordan_1_low__light_arctic_pink_7_76630.jpeg","contentUrl":"https:\/\/images.novelship.com\/product\/_grade_school__air_jordan_1_low__light_arctic_pink_0_76629.jpeg;https:\/\/images.novelship.com\/product\/_grade_school__air_jordan_1_low__light_arctic_pink_1_76629.jpeg;https:\/\/images.novelship.com\/product\/_grade_school__air_jordan_1_low__light_arctic_pink_2_76629.jpeg;https:\/\/images.novelship.com\/product\/_grade_school__air_jordan_1_low__light_arctic_pink_3_76630.jpeg;https:\/\/images.novelship.com\/product\/_grade_school__air_jordan_1_low__light_arctic_pink_4_76630.jpeg;https:\/\/images.novelship.com\/product\/_grade_school__air_jordan_1_low__light_arctic_pink_5_76630.jpeg;https:\/\/images.novelship.com\/product\/_grade_school__air_jordan_1_low__light_arctic_pink_6_76630.jpeg;https:\/\/images.novelship.com\/product\/_grade_school__air_jordan_1_low__light_arctic_pink_7_76630.jpeg"},{"@type":"BreadcrumbList","@id":"https:\/\/tourcruiser.com\/fr\/products\/grade-school-air-jordan-1-low-light-arctic-pink-554723-601\/#breadcrumb","itemListElement":[{"@type":"ListItem","position":1,"name":"Home","item":"https:\/\/tourcruiser.com\/fr\/"},{"@type":"ListItem","position":2,"name":"Shop","item":"https:\/\/tourcruiser.com\/fr\/shop\/"},{"@type":"ListItem","position":3,"name":"(Grade School) Air Jordan 1 Low &#8216;Light Arctic Pink&#8217; 554723-601"}]},{"@type":"WebSite","@id":"\/#website","url":"\/","name":"Styloral Jewelry Shop","description":"Tourcruiser Sneaker Store \u2014 L\u2019endroit o\u00f9 l\u2019univers rencontre votre singularit\u00e9.","publisher":{"@id":"\/#organization"},"potentialAction":[{"@type":"SearchAction","target":{"@type":"EntryPoint","urlTemplate":"\/?s={search_term_string}"},"query-input":{"@type":"PropertyValueSpecification","valueRequired":true,"valueName":"search_term_string"}}],"inLanguage":"fr-FR"},{"@type":"Organization","@id":"\/#organization","name":"STYLORAL PTE. LTD","url":"\/","logo":{"@type":"ImageObject","inLanguage":"fr-FR","@id":"\/#\/schema\/logo\/image\/","url":"https:\/\/www.tourcruiser.com\/wp-content\/uploads\/2025\/12\/logo.png","contentUrl":"https:\/\/www.tourcruiser.com\/wp-content\/uploads\/2025\/12\/logo.png","width":200,"height":65,"caption":"STYLORAL PTE. LTD"},"image":{"@id":"\/#\/schema\/logo\/image\/"}}]}},"_links":{"self":[{"href":"https:\/\/tourcruiser.com\/fr\/wp-json\/wp\/v2\/product\/770685","targetHints":{"allow":["GET"]}}],"collection":[{"href":"https:\/\/tourcruiser.com\/fr\/wp-json\/wp\/v2\/product"}],"about":[{"href":"https:\/\/tourcruiser.com\/fr\/wp-json\/wp\/v2\/types\/product"}],"replies":[{"embeddable":true,"href":"https:\/\/tourcruiser.com\/fr\/wp-json\/wp\/v2\/comments?post=770685"}],"wp:featuredmedia":[{"embeddable":true,"href":"https:\/\/tourcruiser.com\/fr\/wp-json\/wp\/v2\/media\/770686"}],"wp:attachment":[{"href":"https:\/\/tourcruiser.com\/fr\/wp-json\/wp\/v2\/media?parent=770685"}],"wp:term":[{"taxonomy":"product_brand","embeddable":true,"href":"https:\/\/tourcruiser.com\/fr\/wp-json\/wp\/v2\/product_brand?post=770685"},{"taxonomy":"product_cat","embeddable":true,"href":"https:\/\/tourcruiser.com\/fr\/wp-json\/wp\/v2\/product_cat?post=770685"},{"taxonomy":"product_tag","embeddable":true,"href":"https:\/\/tourcruiser.com\/fr\/wp-json\/wp\/v2\/product_tag?post=770685"}],"curies":[{"name":"wp","href":"https:\/\/api.w.org\/{rel}","templated":true}]}}