{"id":770676,"date":"2026-04-16T17:14:22","date_gmt":"2026-04-16T10:14:22","guid":{"rendered":"http:\/\/tourcruiser.com\/product\/air-jordan-legacy-312-low-tech-grey-cd7069-101"},"modified":"2026-04-17T23:03:55","modified_gmt":"2026-04-17T16:03:55","slug":"air-jordan-legacy-312-low-tech-grey-cd7069-101","status":"publish","type":"product","link":"https:\/\/tourcruiser.com\/fr\/products\/air-jordan-legacy-312-low-tech-grey-cd7069-101\/","title":{"rendered":"Air Jordan Legacy 312 Low &lsquo;Tech Grey&rsquo; CD7069-101"},"content":{"rendered":"<p>La Air Jordan Legacy 312 Low Tech Grey de Jordan est un incontournable pour tout amateur de sneakers. Avec son \u00e9l\u00e9gante teinte gris technique et ses d\u00e9tails blancs, cette chaussure est \u00e0 la fois styl\u00e9e et polyvalente. Con\u00e7ue pour la performance et le confort, elle b\u00e9n\u00e9ficie d&rsquo;une construction r\u00e9sistante et d&rsquo;une semelle amortissante pour un confort optimal tout au long de la journ\u00e9e. Que ce soit sur le terrain ou en ville, ces Air Jordan ne manqueront pas de faire sensation.<\/p>\n<p>Coloris : Summit White\/Fire Red-Tech Grey-Black<\/p>\n<p>Code article : CD7069-101<\/p>\n<p>Tige : Cuir<\/p>\n<p>Semelle interm\u00e9diaire : Air<\/p>\n<p>Couleur : Blanc<\/p>\n<p>Designer : Don C<\/p>\n<p>Saison : \u00c9t\u00e9<\/p>\n<p>Ann\u00e9e de sortie : 2019<\/p>\n<p>\u00c2ge : Adulte<br \/>\nCouleur : Rose arctique clair\/Noir-Blanc<\/p>\n<p>Genre : Homme<\/p>\n","protected":false},"excerpt":{"rendered":"<p>La Air Jordan Legacy 312 Low Tech Grey de Jordan est un incontournable pour tout amateur de sneakers. Avec son \u00e9l\u00e9gante teinte gris technique et ses d\u00e9tails blancs, cette chaussure est \u00e0 la fois styl\u00e9e et polyvalente. Con\u00e7ue pour la performance et le confort, elle b\u00e9n\u00e9ficie d&rsquo;une construction r\u00e9sistante et d&rsquo;une semelle amortissante pour un [&hellip;]<\/p>\n","protected":false},"featured_media":770677,"comment_status":"open","ping_status":"closed","template":"","meta":[],"product_brand":[],"product_cat":[38880],"product_tag":[10750,38861,38841,38975,38842,10776,11349,38875,10756],"class_list":{"0":"post-770676","1":"product","2":"type-product","3":"status-publish","4":"has-post-thumbnail","6":"product_cat-jordan","7":"product_tag-athleisure-shoes","8":"product_tag-below-retail-price","9":"product_tag-casual-shoes","10":"product_tag-casual-shoes-basketball-inspired","11":"product_tag-gift-idea-for-him","12":"product_tag-jordan","13":"product_tag-jordan-basketball-shoes","14":"product_tag-jordan-skateboard-shoes","15":"product_tag-retro-casual-shoes","17":"first","18":"instock","19":"taxable","20":"shipping-taxable","21":"purchasable","22":"product-type-simple"},"wcpa_form_fields":null,"yoast_head":"<!-- This site is optimized with the Yoast SEO plugin v26.5 - https:\/\/yoast.com\/wordpress\/plugins\/seo\/ -->\n<title>Air Jordan Legacy 312 Low &#039;Tech Grey&#039; CD7069-101 - TOURCRUISER PTE. LTD<\/title>\n<meta name=\"robots\" content=\"index, follow, max-snippet:-1, max-image-preview:large, max-video-preview:-1\" \/>\n<link rel=\"canonical\" href=\"https:\/\/tourcruiser.com\/fr\/products\/air-jordan-legacy-312-low-tech-grey-cd7069-101\/\" \/>\n<meta property=\"og:locale\" content=\"fr_FR\" \/>\n<meta property=\"og:type\" content=\"article\" \/>\n<meta property=\"og:title\" content=\"Air Jordan Legacy 312 Low &#039;Tech Grey&#039; CD7069-101 - TOURCRUISER PTE. LTD\" \/>\n<meta property=\"og:description\" content=\"La Air Jordan Legacy 312 Low Tech Grey de Jordan est un incontournable pour tout amateur de sneakers. Avec son \u00e9l\u00e9gante teinte gris technique et ses d\u00e9tails blancs, cette chaussure est \u00e0 la fois styl\u00e9e et polyvalente. Con\u00e7ue pour la performance et le confort, elle b\u00e9n\u00e9ficie d&rsquo;une construction r\u00e9sistante et d&rsquo;une semelle amortissante pour un [&hellip;]\" \/>\n<meta property=\"og:url\" content=\"https:\/\/tourcruiser.com\/fr\/products\/air-jordan-legacy-312-low-tech-grey-cd7069-101\/\" \/>\n<meta property=\"og:site_name\" content=\"Tourcruiser Sneaker Store\" \/>\n<meta property=\"article:modified_time\" content=\"2026-04-17T16:03:55+00:00\" \/>\n<meta name=\"twitter:card\" content=\"summary_large_image\" \/>\n<meta name=\"twitter:image\" content=\"https:\/\/images.novelship.com\/product\/air_jordan_legacy_312_low__tech_grey__cd7069_101_0_89044.jpeg;https:\/\/images.novelship.com\/product\/air_jordan_legacy_312_low__tech_grey__cd7069_101_1_89044.jpeg;https:\/\/images.novelship.com\/product\/air_jordan_legacy_312_low__tech_grey__cd7069_101_2_89045.jpeg;https:\/\/images.novelship.com\/product\/air_jordan_legacy_312_low__tech_grey__cd7069_101_3_89045.jpeg;https:\/\/images.novelship.com\/product\/air_jordan_legacy_312_low__tech_grey__cd7069_101_4_89045.jpeg;https:\/\/images.novelship.com\/product\/air_jordan_legacy_312_low__tech_grey__cd7069_101_5_89045.jpeg;https:\/\/images.novelship.com\/product\/air_jordan_legacy_312_low__tech_grey__cd7069_101_6_89045.jpeg;https:\/\/images.novelship.com\/product\/air_jordan_legacy_312_low__tech_grey__cd7069_101_7_89045.jpeg\" \/>\n<meta name=\"twitter:label1\" content=\"Dur\u00e9e de lecture estim\u00e9e\" \/>\n\t<meta name=\"twitter:data1\" content=\"1 minute\" \/>\n<script type=\"application\/ld+json\" class=\"yoast-schema-graph\">{\"@context\":\"https:\/\/schema.org\",\"@graph\":[{\"@type\":\"WebPage\",\"@id\":\"https:\/\/tourcruiser.com\/fr\/products\/air-jordan-legacy-312-low-tech-grey-cd7069-101\/\",\"url\":\"https:\/\/tourcruiser.com\/fr\/products\/air-jordan-legacy-312-low-tech-grey-cd7069-101\/\",\"name\":\"Air Jordan Legacy 312 Low 'Tech Grey' CD7069-101 - TOURCRUISER PTE. LTD\",\"isPartOf\":{\"@id\":\"\/#website\"},\"primaryImageOfPage\":{\"@id\":\"https:\/\/tourcruiser.com\/fr\/products\/air-jordan-legacy-312-low-tech-grey-cd7069-101\/#primaryimage\"},\"image\":{\"@id\":\"https:\/\/tourcruiser.com\/fr\/products\/air-jordan-legacy-312-low-tech-grey-cd7069-101\/#primaryimage\"},\"thumbnailUrl\":\"https:\/\/images.novelship.com\/product\/air_jordan_legacy_312_low__tech_grey__cd7069_101_0_89044.jpeg;https:\/\/images.novelship.com\/product\/air_jordan_legacy_312_low__tech_grey__cd7069_101_1_89044.jpeg;https:\/\/images.novelship.com\/product\/air_jordan_legacy_312_low__tech_grey__cd7069_101_2_89045.jpeg;https:\/\/images.novelship.com\/product\/air_jordan_legacy_312_low__tech_grey__cd7069_101_3_89045.jpeg;https:\/\/images.novelship.com\/product\/air_jordan_legacy_312_low__tech_grey__cd7069_101_4_89045.jpeg;https:\/\/images.novelship.com\/product\/air_jordan_legacy_312_low__tech_grey__cd7069_101_5_89045.jpeg;https:\/\/images.novelship.com\/product\/air_jordan_legacy_312_low__tech_grey__cd7069_101_6_89045.jpeg;https:\/\/images.novelship.com\/product\/air_jordan_legacy_312_low__tech_grey__cd7069_101_7_89045.jpeg\",\"datePublished\":\"2026-04-16T10:14:22+00:00\",\"dateModified\":\"2026-04-17T16:03:55+00:00\",\"breadcrumb\":{\"@id\":\"https:\/\/tourcruiser.com\/fr\/products\/air-jordan-legacy-312-low-tech-grey-cd7069-101\/#breadcrumb\"},\"inLanguage\":\"fr-FR\",\"potentialAction\":[{\"@type\":\"ReadAction\",\"target\":[\"https:\/\/tourcruiser.com\/fr\/products\/air-jordan-legacy-312-low-tech-grey-cd7069-101\/\"]}]},{\"@type\":\"ImageObject\",\"inLanguage\":\"fr-FR\",\"@id\":\"https:\/\/tourcruiser.com\/fr\/products\/air-jordan-legacy-312-low-tech-grey-cd7069-101\/#primaryimage\",\"url\":\"https:\/\/images.novelship.com\/product\/air_jordan_legacy_312_low__tech_grey__cd7069_101_0_89044.jpeg;https:\/\/images.novelship.com\/product\/air_jordan_legacy_312_low__tech_grey__cd7069_101_1_89044.jpeg;https:\/\/images.novelship.com\/product\/air_jordan_legacy_312_low__tech_grey__cd7069_101_2_89045.jpeg;https:\/\/images.novelship.com\/product\/air_jordan_legacy_312_low__tech_grey__cd7069_101_3_89045.jpeg;https:\/\/images.novelship.com\/product\/air_jordan_legacy_312_low__tech_grey__cd7069_101_4_89045.jpeg;https:\/\/images.novelship.com\/product\/air_jordan_legacy_312_low__tech_grey__cd7069_101_5_89045.jpeg;https:\/\/images.novelship.com\/product\/air_jordan_legacy_312_low__tech_grey__cd7069_101_6_89045.jpeg;https:\/\/images.novelship.com\/product\/air_jordan_legacy_312_low__tech_grey__cd7069_101_7_89045.jpeg\",\"contentUrl\":\"https:\/\/images.novelship.com\/product\/air_jordan_legacy_312_low__tech_grey__cd7069_101_0_89044.jpeg;https:\/\/images.novelship.com\/product\/air_jordan_legacy_312_low__tech_grey__cd7069_101_1_89044.jpeg;https:\/\/images.novelship.com\/product\/air_jordan_legacy_312_low__tech_grey__cd7069_101_2_89045.jpeg;https:\/\/images.novelship.com\/product\/air_jordan_legacy_312_low__tech_grey__cd7069_101_3_89045.jpeg;https:\/\/images.novelship.com\/product\/air_jordan_legacy_312_low__tech_grey__cd7069_101_4_89045.jpeg;https:\/\/images.novelship.com\/product\/air_jordan_legacy_312_low__tech_grey__cd7069_101_5_89045.jpeg;https:\/\/images.novelship.com\/product\/air_jordan_legacy_312_low__tech_grey__cd7069_101_6_89045.jpeg;https:\/\/images.novelship.com\/product\/air_jordan_legacy_312_low__tech_grey__cd7069_101_7_89045.jpeg\"},{\"@type\":\"BreadcrumbList\",\"@id\":\"https:\/\/tourcruiser.com\/fr\/products\/air-jordan-legacy-312-low-tech-grey-cd7069-101\/#breadcrumb\",\"itemListElement\":[{\"@type\":\"ListItem\",\"position\":1,\"name\":\"Home\",\"item\":\"https:\/\/tourcruiser.com\/fr\/\"},{\"@type\":\"ListItem\",\"position\":2,\"name\":\"Shop\",\"item\":\"https:\/\/tourcruiser.com\/fr\/shop\/\"},{\"@type\":\"ListItem\",\"position\":3,\"name\":\"Air Jordan Legacy 312 Low &#8216;Tech Grey&#8217; CD7069-101\"}]},{\"@type\":\"WebSite\",\"@id\":\"\/#website\",\"url\":\"\/\",\"name\":\"Styloral Jewelry Shop\",\"description\":\"Tourcruiser Sneaker Store \u2014 L\u2019endroit o\u00f9 l\u2019univers rencontre votre singularit\u00e9.\",\"publisher\":{\"@id\":\"\/#organization\"},\"potentialAction\":[{\"@type\":\"SearchAction\",\"target\":{\"@type\":\"EntryPoint\",\"urlTemplate\":\"\/?s={search_term_string}\"},\"query-input\":{\"@type\":\"PropertyValueSpecification\",\"valueRequired\":true,\"valueName\":\"search_term_string\"}}],\"inLanguage\":\"fr-FR\"},{\"@type\":\"Organization\",\"@id\":\"\/#organization\",\"name\":\"STYLORAL PTE. LTD\",\"url\":\"\/\",\"logo\":{\"@type\":\"ImageObject\",\"inLanguage\":\"fr-FR\",\"@id\":\"\/#\/schema\/logo\/image\/\",\"url\":\"https:\/\/www.tourcruiser.com\/wp-content\/uploads\/2025\/12\/logo.png\",\"contentUrl\":\"https:\/\/www.tourcruiser.com\/wp-content\/uploads\/2025\/12\/logo.png\",\"width\":200,\"height\":65,\"caption\":\"STYLORAL PTE. LTD\"},\"image\":{\"@id\":\"\/#\/schema\/logo\/image\/\"}}]}<\/script>\n<!-- \/ Yoast SEO plugin. -->","yoast_head_json":{"title":"Air Jordan Legacy 312 Low 'Tech Grey' CD7069-101 - TOURCRUISER PTE. LTD","robots":{"index":"index","follow":"follow","max-snippet":"max-snippet:-1","max-image-preview":"max-image-preview:large","max-video-preview":"max-video-preview:-1"},"canonical":"https:\/\/tourcruiser.com\/fr\/products\/air-jordan-legacy-312-low-tech-grey-cd7069-101\/","og_locale":"fr_FR","og_type":"article","og_title":"Air Jordan Legacy 312 Low 'Tech Grey' CD7069-101 - TOURCRUISER PTE. LTD","og_description":"La Air Jordan Legacy 312 Low Tech Grey de Jordan est un incontournable pour tout amateur de sneakers. Avec son \u00e9l\u00e9gante teinte gris technique et ses d\u00e9tails blancs, cette chaussure est \u00e0 la fois styl\u00e9e et polyvalente. Con\u00e7ue pour la performance et le confort, elle b\u00e9n\u00e9ficie d&rsquo;une construction r\u00e9sistante et d&rsquo;une semelle amortissante pour un [&hellip;]","og_url":"https:\/\/tourcruiser.com\/fr\/products\/air-jordan-legacy-312-low-tech-grey-cd7069-101\/","og_site_name":"Tourcruiser Sneaker Store","article_modified_time":"2026-04-17T16:03:55+00:00","twitter_card":"summary_large_image","twitter_image":"https:\/\/images.novelship.com\/product\/air_jordan_legacy_312_low__tech_grey__cd7069_101_0_89044.jpeg;https:\/\/images.novelship.com\/product\/air_jordan_legacy_312_low__tech_grey__cd7069_101_1_89044.jpeg;https:\/\/images.novelship.com\/product\/air_jordan_legacy_312_low__tech_grey__cd7069_101_2_89045.jpeg;https:\/\/images.novelship.com\/product\/air_jordan_legacy_312_low__tech_grey__cd7069_101_3_89045.jpeg;https:\/\/images.novelship.com\/product\/air_jordan_legacy_312_low__tech_grey__cd7069_101_4_89045.jpeg;https:\/\/images.novelship.com\/product\/air_jordan_legacy_312_low__tech_grey__cd7069_101_5_89045.jpeg;https:\/\/images.novelship.com\/product\/air_jordan_legacy_312_low__tech_grey__cd7069_101_6_89045.jpeg;https:\/\/images.novelship.com\/product\/air_jordan_legacy_312_low__tech_grey__cd7069_101_7_89045.jpeg","twitter_misc":{"Dur\u00e9e de lecture estim\u00e9e":"1 minute"},"schema":{"@context":"https:\/\/schema.org","@graph":[{"@type":"WebPage","@id":"https:\/\/tourcruiser.com\/fr\/products\/air-jordan-legacy-312-low-tech-grey-cd7069-101\/","url":"https:\/\/tourcruiser.com\/fr\/products\/air-jordan-legacy-312-low-tech-grey-cd7069-101\/","name":"Air Jordan Legacy 312 Low 'Tech Grey' CD7069-101 - TOURCRUISER PTE. LTD","isPartOf":{"@id":"\/#website"},"primaryImageOfPage":{"@id":"https:\/\/tourcruiser.com\/fr\/products\/air-jordan-legacy-312-low-tech-grey-cd7069-101\/#primaryimage"},"image":{"@id":"https:\/\/tourcruiser.com\/fr\/products\/air-jordan-legacy-312-low-tech-grey-cd7069-101\/#primaryimage"},"thumbnailUrl":"https:\/\/images.novelship.com\/product\/air_jordan_legacy_312_low__tech_grey__cd7069_101_0_89044.jpeg;https:\/\/images.novelship.com\/product\/air_jordan_legacy_312_low__tech_grey__cd7069_101_1_89044.jpeg;https:\/\/images.novelship.com\/product\/air_jordan_legacy_312_low__tech_grey__cd7069_101_2_89045.jpeg;https:\/\/images.novelship.com\/product\/air_jordan_legacy_312_low__tech_grey__cd7069_101_3_89045.jpeg;https:\/\/images.novelship.com\/product\/air_jordan_legacy_312_low__tech_grey__cd7069_101_4_89045.jpeg;https:\/\/images.novelship.com\/product\/air_jordan_legacy_312_low__tech_grey__cd7069_101_5_89045.jpeg;https:\/\/images.novelship.com\/product\/air_jordan_legacy_312_low__tech_grey__cd7069_101_6_89045.jpeg;https:\/\/images.novelship.com\/product\/air_jordan_legacy_312_low__tech_grey__cd7069_101_7_89045.jpeg","datePublished":"2026-04-16T10:14:22+00:00","dateModified":"2026-04-17T16:03:55+00:00","breadcrumb":{"@id":"https:\/\/tourcruiser.com\/fr\/products\/air-jordan-legacy-312-low-tech-grey-cd7069-101\/#breadcrumb"},"inLanguage":"fr-FR","potentialAction":[{"@type":"ReadAction","target":["https:\/\/tourcruiser.com\/fr\/products\/air-jordan-legacy-312-low-tech-grey-cd7069-101\/"]}]},{"@type":"ImageObject","inLanguage":"fr-FR","@id":"https:\/\/tourcruiser.com\/fr\/products\/air-jordan-legacy-312-low-tech-grey-cd7069-101\/#primaryimage","url":"https:\/\/images.novelship.com\/product\/air_jordan_legacy_312_low__tech_grey__cd7069_101_0_89044.jpeg;https:\/\/images.novelship.com\/product\/air_jordan_legacy_312_low__tech_grey__cd7069_101_1_89044.jpeg;https:\/\/images.novelship.com\/product\/air_jordan_legacy_312_low__tech_grey__cd7069_101_2_89045.jpeg;https:\/\/images.novelship.com\/product\/air_jordan_legacy_312_low__tech_grey__cd7069_101_3_89045.jpeg;https:\/\/images.novelship.com\/product\/air_jordan_legacy_312_low__tech_grey__cd7069_101_4_89045.jpeg;https:\/\/images.novelship.com\/product\/air_jordan_legacy_312_low__tech_grey__cd7069_101_5_89045.jpeg;https:\/\/images.novelship.com\/product\/air_jordan_legacy_312_low__tech_grey__cd7069_101_6_89045.jpeg;https:\/\/images.novelship.com\/product\/air_jordan_legacy_312_low__tech_grey__cd7069_101_7_89045.jpeg","contentUrl":"https:\/\/images.novelship.com\/product\/air_jordan_legacy_312_low__tech_grey__cd7069_101_0_89044.jpeg;https:\/\/images.novelship.com\/product\/air_jordan_legacy_312_low__tech_grey__cd7069_101_1_89044.jpeg;https:\/\/images.novelship.com\/product\/air_jordan_legacy_312_low__tech_grey__cd7069_101_2_89045.jpeg;https:\/\/images.novelship.com\/product\/air_jordan_legacy_312_low__tech_grey__cd7069_101_3_89045.jpeg;https:\/\/images.novelship.com\/product\/air_jordan_legacy_312_low__tech_grey__cd7069_101_4_89045.jpeg;https:\/\/images.novelship.com\/product\/air_jordan_legacy_312_low__tech_grey__cd7069_101_5_89045.jpeg;https:\/\/images.novelship.com\/product\/air_jordan_legacy_312_low__tech_grey__cd7069_101_6_89045.jpeg;https:\/\/images.novelship.com\/product\/air_jordan_legacy_312_low__tech_grey__cd7069_101_7_89045.jpeg"},{"@type":"BreadcrumbList","@id":"https:\/\/tourcruiser.com\/fr\/products\/air-jordan-legacy-312-low-tech-grey-cd7069-101\/#breadcrumb","itemListElement":[{"@type":"ListItem","position":1,"name":"Home","item":"https:\/\/tourcruiser.com\/fr\/"},{"@type":"ListItem","position":2,"name":"Shop","item":"https:\/\/tourcruiser.com\/fr\/shop\/"},{"@type":"ListItem","position":3,"name":"Air Jordan Legacy 312 Low &#8216;Tech Grey&#8217; CD7069-101"}]},{"@type":"WebSite","@id":"\/#website","url":"\/","name":"Styloral Jewelry Shop","description":"Tourcruiser Sneaker Store \u2014 L\u2019endroit o\u00f9 l\u2019univers rencontre votre singularit\u00e9.","publisher":{"@id":"\/#organization"},"potentialAction":[{"@type":"SearchAction","target":{"@type":"EntryPoint","urlTemplate":"\/?s={search_term_string}"},"query-input":{"@type":"PropertyValueSpecification","valueRequired":true,"valueName":"search_term_string"}}],"inLanguage":"fr-FR"},{"@type":"Organization","@id":"\/#organization","name":"STYLORAL PTE. LTD","url":"\/","logo":{"@type":"ImageObject","inLanguage":"fr-FR","@id":"\/#\/schema\/logo\/image\/","url":"https:\/\/www.tourcruiser.com\/wp-content\/uploads\/2025\/12\/logo.png","contentUrl":"https:\/\/www.tourcruiser.com\/wp-content\/uploads\/2025\/12\/logo.png","width":200,"height":65,"caption":"STYLORAL PTE. LTD"},"image":{"@id":"\/#\/schema\/logo\/image\/"}}]}},"_links":{"self":[{"href":"https:\/\/tourcruiser.com\/fr\/wp-json\/wp\/v2\/product\/770676","targetHints":{"allow":["GET"]}}],"collection":[{"href":"https:\/\/tourcruiser.com\/fr\/wp-json\/wp\/v2\/product"}],"about":[{"href":"https:\/\/tourcruiser.com\/fr\/wp-json\/wp\/v2\/types\/product"}],"replies":[{"embeddable":true,"href":"https:\/\/tourcruiser.com\/fr\/wp-json\/wp\/v2\/comments?post=770676"}],"wp:featuredmedia":[{"embeddable":true,"href":"https:\/\/tourcruiser.com\/fr\/wp-json\/wp\/v2\/media\/770677"}],"wp:attachment":[{"href":"https:\/\/tourcruiser.com\/fr\/wp-json\/wp\/v2\/media?parent=770676"}],"wp:term":[{"taxonomy":"product_brand","embeddable":true,"href":"https:\/\/tourcruiser.com\/fr\/wp-json\/wp\/v2\/product_brand?post=770676"},{"taxonomy":"product_cat","embeddable":true,"href":"https:\/\/tourcruiser.com\/fr\/wp-json\/wp\/v2\/product_cat?post=770676"},{"taxonomy":"product_tag","embeddable":true,"href":"https:\/\/tourcruiser.com\/fr\/wp-json\/wp\/v2\/product_tag?post=770676"}],"curies":[{"name":"wp","href":"https:\/\/api.w.org\/{rel}","templated":true}]}}