{"id":770452,"date":"2026-04-16T17:14:15","date_gmt":"2026-04-16T10:14:15","guid":{"rendered":"http:\/\/tourcruiser.com\/product\/grade-school-air-jordan-1-retro-high-og-bg-shattered-backboard-30-575441-028"},"modified":"2026-04-17T23:03:40","modified_gmt":"2026-04-17T16:03:40","slug":"grade-school-air-jordan-1-retro-high-og-bg-shattered-backboard-30-575441-028","status":"publish","type":"product","link":"https:\/\/tourcruiser.com\/fr\/products\/grade-school-air-jordan-1-retro-high-og-bg-shattered-backboard-30-575441-028\/","title":{"rendered":"(Grade School) Air Jordan 1 Retro High OG BG &lsquo;Shattered Backboard 3.0&rsquo; 575441-028"},"content":{"rendered":"<p>La Air Jordan 1 Retro High OG BG Shattered Backboard 3.0 (GS) est un incontournable pour les fans de sneakers. Ce mod\u00e8le iconique, con\u00e7u par Jordan, arbore une couleur orange vive et audacieuse qui apporte une touche de couleur \u00e0 toutes les tenues. Fabriqu\u00e9es \u00e0 partir de mat\u00e9riaux haut de gamme, ces sneakers pour enfants sont r\u00e9sistantes et confortables, pour un confort optimal tout au long de la journ\u00e9e. Avec son design r\u00e9tro et sa silhouette classique, la Air Jordan 1 Retro High OG BG Shattered Backboard 3.0 (GS) est un mod\u00e8le intemporel qui compl\u00e9tera \u00e0 merveille toute collection de sneakers.<\/p>\n<p>Coloris : Noir\/Vanille claire\/\u00c9toile de mer<\/p>\n<p>Code article : 575441-028<\/p>\n<p>Tige : Cuir<\/p>\n<p>Semelle interm\u00e9diaire : Air<\/p>\n<p>Couleur : Noir<\/p>\n<p>Cr\u00e9ateur : Peter Moore<\/p>\n<p>Saison : Automne<\/p>\n<p>Ann\u00e9e de sortie : 2019<\/p>\n<p>\u00c2ge : Adulte<\/p>\n<p>Couleur : Blanc nuage\/Vert universitaire\/Vert vapeur<\/p>\n<p>Genre : Enfant<\/p>\n","protected":false},"excerpt":{"rendered":"<p>La Air Jordan 1 Retro High OG BG Shattered Backboard 3.0 (GS) est un incontournable pour les fans de sneakers. Ce mod\u00e8le iconique, con\u00e7u par Jordan, arbore une couleur orange vive et audacieuse qui apporte une touche de couleur \u00e0 toutes les tenues. Fabriqu\u00e9es \u00e0 partir de mat\u00e9riaux haut de gamme, ces sneakers pour enfants [&hellip;]<\/p>\n","protected":false},"featured_media":770453,"comment_status":"open","ping_status":"closed","template":"","meta":[],"product_brand":[],"product_cat":[38880],"product_tag":[10750,38841,38975,10776,10756,38902,38936],"class_list":{"0":"post-770452","1":"product","2":"type-product","3":"status-publish","4":"has-post-thumbnail","6":"product_cat-jordan","7":"product_tag-athleisure-shoes","8":"product_tag-casual-shoes","9":"product_tag-casual-shoes-basketball-inspired","10":"product_tag-jordan","11":"product_tag-retro-casual-shoes","12":"product_tag-trendy-offers","13":"product_tag-trendy-offers-under-a-150","15":"first","16":"instock","17":"taxable","18":"shipping-taxable","19":"purchasable","20":"product-type-simple"},"wcpa_form_fields":null,"yoast_head":"<!-- This site is optimized with the Yoast SEO plugin v26.5 - https:\/\/yoast.com\/wordpress\/plugins\/seo\/ -->\n<title>(Grade School) Air Jordan 1 Retro High OG BG &#039;Shattered Backboard 3.0&#039; 575441-028 - TOURCRUISER PTE. LTD<\/title>\n<meta name=\"robots\" content=\"index, follow, max-snippet:-1, max-image-preview:large, max-video-preview:-1\" \/>\n<link rel=\"canonical\" href=\"https:\/\/tourcruiser.com\/fr\/products\/grade-school-air-jordan-1-retro-high-og-bg-shattered-backboard-30-575441-028\/\" \/>\n<meta property=\"og:locale\" content=\"fr_FR\" \/>\n<meta property=\"og:type\" content=\"article\" \/>\n<meta property=\"og:title\" content=\"(Grade School) Air Jordan 1 Retro High OG BG &#039;Shattered Backboard 3.0&#039; 575441-028 - TOURCRUISER PTE. LTD\" \/>\n<meta property=\"og:description\" content=\"La Air Jordan 1 Retro High OG BG Shattered Backboard 3.0 (GS) est un incontournable pour les fans de sneakers. Ce mod\u00e8le iconique, con\u00e7u par Jordan, arbore une couleur orange vive et audacieuse qui apporte une touche de couleur \u00e0 toutes les tenues. Fabriqu\u00e9es \u00e0 partir de mat\u00e9riaux haut de gamme, ces sneakers pour enfants [&hellip;]\" \/>\n<meta property=\"og:url\" content=\"https:\/\/tourcruiser.com\/fr\/products\/grade-school-air-jordan-1-retro-high-og-bg-shattered-backboard-30-575441-028\/\" \/>\n<meta property=\"og:site_name\" content=\"Tourcruiser Sneaker Store\" \/>\n<meta property=\"article:modified_time\" content=\"2026-04-17T16:03:40+00:00\" \/>\n<meta name=\"twitter:card\" content=\"summary_large_image\" \/>\n<meta name=\"twitter:image\" content=\"https:\/\/images.novelship.com\/product\/_grade_school__air_jordan_1_retro_high_og_bg__shat_0_96985.jpeg;https:\/\/images.novelship.com\/product\/_grade_school__air_jordan_1_retro_high_og_bg__shat_1_96985.jpeg;https:\/\/images.novelship.com\/product\/_grade_school__air_jordan_1_retro_high_og_bg__shat_2_96985.jpeg;https:\/\/images.novelship.com\/product\/_grade_school__air_jordan_1_retro_high_og_bg__shat_3_96985.jpeg;https:\/\/images.novelship.com\/product\/_grade_school__air_jordan_1_retro_high_og_bg__shat_4_96985.jpeg;https:\/\/images.novelship.com\/product\/_grade_school__air_jordan_1_retro_high_og_bg__shat_5_96985.jpeg;https:\/\/images.novelship.com\/product\/_grade_school__air_jordan_1_retro_high_og_bg__shat_6_96985.jpeg;https:\/\/images.novelship.com\/product\/_grade_school__air_jordan_1_retro_high_og_bg__shat_7_96985.jpeg\" \/>\n<meta name=\"twitter:label1\" content=\"Dur\u00e9e de lecture estim\u00e9e\" \/>\n\t<meta name=\"twitter:data1\" content=\"1 minute\" \/>\n<script type=\"application\/ld+json\" class=\"yoast-schema-graph\">{\"@context\":\"https:\/\/schema.org\",\"@graph\":[{\"@type\":\"WebPage\",\"@id\":\"https:\/\/tourcruiser.com\/fr\/products\/grade-school-air-jordan-1-retro-high-og-bg-shattered-backboard-30-575441-028\/\",\"url\":\"https:\/\/tourcruiser.com\/fr\/products\/grade-school-air-jordan-1-retro-high-og-bg-shattered-backboard-30-575441-028\/\",\"name\":\"(Grade School) Air Jordan 1 Retro High OG BG 'Shattered Backboard 3.0' 575441-028 - TOURCRUISER PTE. LTD\",\"isPartOf\":{\"@id\":\"\/#website\"},\"primaryImageOfPage\":{\"@id\":\"https:\/\/tourcruiser.com\/fr\/products\/grade-school-air-jordan-1-retro-high-og-bg-shattered-backboard-30-575441-028\/#primaryimage\"},\"image\":{\"@id\":\"https:\/\/tourcruiser.com\/fr\/products\/grade-school-air-jordan-1-retro-high-og-bg-shattered-backboard-30-575441-028\/#primaryimage\"},\"thumbnailUrl\":\"https:\/\/images.novelship.com\/product\/_grade_school__air_jordan_1_retro_high_og_bg__shat_0_96985.jpeg;https:\/\/images.novelship.com\/product\/_grade_school__air_jordan_1_retro_high_og_bg__shat_1_96985.jpeg;https:\/\/images.novelship.com\/product\/_grade_school__air_jordan_1_retro_high_og_bg__shat_2_96985.jpeg;https:\/\/images.novelship.com\/product\/_grade_school__air_jordan_1_retro_high_og_bg__shat_3_96985.jpeg;https:\/\/images.novelship.com\/product\/_grade_school__air_jordan_1_retro_high_og_bg__shat_4_96985.jpeg;https:\/\/images.novelship.com\/product\/_grade_school__air_jordan_1_retro_high_og_bg__shat_5_96985.jpeg;https:\/\/images.novelship.com\/product\/_grade_school__air_jordan_1_retro_high_og_bg__shat_6_96985.jpeg;https:\/\/images.novelship.com\/product\/_grade_school__air_jordan_1_retro_high_og_bg__shat_7_96985.jpeg\",\"datePublished\":\"2026-04-16T10:14:15+00:00\",\"dateModified\":\"2026-04-17T16:03:40+00:00\",\"breadcrumb\":{\"@id\":\"https:\/\/tourcruiser.com\/fr\/products\/grade-school-air-jordan-1-retro-high-og-bg-shattered-backboard-30-575441-028\/#breadcrumb\"},\"inLanguage\":\"fr-FR\",\"potentialAction\":[{\"@type\":\"ReadAction\",\"target\":[\"https:\/\/tourcruiser.com\/fr\/products\/grade-school-air-jordan-1-retro-high-og-bg-shattered-backboard-30-575441-028\/\"]}]},{\"@type\":\"ImageObject\",\"inLanguage\":\"fr-FR\",\"@id\":\"https:\/\/tourcruiser.com\/fr\/products\/grade-school-air-jordan-1-retro-high-og-bg-shattered-backboard-30-575441-028\/#primaryimage\",\"url\":\"https:\/\/images.novelship.com\/product\/_grade_school__air_jordan_1_retro_high_og_bg__shat_0_96985.jpeg;https:\/\/images.novelship.com\/product\/_grade_school__air_jordan_1_retro_high_og_bg__shat_1_96985.jpeg;https:\/\/images.novelship.com\/product\/_grade_school__air_jordan_1_retro_high_og_bg__shat_2_96985.jpeg;https:\/\/images.novelship.com\/product\/_grade_school__air_jordan_1_retro_high_og_bg__shat_3_96985.jpeg;https:\/\/images.novelship.com\/product\/_grade_school__air_jordan_1_retro_high_og_bg__shat_4_96985.jpeg;https:\/\/images.novelship.com\/product\/_grade_school__air_jordan_1_retro_high_og_bg__shat_5_96985.jpeg;https:\/\/images.novelship.com\/product\/_grade_school__air_jordan_1_retro_high_og_bg__shat_6_96985.jpeg;https:\/\/images.novelship.com\/product\/_grade_school__air_jordan_1_retro_high_og_bg__shat_7_96985.jpeg\",\"contentUrl\":\"https:\/\/images.novelship.com\/product\/_grade_school__air_jordan_1_retro_high_og_bg__shat_0_96985.jpeg;https:\/\/images.novelship.com\/product\/_grade_school__air_jordan_1_retro_high_og_bg__shat_1_96985.jpeg;https:\/\/images.novelship.com\/product\/_grade_school__air_jordan_1_retro_high_og_bg__shat_2_96985.jpeg;https:\/\/images.novelship.com\/product\/_grade_school__air_jordan_1_retro_high_og_bg__shat_3_96985.jpeg;https:\/\/images.novelship.com\/product\/_grade_school__air_jordan_1_retro_high_og_bg__shat_4_96985.jpeg;https:\/\/images.novelship.com\/product\/_grade_school__air_jordan_1_retro_high_og_bg__shat_5_96985.jpeg;https:\/\/images.novelship.com\/product\/_grade_school__air_jordan_1_retro_high_og_bg__shat_6_96985.jpeg;https:\/\/images.novelship.com\/product\/_grade_school__air_jordan_1_retro_high_og_bg__shat_7_96985.jpeg\"},{\"@type\":\"BreadcrumbList\",\"@id\":\"https:\/\/tourcruiser.com\/fr\/products\/grade-school-air-jordan-1-retro-high-og-bg-shattered-backboard-30-575441-028\/#breadcrumb\",\"itemListElement\":[{\"@type\":\"ListItem\",\"position\":1,\"name\":\"Home\",\"item\":\"https:\/\/tourcruiser.com\/fr\/\"},{\"@type\":\"ListItem\",\"position\":2,\"name\":\"Shop\",\"item\":\"https:\/\/tourcruiser.com\/fr\/shop\/\"},{\"@type\":\"ListItem\",\"position\":3,\"name\":\"(Grade School) Air Jordan 1 Retro High OG BG &#8216;Shattered Backboard 3.0&#8217; 575441-028\"}]},{\"@type\":\"WebSite\",\"@id\":\"\/#website\",\"url\":\"\/\",\"name\":\"Styloral Jewelry Shop\",\"description\":\"Tourcruiser Sneaker Store \u2014 L\u2019endroit o\u00f9 l\u2019univers rencontre votre singularit\u00e9.\",\"publisher\":{\"@id\":\"\/#organization\"},\"potentialAction\":[{\"@type\":\"SearchAction\",\"target\":{\"@type\":\"EntryPoint\",\"urlTemplate\":\"\/?s={search_term_string}\"},\"query-input\":{\"@type\":\"PropertyValueSpecification\",\"valueRequired\":true,\"valueName\":\"search_term_string\"}}],\"inLanguage\":\"fr-FR\"},{\"@type\":\"Organization\",\"@id\":\"\/#organization\",\"name\":\"STYLORAL PTE. LTD\",\"url\":\"\/\",\"logo\":{\"@type\":\"ImageObject\",\"inLanguage\":\"fr-FR\",\"@id\":\"\/#\/schema\/logo\/image\/\",\"url\":\"https:\/\/www.tourcruiser.com\/wp-content\/uploads\/2025\/12\/logo.png\",\"contentUrl\":\"https:\/\/www.tourcruiser.com\/wp-content\/uploads\/2025\/12\/logo.png\",\"width\":200,\"height\":65,\"caption\":\"STYLORAL PTE. LTD\"},\"image\":{\"@id\":\"\/#\/schema\/logo\/image\/\"}}]}<\/script>\n<!-- \/ Yoast SEO plugin. -->","yoast_head_json":{"title":"(Grade School) Air Jordan 1 Retro High OG BG 'Shattered Backboard 3.0' 575441-028 - TOURCRUISER PTE. LTD","robots":{"index":"index","follow":"follow","max-snippet":"max-snippet:-1","max-image-preview":"max-image-preview:large","max-video-preview":"max-video-preview:-1"},"canonical":"https:\/\/tourcruiser.com\/fr\/products\/grade-school-air-jordan-1-retro-high-og-bg-shattered-backboard-30-575441-028\/","og_locale":"fr_FR","og_type":"article","og_title":"(Grade School) Air Jordan 1 Retro High OG BG 'Shattered Backboard 3.0' 575441-028 - TOURCRUISER PTE. LTD","og_description":"La Air Jordan 1 Retro High OG BG Shattered Backboard 3.0 (GS) est un incontournable pour les fans de sneakers. Ce mod\u00e8le iconique, con\u00e7u par Jordan, arbore une couleur orange vive et audacieuse qui apporte une touche de couleur \u00e0 toutes les tenues. Fabriqu\u00e9es \u00e0 partir de mat\u00e9riaux haut de gamme, ces sneakers pour enfants [&hellip;]","og_url":"https:\/\/tourcruiser.com\/fr\/products\/grade-school-air-jordan-1-retro-high-og-bg-shattered-backboard-30-575441-028\/","og_site_name":"Tourcruiser Sneaker Store","article_modified_time":"2026-04-17T16:03:40+00:00","twitter_card":"summary_large_image","twitter_image":"https:\/\/images.novelship.com\/product\/_grade_school__air_jordan_1_retro_high_og_bg__shat_0_96985.jpeg;https:\/\/images.novelship.com\/product\/_grade_school__air_jordan_1_retro_high_og_bg__shat_1_96985.jpeg;https:\/\/images.novelship.com\/product\/_grade_school__air_jordan_1_retro_high_og_bg__shat_2_96985.jpeg;https:\/\/images.novelship.com\/product\/_grade_school__air_jordan_1_retro_high_og_bg__shat_3_96985.jpeg;https:\/\/images.novelship.com\/product\/_grade_school__air_jordan_1_retro_high_og_bg__shat_4_96985.jpeg;https:\/\/images.novelship.com\/product\/_grade_school__air_jordan_1_retro_high_og_bg__shat_5_96985.jpeg;https:\/\/images.novelship.com\/product\/_grade_school__air_jordan_1_retro_high_og_bg__shat_6_96985.jpeg;https:\/\/images.novelship.com\/product\/_grade_school__air_jordan_1_retro_high_og_bg__shat_7_96985.jpeg","twitter_misc":{"Dur\u00e9e de lecture estim\u00e9e":"1 minute"},"schema":{"@context":"https:\/\/schema.org","@graph":[{"@type":"WebPage","@id":"https:\/\/tourcruiser.com\/fr\/products\/grade-school-air-jordan-1-retro-high-og-bg-shattered-backboard-30-575441-028\/","url":"https:\/\/tourcruiser.com\/fr\/products\/grade-school-air-jordan-1-retro-high-og-bg-shattered-backboard-30-575441-028\/","name":"(Grade School) Air Jordan 1 Retro High OG BG 'Shattered Backboard 3.0' 575441-028 - TOURCRUISER PTE. LTD","isPartOf":{"@id":"\/#website"},"primaryImageOfPage":{"@id":"https:\/\/tourcruiser.com\/fr\/products\/grade-school-air-jordan-1-retro-high-og-bg-shattered-backboard-30-575441-028\/#primaryimage"},"image":{"@id":"https:\/\/tourcruiser.com\/fr\/products\/grade-school-air-jordan-1-retro-high-og-bg-shattered-backboard-30-575441-028\/#primaryimage"},"thumbnailUrl":"https:\/\/images.novelship.com\/product\/_grade_school__air_jordan_1_retro_high_og_bg__shat_0_96985.jpeg;https:\/\/images.novelship.com\/product\/_grade_school__air_jordan_1_retro_high_og_bg__shat_1_96985.jpeg;https:\/\/images.novelship.com\/product\/_grade_school__air_jordan_1_retro_high_og_bg__shat_2_96985.jpeg;https:\/\/images.novelship.com\/product\/_grade_school__air_jordan_1_retro_high_og_bg__shat_3_96985.jpeg;https:\/\/images.novelship.com\/product\/_grade_school__air_jordan_1_retro_high_og_bg__shat_4_96985.jpeg;https:\/\/images.novelship.com\/product\/_grade_school__air_jordan_1_retro_high_og_bg__shat_5_96985.jpeg;https:\/\/images.novelship.com\/product\/_grade_school__air_jordan_1_retro_high_og_bg__shat_6_96985.jpeg;https:\/\/images.novelship.com\/product\/_grade_school__air_jordan_1_retro_high_og_bg__shat_7_96985.jpeg","datePublished":"2026-04-16T10:14:15+00:00","dateModified":"2026-04-17T16:03:40+00:00","breadcrumb":{"@id":"https:\/\/tourcruiser.com\/fr\/products\/grade-school-air-jordan-1-retro-high-og-bg-shattered-backboard-30-575441-028\/#breadcrumb"},"inLanguage":"fr-FR","potentialAction":[{"@type":"ReadAction","target":["https:\/\/tourcruiser.com\/fr\/products\/grade-school-air-jordan-1-retro-high-og-bg-shattered-backboard-30-575441-028\/"]}]},{"@type":"ImageObject","inLanguage":"fr-FR","@id":"https:\/\/tourcruiser.com\/fr\/products\/grade-school-air-jordan-1-retro-high-og-bg-shattered-backboard-30-575441-028\/#primaryimage","url":"https:\/\/images.novelship.com\/product\/_grade_school__air_jordan_1_retro_high_og_bg__shat_0_96985.jpeg;https:\/\/images.novelship.com\/product\/_grade_school__air_jordan_1_retro_high_og_bg__shat_1_96985.jpeg;https:\/\/images.novelship.com\/product\/_grade_school__air_jordan_1_retro_high_og_bg__shat_2_96985.jpeg;https:\/\/images.novelship.com\/product\/_grade_school__air_jordan_1_retro_high_og_bg__shat_3_96985.jpeg;https:\/\/images.novelship.com\/product\/_grade_school__air_jordan_1_retro_high_og_bg__shat_4_96985.jpeg;https:\/\/images.novelship.com\/product\/_grade_school__air_jordan_1_retro_high_og_bg__shat_5_96985.jpeg;https:\/\/images.novelship.com\/product\/_grade_school__air_jordan_1_retro_high_og_bg__shat_6_96985.jpeg;https:\/\/images.novelship.com\/product\/_grade_school__air_jordan_1_retro_high_og_bg__shat_7_96985.jpeg","contentUrl":"https:\/\/images.novelship.com\/product\/_grade_school__air_jordan_1_retro_high_og_bg__shat_0_96985.jpeg;https:\/\/images.novelship.com\/product\/_grade_school__air_jordan_1_retro_high_og_bg__shat_1_96985.jpeg;https:\/\/images.novelship.com\/product\/_grade_school__air_jordan_1_retro_high_og_bg__shat_2_96985.jpeg;https:\/\/images.novelship.com\/product\/_grade_school__air_jordan_1_retro_high_og_bg__shat_3_96985.jpeg;https:\/\/images.novelship.com\/product\/_grade_school__air_jordan_1_retro_high_og_bg__shat_4_96985.jpeg;https:\/\/images.novelship.com\/product\/_grade_school__air_jordan_1_retro_high_og_bg__shat_5_96985.jpeg;https:\/\/images.novelship.com\/product\/_grade_school__air_jordan_1_retro_high_og_bg__shat_6_96985.jpeg;https:\/\/images.novelship.com\/product\/_grade_school__air_jordan_1_retro_high_og_bg__shat_7_96985.jpeg"},{"@type":"BreadcrumbList","@id":"https:\/\/tourcruiser.com\/fr\/products\/grade-school-air-jordan-1-retro-high-og-bg-shattered-backboard-30-575441-028\/#breadcrumb","itemListElement":[{"@type":"ListItem","position":1,"name":"Home","item":"https:\/\/tourcruiser.com\/fr\/"},{"@type":"ListItem","position":2,"name":"Shop","item":"https:\/\/tourcruiser.com\/fr\/shop\/"},{"@type":"ListItem","position":3,"name":"(Grade School) Air Jordan 1 Retro High OG BG &#8216;Shattered Backboard 3.0&#8217; 575441-028"}]},{"@type":"WebSite","@id":"\/#website","url":"\/","name":"Styloral Jewelry Shop","description":"Tourcruiser Sneaker Store \u2014 L\u2019endroit o\u00f9 l\u2019univers rencontre votre singularit\u00e9.","publisher":{"@id":"\/#organization"},"potentialAction":[{"@type":"SearchAction","target":{"@type":"EntryPoint","urlTemplate":"\/?s={search_term_string}"},"query-input":{"@type":"PropertyValueSpecification","valueRequired":true,"valueName":"search_term_string"}}],"inLanguage":"fr-FR"},{"@type":"Organization","@id":"\/#organization","name":"STYLORAL PTE. LTD","url":"\/","logo":{"@type":"ImageObject","inLanguage":"fr-FR","@id":"\/#\/schema\/logo\/image\/","url":"https:\/\/www.tourcruiser.com\/wp-content\/uploads\/2025\/12\/logo.png","contentUrl":"https:\/\/www.tourcruiser.com\/wp-content\/uploads\/2025\/12\/logo.png","width":200,"height":65,"caption":"STYLORAL PTE. LTD"},"image":{"@id":"\/#\/schema\/logo\/image\/"}}]}},"_links":{"self":[{"href":"https:\/\/tourcruiser.com\/fr\/wp-json\/wp\/v2\/product\/770452","targetHints":{"allow":["GET"]}}],"collection":[{"href":"https:\/\/tourcruiser.com\/fr\/wp-json\/wp\/v2\/product"}],"about":[{"href":"https:\/\/tourcruiser.com\/fr\/wp-json\/wp\/v2\/types\/product"}],"replies":[{"embeddable":true,"href":"https:\/\/tourcruiser.com\/fr\/wp-json\/wp\/v2\/comments?post=770452"}],"wp:featuredmedia":[{"embeddable":true,"href":"https:\/\/tourcruiser.com\/fr\/wp-json\/wp\/v2\/media\/770453"}],"wp:attachment":[{"href":"https:\/\/tourcruiser.com\/fr\/wp-json\/wp\/v2\/media?parent=770452"}],"wp:term":[{"taxonomy":"product_brand","embeddable":true,"href":"https:\/\/tourcruiser.com\/fr\/wp-json\/wp\/v2\/product_brand?post=770452"},{"taxonomy":"product_cat","embeddable":true,"href":"https:\/\/tourcruiser.com\/fr\/wp-json\/wp\/v2\/product_cat?post=770452"},{"taxonomy":"product_tag","embeddable":true,"href":"https:\/\/tourcruiser.com\/fr\/wp-json\/wp\/v2\/product_tag?post=770452"}],"curies":[{"name":"wp","href":"https:\/\/api.w.org\/{rel}","templated":true}]}}