{"id":770368,"date":"2026-04-16T17:14:12","date_gmt":"2026-04-16T10:14:12","guid":{"rendered":"http:\/\/tourcruiser.com\/product\/air-jordan-1-mid-true-blue-dq8426-014"},"modified":"2026-04-17T23:03:32","modified_gmt":"2026-04-17T16:03:32","slug":"air-jordan-1-mid-true-blue-dq8426-014","status":"publish","type":"product","link":"https:\/\/tourcruiser.com\/fr\/products\/air-jordan-1-mid-true-blue-dq8426-014\/","title":{"rendered":"Air Jordan 1 Mid &lsquo;True Blue&rsquo; DQ8426-014"},"content":{"rendered":"<p>D\u00e9couvrez la Air Jordan 1 Mid True Blue de la c\u00e9l\u00e8bre marque Jordan. Cette sneaker allie style et confort dans un bleu authentique, ce qui en fait un ajout parfait \u00e0 toute collection. Confectionn\u00e9e \u00e0 partir de mat\u00e9riaux haut de gamme, elle offre durabilit\u00e9 et maintien optimal. Affirmez votre style avec la Air Jordan 1 Mid True Blue.<\/p>\n<p>Coloris\u00a0: Gris ciment\/Blanc-Bleu v\u00e9ritable<br \/>\nCode article\u00a0: DQ8426-014<br \/>\nTige\u00a0: Cuir<br \/>\nSemelle interm\u00e9diaire\u00a0: Air<br \/>\nCouleur\u00a0: Blanc<br \/>\nDesigner\u00a0: Peter Moore<br \/>\nSaison\u00a0: Hiver<br \/>\nAnn\u00e9e de sortie\u00a0: 2022<br \/>\n\u00c2ge\u00a0: Adulte<br \/>\nCouleur\u00a0: Bleu marine\/Gris clair-Blanc<br \/>\nGenre\u00a0: Homme<\/p>\n","protected":false},"excerpt":{"rendered":"<p>D\u00e9couvrez la Air Jordan 1 Mid True Blue de la c\u00e9l\u00e8bre marque Jordan. Cette sneaker allie style et confort dans un bleu authentique, ce qui en fait un ajout parfait \u00e0 toute collection. Confectionn\u00e9e \u00e0 partir de mat\u00e9riaux haut de gamme, elle offre durabilit\u00e9 et maintien optimal. Affirmez votre style avec la Air Jordan 1 [&hellip;]<\/p>\n","protected":false},"featured_media":770369,"comment_status":"open","ping_status":"closed","template":"","meta":[],"product_brand":[],"product_cat":[38880],"product_tag":[10750,38861,38841,38975,38842,10776,11349,38875,10756],"class_list":{"0":"post-770368","1":"product","2":"type-product","3":"status-publish","4":"has-post-thumbnail","6":"product_cat-jordan","7":"product_tag-athleisure-shoes","8":"product_tag-below-retail-price","9":"product_tag-casual-shoes","10":"product_tag-casual-shoes-basketball-inspired","11":"product_tag-gift-idea-for-him","12":"product_tag-jordan","13":"product_tag-jordan-basketball-shoes","14":"product_tag-jordan-skateboard-shoes","15":"product_tag-retro-casual-shoes","17":"first","18":"instock","19":"taxable","20":"shipping-taxable","21":"purchasable","22":"product-type-simple"},"wcpa_form_fields":null,"yoast_head":"<!-- This site is optimized with the Yoast SEO plugin v26.5 - https:\/\/yoast.com\/wordpress\/plugins\/seo\/ -->\n<title>Air Jordan 1 Mid &#039;True Blue&#039; DQ8426-014 - TOURCRUISER PTE. LTD<\/title>\n<meta name=\"robots\" content=\"index, follow, max-snippet:-1, max-image-preview:large, max-video-preview:-1\" \/>\n<link rel=\"canonical\" href=\"https:\/\/tourcruiser.com\/fr\/products\/air-jordan-1-mid-true-blue-dq8426-014\/\" \/>\n<meta property=\"og:locale\" content=\"fr_FR\" \/>\n<meta property=\"og:type\" content=\"article\" \/>\n<meta property=\"og:title\" content=\"Air Jordan 1 Mid &#039;True Blue&#039; DQ8426-014 - TOURCRUISER PTE. LTD\" \/>\n<meta property=\"og:description\" content=\"D\u00e9couvrez la Air Jordan 1 Mid True Blue de la c\u00e9l\u00e8bre marque Jordan. Cette sneaker allie style et confort dans un bleu authentique, ce qui en fait un ajout parfait \u00e0 toute collection. Confectionn\u00e9e \u00e0 partir de mat\u00e9riaux haut de gamme, elle offre durabilit\u00e9 et maintien optimal. Affirmez votre style avec la Air Jordan 1 [&hellip;]\" \/>\n<meta property=\"og:url\" content=\"https:\/\/tourcruiser.com\/fr\/products\/air-jordan-1-mid-true-blue-dq8426-014\/\" \/>\n<meta property=\"og:site_name\" content=\"Tourcruiser Sneaker Store\" \/>\n<meta property=\"article:modified_time\" content=\"2026-04-17T16:03:32+00:00\" \/>\n<meta name=\"twitter:card\" content=\"summary_large_image\" \/>\n<meta name=\"twitter:image\" content=\"https:\/\/images.novelship.com\/product\/air_jordan_1_mid__true_blue__dq8426_014_0_80478.jpeg;https:\/\/images.novelship.com\/product\/air_jordan_1_mid__true_blue__dq8426_014_1_80478.jpeg;https:\/\/images.novelship.com\/product\/air_jordan_1_mid__true_blue__dq8426_014_2_80478.jpeg;https:\/\/images.novelship.com\/product\/air_jordan_1_mid__true_blue__dq8426_014_3_80478.jpeg;https:\/\/images.novelship.com\/product\/air_jordan_1_mid__true_blue__dq8426_014_4_80478.jpeg;https:\/\/images.novelship.com\/product\/air_jordan_1_mid__true_blue__dq8426_014_5_80478.jpeg;https:\/\/images.novelship.com\/product\/air_jordan_1_mid__true_blue__dq8426_014_6_80478.jpeg;https:\/\/images.novelship.com\/product\/air_jordan_1_mid__true_blue__dq8426_014_7_80478.jpeg\" \/>\n<script type=\"application\/ld+json\" class=\"yoast-schema-graph\">{\"@context\":\"https:\/\/schema.org\",\"@graph\":[{\"@type\":\"WebPage\",\"@id\":\"https:\/\/tourcruiser.com\/fr\/products\/air-jordan-1-mid-true-blue-dq8426-014\/\",\"url\":\"https:\/\/tourcruiser.com\/fr\/products\/air-jordan-1-mid-true-blue-dq8426-014\/\",\"name\":\"Air Jordan 1 Mid 'True Blue' DQ8426-014 - TOURCRUISER PTE. LTD\",\"isPartOf\":{\"@id\":\"\/#website\"},\"primaryImageOfPage\":{\"@id\":\"https:\/\/tourcruiser.com\/fr\/products\/air-jordan-1-mid-true-blue-dq8426-014\/#primaryimage\"},\"image\":{\"@id\":\"https:\/\/tourcruiser.com\/fr\/products\/air-jordan-1-mid-true-blue-dq8426-014\/#primaryimage\"},\"thumbnailUrl\":\"https:\/\/images.novelship.com\/product\/air_jordan_1_mid__true_blue__dq8426_014_0_80478.jpeg;https:\/\/images.novelship.com\/product\/air_jordan_1_mid__true_blue__dq8426_014_1_80478.jpeg;https:\/\/images.novelship.com\/product\/air_jordan_1_mid__true_blue__dq8426_014_2_80478.jpeg;https:\/\/images.novelship.com\/product\/air_jordan_1_mid__true_blue__dq8426_014_3_80478.jpeg;https:\/\/images.novelship.com\/product\/air_jordan_1_mid__true_blue__dq8426_014_4_80478.jpeg;https:\/\/images.novelship.com\/product\/air_jordan_1_mid__true_blue__dq8426_014_5_80478.jpeg;https:\/\/images.novelship.com\/product\/air_jordan_1_mid__true_blue__dq8426_014_6_80478.jpeg;https:\/\/images.novelship.com\/product\/air_jordan_1_mid__true_blue__dq8426_014_7_80478.jpeg\",\"datePublished\":\"2026-04-16T10:14:12+00:00\",\"dateModified\":\"2026-04-17T16:03:32+00:00\",\"breadcrumb\":{\"@id\":\"https:\/\/tourcruiser.com\/fr\/products\/air-jordan-1-mid-true-blue-dq8426-014\/#breadcrumb\"},\"inLanguage\":\"fr-FR\",\"potentialAction\":[{\"@type\":\"ReadAction\",\"target\":[\"https:\/\/tourcruiser.com\/fr\/products\/air-jordan-1-mid-true-blue-dq8426-014\/\"]}]},{\"@type\":\"ImageObject\",\"inLanguage\":\"fr-FR\",\"@id\":\"https:\/\/tourcruiser.com\/fr\/products\/air-jordan-1-mid-true-blue-dq8426-014\/#primaryimage\",\"url\":\"https:\/\/images.novelship.com\/product\/air_jordan_1_mid__true_blue__dq8426_014_0_80478.jpeg;https:\/\/images.novelship.com\/product\/air_jordan_1_mid__true_blue__dq8426_014_1_80478.jpeg;https:\/\/images.novelship.com\/product\/air_jordan_1_mid__true_blue__dq8426_014_2_80478.jpeg;https:\/\/images.novelship.com\/product\/air_jordan_1_mid__true_blue__dq8426_014_3_80478.jpeg;https:\/\/images.novelship.com\/product\/air_jordan_1_mid__true_blue__dq8426_014_4_80478.jpeg;https:\/\/images.novelship.com\/product\/air_jordan_1_mid__true_blue__dq8426_014_5_80478.jpeg;https:\/\/images.novelship.com\/product\/air_jordan_1_mid__true_blue__dq8426_014_6_80478.jpeg;https:\/\/images.novelship.com\/product\/air_jordan_1_mid__true_blue__dq8426_014_7_80478.jpeg\",\"contentUrl\":\"https:\/\/images.novelship.com\/product\/air_jordan_1_mid__true_blue__dq8426_014_0_80478.jpeg;https:\/\/images.novelship.com\/product\/air_jordan_1_mid__true_blue__dq8426_014_1_80478.jpeg;https:\/\/images.novelship.com\/product\/air_jordan_1_mid__true_blue__dq8426_014_2_80478.jpeg;https:\/\/images.novelship.com\/product\/air_jordan_1_mid__true_blue__dq8426_014_3_80478.jpeg;https:\/\/images.novelship.com\/product\/air_jordan_1_mid__true_blue__dq8426_014_4_80478.jpeg;https:\/\/images.novelship.com\/product\/air_jordan_1_mid__true_blue__dq8426_014_5_80478.jpeg;https:\/\/images.novelship.com\/product\/air_jordan_1_mid__true_blue__dq8426_014_6_80478.jpeg;https:\/\/images.novelship.com\/product\/air_jordan_1_mid__true_blue__dq8426_014_7_80478.jpeg\"},{\"@type\":\"BreadcrumbList\",\"@id\":\"https:\/\/tourcruiser.com\/fr\/products\/air-jordan-1-mid-true-blue-dq8426-014\/#breadcrumb\",\"itemListElement\":[{\"@type\":\"ListItem\",\"position\":1,\"name\":\"Home\",\"item\":\"https:\/\/tourcruiser.com\/fr\/\"},{\"@type\":\"ListItem\",\"position\":2,\"name\":\"Shop\",\"item\":\"https:\/\/tourcruiser.com\/fr\/shop\/\"},{\"@type\":\"ListItem\",\"position\":3,\"name\":\"Air Jordan 1 Mid &#8216;True Blue&#8217; DQ8426-014\"}]},{\"@type\":\"WebSite\",\"@id\":\"\/#website\",\"url\":\"\/\",\"name\":\"Styloral Jewelry Shop\",\"description\":\"Tourcruiser Sneaker Store \u2014 L\u2019endroit o\u00f9 l\u2019univers rencontre votre singularit\u00e9.\",\"publisher\":{\"@id\":\"\/#organization\"},\"potentialAction\":[{\"@type\":\"SearchAction\",\"target\":{\"@type\":\"EntryPoint\",\"urlTemplate\":\"\/?s={search_term_string}\"},\"query-input\":{\"@type\":\"PropertyValueSpecification\",\"valueRequired\":true,\"valueName\":\"search_term_string\"}}],\"inLanguage\":\"fr-FR\"},{\"@type\":\"Organization\",\"@id\":\"\/#organization\",\"name\":\"STYLORAL PTE. LTD\",\"url\":\"\/\",\"logo\":{\"@type\":\"ImageObject\",\"inLanguage\":\"fr-FR\",\"@id\":\"\/#\/schema\/logo\/image\/\",\"url\":\"https:\/\/www.tourcruiser.com\/wp-content\/uploads\/2025\/12\/logo.png\",\"contentUrl\":\"https:\/\/www.tourcruiser.com\/wp-content\/uploads\/2025\/12\/logo.png\",\"width\":200,\"height\":65,\"caption\":\"STYLORAL PTE. LTD\"},\"image\":{\"@id\":\"\/#\/schema\/logo\/image\/\"}}]}<\/script>\n<!-- \/ Yoast SEO plugin. -->","yoast_head_json":{"title":"Air Jordan 1 Mid 'True Blue' DQ8426-014 - TOURCRUISER PTE. LTD","robots":{"index":"index","follow":"follow","max-snippet":"max-snippet:-1","max-image-preview":"max-image-preview:large","max-video-preview":"max-video-preview:-1"},"canonical":"https:\/\/tourcruiser.com\/fr\/products\/air-jordan-1-mid-true-blue-dq8426-014\/","og_locale":"fr_FR","og_type":"article","og_title":"Air Jordan 1 Mid 'True Blue' DQ8426-014 - TOURCRUISER PTE. LTD","og_description":"D\u00e9couvrez la Air Jordan 1 Mid True Blue de la c\u00e9l\u00e8bre marque Jordan. Cette sneaker allie style et confort dans un bleu authentique, ce qui en fait un ajout parfait \u00e0 toute collection. Confectionn\u00e9e \u00e0 partir de mat\u00e9riaux haut de gamme, elle offre durabilit\u00e9 et maintien optimal. Affirmez votre style avec la Air Jordan 1 [&hellip;]","og_url":"https:\/\/tourcruiser.com\/fr\/products\/air-jordan-1-mid-true-blue-dq8426-014\/","og_site_name":"Tourcruiser Sneaker Store","article_modified_time":"2026-04-17T16:03:32+00:00","twitter_card":"summary_large_image","twitter_image":"https:\/\/images.novelship.com\/product\/air_jordan_1_mid__true_blue__dq8426_014_0_80478.jpeg;https:\/\/images.novelship.com\/product\/air_jordan_1_mid__true_blue__dq8426_014_1_80478.jpeg;https:\/\/images.novelship.com\/product\/air_jordan_1_mid__true_blue__dq8426_014_2_80478.jpeg;https:\/\/images.novelship.com\/product\/air_jordan_1_mid__true_blue__dq8426_014_3_80478.jpeg;https:\/\/images.novelship.com\/product\/air_jordan_1_mid__true_blue__dq8426_014_4_80478.jpeg;https:\/\/images.novelship.com\/product\/air_jordan_1_mid__true_blue__dq8426_014_5_80478.jpeg;https:\/\/images.novelship.com\/product\/air_jordan_1_mid__true_blue__dq8426_014_6_80478.jpeg;https:\/\/images.novelship.com\/product\/air_jordan_1_mid__true_blue__dq8426_014_7_80478.jpeg","schema":{"@context":"https:\/\/schema.org","@graph":[{"@type":"WebPage","@id":"https:\/\/tourcruiser.com\/fr\/products\/air-jordan-1-mid-true-blue-dq8426-014\/","url":"https:\/\/tourcruiser.com\/fr\/products\/air-jordan-1-mid-true-blue-dq8426-014\/","name":"Air Jordan 1 Mid 'True Blue' DQ8426-014 - TOURCRUISER PTE. LTD","isPartOf":{"@id":"\/#website"},"primaryImageOfPage":{"@id":"https:\/\/tourcruiser.com\/fr\/products\/air-jordan-1-mid-true-blue-dq8426-014\/#primaryimage"},"image":{"@id":"https:\/\/tourcruiser.com\/fr\/products\/air-jordan-1-mid-true-blue-dq8426-014\/#primaryimage"},"thumbnailUrl":"https:\/\/images.novelship.com\/product\/air_jordan_1_mid__true_blue__dq8426_014_0_80478.jpeg;https:\/\/images.novelship.com\/product\/air_jordan_1_mid__true_blue__dq8426_014_1_80478.jpeg;https:\/\/images.novelship.com\/product\/air_jordan_1_mid__true_blue__dq8426_014_2_80478.jpeg;https:\/\/images.novelship.com\/product\/air_jordan_1_mid__true_blue__dq8426_014_3_80478.jpeg;https:\/\/images.novelship.com\/product\/air_jordan_1_mid__true_blue__dq8426_014_4_80478.jpeg;https:\/\/images.novelship.com\/product\/air_jordan_1_mid__true_blue__dq8426_014_5_80478.jpeg;https:\/\/images.novelship.com\/product\/air_jordan_1_mid__true_blue__dq8426_014_6_80478.jpeg;https:\/\/images.novelship.com\/product\/air_jordan_1_mid__true_blue__dq8426_014_7_80478.jpeg","datePublished":"2026-04-16T10:14:12+00:00","dateModified":"2026-04-17T16:03:32+00:00","breadcrumb":{"@id":"https:\/\/tourcruiser.com\/fr\/products\/air-jordan-1-mid-true-blue-dq8426-014\/#breadcrumb"},"inLanguage":"fr-FR","potentialAction":[{"@type":"ReadAction","target":["https:\/\/tourcruiser.com\/fr\/products\/air-jordan-1-mid-true-blue-dq8426-014\/"]}]},{"@type":"ImageObject","inLanguage":"fr-FR","@id":"https:\/\/tourcruiser.com\/fr\/products\/air-jordan-1-mid-true-blue-dq8426-014\/#primaryimage","url":"https:\/\/images.novelship.com\/product\/air_jordan_1_mid__true_blue__dq8426_014_0_80478.jpeg;https:\/\/images.novelship.com\/product\/air_jordan_1_mid__true_blue__dq8426_014_1_80478.jpeg;https:\/\/images.novelship.com\/product\/air_jordan_1_mid__true_blue__dq8426_014_2_80478.jpeg;https:\/\/images.novelship.com\/product\/air_jordan_1_mid__true_blue__dq8426_014_3_80478.jpeg;https:\/\/images.novelship.com\/product\/air_jordan_1_mid__true_blue__dq8426_014_4_80478.jpeg;https:\/\/images.novelship.com\/product\/air_jordan_1_mid__true_blue__dq8426_014_5_80478.jpeg;https:\/\/images.novelship.com\/product\/air_jordan_1_mid__true_blue__dq8426_014_6_80478.jpeg;https:\/\/images.novelship.com\/product\/air_jordan_1_mid__true_blue__dq8426_014_7_80478.jpeg","contentUrl":"https:\/\/images.novelship.com\/product\/air_jordan_1_mid__true_blue__dq8426_014_0_80478.jpeg;https:\/\/images.novelship.com\/product\/air_jordan_1_mid__true_blue__dq8426_014_1_80478.jpeg;https:\/\/images.novelship.com\/product\/air_jordan_1_mid__true_blue__dq8426_014_2_80478.jpeg;https:\/\/images.novelship.com\/product\/air_jordan_1_mid__true_blue__dq8426_014_3_80478.jpeg;https:\/\/images.novelship.com\/product\/air_jordan_1_mid__true_blue__dq8426_014_4_80478.jpeg;https:\/\/images.novelship.com\/product\/air_jordan_1_mid__true_blue__dq8426_014_5_80478.jpeg;https:\/\/images.novelship.com\/product\/air_jordan_1_mid__true_blue__dq8426_014_6_80478.jpeg;https:\/\/images.novelship.com\/product\/air_jordan_1_mid__true_blue__dq8426_014_7_80478.jpeg"},{"@type":"BreadcrumbList","@id":"https:\/\/tourcruiser.com\/fr\/products\/air-jordan-1-mid-true-blue-dq8426-014\/#breadcrumb","itemListElement":[{"@type":"ListItem","position":1,"name":"Home","item":"https:\/\/tourcruiser.com\/fr\/"},{"@type":"ListItem","position":2,"name":"Shop","item":"https:\/\/tourcruiser.com\/fr\/shop\/"},{"@type":"ListItem","position":3,"name":"Air Jordan 1 Mid &#8216;True Blue&#8217; DQ8426-014"}]},{"@type":"WebSite","@id":"\/#website","url":"\/","name":"Styloral Jewelry Shop","description":"Tourcruiser Sneaker Store \u2014 L\u2019endroit o\u00f9 l\u2019univers rencontre votre singularit\u00e9.","publisher":{"@id":"\/#organization"},"potentialAction":[{"@type":"SearchAction","target":{"@type":"EntryPoint","urlTemplate":"\/?s={search_term_string}"},"query-input":{"@type":"PropertyValueSpecification","valueRequired":true,"valueName":"search_term_string"}}],"inLanguage":"fr-FR"},{"@type":"Organization","@id":"\/#organization","name":"STYLORAL PTE. LTD","url":"\/","logo":{"@type":"ImageObject","inLanguage":"fr-FR","@id":"\/#\/schema\/logo\/image\/","url":"https:\/\/www.tourcruiser.com\/wp-content\/uploads\/2025\/12\/logo.png","contentUrl":"https:\/\/www.tourcruiser.com\/wp-content\/uploads\/2025\/12\/logo.png","width":200,"height":65,"caption":"STYLORAL PTE. LTD"},"image":{"@id":"\/#\/schema\/logo\/image\/"}}]}},"_links":{"self":[{"href":"https:\/\/tourcruiser.com\/fr\/wp-json\/wp\/v2\/product\/770368","targetHints":{"allow":["GET"]}}],"collection":[{"href":"https:\/\/tourcruiser.com\/fr\/wp-json\/wp\/v2\/product"}],"about":[{"href":"https:\/\/tourcruiser.com\/fr\/wp-json\/wp\/v2\/types\/product"}],"replies":[{"embeddable":true,"href":"https:\/\/tourcruiser.com\/fr\/wp-json\/wp\/v2\/comments?post=770368"}],"wp:featuredmedia":[{"embeddable":true,"href":"https:\/\/tourcruiser.com\/fr\/wp-json\/wp\/v2\/media\/770369"}],"wp:attachment":[{"href":"https:\/\/tourcruiser.com\/fr\/wp-json\/wp\/v2\/media?parent=770368"}],"wp:term":[{"taxonomy":"product_brand","embeddable":true,"href":"https:\/\/tourcruiser.com\/fr\/wp-json\/wp\/v2\/product_brand?post=770368"},{"taxonomy":"product_cat","embeddable":true,"href":"https:\/\/tourcruiser.com\/fr\/wp-json\/wp\/v2\/product_cat?post=770368"},{"taxonomy":"product_tag","embeddable":true,"href":"https:\/\/tourcruiser.com\/fr\/wp-json\/wp\/v2\/product_tag?post=770368"}],"curies":[{"name":"wp","href":"https:\/\/api.w.org\/{rel}","templated":true}]}}