{"id":770303,"date":"2026-04-16T17:14:10","date_gmt":"2026-04-16T10:14:10","guid":{"rendered":"http:\/\/tourcruiser.com\/product\/grade-school-air-jordan-1-low-smoke-grey-553560-039"},"modified":"2026-04-17T23:03:29","modified_gmt":"2026-04-17T16:03:29","slug":"grade-school-air-jordan-1-low-smoke-grey-553560-039","status":"publish","type":"product","link":"https:\/\/tourcruiser.com\/fr\/products\/grade-school-air-jordan-1-low-smoke-grey-553560-039\/","title":{"rendered":"(Grade School) Air Jordan 1 Low &lsquo;Smoke Grey&rsquo; 553560-039"},"content":{"rendered":"<p>La Air Jordan 1 Low Smoke Grey (GS) de Jordan est id\u00e9ale pour les jeunes qui recherchent style et confort. Son coloris gris lui conf\u00e8re une allure sophistiqu\u00e9e, tandis que son design iconique et le nom de la marque garantissent son authenticit\u00e9. Surnomm\u00e9e Smoke Grey, elle apporte une touche unique \u00e0 votre style et vous permet de profiter de la qualit\u00e9 Jordan incomparable.<\/p>\n<p>Coloris\u00a0: Noir\/Noir-Gris clair-Blanc<\/p>\n<p>Code article\u00a0: 553560-039<\/p>\n<p>Tige\u00a0: Cuir<\/p>\n<p>Semelle interm\u00e9diaire\u00a0: Air<\/p>\n<p>Couleur\u00a0: Noir<\/p>\n<p>Designer\u00a0: Peter Moore<\/p>\n<p>Saison\u00a0: Hiver<\/p>\n<p>Ann\u00e9e de sortie\u00a0: 2020<\/p>\n<p>\u00c2ge\u00a0: Adulte<\/p>\n<p>Coloris\u00a0: Blanc nuage\/Noir\/Blanc nuage<\/p>\n<p>Genre\u00a0: Jeune<\/p>\n","protected":false},"excerpt":{"rendered":"<p>La Air Jordan 1 Low Smoke Grey (GS) de Jordan est id\u00e9ale pour les jeunes qui recherchent style et confort. Son coloris gris lui conf\u00e8re une allure sophistiqu\u00e9e, tandis que son design iconique et le nom de la marque garantissent son authenticit\u00e9. Surnomm\u00e9e Smoke Grey, elle apporte une touche unique \u00e0 votre style et vous [&hellip;]<\/p>\n","protected":false},"featured_media":770304,"comment_status":"open","ping_status":"closed","template":"","meta":[],"product_brand":[],"product_cat":[38880],"product_tag":[10750,10800,38841,39257,38874,10776,11349,38875,10756,38902],"class_list":{"0":"post-770303","1":"product","2":"type-product","3":"status-publish","4":"has-post-thumbnail","6":"product_cat-jordan","7":"product_tag-athleisure-shoes","8":"product_tag-basketball-shoes","9":"product_tag-casual-shoes","10":"product_tag-casual-shoes-inspired-by-basketball","11":"product_tag-hari-raya-gs","12":"product_tag-jordan","13":"product_tag-jordan-basketball-shoes","14":"product_tag-jordan-skateboard-shoes","15":"product_tag-retro-casual-shoes","16":"product_tag-trendy-offers","18":"first","19":"instock","20":"taxable","21":"shipping-taxable","22":"purchasable","23":"product-type-simple"},"wcpa_form_fields":null,"yoast_head":"<!-- This site is optimized with the Yoast SEO plugin v26.5 - https:\/\/yoast.com\/wordpress\/plugins\/seo\/ -->\n<title>(Grade School) Air Jordan 1 Low &#039;Smoke Grey&#039; 553560-039 - TOURCRUISER PTE. LTD<\/title>\n<meta name=\"robots\" content=\"index, follow, max-snippet:-1, max-image-preview:large, max-video-preview:-1\" \/>\n<link rel=\"canonical\" href=\"https:\/\/tourcruiser.com\/fr\/products\/grade-school-air-jordan-1-low-smoke-grey-553560-039\/\" \/>\n<meta property=\"og:locale\" content=\"fr_FR\" \/>\n<meta property=\"og:type\" content=\"article\" \/>\n<meta property=\"og:title\" content=\"(Grade School) Air Jordan 1 Low &#039;Smoke Grey&#039; 553560-039 - TOURCRUISER PTE. LTD\" \/>\n<meta property=\"og:description\" content=\"La Air Jordan 1 Low Smoke Grey (GS) de Jordan est id\u00e9ale pour les jeunes qui recherchent style et confort. Son coloris gris lui conf\u00e8re une allure sophistiqu\u00e9e, tandis que son design iconique et le nom de la marque garantissent son authenticit\u00e9. Surnomm\u00e9e Smoke Grey, elle apporte une touche unique \u00e0 votre style et vous [&hellip;]\" \/>\n<meta property=\"og:url\" content=\"https:\/\/tourcruiser.com\/fr\/products\/grade-school-air-jordan-1-low-smoke-grey-553560-039\/\" \/>\n<meta property=\"og:site_name\" content=\"Tourcruiser Sneaker Store\" \/>\n<meta property=\"article:modified_time\" content=\"2026-04-17T16:03:29+00:00\" \/>\n<meta name=\"twitter:card\" content=\"summary_large_image\" \/>\n<meta name=\"twitter:image\" content=\"https:\/\/images.novelship.com\/product\/_grade_school__air_jordan_1_low__smoke_grey__55356_0_68358.jpeg;https:\/\/images.novelship.com\/product\/_grade_school__air_jordan_1_low__smoke_grey__55356_1_68358.jpeg;https:\/\/images.novelship.com\/product\/_grade_school__air_jordan_1_low__smoke_grey__55356_2_68358.jpeg;https:\/\/images.novelship.com\/product\/_grade_school__air_jordan_1_low__smoke_grey__55356_3_68358.jpeg;https:\/\/images.novelship.com\/product\/_grade_school__air_jordan_1_low__smoke_grey__55356_4_68358.jpeg;https:\/\/images.novelship.com\/product\/_grade_school__air_jordan_1_low__smoke_grey__55356_5_68358.jpeg;https:\/\/images.novelship.com\/product\/_grade_school__air_jordan_1_low__smoke_grey__55356_6_68358.jpeg;https:\/\/images.novelship.com\/product\/_grade_school__air_jordan_1_low__smoke_grey__55356_7_68358.jpeg\" \/>\n<script type=\"application\/ld+json\" class=\"yoast-schema-graph\">{\"@context\":\"https:\/\/schema.org\",\"@graph\":[{\"@type\":\"WebPage\",\"@id\":\"https:\/\/tourcruiser.com\/fr\/products\/grade-school-air-jordan-1-low-smoke-grey-553560-039\/\",\"url\":\"https:\/\/tourcruiser.com\/fr\/products\/grade-school-air-jordan-1-low-smoke-grey-553560-039\/\",\"name\":\"(Grade School) Air Jordan 1 Low 'Smoke Grey' 553560-039 - TOURCRUISER PTE. LTD\",\"isPartOf\":{\"@id\":\"\/#website\"},\"primaryImageOfPage\":{\"@id\":\"https:\/\/tourcruiser.com\/fr\/products\/grade-school-air-jordan-1-low-smoke-grey-553560-039\/#primaryimage\"},\"image\":{\"@id\":\"https:\/\/tourcruiser.com\/fr\/products\/grade-school-air-jordan-1-low-smoke-grey-553560-039\/#primaryimage\"},\"thumbnailUrl\":\"https:\/\/images.novelship.com\/product\/_grade_school__air_jordan_1_low__smoke_grey__55356_0_68358.jpeg;https:\/\/images.novelship.com\/product\/_grade_school__air_jordan_1_low__smoke_grey__55356_1_68358.jpeg;https:\/\/images.novelship.com\/product\/_grade_school__air_jordan_1_low__smoke_grey__55356_2_68358.jpeg;https:\/\/images.novelship.com\/product\/_grade_school__air_jordan_1_low__smoke_grey__55356_3_68358.jpeg;https:\/\/images.novelship.com\/product\/_grade_school__air_jordan_1_low__smoke_grey__55356_4_68358.jpeg;https:\/\/images.novelship.com\/product\/_grade_school__air_jordan_1_low__smoke_grey__55356_5_68358.jpeg;https:\/\/images.novelship.com\/product\/_grade_school__air_jordan_1_low__smoke_grey__55356_6_68358.jpeg;https:\/\/images.novelship.com\/product\/_grade_school__air_jordan_1_low__smoke_grey__55356_7_68358.jpeg\",\"datePublished\":\"2026-04-16T10:14:10+00:00\",\"dateModified\":\"2026-04-17T16:03:29+00:00\",\"breadcrumb\":{\"@id\":\"https:\/\/tourcruiser.com\/fr\/products\/grade-school-air-jordan-1-low-smoke-grey-553560-039\/#breadcrumb\"},\"inLanguage\":\"fr-FR\",\"potentialAction\":[{\"@type\":\"ReadAction\",\"target\":[\"https:\/\/tourcruiser.com\/fr\/products\/grade-school-air-jordan-1-low-smoke-grey-553560-039\/\"]}]},{\"@type\":\"ImageObject\",\"inLanguage\":\"fr-FR\",\"@id\":\"https:\/\/tourcruiser.com\/fr\/products\/grade-school-air-jordan-1-low-smoke-grey-553560-039\/#primaryimage\",\"url\":\"https:\/\/images.novelship.com\/product\/_grade_school__air_jordan_1_low__smoke_grey__55356_0_68358.jpeg;https:\/\/images.novelship.com\/product\/_grade_school__air_jordan_1_low__smoke_grey__55356_1_68358.jpeg;https:\/\/images.novelship.com\/product\/_grade_school__air_jordan_1_low__smoke_grey__55356_2_68358.jpeg;https:\/\/images.novelship.com\/product\/_grade_school__air_jordan_1_low__smoke_grey__55356_3_68358.jpeg;https:\/\/images.novelship.com\/product\/_grade_school__air_jordan_1_low__smoke_grey__55356_4_68358.jpeg;https:\/\/images.novelship.com\/product\/_grade_school__air_jordan_1_low__smoke_grey__55356_5_68358.jpeg;https:\/\/images.novelship.com\/product\/_grade_school__air_jordan_1_low__smoke_grey__55356_6_68358.jpeg;https:\/\/images.novelship.com\/product\/_grade_school__air_jordan_1_low__smoke_grey__55356_7_68358.jpeg\",\"contentUrl\":\"https:\/\/images.novelship.com\/product\/_grade_school__air_jordan_1_low__smoke_grey__55356_0_68358.jpeg;https:\/\/images.novelship.com\/product\/_grade_school__air_jordan_1_low__smoke_grey__55356_1_68358.jpeg;https:\/\/images.novelship.com\/product\/_grade_school__air_jordan_1_low__smoke_grey__55356_2_68358.jpeg;https:\/\/images.novelship.com\/product\/_grade_school__air_jordan_1_low__smoke_grey__55356_3_68358.jpeg;https:\/\/images.novelship.com\/product\/_grade_school__air_jordan_1_low__smoke_grey__55356_4_68358.jpeg;https:\/\/images.novelship.com\/product\/_grade_school__air_jordan_1_low__smoke_grey__55356_5_68358.jpeg;https:\/\/images.novelship.com\/product\/_grade_school__air_jordan_1_low__smoke_grey__55356_6_68358.jpeg;https:\/\/images.novelship.com\/product\/_grade_school__air_jordan_1_low__smoke_grey__55356_7_68358.jpeg\"},{\"@type\":\"BreadcrumbList\",\"@id\":\"https:\/\/tourcruiser.com\/fr\/products\/grade-school-air-jordan-1-low-smoke-grey-553560-039\/#breadcrumb\",\"itemListElement\":[{\"@type\":\"ListItem\",\"position\":1,\"name\":\"Home\",\"item\":\"https:\/\/tourcruiser.com\/fr\/\"},{\"@type\":\"ListItem\",\"position\":2,\"name\":\"Shop\",\"item\":\"https:\/\/tourcruiser.com\/fr\/shop\/\"},{\"@type\":\"ListItem\",\"position\":3,\"name\":\"(Grade School) Air Jordan 1 Low &#8216;Smoke Grey&#8217; 553560-039\"}]},{\"@type\":\"WebSite\",\"@id\":\"\/#website\",\"url\":\"\/\",\"name\":\"Styloral Jewelry Shop\",\"description\":\"Tourcruiser Sneaker Store \u2014 L\u2019endroit o\u00f9 l\u2019univers rencontre votre singularit\u00e9.\",\"publisher\":{\"@id\":\"\/#organization\"},\"potentialAction\":[{\"@type\":\"SearchAction\",\"target\":{\"@type\":\"EntryPoint\",\"urlTemplate\":\"\/?s={search_term_string}\"},\"query-input\":{\"@type\":\"PropertyValueSpecification\",\"valueRequired\":true,\"valueName\":\"search_term_string\"}}],\"inLanguage\":\"fr-FR\"},{\"@type\":\"Organization\",\"@id\":\"\/#organization\",\"name\":\"STYLORAL PTE. LTD\",\"url\":\"\/\",\"logo\":{\"@type\":\"ImageObject\",\"inLanguage\":\"fr-FR\",\"@id\":\"\/#\/schema\/logo\/image\/\",\"url\":\"https:\/\/www.tourcruiser.com\/wp-content\/uploads\/2025\/12\/logo.png\",\"contentUrl\":\"https:\/\/www.tourcruiser.com\/wp-content\/uploads\/2025\/12\/logo.png\",\"width\":200,\"height\":65,\"caption\":\"STYLORAL PTE. LTD\"},\"image\":{\"@id\":\"\/#\/schema\/logo\/image\/\"}}]}<\/script>\n<!-- \/ Yoast SEO plugin. -->","yoast_head_json":{"title":"(Grade School) Air Jordan 1 Low 'Smoke Grey' 553560-039 - TOURCRUISER PTE. LTD","robots":{"index":"index","follow":"follow","max-snippet":"max-snippet:-1","max-image-preview":"max-image-preview:large","max-video-preview":"max-video-preview:-1"},"canonical":"https:\/\/tourcruiser.com\/fr\/products\/grade-school-air-jordan-1-low-smoke-grey-553560-039\/","og_locale":"fr_FR","og_type":"article","og_title":"(Grade School) Air Jordan 1 Low 'Smoke Grey' 553560-039 - TOURCRUISER PTE. LTD","og_description":"La Air Jordan 1 Low Smoke Grey (GS) de Jordan est id\u00e9ale pour les jeunes qui recherchent style et confort. Son coloris gris lui conf\u00e8re une allure sophistiqu\u00e9e, tandis que son design iconique et le nom de la marque garantissent son authenticit\u00e9. Surnomm\u00e9e Smoke Grey, elle apporte une touche unique \u00e0 votre style et vous [&hellip;]","og_url":"https:\/\/tourcruiser.com\/fr\/products\/grade-school-air-jordan-1-low-smoke-grey-553560-039\/","og_site_name":"Tourcruiser Sneaker Store","article_modified_time":"2026-04-17T16:03:29+00:00","twitter_card":"summary_large_image","twitter_image":"https:\/\/images.novelship.com\/product\/_grade_school__air_jordan_1_low__smoke_grey__55356_0_68358.jpeg;https:\/\/images.novelship.com\/product\/_grade_school__air_jordan_1_low__smoke_grey__55356_1_68358.jpeg;https:\/\/images.novelship.com\/product\/_grade_school__air_jordan_1_low__smoke_grey__55356_2_68358.jpeg;https:\/\/images.novelship.com\/product\/_grade_school__air_jordan_1_low__smoke_grey__55356_3_68358.jpeg;https:\/\/images.novelship.com\/product\/_grade_school__air_jordan_1_low__smoke_grey__55356_4_68358.jpeg;https:\/\/images.novelship.com\/product\/_grade_school__air_jordan_1_low__smoke_grey__55356_5_68358.jpeg;https:\/\/images.novelship.com\/product\/_grade_school__air_jordan_1_low__smoke_grey__55356_6_68358.jpeg;https:\/\/images.novelship.com\/product\/_grade_school__air_jordan_1_low__smoke_grey__55356_7_68358.jpeg","schema":{"@context":"https:\/\/schema.org","@graph":[{"@type":"WebPage","@id":"https:\/\/tourcruiser.com\/fr\/products\/grade-school-air-jordan-1-low-smoke-grey-553560-039\/","url":"https:\/\/tourcruiser.com\/fr\/products\/grade-school-air-jordan-1-low-smoke-grey-553560-039\/","name":"(Grade School) Air Jordan 1 Low 'Smoke Grey' 553560-039 - TOURCRUISER PTE. LTD","isPartOf":{"@id":"\/#website"},"primaryImageOfPage":{"@id":"https:\/\/tourcruiser.com\/fr\/products\/grade-school-air-jordan-1-low-smoke-grey-553560-039\/#primaryimage"},"image":{"@id":"https:\/\/tourcruiser.com\/fr\/products\/grade-school-air-jordan-1-low-smoke-grey-553560-039\/#primaryimage"},"thumbnailUrl":"https:\/\/images.novelship.com\/product\/_grade_school__air_jordan_1_low__smoke_grey__55356_0_68358.jpeg;https:\/\/images.novelship.com\/product\/_grade_school__air_jordan_1_low__smoke_grey__55356_1_68358.jpeg;https:\/\/images.novelship.com\/product\/_grade_school__air_jordan_1_low__smoke_grey__55356_2_68358.jpeg;https:\/\/images.novelship.com\/product\/_grade_school__air_jordan_1_low__smoke_grey__55356_3_68358.jpeg;https:\/\/images.novelship.com\/product\/_grade_school__air_jordan_1_low__smoke_grey__55356_4_68358.jpeg;https:\/\/images.novelship.com\/product\/_grade_school__air_jordan_1_low__smoke_grey__55356_5_68358.jpeg;https:\/\/images.novelship.com\/product\/_grade_school__air_jordan_1_low__smoke_grey__55356_6_68358.jpeg;https:\/\/images.novelship.com\/product\/_grade_school__air_jordan_1_low__smoke_grey__55356_7_68358.jpeg","datePublished":"2026-04-16T10:14:10+00:00","dateModified":"2026-04-17T16:03:29+00:00","breadcrumb":{"@id":"https:\/\/tourcruiser.com\/fr\/products\/grade-school-air-jordan-1-low-smoke-grey-553560-039\/#breadcrumb"},"inLanguage":"fr-FR","potentialAction":[{"@type":"ReadAction","target":["https:\/\/tourcruiser.com\/fr\/products\/grade-school-air-jordan-1-low-smoke-grey-553560-039\/"]}]},{"@type":"ImageObject","inLanguage":"fr-FR","@id":"https:\/\/tourcruiser.com\/fr\/products\/grade-school-air-jordan-1-low-smoke-grey-553560-039\/#primaryimage","url":"https:\/\/images.novelship.com\/product\/_grade_school__air_jordan_1_low__smoke_grey__55356_0_68358.jpeg;https:\/\/images.novelship.com\/product\/_grade_school__air_jordan_1_low__smoke_grey__55356_1_68358.jpeg;https:\/\/images.novelship.com\/product\/_grade_school__air_jordan_1_low__smoke_grey__55356_2_68358.jpeg;https:\/\/images.novelship.com\/product\/_grade_school__air_jordan_1_low__smoke_grey__55356_3_68358.jpeg;https:\/\/images.novelship.com\/product\/_grade_school__air_jordan_1_low__smoke_grey__55356_4_68358.jpeg;https:\/\/images.novelship.com\/product\/_grade_school__air_jordan_1_low__smoke_grey__55356_5_68358.jpeg;https:\/\/images.novelship.com\/product\/_grade_school__air_jordan_1_low__smoke_grey__55356_6_68358.jpeg;https:\/\/images.novelship.com\/product\/_grade_school__air_jordan_1_low__smoke_grey__55356_7_68358.jpeg","contentUrl":"https:\/\/images.novelship.com\/product\/_grade_school__air_jordan_1_low__smoke_grey__55356_0_68358.jpeg;https:\/\/images.novelship.com\/product\/_grade_school__air_jordan_1_low__smoke_grey__55356_1_68358.jpeg;https:\/\/images.novelship.com\/product\/_grade_school__air_jordan_1_low__smoke_grey__55356_2_68358.jpeg;https:\/\/images.novelship.com\/product\/_grade_school__air_jordan_1_low__smoke_grey__55356_3_68358.jpeg;https:\/\/images.novelship.com\/product\/_grade_school__air_jordan_1_low__smoke_grey__55356_4_68358.jpeg;https:\/\/images.novelship.com\/product\/_grade_school__air_jordan_1_low__smoke_grey__55356_5_68358.jpeg;https:\/\/images.novelship.com\/product\/_grade_school__air_jordan_1_low__smoke_grey__55356_6_68358.jpeg;https:\/\/images.novelship.com\/product\/_grade_school__air_jordan_1_low__smoke_grey__55356_7_68358.jpeg"},{"@type":"BreadcrumbList","@id":"https:\/\/tourcruiser.com\/fr\/products\/grade-school-air-jordan-1-low-smoke-grey-553560-039\/#breadcrumb","itemListElement":[{"@type":"ListItem","position":1,"name":"Home","item":"https:\/\/tourcruiser.com\/fr\/"},{"@type":"ListItem","position":2,"name":"Shop","item":"https:\/\/tourcruiser.com\/fr\/shop\/"},{"@type":"ListItem","position":3,"name":"(Grade School) Air Jordan 1 Low &#8216;Smoke Grey&#8217; 553560-039"}]},{"@type":"WebSite","@id":"\/#website","url":"\/","name":"Styloral Jewelry Shop","description":"Tourcruiser Sneaker Store \u2014 L\u2019endroit o\u00f9 l\u2019univers rencontre votre singularit\u00e9.","publisher":{"@id":"\/#organization"},"potentialAction":[{"@type":"SearchAction","target":{"@type":"EntryPoint","urlTemplate":"\/?s={search_term_string}"},"query-input":{"@type":"PropertyValueSpecification","valueRequired":true,"valueName":"search_term_string"}}],"inLanguage":"fr-FR"},{"@type":"Organization","@id":"\/#organization","name":"STYLORAL PTE. LTD","url":"\/","logo":{"@type":"ImageObject","inLanguage":"fr-FR","@id":"\/#\/schema\/logo\/image\/","url":"https:\/\/www.tourcruiser.com\/wp-content\/uploads\/2025\/12\/logo.png","contentUrl":"https:\/\/www.tourcruiser.com\/wp-content\/uploads\/2025\/12\/logo.png","width":200,"height":65,"caption":"STYLORAL PTE. LTD"},"image":{"@id":"\/#\/schema\/logo\/image\/"}}]}},"_links":{"self":[{"href":"https:\/\/tourcruiser.com\/fr\/wp-json\/wp\/v2\/product\/770303","targetHints":{"allow":["GET"]}}],"collection":[{"href":"https:\/\/tourcruiser.com\/fr\/wp-json\/wp\/v2\/product"}],"about":[{"href":"https:\/\/tourcruiser.com\/fr\/wp-json\/wp\/v2\/types\/product"}],"replies":[{"embeddable":true,"href":"https:\/\/tourcruiser.com\/fr\/wp-json\/wp\/v2\/comments?post=770303"}],"wp:featuredmedia":[{"embeddable":true,"href":"https:\/\/tourcruiser.com\/fr\/wp-json\/wp\/v2\/media\/770304"}],"wp:attachment":[{"href":"https:\/\/tourcruiser.com\/fr\/wp-json\/wp\/v2\/media?parent=770303"}],"wp:term":[{"taxonomy":"product_brand","embeddable":true,"href":"https:\/\/tourcruiser.com\/fr\/wp-json\/wp\/v2\/product_brand?post=770303"},{"taxonomy":"product_cat","embeddable":true,"href":"https:\/\/tourcruiser.com\/fr\/wp-json\/wp\/v2\/product_cat?post=770303"},{"taxonomy":"product_tag","embeddable":true,"href":"https:\/\/tourcruiser.com\/fr\/wp-json\/wp\/v2\/product_tag?post=770303"}],"curies":[{"name":"wp","href":"https:\/\/api.w.org\/{rel}","templated":true}]}}