{"id":770206,"date":"2026-04-16T17:14:07","date_gmt":"2026-04-16T10:14:07","guid":{"rendered":"http:\/\/tourcruiser.com\/product\/grade-school-air-jordan-4-retro-infrared-408452-061"},"modified":"2026-04-17T23:03:23","modified_gmt":"2026-04-17T16:03:23","slug":"grade-school-air-jordan-4-retro-infrared-408452-061","status":"publish","type":"product","link":"https:\/\/tourcruiser.com\/fr\/products\/grade-school-air-jordan-4-retro-infrared-408452-061\/","title":{"rendered":"(Grade School) Air Jordan 4 Retro &lsquo;Infrared&rsquo; 408452-061"},"content":{"rendered":"<p>Les sneakers Air Jordan 4 Retro Infrared (GS) de Jordan sont un classique incontournable pour les fans de sneakers. Ces chaussures iconiques s\u00e9duisent par leur design \u00e9l\u00e9gant, avec une empeigne noire et des d\u00e9tails rouges contrastants. Confortables et r\u00e9sistantes, elles sont parfaites au quotidien. Compl\u00e9tez votre collection de sneakers avec les Air Jordan 4 Retro Infrared (GS).<\/p>\n<p>Coloris\u00a0: Gris fonc\u00e9\/Infrarouge 23\/Noir<\/p>\n<p>Code article\u00a0: 408452-061<br \/>\nEmpeigne\u00a0: Cuir nubuck<br \/>\nSemelle interm\u00e9diaire\u00a0: Air<\/p>\n<p>Couleur\u00a0: Noir<\/p>\n<p>Designer\u00a0: Tinker Hatfield<\/p>\n<p>Saison\u00a0: Hiver<br \/>\nAnn\u00e9e de sortie\u00a0: 2022<\/p>\n<p>\u00c2ge\u00a0: Adulte<br \/>\nCouleur\u00a0: Voile\/Kaki\/Lait de coco\/Brun clair<br \/>\nGenre\u00a0: Enfant<\/p>\n","protected":false},"excerpt":{"rendered":"<p>Les sneakers Air Jordan 4 Retro Infrared (GS) de Jordan sont un classique incontournable pour les fans de sneakers. Ces chaussures iconiques s\u00e9duisent par leur design \u00e9l\u00e9gant, avec une empeigne noire et des d\u00e9tails rouges contrastants. Confortables et r\u00e9sistantes, elles sont parfaites au quotidien. Compl\u00e9tez votre collection de sneakers avec les Air Jordan 4 Retro [&hellip;]<\/p>\n","protected":false},"featured_media":770207,"comment_status":"open","ping_status":"closed","template":"","meta":[],"product_brand":[],"product_cat":[38880],"product_tag":[10750,38861,38988,10776,11349,38875,10756,39039],"class_list":{"0":"post-770206","1":"product","2":"type-product","3":"status-publish","4":"has-post-thumbnail","6":"product_cat-jordan","7":"product_tag-athleisure-shoes","8":"product_tag-below-retail-price","9":"product_tag-casual-shoes-for-kids","10":"product_tag-jordan","11":"product_tag-jordan-basketball-shoes","12":"product_tag-jordan-skateboard-shoes","13":"product_tag-retro-casual-shoes","14":"product_tag-sneakers-for-kids","16":"first","17":"instock","18":"taxable","19":"shipping-taxable","20":"purchasable","21":"product-type-simple"},"wcpa_form_fields":null,"yoast_head":"<!-- This site is optimized with the Yoast SEO plugin v26.5 - https:\/\/yoast.com\/wordpress\/plugins\/seo\/ -->\n<title>(Grade School) Air Jordan 4 Retro &#039;Infrared&#039; 408452-061 - TOURCRUISER PTE. LTD<\/title>\n<meta name=\"robots\" content=\"index, follow, max-snippet:-1, max-image-preview:large, max-video-preview:-1\" \/>\n<link rel=\"canonical\" href=\"https:\/\/tourcruiser.com\/fr\/products\/grade-school-air-jordan-4-retro-infrared-408452-061\/\" \/>\n<meta property=\"og:locale\" content=\"fr_FR\" \/>\n<meta property=\"og:type\" content=\"article\" \/>\n<meta property=\"og:title\" content=\"(Grade School) Air Jordan 4 Retro &#039;Infrared&#039; 408452-061 - TOURCRUISER PTE. LTD\" \/>\n<meta property=\"og:description\" content=\"Les sneakers Air Jordan 4 Retro Infrared (GS) de Jordan sont un classique incontournable pour les fans de sneakers. Ces chaussures iconiques s\u00e9duisent par leur design \u00e9l\u00e9gant, avec une empeigne noire et des d\u00e9tails rouges contrastants. Confortables et r\u00e9sistantes, elles sont parfaites au quotidien. Compl\u00e9tez votre collection de sneakers avec les Air Jordan 4 Retro [&hellip;]\" \/>\n<meta property=\"og:url\" content=\"https:\/\/tourcruiser.com\/fr\/products\/grade-school-air-jordan-4-retro-infrared-408452-061\/\" \/>\n<meta property=\"og:site_name\" content=\"Tourcruiser Sneaker Store\" \/>\n<meta property=\"article:modified_time\" content=\"2026-04-17T16:03:23+00:00\" \/>\n<meta name=\"twitter:card\" content=\"summary_large_image\" \/>\n<meta name=\"twitter:image\" content=\"https:\/\/images.novelship.com\/product\/_grade_school__air_jordan_4_retro__infrared__40845_0_37312.jpeg;https:\/\/images.novelship.com\/product\/_grade_school__air_jordan_4_retro__infrared__40845_1_37312.jpeg;https:\/\/images.novelship.com\/product\/_grade_school__air_jordan_4_retro__infrared__40845_2_37312.jpeg;https:\/\/images.novelship.com\/product\/_grade_school__air_jordan_4_retro__infrared__40845_3_37312.jpeg;https:\/\/images.novelship.com\/product\/_grade_school__air_jordan_4_retro__infrared__40845_4_37312.jpeg;https:\/\/images.novelship.com\/product\/_grade_school__air_jordan_4_retro__infrared__40845_5_37312.jpeg\" \/>\n<script type=\"application\/ld+json\" class=\"yoast-schema-graph\">{\"@context\":\"https:\/\/schema.org\",\"@graph\":[{\"@type\":\"WebPage\",\"@id\":\"https:\/\/tourcruiser.com\/fr\/products\/grade-school-air-jordan-4-retro-infrared-408452-061\/\",\"url\":\"https:\/\/tourcruiser.com\/fr\/products\/grade-school-air-jordan-4-retro-infrared-408452-061\/\",\"name\":\"(Grade School) Air Jordan 4 Retro 'Infrared' 408452-061 - TOURCRUISER PTE. LTD\",\"isPartOf\":{\"@id\":\"\/#website\"},\"primaryImageOfPage\":{\"@id\":\"https:\/\/tourcruiser.com\/fr\/products\/grade-school-air-jordan-4-retro-infrared-408452-061\/#primaryimage\"},\"image\":{\"@id\":\"https:\/\/tourcruiser.com\/fr\/products\/grade-school-air-jordan-4-retro-infrared-408452-061\/#primaryimage\"},\"thumbnailUrl\":\"https:\/\/images.novelship.com\/product\/_grade_school__air_jordan_4_retro__infrared__40845_0_37312.jpeg;https:\/\/images.novelship.com\/product\/_grade_school__air_jordan_4_retro__infrared__40845_1_37312.jpeg;https:\/\/images.novelship.com\/product\/_grade_school__air_jordan_4_retro__infrared__40845_2_37312.jpeg;https:\/\/images.novelship.com\/product\/_grade_school__air_jordan_4_retro__infrared__40845_3_37312.jpeg;https:\/\/images.novelship.com\/product\/_grade_school__air_jordan_4_retro__infrared__40845_4_37312.jpeg;https:\/\/images.novelship.com\/product\/_grade_school__air_jordan_4_retro__infrared__40845_5_37312.jpeg\",\"datePublished\":\"2026-04-16T10:14:07+00:00\",\"dateModified\":\"2026-04-17T16:03:23+00:00\",\"breadcrumb\":{\"@id\":\"https:\/\/tourcruiser.com\/fr\/products\/grade-school-air-jordan-4-retro-infrared-408452-061\/#breadcrumb\"},\"inLanguage\":\"fr-FR\",\"potentialAction\":[{\"@type\":\"ReadAction\",\"target\":[\"https:\/\/tourcruiser.com\/fr\/products\/grade-school-air-jordan-4-retro-infrared-408452-061\/\"]}]},{\"@type\":\"ImageObject\",\"inLanguage\":\"fr-FR\",\"@id\":\"https:\/\/tourcruiser.com\/fr\/products\/grade-school-air-jordan-4-retro-infrared-408452-061\/#primaryimage\",\"url\":\"https:\/\/images.novelship.com\/product\/_grade_school__air_jordan_4_retro__infrared__40845_0_37312.jpeg;https:\/\/images.novelship.com\/product\/_grade_school__air_jordan_4_retro__infrared__40845_1_37312.jpeg;https:\/\/images.novelship.com\/product\/_grade_school__air_jordan_4_retro__infrared__40845_2_37312.jpeg;https:\/\/images.novelship.com\/product\/_grade_school__air_jordan_4_retro__infrared__40845_3_37312.jpeg;https:\/\/images.novelship.com\/product\/_grade_school__air_jordan_4_retro__infrared__40845_4_37312.jpeg;https:\/\/images.novelship.com\/product\/_grade_school__air_jordan_4_retro__infrared__40845_5_37312.jpeg\",\"contentUrl\":\"https:\/\/images.novelship.com\/product\/_grade_school__air_jordan_4_retro__infrared__40845_0_37312.jpeg;https:\/\/images.novelship.com\/product\/_grade_school__air_jordan_4_retro__infrared__40845_1_37312.jpeg;https:\/\/images.novelship.com\/product\/_grade_school__air_jordan_4_retro__infrared__40845_2_37312.jpeg;https:\/\/images.novelship.com\/product\/_grade_school__air_jordan_4_retro__infrared__40845_3_37312.jpeg;https:\/\/images.novelship.com\/product\/_grade_school__air_jordan_4_retro__infrared__40845_4_37312.jpeg;https:\/\/images.novelship.com\/product\/_grade_school__air_jordan_4_retro__infrared__40845_5_37312.jpeg\"},{\"@type\":\"BreadcrumbList\",\"@id\":\"https:\/\/tourcruiser.com\/fr\/products\/grade-school-air-jordan-4-retro-infrared-408452-061\/#breadcrumb\",\"itemListElement\":[{\"@type\":\"ListItem\",\"position\":1,\"name\":\"Home\",\"item\":\"https:\/\/tourcruiser.com\/fr\/\"},{\"@type\":\"ListItem\",\"position\":2,\"name\":\"Shop\",\"item\":\"https:\/\/tourcruiser.com\/fr\/shop\/\"},{\"@type\":\"ListItem\",\"position\":3,\"name\":\"(Grade School) Air Jordan 4 Retro &#8216;Infrared&#8217; 408452-061\"}]},{\"@type\":\"WebSite\",\"@id\":\"\/#website\",\"url\":\"\/\",\"name\":\"Styloral Jewelry Shop\",\"description\":\"Tourcruiser Sneaker Store \u2014 L\u2019endroit o\u00f9 l\u2019univers rencontre votre singularit\u00e9.\",\"publisher\":{\"@id\":\"\/#organization\"},\"potentialAction\":[{\"@type\":\"SearchAction\",\"target\":{\"@type\":\"EntryPoint\",\"urlTemplate\":\"\/?s={search_term_string}\"},\"query-input\":{\"@type\":\"PropertyValueSpecification\",\"valueRequired\":true,\"valueName\":\"search_term_string\"}}],\"inLanguage\":\"fr-FR\"},{\"@type\":\"Organization\",\"@id\":\"\/#organization\",\"name\":\"STYLORAL PTE. LTD\",\"url\":\"\/\",\"logo\":{\"@type\":\"ImageObject\",\"inLanguage\":\"fr-FR\",\"@id\":\"\/#\/schema\/logo\/image\/\",\"url\":\"https:\/\/www.tourcruiser.com\/wp-content\/uploads\/2025\/12\/logo.png\",\"contentUrl\":\"https:\/\/www.tourcruiser.com\/wp-content\/uploads\/2025\/12\/logo.png\",\"width\":200,\"height\":65,\"caption\":\"STYLORAL PTE. LTD\"},\"image\":{\"@id\":\"\/#\/schema\/logo\/image\/\"}}]}<\/script>\n<!-- \/ Yoast SEO plugin. -->","yoast_head_json":{"title":"(Grade School) Air Jordan 4 Retro 'Infrared' 408452-061 - TOURCRUISER PTE. LTD","robots":{"index":"index","follow":"follow","max-snippet":"max-snippet:-1","max-image-preview":"max-image-preview:large","max-video-preview":"max-video-preview:-1"},"canonical":"https:\/\/tourcruiser.com\/fr\/products\/grade-school-air-jordan-4-retro-infrared-408452-061\/","og_locale":"fr_FR","og_type":"article","og_title":"(Grade School) Air Jordan 4 Retro 'Infrared' 408452-061 - TOURCRUISER PTE. LTD","og_description":"Les sneakers Air Jordan 4 Retro Infrared (GS) de Jordan sont un classique incontournable pour les fans de sneakers. Ces chaussures iconiques s\u00e9duisent par leur design \u00e9l\u00e9gant, avec une empeigne noire et des d\u00e9tails rouges contrastants. Confortables et r\u00e9sistantes, elles sont parfaites au quotidien. Compl\u00e9tez votre collection de sneakers avec les Air Jordan 4 Retro [&hellip;]","og_url":"https:\/\/tourcruiser.com\/fr\/products\/grade-school-air-jordan-4-retro-infrared-408452-061\/","og_site_name":"Tourcruiser Sneaker Store","article_modified_time":"2026-04-17T16:03:23+00:00","twitter_card":"summary_large_image","twitter_image":"https:\/\/images.novelship.com\/product\/_grade_school__air_jordan_4_retro__infrared__40845_0_37312.jpeg;https:\/\/images.novelship.com\/product\/_grade_school__air_jordan_4_retro__infrared__40845_1_37312.jpeg;https:\/\/images.novelship.com\/product\/_grade_school__air_jordan_4_retro__infrared__40845_2_37312.jpeg;https:\/\/images.novelship.com\/product\/_grade_school__air_jordan_4_retro__infrared__40845_3_37312.jpeg;https:\/\/images.novelship.com\/product\/_grade_school__air_jordan_4_retro__infrared__40845_4_37312.jpeg;https:\/\/images.novelship.com\/product\/_grade_school__air_jordan_4_retro__infrared__40845_5_37312.jpeg","schema":{"@context":"https:\/\/schema.org","@graph":[{"@type":"WebPage","@id":"https:\/\/tourcruiser.com\/fr\/products\/grade-school-air-jordan-4-retro-infrared-408452-061\/","url":"https:\/\/tourcruiser.com\/fr\/products\/grade-school-air-jordan-4-retro-infrared-408452-061\/","name":"(Grade School) Air Jordan 4 Retro 'Infrared' 408452-061 - TOURCRUISER PTE. LTD","isPartOf":{"@id":"\/#website"},"primaryImageOfPage":{"@id":"https:\/\/tourcruiser.com\/fr\/products\/grade-school-air-jordan-4-retro-infrared-408452-061\/#primaryimage"},"image":{"@id":"https:\/\/tourcruiser.com\/fr\/products\/grade-school-air-jordan-4-retro-infrared-408452-061\/#primaryimage"},"thumbnailUrl":"https:\/\/images.novelship.com\/product\/_grade_school__air_jordan_4_retro__infrared__40845_0_37312.jpeg;https:\/\/images.novelship.com\/product\/_grade_school__air_jordan_4_retro__infrared__40845_1_37312.jpeg;https:\/\/images.novelship.com\/product\/_grade_school__air_jordan_4_retro__infrared__40845_2_37312.jpeg;https:\/\/images.novelship.com\/product\/_grade_school__air_jordan_4_retro__infrared__40845_3_37312.jpeg;https:\/\/images.novelship.com\/product\/_grade_school__air_jordan_4_retro__infrared__40845_4_37312.jpeg;https:\/\/images.novelship.com\/product\/_grade_school__air_jordan_4_retro__infrared__40845_5_37312.jpeg","datePublished":"2026-04-16T10:14:07+00:00","dateModified":"2026-04-17T16:03:23+00:00","breadcrumb":{"@id":"https:\/\/tourcruiser.com\/fr\/products\/grade-school-air-jordan-4-retro-infrared-408452-061\/#breadcrumb"},"inLanguage":"fr-FR","potentialAction":[{"@type":"ReadAction","target":["https:\/\/tourcruiser.com\/fr\/products\/grade-school-air-jordan-4-retro-infrared-408452-061\/"]}]},{"@type":"ImageObject","inLanguage":"fr-FR","@id":"https:\/\/tourcruiser.com\/fr\/products\/grade-school-air-jordan-4-retro-infrared-408452-061\/#primaryimage","url":"https:\/\/images.novelship.com\/product\/_grade_school__air_jordan_4_retro__infrared__40845_0_37312.jpeg;https:\/\/images.novelship.com\/product\/_grade_school__air_jordan_4_retro__infrared__40845_1_37312.jpeg;https:\/\/images.novelship.com\/product\/_grade_school__air_jordan_4_retro__infrared__40845_2_37312.jpeg;https:\/\/images.novelship.com\/product\/_grade_school__air_jordan_4_retro__infrared__40845_3_37312.jpeg;https:\/\/images.novelship.com\/product\/_grade_school__air_jordan_4_retro__infrared__40845_4_37312.jpeg;https:\/\/images.novelship.com\/product\/_grade_school__air_jordan_4_retro__infrared__40845_5_37312.jpeg","contentUrl":"https:\/\/images.novelship.com\/product\/_grade_school__air_jordan_4_retro__infrared__40845_0_37312.jpeg;https:\/\/images.novelship.com\/product\/_grade_school__air_jordan_4_retro__infrared__40845_1_37312.jpeg;https:\/\/images.novelship.com\/product\/_grade_school__air_jordan_4_retro__infrared__40845_2_37312.jpeg;https:\/\/images.novelship.com\/product\/_grade_school__air_jordan_4_retro__infrared__40845_3_37312.jpeg;https:\/\/images.novelship.com\/product\/_grade_school__air_jordan_4_retro__infrared__40845_4_37312.jpeg;https:\/\/images.novelship.com\/product\/_grade_school__air_jordan_4_retro__infrared__40845_5_37312.jpeg"},{"@type":"BreadcrumbList","@id":"https:\/\/tourcruiser.com\/fr\/products\/grade-school-air-jordan-4-retro-infrared-408452-061\/#breadcrumb","itemListElement":[{"@type":"ListItem","position":1,"name":"Home","item":"https:\/\/tourcruiser.com\/fr\/"},{"@type":"ListItem","position":2,"name":"Shop","item":"https:\/\/tourcruiser.com\/fr\/shop\/"},{"@type":"ListItem","position":3,"name":"(Grade School) Air Jordan 4 Retro &#8216;Infrared&#8217; 408452-061"}]},{"@type":"WebSite","@id":"\/#website","url":"\/","name":"Styloral Jewelry Shop","description":"Tourcruiser Sneaker Store \u2014 L\u2019endroit o\u00f9 l\u2019univers rencontre votre singularit\u00e9.","publisher":{"@id":"\/#organization"},"potentialAction":[{"@type":"SearchAction","target":{"@type":"EntryPoint","urlTemplate":"\/?s={search_term_string}"},"query-input":{"@type":"PropertyValueSpecification","valueRequired":true,"valueName":"search_term_string"}}],"inLanguage":"fr-FR"},{"@type":"Organization","@id":"\/#organization","name":"STYLORAL PTE. LTD","url":"\/","logo":{"@type":"ImageObject","inLanguage":"fr-FR","@id":"\/#\/schema\/logo\/image\/","url":"https:\/\/www.tourcruiser.com\/wp-content\/uploads\/2025\/12\/logo.png","contentUrl":"https:\/\/www.tourcruiser.com\/wp-content\/uploads\/2025\/12\/logo.png","width":200,"height":65,"caption":"STYLORAL PTE. LTD"},"image":{"@id":"\/#\/schema\/logo\/image\/"}}]}},"_links":{"self":[{"href":"https:\/\/tourcruiser.com\/fr\/wp-json\/wp\/v2\/product\/770206","targetHints":{"allow":["GET"]}}],"collection":[{"href":"https:\/\/tourcruiser.com\/fr\/wp-json\/wp\/v2\/product"}],"about":[{"href":"https:\/\/tourcruiser.com\/fr\/wp-json\/wp\/v2\/types\/product"}],"replies":[{"embeddable":true,"href":"https:\/\/tourcruiser.com\/fr\/wp-json\/wp\/v2\/comments?post=770206"}],"wp:featuredmedia":[{"embeddable":true,"href":"https:\/\/tourcruiser.com\/fr\/wp-json\/wp\/v2\/media\/770207"}],"wp:attachment":[{"href":"https:\/\/tourcruiser.com\/fr\/wp-json\/wp\/v2\/media?parent=770206"}],"wp:term":[{"taxonomy":"product_brand","embeddable":true,"href":"https:\/\/tourcruiser.com\/fr\/wp-json\/wp\/v2\/product_brand?post=770206"},{"taxonomy":"product_cat","embeddable":true,"href":"https:\/\/tourcruiser.com\/fr\/wp-json\/wp\/v2\/product_cat?post=770206"},{"taxonomy":"product_tag","embeddable":true,"href":"https:\/\/tourcruiser.com\/fr\/wp-json\/wp\/v2\/product_tag?post=770206"}],"curies":[{"name":"wp","href":"https:\/\/api.w.org\/{rel}","templated":true}]}}