{"id":770197,"date":"2026-04-16T17:14:06","date_gmt":"2026-04-16T10:14:06","guid":{"rendered":"http:\/\/tourcruiser.com\/product\/grade-school-air-jordan-3-retro-midnight-navy-dm0967-140"},"modified":"2026-04-17T23:03:22","modified_gmt":"2026-04-17T16:03:22","slug":"grade-school-air-jordan-3-retro-midnight-navy-dm0967-140","status":"publish","type":"product","link":"https:\/\/tourcruiser.com\/fr\/products\/grade-school-air-jordan-3-retro-midnight-navy-dm0967-140\/","title":{"rendered":"(Grade School) Air Jordan 3 Retro &lsquo;Midnight Navy&rsquo; DM0967-140"},"content":{"rendered":"<p>Affirmez le style de votre petit fan de sneakers avec la l\u00e9gendaire Air Jordan 3 Retro \u00ab\u00a0Midnight Navy\u00a0\u00bb. Ces sneakers enfant sont confectionn\u00e9es en cuir premium et arborent une combinaison classique de bleu marine et de blanc. Le logo Jumpman iconique orne le talon, tandis que l&rsquo;unit\u00e9 Air visible assure un confort optimal tout au long de la journ\u00e9e. Parfaites pour les jeunes sportifs et les enfants soucieux de leur style, ces sneakers deviendront vite la pi\u00e8ce ma\u00eetresse de toute garde-robe.<\/p>\n<p>Coloris\u00a0: Blanc\/Bleu marine &#8211; Gris ciment &#8211; Noir<\/p>\n<p>R\u00e9f\u00e9rence\u00a0: DM0967-140<\/p>\n<p>Tige\u00a0: Cuir<\/p>\n<p>Semelle interm\u00e9diaire\u00a0: Air<\/p>\n<p>Couleur\u00a0: Blanc<\/p>\n<p>Cr\u00e9ateur\u00a0: Tinker Hatfield<\/p>\n<p>Ann\u00e9e de sortie\u00a0: 2024<\/p>\n<p>\u00c2ge\u00a0: Adulte<\/p>\n<p>Couleur\u00a0: Gris fonc\u00e9\/Infrarouge 23\/Noir<\/p>\n<p>Genre\u00a0: Enfant<\/p>\n","protected":false},"excerpt":{"rendered":"<p>Affirmez le style de votre petit fan de sneakers avec la l\u00e9gendaire Air Jordan 3 Retro \u00ab\u00a0Midnight Navy\u00a0\u00bb. Ces sneakers enfant sont confectionn\u00e9es en cuir premium et arborent une combinaison classique de bleu marine et de blanc. Le logo Jumpman iconique orne le talon, tandis que l&rsquo;unit\u00e9 Air visible assure un confort optimal tout au [&hellip;]<\/p>\n","protected":false},"featured_media":770198,"comment_status":"open","ping_status":"closed","template":"","meta":[],"product_brand":[],"product_cat":[38880],"product_tag":[10750,38861,38988,10776,10756,39039],"class_list":{"0":"post-770197","1":"product","2":"type-product","3":"status-publish","4":"has-post-thumbnail","6":"product_cat-jordan","7":"product_tag-athleisure-shoes","8":"product_tag-below-retail-price","9":"product_tag-casual-shoes-for-kids","10":"product_tag-jordan","11":"product_tag-retro-casual-shoes","12":"product_tag-sneakers-for-kids","14":"first","15":"instock","16":"taxable","17":"shipping-taxable","18":"purchasable","19":"product-type-simple"},"wcpa_form_fields":null,"yoast_head":"<!-- This site is optimized with the Yoast SEO plugin v26.5 - https:\/\/yoast.com\/wordpress\/plugins\/seo\/ -->\n<title>(Grade School) Air Jordan 3 Retro &#039;Midnight Navy&#039; DM0967-140 - TOURCRUISER PTE. LTD<\/title>\n<meta name=\"robots\" content=\"index, follow, max-snippet:-1, max-image-preview:large, max-video-preview:-1\" \/>\n<link rel=\"canonical\" href=\"https:\/\/tourcruiser.com\/fr\/products\/grade-school-air-jordan-3-retro-midnight-navy-dm0967-140\/\" \/>\n<meta property=\"og:locale\" content=\"fr_FR\" \/>\n<meta property=\"og:type\" content=\"article\" \/>\n<meta property=\"og:title\" content=\"(Grade School) Air Jordan 3 Retro &#039;Midnight Navy&#039; DM0967-140 - TOURCRUISER PTE. LTD\" \/>\n<meta property=\"og:description\" content=\"Affirmez le style de votre petit fan de sneakers avec la l\u00e9gendaire Air Jordan 3 Retro \u00ab\u00a0Midnight Navy\u00a0\u00bb. Ces sneakers enfant sont confectionn\u00e9es en cuir premium et arborent une combinaison classique de bleu marine et de blanc. Le logo Jumpman iconique orne le talon, tandis que l&rsquo;unit\u00e9 Air visible assure un confort optimal tout au [&hellip;]\" \/>\n<meta property=\"og:url\" content=\"https:\/\/tourcruiser.com\/fr\/products\/grade-school-air-jordan-3-retro-midnight-navy-dm0967-140\/\" \/>\n<meta property=\"og:site_name\" content=\"Tourcruiser Sneaker Store\" \/>\n<meta property=\"article:modified_time\" content=\"2026-04-17T16:03:22+00:00\" \/>\n<meta name=\"twitter:card\" content=\"summary_large_image\" \/>\n<meta name=\"twitter:image\" content=\"https:\/\/images.novelship.com\/product\/_grade_school__air_jordan_3_retro__midnight_navy___0_55429.jpeg;https:\/\/images.novelship.com\/product\/_grade_school__air_jordan_3_retro__midnight_navy___1_55429.jpeg;https:\/\/images.novelship.com\/product\/_grade_school__air_jordan_3_retro__midnight_navy___2_55429.jpeg;https:\/\/images.novelship.com\/product\/_grade_school__air_jordan_3_retro__midnight_navy___3_55429.jpeg;https:\/\/images.novelship.com\/product\/_grade_school__air_jordan_3_retro__midnight_navy___4_55429.jpeg;https:\/\/images.novelship.com\/product\/_grade_school__air_jordan_3_retro__midnight_navy___5_55429.jpeg;https:\/\/images.novelship.com\/product\/_grade_school__air_jordan_3_retro__midnight_navy___6_55429.jpeg;https:\/\/images.novelship.com\/product\/_grade_school__air_jordan_3_retro__midnight_navy___7_55429.jpeg\" \/>\n<meta name=\"twitter:label1\" content=\"Dur\u00e9e de lecture estim\u00e9e\" \/>\n\t<meta name=\"twitter:data1\" content=\"1 minute\" \/>\n<script type=\"application\/ld+json\" class=\"yoast-schema-graph\">{\"@context\":\"https:\/\/schema.org\",\"@graph\":[{\"@type\":\"WebPage\",\"@id\":\"https:\/\/tourcruiser.com\/fr\/products\/grade-school-air-jordan-3-retro-midnight-navy-dm0967-140\/\",\"url\":\"https:\/\/tourcruiser.com\/fr\/products\/grade-school-air-jordan-3-retro-midnight-navy-dm0967-140\/\",\"name\":\"(Grade School) Air Jordan 3 Retro 'Midnight Navy' DM0967-140 - TOURCRUISER PTE. LTD\",\"isPartOf\":{\"@id\":\"\/#website\"},\"primaryImageOfPage\":{\"@id\":\"https:\/\/tourcruiser.com\/fr\/products\/grade-school-air-jordan-3-retro-midnight-navy-dm0967-140\/#primaryimage\"},\"image\":{\"@id\":\"https:\/\/tourcruiser.com\/fr\/products\/grade-school-air-jordan-3-retro-midnight-navy-dm0967-140\/#primaryimage\"},\"thumbnailUrl\":\"https:\/\/images.novelship.com\/product\/_grade_school__air_jordan_3_retro__midnight_navy___0_55429.jpeg;https:\/\/images.novelship.com\/product\/_grade_school__air_jordan_3_retro__midnight_navy___1_55429.jpeg;https:\/\/images.novelship.com\/product\/_grade_school__air_jordan_3_retro__midnight_navy___2_55429.jpeg;https:\/\/images.novelship.com\/product\/_grade_school__air_jordan_3_retro__midnight_navy___3_55429.jpeg;https:\/\/images.novelship.com\/product\/_grade_school__air_jordan_3_retro__midnight_navy___4_55429.jpeg;https:\/\/images.novelship.com\/product\/_grade_school__air_jordan_3_retro__midnight_navy___5_55429.jpeg;https:\/\/images.novelship.com\/product\/_grade_school__air_jordan_3_retro__midnight_navy___6_55429.jpeg;https:\/\/images.novelship.com\/product\/_grade_school__air_jordan_3_retro__midnight_navy___7_55429.jpeg\",\"datePublished\":\"2026-04-16T10:14:06+00:00\",\"dateModified\":\"2026-04-17T16:03:22+00:00\",\"breadcrumb\":{\"@id\":\"https:\/\/tourcruiser.com\/fr\/products\/grade-school-air-jordan-3-retro-midnight-navy-dm0967-140\/#breadcrumb\"},\"inLanguage\":\"fr-FR\",\"potentialAction\":[{\"@type\":\"ReadAction\",\"target\":[\"https:\/\/tourcruiser.com\/fr\/products\/grade-school-air-jordan-3-retro-midnight-navy-dm0967-140\/\"]}]},{\"@type\":\"ImageObject\",\"inLanguage\":\"fr-FR\",\"@id\":\"https:\/\/tourcruiser.com\/fr\/products\/grade-school-air-jordan-3-retro-midnight-navy-dm0967-140\/#primaryimage\",\"url\":\"https:\/\/images.novelship.com\/product\/_grade_school__air_jordan_3_retro__midnight_navy___0_55429.jpeg;https:\/\/images.novelship.com\/product\/_grade_school__air_jordan_3_retro__midnight_navy___1_55429.jpeg;https:\/\/images.novelship.com\/product\/_grade_school__air_jordan_3_retro__midnight_navy___2_55429.jpeg;https:\/\/images.novelship.com\/product\/_grade_school__air_jordan_3_retro__midnight_navy___3_55429.jpeg;https:\/\/images.novelship.com\/product\/_grade_school__air_jordan_3_retro__midnight_navy___4_55429.jpeg;https:\/\/images.novelship.com\/product\/_grade_school__air_jordan_3_retro__midnight_navy___5_55429.jpeg;https:\/\/images.novelship.com\/product\/_grade_school__air_jordan_3_retro__midnight_navy___6_55429.jpeg;https:\/\/images.novelship.com\/product\/_grade_school__air_jordan_3_retro__midnight_navy___7_55429.jpeg\",\"contentUrl\":\"https:\/\/images.novelship.com\/product\/_grade_school__air_jordan_3_retro__midnight_navy___0_55429.jpeg;https:\/\/images.novelship.com\/product\/_grade_school__air_jordan_3_retro__midnight_navy___1_55429.jpeg;https:\/\/images.novelship.com\/product\/_grade_school__air_jordan_3_retro__midnight_navy___2_55429.jpeg;https:\/\/images.novelship.com\/product\/_grade_school__air_jordan_3_retro__midnight_navy___3_55429.jpeg;https:\/\/images.novelship.com\/product\/_grade_school__air_jordan_3_retro__midnight_navy___4_55429.jpeg;https:\/\/images.novelship.com\/product\/_grade_school__air_jordan_3_retro__midnight_navy___5_55429.jpeg;https:\/\/images.novelship.com\/product\/_grade_school__air_jordan_3_retro__midnight_navy___6_55429.jpeg;https:\/\/images.novelship.com\/product\/_grade_school__air_jordan_3_retro__midnight_navy___7_55429.jpeg\"},{\"@type\":\"BreadcrumbList\",\"@id\":\"https:\/\/tourcruiser.com\/fr\/products\/grade-school-air-jordan-3-retro-midnight-navy-dm0967-140\/#breadcrumb\",\"itemListElement\":[{\"@type\":\"ListItem\",\"position\":1,\"name\":\"Home\",\"item\":\"https:\/\/tourcruiser.com\/fr\/\"},{\"@type\":\"ListItem\",\"position\":2,\"name\":\"Shop\",\"item\":\"https:\/\/tourcruiser.com\/fr\/shop\/\"},{\"@type\":\"ListItem\",\"position\":3,\"name\":\"(Grade School) Air Jordan 3 Retro &#8216;Midnight Navy&#8217; DM0967-140\"}]},{\"@type\":\"WebSite\",\"@id\":\"\/#website\",\"url\":\"\/\",\"name\":\"Styloral Jewelry Shop\",\"description\":\"Tourcruiser Sneaker Store \u2014 L\u2019endroit o\u00f9 l\u2019univers rencontre votre singularit\u00e9.\",\"publisher\":{\"@id\":\"\/#organization\"},\"potentialAction\":[{\"@type\":\"SearchAction\",\"target\":{\"@type\":\"EntryPoint\",\"urlTemplate\":\"\/?s={search_term_string}\"},\"query-input\":{\"@type\":\"PropertyValueSpecification\",\"valueRequired\":true,\"valueName\":\"search_term_string\"}}],\"inLanguage\":\"fr-FR\"},{\"@type\":\"Organization\",\"@id\":\"\/#organization\",\"name\":\"STYLORAL PTE. LTD\",\"url\":\"\/\",\"logo\":{\"@type\":\"ImageObject\",\"inLanguage\":\"fr-FR\",\"@id\":\"\/#\/schema\/logo\/image\/\",\"url\":\"https:\/\/www.tourcruiser.com\/wp-content\/uploads\/2025\/12\/logo.png\",\"contentUrl\":\"https:\/\/www.tourcruiser.com\/wp-content\/uploads\/2025\/12\/logo.png\",\"width\":200,\"height\":65,\"caption\":\"STYLORAL PTE. LTD\"},\"image\":{\"@id\":\"\/#\/schema\/logo\/image\/\"}}]}<\/script>\n<!-- \/ Yoast SEO plugin. -->","yoast_head_json":{"title":"(Grade School) Air Jordan 3 Retro 'Midnight Navy' DM0967-140 - TOURCRUISER PTE. LTD","robots":{"index":"index","follow":"follow","max-snippet":"max-snippet:-1","max-image-preview":"max-image-preview:large","max-video-preview":"max-video-preview:-1"},"canonical":"https:\/\/tourcruiser.com\/fr\/products\/grade-school-air-jordan-3-retro-midnight-navy-dm0967-140\/","og_locale":"fr_FR","og_type":"article","og_title":"(Grade School) Air Jordan 3 Retro 'Midnight Navy' DM0967-140 - TOURCRUISER PTE. LTD","og_description":"Affirmez le style de votre petit fan de sneakers avec la l\u00e9gendaire Air Jordan 3 Retro \u00ab\u00a0Midnight Navy\u00a0\u00bb. Ces sneakers enfant sont confectionn\u00e9es en cuir premium et arborent une combinaison classique de bleu marine et de blanc. Le logo Jumpman iconique orne le talon, tandis que l&rsquo;unit\u00e9 Air visible assure un confort optimal tout au [&hellip;]","og_url":"https:\/\/tourcruiser.com\/fr\/products\/grade-school-air-jordan-3-retro-midnight-navy-dm0967-140\/","og_site_name":"Tourcruiser Sneaker Store","article_modified_time":"2026-04-17T16:03:22+00:00","twitter_card":"summary_large_image","twitter_image":"https:\/\/images.novelship.com\/product\/_grade_school__air_jordan_3_retro__midnight_navy___0_55429.jpeg;https:\/\/images.novelship.com\/product\/_grade_school__air_jordan_3_retro__midnight_navy___1_55429.jpeg;https:\/\/images.novelship.com\/product\/_grade_school__air_jordan_3_retro__midnight_navy___2_55429.jpeg;https:\/\/images.novelship.com\/product\/_grade_school__air_jordan_3_retro__midnight_navy___3_55429.jpeg;https:\/\/images.novelship.com\/product\/_grade_school__air_jordan_3_retro__midnight_navy___4_55429.jpeg;https:\/\/images.novelship.com\/product\/_grade_school__air_jordan_3_retro__midnight_navy___5_55429.jpeg;https:\/\/images.novelship.com\/product\/_grade_school__air_jordan_3_retro__midnight_navy___6_55429.jpeg;https:\/\/images.novelship.com\/product\/_grade_school__air_jordan_3_retro__midnight_navy___7_55429.jpeg","twitter_misc":{"Dur\u00e9e de lecture estim\u00e9e":"1 minute"},"schema":{"@context":"https:\/\/schema.org","@graph":[{"@type":"WebPage","@id":"https:\/\/tourcruiser.com\/fr\/products\/grade-school-air-jordan-3-retro-midnight-navy-dm0967-140\/","url":"https:\/\/tourcruiser.com\/fr\/products\/grade-school-air-jordan-3-retro-midnight-navy-dm0967-140\/","name":"(Grade School) Air Jordan 3 Retro 'Midnight Navy' DM0967-140 - TOURCRUISER PTE. LTD","isPartOf":{"@id":"\/#website"},"primaryImageOfPage":{"@id":"https:\/\/tourcruiser.com\/fr\/products\/grade-school-air-jordan-3-retro-midnight-navy-dm0967-140\/#primaryimage"},"image":{"@id":"https:\/\/tourcruiser.com\/fr\/products\/grade-school-air-jordan-3-retro-midnight-navy-dm0967-140\/#primaryimage"},"thumbnailUrl":"https:\/\/images.novelship.com\/product\/_grade_school__air_jordan_3_retro__midnight_navy___0_55429.jpeg;https:\/\/images.novelship.com\/product\/_grade_school__air_jordan_3_retro__midnight_navy___1_55429.jpeg;https:\/\/images.novelship.com\/product\/_grade_school__air_jordan_3_retro__midnight_navy___2_55429.jpeg;https:\/\/images.novelship.com\/product\/_grade_school__air_jordan_3_retro__midnight_navy___3_55429.jpeg;https:\/\/images.novelship.com\/product\/_grade_school__air_jordan_3_retro__midnight_navy___4_55429.jpeg;https:\/\/images.novelship.com\/product\/_grade_school__air_jordan_3_retro__midnight_navy___5_55429.jpeg;https:\/\/images.novelship.com\/product\/_grade_school__air_jordan_3_retro__midnight_navy___6_55429.jpeg;https:\/\/images.novelship.com\/product\/_grade_school__air_jordan_3_retro__midnight_navy___7_55429.jpeg","datePublished":"2026-04-16T10:14:06+00:00","dateModified":"2026-04-17T16:03:22+00:00","breadcrumb":{"@id":"https:\/\/tourcruiser.com\/fr\/products\/grade-school-air-jordan-3-retro-midnight-navy-dm0967-140\/#breadcrumb"},"inLanguage":"fr-FR","potentialAction":[{"@type":"ReadAction","target":["https:\/\/tourcruiser.com\/fr\/products\/grade-school-air-jordan-3-retro-midnight-navy-dm0967-140\/"]}]},{"@type":"ImageObject","inLanguage":"fr-FR","@id":"https:\/\/tourcruiser.com\/fr\/products\/grade-school-air-jordan-3-retro-midnight-navy-dm0967-140\/#primaryimage","url":"https:\/\/images.novelship.com\/product\/_grade_school__air_jordan_3_retro__midnight_navy___0_55429.jpeg;https:\/\/images.novelship.com\/product\/_grade_school__air_jordan_3_retro__midnight_navy___1_55429.jpeg;https:\/\/images.novelship.com\/product\/_grade_school__air_jordan_3_retro__midnight_navy___2_55429.jpeg;https:\/\/images.novelship.com\/product\/_grade_school__air_jordan_3_retro__midnight_navy___3_55429.jpeg;https:\/\/images.novelship.com\/product\/_grade_school__air_jordan_3_retro__midnight_navy___4_55429.jpeg;https:\/\/images.novelship.com\/product\/_grade_school__air_jordan_3_retro__midnight_navy___5_55429.jpeg;https:\/\/images.novelship.com\/product\/_grade_school__air_jordan_3_retro__midnight_navy___6_55429.jpeg;https:\/\/images.novelship.com\/product\/_grade_school__air_jordan_3_retro__midnight_navy___7_55429.jpeg","contentUrl":"https:\/\/images.novelship.com\/product\/_grade_school__air_jordan_3_retro__midnight_navy___0_55429.jpeg;https:\/\/images.novelship.com\/product\/_grade_school__air_jordan_3_retro__midnight_navy___1_55429.jpeg;https:\/\/images.novelship.com\/product\/_grade_school__air_jordan_3_retro__midnight_navy___2_55429.jpeg;https:\/\/images.novelship.com\/product\/_grade_school__air_jordan_3_retro__midnight_navy___3_55429.jpeg;https:\/\/images.novelship.com\/product\/_grade_school__air_jordan_3_retro__midnight_navy___4_55429.jpeg;https:\/\/images.novelship.com\/product\/_grade_school__air_jordan_3_retro__midnight_navy___5_55429.jpeg;https:\/\/images.novelship.com\/product\/_grade_school__air_jordan_3_retro__midnight_navy___6_55429.jpeg;https:\/\/images.novelship.com\/product\/_grade_school__air_jordan_3_retro__midnight_navy___7_55429.jpeg"},{"@type":"BreadcrumbList","@id":"https:\/\/tourcruiser.com\/fr\/products\/grade-school-air-jordan-3-retro-midnight-navy-dm0967-140\/#breadcrumb","itemListElement":[{"@type":"ListItem","position":1,"name":"Home","item":"https:\/\/tourcruiser.com\/fr\/"},{"@type":"ListItem","position":2,"name":"Shop","item":"https:\/\/tourcruiser.com\/fr\/shop\/"},{"@type":"ListItem","position":3,"name":"(Grade School) Air Jordan 3 Retro &#8216;Midnight Navy&#8217; DM0967-140"}]},{"@type":"WebSite","@id":"\/#website","url":"\/","name":"Styloral Jewelry Shop","description":"Tourcruiser Sneaker Store \u2014 L\u2019endroit o\u00f9 l\u2019univers rencontre votre singularit\u00e9.","publisher":{"@id":"\/#organization"},"potentialAction":[{"@type":"SearchAction","target":{"@type":"EntryPoint","urlTemplate":"\/?s={search_term_string}"},"query-input":{"@type":"PropertyValueSpecification","valueRequired":true,"valueName":"search_term_string"}}],"inLanguage":"fr-FR"},{"@type":"Organization","@id":"\/#organization","name":"STYLORAL PTE. LTD","url":"\/","logo":{"@type":"ImageObject","inLanguage":"fr-FR","@id":"\/#\/schema\/logo\/image\/","url":"https:\/\/www.tourcruiser.com\/wp-content\/uploads\/2025\/12\/logo.png","contentUrl":"https:\/\/www.tourcruiser.com\/wp-content\/uploads\/2025\/12\/logo.png","width":200,"height":65,"caption":"STYLORAL PTE. LTD"},"image":{"@id":"\/#\/schema\/logo\/image\/"}}]}},"_links":{"self":[{"href":"https:\/\/tourcruiser.com\/fr\/wp-json\/wp\/v2\/product\/770197","targetHints":{"allow":["GET"]}}],"collection":[{"href":"https:\/\/tourcruiser.com\/fr\/wp-json\/wp\/v2\/product"}],"about":[{"href":"https:\/\/tourcruiser.com\/fr\/wp-json\/wp\/v2\/types\/product"}],"replies":[{"embeddable":true,"href":"https:\/\/tourcruiser.com\/fr\/wp-json\/wp\/v2\/comments?post=770197"}],"wp:featuredmedia":[{"embeddable":true,"href":"https:\/\/tourcruiser.com\/fr\/wp-json\/wp\/v2\/media\/770198"}],"wp:attachment":[{"href":"https:\/\/tourcruiser.com\/fr\/wp-json\/wp\/v2\/media?parent=770197"}],"wp:term":[{"taxonomy":"product_brand","embeddable":true,"href":"https:\/\/tourcruiser.com\/fr\/wp-json\/wp\/v2\/product_brand?post=770197"},{"taxonomy":"product_cat","embeddable":true,"href":"https:\/\/tourcruiser.com\/fr\/wp-json\/wp\/v2\/product_cat?post=770197"},{"taxonomy":"product_tag","embeddable":true,"href":"https:\/\/tourcruiser.com\/fr\/wp-json\/wp\/v2\/product_tag?post=770197"}],"curies":[{"name":"wp","href":"https:\/\/api.w.org\/{rel}","templated":true}]}}