{"id":770161,"date":"2026-04-16T17:14:06","date_gmt":"2026-04-16T10:14:06","guid":{"rendered":"http:\/\/tourcruiser.com\/product\/just-don-x-air-jordan-legacy-312-hot-lava-aq4160-108"},"modified":"2026-04-17T23:03:20","modified_gmt":"2026-04-17T16:03:20","slug":"just-don-x-air-jordan-legacy-312-hot-lava-aq4160-108","status":"publish","type":"product","link":"https:\/\/tourcruiser.com\/fr\/products\/just-don-x-air-jordan-legacy-312-hot-lava-aq4160-108\/","title":{"rendered":"Just Don x Air Jordan Legacy 312 &lsquo;Hot Lava&rsquo; AQ4160-108"},"content":{"rendered":"<p>Les sneakers Just Don x Air Jordan Legacy 312 Hot Lava sont le fruit d&rsquo;une collaboration entre Jordan et Just Don. Elles arborent une teinte rose vibrante \u00e9voquant la lave en fusion. Avec leur design unique et leur fabrication haut de gamme, ces sneakers sont un incontournable pour tout amateur de sneakers. Procurez-vous-les d\u00e8s maintenant et ajoutez une touche de style et d&rsquo;originalit\u00e9 \u00e0 votre collection.<\/p>\n<p>Coloris : Blanc\/Hot Lava-Noir-Gris Zen<\/p>\n<p>Code article : AQ4160-108<\/p>\n<p>Semelle interm\u00e9diaire : Air<\/p>\n<p>Couleur : Blanc<\/p>\n<p>Cr\u00e9ateur : Don C<\/p>\n<p>Saison : \u00c9t\u00e9<\/p>\n<p>Ann\u00e9e de sortie : 2018<\/p>\n<p>\u00c2ge : Adulte<\/p>\n<p>Couleur : Vert \u00e9lectrique\/Noir-Voile<\/p>\n<p>Genre : Homme<\/p>\n","protected":false},"excerpt":{"rendered":"<p>Les sneakers Just Don x Air Jordan Legacy 312 Hot Lava sont le fruit d&rsquo;une collaboration entre Jordan et Just Don. Elles arborent une teinte rose vibrante \u00e9voquant la lave en fusion. Avec leur design unique et leur fabrication haut de gamme, ces sneakers sont un incontournable pour tout amateur de sneakers. Procurez-vous-les d\u00e8s maintenant [&hellip;]<\/p>\n","protected":false},"featured_media":770162,"comment_status":"open","ping_status":"closed","template":"","meta":[],"product_brand":[],"product_cat":[38880],"product_tag":[10750,38855,38841,38975,10776,10756,38902,38936],"class_list":{"0":"post-770161","1":"product","2":"type-product","3":"status-publish","4":"has-post-thumbnail","6":"product_cat-jordan","7":"product_tag-athleisure-shoes","8":"product_tag-below-the-regular-retail-price","9":"product_tag-casual-shoes","10":"product_tag-casual-shoes-basketball-inspired","11":"product_tag-jordan","12":"product_tag-retro-casual-shoes","13":"product_tag-trendy-offers","14":"product_tag-trendy-offers-under-a-150","16":"first","17":"instock","18":"taxable","19":"shipping-taxable","20":"purchasable","21":"product-type-simple"},"wcpa_form_fields":null,"yoast_head":"<!-- This site is optimized with the Yoast SEO plugin v26.5 - https:\/\/yoast.com\/wordpress\/plugins\/seo\/ -->\n<title>Just Don x Air Jordan Legacy 312 &#039;Hot Lava&#039; AQ4160-108 - TOURCRUISER PTE. LTD<\/title>\n<meta name=\"robots\" content=\"index, follow, max-snippet:-1, max-image-preview:large, max-video-preview:-1\" \/>\n<link rel=\"canonical\" href=\"https:\/\/tourcruiser.com\/fr\/products\/just-don-x-air-jordan-legacy-312-hot-lava-aq4160-108\/\" \/>\n<meta property=\"og:locale\" content=\"fr_FR\" \/>\n<meta property=\"og:type\" content=\"article\" \/>\n<meta property=\"og:title\" content=\"Just Don x Air Jordan Legacy 312 &#039;Hot Lava&#039; AQ4160-108 - TOURCRUISER PTE. LTD\" \/>\n<meta property=\"og:description\" content=\"Les sneakers Just Don x Air Jordan Legacy 312 Hot Lava sont le fruit d&rsquo;une collaboration entre Jordan et Just Don. Elles arborent une teinte rose vibrante \u00e9voquant la lave en fusion. Avec leur design unique et leur fabrication haut de gamme, ces sneakers sont un incontournable pour tout amateur de sneakers. Procurez-vous-les d\u00e8s maintenant [&hellip;]\" \/>\n<meta property=\"og:url\" content=\"https:\/\/tourcruiser.com\/fr\/products\/just-don-x-air-jordan-legacy-312-hot-lava-aq4160-108\/\" \/>\n<meta property=\"og:site_name\" content=\"Tourcruiser Sneaker Store\" \/>\n<meta property=\"article:modified_time\" content=\"2026-04-17T16:03:20+00:00\" \/>\n<meta name=\"twitter:card\" content=\"summary_large_image\" \/>\n<meta name=\"twitter:image\" content=\"https:\/\/images.novelship.com\/product\/just_don_x_air_jordan_legacy_312__hot_lava__aq4160_0_62967.jpeg;https:\/\/images.novelship.com\/product\/just_don_x_air_jordan_legacy_312__hot_lava__aq4160_1_62967.jpeg;https:\/\/images.novelship.com\/product\/just_don_x_air_jordan_legacy_312__hot_lava__aq4160_2_62967.jpeg;https:\/\/images.novelship.com\/product\/just_don_x_air_jordan_legacy_312__hot_lava__aq4160_3_62967.jpeg;https:\/\/images.novelship.com\/product\/just_don_x_air_jordan_legacy_312__hot_lava__aq4160_4_62967.jpeg;https:\/\/images.novelship.com\/product\/just_don_x_air_jordan_legacy_312__hot_lava__aq4160_5_62967.jpeg;https:\/\/images.novelship.com\/product\/just_don_x_air_jordan_legacy_312__hot_lava__aq4160_6_62967.jpeg;https:\/\/images.novelship.com\/product\/just_don_x_air_jordan_legacy_312__hot_lava__aq4160_7_62967.jpeg\" \/>\n<script type=\"application\/ld+json\" class=\"yoast-schema-graph\">{\"@context\":\"https:\/\/schema.org\",\"@graph\":[{\"@type\":\"WebPage\",\"@id\":\"https:\/\/tourcruiser.com\/fr\/products\/just-don-x-air-jordan-legacy-312-hot-lava-aq4160-108\/\",\"url\":\"https:\/\/tourcruiser.com\/fr\/products\/just-don-x-air-jordan-legacy-312-hot-lava-aq4160-108\/\",\"name\":\"Just Don x Air Jordan Legacy 312 'Hot Lava' AQ4160-108 - TOURCRUISER PTE. LTD\",\"isPartOf\":{\"@id\":\"\/#website\"},\"primaryImageOfPage\":{\"@id\":\"https:\/\/tourcruiser.com\/fr\/products\/just-don-x-air-jordan-legacy-312-hot-lava-aq4160-108\/#primaryimage\"},\"image\":{\"@id\":\"https:\/\/tourcruiser.com\/fr\/products\/just-don-x-air-jordan-legacy-312-hot-lava-aq4160-108\/#primaryimage\"},\"thumbnailUrl\":\"https:\/\/images.novelship.com\/product\/just_don_x_air_jordan_legacy_312__hot_lava__aq4160_0_62967.jpeg;https:\/\/images.novelship.com\/product\/just_don_x_air_jordan_legacy_312__hot_lava__aq4160_1_62967.jpeg;https:\/\/images.novelship.com\/product\/just_don_x_air_jordan_legacy_312__hot_lava__aq4160_2_62967.jpeg;https:\/\/images.novelship.com\/product\/just_don_x_air_jordan_legacy_312__hot_lava__aq4160_3_62967.jpeg;https:\/\/images.novelship.com\/product\/just_don_x_air_jordan_legacy_312__hot_lava__aq4160_4_62967.jpeg;https:\/\/images.novelship.com\/product\/just_don_x_air_jordan_legacy_312__hot_lava__aq4160_5_62967.jpeg;https:\/\/images.novelship.com\/product\/just_don_x_air_jordan_legacy_312__hot_lava__aq4160_6_62967.jpeg;https:\/\/images.novelship.com\/product\/just_don_x_air_jordan_legacy_312__hot_lava__aq4160_7_62967.jpeg\",\"datePublished\":\"2026-04-16T10:14:06+00:00\",\"dateModified\":\"2026-04-17T16:03:20+00:00\",\"breadcrumb\":{\"@id\":\"https:\/\/tourcruiser.com\/fr\/products\/just-don-x-air-jordan-legacy-312-hot-lava-aq4160-108\/#breadcrumb\"},\"inLanguage\":\"fr-FR\",\"potentialAction\":[{\"@type\":\"ReadAction\",\"target\":[\"https:\/\/tourcruiser.com\/fr\/products\/just-don-x-air-jordan-legacy-312-hot-lava-aq4160-108\/\"]}]},{\"@type\":\"ImageObject\",\"inLanguage\":\"fr-FR\",\"@id\":\"https:\/\/tourcruiser.com\/fr\/products\/just-don-x-air-jordan-legacy-312-hot-lava-aq4160-108\/#primaryimage\",\"url\":\"https:\/\/images.novelship.com\/product\/just_don_x_air_jordan_legacy_312__hot_lava__aq4160_0_62967.jpeg;https:\/\/images.novelship.com\/product\/just_don_x_air_jordan_legacy_312__hot_lava__aq4160_1_62967.jpeg;https:\/\/images.novelship.com\/product\/just_don_x_air_jordan_legacy_312__hot_lava__aq4160_2_62967.jpeg;https:\/\/images.novelship.com\/product\/just_don_x_air_jordan_legacy_312__hot_lava__aq4160_3_62967.jpeg;https:\/\/images.novelship.com\/product\/just_don_x_air_jordan_legacy_312__hot_lava__aq4160_4_62967.jpeg;https:\/\/images.novelship.com\/product\/just_don_x_air_jordan_legacy_312__hot_lava__aq4160_5_62967.jpeg;https:\/\/images.novelship.com\/product\/just_don_x_air_jordan_legacy_312__hot_lava__aq4160_6_62967.jpeg;https:\/\/images.novelship.com\/product\/just_don_x_air_jordan_legacy_312__hot_lava__aq4160_7_62967.jpeg\",\"contentUrl\":\"https:\/\/images.novelship.com\/product\/just_don_x_air_jordan_legacy_312__hot_lava__aq4160_0_62967.jpeg;https:\/\/images.novelship.com\/product\/just_don_x_air_jordan_legacy_312__hot_lava__aq4160_1_62967.jpeg;https:\/\/images.novelship.com\/product\/just_don_x_air_jordan_legacy_312__hot_lava__aq4160_2_62967.jpeg;https:\/\/images.novelship.com\/product\/just_don_x_air_jordan_legacy_312__hot_lava__aq4160_3_62967.jpeg;https:\/\/images.novelship.com\/product\/just_don_x_air_jordan_legacy_312__hot_lava__aq4160_4_62967.jpeg;https:\/\/images.novelship.com\/product\/just_don_x_air_jordan_legacy_312__hot_lava__aq4160_5_62967.jpeg;https:\/\/images.novelship.com\/product\/just_don_x_air_jordan_legacy_312__hot_lava__aq4160_6_62967.jpeg;https:\/\/images.novelship.com\/product\/just_don_x_air_jordan_legacy_312__hot_lava__aq4160_7_62967.jpeg\"},{\"@type\":\"BreadcrumbList\",\"@id\":\"https:\/\/tourcruiser.com\/fr\/products\/just-don-x-air-jordan-legacy-312-hot-lava-aq4160-108\/#breadcrumb\",\"itemListElement\":[{\"@type\":\"ListItem\",\"position\":1,\"name\":\"Home\",\"item\":\"https:\/\/tourcruiser.com\/fr\/\"},{\"@type\":\"ListItem\",\"position\":2,\"name\":\"Shop\",\"item\":\"https:\/\/tourcruiser.com\/fr\/shop\/\"},{\"@type\":\"ListItem\",\"position\":3,\"name\":\"Just Don x Air Jordan Legacy 312 &#8216;Hot Lava&#8217; AQ4160-108\"}]},{\"@type\":\"WebSite\",\"@id\":\"\/#website\",\"url\":\"\/\",\"name\":\"Styloral Jewelry Shop\",\"description\":\"Tourcruiser Sneaker Store \u2014 L\u2019endroit o\u00f9 l\u2019univers rencontre votre singularit\u00e9.\",\"publisher\":{\"@id\":\"\/#organization\"},\"potentialAction\":[{\"@type\":\"SearchAction\",\"target\":{\"@type\":\"EntryPoint\",\"urlTemplate\":\"\/?s={search_term_string}\"},\"query-input\":{\"@type\":\"PropertyValueSpecification\",\"valueRequired\":true,\"valueName\":\"search_term_string\"}}],\"inLanguage\":\"fr-FR\"},{\"@type\":\"Organization\",\"@id\":\"\/#organization\",\"name\":\"STYLORAL PTE. LTD\",\"url\":\"\/\",\"logo\":{\"@type\":\"ImageObject\",\"inLanguage\":\"fr-FR\",\"@id\":\"\/#\/schema\/logo\/image\/\",\"url\":\"https:\/\/www.tourcruiser.com\/wp-content\/uploads\/2025\/12\/logo.png\",\"contentUrl\":\"https:\/\/www.tourcruiser.com\/wp-content\/uploads\/2025\/12\/logo.png\",\"width\":200,\"height\":65,\"caption\":\"STYLORAL PTE. LTD\"},\"image\":{\"@id\":\"\/#\/schema\/logo\/image\/\"}}]}<\/script>\n<!-- \/ Yoast SEO plugin. -->","yoast_head_json":{"title":"Just Don x Air Jordan Legacy 312 'Hot Lava' AQ4160-108 - TOURCRUISER PTE. LTD","robots":{"index":"index","follow":"follow","max-snippet":"max-snippet:-1","max-image-preview":"max-image-preview:large","max-video-preview":"max-video-preview:-1"},"canonical":"https:\/\/tourcruiser.com\/fr\/products\/just-don-x-air-jordan-legacy-312-hot-lava-aq4160-108\/","og_locale":"fr_FR","og_type":"article","og_title":"Just Don x Air Jordan Legacy 312 'Hot Lava' AQ4160-108 - TOURCRUISER PTE. LTD","og_description":"Les sneakers Just Don x Air Jordan Legacy 312 Hot Lava sont le fruit d&rsquo;une collaboration entre Jordan et Just Don. Elles arborent une teinte rose vibrante \u00e9voquant la lave en fusion. Avec leur design unique et leur fabrication haut de gamme, ces sneakers sont un incontournable pour tout amateur de sneakers. Procurez-vous-les d\u00e8s maintenant [&hellip;]","og_url":"https:\/\/tourcruiser.com\/fr\/products\/just-don-x-air-jordan-legacy-312-hot-lava-aq4160-108\/","og_site_name":"Tourcruiser Sneaker Store","article_modified_time":"2026-04-17T16:03:20+00:00","twitter_card":"summary_large_image","twitter_image":"https:\/\/images.novelship.com\/product\/just_don_x_air_jordan_legacy_312__hot_lava__aq4160_0_62967.jpeg;https:\/\/images.novelship.com\/product\/just_don_x_air_jordan_legacy_312__hot_lava__aq4160_1_62967.jpeg;https:\/\/images.novelship.com\/product\/just_don_x_air_jordan_legacy_312__hot_lava__aq4160_2_62967.jpeg;https:\/\/images.novelship.com\/product\/just_don_x_air_jordan_legacy_312__hot_lava__aq4160_3_62967.jpeg;https:\/\/images.novelship.com\/product\/just_don_x_air_jordan_legacy_312__hot_lava__aq4160_4_62967.jpeg;https:\/\/images.novelship.com\/product\/just_don_x_air_jordan_legacy_312__hot_lava__aq4160_5_62967.jpeg;https:\/\/images.novelship.com\/product\/just_don_x_air_jordan_legacy_312__hot_lava__aq4160_6_62967.jpeg;https:\/\/images.novelship.com\/product\/just_don_x_air_jordan_legacy_312__hot_lava__aq4160_7_62967.jpeg","schema":{"@context":"https:\/\/schema.org","@graph":[{"@type":"WebPage","@id":"https:\/\/tourcruiser.com\/fr\/products\/just-don-x-air-jordan-legacy-312-hot-lava-aq4160-108\/","url":"https:\/\/tourcruiser.com\/fr\/products\/just-don-x-air-jordan-legacy-312-hot-lava-aq4160-108\/","name":"Just Don x Air Jordan Legacy 312 'Hot Lava' AQ4160-108 - TOURCRUISER PTE. LTD","isPartOf":{"@id":"\/#website"},"primaryImageOfPage":{"@id":"https:\/\/tourcruiser.com\/fr\/products\/just-don-x-air-jordan-legacy-312-hot-lava-aq4160-108\/#primaryimage"},"image":{"@id":"https:\/\/tourcruiser.com\/fr\/products\/just-don-x-air-jordan-legacy-312-hot-lava-aq4160-108\/#primaryimage"},"thumbnailUrl":"https:\/\/images.novelship.com\/product\/just_don_x_air_jordan_legacy_312__hot_lava__aq4160_0_62967.jpeg;https:\/\/images.novelship.com\/product\/just_don_x_air_jordan_legacy_312__hot_lava__aq4160_1_62967.jpeg;https:\/\/images.novelship.com\/product\/just_don_x_air_jordan_legacy_312__hot_lava__aq4160_2_62967.jpeg;https:\/\/images.novelship.com\/product\/just_don_x_air_jordan_legacy_312__hot_lava__aq4160_3_62967.jpeg;https:\/\/images.novelship.com\/product\/just_don_x_air_jordan_legacy_312__hot_lava__aq4160_4_62967.jpeg;https:\/\/images.novelship.com\/product\/just_don_x_air_jordan_legacy_312__hot_lava__aq4160_5_62967.jpeg;https:\/\/images.novelship.com\/product\/just_don_x_air_jordan_legacy_312__hot_lava__aq4160_6_62967.jpeg;https:\/\/images.novelship.com\/product\/just_don_x_air_jordan_legacy_312__hot_lava__aq4160_7_62967.jpeg","datePublished":"2026-04-16T10:14:06+00:00","dateModified":"2026-04-17T16:03:20+00:00","breadcrumb":{"@id":"https:\/\/tourcruiser.com\/fr\/products\/just-don-x-air-jordan-legacy-312-hot-lava-aq4160-108\/#breadcrumb"},"inLanguage":"fr-FR","potentialAction":[{"@type":"ReadAction","target":["https:\/\/tourcruiser.com\/fr\/products\/just-don-x-air-jordan-legacy-312-hot-lava-aq4160-108\/"]}]},{"@type":"ImageObject","inLanguage":"fr-FR","@id":"https:\/\/tourcruiser.com\/fr\/products\/just-don-x-air-jordan-legacy-312-hot-lava-aq4160-108\/#primaryimage","url":"https:\/\/images.novelship.com\/product\/just_don_x_air_jordan_legacy_312__hot_lava__aq4160_0_62967.jpeg;https:\/\/images.novelship.com\/product\/just_don_x_air_jordan_legacy_312__hot_lava__aq4160_1_62967.jpeg;https:\/\/images.novelship.com\/product\/just_don_x_air_jordan_legacy_312__hot_lava__aq4160_2_62967.jpeg;https:\/\/images.novelship.com\/product\/just_don_x_air_jordan_legacy_312__hot_lava__aq4160_3_62967.jpeg;https:\/\/images.novelship.com\/product\/just_don_x_air_jordan_legacy_312__hot_lava__aq4160_4_62967.jpeg;https:\/\/images.novelship.com\/product\/just_don_x_air_jordan_legacy_312__hot_lava__aq4160_5_62967.jpeg;https:\/\/images.novelship.com\/product\/just_don_x_air_jordan_legacy_312__hot_lava__aq4160_6_62967.jpeg;https:\/\/images.novelship.com\/product\/just_don_x_air_jordan_legacy_312__hot_lava__aq4160_7_62967.jpeg","contentUrl":"https:\/\/images.novelship.com\/product\/just_don_x_air_jordan_legacy_312__hot_lava__aq4160_0_62967.jpeg;https:\/\/images.novelship.com\/product\/just_don_x_air_jordan_legacy_312__hot_lava__aq4160_1_62967.jpeg;https:\/\/images.novelship.com\/product\/just_don_x_air_jordan_legacy_312__hot_lava__aq4160_2_62967.jpeg;https:\/\/images.novelship.com\/product\/just_don_x_air_jordan_legacy_312__hot_lava__aq4160_3_62967.jpeg;https:\/\/images.novelship.com\/product\/just_don_x_air_jordan_legacy_312__hot_lava__aq4160_4_62967.jpeg;https:\/\/images.novelship.com\/product\/just_don_x_air_jordan_legacy_312__hot_lava__aq4160_5_62967.jpeg;https:\/\/images.novelship.com\/product\/just_don_x_air_jordan_legacy_312__hot_lava__aq4160_6_62967.jpeg;https:\/\/images.novelship.com\/product\/just_don_x_air_jordan_legacy_312__hot_lava__aq4160_7_62967.jpeg"},{"@type":"BreadcrumbList","@id":"https:\/\/tourcruiser.com\/fr\/products\/just-don-x-air-jordan-legacy-312-hot-lava-aq4160-108\/#breadcrumb","itemListElement":[{"@type":"ListItem","position":1,"name":"Home","item":"https:\/\/tourcruiser.com\/fr\/"},{"@type":"ListItem","position":2,"name":"Shop","item":"https:\/\/tourcruiser.com\/fr\/shop\/"},{"@type":"ListItem","position":3,"name":"Just Don x Air Jordan Legacy 312 &#8216;Hot Lava&#8217; AQ4160-108"}]},{"@type":"WebSite","@id":"\/#website","url":"\/","name":"Styloral Jewelry Shop","description":"Tourcruiser Sneaker Store \u2014 L\u2019endroit o\u00f9 l\u2019univers rencontre votre singularit\u00e9.","publisher":{"@id":"\/#organization"},"potentialAction":[{"@type":"SearchAction","target":{"@type":"EntryPoint","urlTemplate":"\/?s={search_term_string}"},"query-input":{"@type":"PropertyValueSpecification","valueRequired":true,"valueName":"search_term_string"}}],"inLanguage":"fr-FR"},{"@type":"Organization","@id":"\/#organization","name":"STYLORAL PTE. LTD","url":"\/","logo":{"@type":"ImageObject","inLanguage":"fr-FR","@id":"\/#\/schema\/logo\/image\/","url":"https:\/\/www.tourcruiser.com\/wp-content\/uploads\/2025\/12\/logo.png","contentUrl":"https:\/\/www.tourcruiser.com\/wp-content\/uploads\/2025\/12\/logo.png","width":200,"height":65,"caption":"STYLORAL PTE. LTD"},"image":{"@id":"\/#\/schema\/logo\/image\/"}}]}},"_links":{"self":[{"href":"https:\/\/tourcruiser.com\/fr\/wp-json\/wp\/v2\/product\/770161","targetHints":{"allow":["GET"]}}],"collection":[{"href":"https:\/\/tourcruiser.com\/fr\/wp-json\/wp\/v2\/product"}],"about":[{"href":"https:\/\/tourcruiser.com\/fr\/wp-json\/wp\/v2\/types\/product"}],"replies":[{"embeddable":true,"href":"https:\/\/tourcruiser.com\/fr\/wp-json\/wp\/v2\/comments?post=770161"}],"wp:featuredmedia":[{"embeddable":true,"href":"https:\/\/tourcruiser.com\/fr\/wp-json\/wp\/v2\/media\/770162"}],"wp:attachment":[{"href":"https:\/\/tourcruiser.com\/fr\/wp-json\/wp\/v2\/media?parent=770161"}],"wp:term":[{"taxonomy":"product_brand","embeddable":true,"href":"https:\/\/tourcruiser.com\/fr\/wp-json\/wp\/v2\/product_brand?post=770161"},{"taxonomy":"product_cat","embeddable":true,"href":"https:\/\/tourcruiser.com\/fr\/wp-json\/wp\/v2\/product_cat?post=770161"},{"taxonomy":"product_tag","embeddable":true,"href":"https:\/\/tourcruiser.com\/fr\/wp-json\/wp\/v2\/product_tag?post=770161"}],"curies":[{"name":"wp","href":"https:\/\/api.w.org\/{rel}","templated":true}]}}