{"id":770145,"date":"2026-04-16T17:14:05","date_gmt":"2026-04-16T10:14:05","guid":{"rendered":"http:\/\/tourcruiser.com\/product\/grade-school-air-jordan-13-retro-white-wolf-grey-dj3003-160"},"modified":"2026-04-17T22:13:11","modified_gmt":"2026-04-17T15:13:11","slug":"grade-school-air-jordan-13-retro-white-wolf-grey-dj3003-160","status":"publish","type":"product","link":"https:\/\/tourcruiser.com\/fr\/products\/grade-school-air-jordan-13-retro-white-wolf-grey-dj3003-160\/","title":{"rendered":"(Grade School) Air Jordan 13 Retro &lsquo;White Wolf Grey&rsquo; DJ3003-160"},"content":{"rendered":"<p>Aidez votre jeune athl\u00e8te \u00e0 atteindre un niveau sup\u00e9rieur avec l&#8217;embl\u00e9matique Air Jordan 13 Retro \u00ab\u00a0White Wolf Grey\u00a0\u00bb. Cette sneaker arbore un design \u00e9pur\u00e9 et classique, alliant style traditionnel et confort moderne. Son empeigne r\u00e9sistante en cuir et synth\u00e9tique garantit style et durabilit\u00e9, tandis que l&rsquo;\u0153il holographique signature et l&rsquo;amorti Zoom Air offrent un maintien et une r\u00e9activit\u00e9 exceptionnels. Parfaites pour le sport et les loisirs, ces sneakers inspireront votre enfant, d\u00e8s l&rsquo;\u00e9cole primaire, \u00e0 se surpasser.<\/p>\n<p>Coloris\u00a0: Blanc\/Rouge\/Gris Loup<br \/>\nR\u00e9f\u00e9rence\u00a0: DJ3003-160<br \/>\nEmpeigne\u00a0: Cuir<br \/>\nSemelle interm\u00e9diaire\u00a0: Zoom Air<br \/>\nCouleur\u00a0: Blanc<br \/>\nDesigner\u00a0: Tinker Hatfield<br \/>\nAnn\u00e9e de sortie\u00a0: 2023<\/p>\n<p>\u00c2ge\u00a0: Adulte<br \/>\nCouleur\u00a0: Noir\/Anthracite\/Violet Hyper<br \/>\nGenre\u00a0: Enfant<\/p>\n","protected":false},"excerpt":{"rendered":"<p>Aidez votre jeune athl\u00e8te \u00e0 atteindre un niveau sup\u00e9rieur avec l&#8217;embl\u00e9matique Air Jordan 13 Retro \u00ab\u00a0White Wolf Grey\u00a0\u00bb. Cette sneaker arbore un design \u00e9pur\u00e9 et classique, alliant style traditionnel et confort moderne. Son empeigne r\u00e9sistante en cuir et synth\u00e9tique garantit style et durabilit\u00e9, tandis que l&rsquo;\u0153il holographique signature et l&rsquo;amorti Zoom Air offrent un maintien [&hellip;]<\/p>\n","protected":false},"featured_media":770146,"comment_status":"open","ping_status":"closed","template":"","meta":[],"product_brand":[],"product_cat":[38880],"product_tag":[10800,38861,39597,38874,10776,11129,39052],"class_list":{"0":"post-770145","1":"product","2":"type-product","3":"status-publish","4":"has-post-thumbnail","6":"product_cat-jordan","7":"product_tag-basketball-shoes","8":"product_tag-below-retail-price","9":"product_tag-children-s-basketball-shoes","10":"product_tag-hari-raya-gs","11":"product_tag-jordan","12":"product_tag-lightweight-basketball-shoes","13":"product_tag-sports-shoes-for-children","15":"first","16":"instock","17":"taxable","18":"shipping-taxable","19":"purchasable","20":"product-type-simple"},"wcpa_form_fields":null,"yoast_head":"<!-- This site is optimized with the Yoast SEO plugin v26.5 - https:\/\/yoast.com\/wordpress\/plugins\/seo\/ -->\n<title>(Grade School) Air Jordan 13 Retro &#039;White Wolf Grey&#039; DJ3003-160 - TOURCRUISER PTE. LTD<\/title>\n<meta name=\"robots\" content=\"index, follow, max-snippet:-1, max-image-preview:large, max-video-preview:-1\" \/>\n<link rel=\"canonical\" href=\"https:\/\/tourcruiser.com\/fr\/products\/grade-school-air-jordan-13-retro-white-wolf-grey-dj3003-160\/\" \/>\n<meta property=\"og:locale\" content=\"fr_FR\" \/>\n<meta property=\"og:type\" content=\"article\" \/>\n<meta property=\"og:title\" content=\"(Grade School) Air Jordan 13 Retro &#039;White Wolf Grey&#039; DJ3003-160 - TOURCRUISER PTE. LTD\" \/>\n<meta property=\"og:description\" content=\"Aidez votre jeune athl\u00e8te \u00e0 atteindre un niveau sup\u00e9rieur avec l&#8217;embl\u00e9matique Air Jordan 13 Retro \u00ab\u00a0White Wolf Grey\u00a0\u00bb. Cette sneaker arbore un design \u00e9pur\u00e9 et classique, alliant style traditionnel et confort moderne. Son empeigne r\u00e9sistante en cuir et synth\u00e9tique garantit style et durabilit\u00e9, tandis que l&rsquo;\u0153il holographique signature et l&rsquo;amorti Zoom Air offrent un maintien [&hellip;]\" \/>\n<meta property=\"og:url\" content=\"https:\/\/tourcruiser.com\/fr\/products\/grade-school-air-jordan-13-retro-white-wolf-grey-dj3003-160\/\" \/>\n<meta property=\"og:site_name\" content=\"Tourcruiser Sneaker Store\" \/>\n<meta property=\"article:modified_time\" content=\"2026-04-17T15:13:11+00:00\" \/>\n<meta name=\"twitter:card\" content=\"summary_large_image\" \/>\n<meta name=\"twitter:image\" content=\"https:\/\/images.novelship.com\/product\/_grade_school__air_jordan_13_retro__white_wolf_gre_0_47142.jpeg;https:\/\/images.novelship.com\/product\/_grade_school__air_jordan_13_retro__white_wolf_gre_1_47142.jpeg;https:\/\/images.novelship.com\/product\/_grade_school__air_jordan_13_retro__white_wolf_gre_2_47142.jpeg;https:\/\/images.novelship.com\/product\/_grade_school__air_jordan_13_retro__white_wolf_gre_3_47142.jpeg;https:\/\/images.novelship.com\/product\/_grade_school__air_jordan_13_retro__white_wolf_gre_4_47142.jpeg;https:\/\/images.novelship.com\/product\/_grade_school__air_jordan_13_retro__white_wolf_gre_5_47142.jpeg;https:\/\/images.novelship.com\/product\/_grade_school__air_jordan_13_retro__white_wolf_gre_6_47142.jpeg;https:\/\/images.novelship.com\/product\/_grade_school__air_jordan_13_retro__white_wolf_gre_7_47142.jpeg\" \/>\n<meta name=\"twitter:label1\" content=\"Dur\u00e9e de lecture estim\u00e9e\" \/>\n\t<meta name=\"twitter:data1\" content=\"1 minute\" \/>\n<script type=\"application\/ld+json\" class=\"yoast-schema-graph\">{\"@context\":\"https:\/\/schema.org\",\"@graph\":[{\"@type\":\"WebPage\",\"@id\":\"https:\/\/tourcruiser.com\/fr\/products\/grade-school-air-jordan-13-retro-white-wolf-grey-dj3003-160\/\",\"url\":\"https:\/\/tourcruiser.com\/fr\/products\/grade-school-air-jordan-13-retro-white-wolf-grey-dj3003-160\/\",\"name\":\"(Grade School) Air Jordan 13 Retro 'White Wolf Grey' DJ3003-160 - TOURCRUISER PTE. LTD\",\"isPartOf\":{\"@id\":\"\/#website\"},\"primaryImageOfPage\":{\"@id\":\"https:\/\/tourcruiser.com\/fr\/products\/grade-school-air-jordan-13-retro-white-wolf-grey-dj3003-160\/#primaryimage\"},\"image\":{\"@id\":\"https:\/\/tourcruiser.com\/fr\/products\/grade-school-air-jordan-13-retro-white-wolf-grey-dj3003-160\/#primaryimage\"},\"thumbnailUrl\":\"https:\/\/images.novelship.com\/product\/_grade_school__air_jordan_13_retro__white_wolf_gre_0_47142.jpeg;https:\/\/images.novelship.com\/product\/_grade_school__air_jordan_13_retro__white_wolf_gre_1_47142.jpeg;https:\/\/images.novelship.com\/product\/_grade_school__air_jordan_13_retro__white_wolf_gre_2_47142.jpeg;https:\/\/images.novelship.com\/product\/_grade_school__air_jordan_13_retro__white_wolf_gre_3_47142.jpeg;https:\/\/images.novelship.com\/product\/_grade_school__air_jordan_13_retro__white_wolf_gre_4_47142.jpeg;https:\/\/images.novelship.com\/product\/_grade_school__air_jordan_13_retro__white_wolf_gre_5_47142.jpeg;https:\/\/images.novelship.com\/product\/_grade_school__air_jordan_13_retro__white_wolf_gre_6_47142.jpeg;https:\/\/images.novelship.com\/product\/_grade_school__air_jordan_13_retro__white_wolf_gre_7_47142.jpeg\",\"datePublished\":\"2026-04-16T10:14:05+00:00\",\"dateModified\":\"2026-04-17T15:13:11+00:00\",\"breadcrumb\":{\"@id\":\"https:\/\/tourcruiser.com\/fr\/products\/grade-school-air-jordan-13-retro-white-wolf-grey-dj3003-160\/#breadcrumb\"},\"inLanguage\":\"fr-FR\",\"potentialAction\":[{\"@type\":\"ReadAction\",\"target\":[\"https:\/\/tourcruiser.com\/fr\/products\/grade-school-air-jordan-13-retro-white-wolf-grey-dj3003-160\/\"]}]},{\"@type\":\"ImageObject\",\"inLanguage\":\"fr-FR\",\"@id\":\"https:\/\/tourcruiser.com\/fr\/products\/grade-school-air-jordan-13-retro-white-wolf-grey-dj3003-160\/#primaryimage\",\"url\":\"https:\/\/images.novelship.com\/product\/_grade_school__air_jordan_13_retro__white_wolf_gre_0_47142.jpeg;https:\/\/images.novelship.com\/product\/_grade_school__air_jordan_13_retro__white_wolf_gre_1_47142.jpeg;https:\/\/images.novelship.com\/product\/_grade_school__air_jordan_13_retro__white_wolf_gre_2_47142.jpeg;https:\/\/images.novelship.com\/product\/_grade_school__air_jordan_13_retro__white_wolf_gre_3_47142.jpeg;https:\/\/images.novelship.com\/product\/_grade_school__air_jordan_13_retro__white_wolf_gre_4_47142.jpeg;https:\/\/images.novelship.com\/product\/_grade_school__air_jordan_13_retro__white_wolf_gre_5_47142.jpeg;https:\/\/images.novelship.com\/product\/_grade_school__air_jordan_13_retro__white_wolf_gre_6_47142.jpeg;https:\/\/images.novelship.com\/product\/_grade_school__air_jordan_13_retro__white_wolf_gre_7_47142.jpeg\",\"contentUrl\":\"https:\/\/images.novelship.com\/product\/_grade_school__air_jordan_13_retro__white_wolf_gre_0_47142.jpeg;https:\/\/images.novelship.com\/product\/_grade_school__air_jordan_13_retro__white_wolf_gre_1_47142.jpeg;https:\/\/images.novelship.com\/product\/_grade_school__air_jordan_13_retro__white_wolf_gre_2_47142.jpeg;https:\/\/images.novelship.com\/product\/_grade_school__air_jordan_13_retro__white_wolf_gre_3_47142.jpeg;https:\/\/images.novelship.com\/product\/_grade_school__air_jordan_13_retro__white_wolf_gre_4_47142.jpeg;https:\/\/images.novelship.com\/product\/_grade_school__air_jordan_13_retro__white_wolf_gre_5_47142.jpeg;https:\/\/images.novelship.com\/product\/_grade_school__air_jordan_13_retro__white_wolf_gre_6_47142.jpeg;https:\/\/images.novelship.com\/product\/_grade_school__air_jordan_13_retro__white_wolf_gre_7_47142.jpeg\"},{\"@type\":\"BreadcrumbList\",\"@id\":\"https:\/\/tourcruiser.com\/fr\/products\/grade-school-air-jordan-13-retro-white-wolf-grey-dj3003-160\/#breadcrumb\",\"itemListElement\":[{\"@type\":\"ListItem\",\"position\":1,\"name\":\"Home\",\"item\":\"https:\/\/tourcruiser.com\/fr\/\"},{\"@type\":\"ListItem\",\"position\":2,\"name\":\"Shop\",\"item\":\"https:\/\/tourcruiser.com\/fr\/shop\/\"},{\"@type\":\"ListItem\",\"position\":3,\"name\":\"(Grade School) Air Jordan 13 Retro &#8216;White Wolf Grey&#8217; DJ3003-160\"}]},{\"@type\":\"WebSite\",\"@id\":\"\/#website\",\"url\":\"\/\",\"name\":\"Styloral Jewelry Shop\",\"description\":\"Tourcruiser Sneaker Store \u2014 L\u2019endroit o\u00f9 l\u2019univers rencontre votre singularit\u00e9.\",\"publisher\":{\"@id\":\"\/#organization\"},\"potentialAction\":[{\"@type\":\"SearchAction\",\"target\":{\"@type\":\"EntryPoint\",\"urlTemplate\":\"\/?s={search_term_string}\"},\"query-input\":{\"@type\":\"PropertyValueSpecification\",\"valueRequired\":true,\"valueName\":\"search_term_string\"}}],\"inLanguage\":\"fr-FR\"},{\"@type\":\"Organization\",\"@id\":\"\/#organization\",\"name\":\"STYLORAL PTE. LTD\",\"url\":\"\/\",\"logo\":{\"@type\":\"ImageObject\",\"inLanguage\":\"fr-FR\",\"@id\":\"\/#\/schema\/logo\/image\/\",\"url\":\"https:\/\/www.tourcruiser.com\/wp-content\/uploads\/2025\/12\/logo.png\",\"contentUrl\":\"https:\/\/www.tourcruiser.com\/wp-content\/uploads\/2025\/12\/logo.png\",\"width\":200,\"height\":65,\"caption\":\"STYLORAL PTE. LTD\"},\"image\":{\"@id\":\"\/#\/schema\/logo\/image\/\"}}]}<\/script>\n<!-- \/ Yoast SEO plugin. -->","yoast_head_json":{"title":"(Grade School) Air Jordan 13 Retro 'White Wolf Grey' DJ3003-160 - TOURCRUISER PTE. LTD","robots":{"index":"index","follow":"follow","max-snippet":"max-snippet:-1","max-image-preview":"max-image-preview:large","max-video-preview":"max-video-preview:-1"},"canonical":"https:\/\/tourcruiser.com\/fr\/products\/grade-school-air-jordan-13-retro-white-wolf-grey-dj3003-160\/","og_locale":"fr_FR","og_type":"article","og_title":"(Grade School) Air Jordan 13 Retro 'White Wolf Grey' DJ3003-160 - TOURCRUISER PTE. LTD","og_description":"Aidez votre jeune athl\u00e8te \u00e0 atteindre un niveau sup\u00e9rieur avec l&#8217;embl\u00e9matique Air Jordan 13 Retro \u00ab\u00a0White Wolf Grey\u00a0\u00bb. Cette sneaker arbore un design \u00e9pur\u00e9 et classique, alliant style traditionnel et confort moderne. Son empeigne r\u00e9sistante en cuir et synth\u00e9tique garantit style et durabilit\u00e9, tandis que l&rsquo;\u0153il holographique signature et l&rsquo;amorti Zoom Air offrent un maintien [&hellip;]","og_url":"https:\/\/tourcruiser.com\/fr\/products\/grade-school-air-jordan-13-retro-white-wolf-grey-dj3003-160\/","og_site_name":"Tourcruiser Sneaker Store","article_modified_time":"2026-04-17T15:13:11+00:00","twitter_card":"summary_large_image","twitter_image":"https:\/\/images.novelship.com\/product\/_grade_school__air_jordan_13_retro__white_wolf_gre_0_47142.jpeg;https:\/\/images.novelship.com\/product\/_grade_school__air_jordan_13_retro__white_wolf_gre_1_47142.jpeg;https:\/\/images.novelship.com\/product\/_grade_school__air_jordan_13_retro__white_wolf_gre_2_47142.jpeg;https:\/\/images.novelship.com\/product\/_grade_school__air_jordan_13_retro__white_wolf_gre_3_47142.jpeg;https:\/\/images.novelship.com\/product\/_grade_school__air_jordan_13_retro__white_wolf_gre_4_47142.jpeg;https:\/\/images.novelship.com\/product\/_grade_school__air_jordan_13_retro__white_wolf_gre_5_47142.jpeg;https:\/\/images.novelship.com\/product\/_grade_school__air_jordan_13_retro__white_wolf_gre_6_47142.jpeg;https:\/\/images.novelship.com\/product\/_grade_school__air_jordan_13_retro__white_wolf_gre_7_47142.jpeg","twitter_misc":{"Dur\u00e9e de lecture estim\u00e9e":"1 minute"},"schema":{"@context":"https:\/\/schema.org","@graph":[{"@type":"WebPage","@id":"https:\/\/tourcruiser.com\/fr\/products\/grade-school-air-jordan-13-retro-white-wolf-grey-dj3003-160\/","url":"https:\/\/tourcruiser.com\/fr\/products\/grade-school-air-jordan-13-retro-white-wolf-grey-dj3003-160\/","name":"(Grade School) Air Jordan 13 Retro 'White Wolf Grey' DJ3003-160 - TOURCRUISER PTE. LTD","isPartOf":{"@id":"\/#website"},"primaryImageOfPage":{"@id":"https:\/\/tourcruiser.com\/fr\/products\/grade-school-air-jordan-13-retro-white-wolf-grey-dj3003-160\/#primaryimage"},"image":{"@id":"https:\/\/tourcruiser.com\/fr\/products\/grade-school-air-jordan-13-retro-white-wolf-grey-dj3003-160\/#primaryimage"},"thumbnailUrl":"https:\/\/images.novelship.com\/product\/_grade_school__air_jordan_13_retro__white_wolf_gre_0_47142.jpeg;https:\/\/images.novelship.com\/product\/_grade_school__air_jordan_13_retro__white_wolf_gre_1_47142.jpeg;https:\/\/images.novelship.com\/product\/_grade_school__air_jordan_13_retro__white_wolf_gre_2_47142.jpeg;https:\/\/images.novelship.com\/product\/_grade_school__air_jordan_13_retro__white_wolf_gre_3_47142.jpeg;https:\/\/images.novelship.com\/product\/_grade_school__air_jordan_13_retro__white_wolf_gre_4_47142.jpeg;https:\/\/images.novelship.com\/product\/_grade_school__air_jordan_13_retro__white_wolf_gre_5_47142.jpeg;https:\/\/images.novelship.com\/product\/_grade_school__air_jordan_13_retro__white_wolf_gre_6_47142.jpeg;https:\/\/images.novelship.com\/product\/_grade_school__air_jordan_13_retro__white_wolf_gre_7_47142.jpeg","datePublished":"2026-04-16T10:14:05+00:00","dateModified":"2026-04-17T15:13:11+00:00","breadcrumb":{"@id":"https:\/\/tourcruiser.com\/fr\/products\/grade-school-air-jordan-13-retro-white-wolf-grey-dj3003-160\/#breadcrumb"},"inLanguage":"fr-FR","potentialAction":[{"@type":"ReadAction","target":["https:\/\/tourcruiser.com\/fr\/products\/grade-school-air-jordan-13-retro-white-wolf-grey-dj3003-160\/"]}]},{"@type":"ImageObject","inLanguage":"fr-FR","@id":"https:\/\/tourcruiser.com\/fr\/products\/grade-school-air-jordan-13-retro-white-wolf-grey-dj3003-160\/#primaryimage","url":"https:\/\/images.novelship.com\/product\/_grade_school__air_jordan_13_retro__white_wolf_gre_0_47142.jpeg;https:\/\/images.novelship.com\/product\/_grade_school__air_jordan_13_retro__white_wolf_gre_1_47142.jpeg;https:\/\/images.novelship.com\/product\/_grade_school__air_jordan_13_retro__white_wolf_gre_2_47142.jpeg;https:\/\/images.novelship.com\/product\/_grade_school__air_jordan_13_retro__white_wolf_gre_3_47142.jpeg;https:\/\/images.novelship.com\/product\/_grade_school__air_jordan_13_retro__white_wolf_gre_4_47142.jpeg;https:\/\/images.novelship.com\/product\/_grade_school__air_jordan_13_retro__white_wolf_gre_5_47142.jpeg;https:\/\/images.novelship.com\/product\/_grade_school__air_jordan_13_retro__white_wolf_gre_6_47142.jpeg;https:\/\/images.novelship.com\/product\/_grade_school__air_jordan_13_retro__white_wolf_gre_7_47142.jpeg","contentUrl":"https:\/\/images.novelship.com\/product\/_grade_school__air_jordan_13_retro__white_wolf_gre_0_47142.jpeg;https:\/\/images.novelship.com\/product\/_grade_school__air_jordan_13_retro__white_wolf_gre_1_47142.jpeg;https:\/\/images.novelship.com\/product\/_grade_school__air_jordan_13_retro__white_wolf_gre_2_47142.jpeg;https:\/\/images.novelship.com\/product\/_grade_school__air_jordan_13_retro__white_wolf_gre_3_47142.jpeg;https:\/\/images.novelship.com\/product\/_grade_school__air_jordan_13_retro__white_wolf_gre_4_47142.jpeg;https:\/\/images.novelship.com\/product\/_grade_school__air_jordan_13_retro__white_wolf_gre_5_47142.jpeg;https:\/\/images.novelship.com\/product\/_grade_school__air_jordan_13_retro__white_wolf_gre_6_47142.jpeg;https:\/\/images.novelship.com\/product\/_grade_school__air_jordan_13_retro__white_wolf_gre_7_47142.jpeg"},{"@type":"BreadcrumbList","@id":"https:\/\/tourcruiser.com\/fr\/products\/grade-school-air-jordan-13-retro-white-wolf-grey-dj3003-160\/#breadcrumb","itemListElement":[{"@type":"ListItem","position":1,"name":"Home","item":"https:\/\/tourcruiser.com\/fr\/"},{"@type":"ListItem","position":2,"name":"Shop","item":"https:\/\/tourcruiser.com\/fr\/shop\/"},{"@type":"ListItem","position":3,"name":"(Grade School) Air Jordan 13 Retro &#8216;White Wolf Grey&#8217; DJ3003-160"}]},{"@type":"WebSite","@id":"\/#website","url":"\/","name":"Styloral Jewelry Shop","description":"Tourcruiser Sneaker Store \u2014 L\u2019endroit o\u00f9 l\u2019univers rencontre votre singularit\u00e9.","publisher":{"@id":"\/#organization"},"potentialAction":[{"@type":"SearchAction","target":{"@type":"EntryPoint","urlTemplate":"\/?s={search_term_string}"},"query-input":{"@type":"PropertyValueSpecification","valueRequired":true,"valueName":"search_term_string"}}],"inLanguage":"fr-FR"},{"@type":"Organization","@id":"\/#organization","name":"STYLORAL PTE. LTD","url":"\/","logo":{"@type":"ImageObject","inLanguage":"fr-FR","@id":"\/#\/schema\/logo\/image\/","url":"https:\/\/www.tourcruiser.com\/wp-content\/uploads\/2025\/12\/logo.png","contentUrl":"https:\/\/www.tourcruiser.com\/wp-content\/uploads\/2025\/12\/logo.png","width":200,"height":65,"caption":"STYLORAL PTE. LTD"},"image":{"@id":"\/#\/schema\/logo\/image\/"}}]}},"_links":{"self":[{"href":"https:\/\/tourcruiser.com\/fr\/wp-json\/wp\/v2\/product\/770145","targetHints":{"allow":["GET"]}}],"collection":[{"href":"https:\/\/tourcruiser.com\/fr\/wp-json\/wp\/v2\/product"}],"about":[{"href":"https:\/\/tourcruiser.com\/fr\/wp-json\/wp\/v2\/types\/product"}],"replies":[{"embeddable":true,"href":"https:\/\/tourcruiser.com\/fr\/wp-json\/wp\/v2\/comments?post=770145"}],"wp:featuredmedia":[{"embeddable":true,"href":"https:\/\/tourcruiser.com\/fr\/wp-json\/wp\/v2\/media\/770146"}],"wp:attachment":[{"href":"https:\/\/tourcruiser.com\/fr\/wp-json\/wp\/v2\/media?parent=770145"}],"wp:term":[{"taxonomy":"product_brand","embeddable":true,"href":"https:\/\/tourcruiser.com\/fr\/wp-json\/wp\/v2\/product_brand?post=770145"},{"taxonomy":"product_cat","embeddable":true,"href":"https:\/\/tourcruiser.com\/fr\/wp-json\/wp\/v2\/product_cat?post=770145"},{"taxonomy":"product_tag","embeddable":true,"href":"https:\/\/tourcruiser.com\/fr\/wp-json\/wp\/v2\/product_tag?post=770145"}],"curies":[{"name":"wp","href":"https:\/\/api.w.org\/{rel}","templated":true}]}}