{"id":770080,"date":"2026-04-16T17:14:01","date_gmt":"2026-04-16T10:14:01","guid":{"rendered":"http:\/\/tourcruiser.com\/product\/youth-air-jordan-4-retro-hyper-violet-fq1314-151"},"modified":"2026-04-17T23:03:13","modified_gmt":"2026-04-17T16:03:13","slug":"youth-air-jordan-4-retro-hyper-violet-fq1314-151","status":"publish","type":"product","link":"https:\/\/tourcruiser.com\/fr\/products\/youth-air-jordan-4-retro-hyper-violet-fq1314-151\/","title":{"rendered":"(Youth) Air Jordan 4 Retro &lsquo;Hyper Violet&rsquo; FQ1314-151"},"content":{"rendered":"<p>Adoptez un style iconique avec les sneakers Air Jordan 4 Retro \u00ab Hyper Violet \u00bb. Ces sneakers pour enfants arborent une combinaison de couleurs \u00e9clatantes : bleu roi, rose et blanc, et affichent fi\u00e8rement le logo Jumpman. L&#8217;empeigne en cuir premium garantit durabilit\u00e9 et confort, tandis que l&rsquo;unit\u00e9 Air-Sole assure un excellent amorti. Les Air Jordan 4 Retro \u00ab Hyper Violet \u00bb apporteront une touche d&rsquo;originalit\u00e9 \u00e0 votre style et feront de vous la star de la cour de r\u00e9cr\u00e9ation\u00a0: un incontournable pour tous les jeunes fans de sneakers.<\/p>\n<p>Coloris\u00a0: Blanc\/Hyper Violet<br \/>\nCode article\u00a0: FQ1314-151<br \/>\nEmpeigne\u00a0: Cuir<br \/>\nSemelle interm\u00e9diaire\u00a0: Air<br \/>\nDesigner\u00a0: Tinker Hatfield<br \/>\nSaison\u00a0: Printemps<br \/>\nAnn\u00e9e de sortie\u00a0: 2024<\/p>\n<p>\u00c2ge\u00a0: Adulte<br \/>\nCouleur\u00a0: Vert menthe\/Blanc nuage\/Blanc cristal<br \/>\nGenre\u00a0: Enfant<\/p>\n","protected":false},"excerpt":{"rendered":"<p>Adoptez un style iconique avec les sneakers Air Jordan 4 Retro \u00ab Hyper Violet \u00bb. Ces sneakers pour enfants arborent une combinaison de couleurs \u00e9clatantes : bleu roi, rose et blanc, et affichent fi\u00e8rement le logo Jumpman. L&#8217;empeigne en cuir premium garantit durabilit\u00e9 et confort, tandis que l&rsquo;unit\u00e9 Air-Sole assure un excellent amorti. Les Air [&hellip;]<\/p>\n","protected":false},"featured_media":770081,"comment_status":"open","ping_status":"closed","template":"","meta":[],"product_brand":[],"product_cat":[38880],"product_tag":[10750,38861,38988,10776,10756,39039],"class_list":{"0":"post-770080","1":"product","2":"type-product","3":"status-publish","4":"has-post-thumbnail","6":"product_cat-jordan","7":"product_tag-athleisure-shoes","8":"product_tag-below-retail-price","9":"product_tag-casual-shoes-for-kids","10":"product_tag-jordan","11":"product_tag-retro-casual-shoes","12":"product_tag-sneakers-for-kids","14":"first","15":"instock","16":"taxable","17":"shipping-taxable","18":"purchasable","19":"product-type-simple"},"wcpa_form_fields":null,"yoast_head":"<!-- This site is optimized with the Yoast SEO plugin v26.5 - https:\/\/yoast.com\/wordpress\/plugins\/seo\/ -->\n<title>(Youth) Air Jordan 4 Retro &#039;Hyper Violet&#039; FQ1314-151 - TOURCRUISER PTE. LTD<\/title>\n<meta name=\"robots\" content=\"index, follow, max-snippet:-1, max-image-preview:large, max-video-preview:-1\" \/>\n<link rel=\"canonical\" href=\"https:\/\/tourcruiser.com\/fr\/products\/youth-air-jordan-4-retro-hyper-violet-fq1314-151\/\" \/>\n<meta property=\"og:locale\" content=\"fr_FR\" \/>\n<meta property=\"og:type\" content=\"article\" \/>\n<meta property=\"og:title\" content=\"(Youth) Air Jordan 4 Retro &#039;Hyper Violet&#039; FQ1314-151 - TOURCRUISER PTE. LTD\" \/>\n<meta property=\"og:description\" content=\"Adoptez un style iconique avec les sneakers Air Jordan 4 Retro \u00ab Hyper Violet \u00bb. Ces sneakers pour enfants arborent une combinaison de couleurs \u00e9clatantes : bleu roi, rose et blanc, et affichent fi\u00e8rement le logo Jumpman. L&#8217;empeigne en cuir premium garantit durabilit\u00e9 et confort, tandis que l&rsquo;unit\u00e9 Air-Sole assure un excellent amorti. Les Air [&hellip;]\" \/>\n<meta property=\"og:url\" content=\"https:\/\/tourcruiser.com\/fr\/products\/youth-air-jordan-4-retro-hyper-violet-fq1314-151\/\" \/>\n<meta property=\"og:site_name\" content=\"Tourcruiser Sneaker Store\" \/>\n<meta property=\"article:modified_time\" content=\"2026-04-17T16:03:13+00:00\" \/>\n<meta name=\"twitter:card\" content=\"summary_large_image\" \/>\n<meta name=\"twitter:image\" content=\"https:\/\/images.novelship.com\/product\/_youth__air_jordan_4_retro__hyper_violet__fq1314_1_0_91008.png\" \/>\n<meta name=\"twitter:label1\" content=\"Dur\u00e9e de lecture estim\u00e9e\" \/>\n\t<meta name=\"twitter:data1\" content=\"1 minute\" \/>\n<script type=\"application\/ld+json\" class=\"yoast-schema-graph\">{\"@context\":\"https:\/\/schema.org\",\"@graph\":[{\"@type\":\"WebPage\",\"@id\":\"https:\/\/tourcruiser.com\/fr\/products\/youth-air-jordan-4-retro-hyper-violet-fq1314-151\/\",\"url\":\"https:\/\/tourcruiser.com\/fr\/products\/youth-air-jordan-4-retro-hyper-violet-fq1314-151\/\",\"name\":\"(Youth) Air Jordan 4 Retro 'Hyper Violet' FQ1314-151 - TOURCRUISER PTE. LTD\",\"isPartOf\":{\"@id\":\"\/#website\"},\"primaryImageOfPage\":{\"@id\":\"https:\/\/tourcruiser.com\/fr\/products\/youth-air-jordan-4-retro-hyper-violet-fq1314-151\/#primaryimage\"},\"image\":{\"@id\":\"https:\/\/tourcruiser.com\/fr\/products\/youth-air-jordan-4-retro-hyper-violet-fq1314-151\/#primaryimage\"},\"thumbnailUrl\":\"https:\/\/images.novelship.com\/product\/_youth__air_jordan_4_retro__hyper_violet__fq1314_1_0_91008.png\",\"datePublished\":\"2026-04-16T10:14:01+00:00\",\"dateModified\":\"2026-04-17T16:03:13+00:00\",\"breadcrumb\":{\"@id\":\"https:\/\/tourcruiser.com\/fr\/products\/youth-air-jordan-4-retro-hyper-violet-fq1314-151\/#breadcrumb\"},\"inLanguage\":\"fr-FR\",\"potentialAction\":[{\"@type\":\"ReadAction\",\"target\":[\"https:\/\/tourcruiser.com\/fr\/products\/youth-air-jordan-4-retro-hyper-violet-fq1314-151\/\"]}]},{\"@type\":\"ImageObject\",\"inLanguage\":\"fr-FR\",\"@id\":\"https:\/\/tourcruiser.com\/fr\/products\/youth-air-jordan-4-retro-hyper-violet-fq1314-151\/#primaryimage\",\"url\":\"https:\/\/images.novelship.com\/product\/_youth__air_jordan_4_retro__hyper_violet__fq1314_1_0_91008.png\",\"contentUrl\":\"https:\/\/images.novelship.com\/product\/_youth__air_jordan_4_retro__hyper_violet__fq1314_1_0_91008.png\"},{\"@type\":\"BreadcrumbList\",\"@id\":\"https:\/\/tourcruiser.com\/fr\/products\/youth-air-jordan-4-retro-hyper-violet-fq1314-151\/#breadcrumb\",\"itemListElement\":[{\"@type\":\"ListItem\",\"position\":1,\"name\":\"Home\",\"item\":\"https:\/\/tourcruiser.com\/fr\/\"},{\"@type\":\"ListItem\",\"position\":2,\"name\":\"Shop\",\"item\":\"https:\/\/tourcruiser.com\/fr\/shop\/\"},{\"@type\":\"ListItem\",\"position\":3,\"name\":\"(Youth) Air Jordan 4 Retro &#8216;Hyper Violet&#8217; FQ1314-151\"}]},{\"@type\":\"WebSite\",\"@id\":\"\/#website\",\"url\":\"\/\",\"name\":\"Styloral Jewelry Shop\",\"description\":\"Tourcruiser Sneaker Store \u2014 L\u2019endroit o\u00f9 l\u2019univers rencontre votre singularit\u00e9.\",\"publisher\":{\"@id\":\"\/#organization\"},\"potentialAction\":[{\"@type\":\"SearchAction\",\"target\":{\"@type\":\"EntryPoint\",\"urlTemplate\":\"\/?s={search_term_string}\"},\"query-input\":{\"@type\":\"PropertyValueSpecification\",\"valueRequired\":true,\"valueName\":\"search_term_string\"}}],\"inLanguage\":\"fr-FR\"},{\"@type\":\"Organization\",\"@id\":\"\/#organization\",\"name\":\"STYLORAL PTE. LTD\",\"url\":\"\/\",\"logo\":{\"@type\":\"ImageObject\",\"inLanguage\":\"fr-FR\",\"@id\":\"\/#\/schema\/logo\/image\/\",\"url\":\"https:\/\/www.tourcruiser.com\/wp-content\/uploads\/2025\/12\/logo.png\",\"contentUrl\":\"https:\/\/www.tourcruiser.com\/wp-content\/uploads\/2025\/12\/logo.png\",\"width\":200,\"height\":65,\"caption\":\"STYLORAL PTE. LTD\"},\"image\":{\"@id\":\"\/#\/schema\/logo\/image\/\"}}]}<\/script>\n<!-- \/ Yoast SEO plugin. -->","yoast_head_json":{"title":"(Youth) Air Jordan 4 Retro 'Hyper Violet' FQ1314-151 - TOURCRUISER PTE. LTD","robots":{"index":"index","follow":"follow","max-snippet":"max-snippet:-1","max-image-preview":"max-image-preview:large","max-video-preview":"max-video-preview:-1"},"canonical":"https:\/\/tourcruiser.com\/fr\/products\/youth-air-jordan-4-retro-hyper-violet-fq1314-151\/","og_locale":"fr_FR","og_type":"article","og_title":"(Youth) Air Jordan 4 Retro 'Hyper Violet' FQ1314-151 - TOURCRUISER PTE. LTD","og_description":"Adoptez un style iconique avec les sneakers Air Jordan 4 Retro \u00ab Hyper Violet \u00bb. Ces sneakers pour enfants arborent une combinaison de couleurs \u00e9clatantes : bleu roi, rose et blanc, et affichent fi\u00e8rement le logo Jumpman. L&#8217;empeigne en cuir premium garantit durabilit\u00e9 et confort, tandis que l&rsquo;unit\u00e9 Air-Sole assure un excellent amorti. Les Air [&hellip;]","og_url":"https:\/\/tourcruiser.com\/fr\/products\/youth-air-jordan-4-retro-hyper-violet-fq1314-151\/","og_site_name":"Tourcruiser Sneaker Store","article_modified_time":"2026-04-17T16:03:13+00:00","twitter_card":"summary_large_image","twitter_image":"https:\/\/images.novelship.com\/product\/_youth__air_jordan_4_retro__hyper_violet__fq1314_1_0_91008.png","twitter_misc":{"Dur\u00e9e de lecture estim\u00e9e":"1 minute"},"schema":{"@context":"https:\/\/schema.org","@graph":[{"@type":"WebPage","@id":"https:\/\/tourcruiser.com\/fr\/products\/youth-air-jordan-4-retro-hyper-violet-fq1314-151\/","url":"https:\/\/tourcruiser.com\/fr\/products\/youth-air-jordan-4-retro-hyper-violet-fq1314-151\/","name":"(Youth) Air Jordan 4 Retro 'Hyper Violet' FQ1314-151 - TOURCRUISER PTE. LTD","isPartOf":{"@id":"\/#website"},"primaryImageOfPage":{"@id":"https:\/\/tourcruiser.com\/fr\/products\/youth-air-jordan-4-retro-hyper-violet-fq1314-151\/#primaryimage"},"image":{"@id":"https:\/\/tourcruiser.com\/fr\/products\/youth-air-jordan-4-retro-hyper-violet-fq1314-151\/#primaryimage"},"thumbnailUrl":"https:\/\/images.novelship.com\/product\/_youth__air_jordan_4_retro__hyper_violet__fq1314_1_0_91008.png","datePublished":"2026-04-16T10:14:01+00:00","dateModified":"2026-04-17T16:03:13+00:00","breadcrumb":{"@id":"https:\/\/tourcruiser.com\/fr\/products\/youth-air-jordan-4-retro-hyper-violet-fq1314-151\/#breadcrumb"},"inLanguage":"fr-FR","potentialAction":[{"@type":"ReadAction","target":["https:\/\/tourcruiser.com\/fr\/products\/youth-air-jordan-4-retro-hyper-violet-fq1314-151\/"]}]},{"@type":"ImageObject","inLanguage":"fr-FR","@id":"https:\/\/tourcruiser.com\/fr\/products\/youth-air-jordan-4-retro-hyper-violet-fq1314-151\/#primaryimage","url":"https:\/\/images.novelship.com\/product\/_youth__air_jordan_4_retro__hyper_violet__fq1314_1_0_91008.png","contentUrl":"https:\/\/images.novelship.com\/product\/_youth__air_jordan_4_retro__hyper_violet__fq1314_1_0_91008.png"},{"@type":"BreadcrumbList","@id":"https:\/\/tourcruiser.com\/fr\/products\/youth-air-jordan-4-retro-hyper-violet-fq1314-151\/#breadcrumb","itemListElement":[{"@type":"ListItem","position":1,"name":"Home","item":"https:\/\/tourcruiser.com\/fr\/"},{"@type":"ListItem","position":2,"name":"Shop","item":"https:\/\/tourcruiser.com\/fr\/shop\/"},{"@type":"ListItem","position":3,"name":"(Youth) Air Jordan 4 Retro &#8216;Hyper Violet&#8217; FQ1314-151"}]},{"@type":"WebSite","@id":"\/#website","url":"\/","name":"Styloral Jewelry Shop","description":"Tourcruiser Sneaker Store \u2014 L\u2019endroit o\u00f9 l\u2019univers rencontre votre singularit\u00e9.","publisher":{"@id":"\/#organization"},"potentialAction":[{"@type":"SearchAction","target":{"@type":"EntryPoint","urlTemplate":"\/?s={search_term_string}"},"query-input":{"@type":"PropertyValueSpecification","valueRequired":true,"valueName":"search_term_string"}}],"inLanguage":"fr-FR"},{"@type":"Organization","@id":"\/#organization","name":"STYLORAL PTE. LTD","url":"\/","logo":{"@type":"ImageObject","inLanguage":"fr-FR","@id":"\/#\/schema\/logo\/image\/","url":"https:\/\/www.tourcruiser.com\/wp-content\/uploads\/2025\/12\/logo.png","contentUrl":"https:\/\/www.tourcruiser.com\/wp-content\/uploads\/2025\/12\/logo.png","width":200,"height":65,"caption":"STYLORAL PTE. LTD"},"image":{"@id":"\/#\/schema\/logo\/image\/"}}]}},"_links":{"self":[{"href":"https:\/\/tourcruiser.com\/fr\/wp-json\/wp\/v2\/product\/770080","targetHints":{"allow":["GET"]}}],"collection":[{"href":"https:\/\/tourcruiser.com\/fr\/wp-json\/wp\/v2\/product"}],"about":[{"href":"https:\/\/tourcruiser.com\/fr\/wp-json\/wp\/v2\/types\/product"}],"replies":[{"embeddable":true,"href":"https:\/\/tourcruiser.com\/fr\/wp-json\/wp\/v2\/comments?post=770080"}],"wp:featuredmedia":[{"embeddable":true,"href":"https:\/\/tourcruiser.com\/fr\/wp-json\/wp\/v2\/media\/770081"}],"wp:attachment":[{"href":"https:\/\/tourcruiser.com\/fr\/wp-json\/wp\/v2\/media?parent=770080"}],"wp:term":[{"taxonomy":"product_brand","embeddable":true,"href":"https:\/\/tourcruiser.com\/fr\/wp-json\/wp\/v2\/product_brand?post=770080"},{"taxonomy":"product_cat","embeddable":true,"href":"https:\/\/tourcruiser.com\/fr\/wp-json\/wp\/v2\/product_cat?post=770080"},{"taxonomy":"product_tag","embeddable":true,"href":"https:\/\/tourcruiser.com\/fr\/wp-json\/wp\/v2\/product_tag?post=770080"}],"curies":[{"name":"wp","href":"https:\/\/api.w.org\/{rel}","templated":true}]}}