{"id":769796,"date":"2026-04-16T17:13:52","date_gmt":"2026-04-16T10:13:52","guid":{"rendered":"http:\/\/tourcruiser.com\/product\/grade-school-air-jordan-1-mid-light-smoke-grey-554725-092"},"modified":"2026-04-17T23:02:49","modified_gmt":"2026-04-17T16:02:49","slug":"grade-school-air-jordan-1-mid-light-smoke-grey-554725-092","status":"publish","type":"product","link":"https:\/\/tourcruiser.com\/fr\/products\/grade-school-air-jordan-1-mid-light-smoke-grey-554725-092\/","title":{"rendered":"(Grade School) Air Jordan 1 Mid &lsquo;Light Smoke Grey&rsquo; 554725-092"},"content":{"rendered":"<p>La Air Jordan 1 Mid Light Smoke Grey (GS) est une sneaker \u00e9l\u00e9gante et styl\u00e9e pour les jeunes. Sign\u00e9e Jordan, cette chaussure arbore une teinte grise tendance qui s&rsquo;adapte \u00e0 toutes les occasions. Gr\u00e2ce \u00e0 sa fabrication de haute qualit\u00e9 et son confort optimal, c&rsquo;est un incontournable pour les jeunes fans de sneakers.<\/p>\n<p>Coloris : Light Smoke Grey\/Noir\/Blanc<\/p>\n<p>R\u00e9f\u00e9rence : 554725-092<\/p>\n<p>Tige : Cuir<\/p>\n<p>Semelle interm\u00e9diaire : Air<\/p>\n<p>Couleur : Gris<\/p>\n<p>Designer : Peter Moore<\/p>\n<p>Saison : Hiver<\/p>\n<p>Ann\u00e9e de sortie : 2020<\/p>\n<p>\u00c2ge : Adulte<\/p>\n<p>Couleur : Blanc nuage \/ Teinte violette \/ Argent m\u00e9tallis\u00e9<\/p>\n<p>Genre : Jeune<\/p>\n","protected":false},"excerpt":{"rendered":"<p>La Air Jordan 1 Mid Light Smoke Grey (GS) est une sneaker \u00e9l\u00e9gante et styl\u00e9e pour les jeunes. Sign\u00e9e Jordan, cette chaussure arbore une teinte grise tendance qui s&rsquo;adapte \u00e0 toutes les occasions. Gr\u00e2ce \u00e0 sa fabrication de haute qualit\u00e9 et son confort optimal, c&rsquo;est un incontournable pour les jeunes fans de sneakers. Coloris : [&hellip;]<\/p>\n","protected":false},"featured_media":769797,"comment_status":"open","ping_status":"closed","template":"","meta":[],"product_brand":[],"product_cat":[38880],"product_tag":[10750,38841,10776,10777,10756,38902],"class_list":{"0":"post-769796","1":"product","2":"type-product","3":"status-publish","4":"has-post-thumbnail","6":"product_cat-jordan","7":"product_tag-athleisure-shoes","8":"product_tag-casual-shoes","9":"product_tag-jordan","10":"product_tag-lifestyle-shoes-basketball-inspired","11":"product_tag-retro-casual-shoes","12":"product_tag-trendy-offers","14":"first","15":"instock","16":"taxable","17":"shipping-taxable","18":"purchasable","19":"product-type-simple"},"wcpa_form_fields":null,"yoast_head":"<!-- This site is optimized with the Yoast SEO plugin v26.5 - https:\/\/yoast.com\/wordpress\/plugins\/seo\/ -->\n<title>(Grade School) Air Jordan 1 Mid &#039;Light Smoke Grey&#039; 554725-092 - TOURCRUISER PTE. LTD<\/title>\n<meta name=\"robots\" content=\"index, follow, max-snippet:-1, max-image-preview:large, max-video-preview:-1\" \/>\n<link rel=\"canonical\" href=\"https:\/\/tourcruiser.com\/fr\/products\/grade-school-air-jordan-1-mid-light-smoke-grey-554725-092\/\" \/>\n<meta property=\"og:locale\" content=\"fr_FR\" \/>\n<meta property=\"og:type\" content=\"article\" \/>\n<meta property=\"og:title\" content=\"(Grade School) Air Jordan 1 Mid &#039;Light Smoke Grey&#039; 554725-092 - TOURCRUISER PTE. LTD\" \/>\n<meta property=\"og:description\" content=\"La Air Jordan 1 Mid Light Smoke Grey (GS) est une sneaker \u00e9l\u00e9gante et styl\u00e9e pour les jeunes. Sign\u00e9e Jordan, cette chaussure arbore une teinte grise tendance qui s&rsquo;adapte \u00e0 toutes les occasions. Gr\u00e2ce \u00e0 sa fabrication de haute qualit\u00e9 et son confort optimal, c&rsquo;est un incontournable pour les jeunes fans de sneakers. Coloris : [&hellip;]\" \/>\n<meta property=\"og:url\" content=\"https:\/\/tourcruiser.com\/fr\/products\/grade-school-air-jordan-1-mid-light-smoke-grey-554725-092\/\" \/>\n<meta property=\"og:site_name\" content=\"Tourcruiser Sneaker Store\" \/>\n<meta property=\"article:modified_time\" content=\"2026-04-17T16:02:49+00:00\" \/>\n<meta name=\"twitter:card\" content=\"summary_large_image\" \/>\n<meta name=\"twitter:image\" content=\"https:\/\/images.novelship.com\/product\/_grade_school__air_jordan_1_mid__light_smoke_grey__0_31416.jpeg;https:\/\/images.novelship.com\/product\/_grade_school__air_jordan_1_mid__light_smoke_grey__1_31416.jpeg;https:\/\/images.novelship.com\/product\/_grade_school__air_jordan_1_mid__light_smoke_grey__2_31416.jpeg;https:\/\/images.novelship.com\/product\/_grade_school__air_jordan_1_mid__light_smoke_grey__3_31416.jpeg;https:\/\/images.novelship.com\/product\/_grade_school__air_jordan_1_mid__light_smoke_grey__4_31416.jpeg;https:\/\/images.novelship.com\/product\/_grade_school__air_jordan_1_mid__light_smoke_grey__5_31416.jpeg;https:\/\/images.novelship.com\/product\/_grade_school__air_jordan_1_mid__light_smoke_grey__6_31416.jpeg;https:\/\/images.novelship.com\/product\/_grade_school__air_jordan_1_mid__light_smoke_grey__7_31416.jpeg\" \/>\n<script type=\"application\/ld+json\" class=\"yoast-schema-graph\">{\"@context\":\"https:\/\/schema.org\",\"@graph\":[{\"@type\":\"WebPage\",\"@id\":\"https:\/\/tourcruiser.com\/fr\/products\/grade-school-air-jordan-1-mid-light-smoke-grey-554725-092\/\",\"url\":\"https:\/\/tourcruiser.com\/fr\/products\/grade-school-air-jordan-1-mid-light-smoke-grey-554725-092\/\",\"name\":\"(Grade School) Air Jordan 1 Mid 'Light Smoke Grey' 554725-092 - TOURCRUISER PTE. LTD\",\"isPartOf\":{\"@id\":\"\/#website\"},\"primaryImageOfPage\":{\"@id\":\"https:\/\/tourcruiser.com\/fr\/products\/grade-school-air-jordan-1-mid-light-smoke-grey-554725-092\/#primaryimage\"},\"image\":{\"@id\":\"https:\/\/tourcruiser.com\/fr\/products\/grade-school-air-jordan-1-mid-light-smoke-grey-554725-092\/#primaryimage\"},\"thumbnailUrl\":\"https:\/\/images.novelship.com\/product\/_grade_school__air_jordan_1_mid__light_smoke_grey__0_31416.jpeg;https:\/\/images.novelship.com\/product\/_grade_school__air_jordan_1_mid__light_smoke_grey__1_31416.jpeg;https:\/\/images.novelship.com\/product\/_grade_school__air_jordan_1_mid__light_smoke_grey__2_31416.jpeg;https:\/\/images.novelship.com\/product\/_grade_school__air_jordan_1_mid__light_smoke_grey__3_31416.jpeg;https:\/\/images.novelship.com\/product\/_grade_school__air_jordan_1_mid__light_smoke_grey__4_31416.jpeg;https:\/\/images.novelship.com\/product\/_grade_school__air_jordan_1_mid__light_smoke_grey__5_31416.jpeg;https:\/\/images.novelship.com\/product\/_grade_school__air_jordan_1_mid__light_smoke_grey__6_31416.jpeg;https:\/\/images.novelship.com\/product\/_grade_school__air_jordan_1_mid__light_smoke_grey__7_31416.jpeg\",\"datePublished\":\"2026-04-16T10:13:52+00:00\",\"dateModified\":\"2026-04-17T16:02:49+00:00\",\"breadcrumb\":{\"@id\":\"https:\/\/tourcruiser.com\/fr\/products\/grade-school-air-jordan-1-mid-light-smoke-grey-554725-092\/#breadcrumb\"},\"inLanguage\":\"fr-FR\",\"potentialAction\":[{\"@type\":\"ReadAction\",\"target\":[\"https:\/\/tourcruiser.com\/fr\/products\/grade-school-air-jordan-1-mid-light-smoke-grey-554725-092\/\"]}]},{\"@type\":\"ImageObject\",\"inLanguage\":\"fr-FR\",\"@id\":\"https:\/\/tourcruiser.com\/fr\/products\/grade-school-air-jordan-1-mid-light-smoke-grey-554725-092\/#primaryimage\",\"url\":\"https:\/\/images.novelship.com\/product\/_grade_school__air_jordan_1_mid__light_smoke_grey__0_31416.jpeg;https:\/\/images.novelship.com\/product\/_grade_school__air_jordan_1_mid__light_smoke_grey__1_31416.jpeg;https:\/\/images.novelship.com\/product\/_grade_school__air_jordan_1_mid__light_smoke_grey__2_31416.jpeg;https:\/\/images.novelship.com\/product\/_grade_school__air_jordan_1_mid__light_smoke_grey__3_31416.jpeg;https:\/\/images.novelship.com\/product\/_grade_school__air_jordan_1_mid__light_smoke_grey__4_31416.jpeg;https:\/\/images.novelship.com\/product\/_grade_school__air_jordan_1_mid__light_smoke_grey__5_31416.jpeg;https:\/\/images.novelship.com\/product\/_grade_school__air_jordan_1_mid__light_smoke_grey__6_31416.jpeg;https:\/\/images.novelship.com\/product\/_grade_school__air_jordan_1_mid__light_smoke_grey__7_31416.jpeg\",\"contentUrl\":\"https:\/\/images.novelship.com\/product\/_grade_school__air_jordan_1_mid__light_smoke_grey__0_31416.jpeg;https:\/\/images.novelship.com\/product\/_grade_school__air_jordan_1_mid__light_smoke_grey__1_31416.jpeg;https:\/\/images.novelship.com\/product\/_grade_school__air_jordan_1_mid__light_smoke_grey__2_31416.jpeg;https:\/\/images.novelship.com\/product\/_grade_school__air_jordan_1_mid__light_smoke_grey__3_31416.jpeg;https:\/\/images.novelship.com\/product\/_grade_school__air_jordan_1_mid__light_smoke_grey__4_31416.jpeg;https:\/\/images.novelship.com\/product\/_grade_school__air_jordan_1_mid__light_smoke_grey__5_31416.jpeg;https:\/\/images.novelship.com\/product\/_grade_school__air_jordan_1_mid__light_smoke_grey__6_31416.jpeg;https:\/\/images.novelship.com\/product\/_grade_school__air_jordan_1_mid__light_smoke_grey__7_31416.jpeg\"},{\"@type\":\"BreadcrumbList\",\"@id\":\"https:\/\/tourcruiser.com\/fr\/products\/grade-school-air-jordan-1-mid-light-smoke-grey-554725-092\/#breadcrumb\",\"itemListElement\":[{\"@type\":\"ListItem\",\"position\":1,\"name\":\"Home\",\"item\":\"https:\/\/tourcruiser.com\/fr\/\"},{\"@type\":\"ListItem\",\"position\":2,\"name\":\"Shop\",\"item\":\"https:\/\/tourcruiser.com\/fr\/shop\/\"},{\"@type\":\"ListItem\",\"position\":3,\"name\":\"(Grade School) Air Jordan 1 Mid &#8216;Light Smoke Grey&#8217; 554725-092\"}]},{\"@type\":\"WebSite\",\"@id\":\"\/#website\",\"url\":\"\/\",\"name\":\"Styloral Jewelry Shop\",\"description\":\"Tourcruiser Sneaker Store \u2014 L\u2019endroit o\u00f9 l\u2019univers rencontre votre singularit\u00e9.\",\"publisher\":{\"@id\":\"\/#organization\"},\"potentialAction\":[{\"@type\":\"SearchAction\",\"target\":{\"@type\":\"EntryPoint\",\"urlTemplate\":\"\/?s={search_term_string}\"},\"query-input\":{\"@type\":\"PropertyValueSpecification\",\"valueRequired\":true,\"valueName\":\"search_term_string\"}}],\"inLanguage\":\"fr-FR\"},{\"@type\":\"Organization\",\"@id\":\"\/#organization\",\"name\":\"STYLORAL PTE. LTD\",\"url\":\"\/\",\"logo\":{\"@type\":\"ImageObject\",\"inLanguage\":\"fr-FR\",\"@id\":\"\/#\/schema\/logo\/image\/\",\"url\":\"https:\/\/www.tourcruiser.com\/wp-content\/uploads\/2025\/12\/logo.png\",\"contentUrl\":\"https:\/\/www.tourcruiser.com\/wp-content\/uploads\/2025\/12\/logo.png\",\"width\":200,\"height\":65,\"caption\":\"STYLORAL PTE. LTD\"},\"image\":{\"@id\":\"\/#\/schema\/logo\/image\/\"}}]}<\/script>\n<!-- \/ Yoast SEO plugin. -->","yoast_head_json":{"title":"(Grade School) Air Jordan 1 Mid 'Light Smoke Grey' 554725-092 - TOURCRUISER PTE. LTD","robots":{"index":"index","follow":"follow","max-snippet":"max-snippet:-1","max-image-preview":"max-image-preview:large","max-video-preview":"max-video-preview:-1"},"canonical":"https:\/\/tourcruiser.com\/fr\/products\/grade-school-air-jordan-1-mid-light-smoke-grey-554725-092\/","og_locale":"fr_FR","og_type":"article","og_title":"(Grade School) Air Jordan 1 Mid 'Light Smoke Grey' 554725-092 - TOURCRUISER PTE. LTD","og_description":"La Air Jordan 1 Mid Light Smoke Grey (GS) est une sneaker \u00e9l\u00e9gante et styl\u00e9e pour les jeunes. Sign\u00e9e Jordan, cette chaussure arbore une teinte grise tendance qui s&rsquo;adapte \u00e0 toutes les occasions. Gr\u00e2ce \u00e0 sa fabrication de haute qualit\u00e9 et son confort optimal, c&rsquo;est un incontournable pour les jeunes fans de sneakers. Coloris : [&hellip;]","og_url":"https:\/\/tourcruiser.com\/fr\/products\/grade-school-air-jordan-1-mid-light-smoke-grey-554725-092\/","og_site_name":"Tourcruiser Sneaker Store","article_modified_time":"2026-04-17T16:02:49+00:00","twitter_card":"summary_large_image","twitter_image":"https:\/\/images.novelship.com\/product\/_grade_school__air_jordan_1_mid__light_smoke_grey__0_31416.jpeg;https:\/\/images.novelship.com\/product\/_grade_school__air_jordan_1_mid__light_smoke_grey__1_31416.jpeg;https:\/\/images.novelship.com\/product\/_grade_school__air_jordan_1_mid__light_smoke_grey__2_31416.jpeg;https:\/\/images.novelship.com\/product\/_grade_school__air_jordan_1_mid__light_smoke_grey__3_31416.jpeg;https:\/\/images.novelship.com\/product\/_grade_school__air_jordan_1_mid__light_smoke_grey__4_31416.jpeg;https:\/\/images.novelship.com\/product\/_grade_school__air_jordan_1_mid__light_smoke_grey__5_31416.jpeg;https:\/\/images.novelship.com\/product\/_grade_school__air_jordan_1_mid__light_smoke_grey__6_31416.jpeg;https:\/\/images.novelship.com\/product\/_grade_school__air_jordan_1_mid__light_smoke_grey__7_31416.jpeg","schema":{"@context":"https:\/\/schema.org","@graph":[{"@type":"WebPage","@id":"https:\/\/tourcruiser.com\/fr\/products\/grade-school-air-jordan-1-mid-light-smoke-grey-554725-092\/","url":"https:\/\/tourcruiser.com\/fr\/products\/grade-school-air-jordan-1-mid-light-smoke-grey-554725-092\/","name":"(Grade School) Air Jordan 1 Mid 'Light Smoke Grey' 554725-092 - TOURCRUISER PTE. LTD","isPartOf":{"@id":"\/#website"},"primaryImageOfPage":{"@id":"https:\/\/tourcruiser.com\/fr\/products\/grade-school-air-jordan-1-mid-light-smoke-grey-554725-092\/#primaryimage"},"image":{"@id":"https:\/\/tourcruiser.com\/fr\/products\/grade-school-air-jordan-1-mid-light-smoke-grey-554725-092\/#primaryimage"},"thumbnailUrl":"https:\/\/images.novelship.com\/product\/_grade_school__air_jordan_1_mid__light_smoke_grey__0_31416.jpeg;https:\/\/images.novelship.com\/product\/_grade_school__air_jordan_1_mid__light_smoke_grey__1_31416.jpeg;https:\/\/images.novelship.com\/product\/_grade_school__air_jordan_1_mid__light_smoke_grey__2_31416.jpeg;https:\/\/images.novelship.com\/product\/_grade_school__air_jordan_1_mid__light_smoke_grey__3_31416.jpeg;https:\/\/images.novelship.com\/product\/_grade_school__air_jordan_1_mid__light_smoke_grey__4_31416.jpeg;https:\/\/images.novelship.com\/product\/_grade_school__air_jordan_1_mid__light_smoke_grey__5_31416.jpeg;https:\/\/images.novelship.com\/product\/_grade_school__air_jordan_1_mid__light_smoke_grey__6_31416.jpeg;https:\/\/images.novelship.com\/product\/_grade_school__air_jordan_1_mid__light_smoke_grey__7_31416.jpeg","datePublished":"2026-04-16T10:13:52+00:00","dateModified":"2026-04-17T16:02:49+00:00","breadcrumb":{"@id":"https:\/\/tourcruiser.com\/fr\/products\/grade-school-air-jordan-1-mid-light-smoke-grey-554725-092\/#breadcrumb"},"inLanguage":"fr-FR","potentialAction":[{"@type":"ReadAction","target":["https:\/\/tourcruiser.com\/fr\/products\/grade-school-air-jordan-1-mid-light-smoke-grey-554725-092\/"]}]},{"@type":"ImageObject","inLanguage":"fr-FR","@id":"https:\/\/tourcruiser.com\/fr\/products\/grade-school-air-jordan-1-mid-light-smoke-grey-554725-092\/#primaryimage","url":"https:\/\/images.novelship.com\/product\/_grade_school__air_jordan_1_mid__light_smoke_grey__0_31416.jpeg;https:\/\/images.novelship.com\/product\/_grade_school__air_jordan_1_mid__light_smoke_grey__1_31416.jpeg;https:\/\/images.novelship.com\/product\/_grade_school__air_jordan_1_mid__light_smoke_grey__2_31416.jpeg;https:\/\/images.novelship.com\/product\/_grade_school__air_jordan_1_mid__light_smoke_grey__3_31416.jpeg;https:\/\/images.novelship.com\/product\/_grade_school__air_jordan_1_mid__light_smoke_grey__4_31416.jpeg;https:\/\/images.novelship.com\/product\/_grade_school__air_jordan_1_mid__light_smoke_grey__5_31416.jpeg;https:\/\/images.novelship.com\/product\/_grade_school__air_jordan_1_mid__light_smoke_grey__6_31416.jpeg;https:\/\/images.novelship.com\/product\/_grade_school__air_jordan_1_mid__light_smoke_grey__7_31416.jpeg","contentUrl":"https:\/\/images.novelship.com\/product\/_grade_school__air_jordan_1_mid__light_smoke_grey__0_31416.jpeg;https:\/\/images.novelship.com\/product\/_grade_school__air_jordan_1_mid__light_smoke_grey__1_31416.jpeg;https:\/\/images.novelship.com\/product\/_grade_school__air_jordan_1_mid__light_smoke_grey__2_31416.jpeg;https:\/\/images.novelship.com\/product\/_grade_school__air_jordan_1_mid__light_smoke_grey__3_31416.jpeg;https:\/\/images.novelship.com\/product\/_grade_school__air_jordan_1_mid__light_smoke_grey__4_31416.jpeg;https:\/\/images.novelship.com\/product\/_grade_school__air_jordan_1_mid__light_smoke_grey__5_31416.jpeg;https:\/\/images.novelship.com\/product\/_grade_school__air_jordan_1_mid__light_smoke_grey__6_31416.jpeg;https:\/\/images.novelship.com\/product\/_grade_school__air_jordan_1_mid__light_smoke_grey__7_31416.jpeg"},{"@type":"BreadcrumbList","@id":"https:\/\/tourcruiser.com\/fr\/products\/grade-school-air-jordan-1-mid-light-smoke-grey-554725-092\/#breadcrumb","itemListElement":[{"@type":"ListItem","position":1,"name":"Home","item":"https:\/\/tourcruiser.com\/fr\/"},{"@type":"ListItem","position":2,"name":"Shop","item":"https:\/\/tourcruiser.com\/fr\/shop\/"},{"@type":"ListItem","position":3,"name":"(Grade School) Air Jordan 1 Mid &#8216;Light Smoke Grey&#8217; 554725-092"}]},{"@type":"WebSite","@id":"\/#website","url":"\/","name":"Styloral Jewelry Shop","description":"Tourcruiser Sneaker Store \u2014 L\u2019endroit o\u00f9 l\u2019univers rencontre votre singularit\u00e9.","publisher":{"@id":"\/#organization"},"potentialAction":[{"@type":"SearchAction","target":{"@type":"EntryPoint","urlTemplate":"\/?s={search_term_string}"},"query-input":{"@type":"PropertyValueSpecification","valueRequired":true,"valueName":"search_term_string"}}],"inLanguage":"fr-FR"},{"@type":"Organization","@id":"\/#organization","name":"STYLORAL PTE. LTD","url":"\/","logo":{"@type":"ImageObject","inLanguage":"fr-FR","@id":"\/#\/schema\/logo\/image\/","url":"https:\/\/www.tourcruiser.com\/wp-content\/uploads\/2025\/12\/logo.png","contentUrl":"https:\/\/www.tourcruiser.com\/wp-content\/uploads\/2025\/12\/logo.png","width":200,"height":65,"caption":"STYLORAL PTE. LTD"},"image":{"@id":"\/#\/schema\/logo\/image\/"}}]}},"_links":{"self":[{"href":"https:\/\/tourcruiser.com\/fr\/wp-json\/wp\/v2\/product\/769796","targetHints":{"allow":["GET"]}}],"collection":[{"href":"https:\/\/tourcruiser.com\/fr\/wp-json\/wp\/v2\/product"}],"about":[{"href":"https:\/\/tourcruiser.com\/fr\/wp-json\/wp\/v2\/types\/product"}],"replies":[{"embeddable":true,"href":"https:\/\/tourcruiser.com\/fr\/wp-json\/wp\/v2\/comments?post=769796"}],"wp:featuredmedia":[{"embeddable":true,"href":"https:\/\/tourcruiser.com\/fr\/wp-json\/wp\/v2\/media\/769797"}],"wp:attachment":[{"href":"https:\/\/tourcruiser.com\/fr\/wp-json\/wp\/v2\/media?parent=769796"}],"wp:term":[{"taxonomy":"product_brand","embeddable":true,"href":"https:\/\/tourcruiser.com\/fr\/wp-json\/wp\/v2\/product_brand?post=769796"},{"taxonomy":"product_cat","embeddable":true,"href":"https:\/\/tourcruiser.com\/fr\/wp-json\/wp\/v2\/product_cat?post=769796"},{"taxonomy":"product_tag","embeddable":true,"href":"https:\/\/tourcruiser.com\/fr\/wp-json\/wp\/v2\/product_tag?post=769796"}],"curies":[{"name":"wp","href":"https:\/\/api.w.org\/{rel}","templated":true}]}}