{"id":769600,"date":"2026-04-16T17:13:46","date_gmt":"2026-04-16T10:13:46","guid":{"rendered":"http:\/\/tourcruiser.com\/product\/grade-school-air-jordan-1-low-pollen-553560-171"},"modified":"2026-04-17T23:02:36","modified_gmt":"2026-04-17T16:02:36","slug":"grade-school-air-jordan-1-low-pollen-553560-171","status":"publish","type":"product","link":"https:\/\/tourcruiser.com\/fr\/products\/grade-school-air-jordan-1-low-pollen-553560-171\/","title":{"rendered":"(Grade School) Air Jordan 1 Low &lsquo;Pollen&rsquo; 553560-171"},"content":{"rendered":"<p>D\u00e9couvrez la Air Jordan 1 Low Pollen (GS) de Jordan. Cette sneaker basse styl\u00e9e arbore un coloris Pollen saisissant. Confectionn\u00e9e avec des mat\u00e9riaux haut de gamme, elle offre confort et durabilit\u00e9. Id\u00e9ale pour les loisirs ou le sport, cette sneaker est un incontournable pour tous les passionn\u00e9s de sneakers.<\/p>\n<p>Couleur : Blanc\/Pollen<\/p>\n<p>Code article : 553560-171<\/p>\n<p>Tige : Cuir<\/p>\n<p>Semelle interm\u00e9diaire : Air<\/p>\n<p>Couleur : Jaune<\/p>\n<p>Designer : Peter Moore<\/p>\n<p>Saison : Automne<\/p>\n<p>Ann\u00e9e de sortie : 2021<\/p>\n<p>\u00c2ge : Adulte<\/p>\n<p>Couleur : Blanc\/Bleu clair<\/p>\n<p>Genre : Enfant<\/p>\n","protected":false},"excerpt":{"rendered":"<p>D\u00e9couvrez la Air Jordan 1 Low Pollen (GS) de Jordan. Cette sneaker basse styl\u00e9e arbore un coloris Pollen saisissant. Confectionn\u00e9e avec des mat\u00e9riaux haut de gamme, elle offre confort et durabilit\u00e9. Id\u00e9ale pour les loisirs ou le sport, cette sneaker est un incontournable pour tous les passionn\u00e9s de sneakers. Couleur : Blanc\/Pollen Code article : [&hellip;]<\/p>\n","protected":false},"featured_media":769601,"comment_status":"open","ping_status":"closed","template":"","meta":[],"product_brand":[],"product_cat":[38880],"product_tag":[10750,38988,38874,10776,11349,38875,10756,39039,38902],"class_list":{"0":"post-769600","1":"product","2":"type-product","3":"status-publish","4":"has-post-thumbnail","6":"product_cat-jordan","7":"product_tag-athleisure-shoes","8":"product_tag-casual-shoes-for-kids","9":"product_tag-hari-raya-gs","10":"product_tag-jordan","11":"product_tag-jordan-basketball-shoes","12":"product_tag-jordan-skateboard-shoes","13":"product_tag-retro-casual-shoes","14":"product_tag-sneakers-for-kids","15":"product_tag-trendy-offers","17":"first","18":"instock","19":"taxable","20":"shipping-taxable","21":"purchasable","22":"product-type-simple"},"wcpa_form_fields":null,"yoast_head":"<!-- This site is optimized with the Yoast SEO plugin v26.5 - https:\/\/yoast.com\/wordpress\/plugins\/seo\/ -->\n<title>(Grade School) Air Jordan 1 Low &#039;Pollen&#039; 553560-171 - TOURCRUISER PTE. LTD<\/title>\n<meta name=\"robots\" content=\"index, follow, max-snippet:-1, max-image-preview:large, max-video-preview:-1\" \/>\n<link rel=\"canonical\" href=\"https:\/\/tourcruiser.com\/fr\/products\/grade-school-air-jordan-1-low-pollen-553560-171\/\" \/>\n<meta property=\"og:locale\" content=\"fr_FR\" \/>\n<meta property=\"og:type\" content=\"article\" \/>\n<meta property=\"og:title\" content=\"(Grade School) Air Jordan 1 Low &#039;Pollen&#039; 553560-171 - TOURCRUISER PTE. LTD\" \/>\n<meta property=\"og:description\" content=\"D\u00e9couvrez la Air Jordan 1 Low Pollen (GS) de Jordan. Cette sneaker basse styl\u00e9e arbore un coloris Pollen saisissant. Confectionn\u00e9e avec des mat\u00e9riaux haut de gamme, elle offre confort et durabilit\u00e9. Id\u00e9ale pour les loisirs ou le sport, cette sneaker est un incontournable pour tous les passionn\u00e9s de sneakers. Couleur : Blanc\/Pollen Code article : [&hellip;]\" \/>\n<meta property=\"og:url\" content=\"https:\/\/tourcruiser.com\/fr\/products\/grade-school-air-jordan-1-low-pollen-553560-171\/\" \/>\n<meta property=\"og:site_name\" content=\"Tourcruiser Sneaker Store\" \/>\n<meta property=\"article:modified_time\" content=\"2026-04-17T16:02:36+00:00\" \/>\n<meta name=\"twitter:card\" content=\"summary_large_image\" \/>\n<meta name=\"twitter:image\" content=\"https:\/\/images.novelship.com\/product\/_grade_school__air_jordan_1_low__pollen__553560_17_0_91705.jpeg;https:\/\/images.novelship.com\/product\/_grade_school__air_jordan_1_low__pollen__553560_17_1_91705.jpeg;https:\/\/images.novelship.com\/product\/_grade_school__air_jordan_1_low__pollen__553560_17_2_91705.jpeg;https:\/\/images.novelship.com\/product\/_grade_school__air_jordan_1_low__pollen__553560_17_3_91705.jpeg;https:\/\/images.novelship.com\/product\/_grade_school__air_jordan_1_low__pollen__553560_17_4_91705.jpeg;https:\/\/images.novelship.com\/product\/_grade_school__air_jordan_1_low__pollen__553560_17_5_91705.jpeg;https:\/\/images.novelship.com\/product\/_grade_school__air_jordan_1_low__pollen__553560_17_6_91705.jpeg;https:\/\/images.novelship.com\/product\/_grade_school__air_jordan_1_low__pollen__553560_17_7_91705.jpeg\" \/>\n<script type=\"application\/ld+json\" class=\"yoast-schema-graph\">{\"@context\":\"https:\/\/schema.org\",\"@graph\":[{\"@type\":\"WebPage\",\"@id\":\"https:\/\/tourcruiser.com\/fr\/products\/grade-school-air-jordan-1-low-pollen-553560-171\/\",\"url\":\"https:\/\/tourcruiser.com\/fr\/products\/grade-school-air-jordan-1-low-pollen-553560-171\/\",\"name\":\"(Grade School) Air Jordan 1 Low 'Pollen' 553560-171 - TOURCRUISER PTE. LTD\",\"isPartOf\":{\"@id\":\"\/#website\"},\"primaryImageOfPage\":{\"@id\":\"https:\/\/tourcruiser.com\/fr\/products\/grade-school-air-jordan-1-low-pollen-553560-171\/#primaryimage\"},\"image\":{\"@id\":\"https:\/\/tourcruiser.com\/fr\/products\/grade-school-air-jordan-1-low-pollen-553560-171\/#primaryimage\"},\"thumbnailUrl\":\"https:\/\/images.novelship.com\/product\/_grade_school__air_jordan_1_low__pollen__553560_17_0_91705.jpeg;https:\/\/images.novelship.com\/product\/_grade_school__air_jordan_1_low__pollen__553560_17_1_91705.jpeg;https:\/\/images.novelship.com\/product\/_grade_school__air_jordan_1_low__pollen__553560_17_2_91705.jpeg;https:\/\/images.novelship.com\/product\/_grade_school__air_jordan_1_low__pollen__553560_17_3_91705.jpeg;https:\/\/images.novelship.com\/product\/_grade_school__air_jordan_1_low__pollen__553560_17_4_91705.jpeg;https:\/\/images.novelship.com\/product\/_grade_school__air_jordan_1_low__pollen__553560_17_5_91705.jpeg;https:\/\/images.novelship.com\/product\/_grade_school__air_jordan_1_low__pollen__553560_17_6_91705.jpeg;https:\/\/images.novelship.com\/product\/_grade_school__air_jordan_1_low__pollen__553560_17_7_91705.jpeg\",\"datePublished\":\"2026-04-16T10:13:46+00:00\",\"dateModified\":\"2026-04-17T16:02:36+00:00\",\"breadcrumb\":{\"@id\":\"https:\/\/tourcruiser.com\/fr\/products\/grade-school-air-jordan-1-low-pollen-553560-171\/#breadcrumb\"},\"inLanguage\":\"fr-FR\",\"potentialAction\":[{\"@type\":\"ReadAction\",\"target\":[\"https:\/\/tourcruiser.com\/fr\/products\/grade-school-air-jordan-1-low-pollen-553560-171\/\"]}]},{\"@type\":\"ImageObject\",\"inLanguage\":\"fr-FR\",\"@id\":\"https:\/\/tourcruiser.com\/fr\/products\/grade-school-air-jordan-1-low-pollen-553560-171\/#primaryimage\",\"url\":\"https:\/\/images.novelship.com\/product\/_grade_school__air_jordan_1_low__pollen__553560_17_0_91705.jpeg;https:\/\/images.novelship.com\/product\/_grade_school__air_jordan_1_low__pollen__553560_17_1_91705.jpeg;https:\/\/images.novelship.com\/product\/_grade_school__air_jordan_1_low__pollen__553560_17_2_91705.jpeg;https:\/\/images.novelship.com\/product\/_grade_school__air_jordan_1_low__pollen__553560_17_3_91705.jpeg;https:\/\/images.novelship.com\/product\/_grade_school__air_jordan_1_low__pollen__553560_17_4_91705.jpeg;https:\/\/images.novelship.com\/product\/_grade_school__air_jordan_1_low__pollen__553560_17_5_91705.jpeg;https:\/\/images.novelship.com\/product\/_grade_school__air_jordan_1_low__pollen__553560_17_6_91705.jpeg;https:\/\/images.novelship.com\/product\/_grade_school__air_jordan_1_low__pollen__553560_17_7_91705.jpeg\",\"contentUrl\":\"https:\/\/images.novelship.com\/product\/_grade_school__air_jordan_1_low__pollen__553560_17_0_91705.jpeg;https:\/\/images.novelship.com\/product\/_grade_school__air_jordan_1_low__pollen__553560_17_1_91705.jpeg;https:\/\/images.novelship.com\/product\/_grade_school__air_jordan_1_low__pollen__553560_17_2_91705.jpeg;https:\/\/images.novelship.com\/product\/_grade_school__air_jordan_1_low__pollen__553560_17_3_91705.jpeg;https:\/\/images.novelship.com\/product\/_grade_school__air_jordan_1_low__pollen__553560_17_4_91705.jpeg;https:\/\/images.novelship.com\/product\/_grade_school__air_jordan_1_low__pollen__553560_17_5_91705.jpeg;https:\/\/images.novelship.com\/product\/_grade_school__air_jordan_1_low__pollen__553560_17_6_91705.jpeg;https:\/\/images.novelship.com\/product\/_grade_school__air_jordan_1_low__pollen__553560_17_7_91705.jpeg\"},{\"@type\":\"BreadcrumbList\",\"@id\":\"https:\/\/tourcruiser.com\/fr\/products\/grade-school-air-jordan-1-low-pollen-553560-171\/#breadcrumb\",\"itemListElement\":[{\"@type\":\"ListItem\",\"position\":1,\"name\":\"Home\",\"item\":\"https:\/\/tourcruiser.com\/fr\/\"},{\"@type\":\"ListItem\",\"position\":2,\"name\":\"Shop\",\"item\":\"https:\/\/tourcruiser.com\/fr\/shop\/\"},{\"@type\":\"ListItem\",\"position\":3,\"name\":\"(Grade School) Air Jordan 1 Low &#8216;Pollen&#8217; 553560-171\"}]},{\"@type\":\"WebSite\",\"@id\":\"\/#website\",\"url\":\"\/\",\"name\":\"Styloral Jewelry Shop\",\"description\":\"Tourcruiser Sneaker Store \u2014 L\u2019endroit o\u00f9 l\u2019univers rencontre votre singularit\u00e9.\",\"publisher\":{\"@id\":\"\/#organization\"},\"potentialAction\":[{\"@type\":\"SearchAction\",\"target\":{\"@type\":\"EntryPoint\",\"urlTemplate\":\"\/?s={search_term_string}\"},\"query-input\":{\"@type\":\"PropertyValueSpecification\",\"valueRequired\":true,\"valueName\":\"search_term_string\"}}],\"inLanguage\":\"fr-FR\"},{\"@type\":\"Organization\",\"@id\":\"\/#organization\",\"name\":\"STYLORAL PTE. LTD\",\"url\":\"\/\",\"logo\":{\"@type\":\"ImageObject\",\"inLanguage\":\"fr-FR\",\"@id\":\"\/#\/schema\/logo\/image\/\",\"url\":\"https:\/\/www.tourcruiser.com\/wp-content\/uploads\/2025\/12\/logo.png\",\"contentUrl\":\"https:\/\/www.tourcruiser.com\/wp-content\/uploads\/2025\/12\/logo.png\",\"width\":200,\"height\":65,\"caption\":\"STYLORAL PTE. LTD\"},\"image\":{\"@id\":\"\/#\/schema\/logo\/image\/\"}}]}<\/script>\n<!-- \/ Yoast SEO plugin. -->","yoast_head_json":{"title":"(Grade School) Air Jordan 1 Low 'Pollen' 553560-171 - TOURCRUISER PTE. LTD","robots":{"index":"index","follow":"follow","max-snippet":"max-snippet:-1","max-image-preview":"max-image-preview:large","max-video-preview":"max-video-preview:-1"},"canonical":"https:\/\/tourcruiser.com\/fr\/products\/grade-school-air-jordan-1-low-pollen-553560-171\/","og_locale":"fr_FR","og_type":"article","og_title":"(Grade School) Air Jordan 1 Low 'Pollen' 553560-171 - TOURCRUISER PTE. LTD","og_description":"D\u00e9couvrez la Air Jordan 1 Low Pollen (GS) de Jordan. Cette sneaker basse styl\u00e9e arbore un coloris Pollen saisissant. Confectionn\u00e9e avec des mat\u00e9riaux haut de gamme, elle offre confort et durabilit\u00e9. Id\u00e9ale pour les loisirs ou le sport, cette sneaker est un incontournable pour tous les passionn\u00e9s de sneakers. Couleur : Blanc\/Pollen Code article : [&hellip;]","og_url":"https:\/\/tourcruiser.com\/fr\/products\/grade-school-air-jordan-1-low-pollen-553560-171\/","og_site_name":"Tourcruiser Sneaker Store","article_modified_time":"2026-04-17T16:02:36+00:00","twitter_card":"summary_large_image","twitter_image":"https:\/\/images.novelship.com\/product\/_grade_school__air_jordan_1_low__pollen__553560_17_0_91705.jpeg;https:\/\/images.novelship.com\/product\/_grade_school__air_jordan_1_low__pollen__553560_17_1_91705.jpeg;https:\/\/images.novelship.com\/product\/_grade_school__air_jordan_1_low__pollen__553560_17_2_91705.jpeg;https:\/\/images.novelship.com\/product\/_grade_school__air_jordan_1_low__pollen__553560_17_3_91705.jpeg;https:\/\/images.novelship.com\/product\/_grade_school__air_jordan_1_low__pollen__553560_17_4_91705.jpeg;https:\/\/images.novelship.com\/product\/_grade_school__air_jordan_1_low__pollen__553560_17_5_91705.jpeg;https:\/\/images.novelship.com\/product\/_grade_school__air_jordan_1_low__pollen__553560_17_6_91705.jpeg;https:\/\/images.novelship.com\/product\/_grade_school__air_jordan_1_low__pollen__553560_17_7_91705.jpeg","schema":{"@context":"https:\/\/schema.org","@graph":[{"@type":"WebPage","@id":"https:\/\/tourcruiser.com\/fr\/products\/grade-school-air-jordan-1-low-pollen-553560-171\/","url":"https:\/\/tourcruiser.com\/fr\/products\/grade-school-air-jordan-1-low-pollen-553560-171\/","name":"(Grade School) Air Jordan 1 Low 'Pollen' 553560-171 - TOURCRUISER PTE. LTD","isPartOf":{"@id":"\/#website"},"primaryImageOfPage":{"@id":"https:\/\/tourcruiser.com\/fr\/products\/grade-school-air-jordan-1-low-pollen-553560-171\/#primaryimage"},"image":{"@id":"https:\/\/tourcruiser.com\/fr\/products\/grade-school-air-jordan-1-low-pollen-553560-171\/#primaryimage"},"thumbnailUrl":"https:\/\/images.novelship.com\/product\/_grade_school__air_jordan_1_low__pollen__553560_17_0_91705.jpeg;https:\/\/images.novelship.com\/product\/_grade_school__air_jordan_1_low__pollen__553560_17_1_91705.jpeg;https:\/\/images.novelship.com\/product\/_grade_school__air_jordan_1_low__pollen__553560_17_2_91705.jpeg;https:\/\/images.novelship.com\/product\/_grade_school__air_jordan_1_low__pollen__553560_17_3_91705.jpeg;https:\/\/images.novelship.com\/product\/_grade_school__air_jordan_1_low__pollen__553560_17_4_91705.jpeg;https:\/\/images.novelship.com\/product\/_grade_school__air_jordan_1_low__pollen__553560_17_5_91705.jpeg;https:\/\/images.novelship.com\/product\/_grade_school__air_jordan_1_low__pollen__553560_17_6_91705.jpeg;https:\/\/images.novelship.com\/product\/_grade_school__air_jordan_1_low__pollen__553560_17_7_91705.jpeg","datePublished":"2026-04-16T10:13:46+00:00","dateModified":"2026-04-17T16:02:36+00:00","breadcrumb":{"@id":"https:\/\/tourcruiser.com\/fr\/products\/grade-school-air-jordan-1-low-pollen-553560-171\/#breadcrumb"},"inLanguage":"fr-FR","potentialAction":[{"@type":"ReadAction","target":["https:\/\/tourcruiser.com\/fr\/products\/grade-school-air-jordan-1-low-pollen-553560-171\/"]}]},{"@type":"ImageObject","inLanguage":"fr-FR","@id":"https:\/\/tourcruiser.com\/fr\/products\/grade-school-air-jordan-1-low-pollen-553560-171\/#primaryimage","url":"https:\/\/images.novelship.com\/product\/_grade_school__air_jordan_1_low__pollen__553560_17_0_91705.jpeg;https:\/\/images.novelship.com\/product\/_grade_school__air_jordan_1_low__pollen__553560_17_1_91705.jpeg;https:\/\/images.novelship.com\/product\/_grade_school__air_jordan_1_low__pollen__553560_17_2_91705.jpeg;https:\/\/images.novelship.com\/product\/_grade_school__air_jordan_1_low__pollen__553560_17_3_91705.jpeg;https:\/\/images.novelship.com\/product\/_grade_school__air_jordan_1_low__pollen__553560_17_4_91705.jpeg;https:\/\/images.novelship.com\/product\/_grade_school__air_jordan_1_low__pollen__553560_17_5_91705.jpeg;https:\/\/images.novelship.com\/product\/_grade_school__air_jordan_1_low__pollen__553560_17_6_91705.jpeg;https:\/\/images.novelship.com\/product\/_grade_school__air_jordan_1_low__pollen__553560_17_7_91705.jpeg","contentUrl":"https:\/\/images.novelship.com\/product\/_grade_school__air_jordan_1_low__pollen__553560_17_0_91705.jpeg;https:\/\/images.novelship.com\/product\/_grade_school__air_jordan_1_low__pollen__553560_17_1_91705.jpeg;https:\/\/images.novelship.com\/product\/_grade_school__air_jordan_1_low__pollen__553560_17_2_91705.jpeg;https:\/\/images.novelship.com\/product\/_grade_school__air_jordan_1_low__pollen__553560_17_3_91705.jpeg;https:\/\/images.novelship.com\/product\/_grade_school__air_jordan_1_low__pollen__553560_17_4_91705.jpeg;https:\/\/images.novelship.com\/product\/_grade_school__air_jordan_1_low__pollen__553560_17_5_91705.jpeg;https:\/\/images.novelship.com\/product\/_grade_school__air_jordan_1_low__pollen__553560_17_6_91705.jpeg;https:\/\/images.novelship.com\/product\/_grade_school__air_jordan_1_low__pollen__553560_17_7_91705.jpeg"},{"@type":"BreadcrumbList","@id":"https:\/\/tourcruiser.com\/fr\/products\/grade-school-air-jordan-1-low-pollen-553560-171\/#breadcrumb","itemListElement":[{"@type":"ListItem","position":1,"name":"Home","item":"https:\/\/tourcruiser.com\/fr\/"},{"@type":"ListItem","position":2,"name":"Shop","item":"https:\/\/tourcruiser.com\/fr\/shop\/"},{"@type":"ListItem","position":3,"name":"(Grade School) Air Jordan 1 Low &#8216;Pollen&#8217; 553560-171"}]},{"@type":"WebSite","@id":"\/#website","url":"\/","name":"Styloral Jewelry Shop","description":"Tourcruiser Sneaker Store \u2014 L\u2019endroit o\u00f9 l\u2019univers rencontre votre singularit\u00e9.","publisher":{"@id":"\/#organization"},"potentialAction":[{"@type":"SearchAction","target":{"@type":"EntryPoint","urlTemplate":"\/?s={search_term_string}"},"query-input":{"@type":"PropertyValueSpecification","valueRequired":true,"valueName":"search_term_string"}}],"inLanguage":"fr-FR"},{"@type":"Organization","@id":"\/#organization","name":"STYLORAL PTE. LTD","url":"\/","logo":{"@type":"ImageObject","inLanguage":"fr-FR","@id":"\/#\/schema\/logo\/image\/","url":"https:\/\/www.tourcruiser.com\/wp-content\/uploads\/2025\/12\/logo.png","contentUrl":"https:\/\/www.tourcruiser.com\/wp-content\/uploads\/2025\/12\/logo.png","width":200,"height":65,"caption":"STYLORAL PTE. LTD"},"image":{"@id":"\/#\/schema\/logo\/image\/"}}]}},"_links":{"self":[{"href":"https:\/\/tourcruiser.com\/fr\/wp-json\/wp\/v2\/product\/769600","targetHints":{"allow":["GET"]}}],"collection":[{"href":"https:\/\/tourcruiser.com\/fr\/wp-json\/wp\/v2\/product"}],"about":[{"href":"https:\/\/tourcruiser.com\/fr\/wp-json\/wp\/v2\/types\/product"}],"replies":[{"embeddable":true,"href":"https:\/\/tourcruiser.com\/fr\/wp-json\/wp\/v2\/comments?post=769600"}],"wp:featuredmedia":[{"embeddable":true,"href":"https:\/\/tourcruiser.com\/fr\/wp-json\/wp\/v2\/media\/769601"}],"wp:attachment":[{"href":"https:\/\/tourcruiser.com\/fr\/wp-json\/wp\/v2\/media?parent=769600"}],"wp:term":[{"taxonomy":"product_brand","embeddable":true,"href":"https:\/\/tourcruiser.com\/fr\/wp-json\/wp\/v2\/product_brand?post=769600"},{"taxonomy":"product_cat","embeddable":true,"href":"https:\/\/tourcruiser.com\/fr\/wp-json\/wp\/v2\/product_cat?post=769600"},{"taxonomy":"product_tag","embeddable":true,"href":"https:\/\/tourcruiser.com\/fr\/wp-json\/wp\/v2\/product_tag?post=769600"}],"curies":[{"name":"wp","href":"https:\/\/api.w.org\/{rel}","templated":true}]}}