{"id":769577,"date":"2026-04-16T17:13:45","date_gmt":"2026-04-16T10:13:45","guid":{"rendered":"http:\/\/tourcruiser.com\/product\/grade-school-air-jordan-1-low-light-smoke-grey-553560-030"},"modified":"2026-04-17T23:02:34","modified_gmt":"2026-04-17T16:02:34","slug":"grade-school-air-jordan-1-low-light-smoke-grey-553560-030","status":"publish","type":"product","link":"https:\/\/tourcruiser.com\/fr\/products\/grade-school-air-jordan-1-low-light-smoke-grey-553560-030\/","title":{"rendered":"(Grade School) Air Jordan 1 Low &lsquo;Light Smoke Grey&rsquo; 553560-030"},"content":{"rendered":"<p>D\u00e9couvrez la Air Jordan 1 Low Light Smoke Grey (GS) de Jordan, une chaussure styl\u00e9e et polyvalente pour enfants et adolescents, dans un gris tendance. Son nom, \u00ab\u00a0Light Smoke Grey\u00a0\u00bb, refl\u00e8te parfaitement son design \u00e9pur\u00e9 et moderne. Cette basket basse offre un confort exceptionnel et des performances optimales, id\u00e9ales pour les enfants actifs. Avec la Air Jordan 1 Low Light Smoke Grey (GS), soyez pile dans la tendance\u00a0! Un incontournable pour les jeunes fans de sneakers.<\/p>\n<p>Coloris\u00a0: Light Smoke Grey\/Gym Red\/White<\/p>\n<p>Code article\u00a0: 553560-030<\/p>\n<p>Tige\u00a0: Cuir synth\u00e9tique<\/p>\n<p>Semelle interm\u00e9diaire\u00a0: Air<\/p>\n<p>Couleur\u00a0: Gris<\/p>\n<p>Designer\u00a0: Peter Moore<\/p>\n<p>Saison\u00a0: Automne<\/p>\n<p>Ann\u00e9e de sortie\u00a0: 2020<\/p>\n<p>\u00c2ge\u00a0: Adulte<\/p>\n<p>Couleur\u00a0: Pale Ivory\/Light Madder Root\/Sail\/Venice<\/p>\n<p>Genre\u00a0: Jeune<\/p>\n","protected":false},"excerpt":{"rendered":"<p>D\u00e9couvrez la Air Jordan 1 Low Light Smoke Grey (GS) de Jordan, une chaussure styl\u00e9e et polyvalente pour enfants et adolescents, dans un gris tendance. Son nom, \u00ab\u00a0Light Smoke Grey\u00a0\u00bb, refl\u00e8te parfaitement son design \u00e9pur\u00e9 et moderne. Cette basket basse offre un confort exceptionnel et des performances optimales, id\u00e9ales pour les enfants actifs. Avec la [&hellip;]<\/p>\n","protected":false},"featured_media":769578,"comment_status":"open","ping_status":"closed","template":"","meta":[],"product_brand":[],"product_cat":[38880],"product_tag":[10750,38988,38874,10776,11349,38875,10756,39039,38902],"class_list":{"0":"post-769577","1":"product","2":"type-product","3":"status-publish","4":"has-post-thumbnail","6":"product_cat-jordan","7":"product_tag-athleisure-shoes","8":"product_tag-casual-shoes-for-kids","9":"product_tag-hari-raya-gs","10":"product_tag-jordan","11":"product_tag-jordan-basketball-shoes","12":"product_tag-jordan-skateboard-shoes","13":"product_tag-retro-casual-shoes","14":"product_tag-sneakers-for-kids","15":"product_tag-trendy-offers","17":"first","18":"instock","19":"taxable","20":"shipping-taxable","21":"purchasable","22":"product-type-simple"},"wcpa_form_fields":null,"yoast_head":"<!-- This site is optimized with the Yoast SEO plugin v26.5 - https:\/\/yoast.com\/wordpress\/plugins\/seo\/ -->\n<title>(Grade School) Air Jordan 1 Low &#039;Light Smoke Grey&#039; 553560-030 - TOURCRUISER PTE. LTD<\/title>\n<meta name=\"robots\" content=\"index, follow, max-snippet:-1, max-image-preview:large, max-video-preview:-1\" \/>\n<link rel=\"canonical\" href=\"https:\/\/tourcruiser.com\/fr\/products\/grade-school-air-jordan-1-low-light-smoke-grey-553560-030\/\" \/>\n<meta property=\"og:locale\" content=\"fr_FR\" \/>\n<meta property=\"og:type\" content=\"article\" \/>\n<meta property=\"og:title\" content=\"(Grade School) Air Jordan 1 Low &#039;Light Smoke Grey&#039; 553560-030 - TOURCRUISER PTE. LTD\" \/>\n<meta property=\"og:description\" content=\"D\u00e9couvrez la Air Jordan 1 Low Light Smoke Grey (GS) de Jordan, une chaussure styl\u00e9e et polyvalente pour enfants et adolescents, dans un gris tendance. Son nom, \u00ab\u00a0Light Smoke Grey\u00a0\u00bb, refl\u00e8te parfaitement son design \u00e9pur\u00e9 et moderne. Cette basket basse offre un confort exceptionnel et des performances optimales, id\u00e9ales pour les enfants actifs. Avec la [&hellip;]\" \/>\n<meta property=\"og:url\" content=\"https:\/\/tourcruiser.com\/fr\/products\/grade-school-air-jordan-1-low-light-smoke-grey-553560-030\/\" \/>\n<meta property=\"og:site_name\" content=\"Tourcruiser Sneaker Store\" \/>\n<meta property=\"article:modified_time\" content=\"2026-04-17T16:02:34+00:00\" \/>\n<meta name=\"twitter:card\" content=\"summary_large_image\" \/>\n<meta name=\"twitter:image\" content=\"https:\/\/images.novelship.com\/product\/_grade_school__air_jordan_1_low__light_smoke_grey__0_70618.jpeg;https:\/\/images.novelship.com\/product\/_grade_school__air_jordan_1_low__light_smoke_grey__1_70618.jpeg;https:\/\/images.novelship.com\/product\/_grade_school__air_jordan_1_low__light_smoke_grey__2_70618.jpeg;https:\/\/images.novelship.com\/product\/_grade_school__air_jordan_1_low__light_smoke_grey__3_70618.jpeg;https:\/\/images.novelship.com\/product\/_grade_school__air_jordan_1_low__light_smoke_grey__4_70618.jpeg;https:\/\/images.novelship.com\/product\/_grade_school__air_jordan_1_low__light_smoke_grey__5_70618.jpeg;https:\/\/images.novelship.com\/product\/_grade_school__air_jordan_1_low__light_smoke_grey__6_70619.jpeg;https:\/\/images.novelship.com\/product\/_grade_school__air_jordan_1_low__light_smoke_grey__7_70619.jpeg\" \/>\n<meta name=\"twitter:label1\" content=\"Dur\u00e9e de lecture estim\u00e9e\" \/>\n\t<meta name=\"twitter:data1\" content=\"1 minute\" \/>\n<script type=\"application\/ld+json\" class=\"yoast-schema-graph\">{\"@context\":\"https:\/\/schema.org\",\"@graph\":[{\"@type\":\"WebPage\",\"@id\":\"https:\/\/tourcruiser.com\/fr\/products\/grade-school-air-jordan-1-low-light-smoke-grey-553560-030\/\",\"url\":\"https:\/\/tourcruiser.com\/fr\/products\/grade-school-air-jordan-1-low-light-smoke-grey-553560-030\/\",\"name\":\"(Grade School) Air Jordan 1 Low 'Light Smoke Grey' 553560-030 - TOURCRUISER PTE. LTD\",\"isPartOf\":{\"@id\":\"\/#website\"},\"primaryImageOfPage\":{\"@id\":\"https:\/\/tourcruiser.com\/fr\/products\/grade-school-air-jordan-1-low-light-smoke-grey-553560-030\/#primaryimage\"},\"image\":{\"@id\":\"https:\/\/tourcruiser.com\/fr\/products\/grade-school-air-jordan-1-low-light-smoke-grey-553560-030\/#primaryimage\"},\"thumbnailUrl\":\"https:\/\/images.novelship.com\/product\/_grade_school__air_jordan_1_low__light_smoke_grey__0_70618.jpeg;https:\/\/images.novelship.com\/product\/_grade_school__air_jordan_1_low__light_smoke_grey__1_70618.jpeg;https:\/\/images.novelship.com\/product\/_grade_school__air_jordan_1_low__light_smoke_grey__2_70618.jpeg;https:\/\/images.novelship.com\/product\/_grade_school__air_jordan_1_low__light_smoke_grey__3_70618.jpeg;https:\/\/images.novelship.com\/product\/_grade_school__air_jordan_1_low__light_smoke_grey__4_70618.jpeg;https:\/\/images.novelship.com\/product\/_grade_school__air_jordan_1_low__light_smoke_grey__5_70618.jpeg;https:\/\/images.novelship.com\/product\/_grade_school__air_jordan_1_low__light_smoke_grey__6_70619.jpeg;https:\/\/images.novelship.com\/product\/_grade_school__air_jordan_1_low__light_smoke_grey__7_70619.jpeg\",\"datePublished\":\"2026-04-16T10:13:45+00:00\",\"dateModified\":\"2026-04-17T16:02:34+00:00\",\"breadcrumb\":{\"@id\":\"https:\/\/tourcruiser.com\/fr\/products\/grade-school-air-jordan-1-low-light-smoke-grey-553560-030\/#breadcrumb\"},\"inLanguage\":\"fr-FR\",\"potentialAction\":[{\"@type\":\"ReadAction\",\"target\":[\"https:\/\/tourcruiser.com\/fr\/products\/grade-school-air-jordan-1-low-light-smoke-grey-553560-030\/\"]}]},{\"@type\":\"ImageObject\",\"inLanguage\":\"fr-FR\",\"@id\":\"https:\/\/tourcruiser.com\/fr\/products\/grade-school-air-jordan-1-low-light-smoke-grey-553560-030\/#primaryimage\",\"url\":\"https:\/\/images.novelship.com\/product\/_grade_school__air_jordan_1_low__light_smoke_grey__0_70618.jpeg;https:\/\/images.novelship.com\/product\/_grade_school__air_jordan_1_low__light_smoke_grey__1_70618.jpeg;https:\/\/images.novelship.com\/product\/_grade_school__air_jordan_1_low__light_smoke_grey__2_70618.jpeg;https:\/\/images.novelship.com\/product\/_grade_school__air_jordan_1_low__light_smoke_grey__3_70618.jpeg;https:\/\/images.novelship.com\/product\/_grade_school__air_jordan_1_low__light_smoke_grey__4_70618.jpeg;https:\/\/images.novelship.com\/product\/_grade_school__air_jordan_1_low__light_smoke_grey__5_70618.jpeg;https:\/\/images.novelship.com\/product\/_grade_school__air_jordan_1_low__light_smoke_grey__6_70619.jpeg;https:\/\/images.novelship.com\/product\/_grade_school__air_jordan_1_low__light_smoke_grey__7_70619.jpeg\",\"contentUrl\":\"https:\/\/images.novelship.com\/product\/_grade_school__air_jordan_1_low__light_smoke_grey__0_70618.jpeg;https:\/\/images.novelship.com\/product\/_grade_school__air_jordan_1_low__light_smoke_grey__1_70618.jpeg;https:\/\/images.novelship.com\/product\/_grade_school__air_jordan_1_low__light_smoke_grey__2_70618.jpeg;https:\/\/images.novelship.com\/product\/_grade_school__air_jordan_1_low__light_smoke_grey__3_70618.jpeg;https:\/\/images.novelship.com\/product\/_grade_school__air_jordan_1_low__light_smoke_grey__4_70618.jpeg;https:\/\/images.novelship.com\/product\/_grade_school__air_jordan_1_low__light_smoke_grey__5_70618.jpeg;https:\/\/images.novelship.com\/product\/_grade_school__air_jordan_1_low__light_smoke_grey__6_70619.jpeg;https:\/\/images.novelship.com\/product\/_grade_school__air_jordan_1_low__light_smoke_grey__7_70619.jpeg\"},{\"@type\":\"BreadcrumbList\",\"@id\":\"https:\/\/tourcruiser.com\/fr\/products\/grade-school-air-jordan-1-low-light-smoke-grey-553560-030\/#breadcrumb\",\"itemListElement\":[{\"@type\":\"ListItem\",\"position\":1,\"name\":\"Home\",\"item\":\"https:\/\/tourcruiser.com\/fr\/\"},{\"@type\":\"ListItem\",\"position\":2,\"name\":\"Shop\",\"item\":\"https:\/\/tourcruiser.com\/fr\/shop\/\"},{\"@type\":\"ListItem\",\"position\":3,\"name\":\"(Grade School) Air Jordan 1 Low &#8216;Light Smoke Grey&#8217; 553560-030\"}]},{\"@type\":\"WebSite\",\"@id\":\"\/#website\",\"url\":\"\/\",\"name\":\"Styloral Jewelry Shop\",\"description\":\"Tourcruiser Sneaker Store \u2014 L\u2019endroit o\u00f9 l\u2019univers rencontre votre singularit\u00e9.\",\"publisher\":{\"@id\":\"\/#organization\"},\"potentialAction\":[{\"@type\":\"SearchAction\",\"target\":{\"@type\":\"EntryPoint\",\"urlTemplate\":\"\/?s={search_term_string}\"},\"query-input\":{\"@type\":\"PropertyValueSpecification\",\"valueRequired\":true,\"valueName\":\"search_term_string\"}}],\"inLanguage\":\"fr-FR\"},{\"@type\":\"Organization\",\"@id\":\"\/#organization\",\"name\":\"STYLORAL PTE. LTD\",\"url\":\"\/\",\"logo\":{\"@type\":\"ImageObject\",\"inLanguage\":\"fr-FR\",\"@id\":\"\/#\/schema\/logo\/image\/\",\"url\":\"https:\/\/www.tourcruiser.com\/wp-content\/uploads\/2025\/12\/logo.png\",\"contentUrl\":\"https:\/\/www.tourcruiser.com\/wp-content\/uploads\/2025\/12\/logo.png\",\"width\":200,\"height\":65,\"caption\":\"STYLORAL PTE. LTD\"},\"image\":{\"@id\":\"\/#\/schema\/logo\/image\/\"}}]}<\/script>\n<!-- \/ Yoast SEO plugin. -->","yoast_head_json":{"title":"(Grade School) Air Jordan 1 Low 'Light Smoke Grey' 553560-030 - TOURCRUISER PTE. LTD","robots":{"index":"index","follow":"follow","max-snippet":"max-snippet:-1","max-image-preview":"max-image-preview:large","max-video-preview":"max-video-preview:-1"},"canonical":"https:\/\/tourcruiser.com\/fr\/products\/grade-school-air-jordan-1-low-light-smoke-grey-553560-030\/","og_locale":"fr_FR","og_type":"article","og_title":"(Grade School) Air Jordan 1 Low 'Light Smoke Grey' 553560-030 - TOURCRUISER PTE. LTD","og_description":"D\u00e9couvrez la Air Jordan 1 Low Light Smoke Grey (GS) de Jordan, une chaussure styl\u00e9e et polyvalente pour enfants et adolescents, dans un gris tendance. Son nom, \u00ab\u00a0Light Smoke Grey\u00a0\u00bb, refl\u00e8te parfaitement son design \u00e9pur\u00e9 et moderne. Cette basket basse offre un confort exceptionnel et des performances optimales, id\u00e9ales pour les enfants actifs. Avec la [&hellip;]","og_url":"https:\/\/tourcruiser.com\/fr\/products\/grade-school-air-jordan-1-low-light-smoke-grey-553560-030\/","og_site_name":"Tourcruiser Sneaker Store","article_modified_time":"2026-04-17T16:02:34+00:00","twitter_card":"summary_large_image","twitter_image":"https:\/\/images.novelship.com\/product\/_grade_school__air_jordan_1_low__light_smoke_grey__0_70618.jpeg;https:\/\/images.novelship.com\/product\/_grade_school__air_jordan_1_low__light_smoke_grey__1_70618.jpeg;https:\/\/images.novelship.com\/product\/_grade_school__air_jordan_1_low__light_smoke_grey__2_70618.jpeg;https:\/\/images.novelship.com\/product\/_grade_school__air_jordan_1_low__light_smoke_grey__3_70618.jpeg;https:\/\/images.novelship.com\/product\/_grade_school__air_jordan_1_low__light_smoke_grey__4_70618.jpeg;https:\/\/images.novelship.com\/product\/_grade_school__air_jordan_1_low__light_smoke_grey__5_70618.jpeg;https:\/\/images.novelship.com\/product\/_grade_school__air_jordan_1_low__light_smoke_grey__6_70619.jpeg;https:\/\/images.novelship.com\/product\/_grade_school__air_jordan_1_low__light_smoke_grey__7_70619.jpeg","twitter_misc":{"Dur\u00e9e de lecture estim\u00e9e":"1 minute"},"schema":{"@context":"https:\/\/schema.org","@graph":[{"@type":"WebPage","@id":"https:\/\/tourcruiser.com\/fr\/products\/grade-school-air-jordan-1-low-light-smoke-grey-553560-030\/","url":"https:\/\/tourcruiser.com\/fr\/products\/grade-school-air-jordan-1-low-light-smoke-grey-553560-030\/","name":"(Grade School) Air Jordan 1 Low 'Light Smoke Grey' 553560-030 - TOURCRUISER PTE. LTD","isPartOf":{"@id":"\/#website"},"primaryImageOfPage":{"@id":"https:\/\/tourcruiser.com\/fr\/products\/grade-school-air-jordan-1-low-light-smoke-grey-553560-030\/#primaryimage"},"image":{"@id":"https:\/\/tourcruiser.com\/fr\/products\/grade-school-air-jordan-1-low-light-smoke-grey-553560-030\/#primaryimage"},"thumbnailUrl":"https:\/\/images.novelship.com\/product\/_grade_school__air_jordan_1_low__light_smoke_grey__0_70618.jpeg;https:\/\/images.novelship.com\/product\/_grade_school__air_jordan_1_low__light_smoke_grey__1_70618.jpeg;https:\/\/images.novelship.com\/product\/_grade_school__air_jordan_1_low__light_smoke_grey__2_70618.jpeg;https:\/\/images.novelship.com\/product\/_grade_school__air_jordan_1_low__light_smoke_grey__3_70618.jpeg;https:\/\/images.novelship.com\/product\/_grade_school__air_jordan_1_low__light_smoke_grey__4_70618.jpeg;https:\/\/images.novelship.com\/product\/_grade_school__air_jordan_1_low__light_smoke_grey__5_70618.jpeg;https:\/\/images.novelship.com\/product\/_grade_school__air_jordan_1_low__light_smoke_grey__6_70619.jpeg;https:\/\/images.novelship.com\/product\/_grade_school__air_jordan_1_low__light_smoke_grey__7_70619.jpeg","datePublished":"2026-04-16T10:13:45+00:00","dateModified":"2026-04-17T16:02:34+00:00","breadcrumb":{"@id":"https:\/\/tourcruiser.com\/fr\/products\/grade-school-air-jordan-1-low-light-smoke-grey-553560-030\/#breadcrumb"},"inLanguage":"fr-FR","potentialAction":[{"@type":"ReadAction","target":["https:\/\/tourcruiser.com\/fr\/products\/grade-school-air-jordan-1-low-light-smoke-grey-553560-030\/"]}]},{"@type":"ImageObject","inLanguage":"fr-FR","@id":"https:\/\/tourcruiser.com\/fr\/products\/grade-school-air-jordan-1-low-light-smoke-grey-553560-030\/#primaryimage","url":"https:\/\/images.novelship.com\/product\/_grade_school__air_jordan_1_low__light_smoke_grey__0_70618.jpeg;https:\/\/images.novelship.com\/product\/_grade_school__air_jordan_1_low__light_smoke_grey__1_70618.jpeg;https:\/\/images.novelship.com\/product\/_grade_school__air_jordan_1_low__light_smoke_grey__2_70618.jpeg;https:\/\/images.novelship.com\/product\/_grade_school__air_jordan_1_low__light_smoke_grey__3_70618.jpeg;https:\/\/images.novelship.com\/product\/_grade_school__air_jordan_1_low__light_smoke_grey__4_70618.jpeg;https:\/\/images.novelship.com\/product\/_grade_school__air_jordan_1_low__light_smoke_grey__5_70618.jpeg;https:\/\/images.novelship.com\/product\/_grade_school__air_jordan_1_low__light_smoke_grey__6_70619.jpeg;https:\/\/images.novelship.com\/product\/_grade_school__air_jordan_1_low__light_smoke_grey__7_70619.jpeg","contentUrl":"https:\/\/images.novelship.com\/product\/_grade_school__air_jordan_1_low__light_smoke_grey__0_70618.jpeg;https:\/\/images.novelship.com\/product\/_grade_school__air_jordan_1_low__light_smoke_grey__1_70618.jpeg;https:\/\/images.novelship.com\/product\/_grade_school__air_jordan_1_low__light_smoke_grey__2_70618.jpeg;https:\/\/images.novelship.com\/product\/_grade_school__air_jordan_1_low__light_smoke_grey__3_70618.jpeg;https:\/\/images.novelship.com\/product\/_grade_school__air_jordan_1_low__light_smoke_grey__4_70618.jpeg;https:\/\/images.novelship.com\/product\/_grade_school__air_jordan_1_low__light_smoke_grey__5_70618.jpeg;https:\/\/images.novelship.com\/product\/_grade_school__air_jordan_1_low__light_smoke_grey__6_70619.jpeg;https:\/\/images.novelship.com\/product\/_grade_school__air_jordan_1_low__light_smoke_grey__7_70619.jpeg"},{"@type":"BreadcrumbList","@id":"https:\/\/tourcruiser.com\/fr\/products\/grade-school-air-jordan-1-low-light-smoke-grey-553560-030\/#breadcrumb","itemListElement":[{"@type":"ListItem","position":1,"name":"Home","item":"https:\/\/tourcruiser.com\/fr\/"},{"@type":"ListItem","position":2,"name":"Shop","item":"https:\/\/tourcruiser.com\/fr\/shop\/"},{"@type":"ListItem","position":3,"name":"(Grade School) Air Jordan 1 Low &#8216;Light Smoke Grey&#8217; 553560-030"}]},{"@type":"WebSite","@id":"\/#website","url":"\/","name":"Styloral Jewelry Shop","description":"Tourcruiser Sneaker Store \u2014 L\u2019endroit o\u00f9 l\u2019univers rencontre votre singularit\u00e9.","publisher":{"@id":"\/#organization"},"potentialAction":[{"@type":"SearchAction","target":{"@type":"EntryPoint","urlTemplate":"\/?s={search_term_string}"},"query-input":{"@type":"PropertyValueSpecification","valueRequired":true,"valueName":"search_term_string"}}],"inLanguage":"fr-FR"},{"@type":"Organization","@id":"\/#organization","name":"STYLORAL PTE. LTD","url":"\/","logo":{"@type":"ImageObject","inLanguage":"fr-FR","@id":"\/#\/schema\/logo\/image\/","url":"https:\/\/www.tourcruiser.com\/wp-content\/uploads\/2025\/12\/logo.png","contentUrl":"https:\/\/www.tourcruiser.com\/wp-content\/uploads\/2025\/12\/logo.png","width":200,"height":65,"caption":"STYLORAL PTE. LTD"},"image":{"@id":"\/#\/schema\/logo\/image\/"}}]}},"_links":{"self":[{"href":"https:\/\/tourcruiser.com\/fr\/wp-json\/wp\/v2\/product\/769577","targetHints":{"allow":["GET"]}}],"collection":[{"href":"https:\/\/tourcruiser.com\/fr\/wp-json\/wp\/v2\/product"}],"about":[{"href":"https:\/\/tourcruiser.com\/fr\/wp-json\/wp\/v2\/types\/product"}],"replies":[{"embeddable":true,"href":"https:\/\/tourcruiser.com\/fr\/wp-json\/wp\/v2\/comments?post=769577"}],"wp:featuredmedia":[{"embeddable":true,"href":"https:\/\/tourcruiser.com\/fr\/wp-json\/wp\/v2\/media\/769578"}],"wp:attachment":[{"href":"https:\/\/tourcruiser.com\/fr\/wp-json\/wp\/v2\/media?parent=769577"}],"wp:term":[{"taxonomy":"product_brand","embeddable":true,"href":"https:\/\/tourcruiser.com\/fr\/wp-json\/wp\/v2\/product_brand?post=769577"},{"taxonomy":"product_cat","embeddable":true,"href":"https:\/\/tourcruiser.com\/fr\/wp-json\/wp\/v2\/product_cat?post=769577"},{"taxonomy":"product_tag","embeddable":true,"href":"https:\/\/tourcruiser.com\/fr\/wp-json\/wp\/v2\/product_tag?post=769577"}],"curies":[{"name":"wp","href":"https:\/\/api.w.org\/{rel}","templated":true}]}}