{"id":769570,"date":"2026-04-16T17:13:45","date_gmt":"2026-04-16T10:13:45","guid":{"rendered":"http:\/\/tourcruiser.com\/product\/air-jordan-legacy-312-year-of-the-rabbit-fd9907-111"},"modified":"2026-04-17T23:02:34","modified_gmt":"2026-04-17T16:02:34","slug":"air-jordan-legacy-312-year-of-the-rabbit-fd9907-111","status":"publish","type":"product","link":"https:\/\/tourcruiser.com\/fr\/products\/air-jordan-legacy-312-year-of-the-rabbit-fd9907-111\/","title":{"rendered":"Air Jordan Legacy 312 &lsquo;Year of the Rabbit&rsquo; FD9907-111"},"content":{"rendered":"<p>Les sneakers Air Jordan Legacy 312 Year of the Rabbit de Jordan sont un incontournable pour les passionn\u00e9s de sneakers. Avec leur design unique inspir\u00e9 de l&rsquo;Ann\u00e9e du Lapin, ces sneakers offrent un confort et un style exceptionnels. Gr\u00e2ce au logo iconique Air Jordan et \u00e0 des mat\u00e9riaux haut de gamme, elles sont parfaites pour le sport comme pour le quotidien.<\/p>\n<p>Couleur : Coconut Milk\/Coconut Milk-Faded Green-Ivory<\/p>\n<p>Code article : FD9907-111<\/p>\n<p>Tige : Cuir<\/p>\n<p>Semelle interm\u00e9diaire : Air<\/p>\n<p>Designer : Don C<\/p>\n<p>Saison : Universelle<\/p>\n<p>Ann\u00e9e de sortie : 2023<\/p>\n<p>\u00c2ge : Adulte<\/p>\n<p>Couleur : Gris fum\u00e9 clair\/Rouge gym\/Blanc<\/p>\n<p>Genre : Homme<\/p>\n","protected":false},"excerpt":{"rendered":"<p>Les sneakers Air Jordan Legacy 312 Year of the Rabbit de Jordan sont un incontournable pour les passionn\u00e9s de sneakers. Avec leur design unique inspir\u00e9 de l&rsquo;Ann\u00e9e du Lapin, ces sneakers offrent un confort et un style exceptionnels. Gr\u00e2ce au logo iconique Air Jordan et \u00e0 des mat\u00e9riaux haut de gamme, elles sont parfaites pour [&hellip;]<\/p>\n","protected":false},"featured_media":769571,"comment_status":"open","ping_status":"closed","template":"","meta":[],"product_brand":[],"product_cat":[38880],"product_tag":[10750,38861,38841,38842,10776,10777,10756],"class_list":{"0":"post-769570","1":"product","2":"type-product","3":"status-publish","4":"has-post-thumbnail","6":"product_cat-jordan","7":"product_tag-athleisure-shoes","8":"product_tag-below-retail-price","9":"product_tag-casual-shoes","10":"product_tag-gift-idea-for-him","11":"product_tag-jordan","12":"product_tag-lifestyle-shoes-basketball-inspired","13":"product_tag-retro-casual-shoes","15":"first","16":"instock","17":"taxable","18":"shipping-taxable","19":"purchasable","20":"product-type-simple"},"wcpa_form_fields":null,"yoast_head":"<!-- This site is optimized with the Yoast SEO plugin v26.5 - https:\/\/yoast.com\/wordpress\/plugins\/seo\/ -->\n<title>Air Jordan Legacy 312 &#039;Year of the Rabbit&#039; FD9907-111 - TOURCRUISER PTE. LTD<\/title>\n<meta name=\"robots\" content=\"index, follow, max-snippet:-1, max-image-preview:large, max-video-preview:-1\" \/>\n<link rel=\"canonical\" href=\"https:\/\/tourcruiser.com\/fr\/products\/air-jordan-legacy-312-year-of-the-rabbit-fd9907-111\/\" \/>\n<meta property=\"og:locale\" content=\"fr_FR\" \/>\n<meta property=\"og:type\" content=\"article\" \/>\n<meta property=\"og:title\" content=\"Air Jordan Legacy 312 &#039;Year of the Rabbit&#039; FD9907-111 - TOURCRUISER PTE. LTD\" \/>\n<meta property=\"og:description\" content=\"Les sneakers Air Jordan Legacy 312 Year of the Rabbit de Jordan sont un incontournable pour les passionn\u00e9s de sneakers. Avec leur design unique inspir\u00e9 de l&rsquo;Ann\u00e9e du Lapin, ces sneakers offrent un confort et un style exceptionnels. Gr\u00e2ce au logo iconique Air Jordan et \u00e0 des mat\u00e9riaux haut de gamme, elles sont parfaites pour [&hellip;]\" \/>\n<meta property=\"og:url\" content=\"https:\/\/tourcruiser.com\/fr\/products\/air-jordan-legacy-312-year-of-the-rabbit-fd9907-111\/\" \/>\n<meta property=\"og:site_name\" content=\"Tourcruiser Sneaker Store\" \/>\n<meta property=\"article:modified_time\" content=\"2026-04-17T16:02:34+00:00\" \/>\n<meta name=\"twitter:card\" content=\"summary_large_image\" \/>\n<meta name=\"twitter:image\" content=\"https:\/\/images.novelship.com\/product\/air_jordan_legacy_312__year_of_the_rabbit__fd9907-_0_16900.jpeg;https:\/\/images.novelship.com\/product\/air_jordan_legacy_312__year_of_the_rabbit__fd9907-_1_16900.jpeg;https:\/\/images.novelship.com\/product\/air_jordan_legacy_312__year_of_the_rabbit__fd9907-_2_16900.jpeg;https:\/\/images.novelship.com\/product\/air_jordan_legacy_312__year_of_the_rabbit__fd9907-_3_16900.jpeg;https:\/\/images.novelship.com\/product\/air_jordan_legacy_312__year_of_the_rabbit__fd9907-_4_16900.jpeg;https:\/\/images.novelship.com\/product\/air_jordan_legacy_312__year_of_the_rabbit__fd9907-_5_16900.jpeg\" \/>\n<script type=\"application\/ld+json\" class=\"yoast-schema-graph\">{\"@context\":\"https:\/\/schema.org\",\"@graph\":[{\"@type\":\"WebPage\",\"@id\":\"https:\/\/tourcruiser.com\/fr\/products\/air-jordan-legacy-312-year-of-the-rabbit-fd9907-111\/\",\"url\":\"https:\/\/tourcruiser.com\/fr\/products\/air-jordan-legacy-312-year-of-the-rabbit-fd9907-111\/\",\"name\":\"Air Jordan Legacy 312 'Year of the Rabbit' FD9907-111 - TOURCRUISER PTE. LTD\",\"isPartOf\":{\"@id\":\"\/#website\"},\"primaryImageOfPage\":{\"@id\":\"https:\/\/tourcruiser.com\/fr\/products\/air-jordan-legacy-312-year-of-the-rabbit-fd9907-111\/#primaryimage\"},\"image\":{\"@id\":\"https:\/\/tourcruiser.com\/fr\/products\/air-jordan-legacy-312-year-of-the-rabbit-fd9907-111\/#primaryimage\"},\"thumbnailUrl\":\"https:\/\/images.novelship.com\/product\/air_jordan_legacy_312__year_of_the_rabbit__fd9907-_0_16900.jpeg;https:\/\/images.novelship.com\/product\/air_jordan_legacy_312__year_of_the_rabbit__fd9907-_1_16900.jpeg;https:\/\/images.novelship.com\/product\/air_jordan_legacy_312__year_of_the_rabbit__fd9907-_2_16900.jpeg;https:\/\/images.novelship.com\/product\/air_jordan_legacy_312__year_of_the_rabbit__fd9907-_3_16900.jpeg;https:\/\/images.novelship.com\/product\/air_jordan_legacy_312__year_of_the_rabbit__fd9907-_4_16900.jpeg;https:\/\/images.novelship.com\/product\/air_jordan_legacy_312__year_of_the_rabbit__fd9907-_5_16900.jpeg\",\"datePublished\":\"2026-04-16T10:13:45+00:00\",\"dateModified\":\"2026-04-17T16:02:34+00:00\",\"breadcrumb\":{\"@id\":\"https:\/\/tourcruiser.com\/fr\/products\/air-jordan-legacy-312-year-of-the-rabbit-fd9907-111\/#breadcrumb\"},\"inLanguage\":\"fr-FR\",\"potentialAction\":[{\"@type\":\"ReadAction\",\"target\":[\"https:\/\/tourcruiser.com\/fr\/products\/air-jordan-legacy-312-year-of-the-rabbit-fd9907-111\/\"]}]},{\"@type\":\"ImageObject\",\"inLanguage\":\"fr-FR\",\"@id\":\"https:\/\/tourcruiser.com\/fr\/products\/air-jordan-legacy-312-year-of-the-rabbit-fd9907-111\/#primaryimage\",\"url\":\"https:\/\/images.novelship.com\/product\/air_jordan_legacy_312__year_of_the_rabbit__fd9907-_0_16900.jpeg;https:\/\/images.novelship.com\/product\/air_jordan_legacy_312__year_of_the_rabbit__fd9907-_1_16900.jpeg;https:\/\/images.novelship.com\/product\/air_jordan_legacy_312__year_of_the_rabbit__fd9907-_2_16900.jpeg;https:\/\/images.novelship.com\/product\/air_jordan_legacy_312__year_of_the_rabbit__fd9907-_3_16900.jpeg;https:\/\/images.novelship.com\/product\/air_jordan_legacy_312__year_of_the_rabbit__fd9907-_4_16900.jpeg;https:\/\/images.novelship.com\/product\/air_jordan_legacy_312__year_of_the_rabbit__fd9907-_5_16900.jpeg\",\"contentUrl\":\"https:\/\/images.novelship.com\/product\/air_jordan_legacy_312__year_of_the_rabbit__fd9907-_0_16900.jpeg;https:\/\/images.novelship.com\/product\/air_jordan_legacy_312__year_of_the_rabbit__fd9907-_1_16900.jpeg;https:\/\/images.novelship.com\/product\/air_jordan_legacy_312__year_of_the_rabbit__fd9907-_2_16900.jpeg;https:\/\/images.novelship.com\/product\/air_jordan_legacy_312__year_of_the_rabbit__fd9907-_3_16900.jpeg;https:\/\/images.novelship.com\/product\/air_jordan_legacy_312__year_of_the_rabbit__fd9907-_4_16900.jpeg;https:\/\/images.novelship.com\/product\/air_jordan_legacy_312__year_of_the_rabbit__fd9907-_5_16900.jpeg\"},{\"@type\":\"BreadcrumbList\",\"@id\":\"https:\/\/tourcruiser.com\/fr\/products\/air-jordan-legacy-312-year-of-the-rabbit-fd9907-111\/#breadcrumb\",\"itemListElement\":[{\"@type\":\"ListItem\",\"position\":1,\"name\":\"Home\",\"item\":\"https:\/\/tourcruiser.com\/fr\/\"},{\"@type\":\"ListItem\",\"position\":2,\"name\":\"Shop\",\"item\":\"https:\/\/tourcruiser.com\/fr\/shop\/\"},{\"@type\":\"ListItem\",\"position\":3,\"name\":\"Air Jordan Legacy 312 &#8216;Year of the Rabbit&#8217; FD9907-111\"}]},{\"@type\":\"WebSite\",\"@id\":\"\/#website\",\"url\":\"\/\",\"name\":\"Styloral Jewelry Shop\",\"description\":\"Tourcruiser Sneaker Store \u2014 L\u2019endroit o\u00f9 l\u2019univers rencontre votre singularit\u00e9.\",\"publisher\":{\"@id\":\"\/#organization\"},\"potentialAction\":[{\"@type\":\"SearchAction\",\"target\":{\"@type\":\"EntryPoint\",\"urlTemplate\":\"\/?s={search_term_string}\"},\"query-input\":{\"@type\":\"PropertyValueSpecification\",\"valueRequired\":true,\"valueName\":\"search_term_string\"}}],\"inLanguage\":\"fr-FR\"},{\"@type\":\"Organization\",\"@id\":\"\/#organization\",\"name\":\"STYLORAL PTE. LTD\",\"url\":\"\/\",\"logo\":{\"@type\":\"ImageObject\",\"inLanguage\":\"fr-FR\",\"@id\":\"\/#\/schema\/logo\/image\/\",\"url\":\"https:\/\/www.tourcruiser.com\/wp-content\/uploads\/2025\/12\/logo.png\",\"contentUrl\":\"https:\/\/www.tourcruiser.com\/wp-content\/uploads\/2025\/12\/logo.png\",\"width\":200,\"height\":65,\"caption\":\"STYLORAL PTE. LTD\"},\"image\":{\"@id\":\"\/#\/schema\/logo\/image\/\"}}]}<\/script>\n<!-- \/ Yoast SEO plugin. -->","yoast_head_json":{"title":"Air Jordan Legacy 312 'Year of the Rabbit' FD9907-111 - TOURCRUISER PTE. LTD","robots":{"index":"index","follow":"follow","max-snippet":"max-snippet:-1","max-image-preview":"max-image-preview:large","max-video-preview":"max-video-preview:-1"},"canonical":"https:\/\/tourcruiser.com\/fr\/products\/air-jordan-legacy-312-year-of-the-rabbit-fd9907-111\/","og_locale":"fr_FR","og_type":"article","og_title":"Air Jordan Legacy 312 'Year of the Rabbit' FD9907-111 - TOURCRUISER PTE. LTD","og_description":"Les sneakers Air Jordan Legacy 312 Year of the Rabbit de Jordan sont un incontournable pour les passionn\u00e9s de sneakers. Avec leur design unique inspir\u00e9 de l&rsquo;Ann\u00e9e du Lapin, ces sneakers offrent un confort et un style exceptionnels. Gr\u00e2ce au logo iconique Air Jordan et \u00e0 des mat\u00e9riaux haut de gamme, elles sont parfaites pour [&hellip;]","og_url":"https:\/\/tourcruiser.com\/fr\/products\/air-jordan-legacy-312-year-of-the-rabbit-fd9907-111\/","og_site_name":"Tourcruiser Sneaker Store","article_modified_time":"2026-04-17T16:02:34+00:00","twitter_card":"summary_large_image","twitter_image":"https:\/\/images.novelship.com\/product\/air_jordan_legacy_312__year_of_the_rabbit__fd9907-_0_16900.jpeg;https:\/\/images.novelship.com\/product\/air_jordan_legacy_312__year_of_the_rabbit__fd9907-_1_16900.jpeg;https:\/\/images.novelship.com\/product\/air_jordan_legacy_312__year_of_the_rabbit__fd9907-_2_16900.jpeg;https:\/\/images.novelship.com\/product\/air_jordan_legacy_312__year_of_the_rabbit__fd9907-_3_16900.jpeg;https:\/\/images.novelship.com\/product\/air_jordan_legacy_312__year_of_the_rabbit__fd9907-_4_16900.jpeg;https:\/\/images.novelship.com\/product\/air_jordan_legacy_312__year_of_the_rabbit__fd9907-_5_16900.jpeg","schema":{"@context":"https:\/\/schema.org","@graph":[{"@type":"WebPage","@id":"https:\/\/tourcruiser.com\/fr\/products\/air-jordan-legacy-312-year-of-the-rabbit-fd9907-111\/","url":"https:\/\/tourcruiser.com\/fr\/products\/air-jordan-legacy-312-year-of-the-rabbit-fd9907-111\/","name":"Air Jordan Legacy 312 'Year of the Rabbit' FD9907-111 - TOURCRUISER PTE. LTD","isPartOf":{"@id":"\/#website"},"primaryImageOfPage":{"@id":"https:\/\/tourcruiser.com\/fr\/products\/air-jordan-legacy-312-year-of-the-rabbit-fd9907-111\/#primaryimage"},"image":{"@id":"https:\/\/tourcruiser.com\/fr\/products\/air-jordan-legacy-312-year-of-the-rabbit-fd9907-111\/#primaryimage"},"thumbnailUrl":"https:\/\/images.novelship.com\/product\/air_jordan_legacy_312__year_of_the_rabbit__fd9907-_0_16900.jpeg;https:\/\/images.novelship.com\/product\/air_jordan_legacy_312__year_of_the_rabbit__fd9907-_1_16900.jpeg;https:\/\/images.novelship.com\/product\/air_jordan_legacy_312__year_of_the_rabbit__fd9907-_2_16900.jpeg;https:\/\/images.novelship.com\/product\/air_jordan_legacy_312__year_of_the_rabbit__fd9907-_3_16900.jpeg;https:\/\/images.novelship.com\/product\/air_jordan_legacy_312__year_of_the_rabbit__fd9907-_4_16900.jpeg;https:\/\/images.novelship.com\/product\/air_jordan_legacy_312__year_of_the_rabbit__fd9907-_5_16900.jpeg","datePublished":"2026-04-16T10:13:45+00:00","dateModified":"2026-04-17T16:02:34+00:00","breadcrumb":{"@id":"https:\/\/tourcruiser.com\/fr\/products\/air-jordan-legacy-312-year-of-the-rabbit-fd9907-111\/#breadcrumb"},"inLanguage":"fr-FR","potentialAction":[{"@type":"ReadAction","target":["https:\/\/tourcruiser.com\/fr\/products\/air-jordan-legacy-312-year-of-the-rabbit-fd9907-111\/"]}]},{"@type":"ImageObject","inLanguage":"fr-FR","@id":"https:\/\/tourcruiser.com\/fr\/products\/air-jordan-legacy-312-year-of-the-rabbit-fd9907-111\/#primaryimage","url":"https:\/\/images.novelship.com\/product\/air_jordan_legacy_312__year_of_the_rabbit__fd9907-_0_16900.jpeg;https:\/\/images.novelship.com\/product\/air_jordan_legacy_312__year_of_the_rabbit__fd9907-_1_16900.jpeg;https:\/\/images.novelship.com\/product\/air_jordan_legacy_312__year_of_the_rabbit__fd9907-_2_16900.jpeg;https:\/\/images.novelship.com\/product\/air_jordan_legacy_312__year_of_the_rabbit__fd9907-_3_16900.jpeg;https:\/\/images.novelship.com\/product\/air_jordan_legacy_312__year_of_the_rabbit__fd9907-_4_16900.jpeg;https:\/\/images.novelship.com\/product\/air_jordan_legacy_312__year_of_the_rabbit__fd9907-_5_16900.jpeg","contentUrl":"https:\/\/images.novelship.com\/product\/air_jordan_legacy_312__year_of_the_rabbit__fd9907-_0_16900.jpeg;https:\/\/images.novelship.com\/product\/air_jordan_legacy_312__year_of_the_rabbit__fd9907-_1_16900.jpeg;https:\/\/images.novelship.com\/product\/air_jordan_legacy_312__year_of_the_rabbit__fd9907-_2_16900.jpeg;https:\/\/images.novelship.com\/product\/air_jordan_legacy_312__year_of_the_rabbit__fd9907-_3_16900.jpeg;https:\/\/images.novelship.com\/product\/air_jordan_legacy_312__year_of_the_rabbit__fd9907-_4_16900.jpeg;https:\/\/images.novelship.com\/product\/air_jordan_legacy_312__year_of_the_rabbit__fd9907-_5_16900.jpeg"},{"@type":"BreadcrumbList","@id":"https:\/\/tourcruiser.com\/fr\/products\/air-jordan-legacy-312-year-of-the-rabbit-fd9907-111\/#breadcrumb","itemListElement":[{"@type":"ListItem","position":1,"name":"Home","item":"https:\/\/tourcruiser.com\/fr\/"},{"@type":"ListItem","position":2,"name":"Shop","item":"https:\/\/tourcruiser.com\/fr\/shop\/"},{"@type":"ListItem","position":3,"name":"Air Jordan Legacy 312 &#8216;Year of the Rabbit&#8217; FD9907-111"}]},{"@type":"WebSite","@id":"\/#website","url":"\/","name":"Styloral Jewelry Shop","description":"Tourcruiser Sneaker Store \u2014 L\u2019endroit o\u00f9 l\u2019univers rencontre votre singularit\u00e9.","publisher":{"@id":"\/#organization"},"potentialAction":[{"@type":"SearchAction","target":{"@type":"EntryPoint","urlTemplate":"\/?s={search_term_string}"},"query-input":{"@type":"PropertyValueSpecification","valueRequired":true,"valueName":"search_term_string"}}],"inLanguage":"fr-FR"},{"@type":"Organization","@id":"\/#organization","name":"STYLORAL PTE. LTD","url":"\/","logo":{"@type":"ImageObject","inLanguage":"fr-FR","@id":"\/#\/schema\/logo\/image\/","url":"https:\/\/www.tourcruiser.com\/wp-content\/uploads\/2025\/12\/logo.png","contentUrl":"https:\/\/www.tourcruiser.com\/wp-content\/uploads\/2025\/12\/logo.png","width":200,"height":65,"caption":"STYLORAL PTE. LTD"},"image":{"@id":"\/#\/schema\/logo\/image\/"}}]}},"_links":{"self":[{"href":"https:\/\/tourcruiser.com\/fr\/wp-json\/wp\/v2\/product\/769570","targetHints":{"allow":["GET"]}}],"collection":[{"href":"https:\/\/tourcruiser.com\/fr\/wp-json\/wp\/v2\/product"}],"about":[{"href":"https:\/\/tourcruiser.com\/fr\/wp-json\/wp\/v2\/types\/product"}],"replies":[{"embeddable":true,"href":"https:\/\/tourcruiser.com\/fr\/wp-json\/wp\/v2\/comments?post=769570"}],"wp:featuredmedia":[{"embeddable":true,"href":"https:\/\/tourcruiser.com\/fr\/wp-json\/wp\/v2\/media\/769571"}],"wp:attachment":[{"href":"https:\/\/tourcruiser.com\/fr\/wp-json\/wp\/v2\/media?parent=769570"}],"wp:term":[{"taxonomy":"product_brand","embeddable":true,"href":"https:\/\/tourcruiser.com\/fr\/wp-json\/wp\/v2\/product_brand?post=769570"},{"taxonomy":"product_cat","embeddable":true,"href":"https:\/\/tourcruiser.com\/fr\/wp-json\/wp\/v2\/product_cat?post=769570"},{"taxonomy":"product_tag","embeddable":true,"href":"https:\/\/tourcruiser.com\/fr\/wp-json\/wp\/v2\/product_tag?post=769570"}],"curies":[{"name":"wp","href":"https:\/\/api.w.org\/{rel}","templated":true}]}}