{"id":769311,"date":"2026-04-16T17:13:37","date_gmt":"2026-04-16T10:13:37","guid":{"rendered":"http:\/\/tourcruiser.com\/product\/size-x-nike-dunk-low-dark-driftwood-do6712-200"},"modified":"2026-04-17T23:02:13","modified_gmt":"2026-04-17T16:02:13","slug":"size-x-nike-dunk-low-dark-driftwood-do6712-200","status":"publish","type":"product","link":"https:\/\/tourcruiser.com\/fr\/products\/size-x-nike-dunk-low-dark-driftwood-do6712-200\/","title":{"rendered":"size? x Nike Dunk Low &lsquo;Dark Driftwood&rsquo; DO6712-200"},"content":{"rendered":"<p>D\u00e9couvrez la Size? x Nike Dunk Low Dark Driftwood \u2013 une collaboration incontournable entre Size? et Nike. Cette sneaker iconique arbore un design \u00e9l\u00e9gant en Dark Driftwood et apporte une touche de sophistication \u00e0 toutes vos tenues. Confectionn\u00e9es \u00e0 partir de mat\u00e9riaux haut de gamme, ces Nike Dunk sont non seulement styl\u00e9es, mais aussi incroyablement confortables. Avec cette sneaker en \u00e9dition limit\u00e9e, vous ferez assur\u00e9ment sensation.<\/p>\n<p>Couleur : Dark Driftwood\/Bleu Photo-Rotin<\/p>\n<p>Code article : DO6712-200<\/p>\n<p>Mati\u00e8re ext\u00e9rieure : Cuir<\/p>\n<p>Couleur : Marron clair<\/p>\n<p>Cr\u00e9ateur : Peter Moore<\/p>\n<p>Saison : Printemps<\/p>\n<p>Ann\u00e9e de sortie : 2022<br \/>\n\u00c2ge : Adulte<\/p>\n<p>Couleur : Blanc\/Volt\/Gris Fant\u00f4me\/Noir<\/p>\n<p>Genre : Homme<\/p>\n","protected":false},"excerpt":{"rendered":"<p>D\u00e9couvrez la Size? x Nike Dunk Low Dark Driftwood \u2013 une collaboration incontournable entre Size? et Nike. Cette sneaker iconique arbore un design \u00e9l\u00e9gant en Dark Driftwood et apporte une touche de sophistication \u00e0 toutes vos tenues. Confectionn\u00e9es \u00e0 partir de mat\u00e9riaux haut de gamme, ces Nike Dunk sont non seulement styl\u00e9es, mais aussi incroyablement [&hellip;]<\/p>\n","protected":false},"featured_media":769312,"comment_status":"open","ping_status":"closed","template":"","meta":[],"product_brand":[],"product_cat":[10803],"product_tag":[10754,38957,10801,10756,39574],"class_list":{"0":"post-769311","1":"product","2":"type-product","3":"status-publish","4":"has-post-thumbnail","6":"product_cat-nike","7":"product_tag-lifestyle-casual-shoes","8":"product_tag-lifestyle-shoes-inspired-by-skateboarding","9":"product_tag-nike","10":"product_tag-retro-casual-shoes","11":"product_tag-the-best-gifts-under-100-euros","12":"wcpa_has_options","14":"first","15":"instock","16":"taxable","17":"shipping-taxable","18":"purchasable","19":"product-type-simple"},"wcpa_form_fields":{"rules":{"pric_overide_base_price":false,"pric_overide_base_price_if_gt_zero":false,"pric_overide_base_price_fully":false,"pric_cal_option_once":false,"pric_use_as_fee":false,"bind_quantity":false,"quantity_bind_formula":false},"fields":[{"type":"color-group","required":true,"elementId":"wcpa-color-group-66c4a75505e74","label":"Taille","inline":true,"priceOptions":"different_for_all","pricingType":"fixed","className":"hassizechart product-shoes-size-eu product-shoes-size","name":"color-group-66c4a75505e89","disp_type":"square","selection_type":"tick-border","disp_size":"44","show_label_inside":true,"adjust_width":true,"cart_display_type":"text","other_text":"Other","cl_rule":"show","col":6,"values":[{"label":"35.5","value":"EU 35.5","price":"","pimage":"","pimage_id":"","pthumb":"","color":""},{"label":"36","value":"EU 36","price":"","pimage":"","pimage_id":"","pthumb":"","color":"","selected":true},{"label":"36.5","value":"EU 36.5","price":"","pimage":"","pimage_id":"","pthumb":"","color":""},{"label":"37.5","value":"EU 37.5","price":"","pimage":"","pimage_id":"","pthumb":"","color":""},{"label":"38","value":"EU 38","price":"","pimage":"","pimage_id":"","pthumb":"","color":""},{"label":"38.5","value":"EU 38.5","price":"","pimage":"","pimage_id":"","pthumb":"","color":""},{"label":"39","value":"EU 39","price":"","pimage":"","pimage_id":"","pthumb":"","color":""},{"label":"40","value":"EU 40","price":"","pimage":"","pimage_id":"","pthumb":"","color":""},{"label":"40.5","value":"EU 40.5","price":"","pimage":"","pimage_id":"","pthumb":"","color":""},{"label":"41","value":"EU 41","price":"","pimage":"","pimage_id":"","pthumb":"","color":""},{"label":"42","value":"EU 42","price":"","pimage":"","pimage_id":"","pthumb":"","color":""},{"label":"42.5","value":"EU 42.5","price":"","pimage":"","pimage_id":"","pthumb":"","color":""},{"label":"43","value":"EU 43","price":"","pimage":"","pimage_id":"","pthumb":"","color":""},{"label":"44","value":"EU 44","price":"","pimage":"","pimage_id":"","pthumb":"","color":""},{"label":"44.5","value":"EU 44.5","price":"","pimage":"","pimage_id":"","pthumb":"","color":""},{"label":"45","value":"EU 45","price":"","pimage":"","pimage_id":"","pthumb":"","color":""},{"label":"45.5","value":"EU 45.5","price":"","pimage":"","pimage_id":"","pthumb":"","color":""},{"label":"46","value":"EU 46","price":"","pimage":"","pimage_id":"","pthumb":"","color":""},{"label":"47","value":"EU 47","price":"","pimage":"","pimage_id":"","pthumb":"","color":""},{"label":"47.5","value":"EU 47.5","price":"","pimage":"","pimage_id":"","pthumb":"","color":""},{"label":"48","value":"EU 48","price":"","pimage":"","pimage_id":"","pthumb":"","color":""}],"relations":[{"operator":false,"rules":[]}],"form_id":18106,"form_rules":{"pric_cal_option_once":false,"exclude_from_discount":false,"pric_use_as_fee":false,"fee_label":"Fee","render_after_acb":false,"disp_hide_options_price":false}}]},"yoast_head":"<!-- This site is optimized with the Yoast SEO plugin v26.5 - https:\/\/yoast.com\/wordpress\/plugins\/seo\/ -->\n<title>size? x Nike Dunk Low &#039;Dark Driftwood&#039; DO6712-200 - TOURCRUISER PTE. LTD<\/title>\n<meta name=\"robots\" content=\"index, follow, max-snippet:-1, max-image-preview:large, max-video-preview:-1\" \/>\n<link rel=\"canonical\" href=\"https:\/\/tourcruiser.com\/fr\/products\/size-x-nike-dunk-low-dark-driftwood-do6712-200\/\" \/>\n<meta property=\"og:locale\" content=\"fr_FR\" \/>\n<meta property=\"og:type\" content=\"article\" \/>\n<meta property=\"og:title\" content=\"size? x Nike Dunk Low &#039;Dark Driftwood&#039; DO6712-200 - TOURCRUISER PTE. LTD\" \/>\n<meta property=\"og:description\" content=\"D\u00e9couvrez la Size? x Nike Dunk Low Dark Driftwood \u2013 une collaboration incontournable entre Size? et Nike. Cette sneaker iconique arbore un design \u00e9l\u00e9gant en Dark Driftwood et apporte une touche de sophistication \u00e0 toutes vos tenues. Confectionn\u00e9es \u00e0 partir de mat\u00e9riaux haut de gamme, ces Nike Dunk sont non seulement styl\u00e9es, mais aussi incroyablement [&hellip;]\" \/>\n<meta property=\"og:url\" content=\"https:\/\/tourcruiser.com\/fr\/products\/size-x-nike-dunk-low-dark-driftwood-do6712-200\/\" \/>\n<meta property=\"og:site_name\" content=\"Tourcruiser Sneaker Store\" \/>\n<meta property=\"article:modified_time\" content=\"2026-04-17T16:02:13+00:00\" \/>\n<meta name=\"twitter:card\" content=\"summary_large_image\" \/>\n<meta name=\"twitter:image\" content=\"https:\/\/images.novelship.com\/product\/1653918264102_sizexNikeD0.png;https:\/\/images.novelship.com\/product\/1653918264102_sizexNikeD1.jpeg;https:\/\/images.novelship.com\/product\/1653918264102_sizexNikeD2.png;https:\/\/images.novelship.com\/product\/1653918264102_sizexNikeD3.png;https:\/\/images.novelship.com\/product\/1653918264102_sizexNikeD4.png;https:\/\/images.novelship.com\/product\/1653918264102_sizexNikeD5.png;https:\/\/images.novelship.com\/product\/1653918264102_sizexNikeD6.png;https:\/\/images.novelship.com\/product\/1653918264102_sizexNikeD7.png;https:\/\/images.novelship.com\/product\/1653918264103_sizexNikeD8.png\" \/>\n<meta name=\"twitter:label1\" content=\"Dur\u00e9e de lecture estim\u00e9e\" \/>\n\t<meta name=\"twitter:data1\" content=\"1 minute\" \/>\n<script type=\"application\/ld+json\" class=\"yoast-schema-graph\">{\"@context\":\"https:\/\/schema.org\",\"@graph\":[{\"@type\":\"WebPage\",\"@id\":\"https:\/\/tourcruiser.com\/fr\/products\/size-x-nike-dunk-low-dark-driftwood-do6712-200\/\",\"url\":\"https:\/\/tourcruiser.com\/fr\/products\/size-x-nike-dunk-low-dark-driftwood-do6712-200\/\",\"name\":\"size? x Nike Dunk Low 'Dark Driftwood' DO6712-200 - TOURCRUISER PTE. LTD\",\"isPartOf\":{\"@id\":\"https:\/\/tourcruiser.com\/fr\/#website\"},\"primaryImageOfPage\":{\"@id\":\"https:\/\/tourcruiser.com\/fr\/products\/size-x-nike-dunk-low-dark-driftwood-do6712-200\/#primaryimage\"},\"image\":{\"@id\":\"https:\/\/tourcruiser.com\/fr\/products\/size-x-nike-dunk-low-dark-driftwood-do6712-200\/#primaryimage\"},\"thumbnailUrl\":\"https:\/\/images.novelship.com\/product\/1653918264102_sizexNikeD0.png;https:\/\/images.novelship.com\/product\/1653918264102_sizexNikeD1.jpeg;https:\/\/images.novelship.com\/product\/1653918264102_sizexNikeD2.png;https:\/\/images.novelship.com\/product\/1653918264102_sizexNikeD3.png;https:\/\/images.novelship.com\/product\/1653918264102_sizexNikeD4.png;https:\/\/images.novelship.com\/product\/1653918264102_sizexNikeD5.png;https:\/\/images.novelship.com\/product\/1653918264102_sizexNikeD6.png;https:\/\/images.novelship.com\/product\/1653918264102_sizexNikeD7.png;https:\/\/images.novelship.com\/product\/1653918264103_sizexNikeD8.png\",\"datePublished\":\"2026-04-16T10:13:37+00:00\",\"dateModified\":\"2026-04-17T16:02:13+00:00\",\"breadcrumb\":{\"@id\":\"https:\/\/tourcruiser.com\/fr\/products\/size-x-nike-dunk-low-dark-driftwood-do6712-200\/#breadcrumb\"},\"inLanguage\":\"fr-FR\",\"potentialAction\":[{\"@type\":\"ReadAction\",\"target\":[\"https:\/\/tourcruiser.com\/fr\/products\/size-x-nike-dunk-low-dark-driftwood-do6712-200\/\"]}]},{\"@type\":\"ImageObject\",\"inLanguage\":\"fr-FR\",\"@id\":\"https:\/\/tourcruiser.com\/fr\/products\/size-x-nike-dunk-low-dark-driftwood-do6712-200\/#primaryimage\",\"url\":\"https:\/\/images.novelship.com\/product\/1653918264102_sizexNikeD0.png;https:\/\/images.novelship.com\/product\/1653918264102_sizexNikeD1.jpeg;https:\/\/images.novelship.com\/product\/1653918264102_sizexNikeD2.png;https:\/\/images.novelship.com\/product\/1653918264102_sizexNikeD3.png;https:\/\/images.novelship.com\/product\/1653918264102_sizexNikeD4.png;https:\/\/images.novelship.com\/product\/1653918264102_sizexNikeD5.png;https:\/\/images.novelship.com\/product\/1653918264102_sizexNikeD6.png;https:\/\/images.novelship.com\/product\/1653918264102_sizexNikeD7.png;https:\/\/images.novelship.com\/product\/1653918264103_sizexNikeD8.png\",\"contentUrl\":\"https:\/\/images.novelship.com\/product\/1653918264102_sizexNikeD0.png;https:\/\/images.novelship.com\/product\/1653918264102_sizexNikeD1.jpeg;https:\/\/images.novelship.com\/product\/1653918264102_sizexNikeD2.png;https:\/\/images.novelship.com\/product\/1653918264102_sizexNikeD3.png;https:\/\/images.novelship.com\/product\/1653918264102_sizexNikeD4.png;https:\/\/images.novelship.com\/product\/1653918264102_sizexNikeD5.png;https:\/\/images.novelship.com\/product\/1653918264102_sizexNikeD6.png;https:\/\/images.novelship.com\/product\/1653918264102_sizexNikeD7.png;https:\/\/images.novelship.com\/product\/1653918264103_sizexNikeD8.png\"},{\"@type\":\"BreadcrumbList\",\"@id\":\"https:\/\/tourcruiser.com\/fr\/products\/size-x-nike-dunk-low-dark-driftwood-do6712-200\/#breadcrumb\",\"itemListElement\":[{\"@type\":\"ListItem\",\"position\":1,\"name\":\"Home\",\"item\":\"https:\/\/tourcruiser.com\/fr\/\"},{\"@type\":\"ListItem\",\"position\":2,\"name\":\"Shop\",\"item\":\"https:\/\/tourcruiser.com\/fr\/shop\/\"},{\"@type\":\"ListItem\",\"position\":3,\"name\":\"size? x Nike Dunk Low &#8216;Dark Driftwood&#8217; DO6712-200\"}]},{\"@type\":\"WebSite\",\"@id\":\"https:\/\/tourcruiser.com\/fr\/#website\",\"url\":\"https:\/\/tourcruiser.com\/fr\/\",\"name\":\"Styloral Jewelry Shop\",\"description\":\"Tourcruiser Sneaker Store \u2014 L\u2019endroit o\u00f9 l\u2019univers rencontre votre singularit\u00e9.\",\"publisher\":{\"@id\":\"https:\/\/tourcruiser.com\/fr\/#organization\"},\"potentialAction\":[{\"@type\":\"SearchAction\",\"target\":{\"@type\":\"EntryPoint\",\"urlTemplate\":\"https:\/\/tourcruiser.com\/fr\/?s={search_term_string}\"},\"query-input\":{\"@type\":\"PropertyValueSpecification\",\"valueRequired\":true,\"valueName\":\"search_term_string\"}}],\"inLanguage\":\"fr-FR\"},{\"@type\":\"Organization\",\"@id\":\"https:\/\/tourcruiser.com\/fr\/#organization\",\"name\":\"STYLORAL PTE. LTD\",\"url\":\"https:\/\/tourcruiser.com\/fr\/\",\"logo\":{\"@type\":\"ImageObject\",\"inLanguage\":\"fr-FR\",\"@id\":\"https:\/\/tourcruiser.com\/fr\/#\/schema\/logo\/image\/\",\"url\":\"https:\/\/www.tourcruiser.com\/wp-content\/uploads\/2025\/12\/logo.png\",\"contentUrl\":\"https:\/\/www.tourcruiser.com\/wp-content\/uploads\/2025\/12\/logo.png\",\"width\":200,\"height\":65,\"caption\":\"STYLORAL PTE. LTD\"},\"image\":{\"@id\":\"https:\/\/tourcruiser.com\/fr\/#\/schema\/logo\/image\/\"}}]}<\/script>\n<!-- \/ Yoast SEO plugin. -->","yoast_head_json":{"title":"size? x Nike Dunk Low 'Dark Driftwood' DO6712-200 - TOURCRUISER PTE. LTD","robots":{"index":"index","follow":"follow","max-snippet":"max-snippet:-1","max-image-preview":"max-image-preview:large","max-video-preview":"max-video-preview:-1"},"canonical":"https:\/\/tourcruiser.com\/fr\/products\/size-x-nike-dunk-low-dark-driftwood-do6712-200\/","og_locale":"fr_FR","og_type":"article","og_title":"size? x Nike Dunk Low 'Dark Driftwood' DO6712-200 - TOURCRUISER PTE. LTD","og_description":"D\u00e9couvrez la Size? x Nike Dunk Low Dark Driftwood \u2013 une collaboration incontournable entre Size? et Nike. Cette sneaker iconique arbore un design \u00e9l\u00e9gant en Dark Driftwood et apporte une touche de sophistication \u00e0 toutes vos tenues. Confectionn\u00e9es \u00e0 partir de mat\u00e9riaux haut de gamme, ces Nike Dunk sont non seulement styl\u00e9es, mais aussi incroyablement [&hellip;]","og_url":"https:\/\/tourcruiser.com\/fr\/products\/size-x-nike-dunk-low-dark-driftwood-do6712-200\/","og_site_name":"Tourcruiser Sneaker Store","article_modified_time":"2026-04-17T16:02:13+00:00","twitter_card":"summary_large_image","twitter_image":"https:\/\/images.novelship.com\/product\/1653918264102_sizexNikeD0.png;https:\/\/images.novelship.com\/product\/1653918264102_sizexNikeD1.jpeg;https:\/\/images.novelship.com\/product\/1653918264102_sizexNikeD2.png;https:\/\/images.novelship.com\/product\/1653918264102_sizexNikeD3.png;https:\/\/images.novelship.com\/product\/1653918264102_sizexNikeD4.png;https:\/\/images.novelship.com\/product\/1653918264102_sizexNikeD5.png;https:\/\/images.novelship.com\/product\/1653918264102_sizexNikeD6.png;https:\/\/images.novelship.com\/product\/1653918264102_sizexNikeD7.png;https:\/\/images.novelship.com\/product\/1653918264103_sizexNikeD8.png","twitter_misc":{"Dur\u00e9e de lecture estim\u00e9e":"1 minute"},"schema":{"@context":"https:\/\/schema.org","@graph":[{"@type":"WebPage","@id":"https:\/\/tourcruiser.com\/fr\/products\/size-x-nike-dunk-low-dark-driftwood-do6712-200\/","url":"https:\/\/tourcruiser.com\/fr\/products\/size-x-nike-dunk-low-dark-driftwood-do6712-200\/","name":"size? x Nike Dunk Low 'Dark Driftwood' DO6712-200 - TOURCRUISER PTE. LTD","isPartOf":{"@id":"https:\/\/tourcruiser.com\/fr\/#website"},"primaryImageOfPage":{"@id":"https:\/\/tourcruiser.com\/fr\/products\/size-x-nike-dunk-low-dark-driftwood-do6712-200\/#primaryimage"},"image":{"@id":"https:\/\/tourcruiser.com\/fr\/products\/size-x-nike-dunk-low-dark-driftwood-do6712-200\/#primaryimage"},"thumbnailUrl":"https:\/\/images.novelship.com\/product\/1653918264102_sizexNikeD0.png;https:\/\/images.novelship.com\/product\/1653918264102_sizexNikeD1.jpeg;https:\/\/images.novelship.com\/product\/1653918264102_sizexNikeD2.png;https:\/\/images.novelship.com\/product\/1653918264102_sizexNikeD3.png;https:\/\/images.novelship.com\/product\/1653918264102_sizexNikeD4.png;https:\/\/images.novelship.com\/product\/1653918264102_sizexNikeD5.png;https:\/\/images.novelship.com\/product\/1653918264102_sizexNikeD6.png;https:\/\/images.novelship.com\/product\/1653918264102_sizexNikeD7.png;https:\/\/images.novelship.com\/product\/1653918264103_sizexNikeD8.png","datePublished":"2026-04-16T10:13:37+00:00","dateModified":"2026-04-17T16:02:13+00:00","breadcrumb":{"@id":"https:\/\/tourcruiser.com\/fr\/products\/size-x-nike-dunk-low-dark-driftwood-do6712-200\/#breadcrumb"},"inLanguage":"fr-FR","potentialAction":[{"@type":"ReadAction","target":["https:\/\/tourcruiser.com\/fr\/products\/size-x-nike-dunk-low-dark-driftwood-do6712-200\/"]}]},{"@type":"ImageObject","inLanguage":"fr-FR","@id":"https:\/\/tourcruiser.com\/fr\/products\/size-x-nike-dunk-low-dark-driftwood-do6712-200\/#primaryimage","url":"https:\/\/images.novelship.com\/product\/1653918264102_sizexNikeD0.png;https:\/\/images.novelship.com\/product\/1653918264102_sizexNikeD1.jpeg;https:\/\/images.novelship.com\/product\/1653918264102_sizexNikeD2.png;https:\/\/images.novelship.com\/product\/1653918264102_sizexNikeD3.png;https:\/\/images.novelship.com\/product\/1653918264102_sizexNikeD4.png;https:\/\/images.novelship.com\/product\/1653918264102_sizexNikeD5.png;https:\/\/images.novelship.com\/product\/1653918264102_sizexNikeD6.png;https:\/\/images.novelship.com\/product\/1653918264102_sizexNikeD7.png;https:\/\/images.novelship.com\/product\/1653918264103_sizexNikeD8.png","contentUrl":"https:\/\/images.novelship.com\/product\/1653918264102_sizexNikeD0.png;https:\/\/images.novelship.com\/product\/1653918264102_sizexNikeD1.jpeg;https:\/\/images.novelship.com\/product\/1653918264102_sizexNikeD2.png;https:\/\/images.novelship.com\/product\/1653918264102_sizexNikeD3.png;https:\/\/images.novelship.com\/product\/1653918264102_sizexNikeD4.png;https:\/\/images.novelship.com\/product\/1653918264102_sizexNikeD5.png;https:\/\/images.novelship.com\/product\/1653918264102_sizexNikeD6.png;https:\/\/images.novelship.com\/product\/1653918264102_sizexNikeD7.png;https:\/\/images.novelship.com\/product\/1653918264103_sizexNikeD8.png"},{"@type":"BreadcrumbList","@id":"https:\/\/tourcruiser.com\/fr\/products\/size-x-nike-dunk-low-dark-driftwood-do6712-200\/#breadcrumb","itemListElement":[{"@type":"ListItem","position":1,"name":"Home","item":"https:\/\/tourcruiser.com\/fr\/"},{"@type":"ListItem","position":2,"name":"Shop","item":"https:\/\/tourcruiser.com\/fr\/shop\/"},{"@type":"ListItem","position":3,"name":"size? x Nike Dunk Low &#8216;Dark Driftwood&#8217; DO6712-200"}]},{"@type":"WebSite","@id":"https:\/\/tourcruiser.com\/fr\/#website","url":"https:\/\/tourcruiser.com\/fr\/","name":"Styloral Jewelry Shop","description":"Tourcruiser Sneaker Store \u2014 L\u2019endroit o\u00f9 l\u2019univers rencontre votre singularit\u00e9.","publisher":{"@id":"https:\/\/tourcruiser.com\/fr\/#organization"},"potentialAction":[{"@type":"SearchAction","target":{"@type":"EntryPoint","urlTemplate":"https:\/\/tourcruiser.com\/fr\/?s={search_term_string}"},"query-input":{"@type":"PropertyValueSpecification","valueRequired":true,"valueName":"search_term_string"}}],"inLanguage":"fr-FR"},{"@type":"Organization","@id":"https:\/\/tourcruiser.com\/fr\/#organization","name":"STYLORAL PTE. LTD","url":"https:\/\/tourcruiser.com\/fr\/","logo":{"@type":"ImageObject","inLanguage":"fr-FR","@id":"https:\/\/tourcruiser.com\/fr\/#\/schema\/logo\/image\/","url":"https:\/\/www.tourcruiser.com\/wp-content\/uploads\/2025\/12\/logo.png","contentUrl":"https:\/\/www.tourcruiser.com\/wp-content\/uploads\/2025\/12\/logo.png","width":200,"height":65,"caption":"STYLORAL PTE. LTD"},"image":{"@id":"https:\/\/tourcruiser.com\/fr\/#\/schema\/logo\/image\/"}}]}},"_links":{"self":[{"href":"https:\/\/tourcruiser.com\/fr\/wp-json\/wp\/v2\/product\/769311","targetHints":{"allow":["GET"]}}],"collection":[{"href":"https:\/\/tourcruiser.com\/fr\/wp-json\/wp\/v2\/product"}],"about":[{"href":"https:\/\/tourcruiser.com\/fr\/wp-json\/wp\/v2\/types\/product"}],"replies":[{"embeddable":true,"href":"https:\/\/tourcruiser.com\/fr\/wp-json\/wp\/v2\/comments?post=769311"}],"wp:featuredmedia":[{"embeddable":true,"href":"https:\/\/tourcruiser.com\/fr\/wp-json\/wp\/v2\/media\/769312"}],"wp:attachment":[{"href":"https:\/\/tourcruiser.com\/fr\/wp-json\/wp\/v2\/media?parent=769311"}],"wp:term":[{"taxonomy":"product_brand","embeddable":true,"href":"https:\/\/tourcruiser.com\/fr\/wp-json\/wp\/v2\/product_brand?post=769311"},{"taxonomy":"product_cat","embeddable":true,"href":"https:\/\/tourcruiser.com\/fr\/wp-json\/wp\/v2\/product_cat?post=769311"},{"taxonomy":"product_tag","embeddable":true,"href":"https:\/\/tourcruiser.com\/fr\/wp-json\/wp\/v2\/product_tag?post=769311"}],"curies":[{"name":"wp","href":"https:\/\/api.w.org\/{rel}","templated":true}]}}