{"id":769282,"date":"2026-04-16T17:13:36","date_gmt":"2026-04-16T10:13:36","guid":{"rendered":"http:\/\/tourcruiser.com\/product\/grade-school-air-jordan-11-retro-bred-2019-378038-061"},"modified":"2026-04-17T23:02:11","modified_gmt":"2026-04-17T16:02:11","slug":"grade-school-air-jordan-11-retro-bred-2019-378038-061","status":"publish","type":"product","link":"https:\/\/tourcruiser.com\/fr\/products\/grade-school-air-jordan-11-retro-bred-2019-378038-061\/","title":{"rendered":"(Grade School) Air Jordan 11 Retro &lsquo;Bred&rsquo; 2019 378038-061"},"content":{"rendered":"<p>La Air Jordan 11 Retro Bred 2019 (GS) est un incontournable pour tous les jeunes passionn\u00e9s de sneakers. Ces baskets Jordan impressionnent par leur design noir \u00e9l\u00e9gant et leurs couleurs embl\u00e9matiques, rendant hommage \u00e0 la riche histoire de la marque. Que ce soit sur le terrain ou en ville, ces sneakers sont incroyablement r\u00e9sistantes et ne manqueront pas d&rsquo;attirer les regards. Ne ratez pas cette paire classique qui allie style et performance avec brio.<\/p>\n<p>Coloris : Noir\/Blanc\/Rouge<\/p>\n<p>R\u00e9f\u00e9rence : 378038-061<\/p>\n<p>Tige : Cuir<\/p>\n<p>Semelle interm\u00e9diaire : Air<\/p>\n<p>Couleur : Noir<\/p>\n<p>Saison : Hiver<\/p>\n<p>Ann\u00e9e de sortie : 2019<\/p>\n<p>\u00c2ge : Adulte<\/p>\n<p>Couleur : Gris ardoise\/B\u00e9ton\/Reflection<\/p>\n<p>Genre : Jeune<\/p>\n","protected":false},"excerpt":{"rendered":"<p>La Air Jordan 11 Retro Bred 2019 (GS) est un incontournable pour tous les jeunes passionn\u00e9s de sneakers. Ces baskets Jordan impressionnent par leur design noir \u00e9l\u00e9gant et leurs couleurs embl\u00e9matiques, rendant hommage \u00e0 la riche histoire de la marque. Que ce soit sur le terrain ou en ville, ces sneakers sont incroyablement r\u00e9sistantes et [&hellip;]<\/p>\n","protected":false},"featured_media":769283,"comment_status":"open","ping_status":"closed","template":"","meta":[],"product_brand":[],"product_cat":[38880],"product_tag":[10800,38876,38861,38878,38874,10776,11349,38875,11129,38879,38877],"class_list":{"0":"post-769282","1":"product","2":"type-product","3":"status-publish","4":"has-post-thumbnail","6":"product_cat-jordan","7":"product_tag-basketball-shoes","8":"product_tag-basketball-shoes-for-kids","9":"product_tag-below-retail-price","10":"product_tag-current-offers","11":"product_tag-hari-raya-gs","12":"product_tag-jordan","13":"product_tag-jordan-basketball-shoes","14":"product_tag-jordan-skateboard-shoes","15":"product_tag-lightweight-basketball-shoes","16":"product_tag-offers-under-150","17":"product_tag-sports-shoes-for-kids","19":"first","20":"instock","21":"taxable","22":"shipping-taxable","23":"purchasable","24":"product-type-simple"},"wcpa_form_fields":null,"yoast_head":"<!-- This site is optimized with the Yoast SEO plugin v26.5 - https:\/\/yoast.com\/wordpress\/plugins\/seo\/ -->\n<title>(Grade School) Air Jordan 11 Retro &#039;Bred&#039; 2019 378038-061 - TOURCRUISER PTE. LTD<\/title>\n<meta name=\"robots\" content=\"index, follow, max-snippet:-1, max-image-preview:large, max-video-preview:-1\" \/>\n<link rel=\"canonical\" href=\"https:\/\/tourcruiser.com\/fr\/products\/grade-school-air-jordan-11-retro-bred-2019-378038-061\/\" \/>\n<meta property=\"og:locale\" content=\"fr_FR\" \/>\n<meta property=\"og:type\" content=\"article\" \/>\n<meta property=\"og:title\" content=\"(Grade School) Air Jordan 11 Retro &#039;Bred&#039; 2019 378038-061 - TOURCRUISER PTE. LTD\" \/>\n<meta property=\"og:description\" content=\"La Air Jordan 11 Retro Bred 2019 (GS) est un incontournable pour tous les jeunes passionn\u00e9s de sneakers. Ces baskets Jordan impressionnent par leur design noir \u00e9l\u00e9gant et leurs couleurs embl\u00e9matiques, rendant hommage \u00e0 la riche histoire de la marque. Que ce soit sur le terrain ou en ville, ces sneakers sont incroyablement r\u00e9sistantes et [&hellip;]\" \/>\n<meta property=\"og:url\" content=\"https:\/\/tourcruiser.com\/fr\/products\/grade-school-air-jordan-11-retro-bred-2019-378038-061\/\" \/>\n<meta property=\"og:site_name\" content=\"Tourcruiser Sneaker Store\" \/>\n<meta property=\"article:modified_time\" content=\"2026-04-17T16:02:11+00:00\" \/>\n<meta name=\"twitter:card\" content=\"summary_large_image\" \/>\n<meta name=\"twitter:image\" content=\"https:\/\/images.novelship.com\/product\/_grade_school__air_jordan_11_retro__bred__2019_378_0_4281.jpeg;https:\/\/images.novelship.com\/product\/_grade_school__air_jordan_11_retro__bred__2019_378_1_4281.jpeg;https:\/\/images.novelship.com\/product\/_grade_school__air_jordan_11_retro__bred__2019_378_2_4281.jpeg;https:\/\/images.novelship.com\/product\/_grade_school__air_jordan_11_retro__bred__2019_378_3_4281.jpeg;https:\/\/images.novelship.com\/product\/_grade_school__air_jordan_11_retro__bred__2019_378_4_4281.jpeg;https:\/\/images.novelship.com\/product\/_grade_school__air_jordan_11_retro__bred__2019_378_5_4281.jpeg;https:\/\/images.novelship.com\/product\/_grade_school__air_jordan_11_retro__bred__2019_378_6_4281.jpeg;https:\/\/images.novelship.com\/product\/_grade_school__air_jordan_11_retro__bred__2019_378_7_4281.jpeg\" \/>\n<meta name=\"twitter:label1\" content=\"Dur\u00e9e de lecture estim\u00e9e\" \/>\n\t<meta name=\"twitter:data1\" content=\"1 minute\" \/>\n<script type=\"application\/ld+json\" class=\"yoast-schema-graph\">{\"@context\":\"https:\/\/schema.org\",\"@graph\":[{\"@type\":\"WebPage\",\"@id\":\"https:\/\/tourcruiser.com\/fr\/products\/grade-school-air-jordan-11-retro-bred-2019-378038-061\/\",\"url\":\"https:\/\/tourcruiser.com\/fr\/products\/grade-school-air-jordan-11-retro-bred-2019-378038-061\/\",\"name\":\"(Grade School) Air Jordan 11 Retro 'Bred' 2019 378038-061 - TOURCRUISER PTE. LTD\",\"isPartOf\":{\"@id\":\"\/#website\"},\"primaryImageOfPage\":{\"@id\":\"https:\/\/tourcruiser.com\/fr\/products\/grade-school-air-jordan-11-retro-bred-2019-378038-061\/#primaryimage\"},\"image\":{\"@id\":\"https:\/\/tourcruiser.com\/fr\/products\/grade-school-air-jordan-11-retro-bred-2019-378038-061\/#primaryimage\"},\"thumbnailUrl\":\"https:\/\/images.novelship.com\/product\/_grade_school__air_jordan_11_retro__bred__2019_378_0_4281.jpeg;https:\/\/images.novelship.com\/product\/_grade_school__air_jordan_11_retro__bred__2019_378_1_4281.jpeg;https:\/\/images.novelship.com\/product\/_grade_school__air_jordan_11_retro__bred__2019_378_2_4281.jpeg;https:\/\/images.novelship.com\/product\/_grade_school__air_jordan_11_retro__bred__2019_378_3_4281.jpeg;https:\/\/images.novelship.com\/product\/_grade_school__air_jordan_11_retro__bred__2019_378_4_4281.jpeg;https:\/\/images.novelship.com\/product\/_grade_school__air_jordan_11_retro__bred__2019_378_5_4281.jpeg;https:\/\/images.novelship.com\/product\/_grade_school__air_jordan_11_retro__bred__2019_378_6_4281.jpeg;https:\/\/images.novelship.com\/product\/_grade_school__air_jordan_11_retro__bred__2019_378_7_4281.jpeg\",\"datePublished\":\"2026-04-16T10:13:36+00:00\",\"dateModified\":\"2026-04-17T16:02:11+00:00\",\"breadcrumb\":{\"@id\":\"https:\/\/tourcruiser.com\/fr\/products\/grade-school-air-jordan-11-retro-bred-2019-378038-061\/#breadcrumb\"},\"inLanguage\":\"fr-FR\",\"potentialAction\":[{\"@type\":\"ReadAction\",\"target\":[\"https:\/\/tourcruiser.com\/fr\/products\/grade-school-air-jordan-11-retro-bred-2019-378038-061\/\"]}]},{\"@type\":\"ImageObject\",\"inLanguage\":\"fr-FR\",\"@id\":\"https:\/\/tourcruiser.com\/fr\/products\/grade-school-air-jordan-11-retro-bred-2019-378038-061\/#primaryimage\",\"url\":\"https:\/\/images.novelship.com\/product\/_grade_school__air_jordan_11_retro__bred__2019_378_0_4281.jpeg;https:\/\/images.novelship.com\/product\/_grade_school__air_jordan_11_retro__bred__2019_378_1_4281.jpeg;https:\/\/images.novelship.com\/product\/_grade_school__air_jordan_11_retro__bred__2019_378_2_4281.jpeg;https:\/\/images.novelship.com\/product\/_grade_school__air_jordan_11_retro__bred__2019_378_3_4281.jpeg;https:\/\/images.novelship.com\/product\/_grade_school__air_jordan_11_retro__bred__2019_378_4_4281.jpeg;https:\/\/images.novelship.com\/product\/_grade_school__air_jordan_11_retro__bred__2019_378_5_4281.jpeg;https:\/\/images.novelship.com\/product\/_grade_school__air_jordan_11_retro__bred__2019_378_6_4281.jpeg;https:\/\/images.novelship.com\/product\/_grade_school__air_jordan_11_retro__bred__2019_378_7_4281.jpeg\",\"contentUrl\":\"https:\/\/images.novelship.com\/product\/_grade_school__air_jordan_11_retro__bred__2019_378_0_4281.jpeg;https:\/\/images.novelship.com\/product\/_grade_school__air_jordan_11_retro__bred__2019_378_1_4281.jpeg;https:\/\/images.novelship.com\/product\/_grade_school__air_jordan_11_retro__bred__2019_378_2_4281.jpeg;https:\/\/images.novelship.com\/product\/_grade_school__air_jordan_11_retro__bred__2019_378_3_4281.jpeg;https:\/\/images.novelship.com\/product\/_grade_school__air_jordan_11_retro__bred__2019_378_4_4281.jpeg;https:\/\/images.novelship.com\/product\/_grade_school__air_jordan_11_retro__bred__2019_378_5_4281.jpeg;https:\/\/images.novelship.com\/product\/_grade_school__air_jordan_11_retro__bred__2019_378_6_4281.jpeg;https:\/\/images.novelship.com\/product\/_grade_school__air_jordan_11_retro__bred__2019_378_7_4281.jpeg\"},{\"@type\":\"BreadcrumbList\",\"@id\":\"https:\/\/tourcruiser.com\/fr\/products\/grade-school-air-jordan-11-retro-bred-2019-378038-061\/#breadcrumb\",\"itemListElement\":[{\"@type\":\"ListItem\",\"position\":1,\"name\":\"Home\",\"item\":\"https:\/\/tourcruiser.com\/fr\/\"},{\"@type\":\"ListItem\",\"position\":2,\"name\":\"Shop\",\"item\":\"https:\/\/tourcruiser.com\/fr\/shop\/\"},{\"@type\":\"ListItem\",\"position\":3,\"name\":\"(Grade School) Air Jordan 11 Retro &#8216;Bred&#8217; 2019 378038-061\"}]},{\"@type\":\"WebSite\",\"@id\":\"\/#website\",\"url\":\"\/\",\"name\":\"Styloral Jewelry Shop\",\"description\":\"Tourcruiser Sneaker Store \u2014 L\u2019endroit o\u00f9 l\u2019univers rencontre votre singularit\u00e9.\",\"publisher\":{\"@id\":\"\/#organization\"},\"potentialAction\":[{\"@type\":\"SearchAction\",\"target\":{\"@type\":\"EntryPoint\",\"urlTemplate\":\"\/?s={search_term_string}\"},\"query-input\":{\"@type\":\"PropertyValueSpecification\",\"valueRequired\":true,\"valueName\":\"search_term_string\"}}],\"inLanguage\":\"fr-FR\"},{\"@type\":\"Organization\",\"@id\":\"\/#organization\",\"name\":\"STYLORAL PTE. LTD\",\"url\":\"\/\",\"logo\":{\"@type\":\"ImageObject\",\"inLanguage\":\"fr-FR\",\"@id\":\"\/#\/schema\/logo\/image\/\",\"url\":\"https:\/\/www.tourcruiser.com\/wp-content\/uploads\/2025\/12\/logo.png\",\"contentUrl\":\"https:\/\/www.tourcruiser.com\/wp-content\/uploads\/2025\/12\/logo.png\",\"width\":200,\"height\":65,\"caption\":\"STYLORAL PTE. LTD\"},\"image\":{\"@id\":\"\/#\/schema\/logo\/image\/\"}}]}<\/script>\n<!-- \/ Yoast SEO plugin. -->","yoast_head_json":{"title":"(Grade School) Air Jordan 11 Retro 'Bred' 2019 378038-061 - TOURCRUISER PTE. LTD","robots":{"index":"index","follow":"follow","max-snippet":"max-snippet:-1","max-image-preview":"max-image-preview:large","max-video-preview":"max-video-preview:-1"},"canonical":"https:\/\/tourcruiser.com\/fr\/products\/grade-school-air-jordan-11-retro-bred-2019-378038-061\/","og_locale":"fr_FR","og_type":"article","og_title":"(Grade School) Air Jordan 11 Retro 'Bred' 2019 378038-061 - TOURCRUISER PTE. LTD","og_description":"La Air Jordan 11 Retro Bred 2019 (GS) est un incontournable pour tous les jeunes passionn\u00e9s de sneakers. Ces baskets Jordan impressionnent par leur design noir \u00e9l\u00e9gant et leurs couleurs embl\u00e9matiques, rendant hommage \u00e0 la riche histoire de la marque. Que ce soit sur le terrain ou en ville, ces sneakers sont incroyablement r\u00e9sistantes et [&hellip;]","og_url":"https:\/\/tourcruiser.com\/fr\/products\/grade-school-air-jordan-11-retro-bred-2019-378038-061\/","og_site_name":"Tourcruiser Sneaker Store","article_modified_time":"2026-04-17T16:02:11+00:00","twitter_card":"summary_large_image","twitter_image":"https:\/\/images.novelship.com\/product\/_grade_school__air_jordan_11_retro__bred__2019_378_0_4281.jpeg;https:\/\/images.novelship.com\/product\/_grade_school__air_jordan_11_retro__bred__2019_378_1_4281.jpeg;https:\/\/images.novelship.com\/product\/_grade_school__air_jordan_11_retro__bred__2019_378_2_4281.jpeg;https:\/\/images.novelship.com\/product\/_grade_school__air_jordan_11_retro__bred__2019_378_3_4281.jpeg;https:\/\/images.novelship.com\/product\/_grade_school__air_jordan_11_retro__bred__2019_378_4_4281.jpeg;https:\/\/images.novelship.com\/product\/_grade_school__air_jordan_11_retro__bred__2019_378_5_4281.jpeg;https:\/\/images.novelship.com\/product\/_grade_school__air_jordan_11_retro__bred__2019_378_6_4281.jpeg;https:\/\/images.novelship.com\/product\/_grade_school__air_jordan_11_retro__bred__2019_378_7_4281.jpeg","twitter_misc":{"Dur\u00e9e de lecture estim\u00e9e":"1 minute"},"schema":{"@context":"https:\/\/schema.org","@graph":[{"@type":"WebPage","@id":"https:\/\/tourcruiser.com\/fr\/products\/grade-school-air-jordan-11-retro-bred-2019-378038-061\/","url":"https:\/\/tourcruiser.com\/fr\/products\/grade-school-air-jordan-11-retro-bred-2019-378038-061\/","name":"(Grade School) Air Jordan 11 Retro 'Bred' 2019 378038-061 - TOURCRUISER PTE. LTD","isPartOf":{"@id":"\/#website"},"primaryImageOfPage":{"@id":"https:\/\/tourcruiser.com\/fr\/products\/grade-school-air-jordan-11-retro-bred-2019-378038-061\/#primaryimage"},"image":{"@id":"https:\/\/tourcruiser.com\/fr\/products\/grade-school-air-jordan-11-retro-bred-2019-378038-061\/#primaryimage"},"thumbnailUrl":"https:\/\/images.novelship.com\/product\/_grade_school__air_jordan_11_retro__bred__2019_378_0_4281.jpeg;https:\/\/images.novelship.com\/product\/_grade_school__air_jordan_11_retro__bred__2019_378_1_4281.jpeg;https:\/\/images.novelship.com\/product\/_grade_school__air_jordan_11_retro__bred__2019_378_2_4281.jpeg;https:\/\/images.novelship.com\/product\/_grade_school__air_jordan_11_retro__bred__2019_378_3_4281.jpeg;https:\/\/images.novelship.com\/product\/_grade_school__air_jordan_11_retro__bred__2019_378_4_4281.jpeg;https:\/\/images.novelship.com\/product\/_grade_school__air_jordan_11_retro__bred__2019_378_5_4281.jpeg;https:\/\/images.novelship.com\/product\/_grade_school__air_jordan_11_retro__bred__2019_378_6_4281.jpeg;https:\/\/images.novelship.com\/product\/_grade_school__air_jordan_11_retro__bred__2019_378_7_4281.jpeg","datePublished":"2026-04-16T10:13:36+00:00","dateModified":"2026-04-17T16:02:11+00:00","breadcrumb":{"@id":"https:\/\/tourcruiser.com\/fr\/products\/grade-school-air-jordan-11-retro-bred-2019-378038-061\/#breadcrumb"},"inLanguage":"fr-FR","potentialAction":[{"@type":"ReadAction","target":["https:\/\/tourcruiser.com\/fr\/products\/grade-school-air-jordan-11-retro-bred-2019-378038-061\/"]}]},{"@type":"ImageObject","inLanguage":"fr-FR","@id":"https:\/\/tourcruiser.com\/fr\/products\/grade-school-air-jordan-11-retro-bred-2019-378038-061\/#primaryimage","url":"https:\/\/images.novelship.com\/product\/_grade_school__air_jordan_11_retro__bred__2019_378_0_4281.jpeg;https:\/\/images.novelship.com\/product\/_grade_school__air_jordan_11_retro__bred__2019_378_1_4281.jpeg;https:\/\/images.novelship.com\/product\/_grade_school__air_jordan_11_retro__bred__2019_378_2_4281.jpeg;https:\/\/images.novelship.com\/product\/_grade_school__air_jordan_11_retro__bred__2019_378_3_4281.jpeg;https:\/\/images.novelship.com\/product\/_grade_school__air_jordan_11_retro__bred__2019_378_4_4281.jpeg;https:\/\/images.novelship.com\/product\/_grade_school__air_jordan_11_retro__bred__2019_378_5_4281.jpeg;https:\/\/images.novelship.com\/product\/_grade_school__air_jordan_11_retro__bred__2019_378_6_4281.jpeg;https:\/\/images.novelship.com\/product\/_grade_school__air_jordan_11_retro__bred__2019_378_7_4281.jpeg","contentUrl":"https:\/\/images.novelship.com\/product\/_grade_school__air_jordan_11_retro__bred__2019_378_0_4281.jpeg;https:\/\/images.novelship.com\/product\/_grade_school__air_jordan_11_retro__bred__2019_378_1_4281.jpeg;https:\/\/images.novelship.com\/product\/_grade_school__air_jordan_11_retro__bred__2019_378_2_4281.jpeg;https:\/\/images.novelship.com\/product\/_grade_school__air_jordan_11_retro__bred__2019_378_3_4281.jpeg;https:\/\/images.novelship.com\/product\/_grade_school__air_jordan_11_retro__bred__2019_378_4_4281.jpeg;https:\/\/images.novelship.com\/product\/_grade_school__air_jordan_11_retro__bred__2019_378_5_4281.jpeg;https:\/\/images.novelship.com\/product\/_grade_school__air_jordan_11_retro__bred__2019_378_6_4281.jpeg;https:\/\/images.novelship.com\/product\/_grade_school__air_jordan_11_retro__bred__2019_378_7_4281.jpeg"},{"@type":"BreadcrumbList","@id":"https:\/\/tourcruiser.com\/fr\/products\/grade-school-air-jordan-11-retro-bred-2019-378038-061\/#breadcrumb","itemListElement":[{"@type":"ListItem","position":1,"name":"Home","item":"https:\/\/tourcruiser.com\/fr\/"},{"@type":"ListItem","position":2,"name":"Shop","item":"https:\/\/tourcruiser.com\/fr\/shop\/"},{"@type":"ListItem","position":3,"name":"(Grade School) Air Jordan 11 Retro &#8216;Bred&#8217; 2019 378038-061"}]},{"@type":"WebSite","@id":"\/#website","url":"\/","name":"Styloral Jewelry Shop","description":"Tourcruiser Sneaker Store \u2014 L\u2019endroit o\u00f9 l\u2019univers rencontre votre singularit\u00e9.","publisher":{"@id":"\/#organization"},"potentialAction":[{"@type":"SearchAction","target":{"@type":"EntryPoint","urlTemplate":"\/?s={search_term_string}"},"query-input":{"@type":"PropertyValueSpecification","valueRequired":true,"valueName":"search_term_string"}}],"inLanguage":"fr-FR"},{"@type":"Organization","@id":"\/#organization","name":"STYLORAL PTE. LTD","url":"\/","logo":{"@type":"ImageObject","inLanguage":"fr-FR","@id":"\/#\/schema\/logo\/image\/","url":"https:\/\/www.tourcruiser.com\/wp-content\/uploads\/2025\/12\/logo.png","contentUrl":"https:\/\/www.tourcruiser.com\/wp-content\/uploads\/2025\/12\/logo.png","width":200,"height":65,"caption":"STYLORAL PTE. LTD"},"image":{"@id":"\/#\/schema\/logo\/image\/"}}]}},"_links":{"self":[{"href":"https:\/\/tourcruiser.com\/fr\/wp-json\/wp\/v2\/product\/769282","targetHints":{"allow":["GET"]}}],"collection":[{"href":"https:\/\/tourcruiser.com\/fr\/wp-json\/wp\/v2\/product"}],"about":[{"href":"https:\/\/tourcruiser.com\/fr\/wp-json\/wp\/v2\/types\/product"}],"replies":[{"embeddable":true,"href":"https:\/\/tourcruiser.com\/fr\/wp-json\/wp\/v2\/comments?post=769282"}],"wp:featuredmedia":[{"embeddable":true,"href":"https:\/\/tourcruiser.com\/fr\/wp-json\/wp\/v2\/media\/769283"}],"wp:attachment":[{"href":"https:\/\/tourcruiser.com\/fr\/wp-json\/wp\/v2\/media?parent=769282"}],"wp:term":[{"taxonomy":"product_brand","embeddable":true,"href":"https:\/\/tourcruiser.com\/fr\/wp-json\/wp\/v2\/product_brand?post=769282"},{"taxonomy":"product_cat","embeddable":true,"href":"https:\/\/tourcruiser.com\/fr\/wp-json\/wp\/v2\/product_cat?post=769282"},{"taxonomy":"product_tag","embeddable":true,"href":"https:\/\/tourcruiser.com\/fr\/wp-json\/wp\/v2\/product_tag?post=769282"}],"curies":[{"name":"wp","href":"https:\/\/api.w.org\/{rel}","templated":true}]}}