{"id":769273,"date":"2026-04-16T17:13:35","date_gmt":"2026-04-16T10:13:35","guid":{"rendered":"http:\/\/tourcruiser.com\/product\/grade-school-air-jordan-11-retro-space-jam-2016-378038-003"},"modified":"2026-04-17T23:02:10","modified_gmt":"2026-04-17T16:02:10","slug":"grade-school-air-jordan-11-retro-space-jam-2016-378038-003","status":"publish","type":"product","link":"https:\/\/tourcruiser.com\/fr\/products\/grade-school-air-jordan-11-retro-space-jam-2016-378038-003\/","title":{"rendered":"(Grade School) Air Jordan 11 Retro &lsquo;Space Jam&rsquo; 2016 378038-003"},"content":{"rendered":"<p>La Air Jordan 11 Retro Space Jam 2016 (GS), aussi appel\u00e9e Space Jam, est une chaussure noire \u00e9l\u00e9gante sign\u00e9e Jordan. Cette sneaker iconique est id\u00e9ale pour les jeunes et arbore un design \u00e9pur\u00e9 et moderne\u00a0: un incontournable pour tout amateur de sneakers. Compl\u00e9tez votre collection avec ce classique intemporel.<\/p>\n<p>Coloris\u00a0: Noir\/Bleu fonc\u00e9-Blanc<\/p>\n<p>Code article\u00a0: 378038-003<\/p>\n<p>Tige\u00a0: Textile<\/p>\n<p>Semelle interm\u00e9diaire\u00a0: Air<\/p>\n<p>Couleur\u00a0: Noir<\/p>\n<p>Designer\u00a0: Tinker Hatfield<\/p>\n<p>Saison\u00a0: Hiver<\/p>\n<p>Ann\u00e9e de sortie\u00a0: 2016<\/p>\n<p>\u00c2ge\u00a0: Adulte<br \/>\nCouleur\u00a0: Noir\/Blanc\/Rouge Varsity<br \/>\nGenre\u00a0: Jeune<\/p>\n","protected":false},"excerpt":{"rendered":"<p>La Air Jordan 11 Retro Space Jam 2016 (GS), aussi appel\u00e9e Space Jam, est une chaussure noire \u00e9l\u00e9gante sign\u00e9e Jordan. Cette sneaker iconique est id\u00e9ale pour les jeunes et arbore un design \u00e9pur\u00e9 et moderne\u00a0: un incontournable pour tout amateur de sneakers. Compl\u00e9tez votre collection avec ce classique intemporel. Coloris\u00a0: Noir\/Bleu fonc\u00e9-Blanc Code article\u00a0: 378038-003 [&hellip;]<\/p>\n","protected":false},"featured_media":769274,"comment_status":"open","ping_status":"closed","template":"","meta":[],"product_brand":[],"product_cat":[38880],"product_tag":[10800,38876,38847,38878,10776,11349,38875,11129,38868,38877],"class_list":{"0":"post-769273","1":"product","2":"type-product","3":"status-publish","4":"has-post-thumbnail","6":"product_cat-jordan","7":"product_tag-basketball-shoes","8":"product_tag-basketball-shoes-for-kids","9":"product_tag-below-the-regular-price","10":"product_tag-current-offers","11":"product_tag-jordan","12":"product_tag-jordan-basketball-shoes","13":"product_tag-jordan-skateboard-shoes","14":"product_tag-lightweight-basketball-shoes","15":"product_tag-offers-under-a-150","16":"product_tag-sports-shoes-for-kids","18":"first","19":"instock","20":"taxable","21":"shipping-taxable","22":"purchasable","23":"product-type-simple"},"wcpa_form_fields":null,"yoast_head":"<!-- This site is optimized with the Yoast SEO plugin v26.5 - https:\/\/yoast.com\/wordpress\/plugins\/seo\/ -->\n<title>(Grade School) Air Jordan 11 Retro &#039;Space Jam&#039; 2016 378038-003 - TOURCRUISER PTE. LTD<\/title>\n<meta name=\"robots\" content=\"index, follow, max-snippet:-1, max-image-preview:large, max-video-preview:-1\" \/>\n<link rel=\"canonical\" href=\"https:\/\/tourcruiser.com\/fr\/products\/grade-school-air-jordan-11-retro-space-jam-2016-378038-003\/\" \/>\n<meta property=\"og:locale\" content=\"fr_FR\" \/>\n<meta property=\"og:type\" content=\"article\" \/>\n<meta property=\"og:title\" content=\"(Grade School) Air Jordan 11 Retro &#039;Space Jam&#039; 2016 378038-003 - TOURCRUISER PTE. LTD\" \/>\n<meta property=\"og:description\" content=\"La Air Jordan 11 Retro Space Jam 2016 (GS), aussi appel\u00e9e Space Jam, est une chaussure noire \u00e9l\u00e9gante sign\u00e9e Jordan. Cette sneaker iconique est id\u00e9ale pour les jeunes et arbore un design \u00e9pur\u00e9 et moderne\u00a0: un incontournable pour tout amateur de sneakers. Compl\u00e9tez votre collection avec ce classique intemporel. Coloris\u00a0: Noir\/Bleu fonc\u00e9-Blanc Code article\u00a0: 378038-003 [&hellip;]\" \/>\n<meta property=\"og:url\" content=\"https:\/\/tourcruiser.com\/fr\/products\/grade-school-air-jordan-11-retro-space-jam-2016-378038-003\/\" \/>\n<meta property=\"og:site_name\" content=\"Tourcruiser Sneaker Store\" \/>\n<meta property=\"article:modified_time\" content=\"2026-04-17T16:02:10+00:00\" \/>\n<meta name=\"twitter:card\" content=\"summary_large_image\" \/>\n<meta name=\"twitter:image\" content=\"https:\/\/images.novelship.com\/product\/_grade_school__air_jordan_11_retro__space_jam__201_0_84981.jpeg;https:\/\/images.novelship.com\/product\/_grade_school__air_jordan_11_retro__space_jam__201_1_84981.jpeg;https:\/\/images.novelship.com\/product\/_grade_school__air_jordan_11_retro__space_jam__201_2_84981.jpeg;https:\/\/images.novelship.com\/product\/_grade_school__air_jordan_11_retro__space_jam__201_3_84981.jpeg;https:\/\/images.novelship.com\/product\/_grade_school__air_jordan_11_retro__space_jam__201_4_84981.jpeg;https:\/\/images.novelship.com\/product\/_grade_school__air_jordan_11_retro__space_jam__201_5_84981.jpeg;https:\/\/images.novelship.com\/product\/_grade_school__air_jordan_11_retro__space_jam__201_6_84981.jpeg;https:\/\/images.novelship.com\/product\/_grade_school__air_jordan_11_retro__space_jam__201_7_84981.jpeg\" \/>\n<script type=\"application\/ld+json\" class=\"yoast-schema-graph\">{\"@context\":\"https:\/\/schema.org\",\"@graph\":[{\"@type\":\"WebPage\",\"@id\":\"https:\/\/tourcruiser.com\/fr\/products\/grade-school-air-jordan-11-retro-space-jam-2016-378038-003\/\",\"url\":\"https:\/\/tourcruiser.com\/fr\/products\/grade-school-air-jordan-11-retro-space-jam-2016-378038-003\/\",\"name\":\"(Grade School) Air Jordan 11 Retro 'Space Jam' 2016 378038-003 - TOURCRUISER PTE. LTD\",\"isPartOf\":{\"@id\":\"\/#website\"},\"primaryImageOfPage\":{\"@id\":\"https:\/\/tourcruiser.com\/fr\/products\/grade-school-air-jordan-11-retro-space-jam-2016-378038-003\/#primaryimage\"},\"image\":{\"@id\":\"https:\/\/tourcruiser.com\/fr\/products\/grade-school-air-jordan-11-retro-space-jam-2016-378038-003\/#primaryimage\"},\"thumbnailUrl\":\"https:\/\/images.novelship.com\/product\/_grade_school__air_jordan_11_retro__space_jam__201_0_84981.jpeg;https:\/\/images.novelship.com\/product\/_grade_school__air_jordan_11_retro__space_jam__201_1_84981.jpeg;https:\/\/images.novelship.com\/product\/_grade_school__air_jordan_11_retro__space_jam__201_2_84981.jpeg;https:\/\/images.novelship.com\/product\/_grade_school__air_jordan_11_retro__space_jam__201_3_84981.jpeg;https:\/\/images.novelship.com\/product\/_grade_school__air_jordan_11_retro__space_jam__201_4_84981.jpeg;https:\/\/images.novelship.com\/product\/_grade_school__air_jordan_11_retro__space_jam__201_5_84981.jpeg;https:\/\/images.novelship.com\/product\/_grade_school__air_jordan_11_retro__space_jam__201_6_84981.jpeg;https:\/\/images.novelship.com\/product\/_grade_school__air_jordan_11_retro__space_jam__201_7_84981.jpeg\",\"datePublished\":\"2026-04-16T10:13:35+00:00\",\"dateModified\":\"2026-04-17T16:02:10+00:00\",\"breadcrumb\":{\"@id\":\"https:\/\/tourcruiser.com\/fr\/products\/grade-school-air-jordan-11-retro-space-jam-2016-378038-003\/#breadcrumb\"},\"inLanguage\":\"fr-FR\",\"potentialAction\":[{\"@type\":\"ReadAction\",\"target\":[\"https:\/\/tourcruiser.com\/fr\/products\/grade-school-air-jordan-11-retro-space-jam-2016-378038-003\/\"]}]},{\"@type\":\"ImageObject\",\"inLanguage\":\"fr-FR\",\"@id\":\"https:\/\/tourcruiser.com\/fr\/products\/grade-school-air-jordan-11-retro-space-jam-2016-378038-003\/#primaryimage\",\"url\":\"https:\/\/images.novelship.com\/product\/_grade_school__air_jordan_11_retro__space_jam__201_0_84981.jpeg;https:\/\/images.novelship.com\/product\/_grade_school__air_jordan_11_retro__space_jam__201_1_84981.jpeg;https:\/\/images.novelship.com\/product\/_grade_school__air_jordan_11_retro__space_jam__201_2_84981.jpeg;https:\/\/images.novelship.com\/product\/_grade_school__air_jordan_11_retro__space_jam__201_3_84981.jpeg;https:\/\/images.novelship.com\/product\/_grade_school__air_jordan_11_retro__space_jam__201_4_84981.jpeg;https:\/\/images.novelship.com\/product\/_grade_school__air_jordan_11_retro__space_jam__201_5_84981.jpeg;https:\/\/images.novelship.com\/product\/_grade_school__air_jordan_11_retro__space_jam__201_6_84981.jpeg;https:\/\/images.novelship.com\/product\/_grade_school__air_jordan_11_retro__space_jam__201_7_84981.jpeg\",\"contentUrl\":\"https:\/\/images.novelship.com\/product\/_grade_school__air_jordan_11_retro__space_jam__201_0_84981.jpeg;https:\/\/images.novelship.com\/product\/_grade_school__air_jordan_11_retro__space_jam__201_1_84981.jpeg;https:\/\/images.novelship.com\/product\/_grade_school__air_jordan_11_retro__space_jam__201_2_84981.jpeg;https:\/\/images.novelship.com\/product\/_grade_school__air_jordan_11_retro__space_jam__201_3_84981.jpeg;https:\/\/images.novelship.com\/product\/_grade_school__air_jordan_11_retro__space_jam__201_4_84981.jpeg;https:\/\/images.novelship.com\/product\/_grade_school__air_jordan_11_retro__space_jam__201_5_84981.jpeg;https:\/\/images.novelship.com\/product\/_grade_school__air_jordan_11_retro__space_jam__201_6_84981.jpeg;https:\/\/images.novelship.com\/product\/_grade_school__air_jordan_11_retro__space_jam__201_7_84981.jpeg\"},{\"@type\":\"BreadcrumbList\",\"@id\":\"https:\/\/tourcruiser.com\/fr\/products\/grade-school-air-jordan-11-retro-space-jam-2016-378038-003\/#breadcrumb\",\"itemListElement\":[{\"@type\":\"ListItem\",\"position\":1,\"name\":\"Home\",\"item\":\"https:\/\/tourcruiser.com\/fr\/\"},{\"@type\":\"ListItem\",\"position\":2,\"name\":\"Shop\",\"item\":\"https:\/\/tourcruiser.com\/fr\/shop\/\"},{\"@type\":\"ListItem\",\"position\":3,\"name\":\"(Grade School) Air Jordan 11 Retro &#8216;Space Jam&#8217; 2016 378038-003\"}]},{\"@type\":\"WebSite\",\"@id\":\"\/#website\",\"url\":\"\/\",\"name\":\"Styloral Jewelry Shop\",\"description\":\"Tourcruiser Sneaker Store \u2014 L\u2019endroit o\u00f9 l\u2019univers rencontre votre singularit\u00e9.\",\"publisher\":{\"@id\":\"\/#organization\"},\"potentialAction\":[{\"@type\":\"SearchAction\",\"target\":{\"@type\":\"EntryPoint\",\"urlTemplate\":\"\/?s={search_term_string}\"},\"query-input\":{\"@type\":\"PropertyValueSpecification\",\"valueRequired\":true,\"valueName\":\"search_term_string\"}}],\"inLanguage\":\"fr-FR\"},{\"@type\":\"Organization\",\"@id\":\"\/#organization\",\"name\":\"STYLORAL PTE. LTD\",\"url\":\"\/\",\"logo\":{\"@type\":\"ImageObject\",\"inLanguage\":\"fr-FR\",\"@id\":\"\/#\/schema\/logo\/image\/\",\"url\":\"https:\/\/www.tourcruiser.com\/wp-content\/uploads\/2025\/12\/logo.png\",\"contentUrl\":\"https:\/\/www.tourcruiser.com\/wp-content\/uploads\/2025\/12\/logo.png\",\"width\":200,\"height\":65,\"caption\":\"STYLORAL PTE. LTD\"},\"image\":{\"@id\":\"\/#\/schema\/logo\/image\/\"}}]}<\/script>\n<!-- \/ Yoast SEO plugin. -->","yoast_head_json":{"title":"(Grade School) Air Jordan 11 Retro 'Space Jam' 2016 378038-003 - TOURCRUISER PTE. LTD","robots":{"index":"index","follow":"follow","max-snippet":"max-snippet:-1","max-image-preview":"max-image-preview:large","max-video-preview":"max-video-preview:-1"},"canonical":"https:\/\/tourcruiser.com\/fr\/products\/grade-school-air-jordan-11-retro-space-jam-2016-378038-003\/","og_locale":"fr_FR","og_type":"article","og_title":"(Grade School) Air Jordan 11 Retro 'Space Jam' 2016 378038-003 - TOURCRUISER PTE. LTD","og_description":"La Air Jordan 11 Retro Space Jam 2016 (GS), aussi appel\u00e9e Space Jam, est une chaussure noire \u00e9l\u00e9gante sign\u00e9e Jordan. Cette sneaker iconique est id\u00e9ale pour les jeunes et arbore un design \u00e9pur\u00e9 et moderne\u00a0: un incontournable pour tout amateur de sneakers. Compl\u00e9tez votre collection avec ce classique intemporel. Coloris\u00a0: Noir\/Bleu fonc\u00e9-Blanc Code article\u00a0: 378038-003 [&hellip;]","og_url":"https:\/\/tourcruiser.com\/fr\/products\/grade-school-air-jordan-11-retro-space-jam-2016-378038-003\/","og_site_name":"Tourcruiser Sneaker Store","article_modified_time":"2026-04-17T16:02:10+00:00","twitter_card":"summary_large_image","twitter_image":"https:\/\/images.novelship.com\/product\/_grade_school__air_jordan_11_retro__space_jam__201_0_84981.jpeg;https:\/\/images.novelship.com\/product\/_grade_school__air_jordan_11_retro__space_jam__201_1_84981.jpeg;https:\/\/images.novelship.com\/product\/_grade_school__air_jordan_11_retro__space_jam__201_2_84981.jpeg;https:\/\/images.novelship.com\/product\/_grade_school__air_jordan_11_retro__space_jam__201_3_84981.jpeg;https:\/\/images.novelship.com\/product\/_grade_school__air_jordan_11_retro__space_jam__201_4_84981.jpeg;https:\/\/images.novelship.com\/product\/_grade_school__air_jordan_11_retro__space_jam__201_5_84981.jpeg;https:\/\/images.novelship.com\/product\/_grade_school__air_jordan_11_retro__space_jam__201_6_84981.jpeg;https:\/\/images.novelship.com\/product\/_grade_school__air_jordan_11_retro__space_jam__201_7_84981.jpeg","schema":{"@context":"https:\/\/schema.org","@graph":[{"@type":"WebPage","@id":"https:\/\/tourcruiser.com\/fr\/products\/grade-school-air-jordan-11-retro-space-jam-2016-378038-003\/","url":"https:\/\/tourcruiser.com\/fr\/products\/grade-school-air-jordan-11-retro-space-jam-2016-378038-003\/","name":"(Grade School) Air Jordan 11 Retro 'Space Jam' 2016 378038-003 - TOURCRUISER PTE. LTD","isPartOf":{"@id":"\/#website"},"primaryImageOfPage":{"@id":"https:\/\/tourcruiser.com\/fr\/products\/grade-school-air-jordan-11-retro-space-jam-2016-378038-003\/#primaryimage"},"image":{"@id":"https:\/\/tourcruiser.com\/fr\/products\/grade-school-air-jordan-11-retro-space-jam-2016-378038-003\/#primaryimage"},"thumbnailUrl":"https:\/\/images.novelship.com\/product\/_grade_school__air_jordan_11_retro__space_jam__201_0_84981.jpeg;https:\/\/images.novelship.com\/product\/_grade_school__air_jordan_11_retro__space_jam__201_1_84981.jpeg;https:\/\/images.novelship.com\/product\/_grade_school__air_jordan_11_retro__space_jam__201_2_84981.jpeg;https:\/\/images.novelship.com\/product\/_grade_school__air_jordan_11_retro__space_jam__201_3_84981.jpeg;https:\/\/images.novelship.com\/product\/_grade_school__air_jordan_11_retro__space_jam__201_4_84981.jpeg;https:\/\/images.novelship.com\/product\/_grade_school__air_jordan_11_retro__space_jam__201_5_84981.jpeg;https:\/\/images.novelship.com\/product\/_grade_school__air_jordan_11_retro__space_jam__201_6_84981.jpeg;https:\/\/images.novelship.com\/product\/_grade_school__air_jordan_11_retro__space_jam__201_7_84981.jpeg","datePublished":"2026-04-16T10:13:35+00:00","dateModified":"2026-04-17T16:02:10+00:00","breadcrumb":{"@id":"https:\/\/tourcruiser.com\/fr\/products\/grade-school-air-jordan-11-retro-space-jam-2016-378038-003\/#breadcrumb"},"inLanguage":"fr-FR","potentialAction":[{"@type":"ReadAction","target":["https:\/\/tourcruiser.com\/fr\/products\/grade-school-air-jordan-11-retro-space-jam-2016-378038-003\/"]}]},{"@type":"ImageObject","inLanguage":"fr-FR","@id":"https:\/\/tourcruiser.com\/fr\/products\/grade-school-air-jordan-11-retro-space-jam-2016-378038-003\/#primaryimage","url":"https:\/\/images.novelship.com\/product\/_grade_school__air_jordan_11_retro__space_jam__201_0_84981.jpeg;https:\/\/images.novelship.com\/product\/_grade_school__air_jordan_11_retro__space_jam__201_1_84981.jpeg;https:\/\/images.novelship.com\/product\/_grade_school__air_jordan_11_retro__space_jam__201_2_84981.jpeg;https:\/\/images.novelship.com\/product\/_grade_school__air_jordan_11_retro__space_jam__201_3_84981.jpeg;https:\/\/images.novelship.com\/product\/_grade_school__air_jordan_11_retro__space_jam__201_4_84981.jpeg;https:\/\/images.novelship.com\/product\/_grade_school__air_jordan_11_retro__space_jam__201_5_84981.jpeg;https:\/\/images.novelship.com\/product\/_grade_school__air_jordan_11_retro__space_jam__201_6_84981.jpeg;https:\/\/images.novelship.com\/product\/_grade_school__air_jordan_11_retro__space_jam__201_7_84981.jpeg","contentUrl":"https:\/\/images.novelship.com\/product\/_grade_school__air_jordan_11_retro__space_jam__201_0_84981.jpeg;https:\/\/images.novelship.com\/product\/_grade_school__air_jordan_11_retro__space_jam__201_1_84981.jpeg;https:\/\/images.novelship.com\/product\/_grade_school__air_jordan_11_retro__space_jam__201_2_84981.jpeg;https:\/\/images.novelship.com\/product\/_grade_school__air_jordan_11_retro__space_jam__201_3_84981.jpeg;https:\/\/images.novelship.com\/product\/_grade_school__air_jordan_11_retro__space_jam__201_4_84981.jpeg;https:\/\/images.novelship.com\/product\/_grade_school__air_jordan_11_retro__space_jam__201_5_84981.jpeg;https:\/\/images.novelship.com\/product\/_grade_school__air_jordan_11_retro__space_jam__201_6_84981.jpeg;https:\/\/images.novelship.com\/product\/_grade_school__air_jordan_11_retro__space_jam__201_7_84981.jpeg"},{"@type":"BreadcrumbList","@id":"https:\/\/tourcruiser.com\/fr\/products\/grade-school-air-jordan-11-retro-space-jam-2016-378038-003\/#breadcrumb","itemListElement":[{"@type":"ListItem","position":1,"name":"Home","item":"https:\/\/tourcruiser.com\/fr\/"},{"@type":"ListItem","position":2,"name":"Shop","item":"https:\/\/tourcruiser.com\/fr\/shop\/"},{"@type":"ListItem","position":3,"name":"(Grade School) Air Jordan 11 Retro &#8216;Space Jam&#8217; 2016 378038-003"}]},{"@type":"WebSite","@id":"\/#website","url":"\/","name":"Styloral Jewelry Shop","description":"Tourcruiser Sneaker Store \u2014 L\u2019endroit o\u00f9 l\u2019univers rencontre votre singularit\u00e9.","publisher":{"@id":"\/#organization"},"potentialAction":[{"@type":"SearchAction","target":{"@type":"EntryPoint","urlTemplate":"\/?s={search_term_string}"},"query-input":{"@type":"PropertyValueSpecification","valueRequired":true,"valueName":"search_term_string"}}],"inLanguage":"fr-FR"},{"@type":"Organization","@id":"\/#organization","name":"STYLORAL PTE. LTD","url":"\/","logo":{"@type":"ImageObject","inLanguage":"fr-FR","@id":"\/#\/schema\/logo\/image\/","url":"https:\/\/www.tourcruiser.com\/wp-content\/uploads\/2025\/12\/logo.png","contentUrl":"https:\/\/www.tourcruiser.com\/wp-content\/uploads\/2025\/12\/logo.png","width":200,"height":65,"caption":"STYLORAL PTE. LTD"},"image":{"@id":"\/#\/schema\/logo\/image\/"}}]}},"_links":{"self":[{"href":"https:\/\/tourcruiser.com\/fr\/wp-json\/wp\/v2\/product\/769273","targetHints":{"allow":["GET"]}}],"collection":[{"href":"https:\/\/tourcruiser.com\/fr\/wp-json\/wp\/v2\/product"}],"about":[{"href":"https:\/\/tourcruiser.com\/fr\/wp-json\/wp\/v2\/types\/product"}],"replies":[{"embeddable":true,"href":"https:\/\/tourcruiser.com\/fr\/wp-json\/wp\/v2\/comments?post=769273"}],"wp:featuredmedia":[{"embeddable":true,"href":"https:\/\/tourcruiser.com\/fr\/wp-json\/wp\/v2\/media\/769274"}],"wp:attachment":[{"href":"https:\/\/tourcruiser.com\/fr\/wp-json\/wp\/v2\/media?parent=769273"}],"wp:term":[{"taxonomy":"product_brand","embeddable":true,"href":"https:\/\/tourcruiser.com\/fr\/wp-json\/wp\/v2\/product_brand?post=769273"},{"taxonomy":"product_cat","embeddable":true,"href":"https:\/\/tourcruiser.com\/fr\/wp-json\/wp\/v2\/product_cat?post=769273"},{"taxonomy":"product_tag","embeddable":true,"href":"https:\/\/tourcruiser.com\/fr\/wp-json\/wp\/v2\/product_tag?post=769273"}],"curies":[{"name":"wp","href":"https:\/\/api.w.org\/{rel}","templated":true}]}}