{"id":769223,"date":"2026-04-16T17:13:34","date_gmt":"2026-04-16T10:13:34","guid":{"rendered":"http:\/\/tourcruiser.com\/product\/women-air-jordan-1-retro-high-og-satin-red-cd0461-601"},"modified":"2026-04-17T23:02:15","modified_gmt":"2026-04-17T16:02:15","slug":"women-air-jordan-1-retro-high-og-satin-red-cd0461-601","status":"publish","type":"product","link":"https:\/\/tourcruiser.com\/fr\/products\/women-air-jordan-1-retro-high-og-satin-red-cd0461-601\/","title":{"rendered":"(Women) Air Jordan 1 Retro High OG &lsquo;Satin Red&rsquo; CD0461-601"},"content":{"rendered":"<p>D\u00e9couvrez la Air Jordan 1 Retro High OG Satin Red (WMNS) pour femme sign\u00e9e Jordan. Ces sneakers iconiques arborent un rouge \u00e9clatant et sont parfaites pour affirmer votre style. Avec leur design OG et leur empeigne en satin, elles offrent un look unique et luxueux qui ne manquera pas de faire sensation. Sublimez votre style avec ces sneakers incontournables.<\/p>\n<p>Coloris : Rouge universitaire\/Blanc\/Noir<\/p>\n<p>Code article : CD0461-601<\/p>\n<p>Empeigne : Satin<\/p>\n<p>Semelle interm\u00e9diaire : Air<\/p>\n<p>Couleur : Rouge<\/p>\n<p>Designer : Peter Moore<\/p>\n<p>Saison : \u00c9t\u00e9<\/p>\n<p>Ann\u00e9e de sortie : 2020<\/p>\n<p>Couleur : \u00c9t\u00e9<\/p>\n<p>\u00c2ge : Adulte<\/p>\n<p>Couleur : Voile\/Vert p\u00e9trole-Rouge fonc\u00e9-Or m\u00e9tallis\u00e9<br \/>\nGenre : Femme<\/p>\n","protected":false},"excerpt":{"rendered":"<p>D\u00e9couvrez la Air Jordan 1 Retro High OG Satin Red (WMNS) pour femme sign\u00e9e Jordan. Ces sneakers iconiques arborent un rouge \u00e9clatant et sont parfaites pour affirmer votre style. Avec leur design OG et leur empeigne en satin, elles offrent un look unique et luxueux qui ne manquera pas de faire sensation. Sublimez votre style [&hellip;]<\/p>\n","protected":false},"featured_media":769224,"comment_status":"open","ping_status":"closed","template":"","meta":[],"product_brand":[],"product_cat":[38880],"product_tag":[10750,38861,38841,38975,38872,10776,11349,38875,10756,39568,39569],"class_list":{"0":"post-769223","1":"product","2":"type-product","3":"status-publish","4":"has-post-thumbnail","6":"product_cat-jordan","7":"product_tag-athleisure-shoes","8":"product_tag-below-retail-price","9":"product_tag-casual-shoes","10":"product_tag-casual-shoes-basketball-inspired","11":"product_tag-gift-idea-for-her","12":"product_tag-jordan","13":"product_tag-jordan-basketball-shoes","14":"product_tag-jordan-skateboard-shoes","15":"product_tag-retro-casual-shoes","16":"product_tag-women-s-collection-for-equality-day","17":"product_tag-women-s-edition-for-equality-day","19":"first","20":"instock","21":"taxable","22":"shipping-taxable","23":"purchasable","24":"product-type-simple"},"wcpa_form_fields":null,"yoast_head":"<!-- This site is optimized with the Yoast SEO plugin v26.5 - https:\/\/yoast.com\/wordpress\/plugins\/seo\/ -->\n<title>(Women) Air Jordan 1 Retro High OG &#039;Satin Red&#039; CD0461-601 - TOURCRUISER PTE. LTD<\/title>\n<meta name=\"robots\" content=\"index, follow, max-snippet:-1, max-image-preview:large, max-video-preview:-1\" \/>\n<link rel=\"canonical\" href=\"https:\/\/tourcruiser.com\/fr\/products\/women-air-jordan-1-retro-high-og-satin-red-cd0461-601\/\" \/>\n<meta property=\"og:locale\" content=\"fr_FR\" \/>\n<meta property=\"og:type\" content=\"article\" \/>\n<meta property=\"og:title\" content=\"(Women) Air Jordan 1 Retro High OG &#039;Satin Red&#039; CD0461-601 - TOURCRUISER PTE. LTD\" \/>\n<meta property=\"og:description\" content=\"D\u00e9couvrez la Air Jordan 1 Retro High OG Satin Red (WMNS) pour femme sign\u00e9e Jordan. Ces sneakers iconiques arborent un rouge \u00e9clatant et sont parfaites pour affirmer votre style. Avec leur design OG et leur empeigne en satin, elles offrent un look unique et luxueux qui ne manquera pas de faire sensation. Sublimez votre style [&hellip;]\" \/>\n<meta property=\"og:url\" content=\"https:\/\/tourcruiser.com\/fr\/products\/women-air-jordan-1-retro-high-og-satin-red-cd0461-601\/\" \/>\n<meta property=\"og:site_name\" content=\"Tourcruiser Sneaker Store\" \/>\n<meta property=\"article:modified_time\" content=\"2026-04-17T16:02:15+00:00\" \/>\n<meta name=\"twitter:card\" content=\"summary_large_image\" \/>\n<meta name=\"twitter:image\" content=\"https:\/\/images.novelship.com\/product\/_women__air_jordan_1_retro_high_og__satin_red__cd0_0_86667.jpeg;https:\/\/images.novelship.com\/product\/_women__air_jordan_1_retro_high_og__satin_red__cd0_1_86667.jpeg;https:\/\/images.novelship.com\/product\/_women__air_jordan_1_retro_high_og__satin_red__cd0_2_86667.jpeg;https:\/\/images.novelship.com\/product\/_women__air_jordan_1_retro_high_og__satin_red__cd0_3_86667.jpeg;https:\/\/images.novelship.com\/product\/_women__air_jordan_1_retro_high_og__satin_red__cd0_4_86667.jpeg;https:\/\/images.novelship.com\/product\/_women__air_jordan_1_retro_high_og__satin_red__cd0_5_86667.jpeg;https:\/\/images.novelship.com\/product\/_women__air_jordan_1_retro_high_og__satin_red__cd0_6_86667.jpeg;https:\/\/images.novelship.com\/product\/_women__air_jordan_1_retro_high_og__satin_red__cd0_7_86667.jpeg\" \/>\n<meta name=\"twitter:label1\" content=\"Dur\u00e9e de lecture estim\u00e9e\" \/>\n\t<meta name=\"twitter:data1\" content=\"1 minute\" \/>\n<script type=\"application\/ld+json\" class=\"yoast-schema-graph\">{\"@context\":\"https:\/\/schema.org\",\"@graph\":[{\"@type\":\"WebPage\",\"@id\":\"https:\/\/tourcruiser.com\/fr\/products\/women-air-jordan-1-retro-high-og-satin-red-cd0461-601\/\",\"url\":\"https:\/\/tourcruiser.com\/fr\/products\/women-air-jordan-1-retro-high-og-satin-red-cd0461-601\/\",\"name\":\"(Women) Air Jordan 1 Retro High OG 'Satin Red' CD0461-601 - TOURCRUISER PTE. LTD\",\"isPartOf\":{\"@id\":\"\/#website\"},\"primaryImageOfPage\":{\"@id\":\"https:\/\/tourcruiser.com\/fr\/products\/women-air-jordan-1-retro-high-og-satin-red-cd0461-601\/#primaryimage\"},\"image\":{\"@id\":\"https:\/\/tourcruiser.com\/fr\/products\/women-air-jordan-1-retro-high-og-satin-red-cd0461-601\/#primaryimage\"},\"thumbnailUrl\":\"https:\/\/images.novelship.com\/product\/_women__air_jordan_1_retro_high_og__satin_red__cd0_0_86667.jpeg;https:\/\/images.novelship.com\/product\/_women__air_jordan_1_retro_high_og__satin_red__cd0_1_86667.jpeg;https:\/\/images.novelship.com\/product\/_women__air_jordan_1_retro_high_og__satin_red__cd0_2_86667.jpeg;https:\/\/images.novelship.com\/product\/_women__air_jordan_1_retro_high_og__satin_red__cd0_3_86667.jpeg;https:\/\/images.novelship.com\/product\/_women__air_jordan_1_retro_high_og__satin_red__cd0_4_86667.jpeg;https:\/\/images.novelship.com\/product\/_women__air_jordan_1_retro_high_og__satin_red__cd0_5_86667.jpeg;https:\/\/images.novelship.com\/product\/_women__air_jordan_1_retro_high_og__satin_red__cd0_6_86667.jpeg;https:\/\/images.novelship.com\/product\/_women__air_jordan_1_retro_high_og__satin_red__cd0_7_86667.jpeg\",\"datePublished\":\"2026-04-16T10:13:34+00:00\",\"dateModified\":\"2026-04-17T16:02:15+00:00\",\"breadcrumb\":{\"@id\":\"https:\/\/tourcruiser.com\/fr\/products\/women-air-jordan-1-retro-high-og-satin-red-cd0461-601\/#breadcrumb\"},\"inLanguage\":\"fr-FR\",\"potentialAction\":[{\"@type\":\"ReadAction\",\"target\":[\"https:\/\/tourcruiser.com\/fr\/products\/women-air-jordan-1-retro-high-og-satin-red-cd0461-601\/\"]}]},{\"@type\":\"ImageObject\",\"inLanguage\":\"fr-FR\",\"@id\":\"https:\/\/tourcruiser.com\/fr\/products\/women-air-jordan-1-retro-high-og-satin-red-cd0461-601\/#primaryimage\",\"url\":\"https:\/\/images.novelship.com\/product\/_women__air_jordan_1_retro_high_og__satin_red__cd0_0_86667.jpeg;https:\/\/images.novelship.com\/product\/_women__air_jordan_1_retro_high_og__satin_red__cd0_1_86667.jpeg;https:\/\/images.novelship.com\/product\/_women__air_jordan_1_retro_high_og__satin_red__cd0_2_86667.jpeg;https:\/\/images.novelship.com\/product\/_women__air_jordan_1_retro_high_og__satin_red__cd0_3_86667.jpeg;https:\/\/images.novelship.com\/product\/_women__air_jordan_1_retro_high_og__satin_red__cd0_4_86667.jpeg;https:\/\/images.novelship.com\/product\/_women__air_jordan_1_retro_high_og__satin_red__cd0_5_86667.jpeg;https:\/\/images.novelship.com\/product\/_women__air_jordan_1_retro_high_og__satin_red__cd0_6_86667.jpeg;https:\/\/images.novelship.com\/product\/_women__air_jordan_1_retro_high_og__satin_red__cd0_7_86667.jpeg\",\"contentUrl\":\"https:\/\/images.novelship.com\/product\/_women__air_jordan_1_retro_high_og__satin_red__cd0_0_86667.jpeg;https:\/\/images.novelship.com\/product\/_women__air_jordan_1_retro_high_og__satin_red__cd0_1_86667.jpeg;https:\/\/images.novelship.com\/product\/_women__air_jordan_1_retro_high_og__satin_red__cd0_2_86667.jpeg;https:\/\/images.novelship.com\/product\/_women__air_jordan_1_retro_high_og__satin_red__cd0_3_86667.jpeg;https:\/\/images.novelship.com\/product\/_women__air_jordan_1_retro_high_og__satin_red__cd0_4_86667.jpeg;https:\/\/images.novelship.com\/product\/_women__air_jordan_1_retro_high_og__satin_red__cd0_5_86667.jpeg;https:\/\/images.novelship.com\/product\/_women__air_jordan_1_retro_high_og__satin_red__cd0_6_86667.jpeg;https:\/\/images.novelship.com\/product\/_women__air_jordan_1_retro_high_og__satin_red__cd0_7_86667.jpeg\"},{\"@type\":\"BreadcrumbList\",\"@id\":\"https:\/\/tourcruiser.com\/fr\/products\/women-air-jordan-1-retro-high-og-satin-red-cd0461-601\/#breadcrumb\",\"itemListElement\":[{\"@type\":\"ListItem\",\"position\":1,\"name\":\"Home\",\"item\":\"https:\/\/tourcruiser.com\/fr\/\"},{\"@type\":\"ListItem\",\"position\":2,\"name\":\"Shop\",\"item\":\"https:\/\/tourcruiser.com\/fr\/shop\/\"},{\"@type\":\"ListItem\",\"position\":3,\"name\":\"(Women) Air Jordan 1 Retro High OG &#8216;Satin Red&#8217; CD0461-601\"}]},{\"@type\":\"WebSite\",\"@id\":\"\/#website\",\"url\":\"\/\",\"name\":\"Styloral Jewelry Shop\",\"description\":\"Tourcruiser Sneaker Store \u2014 L\u2019endroit o\u00f9 l\u2019univers rencontre votre singularit\u00e9.\",\"publisher\":{\"@id\":\"\/#organization\"},\"potentialAction\":[{\"@type\":\"SearchAction\",\"target\":{\"@type\":\"EntryPoint\",\"urlTemplate\":\"\/?s={search_term_string}\"},\"query-input\":{\"@type\":\"PropertyValueSpecification\",\"valueRequired\":true,\"valueName\":\"search_term_string\"}}],\"inLanguage\":\"fr-FR\"},{\"@type\":\"Organization\",\"@id\":\"\/#organization\",\"name\":\"STYLORAL PTE. LTD\",\"url\":\"\/\",\"logo\":{\"@type\":\"ImageObject\",\"inLanguage\":\"fr-FR\",\"@id\":\"\/#\/schema\/logo\/image\/\",\"url\":\"https:\/\/www.tourcruiser.com\/wp-content\/uploads\/2025\/12\/logo.png\",\"contentUrl\":\"https:\/\/www.tourcruiser.com\/wp-content\/uploads\/2025\/12\/logo.png\",\"width\":200,\"height\":65,\"caption\":\"STYLORAL PTE. LTD\"},\"image\":{\"@id\":\"\/#\/schema\/logo\/image\/\"}}]}<\/script>\n<!-- \/ Yoast SEO plugin. -->","yoast_head_json":{"title":"(Women) Air Jordan 1 Retro High OG 'Satin Red' CD0461-601 - TOURCRUISER PTE. LTD","robots":{"index":"index","follow":"follow","max-snippet":"max-snippet:-1","max-image-preview":"max-image-preview:large","max-video-preview":"max-video-preview:-1"},"canonical":"https:\/\/tourcruiser.com\/fr\/products\/women-air-jordan-1-retro-high-og-satin-red-cd0461-601\/","og_locale":"fr_FR","og_type":"article","og_title":"(Women) Air Jordan 1 Retro High OG 'Satin Red' CD0461-601 - TOURCRUISER PTE. LTD","og_description":"D\u00e9couvrez la Air Jordan 1 Retro High OG Satin Red (WMNS) pour femme sign\u00e9e Jordan. Ces sneakers iconiques arborent un rouge \u00e9clatant et sont parfaites pour affirmer votre style. Avec leur design OG et leur empeigne en satin, elles offrent un look unique et luxueux qui ne manquera pas de faire sensation. Sublimez votre style [&hellip;]","og_url":"https:\/\/tourcruiser.com\/fr\/products\/women-air-jordan-1-retro-high-og-satin-red-cd0461-601\/","og_site_name":"Tourcruiser Sneaker Store","article_modified_time":"2026-04-17T16:02:15+00:00","twitter_card":"summary_large_image","twitter_image":"https:\/\/images.novelship.com\/product\/_women__air_jordan_1_retro_high_og__satin_red__cd0_0_86667.jpeg;https:\/\/images.novelship.com\/product\/_women__air_jordan_1_retro_high_og__satin_red__cd0_1_86667.jpeg;https:\/\/images.novelship.com\/product\/_women__air_jordan_1_retro_high_og__satin_red__cd0_2_86667.jpeg;https:\/\/images.novelship.com\/product\/_women__air_jordan_1_retro_high_og__satin_red__cd0_3_86667.jpeg;https:\/\/images.novelship.com\/product\/_women__air_jordan_1_retro_high_og__satin_red__cd0_4_86667.jpeg;https:\/\/images.novelship.com\/product\/_women__air_jordan_1_retro_high_og__satin_red__cd0_5_86667.jpeg;https:\/\/images.novelship.com\/product\/_women__air_jordan_1_retro_high_og__satin_red__cd0_6_86667.jpeg;https:\/\/images.novelship.com\/product\/_women__air_jordan_1_retro_high_og__satin_red__cd0_7_86667.jpeg","twitter_misc":{"Dur\u00e9e de lecture estim\u00e9e":"1 minute"},"schema":{"@context":"https:\/\/schema.org","@graph":[{"@type":"WebPage","@id":"https:\/\/tourcruiser.com\/fr\/products\/women-air-jordan-1-retro-high-og-satin-red-cd0461-601\/","url":"https:\/\/tourcruiser.com\/fr\/products\/women-air-jordan-1-retro-high-og-satin-red-cd0461-601\/","name":"(Women) Air Jordan 1 Retro High OG 'Satin Red' CD0461-601 - TOURCRUISER PTE. LTD","isPartOf":{"@id":"\/#website"},"primaryImageOfPage":{"@id":"https:\/\/tourcruiser.com\/fr\/products\/women-air-jordan-1-retro-high-og-satin-red-cd0461-601\/#primaryimage"},"image":{"@id":"https:\/\/tourcruiser.com\/fr\/products\/women-air-jordan-1-retro-high-og-satin-red-cd0461-601\/#primaryimage"},"thumbnailUrl":"https:\/\/images.novelship.com\/product\/_women__air_jordan_1_retro_high_og__satin_red__cd0_0_86667.jpeg;https:\/\/images.novelship.com\/product\/_women__air_jordan_1_retro_high_og__satin_red__cd0_1_86667.jpeg;https:\/\/images.novelship.com\/product\/_women__air_jordan_1_retro_high_og__satin_red__cd0_2_86667.jpeg;https:\/\/images.novelship.com\/product\/_women__air_jordan_1_retro_high_og__satin_red__cd0_3_86667.jpeg;https:\/\/images.novelship.com\/product\/_women__air_jordan_1_retro_high_og__satin_red__cd0_4_86667.jpeg;https:\/\/images.novelship.com\/product\/_women__air_jordan_1_retro_high_og__satin_red__cd0_5_86667.jpeg;https:\/\/images.novelship.com\/product\/_women__air_jordan_1_retro_high_og__satin_red__cd0_6_86667.jpeg;https:\/\/images.novelship.com\/product\/_women__air_jordan_1_retro_high_og__satin_red__cd0_7_86667.jpeg","datePublished":"2026-04-16T10:13:34+00:00","dateModified":"2026-04-17T16:02:15+00:00","breadcrumb":{"@id":"https:\/\/tourcruiser.com\/fr\/products\/women-air-jordan-1-retro-high-og-satin-red-cd0461-601\/#breadcrumb"},"inLanguage":"fr-FR","potentialAction":[{"@type":"ReadAction","target":["https:\/\/tourcruiser.com\/fr\/products\/women-air-jordan-1-retro-high-og-satin-red-cd0461-601\/"]}]},{"@type":"ImageObject","inLanguage":"fr-FR","@id":"https:\/\/tourcruiser.com\/fr\/products\/women-air-jordan-1-retro-high-og-satin-red-cd0461-601\/#primaryimage","url":"https:\/\/images.novelship.com\/product\/_women__air_jordan_1_retro_high_og__satin_red__cd0_0_86667.jpeg;https:\/\/images.novelship.com\/product\/_women__air_jordan_1_retro_high_og__satin_red__cd0_1_86667.jpeg;https:\/\/images.novelship.com\/product\/_women__air_jordan_1_retro_high_og__satin_red__cd0_2_86667.jpeg;https:\/\/images.novelship.com\/product\/_women__air_jordan_1_retro_high_og__satin_red__cd0_3_86667.jpeg;https:\/\/images.novelship.com\/product\/_women__air_jordan_1_retro_high_og__satin_red__cd0_4_86667.jpeg;https:\/\/images.novelship.com\/product\/_women__air_jordan_1_retro_high_og__satin_red__cd0_5_86667.jpeg;https:\/\/images.novelship.com\/product\/_women__air_jordan_1_retro_high_og__satin_red__cd0_6_86667.jpeg;https:\/\/images.novelship.com\/product\/_women__air_jordan_1_retro_high_og__satin_red__cd0_7_86667.jpeg","contentUrl":"https:\/\/images.novelship.com\/product\/_women__air_jordan_1_retro_high_og__satin_red__cd0_0_86667.jpeg;https:\/\/images.novelship.com\/product\/_women__air_jordan_1_retro_high_og__satin_red__cd0_1_86667.jpeg;https:\/\/images.novelship.com\/product\/_women__air_jordan_1_retro_high_og__satin_red__cd0_2_86667.jpeg;https:\/\/images.novelship.com\/product\/_women__air_jordan_1_retro_high_og__satin_red__cd0_3_86667.jpeg;https:\/\/images.novelship.com\/product\/_women__air_jordan_1_retro_high_og__satin_red__cd0_4_86667.jpeg;https:\/\/images.novelship.com\/product\/_women__air_jordan_1_retro_high_og__satin_red__cd0_5_86667.jpeg;https:\/\/images.novelship.com\/product\/_women__air_jordan_1_retro_high_og__satin_red__cd0_6_86667.jpeg;https:\/\/images.novelship.com\/product\/_women__air_jordan_1_retro_high_og__satin_red__cd0_7_86667.jpeg"},{"@type":"BreadcrumbList","@id":"https:\/\/tourcruiser.com\/fr\/products\/women-air-jordan-1-retro-high-og-satin-red-cd0461-601\/#breadcrumb","itemListElement":[{"@type":"ListItem","position":1,"name":"Home","item":"https:\/\/tourcruiser.com\/fr\/"},{"@type":"ListItem","position":2,"name":"Shop","item":"https:\/\/tourcruiser.com\/fr\/shop\/"},{"@type":"ListItem","position":3,"name":"(Women) Air Jordan 1 Retro High OG &#8216;Satin Red&#8217; CD0461-601"}]},{"@type":"WebSite","@id":"\/#website","url":"\/","name":"Styloral Jewelry Shop","description":"Tourcruiser Sneaker Store \u2014 L\u2019endroit o\u00f9 l\u2019univers rencontre votre singularit\u00e9.","publisher":{"@id":"\/#organization"},"potentialAction":[{"@type":"SearchAction","target":{"@type":"EntryPoint","urlTemplate":"\/?s={search_term_string}"},"query-input":{"@type":"PropertyValueSpecification","valueRequired":true,"valueName":"search_term_string"}}],"inLanguage":"fr-FR"},{"@type":"Organization","@id":"\/#organization","name":"STYLORAL PTE. LTD","url":"\/","logo":{"@type":"ImageObject","inLanguage":"fr-FR","@id":"\/#\/schema\/logo\/image\/","url":"https:\/\/www.tourcruiser.com\/wp-content\/uploads\/2025\/12\/logo.png","contentUrl":"https:\/\/www.tourcruiser.com\/wp-content\/uploads\/2025\/12\/logo.png","width":200,"height":65,"caption":"STYLORAL PTE. LTD"},"image":{"@id":"\/#\/schema\/logo\/image\/"}}]}},"_links":{"self":[{"href":"https:\/\/tourcruiser.com\/fr\/wp-json\/wp\/v2\/product\/769223","targetHints":{"allow":["GET"]}}],"collection":[{"href":"https:\/\/tourcruiser.com\/fr\/wp-json\/wp\/v2\/product"}],"about":[{"href":"https:\/\/tourcruiser.com\/fr\/wp-json\/wp\/v2\/types\/product"}],"replies":[{"embeddable":true,"href":"https:\/\/tourcruiser.com\/fr\/wp-json\/wp\/v2\/comments?post=769223"}],"wp:featuredmedia":[{"embeddable":true,"href":"https:\/\/tourcruiser.com\/fr\/wp-json\/wp\/v2\/media\/769224"}],"wp:attachment":[{"href":"https:\/\/tourcruiser.com\/fr\/wp-json\/wp\/v2\/media?parent=769223"}],"wp:term":[{"taxonomy":"product_brand","embeddable":true,"href":"https:\/\/tourcruiser.com\/fr\/wp-json\/wp\/v2\/product_brand?post=769223"},{"taxonomy":"product_cat","embeddable":true,"href":"https:\/\/tourcruiser.com\/fr\/wp-json\/wp\/v2\/product_cat?post=769223"},{"taxonomy":"product_tag","embeddable":true,"href":"https:\/\/tourcruiser.com\/fr\/wp-json\/wp\/v2\/product_tag?post=769223"}],"curies":[{"name":"wp","href":"https:\/\/api.w.org\/{rel}","templated":true}]}}