{"id":769149,"date":"2026-04-16T17:13:31","date_gmt":"2026-04-16T10:13:31","guid":{"rendered":"http:\/\/tourcruiser.com\/product\/women-air-jordan-1-retro-high-og-tie-dye-cd0461-100"},"modified":"2026-04-17T23:01:57","modified_gmt":"2026-04-17T16:01:57","slug":"women-air-jordan-1-retro-high-og-tie-dye-cd0461-100","status":"publish","type":"product","link":"https:\/\/tourcruiser.com\/fr\/products\/women-air-jordan-1-retro-high-og-tie-dye-cd0461-100\/","title":{"rendered":"(Women) Air Jordan 1 Retro High OG &lsquo;Tie-Dye&rsquo; CD0461-100"},"content":{"rendered":"<p>La Air Jordan 1 Retro High OG Tie-Dye (WMNS) de Jordan est une basket \u00e9l\u00e9gante et originale pour femme. Son motif tie-dye unique sur fond blanc lui conf\u00e8re un style affirm\u00e9. Confectionn\u00e9e \u00e0 partir de mat\u00e9riaux haut de gamme, elle offre un confort et une durabilit\u00e9 exceptionnels. Ces Air Jordan sont parfaites pour toutes les tenues, d\u00e9contract\u00e9es ou sportives, et un incontournable pour les femmes qui veulent se d\u00e9marquer.<\/p>\n<p>Coloris : Blanc\/Noir\/Vert Aurore<br \/>\nCode article : CD0461-100<br \/>\nTige : Cuir<br \/>\nSemelle interm\u00e9diaire : Air<br \/>\nCouleur : Multicolore<br \/>\nCr\u00e9ateur : Peter Moore<br \/>\nSaison : \u00c9t\u00e9<br \/>\nAnn\u00e9e de sortie : 2020<\/p>\n<p>\u00c2ge : Adulte<br \/>\nCouleur : Blanc\/Blanc clair<br \/>\nGenre : Femme<\/p>\n","protected":false},"excerpt":{"rendered":"<p>La Air Jordan 1 Retro High OG Tie-Dye (WMNS) de Jordan est une basket \u00e9l\u00e9gante et originale pour femme. Son motif tie-dye unique sur fond blanc lui conf\u00e8re un style affirm\u00e9. Confectionn\u00e9e \u00e0 partir de mat\u00e9riaux haut de gamme, elle offre un confort et une durabilit\u00e9 exceptionnels. Ces Air Jordan sont parfaites pour toutes les [&hellip;]<\/p>\n","protected":false},"featured_media":769150,"comment_status":"open","ping_status":"closed","template":"","meta":[],"product_brand":[],"product_cat":[38880],"product_tag":[10750,10800,38861,38841,38975,38969,10776,38875,10756,38902,38936,39345,39346],"class_list":{"0":"post-769149","1":"product","2":"type-product","3":"status-publish","4":"has-post-thumbnail","6":"product_cat-jordan","7":"product_tag-athleisure-shoes","8":"product_tag-basketball-shoes","9":"product_tag-below-retail-price","10":"product_tag-casual-shoes","11":"product_tag-casual-shoes-basketball-inspired","12":"product_tag-gift-ideas-for-her","13":"product_tag-jordan","14":"product_tag-jordan-skateboard-shoes","15":"product_tag-retro-casual-shoes","16":"product_tag-trendy-offers","17":"product_tag-trendy-offers-under-a-150","18":"product_tag-women-s-collection-for-equal-rights-day","19":"product_tag-women-s-edition-for-equal-rights-day","21":"first","22":"instock","23":"taxable","24":"shipping-taxable","25":"purchasable","26":"product-type-simple"},"wcpa_form_fields":null,"yoast_head":"<!-- This site is optimized with the Yoast SEO plugin v26.5 - https:\/\/yoast.com\/wordpress\/plugins\/seo\/ -->\n<title>(Women) Air Jordan 1 Retro High OG &#039;Tie-Dye&#039; CD0461-100 - TOURCRUISER PTE. LTD<\/title>\n<meta name=\"robots\" content=\"index, follow, max-snippet:-1, max-image-preview:large, max-video-preview:-1\" \/>\n<link rel=\"canonical\" href=\"https:\/\/tourcruiser.com\/fr\/products\/women-air-jordan-1-retro-high-og-tie-dye-cd0461-100\/\" \/>\n<meta property=\"og:locale\" content=\"fr_FR\" \/>\n<meta property=\"og:type\" content=\"article\" \/>\n<meta property=\"og:title\" content=\"(Women) Air Jordan 1 Retro High OG &#039;Tie-Dye&#039; CD0461-100 - TOURCRUISER PTE. LTD\" \/>\n<meta property=\"og:description\" content=\"La Air Jordan 1 Retro High OG Tie-Dye (WMNS) de Jordan est une basket \u00e9l\u00e9gante et originale pour femme. Son motif tie-dye unique sur fond blanc lui conf\u00e8re un style affirm\u00e9. Confectionn\u00e9e \u00e0 partir de mat\u00e9riaux haut de gamme, elle offre un confort et une durabilit\u00e9 exceptionnels. Ces Air Jordan sont parfaites pour toutes les [&hellip;]\" \/>\n<meta property=\"og:url\" content=\"https:\/\/tourcruiser.com\/fr\/products\/women-air-jordan-1-retro-high-og-tie-dye-cd0461-100\/\" \/>\n<meta property=\"og:site_name\" content=\"Tourcruiser Sneaker Store\" \/>\n<meta property=\"article:modified_time\" content=\"2026-04-17T16:01:57+00:00\" \/>\n<meta name=\"twitter:card\" content=\"summary_large_image\" \/>\n<meta name=\"twitter:image\" content=\"https:\/\/images.novelship.com\/product\/_women__air_jordan_1_retro_high_og__tie_dye__cd046_0_45738.jpeg;https:\/\/images.novelship.com\/product\/_women__air_jordan_1_retro_high_og__tie_dye__cd046_1_45738.jpeg;https:\/\/images.novelship.com\/product\/_women__air_jordan_1_retro_high_og__tie_dye__cd046_2_45738.jpeg;https:\/\/images.novelship.com\/product\/_women__air_jordan_1_retro_high_og__tie_dye__cd046_3_45738.jpeg;https:\/\/images.novelship.com\/product\/_women__air_jordan_1_retro_high_og__tie_dye__cd046_4_45738.jpeg;https:\/\/images.novelship.com\/product\/_women__air_jordan_1_retro_high_og__tie_dye__cd046_5_45738.jpeg;https:\/\/images.novelship.com\/product\/_women__air_jordan_1_retro_high_og__tie_dye__cd046_6_45738.jpeg;https:\/\/images.novelship.com\/product\/_women__air_jordan_1_retro_high_og__tie_dye__cd046_7_45738.jpeg\" \/>\n<meta name=\"twitter:label1\" content=\"Dur\u00e9e de lecture estim\u00e9e\" \/>\n\t<meta name=\"twitter:data1\" content=\"1 minute\" \/>\n<script type=\"application\/ld+json\" class=\"yoast-schema-graph\">{\"@context\":\"https:\/\/schema.org\",\"@graph\":[{\"@type\":\"WebPage\",\"@id\":\"https:\/\/tourcruiser.com\/fr\/products\/women-air-jordan-1-retro-high-og-tie-dye-cd0461-100\/\",\"url\":\"https:\/\/tourcruiser.com\/fr\/products\/women-air-jordan-1-retro-high-og-tie-dye-cd0461-100\/\",\"name\":\"(Women) Air Jordan 1 Retro High OG 'Tie-Dye' CD0461-100 - TOURCRUISER PTE. LTD\",\"isPartOf\":{\"@id\":\"\/#website\"},\"primaryImageOfPage\":{\"@id\":\"https:\/\/tourcruiser.com\/fr\/products\/women-air-jordan-1-retro-high-og-tie-dye-cd0461-100\/#primaryimage\"},\"image\":{\"@id\":\"https:\/\/tourcruiser.com\/fr\/products\/women-air-jordan-1-retro-high-og-tie-dye-cd0461-100\/#primaryimage\"},\"thumbnailUrl\":\"https:\/\/images.novelship.com\/product\/_women__air_jordan_1_retro_high_og__tie_dye__cd046_0_45738.jpeg;https:\/\/images.novelship.com\/product\/_women__air_jordan_1_retro_high_og__tie_dye__cd046_1_45738.jpeg;https:\/\/images.novelship.com\/product\/_women__air_jordan_1_retro_high_og__tie_dye__cd046_2_45738.jpeg;https:\/\/images.novelship.com\/product\/_women__air_jordan_1_retro_high_og__tie_dye__cd046_3_45738.jpeg;https:\/\/images.novelship.com\/product\/_women__air_jordan_1_retro_high_og__tie_dye__cd046_4_45738.jpeg;https:\/\/images.novelship.com\/product\/_women__air_jordan_1_retro_high_og__tie_dye__cd046_5_45738.jpeg;https:\/\/images.novelship.com\/product\/_women__air_jordan_1_retro_high_og__tie_dye__cd046_6_45738.jpeg;https:\/\/images.novelship.com\/product\/_women__air_jordan_1_retro_high_og__tie_dye__cd046_7_45738.jpeg\",\"datePublished\":\"2026-04-16T10:13:31+00:00\",\"dateModified\":\"2026-04-17T16:01:57+00:00\",\"breadcrumb\":{\"@id\":\"https:\/\/tourcruiser.com\/fr\/products\/women-air-jordan-1-retro-high-og-tie-dye-cd0461-100\/#breadcrumb\"},\"inLanguage\":\"fr-FR\",\"potentialAction\":[{\"@type\":\"ReadAction\",\"target\":[\"https:\/\/tourcruiser.com\/fr\/products\/women-air-jordan-1-retro-high-og-tie-dye-cd0461-100\/\"]}]},{\"@type\":\"ImageObject\",\"inLanguage\":\"fr-FR\",\"@id\":\"https:\/\/tourcruiser.com\/fr\/products\/women-air-jordan-1-retro-high-og-tie-dye-cd0461-100\/#primaryimage\",\"url\":\"https:\/\/images.novelship.com\/product\/_women__air_jordan_1_retro_high_og__tie_dye__cd046_0_45738.jpeg;https:\/\/images.novelship.com\/product\/_women__air_jordan_1_retro_high_og__tie_dye__cd046_1_45738.jpeg;https:\/\/images.novelship.com\/product\/_women__air_jordan_1_retro_high_og__tie_dye__cd046_2_45738.jpeg;https:\/\/images.novelship.com\/product\/_women__air_jordan_1_retro_high_og__tie_dye__cd046_3_45738.jpeg;https:\/\/images.novelship.com\/product\/_women__air_jordan_1_retro_high_og__tie_dye__cd046_4_45738.jpeg;https:\/\/images.novelship.com\/product\/_women__air_jordan_1_retro_high_og__tie_dye__cd046_5_45738.jpeg;https:\/\/images.novelship.com\/product\/_women__air_jordan_1_retro_high_og__tie_dye__cd046_6_45738.jpeg;https:\/\/images.novelship.com\/product\/_women__air_jordan_1_retro_high_og__tie_dye__cd046_7_45738.jpeg\",\"contentUrl\":\"https:\/\/images.novelship.com\/product\/_women__air_jordan_1_retro_high_og__tie_dye__cd046_0_45738.jpeg;https:\/\/images.novelship.com\/product\/_women__air_jordan_1_retro_high_og__tie_dye__cd046_1_45738.jpeg;https:\/\/images.novelship.com\/product\/_women__air_jordan_1_retro_high_og__tie_dye__cd046_2_45738.jpeg;https:\/\/images.novelship.com\/product\/_women__air_jordan_1_retro_high_og__tie_dye__cd046_3_45738.jpeg;https:\/\/images.novelship.com\/product\/_women__air_jordan_1_retro_high_og__tie_dye__cd046_4_45738.jpeg;https:\/\/images.novelship.com\/product\/_women__air_jordan_1_retro_high_og__tie_dye__cd046_5_45738.jpeg;https:\/\/images.novelship.com\/product\/_women__air_jordan_1_retro_high_og__tie_dye__cd046_6_45738.jpeg;https:\/\/images.novelship.com\/product\/_women__air_jordan_1_retro_high_og__tie_dye__cd046_7_45738.jpeg\"},{\"@type\":\"BreadcrumbList\",\"@id\":\"https:\/\/tourcruiser.com\/fr\/products\/women-air-jordan-1-retro-high-og-tie-dye-cd0461-100\/#breadcrumb\",\"itemListElement\":[{\"@type\":\"ListItem\",\"position\":1,\"name\":\"Home\",\"item\":\"https:\/\/tourcruiser.com\/fr\/\"},{\"@type\":\"ListItem\",\"position\":2,\"name\":\"Shop\",\"item\":\"https:\/\/tourcruiser.com\/fr\/shop\/\"},{\"@type\":\"ListItem\",\"position\":3,\"name\":\"(Women) Air Jordan 1 Retro High OG &#8216;Tie-Dye&#8217; CD0461-100\"}]},{\"@type\":\"WebSite\",\"@id\":\"\/#website\",\"url\":\"\/\",\"name\":\"Styloral Jewelry Shop\",\"description\":\"Tourcruiser Sneaker Store \u2014 L\u2019endroit o\u00f9 l\u2019univers rencontre votre singularit\u00e9.\",\"publisher\":{\"@id\":\"\/#organization\"},\"potentialAction\":[{\"@type\":\"SearchAction\",\"target\":{\"@type\":\"EntryPoint\",\"urlTemplate\":\"\/?s={search_term_string}\"},\"query-input\":{\"@type\":\"PropertyValueSpecification\",\"valueRequired\":true,\"valueName\":\"search_term_string\"}}],\"inLanguage\":\"fr-FR\"},{\"@type\":\"Organization\",\"@id\":\"\/#organization\",\"name\":\"STYLORAL PTE. LTD\",\"url\":\"\/\",\"logo\":{\"@type\":\"ImageObject\",\"inLanguage\":\"fr-FR\",\"@id\":\"\/#\/schema\/logo\/image\/\",\"url\":\"https:\/\/www.tourcruiser.com\/wp-content\/uploads\/2025\/12\/logo.png\",\"contentUrl\":\"https:\/\/www.tourcruiser.com\/wp-content\/uploads\/2025\/12\/logo.png\",\"width\":200,\"height\":65,\"caption\":\"STYLORAL PTE. LTD\"},\"image\":{\"@id\":\"\/#\/schema\/logo\/image\/\"}}]}<\/script>\n<!-- \/ Yoast SEO plugin. -->","yoast_head_json":{"title":"(Women) Air Jordan 1 Retro High OG 'Tie-Dye' CD0461-100 - TOURCRUISER PTE. LTD","robots":{"index":"index","follow":"follow","max-snippet":"max-snippet:-1","max-image-preview":"max-image-preview:large","max-video-preview":"max-video-preview:-1"},"canonical":"https:\/\/tourcruiser.com\/fr\/products\/women-air-jordan-1-retro-high-og-tie-dye-cd0461-100\/","og_locale":"fr_FR","og_type":"article","og_title":"(Women) Air Jordan 1 Retro High OG 'Tie-Dye' CD0461-100 - TOURCRUISER PTE. LTD","og_description":"La Air Jordan 1 Retro High OG Tie-Dye (WMNS) de Jordan est une basket \u00e9l\u00e9gante et originale pour femme. Son motif tie-dye unique sur fond blanc lui conf\u00e8re un style affirm\u00e9. Confectionn\u00e9e \u00e0 partir de mat\u00e9riaux haut de gamme, elle offre un confort et une durabilit\u00e9 exceptionnels. Ces Air Jordan sont parfaites pour toutes les [&hellip;]","og_url":"https:\/\/tourcruiser.com\/fr\/products\/women-air-jordan-1-retro-high-og-tie-dye-cd0461-100\/","og_site_name":"Tourcruiser Sneaker Store","article_modified_time":"2026-04-17T16:01:57+00:00","twitter_card":"summary_large_image","twitter_image":"https:\/\/images.novelship.com\/product\/_women__air_jordan_1_retro_high_og__tie_dye__cd046_0_45738.jpeg;https:\/\/images.novelship.com\/product\/_women__air_jordan_1_retro_high_og__tie_dye__cd046_1_45738.jpeg;https:\/\/images.novelship.com\/product\/_women__air_jordan_1_retro_high_og__tie_dye__cd046_2_45738.jpeg;https:\/\/images.novelship.com\/product\/_women__air_jordan_1_retro_high_og__tie_dye__cd046_3_45738.jpeg;https:\/\/images.novelship.com\/product\/_women__air_jordan_1_retro_high_og__tie_dye__cd046_4_45738.jpeg;https:\/\/images.novelship.com\/product\/_women__air_jordan_1_retro_high_og__tie_dye__cd046_5_45738.jpeg;https:\/\/images.novelship.com\/product\/_women__air_jordan_1_retro_high_og__tie_dye__cd046_6_45738.jpeg;https:\/\/images.novelship.com\/product\/_women__air_jordan_1_retro_high_og__tie_dye__cd046_7_45738.jpeg","twitter_misc":{"Dur\u00e9e de lecture estim\u00e9e":"1 minute"},"schema":{"@context":"https:\/\/schema.org","@graph":[{"@type":"WebPage","@id":"https:\/\/tourcruiser.com\/fr\/products\/women-air-jordan-1-retro-high-og-tie-dye-cd0461-100\/","url":"https:\/\/tourcruiser.com\/fr\/products\/women-air-jordan-1-retro-high-og-tie-dye-cd0461-100\/","name":"(Women) Air Jordan 1 Retro High OG 'Tie-Dye' CD0461-100 - TOURCRUISER PTE. LTD","isPartOf":{"@id":"\/#website"},"primaryImageOfPage":{"@id":"https:\/\/tourcruiser.com\/fr\/products\/women-air-jordan-1-retro-high-og-tie-dye-cd0461-100\/#primaryimage"},"image":{"@id":"https:\/\/tourcruiser.com\/fr\/products\/women-air-jordan-1-retro-high-og-tie-dye-cd0461-100\/#primaryimage"},"thumbnailUrl":"https:\/\/images.novelship.com\/product\/_women__air_jordan_1_retro_high_og__tie_dye__cd046_0_45738.jpeg;https:\/\/images.novelship.com\/product\/_women__air_jordan_1_retro_high_og__tie_dye__cd046_1_45738.jpeg;https:\/\/images.novelship.com\/product\/_women__air_jordan_1_retro_high_og__tie_dye__cd046_2_45738.jpeg;https:\/\/images.novelship.com\/product\/_women__air_jordan_1_retro_high_og__tie_dye__cd046_3_45738.jpeg;https:\/\/images.novelship.com\/product\/_women__air_jordan_1_retro_high_og__tie_dye__cd046_4_45738.jpeg;https:\/\/images.novelship.com\/product\/_women__air_jordan_1_retro_high_og__tie_dye__cd046_5_45738.jpeg;https:\/\/images.novelship.com\/product\/_women__air_jordan_1_retro_high_og__tie_dye__cd046_6_45738.jpeg;https:\/\/images.novelship.com\/product\/_women__air_jordan_1_retro_high_og__tie_dye__cd046_7_45738.jpeg","datePublished":"2026-04-16T10:13:31+00:00","dateModified":"2026-04-17T16:01:57+00:00","breadcrumb":{"@id":"https:\/\/tourcruiser.com\/fr\/products\/women-air-jordan-1-retro-high-og-tie-dye-cd0461-100\/#breadcrumb"},"inLanguage":"fr-FR","potentialAction":[{"@type":"ReadAction","target":["https:\/\/tourcruiser.com\/fr\/products\/women-air-jordan-1-retro-high-og-tie-dye-cd0461-100\/"]}]},{"@type":"ImageObject","inLanguage":"fr-FR","@id":"https:\/\/tourcruiser.com\/fr\/products\/women-air-jordan-1-retro-high-og-tie-dye-cd0461-100\/#primaryimage","url":"https:\/\/images.novelship.com\/product\/_women__air_jordan_1_retro_high_og__tie_dye__cd046_0_45738.jpeg;https:\/\/images.novelship.com\/product\/_women__air_jordan_1_retro_high_og__tie_dye__cd046_1_45738.jpeg;https:\/\/images.novelship.com\/product\/_women__air_jordan_1_retro_high_og__tie_dye__cd046_2_45738.jpeg;https:\/\/images.novelship.com\/product\/_women__air_jordan_1_retro_high_og__tie_dye__cd046_3_45738.jpeg;https:\/\/images.novelship.com\/product\/_women__air_jordan_1_retro_high_og__tie_dye__cd046_4_45738.jpeg;https:\/\/images.novelship.com\/product\/_women__air_jordan_1_retro_high_og__tie_dye__cd046_5_45738.jpeg;https:\/\/images.novelship.com\/product\/_women__air_jordan_1_retro_high_og__tie_dye__cd046_6_45738.jpeg;https:\/\/images.novelship.com\/product\/_women__air_jordan_1_retro_high_og__tie_dye__cd046_7_45738.jpeg","contentUrl":"https:\/\/images.novelship.com\/product\/_women__air_jordan_1_retro_high_og__tie_dye__cd046_0_45738.jpeg;https:\/\/images.novelship.com\/product\/_women__air_jordan_1_retro_high_og__tie_dye__cd046_1_45738.jpeg;https:\/\/images.novelship.com\/product\/_women__air_jordan_1_retro_high_og__tie_dye__cd046_2_45738.jpeg;https:\/\/images.novelship.com\/product\/_women__air_jordan_1_retro_high_og__tie_dye__cd046_3_45738.jpeg;https:\/\/images.novelship.com\/product\/_women__air_jordan_1_retro_high_og__tie_dye__cd046_4_45738.jpeg;https:\/\/images.novelship.com\/product\/_women__air_jordan_1_retro_high_og__tie_dye__cd046_5_45738.jpeg;https:\/\/images.novelship.com\/product\/_women__air_jordan_1_retro_high_og__tie_dye__cd046_6_45738.jpeg;https:\/\/images.novelship.com\/product\/_women__air_jordan_1_retro_high_og__tie_dye__cd046_7_45738.jpeg"},{"@type":"BreadcrumbList","@id":"https:\/\/tourcruiser.com\/fr\/products\/women-air-jordan-1-retro-high-og-tie-dye-cd0461-100\/#breadcrumb","itemListElement":[{"@type":"ListItem","position":1,"name":"Home","item":"https:\/\/tourcruiser.com\/fr\/"},{"@type":"ListItem","position":2,"name":"Shop","item":"https:\/\/tourcruiser.com\/fr\/shop\/"},{"@type":"ListItem","position":3,"name":"(Women) Air Jordan 1 Retro High OG &#8216;Tie-Dye&#8217; CD0461-100"}]},{"@type":"WebSite","@id":"\/#website","url":"\/","name":"Styloral Jewelry Shop","description":"Tourcruiser Sneaker Store \u2014 L\u2019endroit o\u00f9 l\u2019univers rencontre votre singularit\u00e9.","publisher":{"@id":"\/#organization"},"potentialAction":[{"@type":"SearchAction","target":{"@type":"EntryPoint","urlTemplate":"\/?s={search_term_string}"},"query-input":{"@type":"PropertyValueSpecification","valueRequired":true,"valueName":"search_term_string"}}],"inLanguage":"fr-FR"},{"@type":"Organization","@id":"\/#organization","name":"STYLORAL PTE. LTD","url":"\/","logo":{"@type":"ImageObject","inLanguage":"fr-FR","@id":"\/#\/schema\/logo\/image\/","url":"https:\/\/www.tourcruiser.com\/wp-content\/uploads\/2025\/12\/logo.png","contentUrl":"https:\/\/www.tourcruiser.com\/wp-content\/uploads\/2025\/12\/logo.png","width":200,"height":65,"caption":"STYLORAL PTE. LTD"},"image":{"@id":"\/#\/schema\/logo\/image\/"}}]}},"_links":{"self":[{"href":"https:\/\/tourcruiser.com\/fr\/wp-json\/wp\/v2\/product\/769149","targetHints":{"allow":["GET"]}}],"collection":[{"href":"https:\/\/tourcruiser.com\/fr\/wp-json\/wp\/v2\/product"}],"about":[{"href":"https:\/\/tourcruiser.com\/fr\/wp-json\/wp\/v2\/types\/product"}],"replies":[{"embeddable":true,"href":"https:\/\/tourcruiser.com\/fr\/wp-json\/wp\/v2\/comments?post=769149"}],"wp:featuredmedia":[{"embeddable":true,"href":"https:\/\/tourcruiser.com\/fr\/wp-json\/wp\/v2\/media\/769150"}],"wp:attachment":[{"href":"https:\/\/tourcruiser.com\/fr\/wp-json\/wp\/v2\/media?parent=769149"}],"wp:term":[{"taxonomy":"product_brand","embeddable":true,"href":"https:\/\/tourcruiser.com\/fr\/wp-json\/wp\/v2\/product_brand?post=769149"},{"taxonomy":"product_cat","embeddable":true,"href":"https:\/\/tourcruiser.com\/fr\/wp-json\/wp\/v2\/product_cat?post=769149"},{"taxonomy":"product_tag","embeddable":true,"href":"https:\/\/tourcruiser.com\/fr\/wp-json\/wp\/v2\/product_tag?post=769149"}],"curies":[{"name":"wp","href":"https:\/\/api.w.org\/{rel}","templated":true}]}}