{"id":769135,"date":"2026-04-16T17:13:31","date_gmt":"2026-04-16T10:13:31","guid":{"rendered":"http:\/\/tourcruiser.com\/product\/air-jordan-1-mid-se-royal-black-toe-852542-102"},"modified":"2026-04-17T23:01:57","modified_gmt":"2026-04-17T16:01:57","slug":"air-jordan-1-mid-se-royal-black-toe-852542-102","status":"publish","type":"product","link":"https:\/\/tourcruiser.com\/fr\/products\/air-jordan-1-mid-se-royal-black-toe-852542-102\/","title":{"rendered":"Air Jordan 1 Mid SE &lsquo;Royal Black Toe&rsquo; 852542-102"},"content":{"rendered":"<p>Affirmez votre style avec la Air Jordan 1 Mid SE \u00ab Royal Black Toe \u00bb 852542-102. Ce mod\u00e8le iconique associe un bleu royal saisissant, un noir classique et un blanc \u00e9clatant pour un look intemporel. Dot\u00e9e de l&rsquo;unit\u00e9 Air-Sole embl\u00e9matique pour un amorti exceptionnel et d&rsquo;une semelle encapsul\u00e9e pour une adh\u00e9rence optimale, elle offre un confort et un style incomparables. Parfaite pour les fans inconditionnels de Jordan et tous les passionn\u00e9s de sneakers, cette cr\u00e9ation exceptionnelle ne manquera pas de faire sensation. Apportez une touche d&rsquo;\u00e9l\u00e9gance unique \u00e0 votre garde-robe.<\/p>\n<p>Coloris : Blanc\/Noir\/Bleu clair\/Bleu royal<br \/>\nR\u00e9f\u00e9rence : 852542-102<br \/>\nTige : Cuir<br \/>\nSemelle interm\u00e9diaire : Air<br \/>\nCouleur : Blanc<br \/>\nDesigner : Peter Moore<br \/>\nSaison : \u00c9t\u00e9<br \/>\nAnn\u00e9e de sortie : 2020<\/p>\n<p>\u00c2ge : Adulte<br \/>\nCouleur : Blanc\/Noir\/Vert Aurore<br \/>\nGenre : Homme<\/p>\n","protected":false},"excerpt":{"rendered":"<p>Affirmez votre style avec la Air Jordan 1 Mid SE \u00ab Royal Black Toe \u00bb 852542-102. Ce mod\u00e8le iconique associe un bleu royal saisissant, un noir classique et un blanc \u00e9clatant pour un look intemporel. Dot\u00e9e de l&rsquo;unit\u00e9 Air-Sole embl\u00e9matique pour un amorti exceptionnel et d&rsquo;une semelle encapsul\u00e9e pour une adh\u00e9rence optimale, elle offre un [&hellip;]<\/p>\n","protected":false},"featured_media":769136,"comment_status":"open","ping_status":"closed","template":"","meta":[],"product_brand":[],"product_cat":[38880],"product_tag":[10750,10800,38841,38842,10776,11349,38875,38886,10756],"class_list":{"0":"post-769135","1":"product","2":"type-product","3":"status-publish","4":"has-post-thumbnail","6":"product_cat-jordan","7":"product_tag-athleisure-shoes","8":"product_tag-basketball-shoes","9":"product_tag-casual-shoes","10":"product_tag-gift-idea-for-him","11":"product_tag-jordan","12":"product_tag-jordan-basketball-shoes","13":"product_tag-jordan-skateboard-shoes","14":"product_tag-lifestyle-shoes-inspired-by-basketball","15":"product_tag-retro-casual-shoes","17":"first","18":"instock","19":"taxable","20":"shipping-taxable","21":"purchasable","22":"product-type-simple"},"wcpa_form_fields":null,"yoast_head":"<!-- This site is optimized with the Yoast SEO plugin v26.5 - https:\/\/yoast.com\/wordpress\/plugins\/seo\/ -->\n<title>Air Jordan 1 Mid SE &#039;Royal Black Toe&#039; 852542-102 - TOURCRUISER PTE. LTD<\/title>\n<meta name=\"robots\" content=\"index, follow, max-snippet:-1, max-image-preview:large, max-video-preview:-1\" \/>\n<link rel=\"canonical\" href=\"https:\/\/tourcruiser.com\/fr\/products\/air-jordan-1-mid-se-royal-black-toe-852542-102\/\" \/>\n<meta property=\"og:locale\" content=\"fr_FR\" \/>\n<meta property=\"og:type\" content=\"article\" \/>\n<meta property=\"og:title\" content=\"Air Jordan 1 Mid SE &#039;Royal Black Toe&#039; 852542-102 - TOURCRUISER PTE. LTD\" \/>\n<meta property=\"og:description\" content=\"Affirmez votre style avec la Air Jordan 1 Mid SE \u00ab Royal Black Toe \u00bb 852542-102. Ce mod\u00e8le iconique associe un bleu royal saisissant, un noir classique et un blanc \u00e9clatant pour un look intemporel. Dot\u00e9e de l&rsquo;unit\u00e9 Air-Sole embl\u00e9matique pour un amorti exceptionnel et d&rsquo;une semelle encapsul\u00e9e pour une adh\u00e9rence optimale, elle offre un [&hellip;]\" \/>\n<meta property=\"og:url\" content=\"https:\/\/tourcruiser.com\/fr\/products\/air-jordan-1-mid-se-royal-black-toe-852542-102\/\" \/>\n<meta property=\"og:site_name\" content=\"Tourcruiser Sneaker Store\" \/>\n<meta property=\"article:modified_time\" content=\"2026-04-17T16:01:57+00:00\" \/>\n<meta name=\"twitter:card\" content=\"summary_large_image\" \/>\n<meta name=\"twitter:image\" content=\"https:\/\/images.novelship.com\/product\/air_jordan_1_mid_se__royal_black_toe__852542_102_0_18551.jpeg;https:\/\/images.novelship.com\/product\/air_jordan_1_mid_se__royal_black_toe__852542_102_1_18551.jpeg;https:\/\/images.novelship.com\/product\/air_jordan_1_mid_se__royal_black_toe__852542_102_2_18551.jpeg;https:\/\/images.novelship.com\/product\/air_jordan_1_mid_se__royal_black_toe__852542_102_3_18551.jpeg;https:\/\/images.novelship.com\/product\/air_jordan_1_mid_se__royal_black_toe__852542_102_4_18551.jpeg;https:\/\/images.novelship.com\/product\/air_jordan_1_mid_se__royal_black_toe__852542_102_5_18551.jpeg;https:\/\/images.novelship.com\/product\/air_jordan_1_mid_se__royal_black_toe__852542_102_6_18551.jpeg;https:\/\/images.novelship.com\/product\/air_jordan_1_mid_se__royal_black_toe__852542_102_7_18551.jpeg\" \/>\n<meta name=\"twitter:label1\" content=\"Dur\u00e9e de lecture estim\u00e9e\" \/>\n\t<meta name=\"twitter:data1\" content=\"1 minute\" \/>\n<script type=\"application\/ld+json\" class=\"yoast-schema-graph\">{\"@context\":\"https:\/\/schema.org\",\"@graph\":[{\"@type\":\"WebPage\",\"@id\":\"https:\/\/tourcruiser.com\/fr\/products\/air-jordan-1-mid-se-royal-black-toe-852542-102\/\",\"url\":\"https:\/\/tourcruiser.com\/fr\/products\/air-jordan-1-mid-se-royal-black-toe-852542-102\/\",\"name\":\"Air Jordan 1 Mid SE 'Royal Black Toe' 852542-102 - TOURCRUISER PTE. LTD\",\"isPartOf\":{\"@id\":\"\/#website\"},\"primaryImageOfPage\":{\"@id\":\"https:\/\/tourcruiser.com\/fr\/products\/air-jordan-1-mid-se-royal-black-toe-852542-102\/#primaryimage\"},\"image\":{\"@id\":\"https:\/\/tourcruiser.com\/fr\/products\/air-jordan-1-mid-se-royal-black-toe-852542-102\/#primaryimage\"},\"thumbnailUrl\":\"https:\/\/images.novelship.com\/product\/air_jordan_1_mid_se__royal_black_toe__852542_102_0_18551.jpeg;https:\/\/images.novelship.com\/product\/air_jordan_1_mid_se__royal_black_toe__852542_102_1_18551.jpeg;https:\/\/images.novelship.com\/product\/air_jordan_1_mid_se__royal_black_toe__852542_102_2_18551.jpeg;https:\/\/images.novelship.com\/product\/air_jordan_1_mid_se__royal_black_toe__852542_102_3_18551.jpeg;https:\/\/images.novelship.com\/product\/air_jordan_1_mid_se__royal_black_toe__852542_102_4_18551.jpeg;https:\/\/images.novelship.com\/product\/air_jordan_1_mid_se__royal_black_toe__852542_102_5_18551.jpeg;https:\/\/images.novelship.com\/product\/air_jordan_1_mid_se__royal_black_toe__852542_102_6_18551.jpeg;https:\/\/images.novelship.com\/product\/air_jordan_1_mid_se__royal_black_toe__852542_102_7_18551.jpeg\",\"datePublished\":\"2026-04-16T10:13:31+00:00\",\"dateModified\":\"2026-04-17T16:01:57+00:00\",\"breadcrumb\":{\"@id\":\"https:\/\/tourcruiser.com\/fr\/products\/air-jordan-1-mid-se-royal-black-toe-852542-102\/#breadcrumb\"},\"inLanguage\":\"fr-FR\",\"potentialAction\":[{\"@type\":\"ReadAction\",\"target\":[\"https:\/\/tourcruiser.com\/fr\/products\/air-jordan-1-mid-se-royal-black-toe-852542-102\/\"]}]},{\"@type\":\"ImageObject\",\"inLanguage\":\"fr-FR\",\"@id\":\"https:\/\/tourcruiser.com\/fr\/products\/air-jordan-1-mid-se-royal-black-toe-852542-102\/#primaryimage\",\"url\":\"https:\/\/images.novelship.com\/product\/air_jordan_1_mid_se__royal_black_toe__852542_102_0_18551.jpeg;https:\/\/images.novelship.com\/product\/air_jordan_1_mid_se__royal_black_toe__852542_102_1_18551.jpeg;https:\/\/images.novelship.com\/product\/air_jordan_1_mid_se__royal_black_toe__852542_102_2_18551.jpeg;https:\/\/images.novelship.com\/product\/air_jordan_1_mid_se__royal_black_toe__852542_102_3_18551.jpeg;https:\/\/images.novelship.com\/product\/air_jordan_1_mid_se__royal_black_toe__852542_102_4_18551.jpeg;https:\/\/images.novelship.com\/product\/air_jordan_1_mid_se__royal_black_toe__852542_102_5_18551.jpeg;https:\/\/images.novelship.com\/product\/air_jordan_1_mid_se__royal_black_toe__852542_102_6_18551.jpeg;https:\/\/images.novelship.com\/product\/air_jordan_1_mid_se__royal_black_toe__852542_102_7_18551.jpeg\",\"contentUrl\":\"https:\/\/images.novelship.com\/product\/air_jordan_1_mid_se__royal_black_toe__852542_102_0_18551.jpeg;https:\/\/images.novelship.com\/product\/air_jordan_1_mid_se__royal_black_toe__852542_102_1_18551.jpeg;https:\/\/images.novelship.com\/product\/air_jordan_1_mid_se__royal_black_toe__852542_102_2_18551.jpeg;https:\/\/images.novelship.com\/product\/air_jordan_1_mid_se__royal_black_toe__852542_102_3_18551.jpeg;https:\/\/images.novelship.com\/product\/air_jordan_1_mid_se__royal_black_toe__852542_102_4_18551.jpeg;https:\/\/images.novelship.com\/product\/air_jordan_1_mid_se__royal_black_toe__852542_102_5_18551.jpeg;https:\/\/images.novelship.com\/product\/air_jordan_1_mid_se__royal_black_toe__852542_102_6_18551.jpeg;https:\/\/images.novelship.com\/product\/air_jordan_1_mid_se__royal_black_toe__852542_102_7_18551.jpeg\"},{\"@type\":\"BreadcrumbList\",\"@id\":\"https:\/\/tourcruiser.com\/fr\/products\/air-jordan-1-mid-se-royal-black-toe-852542-102\/#breadcrumb\",\"itemListElement\":[{\"@type\":\"ListItem\",\"position\":1,\"name\":\"Home\",\"item\":\"https:\/\/tourcruiser.com\/fr\/\"},{\"@type\":\"ListItem\",\"position\":2,\"name\":\"Shop\",\"item\":\"https:\/\/tourcruiser.com\/fr\/shop\/\"},{\"@type\":\"ListItem\",\"position\":3,\"name\":\"Air Jordan 1 Mid SE &#8216;Royal Black Toe&#8217; 852542-102\"}]},{\"@type\":\"WebSite\",\"@id\":\"\/#website\",\"url\":\"\/\",\"name\":\"Styloral Jewelry Shop\",\"description\":\"Tourcruiser Sneaker Store \u2014 L\u2019endroit o\u00f9 l\u2019univers rencontre votre singularit\u00e9.\",\"publisher\":{\"@id\":\"\/#organization\"},\"potentialAction\":[{\"@type\":\"SearchAction\",\"target\":{\"@type\":\"EntryPoint\",\"urlTemplate\":\"\/?s={search_term_string}\"},\"query-input\":{\"@type\":\"PropertyValueSpecification\",\"valueRequired\":true,\"valueName\":\"search_term_string\"}}],\"inLanguage\":\"fr-FR\"},{\"@type\":\"Organization\",\"@id\":\"\/#organization\",\"name\":\"STYLORAL PTE. LTD\",\"url\":\"\/\",\"logo\":{\"@type\":\"ImageObject\",\"inLanguage\":\"fr-FR\",\"@id\":\"\/#\/schema\/logo\/image\/\",\"url\":\"https:\/\/www.tourcruiser.com\/wp-content\/uploads\/2025\/12\/logo.png\",\"contentUrl\":\"https:\/\/www.tourcruiser.com\/wp-content\/uploads\/2025\/12\/logo.png\",\"width\":200,\"height\":65,\"caption\":\"STYLORAL PTE. LTD\"},\"image\":{\"@id\":\"\/#\/schema\/logo\/image\/\"}}]}<\/script>\n<!-- \/ Yoast SEO plugin. -->","yoast_head_json":{"title":"Air Jordan 1 Mid SE 'Royal Black Toe' 852542-102 - TOURCRUISER PTE. LTD","robots":{"index":"index","follow":"follow","max-snippet":"max-snippet:-1","max-image-preview":"max-image-preview:large","max-video-preview":"max-video-preview:-1"},"canonical":"https:\/\/tourcruiser.com\/fr\/products\/air-jordan-1-mid-se-royal-black-toe-852542-102\/","og_locale":"fr_FR","og_type":"article","og_title":"Air Jordan 1 Mid SE 'Royal Black Toe' 852542-102 - TOURCRUISER PTE. LTD","og_description":"Affirmez votre style avec la Air Jordan 1 Mid SE \u00ab Royal Black Toe \u00bb 852542-102. Ce mod\u00e8le iconique associe un bleu royal saisissant, un noir classique et un blanc \u00e9clatant pour un look intemporel. Dot\u00e9e de l&rsquo;unit\u00e9 Air-Sole embl\u00e9matique pour un amorti exceptionnel et d&rsquo;une semelle encapsul\u00e9e pour une adh\u00e9rence optimale, elle offre un [&hellip;]","og_url":"https:\/\/tourcruiser.com\/fr\/products\/air-jordan-1-mid-se-royal-black-toe-852542-102\/","og_site_name":"Tourcruiser Sneaker Store","article_modified_time":"2026-04-17T16:01:57+00:00","twitter_card":"summary_large_image","twitter_image":"https:\/\/images.novelship.com\/product\/air_jordan_1_mid_se__royal_black_toe__852542_102_0_18551.jpeg;https:\/\/images.novelship.com\/product\/air_jordan_1_mid_se__royal_black_toe__852542_102_1_18551.jpeg;https:\/\/images.novelship.com\/product\/air_jordan_1_mid_se__royal_black_toe__852542_102_2_18551.jpeg;https:\/\/images.novelship.com\/product\/air_jordan_1_mid_se__royal_black_toe__852542_102_3_18551.jpeg;https:\/\/images.novelship.com\/product\/air_jordan_1_mid_se__royal_black_toe__852542_102_4_18551.jpeg;https:\/\/images.novelship.com\/product\/air_jordan_1_mid_se__royal_black_toe__852542_102_5_18551.jpeg;https:\/\/images.novelship.com\/product\/air_jordan_1_mid_se__royal_black_toe__852542_102_6_18551.jpeg;https:\/\/images.novelship.com\/product\/air_jordan_1_mid_se__royal_black_toe__852542_102_7_18551.jpeg","twitter_misc":{"Dur\u00e9e de lecture estim\u00e9e":"1 minute"},"schema":{"@context":"https:\/\/schema.org","@graph":[{"@type":"WebPage","@id":"https:\/\/tourcruiser.com\/fr\/products\/air-jordan-1-mid-se-royal-black-toe-852542-102\/","url":"https:\/\/tourcruiser.com\/fr\/products\/air-jordan-1-mid-se-royal-black-toe-852542-102\/","name":"Air Jordan 1 Mid SE 'Royal Black Toe' 852542-102 - TOURCRUISER PTE. LTD","isPartOf":{"@id":"\/#website"},"primaryImageOfPage":{"@id":"https:\/\/tourcruiser.com\/fr\/products\/air-jordan-1-mid-se-royal-black-toe-852542-102\/#primaryimage"},"image":{"@id":"https:\/\/tourcruiser.com\/fr\/products\/air-jordan-1-mid-se-royal-black-toe-852542-102\/#primaryimage"},"thumbnailUrl":"https:\/\/images.novelship.com\/product\/air_jordan_1_mid_se__royal_black_toe__852542_102_0_18551.jpeg;https:\/\/images.novelship.com\/product\/air_jordan_1_mid_se__royal_black_toe__852542_102_1_18551.jpeg;https:\/\/images.novelship.com\/product\/air_jordan_1_mid_se__royal_black_toe__852542_102_2_18551.jpeg;https:\/\/images.novelship.com\/product\/air_jordan_1_mid_se__royal_black_toe__852542_102_3_18551.jpeg;https:\/\/images.novelship.com\/product\/air_jordan_1_mid_se__royal_black_toe__852542_102_4_18551.jpeg;https:\/\/images.novelship.com\/product\/air_jordan_1_mid_se__royal_black_toe__852542_102_5_18551.jpeg;https:\/\/images.novelship.com\/product\/air_jordan_1_mid_se__royal_black_toe__852542_102_6_18551.jpeg;https:\/\/images.novelship.com\/product\/air_jordan_1_mid_se__royal_black_toe__852542_102_7_18551.jpeg","datePublished":"2026-04-16T10:13:31+00:00","dateModified":"2026-04-17T16:01:57+00:00","breadcrumb":{"@id":"https:\/\/tourcruiser.com\/fr\/products\/air-jordan-1-mid-se-royal-black-toe-852542-102\/#breadcrumb"},"inLanguage":"fr-FR","potentialAction":[{"@type":"ReadAction","target":["https:\/\/tourcruiser.com\/fr\/products\/air-jordan-1-mid-se-royal-black-toe-852542-102\/"]}]},{"@type":"ImageObject","inLanguage":"fr-FR","@id":"https:\/\/tourcruiser.com\/fr\/products\/air-jordan-1-mid-se-royal-black-toe-852542-102\/#primaryimage","url":"https:\/\/images.novelship.com\/product\/air_jordan_1_mid_se__royal_black_toe__852542_102_0_18551.jpeg;https:\/\/images.novelship.com\/product\/air_jordan_1_mid_se__royal_black_toe__852542_102_1_18551.jpeg;https:\/\/images.novelship.com\/product\/air_jordan_1_mid_se__royal_black_toe__852542_102_2_18551.jpeg;https:\/\/images.novelship.com\/product\/air_jordan_1_mid_se__royal_black_toe__852542_102_3_18551.jpeg;https:\/\/images.novelship.com\/product\/air_jordan_1_mid_se__royal_black_toe__852542_102_4_18551.jpeg;https:\/\/images.novelship.com\/product\/air_jordan_1_mid_se__royal_black_toe__852542_102_5_18551.jpeg;https:\/\/images.novelship.com\/product\/air_jordan_1_mid_se__royal_black_toe__852542_102_6_18551.jpeg;https:\/\/images.novelship.com\/product\/air_jordan_1_mid_se__royal_black_toe__852542_102_7_18551.jpeg","contentUrl":"https:\/\/images.novelship.com\/product\/air_jordan_1_mid_se__royal_black_toe__852542_102_0_18551.jpeg;https:\/\/images.novelship.com\/product\/air_jordan_1_mid_se__royal_black_toe__852542_102_1_18551.jpeg;https:\/\/images.novelship.com\/product\/air_jordan_1_mid_se__royal_black_toe__852542_102_2_18551.jpeg;https:\/\/images.novelship.com\/product\/air_jordan_1_mid_se__royal_black_toe__852542_102_3_18551.jpeg;https:\/\/images.novelship.com\/product\/air_jordan_1_mid_se__royal_black_toe__852542_102_4_18551.jpeg;https:\/\/images.novelship.com\/product\/air_jordan_1_mid_se__royal_black_toe__852542_102_5_18551.jpeg;https:\/\/images.novelship.com\/product\/air_jordan_1_mid_se__royal_black_toe__852542_102_6_18551.jpeg;https:\/\/images.novelship.com\/product\/air_jordan_1_mid_se__royal_black_toe__852542_102_7_18551.jpeg"},{"@type":"BreadcrumbList","@id":"https:\/\/tourcruiser.com\/fr\/products\/air-jordan-1-mid-se-royal-black-toe-852542-102\/#breadcrumb","itemListElement":[{"@type":"ListItem","position":1,"name":"Home","item":"https:\/\/tourcruiser.com\/fr\/"},{"@type":"ListItem","position":2,"name":"Shop","item":"https:\/\/tourcruiser.com\/fr\/shop\/"},{"@type":"ListItem","position":3,"name":"Air Jordan 1 Mid SE &#8216;Royal Black Toe&#8217; 852542-102"}]},{"@type":"WebSite","@id":"\/#website","url":"\/","name":"Styloral Jewelry Shop","description":"Tourcruiser Sneaker Store \u2014 L\u2019endroit o\u00f9 l\u2019univers rencontre votre singularit\u00e9.","publisher":{"@id":"\/#organization"},"potentialAction":[{"@type":"SearchAction","target":{"@type":"EntryPoint","urlTemplate":"\/?s={search_term_string}"},"query-input":{"@type":"PropertyValueSpecification","valueRequired":true,"valueName":"search_term_string"}}],"inLanguage":"fr-FR"},{"@type":"Organization","@id":"\/#organization","name":"STYLORAL PTE. LTD","url":"\/","logo":{"@type":"ImageObject","inLanguage":"fr-FR","@id":"\/#\/schema\/logo\/image\/","url":"https:\/\/www.tourcruiser.com\/wp-content\/uploads\/2025\/12\/logo.png","contentUrl":"https:\/\/www.tourcruiser.com\/wp-content\/uploads\/2025\/12\/logo.png","width":200,"height":65,"caption":"STYLORAL PTE. LTD"},"image":{"@id":"\/#\/schema\/logo\/image\/"}}]}},"_links":{"self":[{"href":"https:\/\/tourcruiser.com\/fr\/wp-json\/wp\/v2\/product\/769135","targetHints":{"allow":["GET"]}}],"collection":[{"href":"https:\/\/tourcruiser.com\/fr\/wp-json\/wp\/v2\/product"}],"about":[{"href":"https:\/\/tourcruiser.com\/fr\/wp-json\/wp\/v2\/types\/product"}],"replies":[{"embeddable":true,"href":"https:\/\/tourcruiser.com\/fr\/wp-json\/wp\/v2\/comments?post=769135"}],"wp:featuredmedia":[{"embeddable":true,"href":"https:\/\/tourcruiser.com\/fr\/wp-json\/wp\/v2\/media\/769136"}],"wp:attachment":[{"href":"https:\/\/tourcruiser.com\/fr\/wp-json\/wp\/v2\/media?parent=769135"}],"wp:term":[{"taxonomy":"product_brand","embeddable":true,"href":"https:\/\/tourcruiser.com\/fr\/wp-json\/wp\/v2\/product_brand?post=769135"},{"taxonomy":"product_cat","embeddable":true,"href":"https:\/\/tourcruiser.com\/fr\/wp-json\/wp\/v2\/product_cat?post=769135"},{"taxonomy":"product_tag","embeddable":true,"href":"https:\/\/tourcruiser.com\/fr\/wp-json\/wp\/v2\/product_tag?post=769135"}],"curies":[{"name":"wp","href":"https:\/\/api.w.org\/{rel}","templated":true}]}}