{"id":769010,"date":"2026-04-16T17:13:27","date_gmt":"2026-04-16T10:13:27","guid":{"rendered":"http:\/\/tourcruiser.com\/product\/air-jordan-1-low-gym-red-553558-611"},"modified":"2026-04-17T23:01:49","modified_gmt":"2026-04-17T16:01:49","slug":"air-jordan-1-low-gym-red-553558-611","status":"publish","type":"product","link":"https:\/\/tourcruiser.com\/fr\/products\/air-jordan-1-low-gym-red-553558-611\/","title":{"rendered":"Air Jordan 1 Low &lsquo;Gym Red&rsquo; 553558-611"},"content":{"rendered":"<p>La Air Jordan 1 Low Gym Red, aussi appel\u00e9e Gym Red, est une sneaker embl\u00e9matique de la marque Jordan. Avec sa couleur rouge \u00e9clatante, cette basket basse est un choix styl\u00e9 et iconique pour tous les passionn\u00e9s de sneakers. Parfaite au quotidien ou pour les amateurs de basketball, elle allie confort et style. Compl\u00e9tez votre collection de sneakers avec la Air Jordan 1 Low Gym Red.<\/p>\n<p>Coloris\u00a0: Gym Red\/Blanc<\/p>\n<p>Code article\u00a0: 553558-611<\/p>\n<p>Tige\u00a0: Cuir<\/p>\n<p>Semelle interm\u00e9diaire\u00a0: Air<\/p>\n<p>Couleur\u00a0: Rouge<\/p>\n<p>Designer\u00a0: Peter Moore<\/p>\n<p>Saison\u00a0: Printemps<\/p>\n<p>Ann\u00e9e de sortie\u00a0: 2020<\/p>\n<p>\u00c2ge\u00a0: Adulte<\/p>\n<p>Couleur\u00a0: Vert menthe\/Orange solaire\/Gomme<\/p>\n<p>Genre\u00a0: Homme<\/p>\n","protected":false},"excerpt":{"rendered":"<p>La Air Jordan 1 Low Gym Red, aussi appel\u00e9e Gym Red, est une sneaker embl\u00e9matique de la marque Jordan. Avec sa couleur rouge \u00e9clatante, cette basket basse est un choix styl\u00e9 et iconique pour tous les passionn\u00e9s de sneakers. Parfaite au quotidien ou pour les amateurs de basketball, elle allie confort et style. Compl\u00e9tez votre [&hellip;]<\/p>\n","protected":false},"featured_media":769011,"comment_status":"open","ping_status":"closed","template":"","meta":[],"product_brand":[],"product_cat":[38880],"product_tag":[10750,10800,38841,38842,10776,11349,38875,38886,10756],"class_list":{"0":"post-769010","1":"product","2":"type-product","3":"status-publish","4":"has-post-thumbnail","6":"product_cat-jordan","7":"product_tag-athleisure-shoes","8":"product_tag-basketball-shoes","9":"product_tag-casual-shoes","10":"product_tag-gift-idea-for-him","11":"product_tag-jordan","12":"product_tag-jordan-basketball-shoes","13":"product_tag-jordan-skateboard-shoes","14":"product_tag-lifestyle-shoes-inspired-by-basketball","15":"product_tag-retro-casual-shoes","17":"first","18":"instock","19":"taxable","20":"shipping-taxable","21":"purchasable","22":"product-type-simple"},"wcpa_form_fields":null,"yoast_head":"<!-- This site is optimized with the Yoast SEO plugin v26.5 - https:\/\/yoast.com\/wordpress\/plugins\/seo\/ -->\n<title>Air Jordan 1 Low &#039;Gym Red&#039; 553558-611 - TOURCRUISER PTE. LTD<\/title>\n<meta name=\"robots\" content=\"index, follow, max-snippet:-1, max-image-preview:large, max-video-preview:-1\" \/>\n<link rel=\"canonical\" href=\"https:\/\/tourcruiser.com\/fr\/products\/air-jordan-1-low-gym-red-553558-611\/\" \/>\n<meta property=\"og:locale\" content=\"fr_FR\" \/>\n<meta property=\"og:type\" content=\"article\" \/>\n<meta property=\"og:title\" content=\"Air Jordan 1 Low &#039;Gym Red&#039; 553558-611 - TOURCRUISER PTE. LTD\" \/>\n<meta property=\"og:description\" content=\"La Air Jordan 1 Low Gym Red, aussi appel\u00e9e Gym Red, est une sneaker embl\u00e9matique de la marque Jordan. Avec sa couleur rouge \u00e9clatante, cette basket basse est un choix styl\u00e9 et iconique pour tous les passionn\u00e9s de sneakers. Parfaite au quotidien ou pour les amateurs de basketball, elle allie confort et style. Compl\u00e9tez votre [&hellip;]\" \/>\n<meta property=\"og:url\" content=\"https:\/\/tourcruiser.com\/fr\/products\/air-jordan-1-low-gym-red-553558-611\/\" \/>\n<meta property=\"og:site_name\" content=\"Tourcruiser Sneaker Store\" \/>\n<meta property=\"article:modified_time\" content=\"2026-04-17T16:01:49+00:00\" \/>\n<meta name=\"twitter:card\" content=\"summary_large_image\" \/>\n<meta name=\"twitter:image\" content=\"https:\/\/images.novelship.com\/product\/air_jordan_1_low__gym_red__553558_611_0_2997.jpeg;https:\/\/images.novelship.com\/product\/air_jordan_1_low__gym_red__553558_611_1_2997.jpeg;https:\/\/images.novelship.com\/product\/air_jordan_1_low__gym_red__553558_611_2_2997.jpeg;https:\/\/images.novelship.com\/product\/air_jordan_1_low__gym_red__553558_611_3_2997.jpeg;https:\/\/images.novelship.com\/product\/air_jordan_1_low__gym_red__553558_611_4_2997.jpeg;https:\/\/images.novelship.com\/product\/air_jordan_1_low__gym_red__553558_611_5_2997.jpeg;https:\/\/images.novelship.com\/product\/air_jordan_1_low__gym_red__553558_611_6_2997.jpeg;https:\/\/images.novelship.com\/product\/air_jordan_1_low__gym_red__553558_611_7_2997.jpeg\" \/>\n<meta name=\"twitter:label1\" content=\"Dur\u00e9e de lecture estim\u00e9e\" \/>\n\t<meta name=\"twitter:data1\" content=\"1 minute\" \/>\n<script type=\"application\/ld+json\" class=\"yoast-schema-graph\">{\"@context\":\"https:\/\/schema.org\",\"@graph\":[{\"@type\":\"WebPage\",\"@id\":\"https:\/\/tourcruiser.com\/fr\/products\/air-jordan-1-low-gym-red-553558-611\/\",\"url\":\"https:\/\/tourcruiser.com\/fr\/products\/air-jordan-1-low-gym-red-553558-611\/\",\"name\":\"Air Jordan 1 Low 'Gym Red' 553558-611 - TOURCRUISER PTE. LTD\",\"isPartOf\":{\"@id\":\"\/#website\"},\"primaryImageOfPage\":{\"@id\":\"https:\/\/tourcruiser.com\/fr\/products\/air-jordan-1-low-gym-red-553558-611\/#primaryimage\"},\"image\":{\"@id\":\"https:\/\/tourcruiser.com\/fr\/products\/air-jordan-1-low-gym-red-553558-611\/#primaryimage\"},\"thumbnailUrl\":\"https:\/\/images.novelship.com\/product\/air_jordan_1_low__gym_red__553558_611_0_2997.jpeg;https:\/\/images.novelship.com\/product\/air_jordan_1_low__gym_red__553558_611_1_2997.jpeg;https:\/\/images.novelship.com\/product\/air_jordan_1_low__gym_red__553558_611_2_2997.jpeg;https:\/\/images.novelship.com\/product\/air_jordan_1_low__gym_red__553558_611_3_2997.jpeg;https:\/\/images.novelship.com\/product\/air_jordan_1_low__gym_red__553558_611_4_2997.jpeg;https:\/\/images.novelship.com\/product\/air_jordan_1_low__gym_red__553558_611_5_2997.jpeg;https:\/\/images.novelship.com\/product\/air_jordan_1_low__gym_red__553558_611_6_2997.jpeg;https:\/\/images.novelship.com\/product\/air_jordan_1_low__gym_red__553558_611_7_2997.jpeg\",\"datePublished\":\"2026-04-16T10:13:27+00:00\",\"dateModified\":\"2026-04-17T16:01:49+00:00\",\"breadcrumb\":{\"@id\":\"https:\/\/tourcruiser.com\/fr\/products\/air-jordan-1-low-gym-red-553558-611\/#breadcrumb\"},\"inLanguage\":\"fr-FR\",\"potentialAction\":[{\"@type\":\"ReadAction\",\"target\":[\"https:\/\/tourcruiser.com\/fr\/products\/air-jordan-1-low-gym-red-553558-611\/\"]}]},{\"@type\":\"ImageObject\",\"inLanguage\":\"fr-FR\",\"@id\":\"https:\/\/tourcruiser.com\/fr\/products\/air-jordan-1-low-gym-red-553558-611\/#primaryimage\",\"url\":\"https:\/\/images.novelship.com\/product\/air_jordan_1_low__gym_red__553558_611_0_2997.jpeg;https:\/\/images.novelship.com\/product\/air_jordan_1_low__gym_red__553558_611_1_2997.jpeg;https:\/\/images.novelship.com\/product\/air_jordan_1_low__gym_red__553558_611_2_2997.jpeg;https:\/\/images.novelship.com\/product\/air_jordan_1_low__gym_red__553558_611_3_2997.jpeg;https:\/\/images.novelship.com\/product\/air_jordan_1_low__gym_red__553558_611_4_2997.jpeg;https:\/\/images.novelship.com\/product\/air_jordan_1_low__gym_red__553558_611_5_2997.jpeg;https:\/\/images.novelship.com\/product\/air_jordan_1_low__gym_red__553558_611_6_2997.jpeg;https:\/\/images.novelship.com\/product\/air_jordan_1_low__gym_red__553558_611_7_2997.jpeg\",\"contentUrl\":\"https:\/\/images.novelship.com\/product\/air_jordan_1_low__gym_red__553558_611_0_2997.jpeg;https:\/\/images.novelship.com\/product\/air_jordan_1_low__gym_red__553558_611_1_2997.jpeg;https:\/\/images.novelship.com\/product\/air_jordan_1_low__gym_red__553558_611_2_2997.jpeg;https:\/\/images.novelship.com\/product\/air_jordan_1_low__gym_red__553558_611_3_2997.jpeg;https:\/\/images.novelship.com\/product\/air_jordan_1_low__gym_red__553558_611_4_2997.jpeg;https:\/\/images.novelship.com\/product\/air_jordan_1_low__gym_red__553558_611_5_2997.jpeg;https:\/\/images.novelship.com\/product\/air_jordan_1_low__gym_red__553558_611_6_2997.jpeg;https:\/\/images.novelship.com\/product\/air_jordan_1_low__gym_red__553558_611_7_2997.jpeg\"},{\"@type\":\"BreadcrumbList\",\"@id\":\"https:\/\/tourcruiser.com\/fr\/products\/air-jordan-1-low-gym-red-553558-611\/#breadcrumb\",\"itemListElement\":[{\"@type\":\"ListItem\",\"position\":1,\"name\":\"Home\",\"item\":\"https:\/\/tourcruiser.com\/fr\/\"},{\"@type\":\"ListItem\",\"position\":2,\"name\":\"Shop\",\"item\":\"https:\/\/tourcruiser.com\/fr\/shop\/\"},{\"@type\":\"ListItem\",\"position\":3,\"name\":\"Air Jordan 1 Low &#8216;Gym Red&#8217; 553558-611\"}]},{\"@type\":\"WebSite\",\"@id\":\"\/#website\",\"url\":\"\/\",\"name\":\"Styloral Jewelry Shop\",\"description\":\"Tourcruiser Sneaker Store \u2014 L\u2019endroit o\u00f9 l\u2019univers rencontre votre singularit\u00e9.\",\"publisher\":{\"@id\":\"\/#organization\"},\"potentialAction\":[{\"@type\":\"SearchAction\",\"target\":{\"@type\":\"EntryPoint\",\"urlTemplate\":\"\/?s={search_term_string}\"},\"query-input\":{\"@type\":\"PropertyValueSpecification\",\"valueRequired\":true,\"valueName\":\"search_term_string\"}}],\"inLanguage\":\"fr-FR\"},{\"@type\":\"Organization\",\"@id\":\"\/#organization\",\"name\":\"STYLORAL PTE. LTD\",\"url\":\"\/\",\"logo\":{\"@type\":\"ImageObject\",\"inLanguage\":\"fr-FR\",\"@id\":\"\/#\/schema\/logo\/image\/\",\"url\":\"https:\/\/www.tourcruiser.com\/wp-content\/uploads\/2025\/12\/logo.png\",\"contentUrl\":\"https:\/\/www.tourcruiser.com\/wp-content\/uploads\/2025\/12\/logo.png\",\"width\":200,\"height\":65,\"caption\":\"STYLORAL PTE. LTD\"},\"image\":{\"@id\":\"\/#\/schema\/logo\/image\/\"}}]}<\/script>\n<!-- \/ Yoast SEO plugin. -->","yoast_head_json":{"title":"Air Jordan 1 Low 'Gym Red' 553558-611 - TOURCRUISER PTE. LTD","robots":{"index":"index","follow":"follow","max-snippet":"max-snippet:-1","max-image-preview":"max-image-preview:large","max-video-preview":"max-video-preview:-1"},"canonical":"https:\/\/tourcruiser.com\/fr\/products\/air-jordan-1-low-gym-red-553558-611\/","og_locale":"fr_FR","og_type":"article","og_title":"Air Jordan 1 Low 'Gym Red' 553558-611 - TOURCRUISER PTE. LTD","og_description":"La Air Jordan 1 Low Gym Red, aussi appel\u00e9e Gym Red, est une sneaker embl\u00e9matique de la marque Jordan. Avec sa couleur rouge \u00e9clatante, cette basket basse est un choix styl\u00e9 et iconique pour tous les passionn\u00e9s de sneakers. Parfaite au quotidien ou pour les amateurs de basketball, elle allie confort et style. Compl\u00e9tez votre [&hellip;]","og_url":"https:\/\/tourcruiser.com\/fr\/products\/air-jordan-1-low-gym-red-553558-611\/","og_site_name":"Tourcruiser Sneaker Store","article_modified_time":"2026-04-17T16:01:49+00:00","twitter_card":"summary_large_image","twitter_image":"https:\/\/images.novelship.com\/product\/air_jordan_1_low__gym_red__553558_611_0_2997.jpeg;https:\/\/images.novelship.com\/product\/air_jordan_1_low__gym_red__553558_611_1_2997.jpeg;https:\/\/images.novelship.com\/product\/air_jordan_1_low__gym_red__553558_611_2_2997.jpeg;https:\/\/images.novelship.com\/product\/air_jordan_1_low__gym_red__553558_611_3_2997.jpeg;https:\/\/images.novelship.com\/product\/air_jordan_1_low__gym_red__553558_611_4_2997.jpeg;https:\/\/images.novelship.com\/product\/air_jordan_1_low__gym_red__553558_611_5_2997.jpeg;https:\/\/images.novelship.com\/product\/air_jordan_1_low__gym_red__553558_611_6_2997.jpeg;https:\/\/images.novelship.com\/product\/air_jordan_1_low__gym_red__553558_611_7_2997.jpeg","twitter_misc":{"Dur\u00e9e de lecture estim\u00e9e":"1 minute"},"schema":{"@context":"https:\/\/schema.org","@graph":[{"@type":"WebPage","@id":"https:\/\/tourcruiser.com\/fr\/products\/air-jordan-1-low-gym-red-553558-611\/","url":"https:\/\/tourcruiser.com\/fr\/products\/air-jordan-1-low-gym-red-553558-611\/","name":"Air Jordan 1 Low 'Gym Red' 553558-611 - TOURCRUISER PTE. LTD","isPartOf":{"@id":"\/#website"},"primaryImageOfPage":{"@id":"https:\/\/tourcruiser.com\/fr\/products\/air-jordan-1-low-gym-red-553558-611\/#primaryimage"},"image":{"@id":"https:\/\/tourcruiser.com\/fr\/products\/air-jordan-1-low-gym-red-553558-611\/#primaryimage"},"thumbnailUrl":"https:\/\/images.novelship.com\/product\/air_jordan_1_low__gym_red__553558_611_0_2997.jpeg;https:\/\/images.novelship.com\/product\/air_jordan_1_low__gym_red__553558_611_1_2997.jpeg;https:\/\/images.novelship.com\/product\/air_jordan_1_low__gym_red__553558_611_2_2997.jpeg;https:\/\/images.novelship.com\/product\/air_jordan_1_low__gym_red__553558_611_3_2997.jpeg;https:\/\/images.novelship.com\/product\/air_jordan_1_low__gym_red__553558_611_4_2997.jpeg;https:\/\/images.novelship.com\/product\/air_jordan_1_low__gym_red__553558_611_5_2997.jpeg;https:\/\/images.novelship.com\/product\/air_jordan_1_low__gym_red__553558_611_6_2997.jpeg;https:\/\/images.novelship.com\/product\/air_jordan_1_low__gym_red__553558_611_7_2997.jpeg","datePublished":"2026-04-16T10:13:27+00:00","dateModified":"2026-04-17T16:01:49+00:00","breadcrumb":{"@id":"https:\/\/tourcruiser.com\/fr\/products\/air-jordan-1-low-gym-red-553558-611\/#breadcrumb"},"inLanguage":"fr-FR","potentialAction":[{"@type":"ReadAction","target":["https:\/\/tourcruiser.com\/fr\/products\/air-jordan-1-low-gym-red-553558-611\/"]}]},{"@type":"ImageObject","inLanguage":"fr-FR","@id":"https:\/\/tourcruiser.com\/fr\/products\/air-jordan-1-low-gym-red-553558-611\/#primaryimage","url":"https:\/\/images.novelship.com\/product\/air_jordan_1_low__gym_red__553558_611_0_2997.jpeg;https:\/\/images.novelship.com\/product\/air_jordan_1_low__gym_red__553558_611_1_2997.jpeg;https:\/\/images.novelship.com\/product\/air_jordan_1_low__gym_red__553558_611_2_2997.jpeg;https:\/\/images.novelship.com\/product\/air_jordan_1_low__gym_red__553558_611_3_2997.jpeg;https:\/\/images.novelship.com\/product\/air_jordan_1_low__gym_red__553558_611_4_2997.jpeg;https:\/\/images.novelship.com\/product\/air_jordan_1_low__gym_red__553558_611_5_2997.jpeg;https:\/\/images.novelship.com\/product\/air_jordan_1_low__gym_red__553558_611_6_2997.jpeg;https:\/\/images.novelship.com\/product\/air_jordan_1_low__gym_red__553558_611_7_2997.jpeg","contentUrl":"https:\/\/images.novelship.com\/product\/air_jordan_1_low__gym_red__553558_611_0_2997.jpeg;https:\/\/images.novelship.com\/product\/air_jordan_1_low__gym_red__553558_611_1_2997.jpeg;https:\/\/images.novelship.com\/product\/air_jordan_1_low__gym_red__553558_611_2_2997.jpeg;https:\/\/images.novelship.com\/product\/air_jordan_1_low__gym_red__553558_611_3_2997.jpeg;https:\/\/images.novelship.com\/product\/air_jordan_1_low__gym_red__553558_611_4_2997.jpeg;https:\/\/images.novelship.com\/product\/air_jordan_1_low__gym_red__553558_611_5_2997.jpeg;https:\/\/images.novelship.com\/product\/air_jordan_1_low__gym_red__553558_611_6_2997.jpeg;https:\/\/images.novelship.com\/product\/air_jordan_1_low__gym_red__553558_611_7_2997.jpeg"},{"@type":"BreadcrumbList","@id":"https:\/\/tourcruiser.com\/fr\/products\/air-jordan-1-low-gym-red-553558-611\/#breadcrumb","itemListElement":[{"@type":"ListItem","position":1,"name":"Home","item":"https:\/\/tourcruiser.com\/fr\/"},{"@type":"ListItem","position":2,"name":"Shop","item":"https:\/\/tourcruiser.com\/fr\/shop\/"},{"@type":"ListItem","position":3,"name":"Air Jordan 1 Low &#8216;Gym Red&#8217; 553558-611"}]},{"@type":"WebSite","@id":"\/#website","url":"\/","name":"Styloral Jewelry Shop","description":"Tourcruiser Sneaker Store \u2014 L\u2019endroit o\u00f9 l\u2019univers rencontre votre singularit\u00e9.","publisher":{"@id":"\/#organization"},"potentialAction":[{"@type":"SearchAction","target":{"@type":"EntryPoint","urlTemplate":"\/?s={search_term_string}"},"query-input":{"@type":"PropertyValueSpecification","valueRequired":true,"valueName":"search_term_string"}}],"inLanguage":"fr-FR"},{"@type":"Organization","@id":"\/#organization","name":"STYLORAL PTE. LTD","url":"\/","logo":{"@type":"ImageObject","inLanguage":"fr-FR","@id":"\/#\/schema\/logo\/image\/","url":"https:\/\/www.tourcruiser.com\/wp-content\/uploads\/2025\/12\/logo.png","contentUrl":"https:\/\/www.tourcruiser.com\/wp-content\/uploads\/2025\/12\/logo.png","width":200,"height":65,"caption":"STYLORAL PTE. LTD"},"image":{"@id":"\/#\/schema\/logo\/image\/"}}]}},"_links":{"self":[{"href":"https:\/\/tourcruiser.com\/fr\/wp-json\/wp\/v2\/product\/769010","targetHints":{"allow":["GET"]}}],"collection":[{"href":"https:\/\/tourcruiser.com\/fr\/wp-json\/wp\/v2\/product"}],"about":[{"href":"https:\/\/tourcruiser.com\/fr\/wp-json\/wp\/v2\/types\/product"}],"replies":[{"embeddable":true,"href":"https:\/\/tourcruiser.com\/fr\/wp-json\/wp\/v2\/comments?post=769010"}],"wp:featuredmedia":[{"embeddable":true,"href":"https:\/\/tourcruiser.com\/fr\/wp-json\/wp\/v2\/media\/769011"}],"wp:attachment":[{"href":"https:\/\/tourcruiser.com\/fr\/wp-json\/wp\/v2\/media?parent=769010"}],"wp:term":[{"taxonomy":"product_brand","embeddable":true,"href":"https:\/\/tourcruiser.com\/fr\/wp-json\/wp\/v2\/product_brand?post=769010"},{"taxonomy":"product_cat","embeddable":true,"href":"https:\/\/tourcruiser.com\/fr\/wp-json\/wp\/v2\/product_cat?post=769010"},{"taxonomy":"product_tag","embeddable":true,"href":"https:\/\/tourcruiser.com\/fr\/wp-json\/wp\/v2\/product_tag?post=769010"}],"curies":[{"name":"wp","href":"https:\/\/api.w.org\/{rel}","templated":true}]}}