{"id":768965,"date":"2026-04-16T17:13:26","date_gmt":"2026-04-16T10:13:26","guid":{"rendered":"http:\/\/tourcruiser.com\/product\/grade-school-air-jordan-1-retro-high-og-hyper-royal-575441-402"},"modified":"2026-04-17T23:01:47","modified_gmt":"2026-04-17T16:01:47","slug":"grade-school-air-jordan-1-retro-high-og-hyper-royal-575441-402","status":"publish","type":"product","link":"https:\/\/tourcruiser.com\/fr\/products\/grade-school-air-jordan-1-retro-high-og-hyper-royal-575441-402\/","title":{"rendered":"(Grade School) Air Jordan 1 Retro High OG &lsquo;Hyper Royal&rsquo; 575441-402"},"content":{"rendered":"<p>Affirmez votre style avec la Air Jordan 1 Retro High OG Hyper Royal (GS) de Jordan. Cette sneaker iconique, avec son design montant classique et son coloris Hyper Royal, apporte une touche d&rsquo;\u00e9l\u00e9gance \u00e0 toutes vos tenues. Gr\u00e2ce \u00e0 ses mat\u00e9riaux haut de gamme et son confort exceptionnel, c&rsquo;est un incontournable pour les fans de sneakers. Que ce soit sur le terrain ou en ville, ces sneakers offrent l&rsquo;alliance parfaite du style et de la performance.<\/p>\n<p>Coloris : Hyper Royal\/Gris clair\/Blanc<\/p>\n<p>R\u00e9f\u00e9rence : 575441-402<\/p>\n<p>Tige : Daim<\/p>\n<p>Semelle interm\u00e9diaire : Air<\/p>\n<p>Couleur : Bleu<\/p>\n<p>Designer : Peter Moore<\/p>\n<p>Saison : Printemps<\/p>\n<p>Ann\u00e9e de sortie : 2021<\/p>\n<p>\u00c2ge : Adulte<\/p>\n<p>Couleur : Gris fonc\u00e9\/Noir\/Phantom<\/p>\n<p>Genre : Jeune<\/p>\n","protected":false},"excerpt":{"rendered":"<p>Affirmez votre style avec la Air Jordan 1 Retro High OG Hyper Royal (GS) de Jordan. Cette sneaker iconique, avec son design montant classique et son coloris Hyper Royal, apporte une touche d&rsquo;\u00e9l\u00e9gance \u00e0 toutes vos tenues. Gr\u00e2ce \u00e0 ses mat\u00e9riaux haut de gamme et son confort exceptionnel, c&rsquo;est un incontournable pour les fans de [&hellip;]<\/p>\n","protected":false},"featured_media":768966,"comment_status":"open","ping_status":"closed","template":"","meta":[],"product_brand":[],"product_cat":[38880],"product_tag":[10750,38861,38988,10776,11349,38875,10756,39039],"class_list":{"0":"post-768965","1":"product","2":"type-product","3":"status-publish","4":"has-post-thumbnail","6":"product_cat-jordan","7":"product_tag-athleisure-shoes","8":"product_tag-below-retail-price","9":"product_tag-casual-shoes-for-kids","10":"product_tag-jordan","11":"product_tag-jordan-basketball-shoes","12":"product_tag-jordan-skateboard-shoes","13":"product_tag-retro-casual-shoes","14":"product_tag-sneakers-for-kids","16":"first","17":"instock","18":"taxable","19":"shipping-taxable","20":"purchasable","21":"product-type-simple"},"wcpa_form_fields":null,"yoast_head":"<!-- This site is optimized with the Yoast SEO plugin v26.5 - https:\/\/yoast.com\/wordpress\/plugins\/seo\/ -->\n<title>(Grade School) Air Jordan 1 Retro High OG &#039;Hyper Royal&#039; 575441-402 - TOURCRUISER PTE. LTD<\/title>\n<meta name=\"robots\" content=\"index, follow, max-snippet:-1, max-image-preview:large, max-video-preview:-1\" \/>\n<link rel=\"canonical\" href=\"https:\/\/tourcruiser.com\/fr\/products\/grade-school-air-jordan-1-retro-high-og-hyper-royal-575441-402\/\" \/>\n<meta property=\"og:locale\" content=\"fr_FR\" \/>\n<meta property=\"og:type\" content=\"article\" \/>\n<meta property=\"og:title\" content=\"(Grade School) Air Jordan 1 Retro High OG &#039;Hyper Royal&#039; 575441-402 - TOURCRUISER PTE. LTD\" \/>\n<meta property=\"og:description\" content=\"Affirmez votre style avec la Air Jordan 1 Retro High OG Hyper Royal (GS) de Jordan. Cette sneaker iconique, avec son design montant classique et son coloris Hyper Royal, apporte une touche d&rsquo;\u00e9l\u00e9gance \u00e0 toutes vos tenues. Gr\u00e2ce \u00e0 ses mat\u00e9riaux haut de gamme et son confort exceptionnel, c&rsquo;est un incontournable pour les fans de [&hellip;]\" \/>\n<meta property=\"og:url\" content=\"https:\/\/tourcruiser.com\/fr\/products\/grade-school-air-jordan-1-retro-high-og-hyper-royal-575441-402\/\" \/>\n<meta property=\"og:site_name\" content=\"Tourcruiser Sneaker Store\" \/>\n<meta property=\"article:modified_time\" content=\"2026-04-17T16:01:47+00:00\" \/>\n<meta name=\"twitter:card\" content=\"summary_large_image\" \/>\n<meta name=\"twitter:image\" content=\"https:\/\/images.novelship.com\/product\/_grade_school__air_jordan_1_retro_high_og__hyper_r_0_37430.jpeg;https:\/\/images.novelship.com\/product\/_grade_school__air_jordan_1_retro_high_og__hyper_r_1_37430.jpeg;https:\/\/images.novelship.com\/product\/_grade_school__air_jordan_1_retro_high_og__hyper_r_2_37431.jpeg;https:\/\/images.novelship.com\/product\/_grade_school__air_jordan_1_retro_high_og__hyper_r_3_37431.jpeg;https:\/\/images.novelship.com\/product\/_grade_school__air_jordan_1_retro_high_og__hyper_r_4_37431.jpeg;https:\/\/images.novelship.com\/product\/_grade_school__air_jordan_1_retro_high_og__hyper_r_5_37431.jpeg;https:\/\/images.novelship.com\/product\/_grade_school__air_jordan_1_retro_high_og__hyper_r_6_37431.jpeg;https:\/\/images.novelship.com\/product\/_grade_school__air_jordan_1_retro_high_og__hyper_r_7_37431.jpeg\" \/>\n<meta name=\"twitter:label1\" content=\"Dur\u00e9e de lecture estim\u00e9e\" \/>\n\t<meta name=\"twitter:data1\" content=\"1 minute\" \/>\n<script type=\"application\/ld+json\" class=\"yoast-schema-graph\">{\"@context\":\"https:\/\/schema.org\",\"@graph\":[{\"@type\":\"WebPage\",\"@id\":\"https:\/\/tourcruiser.com\/fr\/products\/grade-school-air-jordan-1-retro-high-og-hyper-royal-575441-402\/\",\"url\":\"https:\/\/tourcruiser.com\/fr\/products\/grade-school-air-jordan-1-retro-high-og-hyper-royal-575441-402\/\",\"name\":\"(Grade School) Air Jordan 1 Retro High OG 'Hyper Royal' 575441-402 - TOURCRUISER PTE. LTD\",\"isPartOf\":{\"@id\":\"\/#website\"},\"primaryImageOfPage\":{\"@id\":\"https:\/\/tourcruiser.com\/fr\/products\/grade-school-air-jordan-1-retro-high-og-hyper-royal-575441-402\/#primaryimage\"},\"image\":{\"@id\":\"https:\/\/tourcruiser.com\/fr\/products\/grade-school-air-jordan-1-retro-high-og-hyper-royal-575441-402\/#primaryimage\"},\"thumbnailUrl\":\"https:\/\/images.novelship.com\/product\/_grade_school__air_jordan_1_retro_high_og__hyper_r_0_37430.jpeg;https:\/\/images.novelship.com\/product\/_grade_school__air_jordan_1_retro_high_og__hyper_r_1_37430.jpeg;https:\/\/images.novelship.com\/product\/_grade_school__air_jordan_1_retro_high_og__hyper_r_2_37431.jpeg;https:\/\/images.novelship.com\/product\/_grade_school__air_jordan_1_retro_high_og__hyper_r_3_37431.jpeg;https:\/\/images.novelship.com\/product\/_grade_school__air_jordan_1_retro_high_og__hyper_r_4_37431.jpeg;https:\/\/images.novelship.com\/product\/_grade_school__air_jordan_1_retro_high_og__hyper_r_5_37431.jpeg;https:\/\/images.novelship.com\/product\/_grade_school__air_jordan_1_retro_high_og__hyper_r_6_37431.jpeg;https:\/\/images.novelship.com\/product\/_grade_school__air_jordan_1_retro_high_og__hyper_r_7_37431.jpeg\",\"datePublished\":\"2026-04-16T10:13:26+00:00\",\"dateModified\":\"2026-04-17T16:01:47+00:00\",\"breadcrumb\":{\"@id\":\"https:\/\/tourcruiser.com\/fr\/products\/grade-school-air-jordan-1-retro-high-og-hyper-royal-575441-402\/#breadcrumb\"},\"inLanguage\":\"fr-FR\",\"potentialAction\":[{\"@type\":\"ReadAction\",\"target\":[\"https:\/\/tourcruiser.com\/fr\/products\/grade-school-air-jordan-1-retro-high-og-hyper-royal-575441-402\/\"]}]},{\"@type\":\"ImageObject\",\"inLanguage\":\"fr-FR\",\"@id\":\"https:\/\/tourcruiser.com\/fr\/products\/grade-school-air-jordan-1-retro-high-og-hyper-royal-575441-402\/#primaryimage\",\"url\":\"https:\/\/images.novelship.com\/product\/_grade_school__air_jordan_1_retro_high_og__hyper_r_0_37430.jpeg;https:\/\/images.novelship.com\/product\/_grade_school__air_jordan_1_retro_high_og__hyper_r_1_37430.jpeg;https:\/\/images.novelship.com\/product\/_grade_school__air_jordan_1_retro_high_og__hyper_r_2_37431.jpeg;https:\/\/images.novelship.com\/product\/_grade_school__air_jordan_1_retro_high_og__hyper_r_3_37431.jpeg;https:\/\/images.novelship.com\/product\/_grade_school__air_jordan_1_retro_high_og__hyper_r_4_37431.jpeg;https:\/\/images.novelship.com\/product\/_grade_school__air_jordan_1_retro_high_og__hyper_r_5_37431.jpeg;https:\/\/images.novelship.com\/product\/_grade_school__air_jordan_1_retro_high_og__hyper_r_6_37431.jpeg;https:\/\/images.novelship.com\/product\/_grade_school__air_jordan_1_retro_high_og__hyper_r_7_37431.jpeg\",\"contentUrl\":\"https:\/\/images.novelship.com\/product\/_grade_school__air_jordan_1_retro_high_og__hyper_r_0_37430.jpeg;https:\/\/images.novelship.com\/product\/_grade_school__air_jordan_1_retro_high_og__hyper_r_1_37430.jpeg;https:\/\/images.novelship.com\/product\/_grade_school__air_jordan_1_retro_high_og__hyper_r_2_37431.jpeg;https:\/\/images.novelship.com\/product\/_grade_school__air_jordan_1_retro_high_og__hyper_r_3_37431.jpeg;https:\/\/images.novelship.com\/product\/_grade_school__air_jordan_1_retro_high_og__hyper_r_4_37431.jpeg;https:\/\/images.novelship.com\/product\/_grade_school__air_jordan_1_retro_high_og__hyper_r_5_37431.jpeg;https:\/\/images.novelship.com\/product\/_grade_school__air_jordan_1_retro_high_og__hyper_r_6_37431.jpeg;https:\/\/images.novelship.com\/product\/_grade_school__air_jordan_1_retro_high_og__hyper_r_7_37431.jpeg\"},{\"@type\":\"BreadcrumbList\",\"@id\":\"https:\/\/tourcruiser.com\/fr\/products\/grade-school-air-jordan-1-retro-high-og-hyper-royal-575441-402\/#breadcrumb\",\"itemListElement\":[{\"@type\":\"ListItem\",\"position\":1,\"name\":\"Home\",\"item\":\"https:\/\/tourcruiser.com\/fr\/\"},{\"@type\":\"ListItem\",\"position\":2,\"name\":\"Shop\",\"item\":\"https:\/\/tourcruiser.com\/fr\/shop\/\"},{\"@type\":\"ListItem\",\"position\":3,\"name\":\"(Grade School) Air Jordan 1 Retro High OG &#8216;Hyper Royal&#8217; 575441-402\"}]},{\"@type\":\"WebSite\",\"@id\":\"\/#website\",\"url\":\"\/\",\"name\":\"Styloral Jewelry Shop\",\"description\":\"Tourcruiser Sneaker Store \u2014 L\u2019endroit o\u00f9 l\u2019univers rencontre votre singularit\u00e9.\",\"publisher\":{\"@id\":\"\/#organization\"},\"potentialAction\":[{\"@type\":\"SearchAction\",\"target\":{\"@type\":\"EntryPoint\",\"urlTemplate\":\"\/?s={search_term_string}\"},\"query-input\":{\"@type\":\"PropertyValueSpecification\",\"valueRequired\":true,\"valueName\":\"search_term_string\"}}],\"inLanguage\":\"fr-FR\"},{\"@type\":\"Organization\",\"@id\":\"\/#organization\",\"name\":\"STYLORAL PTE. LTD\",\"url\":\"\/\",\"logo\":{\"@type\":\"ImageObject\",\"inLanguage\":\"fr-FR\",\"@id\":\"\/#\/schema\/logo\/image\/\",\"url\":\"https:\/\/www.tourcruiser.com\/wp-content\/uploads\/2025\/12\/logo.png\",\"contentUrl\":\"https:\/\/www.tourcruiser.com\/wp-content\/uploads\/2025\/12\/logo.png\",\"width\":200,\"height\":65,\"caption\":\"STYLORAL PTE. LTD\"},\"image\":{\"@id\":\"\/#\/schema\/logo\/image\/\"}}]}<\/script>\n<!-- \/ Yoast SEO plugin. -->","yoast_head_json":{"title":"(Grade School) Air Jordan 1 Retro High OG 'Hyper Royal' 575441-402 - TOURCRUISER PTE. LTD","robots":{"index":"index","follow":"follow","max-snippet":"max-snippet:-1","max-image-preview":"max-image-preview:large","max-video-preview":"max-video-preview:-1"},"canonical":"https:\/\/tourcruiser.com\/fr\/products\/grade-school-air-jordan-1-retro-high-og-hyper-royal-575441-402\/","og_locale":"fr_FR","og_type":"article","og_title":"(Grade School) Air Jordan 1 Retro High OG 'Hyper Royal' 575441-402 - TOURCRUISER PTE. LTD","og_description":"Affirmez votre style avec la Air Jordan 1 Retro High OG Hyper Royal (GS) de Jordan. Cette sneaker iconique, avec son design montant classique et son coloris Hyper Royal, apporte une touche d&rsquo;\u00e9l\u00e9gance \u00e0 toutes vos tenues. Gr\u00e2ce \u00e0 ses mat\u00e9riaux haut de gamme et son confort exceptionnel, c&rsquo;est un incontournable pour les fans de [&hellip;]","og_url":"https:\/\/tourcruiser.com\/fr\/products\/grade-school-air-jordan-1-retro-high-og-hyper-royal-575441-402\/","og_site_name":"Tourcruiser Sneaker Store","article_modified_time":"2026-04-17T16:01:47+00:00","twitter_card":"summary_large_image","twitter_image":"https:\/\/images.novelship.com\/product\/_grade_school__air_jordan_1_retro_high_og__hyper_r_0_37430.jpeg;https:\/\/images.novelship.com\/product\/_grade_school__air_jordan_1_retro_high_og__hyper_r_1_37430.jpeg;https:\/\/images.novelship.com\/product\/_grade_school__air_jordan_1_retro_high_og__hyper_r_2_37431.jpeg;https:\/\/images.novelship.com\/product\/_grade_school__air_jordan_1_retro_high_og__hyper_r_3_37431.jpeg;https:\/\/images.novelship.com\/product\/_grade_school__air_jordan_1_retro_high_og__hyper_r_4_37431.jpeg;https:\/\/images.novelship.com\/product\/_grade_school__air_jordan_1_retro_high_og__hyper_r_5_37431.jpeg;https:\/\/images.novelship.com\/product\/_grade_school__air_jordan_1_retro_high_og__hyper_r_6_37431.jpeg;https:\/\/images.novelship.com\/product\/_grade_school__air_jordan_1_retro_high_og__hyper_r_7_37431.jpeg","twitter_misc":{"Dur\u00e9e de lecture estim\u00e9e":"1 minute"},"schema":{"@context":"https:\/\/schema.org","@graph":[{"@type":"WebPage","@id":"https:\/\/tourcruiser.com\/fr\/products\/grade-school-air-jordan-1-retro-high-og-hyper-royal-575441-402\/","url":"https:\/\/tourcruiser.com\/fr\/products\/grade-school-air-jordan-1-retro-high-og-hyper-royal-575441-402\/","name":"(Grade School) Air Jordan 1 Retro High OG 'Hyper Royal' 575441-402 - TOURCRUISER PTE. LTD","isPartOf":{"@id":"\/#website"},"primaryImageOfPage":{"@id":"https:\/\/tourcruiser.com\/fr\/products\/grade-school-air-jordan-1-retro-high-og-hyper-royal-575441-402\/#primaryimage"},"image":{"@id":"https:\/\/tourcruiser.com\/fr\/products\/grade-school-air-jordan-1-retro-high-og-hyper-royal-575441-402\/#primaryimage"},"thumbnailUrl":"https:\/\/images.novelship.com\/product\/_grade_school__air_jordan_1_retro_high_og__hyper_r_0_37430.jpeg;https:\/\/images.novelship.com\/product\/_grade_school__air_jordan_1_retro_high_og__hyper_r_1_37430.jpeg;https:\/\/images.novelship.com\/product\/_grade_school__air_jordan_1_retro_high_og__hyper_r_2_37431.jpeg;https:\/\/images.novelship.com\/product\/_grade_school__air_jordan_1_retro_high_og__hyper_r_3_37431.jpeg;https:\/\/images.novelship.com\/product\/_grade_school__air_jordan_1_retro_high_og__hyper_r_4_37431.jpeg;https:\/\/images.novelship.com\/product\/_grade_school__air_jordan_1_retro_high_og__hyper_r_5_37431.jpeg;https:\/\/images.novelship.com\/product\/_grade_school__air_jordan_1_retro_high_og__hyper_r_6_37431.jpeg;https:\/\/images.novelship.com\/product\/_grade_school__air_jordan_1_retro_high_og__hyper_r_7_37431.jpeg","datePublished":"2026-04-16T10:13:26+00:00","dateModified":"2026-04-17T16:01:47+00:00","breadcrumb":{"@id":"https:\/\/tourcruiser.com\/fr\/products\/grade-school-air-jordan-1-retro-high-og-hyper-royal-575441-402\/#breadcrumb"},"inLanguage":"fr-FR","potentialAction":[{"@type":"ReadAction","target":["https:\/\/tourcruiser.com\/fr\/products\/grade-school-air-jordan-1-retro-high-og-hyper-royal-575441-402\/"]}]},{"@type":"ImageObject","inLanguage":"fr-FR","@id":"https:\/\/tourcruiser.com\/fr\/products\/grade-school-air-jordan-1-retro-high-og-hyper-royal-575441-402\/#primaryimage","url":"https:\/\/images.novelship.com\/product\/_grade_school__air_jordan_1_retro_high_og__hyper_r_0_37430.jpeg;https:\/\/images.novelship.com\/product\/_grade_school__air_jordan_1_retro_high_og__hyper_r_1_37430.jpeg;https:\/\/images.novelship.com\/product\/_grade_school__air_jordan_1_retro_high_og__hyper_r_2_37431.jpeg;https:\/\/images.novelship.com\/product\/_grade_school__air_jordan_1_retro_high_og__hyper_r_3_37431.jpeg;https:\/\/images.novelship.com\/product\/_grade_school__air_jordan_1_retro_high_og__hyper_r_4_37431.jpeg;https:\/\/images.novelship.com\/product\/_grade_school__air_jordan_1_retro_high_og__hyper_r_5_37431.jpeg;https:\/\/images.novelship.com\/product\/_grade_school__air_jordan_1_retro_high_og__hyper_r_6_37431.jpeg;https:\/\/images.novelship.com\/product\/_grade_school__air_jordan_1_retro_high_og__hyper_r_7_37431.jpeg","contentUrl":"https:\/\/images.novelship.com\/product\/_grade_school__air_jordan_1_retro_high_og__hyper_r_0_37430.jpeg;https:\/\/images.novelship.com\/product\/_grade_school__air_jordan_1_retro_high_og__hyper_r_1_37430.jpeg;https:\/\/images.novelship.com\/product\/_grade_school__air_jordan_1_retro_high_og__hyper_r_2_37431.jpeg;https:\/\/images.novelship.com\/product\/_grade_school__air_jordan_1_retro_high_og__hyper_r_3_37431.jpeg;https:\/\/images.novelship.com\/product\/_grade_school__air_jordan_1_retro_high_og__hyper_r_4_37431.jpeg;https:\/\/images.novelship.com\/product\/_grade_school__air_jordan_1_retro_high_og__hyper_r_5_37431.jpeg;https:\/\/images.novelship.com\/product\/_grade_school__air_jordan_1_retro_high_og__hyper_r_6_37431.jpeg;https:\/\/images.novelship.com\/product\/_grade_school__air_jordan_1_retro_high_og__hyper_r_7_37431.jpeg"},{"@type":"BreadcrumbList","@id":"https:\/\/tourcruiser.com\/fr\/products\/grade-school-air-jordan-1-retro-high-og-hyper-royal-575441-402\/#breadcrumb","itemListElement":[{"@type":"ListItem","position":1,"name":"Home","item":"https:\/\/tourcruiser.com\/fr\/"},{"@type":"ListItem","position":2,"name":"Shop","item":"https:\/\/tourcruiser.com\/fr\/shop\/"},{"@type":"ListItem","position":3,"name":"(Grade School) Air Jordan 1 Retro High OG &#8216;Hyper Royal&#8217; 575441-402"}]},{"@type":"WebSite","@id":"\/#website","url":"\/","name":"Styloral Jewelry Shop","description":"Tourcruiser Sneaker Store \u2014 L\u2019endroit o\u00f9 l\u2019univers rencontre votre singularit\u00e9.","publisher":{"@id":"\/#organization"},"potentialAction":[{"@type":"SearchAction","target":{"@type":"EntryPoint","urlTemplate":"\/?s={search_term_string}"},"query-input":{"@type":"PropertyValueSpecification","valueRequired":true,"valueName":"search_term_string"}}],"inLanguage":"fr-FR"},{"@type":"Organization","@id":"\/#organization","name":"STYLORAL PTE. LTD","url":"\/","logo":{"@type":"ImageObject","inLanguage":"fr-FR","@id":"\/#\/schema\/logo\/image\/","url":"https:\/\/www.tourcruiser.com\/wp-content\/uploads\/2025\/12\/logo.png","contentUrl":"https:\/\/www.tourcruiser.com\/wp-content\/uploads\/2025\/12\/logo.png","width":200,"height":65,"caption":"STYLORAL PTE. LTD"},"image":{"@id":"\/#\/schema\/logo\/image\/"}}]}},"_links":{"self":[{"href":"https:\/\/tourcruiser.com\/fr\/wp-json\/wp\/v2\/product\/768965","targetHints":{"allow":["GET"]}}],"collection":[{"href":"https:\/\/tourcruiser.com\/fr\/wp-json\/wp\/v2\/product"}],"about":[{"href":"https:\/\/tourcruiser.com\/fr\/wp-json\/wp\/v2\/types\/product"}],"replies":[{"embeddable":true,"href":"https:\/\/tourcruiser.com\/fr\/wp-json\/wp\/v2\/comments?post=768965"}],"wp:featuredmedia":[{"embeddable":true,"href":"https:\/\/tourcruiser.com\/fr\/wp-json\/wp\/v2\/media\/768966"}],"wp:attachment":[{"href":"https:\/\/tourcruiser.com\/fr\/wp-json\/wp\/v2\/media?parent=768965"}],"wp:term":[{"taxonomy":"product_brand","embeddable":true,"href":"https:\/\/tourcruiser.com\/fr\/wp-json\/wp\/v2\/product_brand?post=768965"},{"taxonomy":"product_cat","embeddable":true,"href":"https:\/\/tourcruiser.com\/fr\/wp-json\/wp\/v2\/product_cat?post=768965"},{"taxonomy":"product_tag","embeddable":true,"href":"https:\/\/tourcruiser.com\/fr\/wp-json\/wp\/v2\/product_tag?post=768965"}],"curies":[{"name":"wp","href":"https:\/\/api.w.org\/{rel}","templated":true}]}}