{"id":768954,"date":"2026-04-16T17:13:25","date_gmt":"2026-04-16T10:13:25","guid":{"rendered":"http:\/\/tourcruiser.com\/product\/grade-school-air-jordan-3-retro-dark-iris-dm0967-105"},"modified":"2026-04-17T23:01:45","modified_gmt":"2026-04-17T16:01:45","slug":"grade-school-air-jordan-3-retro-dark-iris-dm0967-105","status":"publish","type":"product","link":"https:\/\/tourcruiser.com\/fr\/products\/grade-school-air-jordan-3-retro-dark-iris-dm0967-105\/","title":{"rendered":"(Grade School) Air Jordan 3 Retro &lsquo;Dark Iris&rsquo; DM0967-105"},"content":{"rendered":"<p>Rehaussez votre style avec les Air Jordan 3 Retro \u00ab\u00a0Dark Iris\u00a0\u00bb (DM0967-105) pour enfants. Ces sneakers allient style classique et modernit\u00e9 gr\u00e2ce \u00e0 leur \u00e9l\u00e9gante empeigne en cuir blanc, leurs empi\u00e8cements \u00e0 imprim\u00e9 \u00e9l\u00e9phant embl\u00e9matiques et leurs touches de Dark Iris \u00e9clatantes. Un amorti et un maintien exceptionnels garantissent un confort optimal tout au long de la journ\u00e9e. Que ce soit pour le sport ou au quotidien, ces sneakers offrent un style et une durabilit\u00e9 incomparables. Compl\u00e9tez votre collection avec le charme intemporel des Air Jordan 3 Retro \u00ab\u00a0Dark Iris\u00a0\u00bb.<\/p>\n<p>\u2026 Coloris\u00a0: Blanc\/Noir\/Dark Iris\/Gris Ciment<\/p>\n<p>Code article\u00a0: DM0967-105<\/p>\n<p>Empeigne\u00a0: Cuir<\/p>\n<p>Semelle interm\u00e9diaire\u00a0: Air<\/p>\n<p>Couleur\u00a0: Blanc<\/p>\n<p>Cr\u00e9ateur\u00a0: Tinker Hatfield<\/p>\n<p>Saison\u00a0: \u00c9t\u00e9<\/p>\n<p>Ann\u00e9e de sortie\u00a0: 2022<br \/>\n\u00c2ge\u00a0: Adulte<\/p>\n<p>Couleur\u00a0: Rose Fusion\/Blanc Nuage\/Blanc Nuage<\/p>\n<p>Genre\u00a0: Enfant<\/p>\n","protected":false},"excerpt":{"rendered":"<p>Rehaussez votre style avec les Air Jordan 3 Retro \u00ab\u00a0Dark Iris\u00a0\u00bb (DM0967-105) pour enfants. Ces sneakers allient style classique et modernit\u00e9 gr\u00e2ce \u00e0 leur \u00e9l\u00e9gante empeigne en cuir blanc, leurs empi\u00e8cements \u00e0 imprim\u00e9 \u00e9l\u00e9phant embl\u00e9matiques et leurs touches de Dark Iris \u00e9clatantes. Un amorti et un maintien exceptionnels garantissent un confort optimal tout au long [&hellip;]<\/p>\n","protected":false},"featured_media":768955,"comment_status":"open","ping_status":"closed","template":"","meta":[],"product_brand":[],"product_cat":[38880],"product_tag":[10750,38861,38988,10776,11349,38875,10756,39039],"class_list":{"0":"post-768954","1":"product","2":"type-product","3":"status-publish","4":"has-post-thumbnail","6":"product_cat-jordan","7":"product_tag-athleisure-shoes","8":"product_tag-below-retail-price","9":"product_tag-casual-shoes-for-kids","10":"product_tag-jordan","11":"product_tag-jordan-basketball-shoes","12":"product_tag-jordan-skateboard-shoes","13":"product_tag-retro-casual-shoes","14":"product_tag-sneakers-for-kids","16":"first","17":"instock","18":"taxable","19":"shipping-taxable","20":"purchasable","21":"product-type-simple"},"wcpa_form_fields":null,"yoast_head":"<!-- This site is optimized with the Yoast SEO plugin v26.5 - https:\/\/yoast.com\/wordpress\/plugins\/seo\/ -->\n<title>(Grade School) Air Jordan 3 Retro &#039;Dark Iris&#039; DM0967-105 - TOURCRUISER PTE. LTD<\/title>\n<meta name=\"robots\" content=\"index, follow, max-snippet:-1, max-image-preview:large, max-video-preview:-1\" \/>\n<link rel=\"canonical\" href=\"https:\/\/tourcruiser.com\/fr\/products\/grade-school-air-jordan-3-retro-dark-iris-dm0967-105\/\" \/>\n<meta property=\"og:locale\" content=\"fr_FR\" \/>\n<meta property=\"og:type\" content=\"article\" \/>\n<meta property=\"og:title\" content=\"(Grade School) Air Jordan 3 Retro &#039;Dark Iris&#039; DM0967-105 - TOURCRUISER PTE. LTD\" \/>\n<meta property=\"og:description\" content=\"Rehaussez votre style avec les Air Jordan 3 Retro \u00ab\u00a0Dark Iris\u00a0\u00bb (DM0967-105) pour enfants. Ces sneakers allient style classique et modernit\u00e9 gr\u00e2ce \u00e0 leur \u00e9l\u00e9gante empeigne en cuir blanc, leurs empi\u00e8cements \u00e0 imprim\u00e9 \u00e9l\u00e9phant embl\u00e9matiques et leurs touches de Dark Iris \u00e9clatantes. Un amorti et un maintien exceptionnels garantissent un confort optimal tout au long [&hellip;]\" \/>\n<meta property=\"og:url\" content=\"https:\/\/tourcruiser.com\/fr\/products\/grade-school-air-jordan-3-retro-dark-iris-dm0967-105\/\" \/>\n<meta property=\"og:site_name\" content=\"Tourcruiser Sneaker Store\" \/>\n<meta property=\"article:modified_time\" content=\"2026-04-17T16:01:45+00:00\" \/>\n<meta name=\"twitter:card\" content=\"summary_large_image\" \/>\n<meta name=\"twitter:image\" content=\"https:\/\/images.novelship.com\/product\/_grade_school__air_jordan_3_retro__dark_iris__dm09_0_94754.jpeg;https:\/\/images.novelship.com\/product\/_grade_school__air_jordan_3_retro__dark_iris__dm09_1_94754.jpeg;https:\/\/images.novelship.com\/product\/_grade_school__air_jordan_3_retro__dark_iris__dm09_2_94754.jpeg;https:\/\/images.novelship.com\/product\/_grade_school__air_jordan_3_retro__dark_iris__dm09_3_94754.jpeg;https:\/\/images.novelship.com\/product\/_grade_school__air_jordan_3_retro__dark_iris__dm09_4_94754.jpeg;https:\/\/images.novelship.com\/product\/_grade_school__air_jordan_3_retro__dark_iris__dm09_5_94754.jpeg;https:\/\/images.novelship.com\/product\/_grade_school__air_jordan_3_retro__dark_iris__dm09_6_94754.jpeg;https:\/\/images.novelship.com\/product\/_grade_school__air_jordan_3_retro__dark_iris__dm09_7_94754.jpeg\" \/>\n<meta name=\"twitter:label1\" content=\"Dur\u00e9e de lecture estim\u00e9e\" \/>\n\t<meta name=\"twitter:data1\" content=\"1 minute\" \/>\n<script type=\"application\/ld+json\" class=\"yoast-schema-graph\">{\"@context\":\"https:\/\/schema.org\",\"@graph\":[{\"@type\":\"WebPage\",\"@id\":\"https:\/\/tourcruiser.com\/fr\/products\/grade-school-air-jordan-3-retro-dark-iris-dm0967-105\/\",\"url\":\"https:\/\/tourcruiser.com\/fr\/products\/grade-school-air-jordan-3-retro-dark-iris-dm0967-105\/\",\"name\":\"(Grade School) Air Jordan 3 Retro 'Dark Iris' DM0967-105 - TOURCRUISER PTE. LTD\",\"isPartOf\":{\"@id\":\"\/#website\"},\"primaryImageOfPage\":{\"@id\":\"https:\/\/tourcruiser.com\/fr\/products\/grade-school-air-jordan-3-retro-dark-iris-dm0967-105\/#primaryimage\"},\"image\":{\"@id\":\"https:\/\/tourcruiser.com\/fr\/products\/grade-school-air-jordan-3-retro-dark-iris-dm0967-105\/#primaryimage\"},\"thumbnailUrl\":\"https:\/\/images.novelship.com\/product\/_grade_school__air_jordan_3_retro__dark_iris__dm09_0_94754.jpeg;https:\/\/images.novelship.com\/product\/_grade_school__air_jordan_3_retro__dark_iris__dm09_1_94754.jpeg;https:\/\/images.novelship.com\/product\/_grade_school__air_jordan_3_retro__dark_iris__dm09_2_94754.jpeg;https:\/\/images.novelship.com\/product\/_grade_school__air_jordan_3_retro__dark_iris__dm09_3_94754.jpeg;https:\/\/images.novelship.com\/product\/_grade_school__air_jordan_3_retro__dark_iris__dm09_4_94754.jpeg;https:\/\/images.novelship.com\/product\/_grade_school__air_jordan_3_retro__dark_iris__dm09_5_94754.jpeg;https:\/\/images.novelship.com\/product\/_grade_school__air_jordan_3_retro__dark_iris__dm09_6_94754.jpeg;https:\/\/images.novelship.com\/product\/_grade_school__air_jordan_3_retro__dark_iris__dm09_7_94754.jpeg\",\"datePublished\":\"2026-04-16T10:13:25+00:00\",\"dateModified\":\"2026-04-17T16:01:45+00:00\",\"breadcrumb\":{\"@id\":\"https:\/\/tourcruiser.com\/fr\/products\/grade-school-air-jordan-3-retro-dark-iris-dm0967-105\/#breadcrumb\"},\"inLanguage\":\"fr-FR\",\"potentialAction\":[{\"@type\":\"ReadAction\",\"target\":[\"https:\/\/tourcruiser.com\/fr\/products\/grade-school-air-jordan-3-retro-dark-iris-dm0967-105\/\"]}]},{\"@type\":\"ImageObject\",\"inLanguage\":\"fr-FR\",\"@id\":\"https:\/\/tourcruiser.com\/fr\/products\/grade-school-air-jordan-3-retro-dark-iris-dm0967-105\/#primaryimage\",\"url\":\"https:\/\/images.novelship.com\/product\/_grade_school__air_jordan_3_retro__dark_iris__dm09_0_94754.jpeg;https:\/\/images.novelship.com\/product\/_grade_school__air_jordan_3_retro__dark_iris__dm09_1_94754.jpeg;https:\/\/images.novelship.com\/product\/_grade_school__air_jordan_3_retro__dark_iris__dm09_2_94754.jpeg;https:\/\/images.novelship.com\/product\/_grade_school__air_jordan_3_retro__dark_iris__dm09_3_94754.jpeg;https:\/\/images.novelship.com\/product\/_grade_school__air_jordan_3_retro__dark_iris__dm09_4_94754.jpeg;https:\/\/images.novelship.com\/product\/_grade_school__air_jordan_3_retro__dark_iris__dm09_5_94754.jpeg;https:\/\/images.novelship.com\/product\/_grade_school__air_jordan_3_retro__dark_iris__dm09_6_94754.jpeg;https:\/\/images.novelship.com\/product\/_grade_school__air_jordan_3_retro__dark_iris__dm09_7_94754.jpeg\",\"contentUrl\":\"https:\/\/images.novelship.com\/product\/_grade_school__air_jordan_3_retro__dark_iris__dm09_0_94754.jpeg;https:\/\/images.novelship.com\/product\/_grade_school__air_jordan_3_retro__dark_iris__dm09_1_94754.jpeg;https:\/\/images.novelship.com\/product\/_grade_school__air_jordan_3_retro__dark_iris__dm09_2_94754.jpeg;https:\/\/images.novelship.com\/product\/_grade_school__air_jordan_3_retro__dark_iris__dm09_3_94754.jpeg;https:\/\/images.novelship.com\/product\/_grade_school__air_jordan_3_retro__dark_iris__dm09_4_94754.jpeg;https:\/\/images.novelship.com\/product\/_grade_school__air_jordan_3_retro__dark_iris__dm09_5_94754.jpeg;https:\/\/images.novelship.com\/product\/_grade_school__air_jordan_3_retro__dark_iris__dm09_6_94754.jpeg;https:\/\/images.novelship.com\/product\/_grade_school__air_jordan_3_retro__dark_iris__dm09_7_94754.jpeg\"},{\"@type\":\"BreadcrumbList\",\"@id\":\"https:\/\/tourcruiser.com\/fr\/products\/grade-school-air-jordan-3-retro-dark-iris-dm0967-105\/#breadcrumb\",\"itemListElement\":[{\"@type\":\"ListItem\",\"position\":1,\"name\":\"Home\",\"item\":\"https:\/\/tourcruiser.com\/fr\/\"},{\"@type\":\"ListItem\",\"position\":2,\"name\":\"Shop\",\"item\":\"https:\/\/tourcruiser.com\/fr\/shop\/\"},{\"@type\":\"ListItem\",\"position\":3,\"name\":\"(Grade School) Air Jordan 3 Retro &#8216;Dark Iris&#8217; DM0967-105\"}]},{\"@type\":\"WebSite\",\"@id\":\"\/#website\",\"url\":\"\/\",\"name\":\"Styloral Jewelry Shop\",\"description\":\"Tourcruiser Sneaker Store \u2014 L\u2019endroit o\u00f9 l\u2019univers rencontre votre singularit\u00e9.\",\"publisher\":{\"@id\":\"\/#organization\"},\"potentialAction\":[{\"@type\":\"SearchAction\",\"target\":{\"@type\":\"EntryPoint\",\"urlTemplate\":\"\/?s={search_term_string}\"},\"query-input\":{\"@type\":\"PropertyValueSpecification\",\"valueRequired\":true,\"valueName\":\"search_term_string\"}}],\"inLanguage\":\"fr-FR\"},{\"@type\":\"Organization\",\"@id\":\"\/#organization\",\"name\":\"STYLORAL PTE. LTD\",\"url\":\"\/\",\"logo\":{\"@type\":\"ImageObject\",\"inLanguage\":\"fr-FR\",\"@id\":\"\/#\/schema\/logo\/image\/\",\"url\":\"https:\/\/www.tourcruiser.com\/wp-content\/uploads\/2025\/12\/logo.png\",\"contentUrl\":\"https:\/\/www.tourcruiser.com\/wp-content\/uploads\/2025\/12\/logo.png\",\"width\":200,\"height\":65,\"caption\":\"STYLORAL PTE. LTD\"},\"image\":{\"@id\":\"\/#\/schema\/logo\/image\/\"}}]}<\/script>\n<!-- \/ Yoast SEO plugin. -->","yoast_head_json":{"title":"(Grade School) Air Jordan 3 Retro 'Dark Iris' DM0967-105 - TOURCRUISER PTE. LTD","robots":{"index":"index","follow":"follow","max-snippet":"max-snippet:-1","max-image-preview":"max-image-preview:large","max-video-preview":"max-video-preview:-1"},"canonical":"https:\/\/tourcruiser.com\/fr\/products\/grade-school-air-jordan-3-retro-dark-iris-dm0967-105\/","og_locale":"fr_FR","og_type":"article","og_title":"(Grade School) Air Jordan 3 Retro 'Dark Iris' DM0967-105 - TOURCRUISER PTE. LTD","og_description":"Rehaussez votre style avec les Air Jordan 3 Retro \u00ab\u00a0Dark Iris\u00a0\u00bb (DM0967-105) pour enfants. Ces sneakers allient style classique et modernit\u00e9 gr\u00e2ce \u00e0 leur \u00e9l\u00e9gante empeigne en cuir blanc, leurs empi\u00e8cements \u00e0 imprim\u00e9 \u00e9l\u00e9phant embl\u00e9matiques et leurs touches de Dark Iris \u00e9clatantes. Un amorti et un maintien exceptionnels garantissent un confort optimal tout au long [&hellip;]","og_url":"https:\/\/tourcruiser.com\/fr\/products\/grade-school-air-jordan-3-retro-dark-iris-dm0967-105\/","og_site_name":"Tourcruiser Sneaker Store","article_modified_time":"2026-04-17T16:01:45+00:00","twitter_card":"summary_large_image","twitter_image":"https:\/\/images.novelship.com\/product\/_grade_school__air_jordan_3_retro__dark_iris__dm09_0_94754.jpeg;https:\/\/images.novelship.com\/product\/_grade_school__air_jordan_3_retro__dark_iris__dm09_1_94754.jpeg;https:\/\/images.novelship.com\/product\/_grade_school__air_jordan_3_retro__dark_iris__dm09_2_94754.jpeg;https:\/\/images.novelship.com\/product\/_grade_school__air_jordan_3_retro__dark_iris__dm09_3_94754.jpeg;https:\/\/images.novelship.com\/product\/_grade_school__air_jordan_3_retro__dark_iris__dm09_4_94754.jpeg;https:\/\/images.novelship.com\/product\/_grade_school__air_jordan_3_retro__dark_iris__dm09_5_94754.jpeg;https:\/\/images.novelship.com\/product\/_grade_school__air_jordan_3_retro__dark_iris__dm09_6_94754.jpeg;https:\/\/images.novelship.com\/product\/_grade_school__air_jordan_3_retro__dark_iris__dm09_7_94754.jpeg","twitter_misc":{"Dur\u00e9e de lecture estim\u00e9e":"1 minute"},"schema":{"@context":"https:\/\/schema.org","@graph":[{"@type":"WebPage","@id":"https:\/\/tourcruiser.com\/fr\/products\/grade-school-air-jordan-3-retro-dark-iris-dm0967-105\/","url":"https:\/\/tourcruiser.com\/fr\/products\/grade-school-air-jordan-3-retro-dark-iris-dm0967-105\/","name":"(Grade School) Air Jordan 3 Retro 'Dark Iris' DM0967-105 - TOURCRUISER PTE. LTD","isPartOf":{"@id":"\/#website"},"primaryImageOfPage":{"@id":"https:\/\/tourcruiser.com\/fr\/products\/grade-school-air-jordan-3-retro-dark-iris-dm0967-105\/#primaryimage"},"image":{"@id":"https:\/\/tourcruiser.com\/fr\/products\/grade-school-air-jordan-3-retro-dark-iris-dm0967-105\/#primaryimage"},"thumbnailUrl":"https:\/\/images.novelship.com\/product\/_grade_school__air_jordan_3_retro__dark_iris__dm09_0_94754.jpeg;https:\/\/images.novelship.com\/product\/_grade_school__air_jordan_3_retro__dark_iris__dm09_1_94754.jpeg;https:\/\/images.novelship.com\/product\/_grade_school__air_jordan_3_retro__dark_iris__dm09_2_94754.jpeg;https:\/\/images.novelship.com\/product\/_grade_school__air_jordan_3_retro__dark_iris__dm09_3_94754.jpeg;https:\/\/images.novelship.com\/product\/_grade_school__air_jordan_3_retro__dark_iris__dm09_4_94754.jpeg;https:\/\/images.novelship.com\/product\/_grade_school__air_jordan_3_retro__dark_iris__dm09_5_94754.jpeg;https:\/\/images.novelship.com\/product\/_grade_school__air_jordan_3_retro__dark_iris__dm09_6_94754.jpeg;https:\/\/images.novelship.com\/product\/_grade_school__air_jordan_3_retro__dark_iris__dm09_7_94754.jpeg","datePublished":"2026-04-16T10:13:25+00:00","dateModified":"2026-04-17T16:01:45+00:00","breadcrumb":{"@id":"https:\/\/tourcruiser.com\/fr\/products\/grade-school-air-jordan-3-retro-dark-iris-dm0967-105\/#breadcrumb"},"inLanguage":"fr-FR","potentialAction":[{"@type":"ReadAction","target":["https:\/\/tourcruiser.com\/fr\/products\/grade-school-air-jordan-3-retro-dark-iris-dm0967-105\/"]}]},{"@type":"ImageObject","inLanguage":"fr-FR","@id":"https:\/\/tourcruiser.com\/fr\/products\/grade-school-air-jordan-3-retro-dark-iris-dm0967-105\/#primaryimage","url":"https:\/\/images.novelship.com\/product\/_grade_school__air_jordan_3_retro__dark_iris__dm09_0_94754.jpeg;https:\/\/images.novelship.com\/product\/_grade_school__air_jordan_3_retro__dark_iris__dm09_1_94754.jpeg;https:\/\/images.novelship.com\/product\/_grade_school__air_jordan_3_retro__dark_iris__dm09_2_94754.jpeg;https:\/\/images.novelship.com\/product\/_grade_school__air_jordan_3_retro__dark_iris__dm09_3_94754.jpeg;https:\/\/images.novelship.com\/product\/_grade_school__air_jordan_3_retro__dark_iris__dm09_4_94754.jpeg;https:\/\/images.novelship.com\/product\/_grade_school__air_jordan_3_retro__dark_iris__dm09_5_94754.jpeg;https:\/\/images.novelship.com\/product\/_grade_school__air_jordan_3_retro__dark_iris__dm09_6_94754.jpeg;https:\/\/images.novelship.com\/product\/_grade_school__air_jordan_3_retro__dark_iris__dm09_7_94754.jpeg","contentUrl":"https:\/\/images.novelship.com\/product\/_grade_school__air_jordan_3_retro__dark_iris__dm09_0_94754.jpeg;https:\/\/images.novelship.com\/product\/_grade_school__air_jordan_3_retro__dark_iris__dm09_1_94754.jpeg;https:\/\/images.novelship.com\/product\/_grade_school__air_jordan_3_retro__dark_iris__dm09_2_94754.jpeg;https:\/\/images.novelship.com\/product\/_grade_school__air_jordan_3_retro__dark_iris__dm09_3_94754.jpeg;https:\/\/images.novelship.com\/product\/_grade_school__air_jordan_3_retro__dark_iris__dm09_4_94754.jpeg;https:\/\/images.novelship.com\/product\/_grade_school__air_jordan_3_retro__dark_iris__dm09_5_94754.jpeg;https:\/\/images.novelship.com\/product\/_grade_school__air_jordan_3_retro__dark_iris__dm09_6_94754.jpeg;https:\/\/images.novelship.com\/product\/_grade_school__air_jordan_3_retro__dark_iris__dm09_7_94754.jpeg"},{"@type":"BreadcrumbList","@id":"https:\/\/tourcruiser.com\/fr\/products\/grade-school-air-jordan-3-retro-dark-iris-dm0967-105\/#breadcrumb","itemListElement":[{"@type":"ListItem","position":1,"name":"Home","item":"https:\/\/tourcruiser.com\/fr\/"},{"@type":"ListItem","position":2,"name":"Shop","item":"https:\/\/tourcruiser.com\/fr\/shop\/"},{"@type":"ListItem","position":3,"name":"(Grade School) Air Jordan 3 Retro &#8216;Dark Iris&#8217; DM0967-105"}]},{"@type":"WebSite","@id":"\/#website","url":"\/","name":"Styloral Jewelry Shop","description":"Tourcruiser Sneaker Store \u2014 L\u2019endroit o\u00f9 l\u2019univers rencontre votre singularit\u00e9.","publisher":{"@id":"\/#organization"},"potentialAction":[{"@type":"SearchAction","target":{"@type":"EntryPoint","urlTemplate":"\/?s={search_term_string}"},"query-input":{"@type":"PropertyValueSpecification","valueRequired":true,"valueName":"search_term_string"}}],"inLanguage":"fr-FR"},{"@type":"Organization","@id":"\/#organization","name":"STYLORAL PTE. LTD","url":"\/","logo":{"@type":"ImageObject","inLanguage":"fr-FR","@id":"\/#\/schema\/logo\/image\/","url":"https:\/\/www.tourcruiser.com\/wp-content\/uploads\/2025\/12\/logo.png","contentUrl":"https:\/\/www.tourcruiser.com\/wp-content\/uploads\/2025\/12\/logo.png","width":200,"height":65,"caption":"STYLORAL PTE. LTD"},"image":{"@id":"\/#\/schema\/logo\/image\/"}}]}},"_links":{"self":[{"href":"https:\/\/tourcruiser.com\/fr\/wp-json\/wp\/v2\/product\/768954","targetHints":{"allow":["GET"]}}],"collection":[{"href":"https:\/\/tourcruiser.com\/fr\/wp-json\/wp\/v2\/product"}],"about":[{"href":"https:\/\/tourcruiser.com\/fr\/wp-json\/wp\/v2\/types\/product"}],"replies":[{"embeddable":true,"href":"https:\/\/tourcruiser.com\/fr\/wp-json\/wp\/v2\/comments?post=768954"}],"wp:featuredmedia":[{"embeddable":true,"href":"https:\/\/tourcruiser.com\/fr\/wp-json\/wp\/v2\/media\/768955"}],"wp:attachment":[{"href":"https:\/\/tourcruiser.com\/fr\/wp-json\/wp\/v2\/media?parent=768954"}],"wp:term":[{"taxonomy":"product_brand","embeddable":true,"href":"https:\/\/tourcruiser.com\/fr\/wp-json\/wp\/v2\/product_brand?post=768954"},{"taxonomy":"product_cat","embeddable":true,"href":"https:\/\/tourcruiser.com\/fr\/wp-json\/wp\/v2\/product_cat?post=768954"},{"taxonomy":"product_tag","embeddable":true,"href":"https:\/\/tourcruiser.com\/fr\/wp-json\/wp\/v2\/product_tag?post=768954"}],"curies":[{"name":"wp","href":"https:\/\/api.w.org\/{rel}","templated":true}]}}