{"id":768922,"date":"2026-04-16T17:13:24","date_gmt":"2026-04-16T10:13:24","guid":{"rendered":"http:\/\/tourcruiser.com\/product\/youth-nike-air-max-1-tropical-twist-dz3307-114"},"modified":"2026-04-17T23:02:07","modified_gmt":"2026-04-17T16:02:07","slug":"youth-nike-air-max-1-tropical-twist-dz3307-114","status":"publish","type":"product","link":"https:\/\/tourcruiser.com\/fr\/products\/youth-nike-air-max-1-tropical-twist-dz3307-114\/","title":{"rendered":"(Youth) Nike Air Max 1 &lsquo;Tropical Twist&rsquo; DZ3307-114"},"content":{"rendered":"<p>Lancez l&rsquo;\u00e9t\u00e9 en beaut\u00e9 avec la Nike Air Max 1 \u00ab Tropical Twist \u00bb aux couleurs \u00e9clatantes ! Cette sneaker arbore un m\u00e9lange rafra\u00eechissant de turquoise, de rose et de jaune, capturant l&rsquo;essence m\u00eame d&rsquo;un paradis tropical. Gr\u00e2ce \u00e0 sa conception l\u00e9g\u00e8re et \u00e0 son amorti Air l\u00e9gendaire, elle offre un confort et un style incomparables, ce qui en fait le choix id\u00e9al pour les jeunes aventuriers et les passionn\u00e9s de sneakers. Procurez-vous ce mod\u00e8le en \u00e9dition limit\u00e9e et faites sensation partout o\u00f9 vous irez !<\/p>\n<p>Coloris : Gris\/Vert\/Noir<\/p>\n<p>Code article : DZ3307-114<\/p>\n<p>Tige : Mesh<\/p>\n<p>Semelle interm\u00e9diaire : Air<\/p>\n<p>Designer : Tinker Hatfield<\/p>\n<p>Ann\u00e9e de sortie : 2023<\/p>\n<p>\u00c2ge : Adulte<\/p>\n<p>Couleur : Violet platine<\/p>\n<p>Genre : Jeune<\/p>\n","protected":false},"excerpt":{"rendered":"<p>Lancez l&rsquo;\u00e9t\u00e9 en beaut\u00e9 avec la Nike Air Max 1 \u00ab Tropical Twist \u00bb aux couleurs \u00e9clatantes ! Cette sneaker arbore un m\u00e9lange rafra\u00eechissant de turquoise, de rose et de jaune, capturant l&rsquo;essence m\u00eame d&rsquo;un paradis tropical. Gr\u00e2ce \u00e0 sa conception l\u00e9g\u00e8re et \u00e0 son amorti Air l\u00e9gendaire, elle offre un confort et un style [&hellip;]<\/p>\n","protected":false},"featured_media":768923,"comment_status":"open","ping_status":"closed","template":"","meta":[],"product_brand":[],"product_cat":[10803],"product_tag":[38917,38918,38894,10801,10882,10768],"class_list":{"0":"post-768922","1":"product","2":"type-product","3":"status-publish","4":"has-post-thumbnail","6":"product_cat-nike","7":"product_tag-casual-shoes-for-children","8":"product_tag-children-s-sneakers","9":"product_tag-lifestyle-shoes-running-shoes","10":"product_tag-nike","11":"product_tag-nike-running-shoes","12":"product_tag-retro-running-shoes","13":"wcpa_has_options","15":"first","16":"instock","17":"taxable","18":"shipping-taxable","19":"purchasable","20":"product-type-simple"},"wcpa_form_fields":{"rules":{"pric_overide_base_price":false,"pric_overide_base_price_if_gt_zero":false,"pric_overide_base_price_fully":false,"pric_cal_option_once":false,"pric_use_as_fee":false,"bind_quantity":false,"quantity_bind_formula":false},"fields":[{"type":"color-group","required":true,"elementId":"wcpa-color-group-66c4a75505e74","label":"Taille","inline":true,"priceOptions":"different_for_all","pricingType":"fixed","className":"hassizechart product-shoes-size-eu product-shoes-size","name":"color-group-66c4a75505e89","disp_type":"square","selection_type":"tick-border","disp_size":"44","show_label_inside":true,"adjust_width":true,"cart_display_type":"text","other_text":"Other","cl_rule":"show","col":6,"values":[{"label":"35.5","value":"EU 35.5","price":"","pimage":"","pimage_id":"","pthumb":"","color":""},{"label":"36","value":"EU 36","price":"","pimage":"","pimage_id":"","pthumb":"","color":"","selected":true},{"label":"36.5","value":"EU 36.5","price":"","pimage":"","pimage_id":"","pthumb":"","color":""},{"label":"37.5","value":"EU 37.5","price":"","pimage":"","pimage_id":"","pthumb":"","color":""},{"label":"38","value":"EU 38","price":"","pimage":"","pimage_id":"","pthumb":"","color":""},{"label":"38.5","value":"EU 38.5","price":"","pimage":"","pimage_id":"","pthumb":"","color":""},{"label":"39","value":"EU 39","price":"","pimage":"","pimage_id":"","pthumb":"","color":""},{"label":"40","value":"EU 40","price":"","pimage":"","pimage_id":"","pthumb":"","color":""},{"label":"40.5","value":"EU 40.5","price":"","pimage":"","pimage_id":"","pthumb":"","color":""},{"label":"41","value":"EU 41","price":"","pimage":"","pimage_id":"","pthumb":"","color":""},{"label":"42","value":"EU 42","price":"","pimage":"","pimage_id":"","pthumb":"","color":""},{"label":"42.5","value":"EU 42.5","price":"","pimage":"","pimage_id":"","pthumb":"","color":""},{"label":"43","value":"EU 43","price":"","pimage":"","pimage_id":"","pthumb":"","color":""},{"label":"44","value":"EU 44","price":"","pimage":"","pimage_id":"","pthumb":"","color":""},{"label":"44.5","value":"EU 44.5","price":"","pimage":"","pimage_id":"","pthumb":"","color":""},{"label":"45","value":"EU 45","price":"","pimage":"","pimage_id":"","pthumb":"","color":""},{"label":"45.5","value":"EU 45.5","price":"","pimage":"","pimage_id":"","pthumb":"","color":""},{"label":"46","value":"EU 46","price":"","pimage":"","pimage_id":"","pthumb":"","color":""},{"label":"47","value":"EU 47","price":"","pimage":"","pimage_id":"","pthumb":"","color":""},{"label":"47.5","value":"EU 47.5","price":"","pimage":"","pimage_id":"","pthumb":"","color":""},{"label":"48","value":"EU 48","price":"","pimage":"","pimage_id":"","pthumb":"","color":""}],"relations":[{"operator":false,"rules":[]}],"form_id":18106,"form_rules":{"pric_cal_option_once":false,"exclude_from_discount":false,"pric_use_as_fee":false,"fee_label":"Fee","render_after_acb":false,"disp_hide_options_price":false}}]},"yoast_head":"<!-- This site is optimized with the Yoast SEO plugin v26.5 - https:\/\/yoast.com\/wordpress\/plugins\/seo\/ -->\n<title>(Youth) Nike Air Max 1 &#039;Tropical Twist&#039; DZ3307-114 - TOURCRUISER PTE. LTD<\/title>\n<meta name=\"robots\" content=\"index, follow, max-snippet:-1, max-image-preview:large, max-video-preview:-1\" \/>\n<link rel=\"canonical\" href=\"https:\/\/tourcruiser.com\/fr\/products\/youth-nike-air-max-1-tropical-twist-dz3307-114\/\" \/>\n<meta property=\"og:locale\" content=\"fr_FR\" \/>\n<meta property=\"og:type\" content=\"article\" \/>\n<meta property=\"og:title\" content=\"(Youth) Nike Air Max 1 &#039;Tropical Twist&#039; DZ3307-114 - TOURCRUISER PTE. LTD\" \/>\n<meta property=\"og:description\" content=\"Lancez l&rsquo;\u00e9t\u00e9 en beaut\u00e9 avec la Nike Air Max 1 \u00ab Tropical Twist \u00bb aux couleurs \u00e9clatantes ! Cette sneaker arbore un m\u00e9lange rafra\u00eechissant de turquoise, de rose et de jaune, capturant l&rsquo;essence m\u00eame d&rsquo;un paradis tropical. Gr\u00e2ce \u00e0 sa conception l\u00e9g\u00e8re et \u00e0 son amorti Air l\u00e9gendaire, elle offre un confort et un style [&hellip;]\" \/>\n<meta property=\"og:url\" content=\"https:\/\/tourcruiser.com\/fr\/products\/youth-nike-air-max-1-tropical-twist-dz3307-114\/\" \/>\n<meta property=\"og:site_name\" content=\"Tourcruiser Sneaker Store\" \/>\n<meta property=\"article:modified_time\" content=\"2026-04-17T16:02:07+00:00\" \/>\n<meta name=\"twitter:card\" content=\"summary_large_image\" \/>\n<meta name=\"twitter:image\" content=\"https:\/\/images.novelship.com\/product\/_youth__nike_air_max_1__tropical_twist__dz3307_114_0_3332.jpeg;https:\/\/images.novelship.com\/product\/_youth__nike_air_max_1__tropical_twist__dz3307_114_1_3332.jpeg;https:\/\/images.novelship.com\/product\/_youth__nike_air_max_1__tropical_twist__dz3307_114_2_3332.jpeg;https:\/\/images.novelship.com\/product\/_youth__nike_air_max_1__tropical_twist__dz3307_114_3_3332.jpeg;https:\/\/images.novelship.com\/product\/_youth__nike_air_max_1__tropical_twist__dz3307_114_4_3332.jpeg;https:\/\/images.novelship.com\/product\/_youth__nike_air_max_1__tropical_twist__dz3307_114_5_3332.jpeg;https:\/\/images.novelship.com\/product\/_youth__nike_air_max_1__tropical_twist__dz3307_114_6_3332.jpeg;https:\/\/images.novelship.com\/product\/_youth__nike_air_max_1__tropical_twist__dz3307_114_7_3332.jpeg\" \/>\n<meta name=\"twitter:label1\" content=\"Dur\u00e9e de lecture estim\u00e9e\" \/>\n\t<meta name=\"twitter:data1\" content=\"1 minute\" \/>\n<script type=\"application\/ld+json\" class=\"yoast-schema-graph\">{\"@context\":\"https:\/\/schema.org\",\"@graph\":[{\"@type\":\"WebPage\",\"@id\":\"https:\/\/tourcruiser.com\/fr\/products\/youth-nike-air-max-1-tropical-twist-dz3307-114\/\",\"url\":\"https:\/\/tourcruiser.com\/fr\/products\/youth-nike-air-max-1-tropical-twist-dz3307-114\/\",\"name\":\"(Youth) Nike Air Max 1 'Tropical Twist' DZ3307-114 - TOURCRUISER PTE. LTD\",\"isPartOf\":{\"@id\":\"\/#website\"},\"primaryImageOfPage\":{\"@id\":\"https:\/\/tourcruiser.com\/fr\/products\/youth-nike-air-max-1-tropical-twist-dz3307-114\/#primaryimage\"},\"image\":{\"@id\":\"https:\/\/tourcruiser.com\/fr\/products\/youth-nike-air-max-1-tropical-twist-dz3307-114\/#primaryimage\"},\"thumbnailUrl\":\"https:\/\/images.novelship.com\/product\/_youth__nike_air_max_1__tropical_twist__dz3307_114_0_3332.jpeg;https:\/\/images.novelship.com\/product\/_youth__nike_air_max_1__tropical_twist__dz3307_114_1_3332.jpeg;https:\/\/images.novelship.com\/product\/_youth__nike_air_max_1__tropical_twist__dz3307_114_2_3332.jpeg;https:\/\/images.novelship.com\/product\/_youth__nike_air_max_1__tropical_twist__dz3307_114_3_3332.jpeg;https:\/\/images.novelship.com\/product\/_youth__nike_air_max_1__tropical_twist__dz3307_114_4_3332.jpeg;https:\/\/images.novelship.com\/product\/_youth__nike_air_max_1__tropical_twist__dz3307_114_5_3332.jpeg;https:\/\/images.novelship.com\/product\/_youth__nike_air_max_1__tropical_twist__dz3307_114_6_3332.jpeg;https:\/\/images.novelship.com\/product\/_youth__nike_air_max_1__tropical_twist__dz3307_114_7_3332.jpeg\",\"datePublished\":\"2026-04-16T10:13:24+00:00\",\"dateModified\":\"2026-04-17T16:02:07+00:00\",\"breadcrumb\":{\"@id\":\"https:\/\/tourcruiser.com\/fr\/products\/youth-nike-air-max-1-tropical-twist-dz3307-114\/#breadcrumb\"},\"inLanguage\":\"fr-FR\",\"potentialAction\":[{\"@type\":\"ReadAction\",\"target\":[\"https:\/\/tourcruiser.com\/fr\/products\/youth-nike-air-max-1-tropical-twist-dz3307-114\/\"]}]},{\"@type\":\"ImageObject\",\"inLanguage\":\"fr-FR\",\"@id\":\"https:\/\/tourcruiser.com\/fr\/products\/youth-nike-air-max-1-tropical-twist-dz3307-114\/#primaryimage\",\"url\":\"https:\/\/images.novelship.com\/product\/_youth__nike_air_max_1__tropical_twist__dz3307_114_0_3332.jpeg;https:\/\/images.novelship.com\/product\/_youth__nike_air_max_1__tropical_twist__dz3307_114_1_3332.jpeg;https:\/\/images.novelship.com\/product\/_youth__nike_air_max_1__tropical_twist__dz3307_114_2_3332.jpeg;https:\/\/images.novelship.com\/product\/_youth__nike_air_max_1__tropical_twist__dz3307_114_3_3332.jpeg;https:\/\/images.novelship.com\/product\/_youth__nike_air_max_1__tropical_twist__dz3307_114_4_3332.jpeg;https:\/\/images.novelship.com\/product\/_youth__nike_air_max_1__tropical_twist__dz3307_114_5_3332.jpeg;https:\/\/images.novelship.com\/product\/_youth__nike_air_max_1__tropical_twist__dz3307_114_6_3332.jpeg;https:\/\/images.novelship.com\/product\/_youth__nike_air_max_1__tropical_twist__dz3307_114_7_3332.jpeg\",\"contentUrl\":\"https:\/\/images.novelship.com\/product\/_youth__nike_air_max_1__tropical_twist__dz3307_114_0_3332.jpeg;https:\/\/images.novelship.com\/product\/_youth__nike_air_max_1__tropical_twist__dz3307_114_1_3332.jpeg;https:\/\/images.novelship.com\/product\/_youth__nike_air_max_1__tropical_twist__dz3307_114_2_3332.jpeg;https:\/\/images.novelship.com\/product\/_youth__nike_air_max_1__tropical_twist__dz3307_114_3_3332.jpeg;https:\/\/images.novelship.com\/product\/_youth__nike_air_max_1__tropical_twist__dz3307_114_4_3332.jpeg;https:\/\/images.novelship.com\/product\/_youth__nike_air_max_1__tropical_twist__dz3307_114_5_3332.jpeg;https:\/\/images.novelship.com\/product\/_youth__nike_air_max_1__tropical_twist__dz3307_114_6_3332.jpeg;https:\/\/images.novelship.com\/product\/_youth__nike_air_max_1__tropical_twist__dz3307_114_7_3332.jpeg\"},{\"@type\":\"BreadcrumbList\",\"@id\":\"https:\/\/tourcruiser.com\/fr\/products\/youth-nike-air-max-1-tropical-twist-dz3307-114\/#breadcrumb\",\"itemListElement\":[{\"@type\":\"ListItem\",\"position\":1,\"name\":\"Home\",\"item\":\"https:\/\/tourcruiser.com\/fr\/\"},{\"@type\":\"ListItem\",\"position\":2,\"name\":\"Shop\",\"item\":\"https:\/\/tourcruiser.com\/fr\/shop\/\"},{\"@type\":\"ListItem\",\"position\":3,\"name\":\"(Youth) Nike Air Max 1 &#8216;Tropical Twist&#8217; DZ3307-114\"}]},{\"@type\":\"WebSite\",\"@id\":\"\/#website\",\"url\":\"\/\",\"name\":\"Styloral Jewelry Shop\",\"description\":\"Tourcruiser Sneaker Store \u2014 L\u2019endroit o\u00f9 l\u2019univers rencontre votre singularit\u00e9.\",\"publisher\":{\"@id\":\"\/#organization\"},\"potentialAction\":[{\"@type\":\"SearchAction\",\"target\":{\"@type\":\"EntryPoint\",\"urlTemplate\":\"\/?s={search_term_string}\"},\"query-input\":{\"@type\":\"PropertyValueSpecification\",\"valueRequired\":true,\"valueName\":\"search_term_string\"}}],\"inLanguage\":\"fr-FR\"},{\"@type\":\"Organization\",\"@id\":\"\/#organization\",\"name\":\"STYLORAL PTE. LTD\",\"url\":\"\/\",\"logo\":{\"@type\":\"ImageObject\",\"inLanguage\":\"fr-FR\",\"@id\":\"\/#\/schema\/logo\/image\/\",\"url\":\"https:\/\/www.tourcruiser.com\/wp-content\/uploads\/2025\/12\/logo.png\",\"contentUrl\":\"https:\/\/www.tourcruiser.com\/wp-content\/uploads\/2025\/12\/logo.png\",\"width\":200,\"height\":65,\"caption\":\"STYLORAL PTE. LTD\"},\"image\":{\"@id\":\"\/#\/schema\/logo\/image\/\"}}]}<\/script>\n<!-- \/ Yoast SEO plugin. -->","yoast_head_json":{"title":"(Youth) Nike Air Max 1 'Tropical Twist' DZ3307-114 - TOURCRUISER PTE. LTD","robots":{"index":"index","follow":"follow","max-snippet":"max-snippet:-1","max-image-preview":"max-image-preview:large","max-video-preview":"max-video-preview:-1"},"canonical":"https:\/\/tourcruiser.com\/fr\/products\/youth-nike-air-max-1-tropical-twist-dz3307-114\/","og_locale":"fr_FR","og_type":"article","og_title":"(Youth) Nike Air Max 1 'Tropical Twist' DZ3307-114 - TOURCRUISER PTE. LTD","og_description":"Lancez l&rsquo;\u00e9t\u00e9 en beaut\u00e9 avec la Nike Air Max 1 \u00ab Tropical Twist \u00bb aux couleurs \u00e9clatantes ! Cette sneaker arbore un m\u00e9lange rafra\u00eechissant de turquoise, de rose et de jaune, capturant l&rsquo;essence m\u00eame d&rsquo;un paradis tropical. Gr\u00e2ce \u00e0 sa conception l\u00e9g\u00e8re et \u00e0 son amorti Air l\u00e9gendaire, elle offre un confort et un style [&hellip;]","og_url":"https:\/\/tourcruiser.com\/fr\/products\/youth-nike-air-max-1-tropical-twist-dz3307-114\/","og_site_name":"Tourcruiser Sneaker Store","article_modified_time":"2026-04-17T16:02:07+00:00","twitter_card":"summary_large_image","twitter_image":"https:\/\/images.novelship.com\/product\/_youth__nike_air_max_1__tropical_twist__dz3307_114_0_3332.jpeg;https:\/\/images.novelship.com\/product\/_youth__nike_air_max_1__tropical_twist__dz3307_114_1_3332.jpeg;https:\/\/images.novelship.com\/product\/_youth__nike_air_max_1__tropical_twist__dz3307_114_2_3332.jpeg;https:\/\/images.novelship.com\/product\/_youth__nike_air_max_1__tropical_twist__dz3307_114_3_3332.jpeg;https:\/\/images.novelship.com\/product\/_youth__nike_air_max_1__tropical_twist__dz3307_114_4_3332.jpeg;https:\/\/images.novelship.com\/product\/_youth__nike_air_max_1__tropical_twist__dz3307_114_5_3332.jpeg;https:\/\/images.novelship.com\/product\/_youth__nike_air_max_1__tropical_twist__dz3307_114_6_3332.jpeg;https:\/\/images.novelship.com\/product\/_youth__nike_air_max_1__tropical_twist__dz3307_114_7_3332.jpeg","twitter_misc":{"Dur\u00e9e de lecture estim\u00e9e":"1 minute"},"schema":{"@context":"https:\/\/schema.org","@graph":[{"@type":"WebPage","@id":"https:\/\/tourcruiser.com\/fr\/products\/youth-nike-air-max-1-tropical-twist-dz3307-114\/","url":"https:\/\/tourcruiser.com\/fr\/products\/youth-nike-air-max-1-tropical-twist-dz3307-114\/","name":"(Youth) Nike Air Max 1 'Tropical Twist' DZ3307-114 - TOURCRUISER PTE. LTD","isPartOf":{"@id":"\/#website"},"primaryImageOfPage":{"@id":"https:\/\/tourcruiser.com\/fr\/products\/youth-nike-air-max-1-tropical-twist-dz3307-114\/#primaryimage"},"image":{"@id":"https:\/\/tourcruiser.com\/fr\/products\/youth-nike-air-max-1-tropical-twist-dz3307-114\/#primaryimage"},"thumbnailUrl":"https:\/\/images.novelship.com\/product\/_youth__nike_air_max_1__tropical_twist__dz3307_114_0_3332.jpeg;https:\/\/images.novelship.com\/product\/_youth__nike_air_max_1__tropical_twist__dz3307_114_1_3332.jpeg;https:\/\/images.novelship.com\/product\/_youth__nike_air_max_1__tropical_twist__dz3307_114_2_3332.jpeg;https:\/\/images.novelship.com\/product\/_youth__nike_air_max_1__tropical_twist__dz3307_114_3_3332.jpeg;https:\/\/images.novelship.com\/product\/_youth__nike_air_max_1__tropical_twist__dz3307_114_4_3332.jpeg;https:\/\/images.novelship.com\/product\/_youth__nike_air_max_1__tropical_twist__dz3307_114_5_3332.jpeg;https:\/\/images.novelship.com\/product\/_youth__nike_air_max_1__tropical_twist__dz3307_114_6_3332.jpeg;https:\/\/images.novelship.com\/product\/_youth__nike_air_max_1__tropical_twist__dz3307_114_7_3332.jpeg","datePublished":"2026-04-16T10:13:24+00:00","dateModified":"2026-04-17T16:02:07+00:00","breadcrumb":{"@id":"https:\/\/tourcruiser.com\/fr\/products\/youth-nike-air-max-1-tropical-twist-dz3307-114\/#breadcrumb"},"inLanguage":"fr-FR","potentialAction":[{"@type":"ReadAction","target":["https:\/\/tourcruiser.com\/fr\/products\/youth-nike-air-max-1-tropical-twist-dz3307-114\/"]}]},{"@type":"ImageObject","inLanguage":"fr-FR","@id":"https:\/\/tourcruiser.com\/fr\/products\/youth-nike-air-max-1-tropical-twist-dz3307-114\/#primaryimage","url":"https:\/\/images.novelship.com\/product\/_youth__nike_air_max_1__tropical_twist__dz3307_114_0_3332.jpeg;https:\/\/images.novelship.com\/product\/_youth__nike_air_max_1__tropical_twist__dz3307_114_1_3332.jpeg;https:\/\/images.novelship.com\/product\/_youth__nike_air_max_1__tropical_twist__dz3307_114_2_3332.jpeg;https:\/\/images.novelship.com\/product\/_youth__nike_air_max_1__tropical_twist__dz3307_114_3_3332.jpeg;https:\/\/images.novelship.com\/product\/_youth__nike_air_max_1__tropical_twist__dz3307_114_4_3332.jpeg;https:\/\/images.novelship.com\/product\/_youth__nike_air_max_1__tropical_twist__dz3307_114_5_3332.jpeg;https:\/\/images.novelship.com\/product\/_youth__nike_air_max_1__tropical_twist__dz3307_114_6_3332.jpeg;https:\/\/images.novelship.com\/product\/_youth__nike_air_max_1__tropical_twist__dz3307_114_7_3332.jpeg","contentUrl":"https:\/\/images.novelship.com\/product\/_youth__nike_air_max_1__tropical_twist__dz3307_114_0_3332.jpeg;https:\/\/images.novelship.com\/product\/_youth__nike_air_max_1__tropical_twist__dz3307_114_1_3332.jpeg;https:\/\/images.novelship.com\/product\/_youth__nike_air_max_1__tropical_twist__dz3307_114_2_3332.jpeg;https:\/\/images.novelship.com\/product\/_youth__nike_air_max_1__tropical_twist__dz3307_114_3_3332.jpeg;https:\/\/images.novelship.com\/product\/_youth__nike_air_max_1__tropical_twist__dz3307_114_4_3332.jpeg;https:\/\/images.novelship.com\/product\/_youth__nike_air_max_1__tropical_twist__dz3307_114_5_3332.jpeg;https:\/\/images.novelship.com\/product\/_youth__nike_air_max_1__tropical_twist__dz3307_114_6_3332.jpeg;https:\/\/images.novelship.com\/product\/_youth__nike_air_max_1__tropical_twist__dz3307_114_7_3332.jpeg"},{"@type":"BreadcrumbList","@id":"https:\/\/tourcruiser.com\/fr\/products\/youth-nike-air-max-1-tropical-twist-dz3307-114\/#breadcrumb","itemListElement":[{"@type":"ListItem","position":1,"name":"Home","item":"https:\/\/tourcruiser.com\/fr\/"},{"@type":"ListItem","position":2,"name":"Shop","item":"https:\/\/tourcruiser.com\/fr\/shop\/"},{"@type":"ListItem","position":3,"name":"(Youth) Nike Air Max 1 &#8216;Tropical Twist&#8217; DZ3307-114"}]},{"@type":"WebSite","@id":"\/#website","url":"\/","name":"Styloral Jewelry Shop","description":"Tourcruiser Sneaker Store \u2014 L\u2019endroit o\u00f9 l\u2019univers rencontre votre singularit\u00e9.","publisher":{"@id":"\/#organization"},"potentialAction":[{"@type":"SearchAction","target":{"@type":"EntryPoint","urlTemplate":"\/?s={search_term_string}"},"query-input":{"@type":"PropertyValueSpecification","valueRequired":true,"valueName":"search_term_string"}}],"inLanguage":"fr-FR"},{"@type":"Organization","@id":"\/#organization","name":"STYLORAL PTE. LTD","url":"\/","logo":{"@type":"ImageObject","inLanguage":"fr-FR","@id":"\/#\/schema\/logo\/image\/","url":"https:\/\/www.tourcruiser.com\/wp-content\/uploads\/2025\/12\/logo.png","contentUrl":"https:\/\/www.tourcruiser.com\/wp-content\/uploads\/2025\/12\/logo.png","width":200,"height":65,"caption":"STYLORAL PTE. LTD"},"image":{"@id":"\/#\/schema\/logo\/image\/"}}]}},"_links":{"self":[{"href":"https:\/\/tourcruiser.com\/fr\/wp-json\/wp\/v2\/product\/768922","targetHints":{"allow":["GET"]}}],"collection":[{"href":"https:\/\/tourcruiser.com\/fr\/wp-json\/wp\/v2\/product"}],"about":[{"href":"https:\/\/tourcruiser.com\/fr\/wp-json\/wp\/v2\/types\/product"}],"replies":[{"embeddable":true,"href":"https:\/\/tourcruiser.com\/fr\/wp-json\/wp\/v2\/comments?post=768922"}],"wp:featuredmedia":[{"embeddable":true,"href":"https:\/\/tourcruiser.com\/fr\/wp-json\/wp\/v2\/media\/768923"}],"wp:attachment":[{"href":"https:\/\/tourcruiser.com\/fr\/wp-json\/wp\/v2\/media?parent=768922"}],"wp:term":[{"taxonomy":"product_brand","embeddable":true,"href":"https:\/\/tourcruiser.com\/fr\/wp-json\/wp\/v2\/product_brand?post=768922"},{"taxonomy":"product_cat","embeddable":true,"href":"https:\/\/tourcruiser.com\/fr\/wp-json\/wp\/v2\/product_cat?post=768922"},{"taxonomy":"product_tag","embeddable":true,"href":"https:\/\/tourcruiser.com\/fr\/wp-json\/wp\/v2\/product_tag?post=768922"}],"curies":[{"name":"wp","href":"https:\/\/api.w.org\/{rel}","templated":true}]}}