{"id":768831,"date":"2026-04-16T17:13:22","date_gmt":"2026-04-16T10:13:22","guid":{"rendered":"http:\/\/tourcruiser.com\/product\/nike-air-max-95-qs-greedy-20-cj0589-001"},"modified":"2026-04-17T23:01:38","modified_gmt":"2026-04-17T16:01:38","slug":"nike-air-max-95-qs-greedy-20-cj0589-001","status":"publish","type":"product","link":"https:\/\/tourcruiser.com\/fr\/products\/nike-air-max-95-qs-greedy-20-cj0589-001\/","title":{"rendered":"Nike Air Max 95 QS &lsquo;Greedy 2.0&rsquo; CJ0589-001"},"content":{"rendered":"<p>Affirmez votre style avec la Nike Air Max 95 QS \u00ab Greedy 2.0 \u00bb CJ0589-001. Ce mod\u00e8le iconique allie un design classique \u00e0 des couleurs audacieuses, m\u00ealant touches n\u00e9on et mat\u00e9riaux haut de gamme. Pour un confort optimal, elle offre l&rsquo;amorti Air Max embl\u00e9matique pour un maintien in\u00e9gal\u00e9 et la technologie Air Flow respirante. Parfaite pour un look sportif et streetwear, la \u00ab Greedy 2.0 \u00bb vous assure un style unique tout en vous offrant des performances exceptionnelles. Procurez-vous la v\u00f4tre d\u00e8s maintenant\u00a0!<\/p>\n<p>Coloris\u00a0: Noir\/Multicolore-Blanc<\/p>\n<p>R\u00e9f\u00e9rence\u00a0: CJ0589-001<\/p>\n<p>Tige\u00a0: Cuir<\/p>\n<p>Semelle interm\u00e9diaire\u00a0: Air<\/p>\n<p>Couleur\u00a0: Gris<\/p>\n<p>Designer\u00a0: Sergio Lozano<\/p>\n<p>Ann\u00e9e de sortie\u00a0: 2020<\/p>\n<p>\u00c2ge\u00a0: Adulte<br \/>\nCouleur\u00a0: Argent m\u00e9tallis\u00e9\/Noir\/Blanc<\/p>\n<p>Genre\u00a0: Homme<\/p>\n","protected":false},"excerpt":{"rendered":"<p>Affirmez votre style avec la Nike Air Max 95 QS \u00ab Greedy 2.0 \u00bb CJ0589-001. Ce mod\u00e8le iconique allie un design classique \u00e0 des couleurs audacieuses, m\u00ealant touches n\u00e9on et mat\u00e9riaux haut de gamme. Pour un confort optimal, elle offre l&rsquo;amorti Air Max embl\u00e9matique pour un maintien in\u00e9gal\u00e9 et la technologie Air Flow respirante. Parfaite [&hellip;]<\/p>\n","protected":false},"featured_media":768832,"comment_status":"open","ping_status":"closed","template":"","meta":[],"product_brand":[],"product_cat":[10803],"product_tag":[10750,38847,38841,38842,10801,10882,10768,10840,38844],"class_list":{"0":"post-768831","1":"product","2":"type-product","3":"status-publish","4":"has-post-thumbnail","6":"product_cat-nike","7":"product_tag-athleisure-shoes","8":"product_tag-below-the-regular-price","9":"product_tag-casual-shoes","10":"product_tag-gift-idea-for-him","11":"product_tag-nike","12":"product_tag-nike-running-shoes","13":"product_tag-retro-running-shoes","14":"product_tag-running-shoes","15":"product_tag-top-offers","16":"wcpa_has_options","18":"first","19":"instock","20":"taxable","21":"shipping-taxable","22":"purchasable","23":"product-type-simple"},"wcpa_form_fields":{"rules":{"pric_overide_base_price":false,"pric_overide_base_price_if_gt_zero":false,"pric_overide_base_price_fully":false,"pric_cal_option_once":false,"pric_use_as_fee":false,"bind_quantity":false,"quantity_bind_formula":false},"fields":[{"type":"color-group","required":true,"elementId":"wcpa-color-group-66c4a75505e74","label":"Taille","inline":true,"priceOptions":"different_for_all","pricingType":"fixed","className":"hassizechart product-shoes-size-eu product-shoes-size","name":"color-group-66c4a75505e89","disp_type":"square","selection_type":"tick-border","disp_size":"44","show_label_inside":true,"adjust_width":true,"cart_display_type":"text","other_text":"Other","cl_rule":"show","col":6,"values":[{"label":"35.5","value":"EU 35.5","price":"","pimage":"","pimage_id":"","pthumb":"","color":""},{"label":"36","value":"EU 36","price":"","pimage":"","pimage_id":"","pthumb":"","color":"","selected":true},{"label":"36.5","value":"EU 36.5","price":"","pimage":"","pimage_id":"","pthumb":"","color":""},{"label":"37.5","value":"EU 37.5","price":"","pimage":"","pimage_id":"","pthumb":"","color":""},{"label":"38","value":"EU 38","price":"","pimage":"","pimage_id":"","pthumb":"","color":""},{"label":"38.5","value":"EU 38.5","price":"","pimage":"","pimage_id":"","pthumb":"","color":""},{"label":"39","value":"EU 39","price":"","pimage":"","pimage_id":"","pthumb":"","color":""},{"label":"40","value":"EU 40","price":"","pimage":"","pimage_id":"","pthumb":"","color":""},{"label":"40.5","value":"EU 40.5","price":"","pimage":"","pimage_id":"","pthumb":"","color":""},{"label":"41","value":"EU 41","price":"","pimage":"","pimage_id":"","pthumb":"","color":""},{"label":"42","value":"EU 42","price":"","pimage":"","pimage_id":"","pthumb":"","color":""},{"label":"42.5","value":"EU 42.5","price":"","pimage":"","pimage_id":"","pthumb":"","color":""},{"label":"43","value":"EU 43","price":"","pimage":"","pimage_id":"","pthumb":"","color":""},{"label":"44","value":"EU 44","price":"","pimage":"","pimage_id":"","pthumb":"","color":""},{"label":"44.5","value":"EU 44.5","price":"","pimage":"","pimage_id":"","pthumb":"","color":""},{"label":"45","value":"EU 45","price":"","pimage":"","pimage_id":"","pthumb":"","color":""},{"label":"45.5","value":"EU 45.5","price":"","pimage":"","pimage_id":"","pthumb":"","color":""},{"label":"46","value":"EU 46","price":"","pimage":"","pimage_id":"","pthumb":"","color":""},{"label":"47","value":"EU 47","price":"","pimage":"","pimage_id":"","pthumb":"","color":""},{"label":"47.5","value":"EU 47.5","price":"","pimage":"","pimage_id":"","pthumb":"","color":""},{"label":"48","value":"EU 48","price":"","pimage":"","pimage_id":"","pthumb":"","color":""}],"relations":[{"operator":false,"rules":[]}],"form_id":18106,"form_rules":{"pric_cal_option_once":false,"exclude_from_discount":false,"pric_use_as_fee":false,"fee_label":"Fee","render_after_acb":false,"disp_hide_options_price":false}}]},"yoast_head":"<!-- This site is optimized with the Yoast SEO plugin v26.5 - https:\/\/yoast.com\/wordpress\/plugins\/seo\/ -->\n<title>Nike Air Max 95 QS &#039;Greedy 2.0&#039; CJ0589-001 - TOURCRUISER PTE. LTD<\/title>\n<meta name=\"robots\" content=\"index, follow, max-snippet:-1, max-image-preview:large, max-video-preview:-1\" \/>\n<link rel=\"canonical\" href=\"https:\/\/tourcruiser.com\/fr\/products\/nike-air-max-95-qs-greedy-20-cj0589-001\/\" \/>\n<meta property=\"og:locale\" content=\"fr_FR\" \/>\n<meta property=\"og:type\" content=\"article\" \/>\n<meta property=\"og:title\" content=\"Nike Air Max 95 QS &#039;Greedy 2.0&#039; CJ0589-001 - TOURCRUISER PTE. LTD\" \/>\n<meta property=\"og:description\" content=\"Affirmez votre style avec la Nike Air Max 95 QS \u00ab Greedy 2.0 \u00bb CJ0589-001. Ce mod\u00e8le iconique allie un design classique \u00e0 des couleurs audacieuses, m\u00ealant touches n\u00e9on et mat\u00e9riaux haut de gamme. Pour un confort optimal, elle offre l&rsquo;amorti Air Max embl\u00e9matique pour un maintien in\u00e9gal\u00e9 et la technologie Air Flow respirante. Parfaite [&hellip;]\" \/>\n<meta property=\"og:url\" content=\"https:\/\/tourcruiser.com\/fr\/products\/nike-air-max-95-qs-greedy-20-cj0589-001\/\" \/>\n<meta property=\"og:site_name\" content=\"Tourcruiser Sneaker Store\" \/>\n<meta property=\"article:modified_time\" content=\"2026-04-17T16:01:38+00:00\" \/>\n<meta name=\"twitter:card\" content=\"summary_large_image\" \/>\n<meta name=\"twitter:image\" content=\"https:\/\/images.novelship.com\/product\/nike_air_max_95_qs__greedy_2_0__cj0589_001_0_5770.jpeg;https:\/\/images.novelship.com\/product\/nike_air_max_95_qs__greedy_2_0__cj0589_001_1_5770.jpeg;https:\/\/images.novelship.com\/product\/nike_air_max_95_qs__greedy_2_0__cj0589_001_2_5770.jpeg;https:\/\/images.novelship.com\/product\/nike_air_max_95_qs__greedy_2_0__cj0589_001_3_5771.jpeg;https:\/\/images.novelship.com\/product\/nike_air_max_95_qs__greedy_2_0__cj0589_001_4_5771.jpeg;https:\/\/images.novelship.com\/product\/nike_air_max_95_qs__greedy_2_0__cj0589_001_5_5771.jpeg;https:\/\/images.novelship.com\/product\/nike_air_max_95_qs__greedy_2_0__cj0589_001_6_5771.jpeg;https:\/\/images.novelship.com\/product\/nike_air_max_95_qs__greedy_2_0__cj0589_001_7_5771.jpeg\" \/>\n<meta name=\"twitter:label1\" content=\"Dur\u00e9e de lecture estim\u00e9e\" \/>\n\t<meta name=\"twitter:data1\" content=\"1 minute\" \/>\n<script type=\"application\/ld+json\" class=\"yoast-schema-graph\">{\"@context\":\"https:\/\/schema.org\",\"@graph\":[{\"@type\":\"WebPage\",\"@id\":\"https:\/\/tourcruiser.com\/fr\/products\/nike-air-max-95-qs-greedy-20-cj0589-001\/\",\"url\":\"https:\/\/tourcruiser.com\/fr\/products\/nike-air-max-95-qs-greedy-20-cj0589-001\/\",\"name\":\"Nike Air Max 95 QS 'Greedy 2.0' CJ0589-001 - TOURCRUISER PTE. LTD\",\"isPartOf\":{\"@id\":\"https:\/\/tourcruiser.com\/fr\/#website\"},\"primaryImageOfPage\":{\"@id\":\"https:\/\/tourcruiser.com\/fr\/products\/nike-air-max-95-qs-greedy-20-cj0589-001\/#primaryimage\"},\"image\":{\"@id\":\"https:\/\/tourcruiser.com\/fr\/products\/nike-air-max-95-qs-greedy-20-cj0589-001\/#primaryimage\"},\"thumbnailUrl\":\"https:\/\/images.novelship.com\/product\/nike_air_max_95_qs__greedy_2_0__cj0589_001_0_5770.jpeg;https:\/\/images.novelship.com\/product\/nike_air_max_95_qs__greedy_2_0__cj0589_001_1_5770.jpeg;https:\/\/images.novelship.com\/product\/nike_air_max_95_qs__greedy_2_0__cj0589_001_2_5770.jpeg;https:\/\/images.novelship.com\/product\/nike_air_max_95_qs__greedy_2_0__cj0589_001_3_5771.jpeg;https:\/\/images.novelship.com\/product\/nike_air_max_95_qs__greedy_2_0__cj0589_001_4_5771.jpeg;https:\/\/images.novelship.com\/product\/nike_air_max_95_qs__greedy_2_0__cj0589_001_5_5771.jpeg;https:\/\/images.novelship.com\/product\/nike_air_max_95_qs__greedy_2_0__cj0589_001_6_5771.jpeg;https:\/\/images.novelship.com\/product\/nike_air_max_95_qs__greedy_2_0__cj0589_001_7_5771.jpeg\",\"datePublished\":\"2026-04-16T10:13:22+00:00\",\"dateModified\":\"2026-04-17T16:01:38+00:00\",\"breadcrumb\":{\"@id\":\"https:\/\/tourcruiser.com\/fr\/products\/nike-air-max-95-qs-greedy-20-cj0589-001\/#breadcrumb\"},\"inLanguage\":\"fr-FR\",\"potentialAction\":[{\"@type\":\"ReadAction\",\"target\":[\"https:\/\/tourcruiser.com\/fr\/products\/nike-air-max-95-qs-greedy-20-cj0589-001\/\"]}]},{\"@type\":\"ImageObject\",\"inLanguage\":\"fr-FR\",\"@id\":\"https:\/\/tourcruiser.com\/fr\/products\/nike-air-max-95-qs-greedy-20-cj0589-001\/#primaryimage\",\"url\":\"https:\/\/images.novelship.com\/product\/nike_air_max_95_qs__greedy_2_0__cj0589_001_0_5770.jpeg;https:\/\/images.novelship.com\/product\/nike_air_max_95_qs__greedy_2_0__cj0589_001_1_5770.jpeg;https:\/\/images.novelship.com\/product\/nike_air_max_95_qs__greedy_2_0__cj0589_001_2_5770.jpeg;https:\/\/images.novelship.com\/product\/nike_air_max_95_qs__greedy_2_0__cj0589_001_3_5771.jpeg;https:\/\/images.novelship.com\/product\/nike_air_max_95_qs__greedy_2_0__cj0589_001_4_5771.jpeg;https:\/\/images.novelship.com\/product\/nike_air_max_95_qs__greedy_2_0__cj0589_001_5_5771.jpeg;https:\/\/images.novelship.com\/product\/nike_air_max_95_qs__greedy_2_0__cj0589_001_6_5771.jpeg;https:\/\/images.novelship.com\/product\/nike_air_max_95_qs__greedy_2_0__cj0589_001_7_5771.jpeg\",\"contentUrl\":\"https:\/\/images.novelship.com\/product\/nike_air_max_95_qs__greedy_2_0__cj0589_001_0_5770.jpeg;https:\/\/images.novelship.com\/product\/nike_air_max_95_qs__greedy_2_0__cj0589_001_1_5770.jpeg;https:\/\/images.novelship.com\/product\/nike_air_max_95_qs__greedy_2_0__cj0589_001_2_5770.jpeg;https:\/\/images.novelship.com\/product\/nike_air_max_95_qs__greedy_2_0__cj0589_001_3_5771.jpeg;https:\/\/images.novelship.com\/product\/nike_air_max_95_qs__greedy_2_0__cj0589_001_4_5771.jpeg;https:\/\/images.novelship.com\/product\/nike_air_max_95_qs__greedy_2_0__cj0589_001_5_5771.jpeg;https:\/\/images.novelship.com\/product\/nike_air_max_95_qs__greedy_2_0__cj0589_001_6_5771.jpeg;https:\/\/images.novelship.com\/product\/nike_air_max_95_qs__greedy_2_0__cj0589_001_7_5771.jpeg\"},{\"@type\":\"BreadcrumbList\",\"@id\":\"https:\/\/tourcruiser.com\/fr\/products\/nike-air-max-95-qs-greedy-20-cj0589-001\/#breadcrumb\",\"itemListElement\":[{\"@type\":\"ListItem\",\"position\":1,\"name\":\"Home\",\"item\":\"https:\/\/tourcruiser.com\/fr\/\"},{\"@type\":\"ListItem\",\"position\":2,\"name\":\"Shop\",\"item\":\"https:\/\/tourcruiser.com\/fr\/shop\/\"},{\"@type\":\"ListItem\",\"position\":3,\"name\":\"Nike Air Max 95 QS &#8216;Greedy 2.0&#8217; CJ0589-001\"}]},{\"@type\":\"WebSite\",\"@id\":\"https:\/\/tourcruiser.com\/fr\/#website\",\"url\":\"https:\/\/tourcruiser.com\/fr\/\",\"name\":\"Styloral Jewelry Shop\",\"description\":\"Tourcruiser Sneaker Store \u2014 L\u2019endroit o\u00f9 l\u2019univers rencontre votre singularit\u00e9.\",\"publisher\":{\"@id\":\"https:\/\/tourcruiser.com\/fr\/#organization\"},\"potentialAction\":[{\"@type\":\"SearchAction\",\"target\":{\"@type\":\"EntryPoint\",\"urlTemplate\":\"https:\/\/tourcruiser.com\/fr\/?s={search_term_string}\"},\"query-input\":{\"@type\":\"PropertyValueSpecification\",\"valueRequired\":true,\"valueName\":\"search_term_string\"}}],\"inLanguage\":\"fr-FR\"},{\"@type\":\"Organization\",\"@id\":\"https:\/\/tourcruiser.com\/fr\/#organization\",\"name\":\"STYLORAL PTE. LTD\",\"url\":\"https:\/\/tourcruiser.com\/fr\/\",\"logo\":{\"@type\":\"ImageObject\",\"inLanguage\":\"fr-FR\",\"@id\":\"https:\/\/tourcruiser.com\/fr\/#\/schema\/logo\/image\/\",\"url\":\"https:\/\/www.tourcruiser.com\/wp-content\/uploads\/2025\/12\/logo.png\",\"contentUrl\":\"https:\/\/www.tourcruiser.com\/wp-content\/uploads\/2025\/12\/logo.png\",\"width\":200,\"height\":65,\"caption\":\"STYLORAL PTE. LTD\"},\"image\":{\"@id\":\"https:\/\/tourcruiser.com\/fr\/#\/schema\/logo\/image\/\"}}]}<\/script>\n<!-- \/ Yoast SEO plugin. -->","yoast_head_json":{"title":"Nike Air Max 95 QS 'Greedy 2.0' CJ0589-001 - TOURCRUISER PTE. LTD","robots":{"index":"index","follow":"follow","max-snippet":"max-snippet:-1","max-image-preview":"max-image-preview:large","max-video-preview":"max-video-preview:-1"},"canonical":"https:\/\/tourcruiser.com\/fr\/products\/nike-air-max-95-qs-greedy-20-cj0589-001\/","og_locale":"fr_FR","og_type":"article","og_title":"Nike Air Max 95 QS 'Greedy 2.0' CJ0589-001 - TOURCRUISER PTE. LTD","og_description":"Affirmez votre style avec la Nike Air Max 95 QS \u00ab Greedy 2.0 \u00bb CJ0589-001. Ce mod\u00e8le iconique allie un design classique \u00e0 des couleurs audacieuses, m\u00ealant touches n\u00e9on et mat\u00e9riaux haut de gamme. Pour un confort optimal, elle offre l&rsquo;amorti Air Max embl\u00e9matique pour un maintien in\u00e9gal\u00e9 et la technologie Air Flow respirante. Parfaite [&hellip;]","og_url":"https:\/\/tourcruiser.com\/fr\/products\/nike-air-max-95-qs-greedy-20-cj0589-001\/","og_site_name":"Tourcruiser Sneaker Store","article_modified_time":"2026-04-17T16:01:38+00:00","twitter_card":"summary_large_image","twitter_image":"https:\/\/images.novelship.com\/product\/nike_air_max_95_qs__greedy_2_0__cj0589_001_0_5770.jpeg;https:\/\/images.novelship.com\/product\/nike_air_max_95_qs__greedy_2_0__cj0589_001_1_5770.jpeg;https:\/\/images.novelship.com\/product\/nike_air_max_95_qs__greedy_2_0__cj0589_001_2_5770.jpeg;https:\/\/images.novelship.com\/product\/nike_air_max_95_qs__greedy_2_0__cj0589_001_3_5771.jpeg;https:\/\/images.novelship.com\/product\/nike_air_max_95_qs__greedy_2_0__cj0589_001_4_5771.jpeg;https:\/\/images.novelship.com\/product\/nike_air_max_95_qs__greedy_2_0__cj0589_001_5_5771.jpeg;https:\/\/images.novelship.com\/product\/nike_air_max_95_qs__greedy_2_0__cj0589_001_6_5771.jpeg;https:\/\/images.novelship.com\/product\/nike_air_max_95_qs__greedy_2_0__cj0589_001_7_5771.jpeg","twitter_misc":{"Dur\u00e9e de lecture estim\u00e9e":"1 minute"},"schema":{"@context":"https:\/\/schema.org","@graph":[{"@type":"WebPage","@id":"https:\/\/tourcruiser.com\/fr\/products\/nike-air-max-95-qs-greedy-20-cj0589-001\/","url":"https:\/\/tourcruiser.com\/fr\/products\/nike-air-max-95-qs-greedy-20-cj0589-001\/","name":"Nike Air Max 95 QS 'Greedy 2.0' CJ0589-001 - TOURCRUISER PTE. LTD","isPartOf":{"@id":"https:\/\/tourcruiser.com\/fr\/#website"},"primaryImageOfPage":{"@id":"https:\/\/tourcruiser.com\/fr\/products\/nike-air-max-95-qs-greedy-20-cj0589-001\/#primaryimage"},"image":{"@id":"https:\/\/tourcruiser.com\/fr\/products\/nike-air-max-95-qs-greedy-20-cj0589-001\/#primaryimage"},"thumbnailUrl":"https:\/\/images.novelship.com\/product\/nike_air_max_95_qs__greedy_2_0__cj0589_001_0_5770.jpeg;https:\/\/images.novelship.com\/product\/nike_air_max_95_qs__greedy_2_0__cj0589_001_1_5770.jpeg;https:\/\/images.novelship.com\/product\/nike_air_max_95_qs__greedy_2_0__cj0589_001_2_5770.jpeg;https:\/\/images.novelship.com\/product\/nike_air_max_95_qs__greedy_2_0__cj0589_001_3_5771.jpeg;https:\/\/images.novelship.com\/product\/nike_air_max_95_qs__greedy_2_0__cj0589_001_4_5771.jpeg;https:\/\/images.novelship.com\/product\/nike_air_max_95_qs__greedy_2_0__cj0589_001_5_5771.jpeg;https:\/\/images.novelship.com\/product\/nike_air_max_95_qs__greedy_2_0__cj0589_001_6_5771.jpeg;https:\/\/images.novelship.com\/product\/nike_air_max_95_qs__greedy_2_0__cj0589_001_7_5771.jpeg","datePublished":"2026-04-16T10:13:22+00:00","dateModified":"2026-04-17T16:01:38+00:00","breadcrumb":{"@id":"https:\/\/tourcruiser.com\/fr\/products\/nike-air-max-95-qs-greedy-20-cj0589-001\/#breadcrumb"},"inLanguage":"fr-FR","potentialAction":[{"@type":"ReadAction","target":["https:\/\/tourcruiser.com\/fr\/products\/nike-air-max-95-qs-greedy-20-cj0589-001\/"]}]},{"@type":"ImageObject","inLanguage":"fr-FR","@id":"https:\/\/tourcruiser.com\/fr\/products\/nike-air-max-95-qs-greedy-20-cj0589-001\/#primaryimage","url":"https:\/\/images.novelship.com\/product\/nike_air_max_95_qs__greedy_2_0__cj0589_001_0_5770.jpeg;https:\/\/images.novelship.com\/product\/nike_air_max_95_qs__greedy_2_0__cj0589_001_1_5770.jpeg;https:\/\/images.novelship.com\/product\/nike_air_max_95_qs__greedy_2_0__cj0589_001_2_5770.jpeg;https:\/\/images.novelship.com\/product\/nike_air_max_95_qs__greedy_2_0__cj0589_001_3_5771.jpeg;https:\/\/images.novelship.com\/product\/nike_air_max_95_qs__greedy_2_0__cj0589_001_4_5771.jpeg;https:\/\/images.novelship.com\/product\/nike_air_max_95_qs__greedy_2_0__cj0589_001_5_5771.jpeg;https:\/\/images.novelship.com\/product\/nike_air_max_95_qs__greedy_2_0__cj0589_001_6_5771.jpeg;https:\/\/images.novelship.com\/product\/nike_air_max_95_qs__greedy_2_0__cj0589_001_7_5771.jpeg","contentUrl":"https:\/\/images.novelship.com\/product\/nike_air_max_95_qs__greedy_2_0__cj0589_001_0_5770.jpeg;https:\/\/images.novelship.com\/product\/nike_air_max_95_qs__greedy_2_0__cj0589_001_1_5770.jpeg;https:\/\/images.novelship.com\/product\/nike_air_max_95_qs__greedy_2_0__cj0589_001_2_5770.jpeg;https:\/\/images.novelship.com\/product\/nike_air_max_95_qs__greedy_2_0__cj0589_001_3_5771.jpeg;https:\/\/images.novelship.com\/product\/nike_air_max_95_qs__greedy_2_0__cj0589_001_4_5771.jpeg;https:\/\/images.novelship.com\/product\/nike_air_max_95_qs__greedy_2_0__cj0589_001_5_5771.jpeg;https:\/\/images.novelship.com\/product\/nike_air_max_95_qs__greedy_2_0__cj0589_001_6_5771.jpeg;https:\/\/images.novelship.com\/product\/nike_air_max_95_qs__greedy_2_0__cj0589_001_7_5771.jpeg"},{"@type":"BreadcrumbList","@id":"https:\/\/tourcruiser.com\/fr\/products\/nike-air-max-95-qs-greedy-20-cj0589-001\/#breadcrumb","itemListElement":[{"@type":"ListItem","position":1,"name":"Home","item":"https:\/\/tourcruiser.com\/fr\/"},{"@type":"ListItem","position":2,"name":"Shop","item":"https:\/\/tourcruiser.com\/fr\/shop\/"},{"@type":"ListItem","position":3,"name":"Nike Air Max 95 QS &#8216;Greedy 2.0&#8217; CJ0589-001"}]},{"@type":"WebSite","@id":"https:\/\/tourcruiser.com\/fr\/#website","url":"https:\/\/tourcruiser.com\/fr\/","name":"Styloral Jewelry Shop","description":"Tourcruiser Sneaker Store \u2014 L\u2019endroit o\u00f9 l\u2019univers rencontre votre singularit\u00e9.","publisher":{"@id":"https:\/\/tourcruiser.com\/fr\/#organization"},"potentialAction":[{"@type":"SearchAction","target":{"@type":"EntryPoint","urlTemplate":"https:\/\/tourcruiser.com\/fr\/?s={search_term_string}"},"query-input":{"@type":"PropertyValueSpecification","valueRequired":true,"valueName":"search_term_string"}}],"inLanguage":"fr-FR"},{"@type":"Organization","@id":"https:\/\/tourcruiser.com\/fr\/#organization","name":"STYLORAL PTE. LTD","url":"https:\/\/tourcruiser.com\/fr\/","logo":{"@type":"ImageObject","inLanguage":"fr-FR","@id":"https:\/\/tourcruiser.com\/fr\/#\/schema\/logo\/image\/","url":"https:\/\/www.tourcruiser.com\/wp-content\/uploads\/2025\/12\/logo.png","contentUrl":"https:\/\/www.tourcruiser.com\/wp-content\/uploads\/2025\/12\/logo.png","width":200,"height":65,"caption":"STYLORAL PTE. LTD"},"image":{"@id":"https:\/\/tourcruiser.com\/fr\/#\/schema\/logo\/image\/"}}]}},"_links":{"self":[{"href":"https:\/\/tourcruiser.com\/fr\/wp-json\/wp\/v2\/product\/768831","targetHints":{"allow":["GET"]}}],"collection":[{"href":"https:\/\/tourcruiser.com\/fr\/wp-json\/wp\/v2\/product"}],"about":[{"href":"https:\/\/tourcruiser.com\/fr\/wp-json\/wp\/v2\/types\/product"}],"replies":[{"embeddable":true,"href":"https:\/\/tourcruiser.com\/fr\/wp-json\/wp\/v2\/comments?post=768831"}],"wp:featuredmedia":[{"embeddable":true,"href":"https:\/\/tourcruiser.com\/fr\/wp-json\/wp\/v2\/media\/768832"}],"wp:attachment":[{"href":"https:\/\/tourcruiser.com\/fr\/wp-json\/wp\/v2\/media?parent=768831"}],"wp:term":[{"taxonomy":"product_brand","embeddable":true,"href":"https:\/\/tourcruiser.com\/fr\/wp-json\/wp\/v2\/product_brand?post=768831"},{"taxonomy":"product_cat","embeddable":true,"href":"https:\/\/tourcruiser.com\/fr\/wp-json\/wp\/v2\/product_cat?post=768831"},{"taxonomy":"product_tag","embeddable":true,"href":"https:\/\/tourcruiser.com\/fr\/wp-json\/wp\/v2\/product_tag?post=768831"}],"curies":[{"name":"wp","href":"https:\/\/api.w.org\/{rel}","templated":true}]}}