{"id":768669,"date":"2026-04-16T17:13:17","date_gmt":"2026-04-16T10:13:17","guid":{"rendered":"http:\/\/tourcruiser.com\/product\/grade-school-air-jordan-air-8-retro-2023-playoff-305368-062"},"modified":"2026-04-17T22:06:28","modified_gmt":"2026-04-17T15:06:28","slug":"grade-school-air-jordan-air-8-retro-2023-playoff-305368-062","status":"publish","type":"product","link":"https:\/\/tourcruiser.com\/fr\/products\/grade-school-air-jordan-air-8-retro-2023-playoff-305368-062\/","title":{"rendered":"(Grade School) Air Jordan Air 8 Retro 2023 &lsquo;Playoff&rsquo; 305368-062"},"content":{"rendered":"<p>Faites passer votre jeune athl\u00e8te au niveau sup\u00e9rieur avec les sneakers Air Jordan 8 Retro 2023 \u00ab Playoff \u00bb. Con\u00e7ues sp\u00e9cialement pour les \u00e9l\u00e8ves du primaire, ces sneakers arborent une silhouette embl\u00e9matique inspir\u00e9e de la l\u00e9gendaire Air Jordan 8. Avec leur empeigne confortable en cuir et textile, leur semelle ext\u00e9rieure en caoutchouc r\u00e9sistant et leurs coloris classiques, elles offrent un maintien et un style optimaux sur et en dehors du terrain. Le logo Jumpman iconique apporte une touche d&rsquo;inspiration \u00e0 chaque pas.<\/p>\n<p>Coloris : Noir\/Rouge\/Blanc<\/p>\n<p>R\u00e9f\u00e9rence : 305368-062<\/p>\n<p>Empeigne : Cuir nubuck<\/p>\n<p>Semelle interm\u00e9diaire : Air<\/p>\n<p>Couleur : Noir<\/p>\n<p>Cr\u00e9ateur : Tinker Hatfield<\/p>\n<p>Saison : Automne<\/p>\n<p>Ann\u00e9e de sortie : 2023<\/p>\n<p>\u00c2ge : Adulte<br \/>\nCouleur : Gris\/Blanc\/Noir<br \/>\nGenre : Enfant<\/p>\n","protected":false},"excerpt":{"rendered":"<p>Faites passer votre jeune athl\u00e8te au niveau sup\u00e9rieur avec les sneakers Air Jordan 8 Retro 2023 \u00ab Playoff \u00bb. Con\u00e7ues sp\u00e9cialement pour les \u00e9l\u00e8ves du primaire, ces sneakers arborent une silhouette embl\u00e9matique inspir\u00e9e de la l\u00e9gendaire Air Jordan 8. Avec leur empeigne confortable en cuir et textile, leur semelle ext\u00e9rieure en caoutchouc r\u00e9sistant et leurs [&hellip;]<\/p>\n","protected":false},"featured_media":768670,"comment_status":"open","ping_status":"closed","template":"","meta":[],"product_brand":[],"product_cat":[38880],"product_tag":[38861,38962,38918,10776,10777],"class_list":{"0":"post-768669","1":"product","2":"type-product","3":"status-publish","4":"has-post-thumbnail","6":"product_cat-jordan","7":"product_tag-below-retail-price","8":"product_tag-children-s-casual-shoes","9":"product_tag-children-s-sneakers","10":"product_tag-jordan","11":"product_tag-lifestyle-shoes-basketball-inspired","13":"first","14":"instock","15":"taxable","16":"shipping-taxable","17":"purchasable","18":"product-type-simple"},"wcpa_form_fields":null,"yoast_head":"<!-- This site is optimized with the Yoast SEO plugin v26.5 - https:\/\/yoast.com\/wordpress\/plugins\/seo\/ -->\n<title>(Grade School) Air Jordan Air 8 Retro 2023 &#039;Playoff&#039; 305368-062 - TOURCRUISER PTE. LTD<\/title>\n<meta name=\"robots\" content=\"index, follow, max-snippet:-1, max-image-preview:large, max-video-preview:-1\" \/>\n<link rel=\"canonical\" href=\"https:\/\/tourcruiser.com\/fr\/products\/grade-school-air-jordan-air-8-retro-2023-playoff-305368-062\/\" \/>\n<meta property=\"og:locale\" content=\"fr_FR\" \/>\n<meta property=\"og:type\" content=\"article\" \/>\n<meta property=\"og:title\" content=\"(Grade School) Air Jordan Air 8 Retro 2023 &#039;Playoff&#039; 305368-062 - TOURCRUISER PTE. LTD\" \/>\n<meta property=\"og:description\" content=\"Faites passer votre jeune athl\u00e8te au niveau sup\u00e9rieur avec les sneakers Air Jordan 8 Retro 2023 \u00ab Playoff \u00bb. Con\u00e7ues sp\u00e9cialement pour les \u00e9l\u00e8ves du primaire, ces sneakers arborent une silhouette embl\u00e9matique inspir\u00e9e de la l\u00e9gendaire Air Jordan 8. Avec leur empeigne confortable en cuir et textile, leur semelle ext\u00e9rieure en caoutchouc r\u00e9sistant et leurs [&hellip;]\" \/>\n<meta property=\"og:url\" content=\"https:\/\/tourcruiser.com\/fr\/products\/grade-school-air-jordan-air-8-retro-2023-playoff-305368-062\/\" \/>\n<meta property=\"og:site_name\" content=\"Tourcruiser Sneaker Store\" \/>\n<meta property=\"article:modified_time\" content=\"2026-04-17T15:06:28+00:00\" \/>\n<meta name=\"twitter:card\" content=\"summary_large_image\" \/>\n<meta name=\"twitter:image\" content=\"https:\/\/images.novelship.com\/product\/_grade_school__air_jordan_air_8_retro_2023__playof_0_91843.jpeg;https:\/\/images.novelship.com\/product\/_grade_school__air_jordan_air_8_retro_2023__playof_1_91843.jpeg;https:\/\/images.novelship.com\/product\/_grade_school__air_jordan_air_8_retro_2023__playof_2_91843.jpeg;https:\/\/images.novelship.com\/product\/_grade_school__air_jordan_air_8_retro_2023__playof_3_91843.jpeg;https:\/\/images.novelship.com\/product\/_grade_school__air_jordan_air_8_retro_2023__playof_4_91843.jpeg;https:\/\/images.novelship.com\/product\/_grade_school__air_jordan_air_8_retro_2023__playof_5_91843.jpeg;https:\/\/images.novelship.com\/product\/_grade_school__air_jordan_air_8_retro_2023__playof_6_91843.jpeg;https:\/\/images.novelship.com\/product\/_grade_school__air_jordan_air_8_retro_2023__playof_7_91843.jpeg\" \/>\n<meta name=\"twitter:label1\" content=\"Dur\u00e9e de lecture estim\u00e9e\" \/>\n\t<meta name=\"twitter:data1\" content=\"1 minute\" \/>\n<script type=\"application\/ld+json\" class=\"yoast-schema-graph\">{\"@context\":\"https:\/\/schema.org\",\"@graph\":[{\"@type\":\"WebPage\",\"@id\":\"https:\/\/tourcruiser.com\/fr\/products\/grade-school-air-jordan-air-8-retro-2023-playoff-305368-062\/\",\"url\":\"https:\/\/tourcruiser.com\/fr\/products\/grade-school-air-jordan-air-8-retro-2023-playoff-305368-062\/\",\"name\":\"(Grade School) Air Jordan Air 8 Retro 2023 'Playoff' 305368-062 - TOURCRUISER PTE. LTD\",\"isPartOf\":{\"@id\":\"\/#website\"},\"primaryImageOfPage\":{\"@id\":\"https:\/\/tourcruiser.com\/fr\/products\/grade-school-air-jordan-air-8-retro-2023-playoff-305368-062\/#primaryimage\"},\"image\":{\"@id\":\"https:\/\/tourcruiser.com\/fr\/products\/grade-school-air-jordan-air-8-retro-2023-playoff-305368-062\/#primaryimage\"},\"thumbnailUrl\":\"https:\/\/images.novelship.com\/product\/_grade_school__air_jordan_air_8_retro_2023__playof_0_91843.jpeg;https:\/\/images.novelship.com\/product\/_grade_school__air_jordan_air_8_retro_2023__playof_1_91843.jpeg;https:\/\/images.novelship.com\/product\/_grade_school__air_jordan_air_8_retro_2023__playof_2_91843.jpeg;https:\/\/images.novelship.com\/product\/_grade_school__air_jordan_air_8_retro_2023__playof_3_91843.jpeg;https:\/\/images.novelship.com\/product\/_grade_school__air_jordan_air_8_retro_2023__playof_4_91843.jpeg;https:\/\/images.novelship.com\/product\/_grade_school__air_jordan_air_8_retro_2023__playof_5_91843.jpeg;https:\/\/images.novelship.com\/product\/_grade_school__air_jordan_air_8_retro_2023__playof_6_91843.jpeg;https:\/\/images.novelship.com\/product\/_grade_school__air_jordan_air_8_retro_2023__playof_7_91843.jpeg\",\"datePublished\":\"2026-04-16T10:13:17+00:00\",\"dateModified\":\"2026-04-17T15:06:28+00:00\",\"breadcrumb\":{\"@id\":\"https:\/\/tourcruiser.com\/fr\/products\/grade-school-air-jordan-air-8-retro-2023-playoff-305368-062\/#breadcrumb\"},\"inLanguage\":\"fr-FR\",\"potentialAction\":[{\"@type\":\"ReadAction\",\"target\":[\"https:\/\/tourcruiser.com\/fr\/products\/grade-school-air-jordan-air-8-retro-2023-playoff-305368-062\/\"]}]},{\"@type\":\"ImageObject\",\"inLanguage\":\"fr-FR\",\"@id\":\"https:\/\/tourcruiser.com\/fr\/products\/grade-school-air-jordan-air-8-retro-2023-playoff-305368-062\/#primaryimage\",\"url\":\"https:\/\/images.novelship.com\/product\/_grade_school__air_jordan_air_8_retro_2023__playof_0_91843.jpeg;https:\/\/images.novelship.com\/product\/_grade_school__air_jordan_air_8_retro_2023__playof_1_91843.jpeg;https:\/\/images.novelship.com\/product\/_grade_school__air_jordan_air_8_retro_2023__playof_2_91843.jpeg;https:\/\/images.novelship.com\/product\/_grade_school__air_jordan_air_8_retro_2023__playof_3_91843.jpeg;https:\/\/images.novelship.com\/product\/_grade_school__air_jordan_air_8_retro_2023__playof_4_91843.jpeg;https:\/\/images.novelship.com\/product\/_grade_school__air_jordan_air_8_retro_2023__playof_5_91843.jpeg;https:\/\/images.novelship.com\/product\/_grade_school__air_jordan_air_8_retro_2023__playof_6_91843.jpeg;https:\/\/images.novelship.com\/product\/_grade_school__air_jordan_air_8_retro_2023__playof_7_91843.jpeg\",\"contentUrl\":\"https:\/\/images.novelship.com\/product\/_grade_school__air_jordan_air_8_retro_2023__playof_0_91843.jpeg;https:\/\/images.novelship.com\/product\/_grade_school__air_jordan_air_8_retro_2023__playof_1_91843.jpeg;https:\/\/images.novelship.com\/product\/_grade_school__air_jordan_air_8_retro_2023__playof_2_91843.jpeg;https:\/\/images.novelship.com\/product\/_grade_school__air_jordan_air_8_retro_2023__playof_3_91843.jpeg;https:\/\/images.novelship.com\/product\/_grade_school__air_jordan_air_8_retro_2023__playof_4_91843.jpeg;https:\/\/images.novelship.com\/product\/_grade_school__air_jordan_air_8_retro_2023__playof_5_91843.jpeg;https:\/\/images.novelship.com\/product\/_grade_school__air_jordan_air_8_retro_2023__playof_6_91843.jpeg;https:\/\/images.novelship.com\/product\/_grade_school__air_jordan_air_8_retro_2023__playof_7_91843.jpeg\"},{\"@type\":\"BreadcrumbList\",\"@id\":\"https:\/\/tourcruiser.com\/fr\/products\/grade-school-air-jordan-air-8-retro-2023-playoff-305368-062\/#breadcrumb\",\"itemListElement\":[{\"@type\":\"ListItem\",\"position\":1,\"name\":\"Home\",\"item\":\"https:\/\/tourcruiser.com\/fr\/\"},{\"@type\":\"ListItem\",\"position\":2,\"name\":\"Shop\",\"item\":\"https:\/\/tourcruiser.com\/fr\/shop\/\"},{\"@type\":\"ListItem\",\"position\":3,\"name\":\"(Grade School) Air Jordan Air 8 Retro 2023 &#8216;Playoff&#8217; 305368-062\"}]},{\"@type\":\"WebSite\",\"@id\":\"\/#website\",\"url\":\"\/\",\"name\":\"Styloral Jewelry Shop\",\"description\":\"Tourcruiser Sneaker Store \u2014 L\u2019endroit o\u00f9 l\u2019univers rencontre votre singularit\u00e9.\",\"publisher\":{\"@id\":\"\/#organization\"},\"potentialAction\":[{\"@type\":\"SearchAction\",\"target\":{\"@type\":\"EntryPoint\",\"urlTemplate\":\"\/?s={search_term_string}\"},\"query-input\":{\"@type\":\"PropertyValueSpecification\",\"valueRequired\":true,\"valueName\":\"search_term_string\"}}],\"inLanguage\":\"fr-FR\"},{\"@type\":\"Organization\",\"@id\":\"\/#organization\",\"name\":\"STYLORAL PTE. LTD\",\"url\":\"\/\",\"logo\":{\"@type\":\"ImageObject\",\"inLanguage\":\"fr-FR\",\"@id\":\"\/#\/schema\/logo\/image\/\",\"url\":\"https:\/\/www.tourcruiser.com\/wp-content\/uploads\/2025\/12\/logo.png\",\"contentUrl\":\"https:\/\/www.tourcruiser.com\/wp-content\/uploads\/2025\/12\/logo.png\",\"width\":200,\"height\":65,\"caption\":\"STYLORAL PTE. LTD\"},\"image\":{\"@id\":\"\/#\/schema\/logo\/image\/\"}}]}<\/script>\n<!-- \/ Yoast SEO plugin. -->","yoast_head_json":{"title":"(Grade School) Air Jordan Air 8 Retro 2023 'Playoff' 305368-062 - TOURCRUISER PTE. LTD","robots":{"index":"index","follow":"follow","max-snippet":"max-snippet:-1","max-image-preview":"max-image-preview:large","max-video-preview":"max-video-preview:-1"},"canonical":"https:\/\/tourcruiser.com\/fr\/products\/grade-school-air-jordan-air-8-retro-2023-playoff-305368-062\/","og_locale":"fr_FR","og_type":"article","og_title":"(Grade School) Air Jordan Air 8 Retro 2023 'Playoff' 305368-062 - TOURCRUISER PTE. LTD","og_description":"Faites passer votre jeune athl\u00e8te au niveau sup\u00e9rieur avec les sneakers Air Jordan 8 Retro 2023 \u00ab Playoff \u00bb. Con\u00e7ues sp\u00e9cialement pour les \u00e9l\u00e8ves du primaire, ces sneakers arborent une silhouette embl\u00e9matique inspir\u00e9e de la l\u00e9gendaire Air Jordan 8. Avec leur empeigne confortable en cuir et textile, leur semelle ext\u00e9rieure en caoutchouc r\u00e9sistant et leurs [&hellip;]","og_url":"https:\/\/tourcruiser.com\/fr\/products\/grade-school-air-jordan-air-8-retro-2023-playoff-305368-062\/","og_site_name":"Tourcruiser Sneaker Store","article_modified_time":"2026-04-17T15:06:28+00:00","twitter_card":"summary_large_image","twitter_image":"https:\/\/images.novelship.com\/product\/_grade_school__air_jordan_air_8_retro_2023__playof_0_91843.jpeg;https:\/\/images.novelship.com\/product\/_grade_school__air_jordan_air_8_retro_2023__playof_1_91843.jpeg;https:\/\/images.novelship.com\/product\/_grade_school__air_jordan_air_8_retro_2023__playof_2_91843.jpeg;https:\/\/images.novelship.com\/product\/_grade_school__air_jordan_air_8_retro_2023__playof_3_91843.jpeg;https:\/\/images.novelship.com\/product\/_grade_school__air_jordan_air_8_retro_2023__playof_4_91843.jpeg;https:\/\/images.novelship.com\/product\/_grade_school__air_jordan_air_8_retro_2023__playof_5_91843.jpeg;https:\/\/images.novelship.com\/product\/_grade_school__air_jordan_air_8_retro_2023__playof_6_91843.jpeg;https:\/\/images.novelship.com\/product\/_grade_school__air_jordan_air_8_retro_2023__playof_7_91843.jpeg","twitter_misc":{"Dur\u00e9e de lecture estim\u00e9e":"1 minute"},"schema":{"@context":"https:\/\/schema.org","@graph":[{"@type":"WebPage","@id":"https:\/\/tourcruiser.com\/fr\/products\/grade-school-air-jordan-air-8-retro-2023-playoff-305368-062\/","url":"https:\/\/tourcruiser.com\/fr\/products\/grade-school-air-jordan-air-8-retro-2023-playoff-305368-062\/","name":"(Grade School) Air Jordan Air 8 Retro 2023 'Playoff' 305368-062 - TOURCRUISER PTE. LTD","isPartOf":{"@id":"\/#website"},"primaryImageOfPage":{"@id":"https:\/\/tourcruiser.com\/fr\/products\/grade-school-air-jordan-air-8-retro-2023-playoff-305368-062\/#primaryimage"},"image":{"@id":"https:\/\/tourcruiser.com\/fr\/products\/grade-school-air-jordan-air-8-retro-2023-playoff-305368-062\/#primaryimage"},"thumbnailUrl":"https:\/\/images.novelship.com\/product\/_grade_school__air_jordan_air_8_retro_2023__playof_0_91843.jpeg;https:\/\/images.novelship.com\/product\/_grade_school__air_jordan_air_8_retro_2023__playof_1_91843.jpeg;https:\/\/images.novelship.com\/product\/_grade_school__air_jordan_air_8_retro_2023__playof_2_91843.jpeg;https:\/\/images.novelship.com\/product\/_grade_school__air_jordan_air_8_retro_2023__playof_3_91843.jpeg;https:\/\/images.novelship.com\/product\/_grade_school__air_jordan_air_8_retro_2023__playof_4_91843.jpeg;https:\/\/images.novelship.com\/product\/_grade_school__air_jordan_air_8_retro_2023__playof_5_91843.jpeg;https:\/\/images.novelship.com\/product\/_grade_school__air_jordan_air_8_retro_2023__playof_6_91843.jpeg;https:\/\/images.novelship.com\/product\/_grade_school__air_jordan_air_8_retro_2023__playof_7_91843.jpeg","datePublished":"2026-04-16T10:13:17+00:00","dateModified":"2026-04-17T15:06:28+00:00","breadcrumb":{"@id":"https:\/\/tourcruiser.com\/fr\/products\/grade-school-air-jordan-air-8-retro-2023-playoff-305368-062\/#breadcrumb"},"inLanguage":"fr-FR","potentialAction":[{"@type":"ReadAction","target":["https:\/\/tourcruiser.com\/fr\/products\/grade-school-air-jordan-air-8-retro-2023-playoff-305368-062\/"]}]},{"@type":"ImageObject","inLanguage":"fr-FR","@id":"https:\/\/tourcruiser.com\/fr\/products\/grade-school-air-jordan-air-8-retro-2023-playoff-305368-062\/#primaryimage","url":"https:\/\/images.novelship.com\/product\/_grade_school__air_jordan_air_8_retro_2023__playof_0_91843.jpeg;https:\/\/images.novelship.com\/product\/_grade_school__air_jordan_air_8_retro_2023__playof_1_91843.jpeg;https:\/\/images.novelship.com\/product\/_grade_school__air_jordan_air_8_retro_2023__playof_2_91843.jpeg;https:\/\/images.novelship.com\/product\/_grade_school__air_jordan_air_8_retro_2023__playof_3_91843.jpeg;https:\/\/images.novelship.com\/product\/_grade_school__air_jordan_air_8_retro_2023__playof_4_91843.jpeg;https:\/\/images.novelship.com\/product\/_grade_school__air_jordan_air_8_retro_2023__playof_5_91843.jpeg;https:\/\/images.novelship.com\/product\/_grade_school__air_jordan_air_8_retro_2023__playof_6_91843.jpeg;https:\/\/images.novelship.com\/product\/_grade_school__air_jordan_air_8_retro_2023__playof_7_91843.jpeg","contentUrl":"https:\/\/images.novelship.com\/product\/_grade_school__air_jordan_air_8_retro_2023__playof_0_91843.jpeg;https:\/\/images.novelship.com\/product\/_grade_school__air_jordan_air_8_retro_2023__playof_1_91843.jpeg;https:\/\/images.novelship.com\/product\/_grade_school__air_jordan_air_8_retro_2023__playof_2_91843.jpeg;https:\/\/images.novelship.com\/product\/_grade_school__air_jordan_air_8_retro_2023__playof_3_91843.jpeg;https:\/\/images.novelship.com\/product\/_grade_school__air_jordan_air_8_retro_2023__playof_4_91843.jpeg;https:\/\/images.novelship.com\/product\/_grade_school__air_jordan_air_8_retro_2023__playof_5_91843.jpeg;https:\/\/images.novelship.com\/product\/_grade_school__air_jordan_air_8_retro_2023__playof_6_91843.jpeg;https:\/\/images.novelship.com\/product\/_grade_school__air_jordan_air_8_retro_2023__playof_7_91843.jpeg"},{"@type":"BreadcrumbList","@id":"https:\/\/tourcruiser.com\/fr\/products\/grade-school-air-jordan-air-8-retro-2023-playoff-305368-062\/#breadcrumb","itemListElement":[{"@type":"ListItem","position":1,"name":"Home","item":"https:\/\/tourcruiser.com\/fr\/"},{"@type":"ListItem","position":2,"name":"Shop","item":"https:\/\/tourcruiser.com\/fr\/shop\/"},{"@type":"ListItem","position":3,"name":"(Grade School) Air Jordan Air 8 Retro 2023 &#8216;Playoff&#8217; 305368-062"}]},{"@type":"WebSite","@id":"\/#website","url":"\/","name":"Styloral Jewelry Shop","description":"Tourcruiser Sneaker Store \u2014 L\u2019endroit o\u00f9 l\u2019univers rencontre votre singularit\u00e9.","publisher":{"@id":"\/#organization"},"potentialAction":[{"@type":"SearchAction","target":{"@type":"EntryPoint","urlTemplate":"\/?s={search_term_string}"},"query-input":{"@type":"PropertyValueSpecification","valueRequired":true,"valueName":"search_term_string"}}],"inLanguage":"fr-FR"},{"@type":"Organization","@id":"\/#organization","name":"STYLORAL PTE. LTD","url":"\/","logo":{"@type":"ImageObject","inLanguage":"fr-FR","@id":"\/#\/schema\/logo\/image\/","url":"https:\/\/www.tourcruiser.com\/wp-content\/uploads\/2025\/12\/logo.png","contentUrl":"https:\/\/www.tourcruiser.com\/wp-content\/uploads\/2025\/12\/logo.png","width":200,"height":65,"caption":"STYLORAL PTE. LTD"},"image":{"@id":"\/#\/schema\/logo\/image\/"}}]}},"_links":{"self":[{"href":"https:\/\/tourcruiser.com\/fr\/wp-json\/wp\/v2\/product\/768669","targetHints":{"allow":["GET"]}}],"collection":[{"href":"https:\/\/tourcruiser.com\/fr\/wp-json\/wp\/v2\/product"}],"about":[{"href":"https:\/\/tourcruiser.com\/fr\/wp-json\/wp\/v2\/types\/product"}],"replies":[{"embeddable":true,"href":"https:\/\/tourcruiser.com\/fr\/wp-json\/wp\/v2\/comments?post=768669"}],"wp:featuredmedia":[{"embeddable":true,"href":"https:\/\/tourcruiser.com\/fr\/wp-json\/wp\/v2\/media\/768670"}],"wp:attachment":[{"href":"https:\/\/tourcruiser.com\/fr\/wp-json\/wp\/v2\/media?parent=768669"}],"wp:term":[{"taxonomy":"product_brand","embeddable":true,"href":"https:\/\/tourcruiser.com\/fr\/wp-json\/wp\/v2\/product_brand?post=768669"},{"taxonomy":"product_cat","embeddable":true,"href":"https:\/\/tourcruiser.com\/fr\/wp-json\/wp\/v2\/product_cat?post=768669"},{"taxonomy":"product_tag","embeddable":true,"href":"https:\/\/tourcruiser.com\/fr\/wp-json\/wp\/v2\/product_tag?post=768669"}],"curies":[{"name":"wp","href":"https:\/\/api.w.org\/{rel}","templated":true}]}}