{"id":768535,"date":"2026-04-16T17:13:13","date_gmt":"2026-04-16T10:13:13","guid":{"rendered":"http:\/\/tourcruiser.com\/product\/air-jordan-5-retro-white-cement-136027-104"},"modified":"2026-04-17T23:01:18","modified_gmt":"2026-04-17T16:01:18","slug":"air-jordan-5-retro-white-cement-136027-104","status":"publish","type":"product","link":"https:\/\/tourcruiser.com\/fr\/products\/air-jordan-5-retro-white-cement-136027-104\/","title":{"rendered":"Air Jordan 5 Retro &lsquo;White Cement&rsquo; 136027-104"},"content":{"rendered":"<p>D\u00e9couvrez la Air Jordan 5 Retro White Cement, une sneaker tr\u00e8s recherch\u00e9e de la l\u00e9gendaire marque Jordan. Avec son design \u00e9pur\u00e9 et son blanc \u00e9clatant, cette chaussure est un incontournable pour les fans de sneakers. Affirmez votre style avec le surnom \u00ab\u00a0White Cement\u00a0\u00bb et faites sensation o\u00f9 que vous alliez.<\/p>\n<p>Coloris\u00a0: Blanc\/Rouge universitaire\/Noir\/Argent m\u00e9tallis\u00e9<\/p>\n<p>Code article\u00a0: 136027-104<\/p>\n<p>Tige\u00a0: Cuir<br \/>\nSemelle interm\u00e9diaire\u00a0: Air<\/p>\n<p>Couleur\u00a0: Blanc<\/p>\n<p>Designer\u00a0: Tinker Hatfield<\/p>\n<p>Saison\u00a0: \u00c9t\u00e9<\/p>\n<p>Ann\u00e9e de sortie\u00a0: 2017<\/p>\n<p>\u00c2ge\u00a0: Adulte<\/p>\n<p>Couleur\u00a0: Blanc\/Rouge universitaire\/Gris neutre<\/p>\n<p>Genre\u00a0: Homme<\/p>\n","protected":false},"excerpt":{"rendered":"<p>D\u00e9couvrez la Air Jordan 5 Retro White Cement, une sneaker tr\u00e8s recherch\u00e9e de la l\u00e9gendaire marque Jordan. Avec son design \u00e9pur\u00e9 et son blanc \u00e9clatant, cette chaussure est un incontournable pour les fans de sneakers. Affirmez votre style avec le surnom \u00ab\u00a0White Cement\u00a0\u00bb et faites sensation o\u00f9 que vous alliez. Coloris\u00a0: Blanc\/Rouge universitaire\/Noir\/Argent m\u00e9tallis\u00e9 Code [&hellip;]<\/p>\n","protected":false},"featured_media":768536,"comment_status":"open","ping_status":"closed","template":"","meta":[],"product_brand":[],"product_cat":[38880],"product_tag":[10750,10800,38841,38842,10776,11349,38875,38886,10756],"class_list":{"0":"post-768535","1":"product","2":"type-product","3":"status-publish","4":"has-post-thumbnail","6":"product_cat-jordan","7":"product_tag-athleisure-shoes","8":"product_tag-basketball-shoes","9":"product_tag-casual-shoes","10":"product_tag-gift-idea-for-him","11":"product_tag-jordan","12":"product_tag-jordan-basketball-shoes","13":"product_tag-jordan-skateboard-shoes","14":"product_tag-lifestyle-shoes-inspired-by-basketball","15":"product_tag-retro-casual-shoes","17":"first","18":"instock","19":"taxable","20":"shipping-taxable","21":"purchasable","22":"product-type-simple"},"wcpa_form_fields":null,"yoast_head":"<!-- This site is optimized with the Yoast SEO plugin v26.5 - https:\/\/yoast.com\/wordpress\/plugins\/seo\/ -->\n<title>Air Jordan 5 Retro &#039;White Cement&#039; 136027-104 - TOURCRUISER PTE. LTD<\/title>\n<meta name=\"robots\" content=\"index, follow, max-snippet:-1, max-image-preview:large, max-video-preview:-1\" \/>\n<link rel=\"canonical\" href=\"https:\/\/tourcruiser.com\/fr\/products\/air-jordan-5-retro-white-cement-136027-104\/\" \/>\n<meta property=\"og:locale\" content=\"fr_FR\" \/>\n<meta property=\"og:type\" content=\"article\" \/>\n<meta property=\"og:title\" content=\"Air Jordan 5 Retro &#039;White Cement&#039; 136027-104 - TOURCRUISER PTE. LTD\" \/>\n<meta property=\"og:description\" content=\"D\u00e9couvrez la Air Jordan 5 Retro White Cement, une sneaker tr\u00e8s recherch\u00e9e de la l\u00e9gendaire marque Jordan. Avec son design \u00e9pur\u00e9 et son blanc \u00e9clatant, cette chaussure est un incontournable pour les fans de sneakers. Affirmez votre style avec le surnom \u00ab\u00a0White Cement\u00a0\u00bb et faites sensation o\u00f9 que vous alliez. Coloris\u00a0: Blanc\/Rouge universitaire\/Noir\/Argent m\u00e9tallis\u00e9 Code [&hellip;]\" \/>\n<meta property=\"og:url\" content=\"https:\/\/tourcruiser.com\/fr\/products\/air-jordan-5-retro-white-cement-136027-104\/\" \/>\n<meta property=\"og:site_name\" content=\"Tourcruiser Sneaker Store\" \/>\n<meta property=\"article:modified_time\" content=\"2026-04-17T16:01:18+00:00\" \/>\n<meta name=\"twitter:card\" content=\"summary_large_image\" \/>\n<meta name=\"twitter:image\" content=\"https:\/\/images.novelship.com\/product\/air_jordan_5_retro__white_cement__136027_104_0_44363.jpeg;https:\/\/images.novelship.com\/product\/air_jordan_5_retro__white_cement__136027_104_1_44363.jpeg;https:\/\/images.novelship.com\/product\/air_jordan_5_retro__white_cement__136027_104_2_44363.jpeg;https:\/\/images.novelship.com\/product\/air_jordan_5_retro__white_cement__136027_104_3_44363.jpeg;https:\/\/images.novelship.com\/product\/air_jordan_5_retro__white_cement__136027_104_4_44363.jpeg;https:\/\/images.novelship.com\/product\/air_jordan_5_retro__white_cement__136027_104_5_44363.jpeg;https:\/\/images.novelship.com\/product\/air_jordan_5_retro__white_cement__136027_104_6_44363.jpeg;https:\/\/images.novelship.com\/product\/air_jordan_5_retro__white_cement__136027_104_7_44363.jpeg\" \/>\n<script type=\"application\/ld+json\" class=\"yoast-schema-graph\">{\"@context\":\"https:\/\/schema.org\",\"@graph\":[{\"@type\":\"WebPage\",\"@id\":\"https:\/\/tourcruiser.com\/fr\/products\/air-jordan-5-retro-white-cement-136027-104\/\",\"url\":\"https:\/\/tourcruiser.com\/fr\/products\/air-jordan-5-retro-white-cement-136027-104\/\",\"name\":\"Air Jordan 5 Retro 'White Cement' 136027-104 - TOURCRUISER PTE. LTD\",\"isPartOf\":{\"@id\":\"\/#website\"},\"primaryImageOfPage\":{\"@id\":\"https:\/\/tourcruiser.com\/fr\/products\/air-jordan-5-retro-white-cement-136027-104\/#primaryimage\"},\"image\":{\"@id\":\"https:\/\/tourcruiser.com\/fr\/products\/air-jordan-5-retro-white-cement-136027-104\/#primaryimage\"},\"thumbnailUrl\":\"https:\/\/images.novelship.com\/product\/air_jordan_5_retro__white_cement__136027_104_0_44363.jpeg;https:\/\/images.novelship.com\/product\/air_jordan_5_retro__white_cement__136027_104_1_44363.jpeg;https:\/\/images.novelship.com\/product\/air_jordan_5_retro__white_cement__136027_104_2_44363.jpeg;https:\/\/images.novelship.com\/product\/air_jordan_5_retro__white_cement__136027_104_3_44363.jpeg;https:\/\/images.novelship.com\/product\/air_jordan_5_retro__white_cement__136027_104_4_44363.jpeg;https:\/\/images.novelship.com\/product\/air_jordan_5_retro__white_cement__136027_104_5_44363.jpeg;https:\/\/images.novelship.com\/product\/air_jordan_5_retro__white_cement__136027_104_6_44363.jpeg;https:\/\/images.novelship.com\/product\/air_jordan_5_retro__white_cement__136027_104_7_44363.jpeg\",\"datePublished\":\"2026-04-16T10:13:13+00:00\",\"dateModified\":\"2026-04-17T16:01:18+00:00\",\"breadcrumb\":{\"@id\":\"https:\/\/tourcruiser.com\/fr\/products\/air-jordan-5-retro-white-cement-136027-104\/#breadcrumb\"},\"inLanguage\":\"fr-FR\",\"potentialAction\":[{\"@type\":\"ReadAction\",\"target\":[\"https:\/\/tourcruiser.com\/fr\/products\/air-jordan-5-retro-white-cement-136027-104\/\"]}]},{\"@type\":\"ImageObject\",\"inLanguage\":\"fr-FR\",\"@id\":\"https:\/\/tourcruiser.com\/fr\/products\/air-jordan-5-retro-white-cement-136027-104\/#primaryimage\",\"url\":\"https:\/\/images.novelship.com\/product\/air_jordan_5_retro__white_cement__136027_104_0_44363.jpeg;https:\/\/images.novelship.com\/product\/air_jordan_5_retro__white_cement__136027_104_1_44363.jpeg;https:\/\/images.novelship.com\/product\/air_jordan_5_retro__white_cement__136027_104_2_44363.jpeg;https:\/\/images.novelship.com\/product\/air_jordan_5_retro__white_cement__136027_104_3_44363.jpeg;https:\/\/images.novelship.com\/product\/air_jordan_5_retro__white_cement__136027_104_4_44363.jpeg;https:\/\/images.novelship.com\/product\/air_jordan_5_retro__white_cement__136027_104_5_44363.jpeg;https:\/\/images.novelship.com\/product\/air_jordan_5_retro__white_cement__136027_104_6_44363.jpeg;https:\/\/images.novelship.com\/product\/air_jordan_5_retro__white_cement__136027_104_7_44363.jpeg\",\"contentUrl\":\"https:\/\/images.novelship.com\/product\/air_jordan_5_retro__white_cement__136027_104_0_44363.jpeg;https:\/\/images.novelship.com\/product\/air_jordan_5_retro__white_cement__136027_104_1_44363.jpeg;https:\/\/images.novelship.com\/product\/air_jordan_5_retro__white_cement__136027_104_2_44363.jpeg;https:\/\/images.novelship.com\/product\/air_jordan_5_retro__white_cement__136027_104_3_44363.jpeg;https:\/\/images.novelship.com\/product\/air_jordan_5_retro__white_cement__136027_104_4_44363.jpeg;https:\/\/images.novelship.com\/product\/air_jordan_5_retro__white_cement__136027_104_5_44363.jpeg;https:\/\/images.novelship.com\/product\/air_jordan_5_retro__white_cement__136027_104_6_44363.jpeg;https:\/\/images.novelship.com\/product\/air_jordan_5_retro__white_cement__136027_104_7_44363.jpeg\"},{\"@type\":\"BreadcrumbList\",\"@id\":\"https:\/\/tourcruiser.com\/fr\/products\/air-jordan-5-retro-white-cement-136027-104\/#breadcrumb\",\"itemListElement\":[{\"@type\":\"ListItem\",\"position\":1,\"name\":\"Home\",\"item\":\"https:\/\/tourcruiser.com\/fr\/\"},{\"@type\":\"ListItem\",\"position\":2,\"name\":\"Shop\",\"item\":\"https:\/\/tourcruiser.com\/fr\/shop\/\"},{\"@type\":\"ListItem\",\"position\":3,\"name\":\"Air Jordan 5 Retro &#8216;White Cement&#8217; 136027-104\"}]},{\"@type\":\"WebSite\",\"@id\":\"\/#website\",\"url\":\"\/\",\"name\":\"Styloral Jewelry Shop\",\"description\":\"Tourcruiser Sneaker Store \u2014 L\u2019endroit o\u00f9 l\u2019univers rencontre votre singularit\u00e9.\",\"publisher\":{\"@id\":\"\/#organization\"},\"potentialAction\":[{\"@type\":\"SearchAction\",\"target\":{\"@type\":\"EntryPoint\",\"urlTemplate\":\"\/?s={search_term_string}\"},\"query-input\":{\"@type\":\"PropertyValueSpecification\",\"valueRequired\":true,\"valueName\":\"search_term_string\"}}],\"inLanguage\":\"fr-FR\"},{\"@type\":\"Organization\",\"@id\":\"\/#organization\",\"name\":\"STYLORAL PTE. LTD\",\"url\":\"\/\",\"logo\":{\"@type\":\"ImageObject\",\"inLanguage\":\"fr-FR\",\"@id\":\"\/#\/schema\/logo\/image\/\",\"url\":\"https:\/\/www.tourcruiser.com\/wp-content\/uploads\/2025\/12\/logo.png\",\"contentUrl\":\"https:\/\/www.tourcruiser.com\/wp-content\/uploads\/2025\/12\/logo.png\",\"width\":200,\"height\":65,\"caption\":\"STYLORAL PTE. LTD\"},\"image\":{\"@id\":\"\/#\/schema\/logo\/image\/\"}}]}<\/script>\n<!-- \/ Yoast SEO plugin. -->","yoast_head_json":{"title":"Air Jordan 5 Retro 'White Cement' 136027-104 - TOURCRUISER PTE. LTD","robots":{"index":"index","follow":"follow","max-snippet":"max-snippet:-1","max-image-preview":"max-image-preview:large","max-video-preview":"max-video-preview:-1"},"canonical":"https:\/\/tourcruiser.com\/fr\/products\/air-jordan-5-retro-white-cement-136027-104\/","og_locale":"fr_FR","og_type":"article","og_title":"Air Jordan 5 Retro 'White Cement' 136027-104 - TOURCRUISER PTE. LTD","og_description":"D\u00e9couvrez la Air Jordan 5 Retro White Cement, une sneaker tr\u00e8s recherch\u00e9e de la l\u00e9gendaire marque Jordan. Avec son design \u00e9pur\u00e9 et son blanc \u00e9clatant, cette chaussure est un incontournable pour les fans de sneakers. Affirmez votre style avec le surnom \u00ab\u00a0White Cement\u00a0\u00bb et faites sensation o\u00f9 que vous alliez. Coloris\u00a0: Blanc\/Rouge universitaire\/Noir\/Argent m\u00e9tallis\u00e9 Code [&hellip;]","og_url":"https:\/\/tourcruiser.com\/fr\/products\/air-jordan-5-retro-white-cement-136027-104\/","og_site_name":"Tourcruiser Sneaker Store","article_modified_time":"2026-04-17T16:01:18+00:00","twitter_card":"summary_large_image","twitter_image":"https:\/\/images.novelship.com\/product\/air_jordan_5_retro__white_cement__136027_104_0_44363.jpeg;https:\/\/images.novelship.com\/product\/air_jordan_5_retro__white_cement__136027_104_1_44363.jpeg;https:\/\/images.novelship.com\/product\/air_jordan_5_retro__white_cement__136027_104_2_44363.jpeg;https:\/\/images.novelship.com\/product\/air_jordan_5_retro__white_cement__136027_104_3_44363.jpeg;https:\/\/images.novelship.com\/product\/air_jordan_5_retro__white_cement__136027_104_4_44363.jpeg;https:\/\/images.novelship.com\/product\/air_jordan_5_retro__white_cement__136027_104_5_44363.jpeg;https:\/\/images.novelship.com\/product\/air_jordan_5_retro__white_cement__136027_104_6_44363.jpeg;https:\/\/images.novelship.com\/product\/air_jordan_5_retro__white_cement__136027_104_7_44363.jpeg","schema":{"@context":"https:\/\/schema.org","@graph":[{"@type":"WebPage","@id":"https:\/\/tourcruiser.com\/fr\/products\/air-jordan-5-retro-white-cement-136027-104\/","url":"https:\/\/tourcruiser.com\/fr\/products\/air-jordan-5-retro-white-cement-136027-104\/","name":"Air Jordan 5 Retro 'White Cement' 136027-104 - TOURCRUISER PTE. LTD","isPartOf":{"@id":"\/#website"},"primaryImageOfPage":{"@id":"https:\/\/tourcruiser.com\/fr\/products\/air-jordan-5-retro-white-cement-136027-104\/#primaryimage"},"image":{"@id":"https:\/\/tourcruiser.com\/fr\/products\/air-jordan-5-retro-white-cement-136027-104\/#primaryimage"},"thumbnailUrl":"https:\/\/images.novelship.com\/product\/air_jordan_5_retro__white_cement__136027_104_0_44363.jpeg;https:\/\/images.novelship.com\/product\/air_jordan_5_retro__white_cement__136027_104_1_44363.jpeg;https:\/\/images.novelship.com\/product\/air_jordan_5_retro__white_cement__136027_104_2_44363.jpeg;https:\/\/images.novelship.com\/product\/air_jordan_5_retro__white_cement__136027_104_3_44363.jpeg;https:\/\/images.novelship.com\/product\/air_jordan_5_retro__white_cement__136027_104_4_44363.jpeg;https:\/\/images.novelship.com\/product\/air_jordan_5_retro__white_cement__136027_104_5_44363.jpeg;https:\/\/images.novelship.com\/product\/air_jordan_5_retro__white_cement__136027_104_6_44363.jpeg;https:\/\/images.novelship.com\/product\/air_jordan_5_retro__white_cement__136027_104_7_44363.jpeg","datePublished":"2026-04-16T10:13:13+00:00","dateModified":"2026-04-17T16:01:18+00:00","breadcrumb":{"@id":"https:\/\/tourcruiser.com\/fr\/products\/air-jordan-5-retro-white-cement-136027-104\/#breadcrumb"},"inLanguage":"fr-FR","potentialAction":[{"@type":"ReadAction","target":["https:\/\/tourcruiser.com\/fr\/products\/air-jordan-5-retro-white-cement-136027-104\/"]}]},{"@type":"ImageObject","inLanguage":"fr-FR","@id":"https:\/\/tourcruiser.com\/fr\/products\/air-jordan-5-retro-white-cement-136027-104\/#primaryimage","url":"https:\/\/images.novelship.com\/product\/air_jordan_5_retro__white_cement__136027_104_0_44363.jpeg;https:\/\/images.novelship.com\/product\/air_jordan_5_retro__white_cement__136027_104_1_44363.jpeg;https:\/\/images.novelship.com\/product\/air_jordan_5_retro__white_cement__136027_104_2_44363.jpeg;https:\/\/images.novelship.com\/product\/air_jordan_5_retro__white_cement__136027_104_3_44363.jpeg;https:\/\/images.novelship.com\/product\/air_jordan_5_retro__white_cement__136027_104_4_44363.jpeg;https:\/\/images.novelship.com\/product\/air_jordan_5_retro__white_cement__136027_104_5_44363.jpeg;https:\/\/images.novelship.com\/product\/air_jordan_5_retro__white_cement__136027_104_6_44363.jpeg;https:\/\/images.novelship.com\/product\/air_jordan_5_retro__white_cement__136027_104_7_44363.jpeg","contentUrl":"https:\/\/images.novelship.com\/product\/air_jordan_5_retro__white_cement__136027_104_0_44363.jpeg;https:\/\/images.novelship.com\/product\/air_jordan_5_retro__white_cement__136027_104_1_44363.jpeg;https:\/\/images.novelship.com\/product\/air_jordan_5_retro__white_cement__136027_104_2_44363.jpeg;https:\/\/images.novelship.com\/product\/air_jordan_5_retro__white_cement__136027_104_3_44363.jpeg;https:\/\/images.novelship.com\/product\/air_jordan_5_retro__white_cement__136027_104_4_44363.jpeg;https:\/\/images.novelship.com\/product\/air_jordan_5_retro__white_cement__136027_104_5_44363.jpeg;https:\/\/images.novelship.com\/product\/air_jordan_5_retro__white_cement__136027_104_6_44363.jpeg;https:\/\/images.novelship.com\/product\/air_jordan_5_retro__white_cement__136027_104_7_44363.jpeg"},{"@type":"BreadcrumbList","@id":"https:\/\/tourcruiser.com\/fr\/products\/air-jordan-5-retro-white-cement-136027-104\/#breadcrumb","itemListElement":[{"@type":"ListItem","position":1,"name":"Home","item":"https:\/\/tourcruiser.com\/fr\/"},{"@type":"ListItem","position":2,"name":"Shop","item":"https:\/\/tourcruiser.com\/fr\/shop\/"},{"@type":"ListItem","position":3,"name":"Air Jordan 5 Retro &#8216;White Cement&#8217; 136027-104"}]},{"@type":"WebSite","@id":"\/#website","url":"\/","name":"Styloral Jewelry Shop","description":"Tourcruiser Sneaker Store \u2014 L\u2019endroit o\u00f9 l\u2019univers rencontre votre singularit\u00e9.","publisher":{"@id":"\/#organization"},"potentialAction":[{"@type":"SearchAction","target":{"@type":"EntryPoint","urlTemplate":"\/?s={search_term_string}"},"query-input":{"@type":"PropertyValueSpecification","valueRequired":true,"valueName":"search_term_string"}}],"inLanguage":"fr-FR"},{"@type":"Organization","@id":"\/#organization","name":"STYLORAL PTE. LTD","url":"\/","logo":{"@type":"ImageObject","inLanguage":"fr-FR","@id":"\/#\/schema\/logo\/image\/","url":"https:\/\/www.tourcruiser.com\/wp-content\/uploads\/2025\/12\/logo.png","contentUrl":"https:\/\/www.tourcruiser.com\/wp-content\/uploads\/2025\/12\/logo.png","width":200,"height":65,"caption":"STYLORAL PTE. LTD"},"image":{"@id":"\/#\/schema\/logo\/image\/"}}]}},"_links":{"self":[{"href":"https:\/\/tourcruiser.com\/fr\/wp-json\/wp\/v2\/product\/768535","targetHints":{"allow":["GET"]}}],"collection":[{"href":"https:\/\/tourcruiser.com\/fr\/wp-json\/wp\/v2\/product"}],"about":[{"href":"https:\/\/tourcruiser.com\/fr\/wp-json\/wp\/v2\/types\/product"}],"replies":[{"embeddable":true,"href":"https:\/\/tourcruiser.com\/fr\/wp-json\/wp\/v2\/comments?post=768535"}],"wp:featuredmedia":[{"embeddable":true,"href":"https:\/\/tourcruiser.com\/fr\/wp-json\/wp\/v2\/media\/768536"}],"wp:attachment":[{"href":"https:\/\/tourcruiser.com\/fr\/wp-json\/wp\/v2\/media?parent=768535"}],"wp:term":[{"taxonomy":"product_brand","embeddable":true,"href":"https:\/\/tourcruiser.com\/fr\/wp-json\/wp\/v2\/product_brand?post=768535"},{"taxonomy":"product_cat","embeddable":true,"href":"https:\/\/tourcruiser.com\/fr\/wp-json\/wp\/v2\/product_cat?post=768535"},{"taxonomy":"product_tag","embeddable":true,"href":"https:\/\/tourcruiser.com\/fr\/wp-json\/wp\/v2\/product_tag?post=768535"}],"curies":[{"name":"wp","href":"https:\/\/api.w.org\/{rel}","templated":true}]}}