{"id":768526,"date":"2026-04-16T17:13:12","date_gmt":"2026-04-16T10:13:12","guid":{"rendered":"http:\/\/tourcruiser.com\/product\/preschool-travis-scott-x-air-jordan-1-low-og-reverse-mocha-do5442-162"},"modified":"2026-04-17T23:01:17","modified_gmt":"2026-04-17T16:01:17","slug":"preschool-travis-scott-x-air-jordan-1-low-og-reverse-mocha-do5442-162","status":"publish","type":"product","link":"https:\/\/tourcruiser.com\/fr\/products\/preschool-travis-scott-x-air-jordan-1-low-og-reverse-mocha-do5442-162\/","title":{"rendered":"(Preschool) Travis Scott x Air Jordan 1 Low OG &lsquo;Reverse Mocha&rsquo; DO5442-162"},"content":{"rendered":"<p>Les sneakers Travis Scott x Air Jordan 1 Low OG Reverse Mocha (PS) de Jordan sont un incontournable pour tous les fans de sneakers. Avec leur design styl\u00e9 et leurs mat\u00e9riaux de haute qualit\u00e9, elles compl\u00e8tent \u00e0 merveille les looks casual et sportifs. La collaboration entre Travis Scott et Jordan a donn\u00e9 naissance \u00e0 un mod\u00e8le unique et tr\u00e8s recherch\u00e9 qui ne passera pas inaper\u00e7u. Ne manquez pas ces sneakers en \u00e9dition limit\u00e9e qui allient style et confort \u00e0 la perfection.<\/p>\n<p>Coloris : Voile\/Rouge Universit\u00e9\/Ridgerock<br \/>\nR\u00e9f\u00e9rence : DO5442-162<br \/>\nMati\u00e8re ext\u00e9rieure : Cuir<br \/>\nCouleur : Marron<br \/>\nDesigner : Peter Moore<br \/>\nSaison : \u00c9t\u00e9<br \/>\nAnn\u00e9e de sortie : 2022<\/p>\n<p>\u00c2ge : Adulte<br \/>\nCouleur : Blanc\/Rouge Universit\u00e9\/Noir\/Argent M\u00e9tallis\u00e9<br \/>\nGenre : PS<\/p>\n","protected":false},"excerpt":{"rendered":"<p>Les sneakers Travis Scott x Air Jordan 1 Low OG Reverse Mocha (PS) de Jordan sont un incontournable pour tous les fans de sneakers. Avec leur design styl\u00e9 et leurs mat\u00e9riaux de haute qualit\u00e9, elles compl\u00e8tent \u00e0 merveille les looks casual et sportifs. La collaboration entre Travis Scott et Jordan a donn\u00e9 naissance \u00e0 un [&hellip;]<\/p>\n","protected":false},"featured_media":768527,"comment_status":"open","ping_status":"closed","template":"","meta":[],"product_brand":[],"product_cat":[38880],"product_tag":[10750,38988,10776,39246,10756,11671,11672],"class_list":{"0":"post-768526","1":"product","2":"type-product","3":"status-publish","4":"has-post-thumbnail","6":"product_cat-jordan","7":"product_tag-athleisure-shoes","8":"product_tag-casual-shoes-for-kids","9":"product_tag-jordan","10":"product_tag-kids-sneakers","11":"product_tag-retro-casual-shoes","12":"product_tag-travis-scott-collection","13":"product_tag-travis-scott-shoes","15":"first","16":"instock","17":"taxable","18":"shipping-taxable","19":"purchasable","20":"product-type-simple"},"wcpa_form_fields":null,"yoast_head":"<!-- This site is optimized with the Yoast SEO plugin v26.5 - https:\/\/yoast.com\/wordpress\/plugins\/seo\/ -->\n<title>(Preschool) Travis Scott x Air Jordan 1 Low OG &#039;Reverse Mocha&#039; DO5442-162 - TOURCRUISER PTE. LTD<\/title>\n<meta name=\"robots\" content=\"index, follow, max-snippet:-1, max-image-preview:large, max-video-preview:-1\" \/>\n<link rel=\"canonical\" href=\"https:\/\/tourcruiser.com\/fr\/products\/preschool-travis-scott-x-air-jordan-1-low-og-reverse-mocha-do5442-162\/\" \/>\n<meta property=\"og:locale\" content=\"fr_FR\" \/>\n<meta property=\"og:type\" content=\"article\" \/>\n<meta property=\"og:title\" content=\"(Preschool) Travis Scott x Air Jordan 1 Low OG &#039;Reverse Mocha&#039; DO5442-162 - TOURCRUISER PTE. LTD\" \/>\n<meta property=\"og:description\" content=\"Les sneakers Travis Scott x Air Jordan 1 Low OG Reverse Mocha (PS) de Jordan sont un incontournable pour tous les fans de sneakers. Avec leur design styl\u00e9 et leurs mat\u00e9riaux de haute qualit\u00e9, elles compl\u00e8tent \u00e0 merveille les looks casual et sportifs. La collaboration entre Travis Scott et Jordan a donn\u00e9 naissance \u00e0 un [&hellip;]\" \/>\n<meta property=\"og:url\" content=\"https:\/\/tourcruiser.com\/fr\/products\/preschool-travis-scott-x-air-jordan-1-low-og-reverse-mocha-do5442-162\/\" \/>\n<meta property=\"og:site_name\" content=\"Tourcruiser Sneaker Store\" \/>\n<meta property=\"article:modified_time\" content=\"2026-04-17T16:01:17+00:00\" \/>\n<meta name=\"twitter:card\" content=\"summary_large_image\" \/>\n<meta name=\"twitter:image\" content=\"https:\/\/images.novelship.com\/product\/_preschool__travis_scott_x_air_jordan_1_low_og__re_0_14418.jpeg;https:\/\/images.novelship.com\/product\/_preschool__travis_scott_x_air_jordan_1_low_og__re_1_14418.jpeg;https:\/\/images.novelship.com\/product\/_preschool__travis_scott_x_air_jordan_1_low_og__re_2_14418.jpeg;https:\/\/images.novelship.com\/product\/_preschool__travis_scott_x_air_jordan_1_low_og__re_3_14418.jpeg;https:\/\/images.novelship.com\/product\/_preschool__travis_scott_x_air_jordan_1_low_og__re_4_14418.jpeg;https:\/\/images.novelship.com\/product\/_preschool__travis_scott_x_air_jordan_1_low_og__re_5_14418.jpeg;https:\/\/images.novelship.com\/product\/_preschool__travis_scott_x_air_jordan_1_low_og__re_6_14418.jpeg;https:\/\/images.novelship.com\/product\/_preschool__travis_scott_x_air_jordan_1_low_og__re_7_14418.jpeg\" \/>\n<meta name=\"twitter:label1\" content=\"Dur\u00e9e de lecture estim\u00e9e\" \/>\n\t<meta name=\"twitter:data1\" content=\"1 minute\" \/>\n<script type=\"application\/ld+json\" class=\"yoast-schema-graph\">{\"@context\":\"https:\/\/schema.org\",\"@graph\":[{\"@type\":\"WebPage\",\"@id\":\"https:\/\/tourcruiser.com\/fr\/products\/preschool-travis-scott-x-air-jordan-1-low-og-reverse-mocha-do5442-162\/\",\"url\":\"https:\/\/tourcruiser.com\/fr\/products\/preschool-travis-scott-x-air-jordan-1-low-og-reverse-mocha-do5442-162\/\",\"name\":\"(Preschool) Travis Scott x Air Jordan 1 Low OG 'Reverse Mocha' DO5442-162 - TOURCRUISER PTE. LTD\",\"isPartOf\":{\"@id\":\"\/#website\"},\"primaryImageOfPage\":{\"@id\":\"https:\/\/tourcruiser.com\/fr\/products\/preschool-travis-scott-x-air-jordan-1-low-og-reverse-mocha-do5442-162\/#primaryimage\"},\"image\":{\"@id\":\"https:\/\/tourcruiser.com\/fr\/products\/preschool-travis-scott-x-air-jordan-1-low-og-reverse-mocha-do5442-162\/#primaryimage\"},\"thumbnailUrl\":\"https:\/\/images.novelship.com\/product\/_preschool__travis_scott_x_air_jordan_1_low_og__re_0_14418.jpeg;https:\/\/images.novelship.com\/product\/_preschool__travis_scott_x_air_jordan_1_low_og__re_1_14418.jpeg;https:\/\/images.novelship.com\/product\/_preschool__travis_scott_x_air_jordan_1_low_og__re_2_14418.jpeg;https:\/\/images.novelship.com\/product\/_preschool__travis_scott_x_air_jordan_1_low_og__re_3_14418.jpeg;https:\/\/images.novelship.com\/product\/_preschool__travis_scott_x_air_jordan_1_low_og__re_4_14418.jpeg;https:\/\/images.novelship.com\/product\/_preschool__travis_scott_x_air_jordan_1_low_og__re_5_14418.jpeg;https:\/\/images.novelship.com\/product\/_preschool__travis_scott_x_air_jordan_1_low_og__re_6_14418.jpeg;https:\/\/images.novelship.com\/product\/_preschool__travis_scott_x_air_jordan_1_low_og__re_7_14418.jpeg\",\"datePublished\":\"2026-04-16T10:13:12+00:00\",\"dateModified\":\"2026-04-17T16:01:17+00:00\",\"breadcrumb\":{\"@id\":\"https:\/\/tourcruiser.com\/fr\/products\/preschool-travis-scott-x-air-jordan-1-low-og-reverse-mocha-do5442-162\/#breadcrumb\"},\"inLanguage\":\"fr-FR\",\"potentialAction\":[{\"@type\":\"ReadAction\",\"target\":[\"https:\/\/tourcruiser.com\/fr\/products\/preschool-travis-scott-x-air-jordan-1-low-og-reverse-mocha-do5442-162\/\"]}]},{\"@type\":\"ImageObject\",\"inLanguage\":\"fr-FR\",\"@id\":\"https:\/\/tourcruiser.com\/fr\/products\/preschool-travis-scott-x-air-jordan-1-low-og-reverse-mocha-do5442-162\/#primaryimage\",\"url\":\"https:\/\/images.novelship.com\/product\/_preschool__travis_scott_x_air_jordan_1_low_og__re_0_14418.jpeg;https:\/\/images.novelship.com\/product\/_preschool__travis_scott_x_air_jordan_1_low_og__re_1_14418.jpeg;https:\/\/images.novelship.com\/product\/_preschool__travis_scott_x_air_jordan_1_low_og__re_2_14418.jpeg;https:\/\/images.novelship.com\/product\/_preschool__travis_scott_x_air_jordan_1_low_og__re_3_14418.jpeg;https:\/\/images.novelship.com\/product\/_preschool__travis_scott_x_air_jordan_1_low_og__re_4_14418.jpeg;https:\/\/images.novelship.com\/product\/_preschool__travis_scott_x_air_jordan_1_low_og__re_5_14418.jpeg;https:\/\/images.novelship.com\/product\/_preschool__travis_scott_x_air_jordan_1_low_og__re_6_14418.jpeg;https:\/\/images.novelship.com\/product\/_preschool__travis_scott_x_air_jordan_1_low_og__re_7_14418.jpeg\",\"contentUrl\":\"https:\/\/images.novelship.com\/product\/_preschool__travis_scott_x_air_jordan_1_low_og__re_0_14418.jpeg;https:\/\/images.novelship.com\/product\/_preschool__travis_scott_x_air_jordan_1_low_og__re_1_14418.jpeg;https:\/\/images.novelship.com\/product\/_preschool__travis_scott_x_air_jordan_1_low_og__re_2_14418.jpeg;https:\/\/images.novelship.com\/product\/_preschool__travis_scott_x_air_jordan_1_low_og__re_3_14418.jpeg;https:\/\/images.novelship.com\/product\/_preschool__travis_scott_x_air_jordan_1_low_og__re_4_14418.jpeg;https:\/\/images.novelship.com\/product\/_preschool__travis_scott_x_air_jordan_1_low_og__re_5_14418.jpeg;https:\/\/images.novelship.com\/product\/_preschool__travis_scott_x_air_jordan_1_low_og__re_6_14418.jpeg;https:\/\/images.novelship.com\/product\/_preschool__travis_scott_x_air_jordan_1_low_og__re_7_14418.jpeg\"},{\"@type\":\"BreadcrumbList\",\"@id\":\"https:\/\/tourcruiser.com\/fr\/products\/preschool-travis-scott-x-air-jordan-1-low-og-reverse-mocha-do5442-162\/#breadcrumb\",\"itemListElement\":[{\"@type\":\"ListItem\",\"position\":1,\"name\":\"Home\",\"item\":\"https:\/\/tourcruiser.com\/fr\/\"},{\"@type\":\"ListItem\",\"position\":2,\"name\":\"Shop\",\"item\":\"https:\/\/tourcruiser.com\/fr\/shop\/\"},{\"@type\":\"ListItem\",\"position\":3,\"name\":\"(Preschool) Travis Scott x Air Jordan 1 Low OG &#8216;Reverse Mocha&#8217; DO5442-162\"}]},{\"@type\":\"WebSite\",\"@id\":\"\/#website\",\"url\":\"\/\",\"name\":\"Styloral Jewelry Shop\",\"description\":\"Tourcruiser Sneaker Store \u2014 L\u2019endroit o\u00f9 l\u2019univers rencontre votre singularit\u00e9.\",\"publisher\":{\"@id\":\"\/#organization\"},\"potentialAction\":[{\"@type\":\"SearchAction\",\"target\":{\"@type\":\"EntryPoint\",\"urlTemplate\":\"\/?s={search_term_string}\"},\"query-input\":{\"@type\":\"PropertyValueSpecification\",\"valueRequired\":true,\"valueName\":\"search_term_string\"}}],\"inLanguage\":\"fr-FR\"},{\"@type\":\"Organization\",\"@id\":\"\/#organization\",\"name\":\"STYLORAL PTE. LTD\",\"url\":\"\/\",\"logo\":{\"@type\":\"ImageObject\",\"inLanguage\":\"fr-FR\",\"@id\":\"\/#\/schema\/logo\/image\/\",\"url\":\"https:\/\/www.tourcruiser.com\/wp-content\/uploads\/2025\/12\/logo.png\",\"contentUrl\":\"https:\/\/www.tourcruiser.com\/wp-content\/uploads\/2025\/12\/logo.png\",\"width\":200,\"height\":65,\"caption\":\"STYLORAL PTE. LTD\"},\"image\":{\"@id\":\"\/#\/schema\/logo\/image\/\"}}]}<\/script>\n<!-- \/ Yoast SEO plugin. -->","yoast_head_json":{"title":"(Preschool) Travis Scott x Air Jordan 1 Low OG 'Reverse Mocha' DO5442-162 - TOURCRUISER PTE. LTD","robots":{"index":"index","follow":"follow","max-snippet":"max-snippet:-1","max-image-preview":"max-image-preview:large","max-video-preview":"max-video-preview:-1"},"canonical":"https:\/\/tourcruiser.com\/fr\/products\/preschool-travis-scott-x-air-jordan-1-low-og-reverse-mocha-do5442-162\/","og_locale":"fr_FR","og_type":"article","og_title":"(Preschool) Travis Scott x Air Jordan 1 Low OG 'Reverse Mocha' DO5442-162 - TOURCRUISER PTE. LTD","og_description":"Les sneakers Travis Scott x Air Jordan 1 Low OG Reverse Mocha (PS) de Jordan sont un incontournable pour tous les fans de sneakers. Avec leur design styl\u00e9 et leurs mat\u00e9riaux de haute qualit\u00e9, elles compl\u00e8tent \u00e0 merveille les looks casual et sportifs. La collaboration entre Travis Scott et Jordan a donn\u00e9 naissance \u00e0 un [&hellip;]","og_url":"https:\/\/tourcruiser.com\/fr\/products\/preschool-travis-scott-x-air-jordan-1-low-og-reverse-mocha-do5442-162\/","og_site_name":"Tourcruiser Sneaker Store","article_modified_time":"2026-04-17T16:01:17+00:00","twitter_card":"summary_large_image","twitter_image":"https:\/\/images.novelship.com\/product\/_preschool__travis_scott_x_air_jordan_1_low_og__re_0_14418.jpeg;https:\/\/images.novelship.com\/product\/_preschool__travis_scott_x_air_jordan_1_low_og__re_1_14418.jpeg;https:\/\/images.novelship.com\/product\/_preschool__travis_scott_x_air_jordan_1_low_og__re_2_14418.jpeg;https:\/\/images.novelship.com\/product\/_preschool__travis_scott_x_air_jordan_1_low_og__re_3_14418.jpeg;https:\/\/images.novelship.com\/product\/_preschool__travis_scott_x_air_jordan_1_low_og__re_4_14418.jpeg;https:\/\/images.novelship.com\/product\/_preschool__travis_scott_x_air_jordan_1_low_og__re_5_14418.jpeg;https:\/\/images.novelship.com\/product\/_preschool__travis_scott_x_air_jordan_1_low_og__re_6_14418.jpeg;https:\/\/images.novelship.com\/product\/_preschool__travis_scott_x_air_jordan_1_low_og__re_7_14418.jpeg","twitter_misc":{"Dur\u00e9e de lecture estim\u00e9e":"1 minute"},"schema":{"@context":"https:\/\/schema.org","@graph":[{"@type":"WebPage","@id":"https:\/\/tourcruiser.com\/fr\/products\/preschool-travis-scott-x-air-jordan-1-low-og-reverse-mocha-do5442-162\/","url":"https:\/\/tourcruiser.com\/fr\/products\/preschool-travis-scott-x-air-jordan-1-low-og-reverse-mocha-do5442-162\/","name":"(Preschool) Travis Scott x Air Jordan 1 Low OG 'Reverse Mocha' DO5442-162 - TOURCRUISER PTE. LTD","isPartOf":{"@id":"\/#website"},"primaryImageOfPage":{"@id":"https:\/\/tourcruiser.com\/fr\/products\/preschool-travis-scott-x-air-jordan-1-low-og-reverse-mocha-do5442-162\/#primaryimage"},"image":{"@id":"https:\/\/tourcruiser.com\/fr\/products\/preschool-travis-scott-x-air-jordan-1-low-og-reverse-mocha-do5442-162\/#primaryimage"},"thumbnailUrl":"https:\/\/images.novelship.com\/product\/_preschool__travis_scott_x_air_jordan_1_low_og__re_0_14418.jpeg;https:\/\/images.novelship.com\/product\/_preschool__travis_scott_x_air_jordan_1_low_og__re_1_14418.jpeg;https:\/\/images.novelship.com\/product\/_preschool__travis_scott_x_air_jordan_1_low_og__re_2_14418.jpeg;https:\/\/images.novelship.com\/product\/_preschool__travis_scott_x_air_jordan_1_low_og__re_3_14418.jpeg;https:\/\/images.novelship.com\/product\/_preschool__travis_scott_x_air_jordan_1_low_og__re_4_14418.jpeg;https:\/\/images.novelship.com\/product\/_preschool__travis_scott_x_air_jordan_1_low_og__re_5_14418.jpeg;https:\/\/images.novelship.com\/product\/_preschool__travis_scott_x_air_jordan_1_low_og__re_6_14418.jpeg;https:\/\/images.novelship.com\/product\/_preschool__travis_scott_x_air_jordan_1_low_og__re_7_14418.jpeg","datePublished":"2026-04-16T10:13:12+00:00","dateModified":"2026-04-17T16:01:17+00:00","breadcrumb":{"@id":"https:\/\/tourcruiser.com\/fr\/products\/preschool-travis-scott-x-air-jordan-1-low-og-reverse-mocha-do5442-162\/#breadcrumb"},"inLanguage":"fr-FR","potentialAction":[{"@type":"ReadAction","target":["https:\/\/tourcruiser.com\/fr\/products\/preschool-travis-scott-x-air-jordan-1-low-og-reverse-mocha-do5442-162\/"]}]},{"@type":"ImageObject","inLanguage":"fr-FR","@id":"https:\/\/tourcruiser.com\/fr\/products\/preschool-travis-scott-x-air-jordan-1-low-og-reverse-mocha-do5442-162\/#primaryimage","url":"https:\/\/images.novelship.com\/product\/_preschool__travis_scott_x_air_jordan_1_low_og__re_0_14418.jpeg;https:\/\/images.novelship.com\/product\/_preschool__travis_scott_x_air_jordan_1_low_og__re_1_14418.jpeg;https:\/\/images.novelship.com\/product\/_preschool__travis_scott_x_air_jordan_1_low_og__re_2_14418.jpeg;https:\/\/images.novelship.com\/product\/_preschool__travis_scott_x_air_jordan_1_low_og__re_3_14418.jpeg;https:\/\/images.novelship.com\/product\/_preschool__travis_scott_x_air_jordan_1_low_og__re_4_14418.jpeg;https:\/\/images.novelship.com\/product\/_preschool__travis_scott_x_air_jordan_1_low_og__re_5_14418.jpeg;https:\/\/images.novelship.com\/product\/_preschool__travis_scott_x_air_jordan_1_low_og__re_6_14418.jpeg;https:\/\/images.novelship.com\/product\/_preschool__travis_scott_x_air_jordan_1_low_og__re_7_14418.jpeg","contentUrl":"https:\/\/images.novelship.com\/product\/_preschool__travis_scott_x_air_jordan_1_low_og__re_0_14418.jpeg;https:\/\/images.novelship.com\/product\/_preschool__travis_scott_x_air_jordan_1_low_og__re_1_14418.jpeg;https:\/\/images.novelship.com\/product\/_preschool__travis_scott_x_air_jordan_1_low_og__re_2_14418.jpeg;https:\/\/images.novelship.com\/product\/_preschool__travis_scott_x_air_jordan_1_low_og__re_3_14418.jpeg;https:\/\/images.novelship.com\/product\/_preschool__travis_scott_x_air_jordan_1_low_og__re_4_14418.jpeg;https:\/\/images.novelship.com\/product\/_preschool__travis_scott_x_air_jordan_1_low_og__re_5_14418.jpeg;https:\/\/images.novelship.com\/product\/_preschool__travis_scott_x_air_jordan_1_low_og__re_6_14418.jpeg;https:\/\/images.novelship.com\/product\/_preschool__travis_scott_x_air_jordan_1_low_og__re_7_14418.jpeg"},{"@type":"BreadcrumbList","@id":"https:\/\/tourcruiser.com\/fr\/products\/preschool-travis-scott-x-air-jordan-1-low-og-reverse-mocha-do5442-162\/#breadcrumb","itemListElement":[{"@type":"ListItem","position":1,"name":"Home","item":"https:\/\/tourcruiser.com\/fr\/"},{"@type":"ListItem","position":2,"name":"Shop","item":"https:\/\/tourcruiser.com\/fr\/shop\/"},{"@type":"ListItem","position":3,"name":"(Preschool) Travis Scott x Air Jordan 1 Low OG &#8216;Reverse Mocha&#8217; DO5442-162"}]},{"@type":"WebSite","@id":"\/#website","url":"\/","name":"Styloral Jewelry Shop","description":"Tourcruiser Sneaker Store \u2014 L\u2019endroit o\u00f9 l\u2019univers rencontre votre singularit\u00e9.","publisher":{"@id":"\/#organization"},"potentialAction":[{"@type":"SearchAction","target":{"@type":"EntryPoint","urlTemplate":"\/?s={search_term_string}"},"query-input":{"@type":"PropertyValueSpecification","valueRequired":true,"valueName":"search_term_string"}}],"inLanguage":"fr-FR"},{"@type":"Organization","@id":"\/#organization","name":"STYLORAL PTE. LTD","url":"\/","logo":{"@type":"ImageObject","inLanguage":"fr-FR","@id":"\/#\/schema\/logo\/image\/","url":"https:\/\/www.tourcruiser.com\/wp-content\/uploads\/2025\/12\/logo.png","contentUrl":"https:\/\/www.tourcruiser.com\/wp-content\/uploads\/2025\/12\/logo.png","width":200,"height":65,"caption":"STYLORAL PTE. LTD"},"image":{"@id":"\/#\/schema\/logo\/image\/"}}]}},"_links":{"self":[{"href":"https:\/\/tourcruiser.com\/fr\/wp-json\/wp\/v2\/product\/768526","targetHints":{"allow":["GET"]}}],"collection":[{"href":"https:\/\/tourcruiser.com\/fr\/wp-json\/wp\/v2\/product"}],"about":[{"href":"https:\/\/tourcruiser.com\/fr\/wp-json\/wp\/v2\/types\/product"}],"replies":[{"embeddable":true,"href":"https:\/\/tourcruiser.com\/fr\/wp-json\/wp\/v2\/comments?post=768526"}],"wp:featuredmedia":[{"embeddable":true,"href":"https:\/\/tourcruiser.com\/fr\/wp-json\/wp\/v2\/media\/768527"}],"wp:attachment":[{"href":"https:\/\/tourcruiser.com\/fr\/wp-json\/wp\/v2\/media?parent=768526"}],"wp:term":[{"taxonomy":"product_brand","embeddable":true,"href":"https:\/\/tourcruiser.com\/fr\/wp-json\/wp\/v2\/product_brand?post=768526"},{"taxonomy":"product_cat","embeddable":true,"href":"https:\/\/tourcruiser.com\/fr\/wp-json\/wp\/v2\/product_cat?post=768526"},{"taxonomy":"product_tag","embeddable":true,"href":"https:\/\/tourcruiser.com\/fr\/wp-json\/wp\/v2\/product_tag?post=768526"}],"curies":[{"name":"wp","href":"https:\/\/api.w.org\/{rel}","templated":true}]}}