{"id":768517,"date":"2026-04-16T17:13:12","date_gmt":"2026-04-16T10:13:12","guid":{"rendered":"http:\/\/tourcruiser.com\/product\/air-jordan-1-low-se-craft-light-olive-fd6819-300"},"modified":"2026-04-17T23:01:16","modified_gmt":"2026-04-17T16:01:16","slug":"air-jordan-1-low-se-craft-light-olive-fd6819-300","status":"publish","type":"product","link":"https:\/\/tourcruiser.com\/fr\/products\/air-jordan-1-low-se-craft-light-olive-fd6819-300\/","title":{"rendered":"Air Jordan 1 Low SE Craft &lsquo;Light Olive&rsquo; FD6819-300"},"content":{"rendered":"<p>D\u00e9couvrez la Air Jordan 1 Low SE Craft \u00ab\u00a0Light Olive\u00a0\u00bb\u00a0: une sneaker qui allie style classique et savoir-faire moderne. Son empeigne en daim et cuir premium, dans une subtile teinte olive, d\u00e9gage une \u00e9l\u00e9gance ind\u00e9niable, tandis que le logo Wings iconique y ajoute une touche de nostalgie. La semelle l\u00e9g\u00e8re et flexible assure un confort optimal tout au long de la journ\u00e9e, faisant de cette sneaker le mod\u00e8le id\u00e9al pour les occasions d\u00e9contract\u00e9es et semi-formelles. Affirmez votre style d\u00e8s aujourd&rsquo;hui avec la Air Jordan 1 Low SE Craft \u00ab\u00a0Light Olive\u00a0\u00bb\u00a0!<\/p>\n<p>Couleur\u00a0: Sky J Light Olive\/Celadon\/Bright Mandarin\/Noir<\/p>\n<p>Code article\u00a0: FD6819-300<br \/>\nEmpeigne\u00a0: Cuir<br \/>\nSemelle interm\u00e9diaire\u00a0: Air<\/p>\n<p>Couleur\u00a0: Vert<br \/>\nDesigner\u00a0: Peter Moore<br \/>\nAnn\u00e9e de sortie\u00a0: 2023<\/p>\n<p>\u00c2ge\u00a0: Adulte<br \/>\nCouleur\u00a0: Bleu universitaire\/Gris<br \/>\nGenre\u00a0: Homme<\/p>\n","protected":false},"excerpt":{"rendered":"<p>D\u00e9couvrez la Air Jordan 1 Low SE Craft \u00ab\u00a0Light Olive\u00a0\u00bb\u00a0: une sneaker qui allie style classique et savoir-faire moderne. Son empeigne en daim et cuir premium, dans une subtile teinte olive, d\u00e9gage une \u00e9l\u00e9gance ind\u00e9niable, tandis que le logo Wings iconique y ajoute une touche de nostalgie. La semelle l\u00e9g\u00e8re et flexible assure un confort [&hellip;]<\/p>\n","protected":false},"featured_media":768518,"comment_status":"open","ping_status":"closed","template":"","meta":[],"product_brand":[],"product_cat":[38880],"product_tag":[10750,38841,38842,10776,11349,38875,38886,10756],"class_list":{"0":"post-768517","1":"product","2":"type-product","3":"status-publish","4":"has-post-thumbnail","6":"product_cat-jordan","7":"product_tag-athleisure-shoes","8":"product_tag-casual-shoes","9":"product_tag-gift-idea-for-him","10":"product_tag-jordan","11":"product_tag-jordan-basketball-shoes","12":"product_tag-jordan-skateboard-shoes","13":"product_tag-lifestyle-shoes-inspired-by-basketball","14":"product_tag-retro-casual-shoes","16":"first","17":"instock","18":"taxable","19":"shipping-taxable","20":"purchasable","21":"product-type-simple"},"wcpa_form_fields":null,"yoast_head":"<!-- This site is optimized with the Yoast SEO plugin v26.5 - https:\/\/yoast.com\/wordpress\/plugins\/seo\/ -->\n<title>Air Jordan 1 Low SE Craft &#039;Light Olive&#039; FD6819-300 - TOURCRUISER PTE. LTD<\/title>\n<meta name=\"robots\" content=\"index, follow, max-snippet:-1, max-image-preview:large, max-video-preview:-1\" \/>\n<link rel=\"canonical\" href=\"https:\/\/tourcruiser.com\/fr\/products\/air-jordan-1-low-se-craft-light-olive-fd6819-300\/\" \/>\n<meta property=\"og:locale\" content=\"fr_FR\" \/>\n<meta property=\"og:type\" content=\"article\" \/>\n<meta property=\"og:title\" content=\"Air Jordan 1 Low SE Craft &#039;Light Olive&#039; FD6819-300 - TOURCRUISER PTE. LTD\" \/>\n<meta property=\"og:description\" content=\"D\u00e9couvrez la Air Jordan 1 Low SE Craft \u00ab\u00a0Light Olive\u00a0\u00bb\u00a0: une sneaker qui allie style classique et savoir-faire moderne. Son empeigne en daim et cuir premium, dans une subtile teinte olive, d\u00e9gage une \u00e9l\u00e9gance ind\u00e9niable, tandis que le logo Wings iconique y ajoute une touche de nostalgie. La semelle l\u00e9g\u00e8re et flexible assure un confort [&hellip;]\" \/>\n<meta property=\"og:url\" content=\"https:\/\/tourcruiser.com\/fr\/products\/air-jordan-1-low-se-craft-light-olive-fd6819-300\/\" \/>\n<meta property=\"og:site_name\" content=\"Tourcruiser Sneaker Store\" \/>\n<meta property=\"article:modified_time\" content=\"2026-04-17T16:01:16+00:00\" \/>\n<meta name=\"twitter:card\" content=\"summary_large_image\" \/>\n<meta name=\"twitter:image\" content=\"https:\/\/images.novelship.com\/product\/air_jordan_1_low_se_craft__light_olive__0_30162.jpeg;https:\/\/images.novelship.com\/product\/air_jordan_1_low_se_craft__light_olive__1_30162.jpeg;https:\/\/images.novelship.com\/product\/air_jordan_1_low_se_craft__light_olive__2_30162.jpeg;https:\/\/images.novelship.com\/product\/air_jordan_1_low_se_craft__light_olive__3_30162.jpeg;https:\/\/images.novelship.com\/product\/air_jordan_1_low_se_craft__light_olive__4_30162.jpeg;https:\/\/images.novelship.com\/product\/air_jordan_1_low_se_craft__light_olive__5_30162.jpeg;https:\/\/images.novelship.com\/product\/air_jordan_1_low_se_craft__light_olive__6_30162.jpeg;https:\/\/images.novelship.com\/product\/air_jordan_1_low_se_craft__light_olive__7_30162.jpeg\" \/>\n<meta name=\"twitter:label1\" content=\"Dur\u00e9e de lecture estim\u00e9e\" \/>\n\t<meta name=\"twitter:data1\" content=\"1 minute\" \/>\n<script type=\"application\/ld+json\" class=\"yoast-schema-graph\">{\"@context\":\"https:\/\/schema.org\",\"@graph\":[{\"@type\":\"WebPage\",\"@id\":\"https:\/\/tourcruiser.com\/fr\/products\/air-jordan-1-low-se-craft-light-olive-fd6819-300\/\",\"url\":\"https:\/\/tourcruiser.com\/fr\/products\/air-jordan-1-low-se-craft-light-olive-fd6819-300\/\",\"name\":\"Air Jordan 1 Low SE Craft 'Light Olive' FD6819-300 - TOURCRUISER PTE. LTD\",\"isPartOf\":{\"@id\":\"\/#website\"},\"primaryImageOfPage\":{\"@id\":\"https:\/\/tourcruiser.com\/fr\/products\/air-jordan-1-low-se-craft-light-olive-fd6819-300\/#primaryimage\"},\"image\":{\"@id\":\"https:\/\/tourcruiser.com\/fr\/products\/air-jordan-1-low-se-craft-light-olive-fd6819-300\/#primaryimage\"},\"thumbnailUrl\":\"https:\/\/images.novelship.com\/product\/air_jordan_1_low_se_craft__light_olive__0_30162.jpeg;https:\/\/images.novelship.com\/product\/air_jordan_1_low_se_craft__light_olive__1_30162.jpeg;https:\/\/images.novelship.com\/product\/air_jordan_1_low_se_craft__light_olive__2_30162.jpeg;https:\/\/images.novelship.com\/product\/air_jordan_1_low_se_craft__light_olive__3_30162.jpeg;https:\/\/images.novelship.com\/product\/air_jordan_1_low_se_craft__light_olive__4_30162.jpeg;https:\/\/images.novelship.com\/product\/air_jordan_1_low_se_craft__light_olive__5_30162.jpeg;https:\/\/images.novelship.com\/product\/air_jordan_1_low_se_craft__light_olive__6_30162.jpeg;https:\/\/images.novelship.com\/product\/air_jordan_1_low_se_craft__light_olive__7_30162.jpeg\",\"datePublished\":\"2026-04-16T10:13:12+00:00\",\"dateModified\":\"2026-04-17T16:01:16+00:00\",\"breadcrumb\":{\"@id\":\"https:\/\/tourcruiser.com\/fr\/products\/air-jordan-1-low-se-craft-light-olive-fd6819-300\/#breadcrumb\"},\"inLanguage\":\"fr-FR\",\"potentialAction\":[{\"@type\":\"ReadAction\",\"target\":[\"https:\/\/tourcruiser.com\/fr\/products\/air-jordan-1-low-se-craft-light-olive-fd6819-300\/\"]}]},{\"@type\":\"ImageObject\",\"inLanguage\":\"fr-FR\",\"@id\":\"https:\/\/tourcruiser.com\/fr\/products\/air-jordan-1-low-se-craft-light-olive-fd6819-300\/#primaryimage\",\"url\":\"https:\/\/images.novelship.com\/product\/air_jordan_1_low_se_craft__light_olive__0_30162.jpeg;https:\/\/images.novelship.com\/product\/air_jordan_1_low_se_craft__light_olive__1_30162.jpeg;https:\/\/images.novelship.com\/product\/air_jordan_1_low_se_craft__light_olive__2_30162.jpeg;https:\/\/images.novelship.com\/product\/air_jordan_1_low_se_craft__light_olive__3_30162.jpeg;https:\/\/images.novelship.com\/product\/air_jordan_1_low_se_craft__light_olive__4_30162.jpeg;https:\/\/images.novelship.com\/product\/air_jordan_1_low_se_craft__light_olive__5_30162.jpeg;https:\/\/images.novelship.com\/product\/air_jordan_1_low_se_craft__light_olive__6_30162.jpeg;https:\/\/images.novelship.com\/product\/air_jordan_1_low_se_craft__light_olive__7_30162.jpeg\",\"contentUrl\":\"https:\/\/images.novelship.com\/product\/air_jordan_1_low_se_craft__light_olive__0_30162.jpeg;https:\/\/images.novelship.com\/product\/air_jordan_1_low_se_craft__light_olive__1_30162.jpeg;https:\/\/images.novelship.com\/product\/air_jordan_1_low_se_craft__light_olive__2_30162.jpeg;https:\/\/images.novelship.com\/product\/air_jordan_1_low_se_craft__light_olive__3_30162.jpeg;https:\/\/images.novelship.com\/product\/air_jordan_1_low_se_craft__light_olive__4_30162.jpeg;https:\/\/images.novelship.com\/product\/air_jordan_1_low_se_craft__light_olive__5_30162.jpeg;https:\/\/images.novelship.com\/product\/air_jordan_1_low_se_craft__light_olive__6_30162.jpeg;https:\/\/images.novelship.com\/product\/air_jordan_1_low_se_craft__light_olive__7_30162.jpeg\"},{\"@type\":\"BreadcrumbList\",\"@id\":\"https:\/\/tourcruiser.com\/fr\/products\/air-jordan-1-low-se-craft-light-olive-fd6819-300\/#breadcrumb\",\"itemListElement\":[{\"@type\":\"ListItem\",\"position\":1,\"name\":\"Home\",\"item\":\"https:\/\/tourcruiser.com\/fr\/\"},{\"@type\":\"ListItem\",\"position\":2,\"name\":\"Shop\",\"item\":\"https:\/\/tourcruiser.com\/fr\/shop\/\"},{\"@type\":\"ListItem\",\"position\":3,\"name\":\"Air Jordan 1 Low SE Craft &#8216;Light Olive&#8217; FD6819-300\"}]},{\"@type\":\"WebSite\",\"@id\":\"\/#website\",\"url\":\"\/\",\"name\":\"Styloral Jewelry Shop\",\"description\":\"Tourcruiser Sneaker Store \u2014 L\u2019endroit o\u00f9 l\u2019univers rencontre votre singularit\u00e9.\",\"publisher\":{\"@id\":\"\/#organization\"},\"potentialAction\":[{\"@type\":\"SearchAction\",\"target\":{\"@type\":\"EntryPoint\",\"urlTemplate\":\"\/?s={search_term_string}\"},\"query-input\":{\"@type\":\"PropertyValueSpecification\",\"valueRequired\":true,\"valueName\":\"search_term_string\"}}],\"inLanguage\":\"fr-FR\"},{\"@type\":\"Organization\",\"@id\":\"\/#organization\",\"name\":\"STYLORAL PTE. LTD\",\"url\":\"\/\",\"logo\":{\"@type\":\"ImageObject\",\"inLanguage\":\"fr-FR\",\"@id\":\"\/#\/schema\/logo\/image\/\",\"url\":\"https:\/\/www.tourcruiser.com\/wp-content\/uploads\/2025\/12\/logo.png\",\"contentUrl\":\"https:\/\/www.tourcruiser.com\/wp-content\/uploads\/2025\/12\/logo.png\",\"width\":200,\"height\":65,\"caption\":\"STYLORAL PTE. LTD\"},\"image\":{\"@id\":\"\/#\/schema\/logo\/image\/\"}}]}<\/script>\n<!-- \/ Yoast SEO plugin. -->","yoast_head_json":{"title":"Air Jordan 1 Low SE Craft 'Light Olive' FD6819-300 - TOURCRUISER PTE. LTD","robots":{"index":"index","follow":"follow","max-snippet":"max-snippet:-1","max-image-preview":"max-image-preview:large","max-video-preview":"max-video-preview:-1"},"canonical":"https:\/\/tourcruiser.com\/fr\/products\/air-jordan-1-low-se-craft-light-olive-fd6819-300\/","og_locale":"fr_FR","og_type":"article","og_title":"Air Jordan 1 Low SE Craft 'Light Olive' FD6819-300 - TOURCRUISER PTE. LTD","og_description":"D\u00e9couvrez la Air Jordan 1 Low SE Craft \u00ab\u00a0Light Olive\u00a0\u00bb\u00a0: une sneaker qui allie style classique et savoir-faire moderne. Son empeigne en daim et cuir premium, dans une subtile teinte olive, d\u00e9gage une \u00e9l\u00e9gance ind\u00e9niable, tandis que le logo Wings iconique y ajoute une touche de nostalgie. La semelle l\u00e9g\u00e8re et flexible assure un confort [&hellip;]","og_url":"https:\/\/tourcruiser.com\/fr\/products\/air-jordan-1-low-se-craft-light-olive-fd6819-300\/","og_site_name":"Tourcruiser Sneaker Store","article_modified_time":"2026-04-17T16:01:16+00:00","twitter_card":"summary_large_image","twitter_image":"https:\/\/images.novelship.com\/product\/air_jordan_1_low_se_craft__light_olive__0_30162.jpeg;https:\/\/images.novelship.com\/product\/air_jordan_1_low_se_craft__light_olive__1_30162.jpeg;https:\/\/images.novelship.com\/product\/air_jordan_1_low_se_craft__light_olive__2_30162.jpeg;https:\/\/images.novelship.com\/product\/air_jordan_1_low_se_craft__light_olive__3_30162.jpeg;https:\/\/images.novelship.com\/product\/air_jordan_1_low_se_craft__light_olive__4_30162.jpeg;https:\/\/images.novelship.com\/product\/air_jordan_1_low_se_craft__light_olive__5_30162.jpeg;https:\/\/images.novelship.com\/product\/air_jordan_1_low_se_craft__light_olive__6_30162.jpeg;https:\/\/images.novelship.com\/product\/air_jordan_1_low_se_craft__light_olive__7_30162.jpeg","twitter_misc":{"Dur\u00e9e de lecture estim\u00e9e":"1 minute"},"schema":{"@context":"https:\/\/schema.org","@graph":[{"@type":"WebPage","@id":"https:\/\/tourcruiser.com\/fr\/products\/air-jordan-1-low-se-craft-light-olive-fd6819-300\/","url":"https:\/\/tourcruiser.com\/fr\/products\/air-jordan-1-low-se-craft-light-olive-fd6819-300\/","name":"Air Jordan 1 Low SE Craft 'Light Olive' FD6819-300 - TOURCRUISER PTE. LTD","isPartOf":{"@id":"\/#website"},"primaryImageOfPage":{"@id":"https:\/\/tourcruiser.com\/fr\/products\/air-jordan-1-low-se-craft-light-olive-fd6819-300\/#primaryimage"},"image":{"@id":"https:\/\/tourcruiser.com\/fr\/products\/air-jordan-1-low-se-craft-light-olive-fd6819-300\/#primaryimage"},"thumbnailUrl":"https:\/\/images.novelship.com\/product\/air_jordan_1_low_se_craft__light_olive__0_30162.jpeg;https:\/\/images.novelship.com\/product\/air_jordan_1_low_se_craft__light_olive__1_30162.jpeg;https:\/\/images.novelship.com\/product\/air_jordan_1_low_se_craft__light_olive__2_30162.jpeg;https:\/\/images.novelship.com\/product\/air_jordan_1_low_se_craft__light_olive__3_30162.jpeg;https:\/\/images.novelship.com\/product\/air_jordan_1_low_se_craft__light_olive__4_30162.jpeg;https:\/\/images.novelship.com\/product\/air_jordan_1_low_se_craft__light_olive__5_30162.jpeg;https:\/\/images.novelship.com\/product\/air_jordan_1_low_se_craft__light_olive__6_30162.jpeg;https:\/\/images.novelship.com\/product\/air_jordan_1_low_se_craft__light_olive__7_30162.jpeg","datePublished":"2026-04-16T10:13:12+00:00","dateModified":"2026-04-17T16:01:16+00:00","breadcrumb":{"@id":"https:\/\/tourcruiser.com\/fr\/products\/air-jordan-1-low-se-craft-light-olive-fd6819-300\/#breadcrumb"},"inLanguage":"fr-FR","potentialAction":[{"@type":"ReadAction","target":["https:\/\/tourcruiser.com\/fr\/products\/air-jordan-1-low-se-craft-light-olive-fd6819-300\/"]}]},{"@type":"ImageObject","inLanguage":"fr-FR","@id":"https:\/\/tourcruiser.com\/fr\/products\/air-jordan-1-low-se-craft-light-olive-fd6819-300\/#primaryimage","url":"https:\/\/images.novelship.com\/product\/air_jordan_1_low_se_craft__light_olive__0_30162.jpeg;https:\/\/images.novelship.com\/product\/air_jordan_1_low_se_craft__light_olive__1_30162.jpeg;https:\/\/images.novelship.com\/product\/air_jordan_1_low_se_craft__light_olive__2_30162.jpeg;https:\/\/images.novelship.com\/product\/air_jordan_1_low_se_craft__light_olive__3_30162.jpeg;https:\/\/images.novelship.com\/product\/air_jordan_1_low_se_craft__light_olive__4_30162.jpeg;https:\/\/images.novelship.com\/product\/air_jordan_1_low_se_craft__light_olive__5_30162.jpeg;https:\/\/images.novelship.com\/product\/air_jordan_1_low_se_craft__light_olive__6_30162.jpeg;https:\/\/images.novelship.com\/product\/air_jordan_1_low_se_craft__light_olive__7_30162.jpeg","contentUrl":"https:\/\/images.novelship.com\/product\/air_jordan_1_low_se_craft__light_olive__0_30162.jpeg;https:\/\/images.novelship.com\/product\/air_jordan_1_low_se_craft__light_olive__1_30162.jpeg;https:\/\/images.novelship.com\/product\/air_jordan_1_low_se_craft__light_olive__2_30162.jpeg;https:\/\/images.novelship.com\/product\/air_jordan_1_low_se_craft__light_olive__3_30162.jpeg;https:\/\/images.novelship.com\/product\/air_jordan_1_low_se_craft__light_olive__4_30162.jpeg;https:\/\/images.novelship.com\/product\/air_jordan_1_low_se_craft__light_olive__5_30162.jpeg;https:\/\/images.novelship.com\/product\/air_jordan_1_low_se_craft__light_olive__6_30162.jpeg;https:\/\/images.novelship.com\/product\/air_jordan_1_low_se_craft__light_olive__7_30162.jpeg"},{"@type":"BreadcrumbList","@id":"https:\/\/tourcruiser.com\/fr\/products\/air-jordan-1-low-se-craft-light-olive-fd6819-300\/#breadcrumb","itemListElement":[{"@type":"ListItem","position":1,"name":"Home","item":"https:\/\/tourcruiser.com\/fr\/"},{"@type":"ListItem","position":2,"name":"Shop","item":"https:\/\/tourcruiser.com\/fr\/shop\/"},{"@type":"ListItem","position":3,"name":"Air Jordan 1 Low SE Craft &#8216;Light Olive&#8217; FD6819-300"}]},{"@type":"WebSite","@id":"\/#website","url":"\/","name":"Styloral Jewelry Shop","description":"Tourcruiser Sneaker Store \u2014 L\u2019endroit o\u00f9 l\u2019univers rencontre votre singularit\u00e9.","publisher":{"@id":"\/#organization"},"potentialAction":[{"@type":"SearchAction","target":{"@type":"EntryPoint","urlTemplate":"\/?s={search_term_string}"},"query-input":{"@type":"PropertyValueSpecification","valueRequired":true,"valueName":"search_term_string"}}],"inLanguage":"fr-FR"},{"@type":"Organization","@id":"\/#organization","name":"STYLORAL PTE. LTD","url":"\/","logo":{"@type":"ImageObject","inLanguage":"fr-FR","@id":"\/#\/schema\/logo\/image\/","url":"https:\/\/www.tourcruiser.com\/wp-content\/uploads\/2025\/12\/logo.png","contentUrl":"https:\/\/www.tourcruiser.com\/wp-content\/uploads\/2025\/12\/logo.png","width":200,"height":65,"caption":"STYLORAL PTE. LTD"},"image":{"@id":"\/#\/schema\/logo\/image\/"}}]}},"_links":{"self":[{"href":"https:\/\/tourcruiser.com\/fr\/wp-json\/wp\/v2\/product\/768517","targetHints":{"allow":["GET"]}}],"collection":[{"href":"https:\/\/tourcruiser.com\/fr\/wp-json\/wp\/v2\/product"}],"about":[{"href":"https:\/\/tourcruiser.com\/fr\/wp-json\/wp\/v2\/types\/product"}],"replies":[{"embeddable":true,"href":"https:\/\/tourcruiser.com\/fr\/wp-json\/wp\/v2\/comments?post=768517"}],"wp:featuredmedia":[{"embeddable":true,"href":"https:\/\/tourcruiser.com\/fr\/wp-json\/wp\/v2\/media\/768518"}],"wp:attachment":[{"href":"https:\/\/tourcruiser.com\/fr\/wp-json\/wp\/v2\/media?parent=768517"}],"wp:term":[{"taxonomy":"product_brand","embeddable":true,"href":"https:\/\/tourcruiser.com\/fr\/wp-json\/wp\/v2\/product_brand?post=768517"},{"taxonomy":"product_cat","embeddable":true,"href":"https:\/\/tourcruiser.com\/fr\/wp-json\/wp\/v2\/product_cat?post=768517"},{"taxonomy":"product_tag","embeddable":true,"href":"https:\/\/tourcruiser.com\/fr\/wp-json\/wp\/v2\/product_tag?post=768517"}],"curies":[{"name":"wp","href":"https:\/\/api.w.org\/{rel}","templated":true}]}}