{"id":768510,"date":"2026-04-16T17:13:12","date_gmt":"2026-04-16T10:13:12","guid":{"rendered":"http:\/\/tourcruiser.com\/product\/preschool-travis-scott-x-air-jordan-1-low-og-sp-black-phantom-do5442-001"},"modified":"2026-04-17T21:53:07","modified_gmt":"2026-04-17T14:53:07","slug":"preschool-travis-scott-x-air-jordan-1-low-og-sp-black-phantom-do5442-001","status":"publish","type":"product","link":"https:\/\/tourcruiser.com\/fr\/products\/preschool-travis-scott-x-air-jordan-1-low-og-sp-black-phantom-do5442-001\/","title":{"rendered":"(Preschool) Travis Scott x Air Jordan 1 Low OG SP &lsquo;Black Phantom&rsquo; DO5442-001"},"content":{"rendered":"<p>D\u00e9couvrez la Travis Scott x Air Jordan 1 Low OG SP Black Phantom (PS). Fruit d&rsquo;une collaboration entre Jordan et Travis Scott, cette sneaker arbore un design \u00e9l\u00e9gant et iconique dans une teinte noire fant\u00f4me. Confectionn\u00e9e \u00e0 partir de mat\u00e9riaux haut de gamme et orn\u00e9e du logo Jordan, elle est un incontournable pour tout collectionneur de sneakers.<\/p>\n<p>\u2026 \u00c2ge\u00a0: Adulte<\/p>\n<p>Couleur\u00a0: Voile\/Rouge universitaire\/Ridgerock<\/p>\n<p>Genre\u00a0: PS<\/p>\n","protected":false},"excerpt":{"rendered":"<p>D\u00e9couvrez la Travis Scott x Air Jordan 1 Low OG SP Black Phantom (PS). Fruit d&rsquo;une collaboration entre Jordan et Travis Scott, cette sneaker arbore un design \u00e9l\u00e9gant et iconique dans une teinte noire fant\u00f4me. Confectionn\u00e9e \u00e0 partir de mat\u00e9riaux haut de gamme et orn\u00e9e du logo Jordan, elle est un incontournable pour tout collectionneur [&hellip;]<\/p>\n","protected":false},"featured_media":768511,"comment_status":"open","ping_status":"closed","template":"","meta":[],"product_brand":[],"product_cat":[38880],"product_tag":[10750,38988,10776,39246,10756,11671,11672],"class_list":{"0":"post-768510","1":"product","2":"type-product","3":"status-publish","4":"has-post-thumbnail","6":"product_cat-jordan","7":"product_tag-athleisure-shoes","8":"product_tag-casual-shoes-for-kids","9":"product_tag-jordan","10":"product_tag-kids-sneakers","11":"product_tag-retro-casual-shoes","12":"product_tag-travis-scott-collection","13":"product_tag-travis-scott-shoes","15":"first","16":"instock","17":"taxable","18":"shipping-taxable","19":"purchasable","20":"product-type-simple"},"wcpa_form_fields":null,"yoast_head":"<!-- This site is optimized with the Yoast SEO plugin v26.5 - https:\/\/yoast.com\/wordpress\/plugins\/seo\/ -->\n<title>(Preschool) Travis Scott x Air Jordan 1 Low OG SP &#039;Black Phantom&#039; DO5442-001 - TOURCRUISER PTE. LTD<\/title>\n<meta name=\"robots\" content=\"index, follow, max-snippet:-1, max-image-preview:large, max-video-preview:-1\" \/>\n<link rel=\"canonical\" href=\"https:\/\/tourcruiser.com\/fr\/products\/preschool-travis-scott-x-air-jordan-1-low-og-sp-black-phantom-do5442-001\/\" \/>\n<meta property=\"og:locale\" content=\"fr_FR\" \/>\n<meta property=\"og:type\" content=\"article\" \/>\n<meta property=\"og:title\" content=\"(Preschool) Travis Scott x Air Jordan 1 Low OG SP &#039;Black Phantom&#039; DO5442-001 - TOURCRUISER PTE. LTD\" \/>\n<meta property=\"og:description\" content=\"D\u00e9couvrez la Travis Scott x Air Jordan 1 Low OG SP Black Phantom (PS). Fruit d&rsquo;une collaboration entre Jordan et Travis Scott, cette sneaker arbore un design \u00e9l\u00e9gant et iconique dans une teinte noire fant\u00f4me. Confectionn\u00e9e \u00e0 partir de mat\u00e9riaux haut de gamme et orn\u00e9e du logo Jordan, elle est un incontournable pour tout collectionneur [&hellip;]\" \/>\n<meta property=\"og:url\" content=\"https:\/\/tourcruiser.com\/fr\/products\/preschool-travis-scott-x-air-jordan-1-low-og-sp-black-phantom-do5442-001\/\" \/>\n<meta property=\"og:site_name\" content=\"Tourcruiser Sneaker Store\" \/>\n<meta property=\"article:modified_time\" content=\"2026-04-17T14:53:07+00:00\" \/>\n<meta name=\"twitter:card\" content=\"summary_large_image\" \/>\n<meta name=\"twitter:image\" content=\"https:\/\/images.novelship.com\/product\/_preschool__travis_scott_x_air_jordan_1_low_og_sp__0_99189.jpeg;https:\/\/images.novelship.com\/product\/_preschool__travis_scott_x_air_jordan_1_low_og_sp__1_99190.jpeg;https:\/\/images.novelship.com\/product\/_preschool__travis_scott_x_air_jordan_1_low_og_sp__2_99190.jpeg;https:\/\/images.novelship.com\/product\/_preschool__travis_scott_x_air_jordan_1_low_og_sp__3_99190.jpeg;https:\/\/images.novelship.com\/product\/_preschool__travis_scott_x_air_jordan_1_low_og_sp__4_99190.jpeg;https:\/\/images.novelship.com\/product\/_preschool__travis_scott_x_air_jordan_1_low_og_sp__5_99190.jpeg\" \/>\n<script type=\"application\/ld+json\" class=\"yoast-schema-graph\">{\"@context\":\"https:\/\/schema.org\",\"@graph\":[{\"@type\":\"WebPage\",\"@id\":\"https:\/\/tourcruiser.com\/fr\/products\/preschool-travis-scott-x-air-jordan-1-low-og-sp-black-phantom-do5442-001\/\",\"url\":\"https:\/\/tourcruiser.com\/fr\/products\/preschool-travis-scott-x-air-jordan-1-low-og-sp-black-phantom-do5442-001\/\",\"name\":\"(Preschool) Travis Scott x Air Jordan 1 Low OG SP 'Black Phantom' DO5442-001 - TOURCRUISER PTE. LTD\",\"isPartOf\":{\"@id\":\"\/#website\"},\"primaryImageOfPage\":{\"@id\":\"https:\/\/tourcruiser.com\/fr\/products\/preschool-travis-scott-x-air-jordan-1-low-og-sp-black-phantom-do5442-001\/#primaryimage\"},\"image\":{\"@id\":\"https:\/\/tourcruiser.com\/fr\/products\/preschool-travis-scott-x-air-jordan-1-low-og-sp-black-phantom-do5442-001\/#primaryimage\"},\"thumbnailUrl\":\"https:\/\/images.novelship.com\/product\/_preschool__travis_scott_x_air_jordan_1_low_og_sp__0_99189.jpeg;https:\/\/images.novelship.com\/product\/_preschool__travis_scott_x_air_jordan_1_low_og_sp__1_99190.jpeg;https:\/\/images.novelship.com\/product\/_preschool__travis_scott_x_air_jordan_1_low_og_sp__2_99190.jpeg;https:\/\/images.novelship.com\/product\/_preschool__travis_scott_x_air_jordan_1_low_og_sp__3_99190.jpeg;https:\/\/images.novelship.com\/product\/_preschool__travis_scott_x_air_jordan_1_low_og_sp__4_99190.jpeg;https:\/\/images.novelship.com\/product\/_preschool__travis_scott_x_air_jordan_1_low_og_sp__5_99190.jpeg\",\"datePublished\":\"2026-04-16T10:13:12+00:00\",\"dateModified\":\"2026-04-17T14:53:07+00:00\",\"breadcrumb\":{\"@id\":\"https:\/\/tourcruiser.com\/fr\/products\/preschool-travis-scott-x-air-jordan-1-low-og-sp-black-phantom-do5442-001\/#breadcrumb\"},\"inLanguage\":\"fr-FR\",\"potentialAction\":[{\"@type\":\"ReadAction\",\"target\":[\"https:\/\/tourcruiser.com\/fr\/products\/preschool-travis-scott-x-air-jordan-1-low-og-sp-black-phantom-do5442-001\/\"]}]},{\"@type\":\"ImageObject\",\"inLanguage\":\"fr-FR\",\"@id\":\"https:\/\/tourcruiser.com\/fr\/products\/preschool-travis-scott-x-air-jordan-1-low-og-sp-black-phantom-do5442-001\/#primaryimage\",\"url\":\"https:\/\/images.novelship.com\/product\/_preschool__travis_scott_x_air_jordan_1_low_og_sp__0_99189.jpeg;https:\/\/images.novelship.com\/product\/_preschool__travis_scott_x_air_jordan_1_low_og_sp__1_99190.jpeg;https:\/\/images.novelship.com\/product\/_preschool__travis_scott_x_air_jordan_1_low_og_sp__2_99190.jpeg;https:\/\/images.novelship.com\/product\/_preschool__travis_scott_x_air_jordan_1_low_og_sp__3_99190.jpeg;https:\/\/images.novelship.com\/product\/_preschool__travis_scott_x_air_jordan_1_low_og_sp__4_99190.jpeg;https:\/\/images.novelship.com\/product\/_preschool__travis_scott_x_air_jordan_1_low_og_sp__5_99190.jpeg\",\"contentUrl\":\"https:\/\/images.novelship.com\/product\/_preschool__travis_scott_x_air_jordan_1_low_og_sp__0_99189.jpeg;https:\/\/images.novelship.com\/product\/_preschool__travis_scott_x_air_jordan_1_low_og_sp__1_99190.jpeg;https:\/\/images.novelship.com\/product\/_preschool__travis_scott_x_air_jordan_1_low_og_sp__2_99190.jpeg;https:\/\/images.novelship.com\/product\/_preschool__travis_scott_x_air_jordan_1_low_og_sp__3_99190.jpeg;https:\/\/images.novelship.com\/product\/_preschool__travis_scott_x_air_jordan_1_low_og_sp__4_99190.jpeg;https:\/\/images.novelship.com\/product\/_preschool__travis_scott_x_air_jordan_1_low_og_sp__5_99190.jpeg\"},{\"@type\":\"BreadcrumbList\",\"@id\":\"https:\/\/tourcruiser.com\/fr\/products\/preschool-travis-scott-x-air-jordan-1-low-og-sp-black-phantom-do5442-001\/#breadcrumb\",\"itemListElement\":[{\"@type\":\"ListItem\",\"position\":1,\"name\":\"Home\",\"item\":\"https:\/\/tourcruiser.com\/fr\/\"},{\"@type\":\"ListItem\",\"position\":2,\"name\":\"Shop\",\"item\":\"https:\/\/tourcruiser.com\/fr\/shop\/\"},{\"@type\":\"ListItem\",\"position\":3,\"name\":\"(Preschool) Travis Scott x Air Jordan 1 Low OG SP &#8216;Black Phantom&#8217; DO5442-001\"}]},{\"@type\":\"WebSite\",\"@id\":\"\/#website\",\"url\":\"\/\",\"name\":\"Styloral Jewelry Shop\",\"description\":\"Tourcruiser Sneaker Store \u2014 L\u2019endroit o\u00f9 l\u2019univers rencontre votre singularit\u00e9.\",\"publisher\":{\"@id\":\"\/#organization\"},\"potentialAction\":[{\"@type\":\"SearchAction\",\"target\":{\"@type\":\"EntryPoint\",\"urlTemplate\":\"\/?s={search_term_string}\"},\"query-input\":{\"@type\":\"PropertyValueSpecification\",\"valueRequired\":true,\"valueName\":\"search_term_string\"}}],\"inLanguage\":\"fr-FR\"},{\"@type\":\"Organization\",\"@id\":\"\/#organization\",\"name\":\"STYLORAL PTE. LTD\",\"url\":\"\/\",\"logo\":{\"@type\":\"ImageObject\",\"inLanguage\":\"fr-FR\",\"@id\":\"\/#\/schema\/logo\/image\/\",\"url\":\"https:\/\/www.tourcruiser.com\/wp-content\/uploads\/2025\/12\/logo.png\",\"contentUrl\":\"https:\/\/www.tourcruiser.com\/wp-content\/uploads\/2025\/12\/logo.png\",\"width\":200,\"height\":65,\"caption\":\"STYLORAL PTE. LTD\"},\"image\":{\"@id\":\"\/#\/schema\/logo\/image\/\"}}]}<\/script>\n<!-- \/ Yoast SEO plugin. -->","yoast_head_json":{"title":"(Preschool) Travis Scott x Air Jordan 1 Low OG SP 'Black Phantom' DO5442-001 - TOURCRUISER PTE. LTD","robots":{"index":"index","follow":"follow","max-snippet":"max-snippet:-1","max-image-preview":"max-image-preview:large","max-video-preview":"max-video-preview:-1"},"canonical":"https:\/\/tourcruiser.com\/fr\/products\/preschool-travis-scott-x-air-jordan-1-low-og-sp-black-phantom-do5442-001\/","og_locale":"fr_FR","og_type":"article","og_title":"(Preschool) Travis Scott x Air Jordan 1 Low OG SP 'Black Phantom' DO5442-001 - TOURCRUISER PTE. LTD","og_description":"D\u00e9couvrez la Travis Scott x Air Jordan 1 Low OG SP Black Phantom (PS). Fruit d&rsquo;une collaboration entre Jordan et Travis Scott, cette sneaker arbore un design \u00e9l\u00e9gant et iconique dans une teinte noire fant\u00f4me. Confectionn\u00e9e \u00e0 partir de mat\u00e9riaux haut de gamme et orn\u00e9e du logo Jordan, elle est un incontournable pour tout collectionneur [&hellip;]","og_url":"https:\/\/tourcruiser.com\/fr\/products\/preschool-travis-scott-x-air-jordan-1-low-og-sp-black-phantom-do5442-001\/","og_site_name":"Tourcruiser Sneaker Store","article_modified_time":"2026-04-17T14:53:07+00:00","twitter_card":"summary_large_image","twitter_image":"https:\/\/images.novelship.com\/product\/_preschool__travis_scott_x_air_jordan_1_low_og_sp__0_99189.jpeg;https:\/\/images.novelship.com\/product\/_preschool__travis_scott_x_air_jordan_1_low_og_sp__1_99190.jpeg;https:\/\/images.novelship.com\/product\/_preschool__travis_scott_x_air_jordan_1_low_og_sp__2_99190.jpeg;https:\/\/images.novelship.com\/product\/_preschool__travis_scott_x_air_jordan_1_low_og_sp__3_99190.jpeg;https:\/\/images.novelship.com\/product\/_preschool__travis_scott_x_air_jordan_1_low_og_sp__4_99190.jpeg;https:\/\/images.novelship.com\/product\/_preschool__travis_scott_x_air_jordan_1_low_og_sp__5_99190.jpeg","schema":{"@context":"https:\/\/schema.org","@graph":[{"@type":"WebPage","@id":"https:\/\/tourcruiser.com\/fr\/products\/preschool-travis-scott-x-air-jordan-1-low-og-sp-black-phantom-do5442-001\/","url":"https:\/\/tourcruiser.com\/fr\/products\/preschool-travis-scott-x-air-jordan-1-low-og-sp-black-phantom-do5442-001\/","name":"(Preschool) Travis Scott x Air Jordan 1 Low OG SP 'Black Phantom' DO5442-001 - TOURCRUISER PTE. LTD","isPartOf":{"@id":"\/#website"},"primaryImageOfPage":{"@id":"https:\/\/tourcruiser.com\/fr\/products\/preschool-travis-scott-x-air-jordan-1-low-og-sp-black-phantom-do5442-001\/#primaryimage"},"image":{"@id":"https:\/\/tourcruiser.com\/fr\/products\/preschool-travis-scott-x-air-jordan-1-low-og-sp-black-phantom-do5442-001\/#primaryimage"},"thumbnailUrl":"https:\/\/images.novelship.com\/product\/_preschool__travis_scott_x_air_jordan_1_low_og_sp__0_99189.jpeg;https:\/\/images.novelship.com\/product\/_preschool__travis_scott_x_air_jordan_1_low_og_sp__1_99190.jpeg;https:\/\/images.novelship.com\/product\/_preschool__travis_scott_x_air_jordan_1_low_og_sp__2_99190.jpeg;https:\/\/images.novelship.com\/product\/_preschool__travis_scott_x_air_jordan_1_low_og_sp__3_99190.jpeg;https:\/\/images.novelship.com\/product\/_preschool__travis_scott_x_air_jordan_1_low_og_sp__4_99190.jpeg;https:\/\/images.novelship.com\/product\/_preschool__travis_scott_x_air_jordan_1_low_og_sp__5_99190.jpeg","datePublished":"2026-04-16T10:13:12+00:00","dateModified":"2026-04-17T14:53:07+00:00","breadcrumb":{"@id":"https:\/\/tourcruiser.com\/fr\/products\/preschool-travis-scott-x-air-jordan-1-low-og-sp-black-phantom-do5442-001\/#breadcrumb"},"inLanguage":"fr-FR","potentialAction":[{"@type":"ReadAction","target":["https:\/\/tourcruiser.com\/fr\/products\/preschool-travis-scott-x-air-jordan-1-low-og-sp-black-phantom-do5442-001\/"]}]},{"@type":"ImageObject","inLanguage":"fr-FR","@id":"https:\/\/tourcruiser.com\/fr\/products\/preschool-travis-scott-x-air-jordan-1-low-og-sp-black-phantom-do5442-001\/#primaryimage","url":"https:\/\/images.novelship.com\/product\/_preschool__travis_scott_x_air_jordan_1_low_og_sp__0_99189.jpeg;https:\/\/images.novelship.com\/product\/_preschool__travis_scott_x_air_jordan_1_low_og_sp__1_99190.jpeg;https:\/\/images.novelship.com\/product\/_preschool__travis_scott_x_air_jordan_1_low_og_sp__2_99190.jpeg;https:\/\/images.novelship.com\/product\/_preschool__travis_scott_x_air_jordan_1_low_og_sp__3_99190.jpeg;https:\/\/images.novelship.com\/product\/_preschool__travis_scott_x_air_jordan_1_low_og_sp__4_99190.jpeg;https:\/\/images.novelship.com\/product\/_preschool__travis_scott_x_air_jordan_1_low_og_sp__5_99190.jpeg","contentUrl":"https:\/\/images.novelship.com\/product\/_preschool__travis_scott_x_air_jordan_1_low_og_sp__0_99189.jpeg;https:\/\/images.novelship.com\/product\/_preschool__travis_scott_x_air_jordan_1_low_og_sp__1_99190.jpeg;https:\/\/images.novelship.com\/product\/_preschool__travis_scott_x_air_jordan_1_low_og_sp__2_99190.jpeg;https:\/\/images.novelship.com\/product\/_preschool__travis_scott_x_air_jordan_1_low_og_sp__3_99190.jpeg;https:\/\/images.novelship.com\/product\/_preschool__travis_scott_x_air_jordan_1_low_og_sp__4_99190.jpeg;https:\/\/images.novelship.com\/product\/_preschool__travis_scott_x_air_jordan_1_low_og_sp__5_99190.jpeg"},{"@type":"BreadcrumbList","@id":"https:\/\/tourcruiser.com\/fr\/products\/preschool-travis-scott-x-air-jordan-1-low-og-sp-black-phantom-do5442-001\/#breadcrumb","itemListElement":[{"@type":"ListItem","position":1,"name":"Home","item":"https:\/\/tourcruiser.com\/fr\/"},{"@type":"ListItem","position":2,"name":"Shop","item":"https:\/\/tourcruiser.com\/fr\/shop\/"},{"@type":"ListItem","position":3,"name":"(Preschool) Travis Scott x Air Jordan 1 Low OG SP &#8216;Black Phantom&#8217; DO5442-001"}]},{"@type":"WebSite","@id":"\/#website","url":"\/","name":"Styloral Jewelry Shop","description":"Tourcruiser Sneaker Store \u2014 L\u2019endroit o\u00f9 l\u2019univers rencontre votre singularit\u00e9.","publisher":{"@id":"\/#organization"},"potentialAction":[{"@type":"SearchAction","target":{"@type":"EntryPoint","urlTemplate":"\/?s={search_term_string}"},"query-input":{"@type":"PropertyValueSpecification","valueRequired":true,"valueName":"search_term_string"}}],"inLanguage":"fr-FR"},{"@type":"Organization","@id":"\/#organization","name":"STYLORAL PTE. LTD","url":"\/","logo":{"@type":"ImageObject","inLanguage":"fr-FR","@id":"\/#\/schema\/logo\/image\/","url":"https:\/\/www.tourcruiser.com\/wp-content\/uploads\/2025\/12\/logo.png","contentUrl":"https:\/\/www.tourcruiser.com\/wp-content\/uploads\/2025\/12\/logo.png","width":200,"height":65,"caption":"STYLORAL PTE. LTD"},"image":{"@id":"\/#\/schema\/logo\/image\/"}}]}},"_links":{"self":[{"href":"https:\/\/tourcruiser.com\/fr\/wp-json\/wp\/v2\/product\/768510","targetHints":{"allow":["GET"]}}],"collection":[{"href":"https:\/\/tourcruiser.com\/fr\/wp-json\/wp\/v2\/product"}],"about":[{"href":"https:\/\/tourcruiser.com\/fr\/wp-json\/wp\/v2\/types\/product"}],"replies":[{"embeddable":true,"href":"https:\/\/tourcruiser.com\/fr\/wp-json\/wp\/v2\/comments?post=768510"}],"wp:featuredmedia":[{"embeddable":true,"href":"https:\/\/tourcruiser.com\/fr\/wp-json\/wp\/v2\/media\/768511"}],"wp:attachment":[{"href":"https:\/\/tourcruiser.com\/fr\/wp-json\/wp\/v2\/media?parent=768510"}],"wp:term":[{"taxonomy":"product_brand","embeddable":true,"href":"https:\/\/tourcruiser.com\/fr\/wp-json\/wp\/v2\/product_brand?post=768510"},{"taxonomy":"product_cat","embeddable":true,"href":"https:\/\/tourcruiser.com\/fr\/wp-json\/wp\/v2\/product_cat?post=768510"},{"taxonomy":"product_tag","embeddable":true,"href":"https:\/\/tourcruiser.com\/fr\/wp-json\/wp\/v2\/product_tag?post=768510"}],"curies":[{"name":"wp","href":"https:\/\/api.w.org\/{rel}","templated":true}]}}