{"id":768501,"date":"2026-04-16T17:13:12","date_gmt":"2026-04-16T10:13:12","guid":{"rendered":"http:\/\/tourcruiser.com\/product\/air-jordan-1-mid-university-blue-dx9276-100"},"modified":"2026-04-17T23:01:17","modified_gmt":"2026-04-17T16:01:17","slug":"air-jordan-1-mid-university-blue-dx9276-100","status":"publish","type":"product","link":"https:\/\/tourcruiser.com\/fr\/products\/air-jordan-1-mid-university-blue-dx9276-100\/","title":{"rendered":"Air Jordan 1 Mid &lsquo;University Blue&rsquo; DX9276-100"},"content":{"rendered":"<p>Affirmez votre style avec l&#8217;embl\u00e9matique Air Jordan 1 Mid \u00ab\u00a0University Blue\u00a0\u00bb\u00a0! Cette chaussure arbore une silhouette classique dans une teinte de bleu captivante et est confectionn\u00e9e en cuir premium pour une durabilit\u00e9 optimale. Le Swoosh signature apporte une touche d&rsquo;\u00e9l\u00e9gance sportive, tandis que l&rsquo;amorti Air offre un confort in\u00e9gal\u00e9. Donnez du style \u00e0 votre look avec l&rsquo;Air Jordan 1 Mid \u00ab\u00a0University Blue\u00a0\u00bb \u2013 un chef-d&rsquo;\u0153uvre intemporel qui ne manquera pas de faire sensation.<\/p>\n<p>Coloris\u00a0: Bleu universitaire\/Gris<\/p>\n<p>Code article\u00a0: DX9276-100<\/p>\n<p>Tige\u00a0: Cuir<\/p>\n<p>Semelle interm\u00e9diaire\u00a0: Air<\/p>\n<p>Couleur\u00a0: Bleu<\/p>\n<p>Designer\u00a0: Peter Moore<\/p>\n<p>Saison\u00a0: Hiver<\/p>\n<p>Ann\u00e9e de sortie\u00a0: 2022<\/p>\n<p>\u00c2ge\u00a0: Adulte<br \/>\nCouleur\u00a0: Noir\/Gris fant\u00f4me\/Rouge universitaire<br \/>\nGenre\u00a0: Homme<\/p>\n","protected":false},"excerpt":{"rendered":"<p>Affirmez votre style avec l&#8217;embl\u00e9matique Air Jordan 1 Mid \u00ab\u00a0University Blue\u00a0\u00bb\u00a0! Cette chaussure arbore une silhouette classique dans une teinte de bleu captivante et est confectionn\u00e9e en cuir premium pour une durabilit\u00e9 optimale. Le Swoosh signature apporte une touche d&rsquo;\u00e9l\u00e9gance sportive, tandis que l&rsquo;amorti Air offre un confort in\u00e9gal\u00e9. Donnez du style \u00e0 votre look [&hellip;]<\/p>\n","protected":false},"featured_media":768502,"comment_status":"open","ping_status":"closed","template":"","meta":[],"product_brand":[],"product_cat":[38880],"product_tag":[38841,39257,38840,10776,11349,38875,10756,38866,38902],"class_list":{"0":"post-768501","1":"product","2":"type-product","3":"status-publish","4":"has-post-thumbnail","6":"product_cat-jordan","7":"product_tag-casual-shoes","8":"product_tag-casual-shoes-inspired-by-basketball","9":"product_tag-gift-ideas-for-him","10":"product_tag-jordan","11":"product_tag-jordan-basketball-shoes","12":"product_tag-jordan-skateboard-shoes","13":"product_tag-retro-casual-shoes","14":"product_tag-sports-shoes","15":"product_tag-trendy-offers","17":"first","18":"instock","19":"taxable","20":"shipping-taxable","21":"purchasable","22":"product-type-simple"},"wcpa_form_fields":null,"yoast_head":"<!-- This site is optimized with the Yoast SEO plugin v26.5 - https:\/\/yoast.com\/wordpress\/plugins\/seo\/ -->\n<title>Air Jordan 1 Mid &#039;University Blue&#039; DX9276-100 - TOURCRUISER PTE. LTD<\/title>\n<meta name=\"robots\" content=\"index, follow, max-snippet:-1, max-image-preview:large, max-video-preview:-1\" \/>\n<link rel=\"canonical\" href=\"https:\/\/tourcruiser.com\/fr\/products\/air-jordan-1-mid-university-blue-dx9276-100\/\" \/>\n<meta property=\"og:locale\" content=\"fr_FR\" \/>\n<meta property=\"og:type\" content=\"article\" \/>\n<meta property=\"og:title\" content=\"Air Jordan 1 Mid &#039;University Blue&#039; DX9276-100 - TOURCRUISER PTE. LTD\" \/>\n<meta property=\"og:description\" content=\"Affirmez votre style avec l&#8217;embl\u00e9matique Air Jordan 1 Mid \u00ab\u00a0University Blue\u00a0\u00bb\u00a0! Cette chaussure arbore une silhouette classique dans une teinte de bleu captivante et est confectionn\u00e9e en cuir premium pour une durabilit\u00e9 optimale. Le Swoosh signature apporte une touche d&rsquo;\u00e9l\u00e9gance sportive, tandis que l&rsquo;amorti Air offre un confort in\u00e9gal\u00e9. Donnez du style \u00e0 votre look [&hellip;]\" \/>\n<meta property=\"og:url\" content=\"https:\/\/tourcruiser.com\/fr\/products\/air-jordan-1-mid-university-blue-dx9276-100\/\" \/>\n<meta property=\"og:site_name\" content=\"Tourcruiser Sneaker Store\" \/>\n<meta property=\"article:modified_time\" content=\"2026-04-17T16:01:17+00:00\" \/>\n<meta name=\"twitter:card\" content=\"summary_large_image\" \/>\n<meta name=\"twitter:image\" content=\"https:\/\/images.novelship.com\/product\/air_jordan_1_mid__university_blue__dx9276_100_0_46336.jpeg;https:\/\/images.novelship.com\/product\/air_jordan_1_mid__university_blue__dx9276_100_1_46336.jpeg;https:\/\/images.novelship.com\/product\/air_jordan_1_mid__university_blue__dx9276_100_2_46336.jpeg;https:\/\/images.novelship.com\/product\/air_jordan_1_mid__university_blue__dx9276_100_3_46336.jpeg;https:\/\/images.novelship.com\/product\/air_jordan_1_mid__university_blue__dx9276_100_4_46336.jpeg;https:\/\/images.novelship.com\/product\/air_jordan_1_mid__university_blue__dx9276_100_5_46336.jpeg;https:\/\/images.novelship.com\/product\/air_jordan_1_mid__university_blue__dx9276_100_6_46336.jpeg;https:\/\/images.novelship.com\/product\/air_jordan_1_mid__university_blue__dx9276_100_7_46336.jpeg\" \/>\n<meta name=\"twitter:label1\" content=\"Dur\u00e9e de lecture estim\u00e9e\" \/>\n\t<meta name=\"twitter:data1\" content=\"1 minute\" \/>\n<script type=\"application\/ld+json\" class=\"yoast-schema-graph\">{\"@context\":\"https:\/\/schema.org\",\"@graph\":[{\"@type\":\"WebPage\",\"@id\":\"https:\/\/tourcruiser.com\/fr\/products\/air-jordan-1-mid-university-blue-dx9276-100\/\",\"url\":\"https:\/\/tourcruiser.com\/fr\/products\/air-jordan-1-mid-university-blue-dx9276-100\/\",\"name\":\"Air Jordan 1 Mid 'University Blue' DX9276-100 - TOURCRUISER PTE. LTD\",\"isPartOf\":{\"@id\":\"\/#website\"},\"primaryImageOfPage\":{\"@id\":\"https:\/\/tourcruiser.com\/fr\/products\/air-jordan-1-mid-university-blue-dx9276-100\/#primaryimage\"},\"image\":{\"@id\":\"https:\/\/tourcruiser.com\/fr\/products\/air-jordan-1-mid-university-blue-dx9276-100\/#primaryimage\"},\"thumbnailUrl\":\"https:\/\/images.novelship.com\/product\/air_jordan_1_mid__university_blue__dx9276_100_0_46336.jpeg;https:\/\/images.novelship.com\/product\/air_jordan_1_mid__university_blue__dx9276_100_1_46336.jpeg;https:\/\/images.novelship.com\/product\/air_jordan_1_mid__university_blue__dx9276_100_2_46336.jpeg;https:\/\/images.novelship.com\/product\/air_jordan_1_mid__university_blue__dx9276_100_3_46336.jpeg;https:\/\/images.novelship.com\/product\/air_jordan_1_mid__university_blue__dx9276_100_4_46336.jpeg;https:\/\/images.novelship.com\/product\/air_jordan_1_mid__university_blue__dx9276_100_5_46336.jpeg;https:\/\/images.novelship.com\/product\/air_jordan_1_mid__university_blue__dx9276_100_6_46336.jpeg;https:\/\/images.novelship.com\/product\/air_jordan_1_mid__university_blue__dx9276_100_7_46336.jpeg\",\"datePublished\":\"2026-04-16T10:13:12+00:00\",\"dateModified\":\"2026-04-17T16:01:17+00:00\",\"breadcrumb\":{\"@id\":\"https:\/\/tourcruiser.com\/fr\/products\/air-jordan-1-mid-university-blue-dx9276-100\/#breadcrumb\"},\"inLanguage\":\"fr-FR\",\"potentialAction\":[{\"@type\":\"ReadAction\",\"target\":[\"https:\/\/tourcruiser.com\/fr\/products\/air-jordan-1-mid-university-blue-dx9276-100\/\"]}]},{\"@type\":\"ImageObject\",\"inLanguage\":\"fr-FR\",\"@id\":\"https:\/\/tourcruiser.com\/fr\/products\/air-jordan-1-mid-university-blue-dx9276-100\/#primaryimage\",\"url\":\"https:\/\/images.novelship.com\/product\/air_jordan_1_mid__university_blue__dx9276_100_0_46336.jpeg;https:\/\/images.novelship.com\/product\/air_jordan_1_mid__university_blue__dx9276_100_1_46336.jpeg;https:\/\/images.novelship.com\/product\/air_jordan_1_mid__university_blue__dx9276_100_2_46336.jpeg;https:\/\/images.novelship.com\/product\/air_jordan_1_mid__university_blue__dx9276_100_3_46336.jpeg;https:\/\/images.novelship.com\/product\/air_jordan_1_mid__university_blue__dx9276_100_4_46336.jpeg;https:\/\/images.novelship.com\/product\/air_jordan_1_mid__university_blue__dx9276_100_5_46336.jpeg;https:\/\/images.novelship.com\/product\/air_jordan_1_mid__university_blue__dx9276_100_6_46336.jpeg;https:\/\/images.novelship.com\/product\/air_jordan_1_mid__university_blue__dx9276_100_7_46336.jpeg\",\"contentUrl\":\"https:\/\/images.novelship.com\/product\/air_jordan_1_mid__university_blue__dx9276_100_0_46336.jpeg;https:\/\/images.novelship.com\/product\/air_jordan_1_mid__university_blue__dx9276_100_1_46336.jpeg;https:\/\/images.novelship.com\/product\/air_jordan_1_mid__university_blue__dx9276_100_2_46336.jpeg;https:\/\/images.novelship.com\/product\/air_jordan_1_mid__university_blue__dx9276_100_3_46336.jpeg;https:\/\/images.novelship.com\/product\/air_jordan_1_mid__university_blue__dx9276_100_4_46336.jpeg;https:\/\/images.novelship.com\/product\/air_jordan_1_mid__university_blue__dx9276_100_5_46336.jpeg;https:\/\/images.novelship.com\/product\/air_jordan_1_mid__university_blue__dx9276_100_6_46336.jpeg;https:\/\/images.novelship.com\/product\/air_jordan_1_mid__university_blue__dx9276_100_7_46336.jpeg\"},{\"@type\":\"BreadcrumbList\",\"@id\":\"https:\/\/tourcruiser.com\/fr\/products\/air-jordan-1-mid-university-blue-dx9276-100\/#breadcrumb\",\"itemListElement\":[{\"@type\":\"ListItem\",\"position\":1,\"name\":\"Home\",\"item\":\"https:\/\/tourcruiser.com\/fr\/\"},{\"@type\":\"ListItem\",\"position\":2,\"name\":\"Shop\",\"item\":\"https:\/\/tourcruiser.com\/fr\/shop\/\"},{\"@type\":\"ListItem\",\"position\":3,\"name\":\"Air Jordan 1 Mid &#8216;University Blue&#8217; DX9276-100\"}]},{\"@type\":\"WebSite\",\"@id\":\"\/#website\",\"url\":\"\/\",\"name\":\"Styloral Jewelry Shop\",\"description\":\"Tourcruiser Sneaker Store \u2014 L\u2019endroit o\u00f9 l\u2019univers rencontre votre singularit\u00e9.\",\"publisher\":{\"@id\":\"\/#organization\"},\"potentialAction\":[{\"@type\":\"SearchAction\",\"target\":{\"@type\":\"EntryPoint\",\"urlTemplate\":\"\/?s={search_term_string}\"},\"query-input\":{\"@type\":\"PropertyValueSpecification\",\"valueRequired\":true,\"valueName\":\"search_term_string\"}}],\"inLanguage\":\"fr-FR\"},{\"@type\":\"Organization\",\"@id\":\"\/#organization\",\"name\":\"STYLORAL PTE. LTD\",\"url\":\"\/\",\"logo\":{\"@type\":\"ImageObject\",\"inLanguage\":\"fr-FR\",\"@id\":\"\/#\/schema\/logo\/image\/\",\"url\":\"https:\/\/www.tourcruiser.com\/wp-content\/uploads\/2025\/12\/logo.png\",\"contentUrl\":\"https:\/\/www.tourcruiser.com\/wp-content\/uploads\/2025\/12\/logo.png\",\"width\":200,\"height\":65,\"caption\":\"STYLORAL PTE. LTD\"},\"image\":{\"@id\":\"\/#\/schema\/logo\/image\/\"}}]}<\/script>\n<!-- \/ Yoast SEO plugin. -->","yoast_head_json":{"title":"Air Jordan 1 Mid 'University Blue' DX9276-100 - TOURCRUISER PTE. LTD","robots":{"index":"index","follow":"follow","max-snippet":"max-snippet:-1","max-image-preview":"max-image-preview:large","max-video-preview":"max-video-preview:-1"},"canonical":"https:\/\/tourcruiser.com\/fr\/products\/air-jordan-1-mid-university-blue-dx9276-100\/","og_locale":"fr_FR","og_type":"article","og_title":"Air Jordan 1 Mid 'University Blue' DX9276-100 - TOURCRUISER PTE. LTD","og_description":"Affirmez votre style avec l&#8217;embl\u00e9matique Air Jordan 1 Mid \u00ab\u00a0University Blue\u00a0\u00bb\u00a0! Cette chaussure arbore une silhouette classique dans une teinte de bleu captivante et est confectionn\u00e9e en cuir premium pour une durabilit\u00e9 optimale. Le Swoosh signature apporte une touche d&rsquo;\u00e9l\u00e9gance sportive, tandis que l&rsquo;amorti Air offre un confort in\u00e9gal\u00e9. Donnez du style \u00e0 votre look [&hellip;]","og_url":"https:\/\/tourcruiser.com\/fr\/products\/air-jordan-1-mid-university-blue-dx9276-100\/","og_site_name":"Tourcruiser Sneaker Store","article_modified_time":"2026-04-17T16:01:17+00:00","twitter_card":"summary_large_image","twitter_image":"https:\/\/images.novelship.com\/product\/air_jordan_1_mid__university_blue__dx9276_100_0_46336.jpeg;https:\/\/images.novelship.com\/product\/air_jordan_1_mid__university_blue__dx9276_100_1_46336.jpeg;https:\/\/images.novelship.com\/product\/air_jordan_1_mid__university_blue__dx9276_100_2_46336.jpeg;https:\/\/images.novelship.com\/product\/air_jordan_1_mid__university_blue__dx9276_100_3_46336.jpeg;https:\/\/images.novelship.com\/product\/air_jordan_1_mid__university_blue__dx9276_100_4_46336.jpeg;https:\/\/images.novelship.com\/product\/air_jordan_1_mid__university_blue__dx9276_100_5_46336.jpeg;https:\/\/images.novelship.com\/product\/air_jordan_1_mid__university_blue__dx9276_100_6_46336.jpeg;https:\/\/images.novelship.com\/product\/air_jordan_1_mid__university_blue__dx9276_100_7_46336.jpeg","twitter_misc":{"Dur\u00e9e de lecture estim\u00e9e":"1 minute"},"schema":{"@context":"https:\/\/schema.org","@graph":[{"@type":"WebPage","@id":"https:\/\/tourcruiser.com\/fr\/products\/air-jordan-1-mid-university-blue-dx9276-100\/","url":"https:\/\/tourcruiser.com\/fr\/products\/air-jordan-1-mid-university-blue-dx9276-100\/","name":"Air Jordan 1 Mid 'University Blue' DX9276-100 - TOURCRUISER PTE. LTD","isPartOf":{"@id":"\/#website"},"primaryImageOfPage":{"@id":"https:\/\/tourcruiser.com\/fr\/products\/air-jordan-1-mid-university-blue-dx9276-100\/#primaryimage"},"image":{"@id":"https:\/\/tourcruiser.com\/fr\/products\/air-jordan-1-mid-university-blue-dx9276-100\/#primaryimage"},"thumbnailUrl":"https:\/\/images.novelship.com\/product\/air_jordan_1_mid__university_blue__dx9276_100_0_46336.jpeg;https:\/\/images.novelship.com\/product\/air_jordan_1_mid__university_blue__dx9276_100_1_46336.jpeg;https:\/\/images.novelship.com\/product\/air_jordan_1_mid__university_blue__dx9276_100_2_46336.jpeg;https:\/\/images.novelship.com\/product\/air_jordan_1_mid__university_blue__dx9276_100_3_46336.jpeg;https:\/\/images.novelship.com\/product\/air_jordan_1_mid__university_blue__dx9276_100_4_46336.jpeg;https:\/\/images.novelship.com\/product\/air_jordan_1_mid__university_blue__dx9276_100_5_46336.jpeg;https:\/\/images.novelship.com\/product\/air_jordan_1_mid__university_blue__dx9276_100_6_46336.jpeg;https:\/\/images.novelship.com\/product\/air_jordan_1_mid__university_blue__dx9276_100_7_46336.jpeg","datePublished":"2026-04-16T10:13:12+00:00","dateModified":"2026-04-17T16:01:17+00:00","breadcrumb":{"@id":"https:\/\/tourcruiser.com\/fr\/products\/air-jordan-1-mid-university-blue-dx9276-100\/#breadcrumb"},"inLanguage":"fr-FR","potentialAction":[{"@type":"ReadAction","target":["https:\/\/tourcruiser.com\/fr\/products\/air-jordan-1-mid-university-blue-dx9276-100\/"]}]},{"@type":"ImageObject","inLanguage":"fr-FR","@id":"https:\/\/tourcruiser.com\/fr\/products\/air-jordan-1-mid-university-blue-dx9276-100\/#primaryimage","url":"https:\/\/images.novelship.com\/product\/air_jordan_1_mid__university_blue__dx9276_100_0_46336.jpeg;https:\/\/images.novelship.com\/product\/air_jordan_1_mid__university_blue__dx9276_100_1_46336.jpeg;https:\/\/images.novelship.com\/product\/air_jordan_1_mid__university_blue__dx9276_100_2_46336.jpeg;https:\/\/images.novelship.com\/product\/air_jordan_1_mid__university_blue__dx9276_100_3_46336.jpeg;https:\/\/images.novelship.com\/product\/air_jordan_1_mid__university_blue__dx9276_100_4_46336.jpeg;https:\/\/images.novelship.com\/product\/air_jordan_1_mid__university_blue__dx9276_100_5_46336.jpeg;https:\/\/images.novelship.com\/product\/air_jordan_1_mid__university_blue__dx9276_100_6_46336.jpeg;https:\/\/images.novelship.com\/product\/air_jordan_1_mid__university_blue__dx9276_100_7_46336.jpeg","contentUrl":"https:\/\/images.novelship.com\/product\/air_jordan_1_mid__university_blue__dx9276_100_0_46336.jpeg;https:\/\/images.novelship.com\/product\/air_jordan_1_mid__university_blue__dx9276_100_1_46336.jpeg;https:\/\/images.novelship.com\/product\/air_jordan_1_mid__university_blue__dx9276_100_2_46336.jpeg;https:\/\/images.novelship.com\/product\/air_jordan_1_mid__university_blue__dx9276_100_3_46336.jpeg;https:\/\/images.novelship.com\/product\/air_jordan_1_mid__university_blue__dx9276_100_4_46336.jpeg;https:\/\/images.novelship.com\/product\/air_jordan_1_mid__university_blue__dx9276_100_5_46336.jpeg;https:\/\/images.novelship.com\/product\/air_jordan_1_mid__university_blue__dx9276_100_6_46336.jpeg;https:\/\/images.novelship.com\/product\/air_jordan_1_mid__university_blue__dx9276_100_7_46336.jpeg"},{"@type":"BreadcrumbList","@id":"https:\/\/tourcruiser.com\/fr\/products\/air-jordan-1-mid-university-blue-dx9276-100\/#breadcrumb","itemListElement":[{"@type":"ListItem","position":1,"name":"Home","item":"https:\/\/tourcruiser.com\/fr\/"},{"@type":"ListItem","position":2,"name":"Shop","item":"https:\/\/tourcruiser.com\/fr\/shop\/"},{"@type":"ListItem","position":3,"name":"Air Jordan 1 Mid &#8216;University Blue&#8217; DX9276-100"}]},{"@type":"WebSite","@id":"\/#website","url":"\/","name":"Styloral Jewelry Shop","description":"Tourcruiser Sneaker Store \u2014 L\u2019endroit o\u00f9 l\u2019univers rencontre votre singularit\u00e9.","publisher":{"@id":"\/#organization"},"potentialAction":[{"@type":"SearchAction","target":{"@type":"EntryPoint","urlTemplate":"\/?s={search_term_string}"},"query-input":{"@type":"PropertyValueSpecification","valueRequired":true,"valueName":"search_term_string"}}],"inLanguage":"fr-FR"},{"@type":"Organization","@id":"\/#organization","name":"STYLORAL PTE. LTD","url":"\/","logo":{"@type":"ImageObject","inLanguage":"fr-FR","@id":"\/#\/schema\/logo\/image\/","url":"https:\/\/www.tourcruiser.com\/wp-content\/uploads\/2025\/12\/logo.png","contentUrl":"https:\/\/www.tourcruiser.com\/wp-content\/uploads\/2025\/12\/logo.png","width":200,"height":65,"caption":"STYLORAL PTE. LTD"},"image":{"@id":"\/#\/schema\/logo\/image\/"}}]}},"_links":{"self":[{"href":"https:\/\/tourcruiser.com\/fr\/wp-json\/wp\/v2\/product\/768501","targetHints":{"allow":["GET"]}}],"collection":[{"href":"https:\/\/tourcruiser.com\/fr\/wp-json\/wp\/v2\/product"}],"about":[{"href":"https:\/\/tourcruiser.com\/fr\/wp-json\/wp\/v2\/types\/product"}],"replies":[{"embeddable":true,"href":"https:\/\/tourcruiser.com\/fr\/wp-json\/wp\/v2\/comments?post=768501"}],"wp:featuredmedia":[{"embeddable":true,"href":"https:\/\/tourcruiser.com\/fr\/wp-json\/wp\/v2\/media\/768502"}],"wp:attachment":[{"href":"https:\/\/tourcruiser.com\/fr\/wp-json\/wp\/v2\/media?parent=768501"}],"wp:term":[{"taxonomy":"product_brand","embeddable":true,"href":"https:\/\/tourcruiser.com\/fr\/wp-json\/wp\/v2\/product_brand?post=768501"},{"taxonomy":"product_cat","embeddable":true,"href":"https:\/\/tourcruiser.com\/fr\/wp-json\/wp\/v2\/product_cat?post=768501"},{"taxonomy":"product_tag","embeddable":true,"href":"https:\/\/tourcruiser.com\/fr\/wp-json\/wp\/v2\/product_tag?post=768501"}],"curies":[{"name":"wp","href":"https:\/\/api.w.org\/{rel}","templated":true}]}}