{"id":768492,"date":"2026-04-16T17:13:11","date_gmt":"2026-04-16T10:13:11","guid":{"rendered":"http:\/\/tourcruiser.com\/product\/trophy-room-x-air-jordan-5-retro-ice-blue-ci1899-400"},"modified":"2026-04-17T23:01:15","modified_gmt":"2026-04-17T16:01:15","slug":"trophy-room-x-air-jordan-5-retro-ice-blue-ci1899-400","status":"publish","type":"product","link":"https:\/\/tourcruiser.com\/fr\/products\/trophy-room-x-air-jordan-5-retro-ice-blue-ci1899-400\/","title":{"rendered":"Trophy Room x Air Jordan 5 Retro &lsquo;Ice Blue&rsquo; CI1899-400"},"content":{"rendered":"<p>La Trophy Room x Air Jordan 5 Retro Ice Blue, aussi appel\u00e9e Ice Blue, est une collaboration entre Jordan et Trophy Room. Cette sneaker arbore un coloris bleu \u00e9clatant qui ne manquera pas d&rsquo;attirer les regards. Avec son design r\u00e9tro et le logo embl\u00e9matique de Jordan, l&rsquo;Ice Blue est un incontournable pour tout amateur de sneakers.<\/p>\n<p>Coloris : Bleu Glac\u00e9\/Voile\/Or M\u00e9tallis\u00e9\/Rouge Universitaire<\/p>\n<p>Code article : CI1899-400<\/p>\n<p>Tige : Daim<\/p>\n<p>Semelle interm\u00e9diaire : Air<\/p>\n<p>Couleur : Bleu<\/p>\n<p>Designer : Tinker Hatfield<\/p>\n<p>Saison : Printemps<\/p>\n<p>Ann\u00e9e de sortie : 2019<\/p>\n<p>\u00c2ge : Adulte<\/p>\n<p>Couleur : Blanc\/Chrome\/Moka Fonc\u00e9<\/p>\n<p>Genre : Homme<\/p>\n","protected":false},"excerpt":{"rendered":"<p>La Trophy Room x Air Jordan 5 Retro Ice Blue, aussi appel\u00e9e Ice Blue, est une collaboration entre Jordan et Trophy Room. Cette sneaker arbore un coloris bleu \u00e9clatant qui ne manquera pas d&rsquo;attirer les regards. Avec son design r\u00e9tro et le logo embl\u00e9matique de Jordan, l&rsquo;Ice Blue est un incontournable pour tout amateur de [&hellip;]<\/p>\n","protected":false},"featured_media":768493,"comment_status":"open","ping_status":"closed","template":"","meta":[],"product_brand":[],"product_cat":[38880],"product_tag":[10750,10800,38841,38842,10776,11349,38875,38886,10756],"class_list":{"0":"post-768492","1":"product","2":"type-product","3":"status-publish","4":"has-post-thumbnail","6":"product_cat-jordan","7":"product_tag-athleisure-shoes","8":"product_tag-basketball-shoes","9":"product_tag-casual-shoes","10":"product_tag-gift-idea-for-him","11":"product_tag-jordan","12":"product_tag-jordan-basketball-shoes","13":"product_tag-jordan-skateboard-shoes","14":"product_tag-lifestyle-shoes-inspired-by-basketball","15":"product_tag-retro-casual-shoes","17":"first","18":"instock","19":"taxable","20":"shipping-taxable","21":"purchasable","22":"product-type-simple"},"wcpa_form_fields":null,"yoast_head":"<!-- This site is optimized with the Yoast SEO plugin v26.5 - https:\/\/yoast.com\/wordpress\/plugins\/seo\/ -->\n<title>Trophy Room x Air Jordan 5 Retro &#039;Ice Blue&#039; CI1899-400 - TOURCRUISER PTE. LTD<\/title>\n<meta name=\"robots\" content=\"index, follow, max-snippet:-1, max-image-preview:large, max-video-preview:-1\" \/>\n<link rel=\"canonical\" href=\"https:\/\/tourcruiser.com\/fr\/products\/trophy-room-x-air-jordan-5-retro-ice-blue-ci1899-400\/\" \/>\n<meta property=\"og:locale\" content=\"fr_FR\" \/>\n<meta property=\"og:type\" content=\"article\" \/>\n<meta property=\"og:title\" content=\"Trophy Room x Air Jordan 5 Retro &#039;Ice Blue&#039; CI1899-400 - TOURCRUISER PTE. LTD\" \/>\n<meta property=\"og:description\" content=\"La Trophy Room x Air Jordan 5 Retro Ice Blue, aussi appel\u00e9e Ice Blue, est une collaboration entre Jordan et Trophy Room. Cette sneaker arbore un coloris bleu \u00e9clatant qui ne manquera pas d&rsquo;attirer les regards. Avec son design r\u00e9tro et le logo embl\u00e9matique de Jordan, l&rsquo;Ice Blue est un incontournable pour tout amateur de [&hellip;]\" \/>\n<meta property=\"og:url\" content=\"https:\/\/tourcruiser.com\/fr\/products\/trophy-room-x-air-jordan-5-retro-ice-blue-ci1899-400\/\" \/>\n<meta property=\"og:site_name\" content=\"Tourcruiser Sneaker Store\" \/>\n<meta property=\"article:modified_time\" content=\"2026-04-17T16:01:15+00:00\" \/>\n<meta name=\"twitter:card\" content=\"summary_large_image\" \/>\n<meta name=\"twitter:image\" content=\"https:\/\/images.novelship.com\/product\/trophy_room_x_air_jordan_5_retro__ice_blue__ci1899_0_13875.jpeg;https:\/\/images.novelship.com\/product\/trophy_room_x_air_jordan_5_retro__ice_blue__ci1899_1_13876.jpeg;https:\/\/images.novelship.com\/product\/trophy_room_x_air_jordan_5_retro__ice_blue__ci1899_2_13876.jpeg;https:\/\/images.novelship.com\/product\/trophy_room_x_air_jordan_5_retro__ice_blue__ci1899_3_13876.jpeg;https:\/\/images.novelship.com\/product\/trophy_room_x_air_jordan_5_retro__ice_blue__ci1899_4_13876.jpeg;https:\/\/images.novelship.com\/product\/trophy_room_x_air_jordan_5_retro__ice_blue__ci1899_5_13876.jpeg;https:\/\/images.novelship.com\/product\/trophy_room_x_air_jordan_5_retro__ice_blue__ci1899_6_13876.jpeg;https:\/\/images.novelship.com\/product\/trophy_room_x_air_jordan_5_retro__ice_blue__ci1899_7_13876.jpeg\" \/>\n<script type=\"application\/ld+json\" class=\"yoast-schema-graph\">{\"@context\":\"https:\/\/schema.org\",\"@graph\":[{\"@type\":\"WebPage\",\"@id\":\"https:\/\/tourcruiser.com\/fr\/products\/trophy-room-x-air-jordan-5-retro-ice-blue-ci1899-400\/\",\"url\":\"https:\/\/tourcruiser.com\/fr\/products\/trophy-room-x-air-jordan-5-retro-ice-blue-ci1899-400\/\",\"name\":\"Trophy Room x Air Jordan 5 Retro 'Ice Blue' CI1899-400 - TOURCRUISER PTE. LTD\",\"isPartOf\":{\"@id\":\"\/#website\"},\"primaryImageOfPage\":{\"@id\":\"https:\/\/tourcruiser.com\/fr\/products\/trophy-room-x-air-jordan-5-retro-ice-blue-ci1899-400\/#primaryimage\"},\"image\":{\"@id\":\"https:\/\/tourcruiser.com\/fr\/products\/trophy-room-x-air-jordan-5-retro-ice-blue-ci1899-400\/#primaryimage\"},\"thumbnailUrl\":\"https:\/\/images.novelship.com\/product\/trophy_room_x_air_jordan_5_retro__ice_blue__ci1899_0_13875.jpeg;https:\/\/images.novelship.com\/product\/trophy_room_x_air_jordan_5_retro__ice_blue__ci1899_1_13876.jpeg;https:\/\/images.novelship.com\/product\/trophy_room_x_air_jordan_5_retro__ice_blue__ci1899_2_13876.jpeg;https:\/\/images.novelship.com\/product\/trophy_room_x_air_jordan_5_retro__ice_blue__ci1899_3_13876.jpeg;https:\/\/images.novelship.com\/product\/trophy_room_x_air_jordan_5_retro__ice_blue__ci1899_4_13876.jpeg;https:\/\/images.novelship.com\/product\/trophy_room_x_air_jordan_5_retro__ice_blue__ci1899_5_13876.jpeg;https:\/\/images.novelship.com\/product\/trophy_room_x_air_jordan_5_retro__ice_blue__ci1899_6_13876.jpeg;https:\/\/images.novelship.com\/product\/trophy_room_x_air_jordan_5_retro__ice_blue__ci1899_7_13876.jpeg\",\"datePublished\":\"2026-04-16T10:13:11+00:00\",\"dateModified\":\"2026-04-17T16:01:15+00:00\",\"breadcrumb\":{\"@id\":\"https:\/\/tourcruiser.com\/fr\/products\/trophy-room-x-air-jordan-5-retro-ice-blue-ci1899-400\/#breadcrumb\"},\"inLanguage\":\"fr-FR\",\"potentialAction\":[{\"@type\":\"ReadAction\",\"target\":[\"https:\/\/tourcruiser.com\/fr\/products\/trophy-room-x-air-jordan-5-retro-ice-blue-ci1899-400\/\"]}]},{\"@type\":\"ImageObject\",\"inLanguage\":\"fr-FR\",\"@id\":\"https:\/\/tourcruiser.com\/fr\/products\/trophy-room-x-air-jordan-5-retro-ice-blue-ci1899-400\/#primaryimage\",\"url\":\"https:\/\/images.novelship.com\/product\/trophy_room_x_air_jordan_5_retro__ice_blue__ci1899_0_13875.jpeg;https:\/\/images.novelship.com\/product\/trophy_room_x_air_jordan_5_retro__ice_blue__ci1899_1_13876.jpeg;https:\/\/images.novelship.com\/product\/trophy_room_x_air_jordan_5_retro__ice_blue__ci1899_2_13876.jpeg;https:\/\/images.novelship.com\/product\/trophy_room_x_air_jordan_5_retro__ice_blue__ci1899_3_13876.jpeg;https:\/\/images.novelship.com\/product\/trophy_room_x_air_jordan_5_retro__ice_blue__ci1899_4_13876.jpeg;https:\/\/images.novelship.com\/product\/trophy_room_x_air_jordan_5_retro__ice_blue__ci1899_5_13876.jpeg;https:\/\/images.novelship.com\/product\/trophy_room_x_air_jordan_5_retro__ice_blue__ci1899_6_13876.jpeg;https:\/\/images.novelship.com\/product\/trophy_room_x_air_jordan_5_retro__ice_blue__ci1899_7_13876.jpeg\",\"contentUrl\":\"https:\/\/images.novelship.com\/product\/trophy_room_x_air_jordan_5_retro__ice_blue__ci1899_0_13875.jpeg;https:\/\/images.novelship.com\/product\/trophy_room_x_air_jordan_5_retro__ice_blue__ci1899_1_13876.jpeg;https:\/\/images.novelship.com\/product\/trophy_room_x_air_jordan_5_retro__ice_blue__ci1899_2_13876.jpeg;https:\/\/images.novelship.com\/product\/trophy_room_x_air_jordan_5_retro__ice_blue__ci1899_3_13876.jpeg;https:\/\/images.novelship.com\/product\/trophy_room_x_air_jordan_5_retro__ice_blue__ci1899_4_13876.jpeg;https:\/\/images.novelship.com\/product\/trophy_room_x_air_jordan_5_retro__ice_blue__ci1899_5_13876.jpeg;https:\/\/images.novelship.com\/product\/trophy_room_x_air_jordan_5_retro__ice_blue__ci1899_6_13876.jpeg;https:\/\/images.novelship.com\/product\/trophy_room_x_air_jordan_5_retro__ice_blue__ci1899_7_13876.jpeg\"},{\"@type\":\"BreadcrumbList\",\"@id\":\"https:\/\/tourcruiser.com\/fr\/products\/trophy-room-x-air-jordan-5-retro-ice-blue-ci1899-400\/#breadcrumb\",\"itemListElement\":[{\"@type\":\"ListItem\",\"position\":1,\"name\":\"Home\",\"item\":\"https:\/\/tourcruiser.com\/fr\/\"},{\"@type\":\"ListItem\",\"position\":2,\"name\":\"Shop\",\"item\":\"https:\/\/tourcruiser.com\/fr\/shop\/\"},{\"@type\":\"ListItem\",\"position\":3,\"name\":\"Trophy Room x Air Jordan 5 Retro &#8216;Ice Blue&#8217; CI1899-400\"}]},{\"@type\":\"WebSite\",\"@id\":\"\/#website\",\"url\":\"\/\",\"name\":\"Styloral Jewelry Shop\",\"description\":\"Tourcruiser Sneaker Store \u2014 L\u2019endroit o\u00f9 l\u2019univers rencontre votre singularit\u00e9.\",\"publisher\":{\"@id\":\"\/#organization\"},\"potentialAction\":[{\"@type\":\"SearchAction\",\"target\":{\"@type\":\"EntryPoint\",\"urlTemplate\":\"\/?s={search_term_string}\"},\"query-input\":{\"@type\":\"PropertyValueSpecification\",\"valueRequired\":true,\"valueName\":\"search_term_string\"}}],\"inLanguage\":\"fr-FR\"},{\"@type\":\"Organization\",\"@id\":\"\/#organization\",\"name\":\"STYLORAL PTE. LTD\",\"url\":\"\/\",\"logo\":{\"@type\":\"ImageObject\",\"inLanguage\":\"fr-FR\",\"@id\":\"\/#\/schema\/logo\/image\/\",\"url\":\"https:\/\/www.tourcruiser.com\/wp-content\/uploads\/2025\/12\/logo.png\",\"contentUrl\":\"https:\/\/www.tourcruiser.com\/wp-content\/uploads\/2025\/12\/logo.png\",\"width\":200,\"height\":65,\"caption\":\"STYLORAL PTE. LTD\"},\"image\":{\"@id\":\"\/#\/schema\/logo\/image\/\"}}]}<\/script>\n<!-- \/ Yoast SEO plugin. -->","yoast_head_json":{"title":"Trophy Room x Air Jordan 5 Retro 'Ice Blue' CI1899-400 - TOURCRUISER PTE. LTD","robots":{"index":"index","follow":"follow","max-snippet":"max-snippet:-1","max-image-preview":"max-image-preview:large","max-video-preview":"max-video-preview:-1"},"canonical":"https:\/\/tourcruiser.com\/fr\/products\/trophy-room-x-air-jordan-5-retro-ice-blue-ci1899-400\/","og_locale":"fr_FR","og_type":"article","og_title":"Trophy Room x Air Jordan 5 Retro 'Ice Blue' CI1899-400 - TOURCRUISER PTE. LTD","og_description":"La Trophy Room x Air Jordan 5 Retro Ice Blue, aussi appel\u00e9e Ice Blue, est une collaboration entre Jordan et Trophy Room. Cette sneaker arbore un coloris bleu \u00e9clatant qui ne manquera pas d&rsquo;attirer les regards. Avec son design r\u00e9tro et le logo embl\u00e9matique de Jordan, l&rsquo;Ice Blue est un incontournable pour tout amateur de [&hellip;]","og_url":"https:\/\/tourcruiser.com\/fr\/products\/trophy-room-x-air-jordan-5-retro-ice-blue-ci1899-400\/","og_site_name":"Tourcruiser Sneaker Store","article_modified_time":"2026-04-17T16:01:15+00:00","twitter_card":"summary_large_image","twitter_image":"https:\/\/images.novelship.com\/product\/trophy_room_x_air_jordan_5_retro__ice_blue__ci1899_0_13875.jpeg;https:\/\/images.novelship.com\/product\/trophy_room_x_air_jordan_5_retro__ice_blue__ci1899_1_13876.jpeg;https:\/\/images.novelship.com\/product\/trophy_room_x_air_jordan_5_retro__ice_blue__ci1899_2_13876.jpeg;https:\/\/images.novelship.com\/product\/trophy_room_x_air_jordan_5_retro__ice_blue__ci1899_3_13876.jpeg;https:\/\/images.novelship.com\/product\/trophy_room_x_air_jordan_5_retro__ice_blue__ci1899_4_13876.jpeg;https:\/\/images.novelship.com\/product\/trophy_room_x_air_jordan_5_retro__ice_blue__ci1899_5_13876.jpeg;https:\/\/images.novelship.com\/product\/trophy_room_x_air_jordan_5_retro__ice_blue__ci1899_6_13876.jpeg;https:\/\/images.novelship.com\/product\/trophy_room_x_air_jordan_5_retro__ice_blue__ci1899_7_13876.jpeg","schema":{"@context":"https:\/\/schema.org","@graph":[{"@type":"WebPage","@id":"https:\/\/tourcruiser.com\/fr\/products\/trophy-room-x-air-jordan-5-retro-ice-blue-ci1899-400\/","url":"https:\/\/tourcruiser.com\/fr\/products\/trophy-room-x-air-jordan-5-retro-ice-blue-ci1899-400\/","name":"Trophy Room x Air Jordan 5 Retro 'Ice Blue' CI1899-400 - TOURCRUISER PTE. LTD","isPartOf":{"@id":"\/#website"},"primaryImageOfPage":{"@id":"https:\/\/tourcruiser.com\/fr\/products\/trophy-room-x-air-jordan-5-retro-ice-blue-ci1899-400\/#primaryimage"},"image":{"@id":"https:\/\/tourcruiser.com\/fr\/products\/trophy-room-x-air-jordan-5-retro-ice-blue-ci1899-400\/#primaryimage"},"thumbnailUrl":"https:\/\/images.novelship.com\/product\/trophy_room_x_air_jordan_5_retro__ice_blue__ci1899_0_13875.jpeg;https:\/\/images.novelship.com\/product\/trophy_room_x_air_jordan_5_retro__ice_blue__ci1899_1_13876.jpeg;https:\/\/images.novelship.com\/product\/trophy_room_x_air_jordan_5_retro__ice_blue__ci1899_2_13876.jpeg;https:\/\/images.novelship.com\/product\/trophy_room_x_air_jordan_5_retro__ice_blue__ci1899_3_13876.jpeg;https:\/\/images.novelship.com\/product\/trophy_room_x_air_jordan_5_retro__ice_blue__ci1899_4_13876.jpeg;https:\/\/images.novelship.com\/product\/trophy_room_x_air_jordan_5_retro__ice_blue__ci1899_5_13876.jpeg;https:\/\/images.novelship.com\/product\/trophy_room_x_air_jordan_5_retro__ice_blue__ci1899_6_13876.jpeg;https:\/\/images.novelship.com\/product\/trophy_room_x_air_jordan_5_retro__ice_blue__ci1899_7_13876.jpeg","datePublished":"2026-04-16T10:13:11+00:00","dateModified":"2026-04-17T16:01:15+00:00","breadcrumb":{"@id":"https:\/\/tourcruiser.com\/fr\/products\/trophy-room-x-air-jordan-5-retro-ice-blue-ci1899-400\/#breadcrumb"},"inLanguage":"fr-FR","potentialAction":[{"@type":"ReadAction","target":["https:\/\/tourcruiser.com\/fr\/products\/trophy-room-x-air-jordan-5-retro-ice-blue-ci1899-400\/"]}]},{"@type":"ImageObject","inLanguage":"fr-FR","@id":"https:\/\/tourcruiser.com\/fr\/products\/trophy-room-x-air-jordan-5-retro-ice-blue-ci1899-400\/#primaryimage","url":"https:\/\/images.novelship.com\/product\/trophy_room_x_air_jordan_5_retro__ice_blue__ci1899_0_13875.jpeg;https:\/\/images.novelship.com\/product\/trophy_room_x_air_jordan_5_retro__ice_blue__ci1899_1_13876.jpeg;https:\/\/images.novelship.com\/product\/trophy_room_x_air_jordan_5_retro__ice_blue__ci1899_2_13876.jpeg;https:\/\/images.novelship.com\/product\/trophy_room_x_air_jordan_5_retro__ice_blue__ci1899_3_13876.jpeg;https:\/\/images.novelship.com\/product\/trophy_room_x_air_jordan_5_retro__ice_blue__ci1899_4_13876.jpeg;https:\/\/images.novelship.com\/product\/trophy_room_x_air_jordan_5_retro__ice_blue__ci1899_5_13876.jpeg;https:\/\/images.novelship.com\/product\/trophy_room_x_air_jordan_5_retro__ice_blue__ci1899_6_13876.jpeg;https:\/\/images.novelship.com\/product\/trophy_room_x_air_jordan_5_retro__ice_blue__ci1899_7_13876.jpeg","contentUrl":"https:\/\/images.novelship.com\/product\/trophy_room_x_air_jordan_5_retro__ice_blue__ci1899_0_13875.jpeg;https:\/\/images.novelship.com\/product\/trophy_room_x_air_jordan_5_retro__ice_blue__ci1899_1_13876.jpeg;https:\/\/images.novelship.com\/product\/trophy_room_x_air_jordan_5_retro__ice_blue__ci1899_2_13876.jpeg;https:\/\/images.novelship.com\/product\/trophy_room_x_air_jordan_5_retro__ice_blue__ci1899_3_13876.jpeg;https:\/\/images.novelship.com\/product\/trophy_room_x_air_jordan_5_retro__ice_blue__ci1899_4_13876.jpeg;https:\/\/images.novelship.com\/product\/trophy_room_x_air_jordan_5_retro__ice_blue__ci1899_5_13876.jpeg;https:\/\/images.novelship.com\/product\/trophy_room_x_air_jordan_5_retro__ice_blue__ci1899_6_13876.jpeg;https:\/\/images.novelship.com\/product\/trophy_room_x_air_jordan_5_retro__ice_blue__ci1899_7_13876.jpeg"},{"@type":"BreadcrumbList","@id":"https:\/\/tourcruiser.com\/fr\/products\/trophy-room-x-air-jordan-5-retro-ice-blue-ci1899-400\/#breadcrumb","itemListElement":[{"@type":"ListItem","position":1,"name":"Home","item":"https:\/\/tourcruiser.com\/fr\/"},{"@type":"ListItem","position":2,"name":"Shop","item":"https:\/\/tourcruiser.com\/fr\/shop\/"},{"@type":"ListItem","position":3,"name":"Trophy Room x Air Jordan 5 Retro &#8216;Ice Blue&#8217; CI1899-400"}]},{"@type":"WebSite","@id":"\/#website","url":"\/","name":"Styloral Jewelry Shop","description":"Tourcruiser Sneaker Store \u2014 L\u2019endroit o\u00f9 l\u2019univers rencontre votre singularit\u00e9.","publisher":{"@id":"\/#organization"},"potentialAction":[{"@type":"SearchAction","target":{"@type":"EntryPoint","urlTemplate":"\/?s={search_term_string}"},"query-input":{"@type":"PropertyValueSpecification","valueRequired":true,"valueName":"search_term_string"}}],"inLanguage":"fr-FR"},{"@type":"Organization","@id":"\/#organization","name":"STYLORAL PTE. LTD","url":"\/","logo":{"@type":"ImageObject","inLanguage":"fr-FR","@id":"\/#\/schema\/logo\/image\/","url":"https:\/\/www.tourcruiser.com\/wp-content\/uploads\/2025\/12\/logo.png","contentUrl":"https:\/\/www.tourcruiser.com\/wp-content\/uploads\/2025\/12\/logo.png","width":200,"height":65,"caption":"STYLORAL PTE. LTD"},"image":{"@id":"\/#\/schema\/logo\/image\/"}}]}},"_links":{"self":[{"href":"https:\/\/tourcruiser.com\/fr\/wp-json\/wp\/v2\/product\/768492","targetHints":{"allow":["GET"]}}],"collection":[{"href":"https:\/\/tourcruiser.com\/fr\/wp-json\/wp\/v2\/product"}],"about":[{"href":"https:\/\/tourcruiser.com\/fr\/wp-json\/wp\/v2\/types\/product"}],"replies":[{"embeddable":true,"href":"https:\/\/tourcruiser.com\/fr\/wp-json\/wp\/v2\/comments?post=768492"}],"wp:featuredmedia":[{"embeddable":true,"href":"https:\/\/tourcruiser.com\/fr\/wp-json\/wp\/v2\/media\/768493"}],"wp:attachment":[{"href":"https:\/\/tourcruiser.com\/fr\/wp-json\/wp\/v2\/media?parent=768492"}],"wp:term":[{"taxonomy":"product_brand","embeddable":true,"href":"https:\/\/tourcruiser.com\/fr\/wp-json\/wp\/v2\/product_brand?post=768492"},{"taxonomy":"product_cat","embeddable":true,"href":"https:\/\/tourcruiser.com\/fr\/wp-json\/wp\/v2\/product_cat?post=768492"},{"taxonomy":"product_tag","embeddable":true,"href":"https:\/\/tourcruiser.com\/fr\/wp-json\/wp\/v2\/product_tag?post=768492"}],"curies":[{"name":"wp","href":"https:\/\/api.w.org\/{rel}","templated":true}]}}