{"id":768490,"date":"2026-04-16T17:13:11","date_gmt":"2026-04-16T10:13:11","guid":{"rendered":"http:\/\/tourcruiser.com\/product\/youth-air-jordan-3-retro-red-stardust-441140-100"},"modified":"2026-04-17T23:01:16","modified_gmt":"2026-04-17T16:01:16","slug":"youth-air-jordan-3-retro-red-stardust-441140-100","status":"publish","type":"product","link":"https:\/\/tourcruiser.com\/fr\/products\/youth-air-jordan-3-retro-red-stardust-441140-100\/","title":{"rendered":"(Youth) Air Jordan 3 Retro &lsquo;Red Stardust&rsquo; 441140-100"},"content":{"rendered":"<p>D\u00e9couvrez la Air Jordan 3 Retro \u00ab Red Stardust \u00bb, un chef-d&rsquo;\u0153uvre c\u00e9leste qui ravive la l\u00e9gende des sneakers iconiques de MJ. Cette \u00e9dition c\u00e9leste arbore une empeigne \u00e9th\u00e9r\u00e9e d&rsquo;un rouge vibrant, orn\u00e9e d&rsquo;un motif \u00ab Stardust \u00bb scintillant comme un ciel nocturne. Les empi\u00e8cements classiques \u00e0 imprim\u00e9 \u00e9l\u00e9phant ajoutent une touche d&rsquo;\u00e9l\u00e9gance, tandis que les accents carmin et le logo Jumpman iconique rendent hommage \u00e0 la l\u00e9gende elle-m\u00eame. Que vous dominiez le terrain ou que vous conqu\u00e9riez la rue, la Air Jordan 3 Retro \u00ab Red Stardust \u00bb sublimera votre jeu gr\u00e2ce \u00e0 son style cosmique.<\/p>\n<p>&#8230; Coloris : Blanc\/Anthracite-Red Stardust-Sail-Saturn Gold<\/p>\n<p>Code article : 441140-100<br \/>\nEmpeigne : Cuir<br \/>\nSemelle interm\u00e9diaire : Air<\/p>\n<p>Couleur : Blanc<\/p>\n<p>Designer : Tinker Hatfield<\/p>\n<p>Ann\u00e9e de sortie : 2024<\/p>\n<p>\u00c2ge : Adulte<br \/>\nCouleur : Sky J Light Olive\/Celadon\/Bright Mandarin\/Noir<\/p>\n<p>Genre : Jeune<\/p>\n","protected":false},"excerpt":{"rendered":"<p>D\u00e9couvrez la Air Jordan 3 Retro \u00ab Red Stardust \u00bb, un chef-d&rsquo;\u0153uvre c\u00e9leste qui ravive la l\u00e9gende des sneakers iconiques de MJ. Cette \u00e9dition c\u00e9leste arbore une empeigne \u00e9th\u00e9r\u00e9e d&rsquo;un rouge vibrant, orn\u00e9e d&rsquo;un motif \u00ab Stardust \u00bb scintillant comme un ciel nocturne. Les empi\u00e8cements classiques \u00e0 imprim\u00e9 \u00e9l\u00e9phant ajoutent une touche d&rsquo;\u00e9l\u00e9gance, tandis que [&hellip;]<\/p>\n","protected":false},"featured_media":768491,"comment_status":"open","ping_status":"closed","template":"","meta":[],"product_brand":[],"product_cat":[38880],"product_tag":[10750,38861,38988,10776,10756,39039],"class_list":{"0":"post-768490","1":"product","2":"type-product","3":"status-publish","4":"has-post-thumbnail","6":"product_cat-jordan","7":"product_tag-athleisure-shoes","8":"product_tag-below-retail-price","9":"product_tag-casual-shoes-for-kids","10":"product_tag-jordan","11":"product_tag-retro-casual-shoes","12":"product_tag-sneakers-for-kids","14":"first","15":"instock","16":"taxable","17":"shipping-taxable","18":"purchasable","19":"product-type-simple"},"wcpa_form_fields":null,"yoast_head":"<!-- This site is optimized with the Yoast SEO plugin v26.5 - https:\/\/yoast.com\/wordpress\/plugins\/seo\/ -->\n<title>(Youth) Air Jordan 3 Retro &#039;Red Stardust&#039; 441140-100 - TOURCRUISER PTE. LTD<\/title>\n<meta name=\"robots\" content=\"index, follow, max-snippet:-1, max-image-preview:large, max-video-preview:-1\" \/>\n<link rel=\"canonical\" href=\"https:\/\/tourcruiser.com\/fr\/products\/youth-air-jordan-3-retro-red-stardust-441140-100\/\" \/>\n<meta property=\"og:locale\" content=\"fr_FR\" \/>\n<meta property=\"og:type\" content=\"article\" \/>\n<meta property=\"og:title\" content=\"(Youth) Air Jordan 3 Retro &#039;Red Stardust&#039; 441140-100 - TOURCRUISER PTE. LTD\" \/>\n<meta property=\"og:description\" content=\"D\u00e9couvrez la Air Jordan 3 Retro \u00ab Red Stardust \u00bb, un chef-d&rsquo;\u0153uvre c\u00e9leste qui ravive la l\u00e9gende des sneakers iconiques de MJ. Cette \u00e9dition c\u00e9leste arbore une empeigne \u00e9th\u00e9r\u00e9e d&rsquo;un rouge vibrant, orn\u00e9e d&rsquo;un motif \u00ab Stardust \u00bb scintillant comme un ciel nocturne. Les empi\u00e8cements classiques \u00e0 imprim\u00e9 \u00e9l\u00e9phant ajoutent une touche d&rsquo;\u00e9l\u00e9gance, tandis que [&hellip;]\" \/>\n<meta property=\"og:url\" content=\"https:\/\/tourcruiser.com\/fr\/products\/youth-air-jordan-3-retro-red-stardust-441140-100\/\" \/>\n<meta property=\"og:site_name\" content=\"Tourcruiser Sneaker Store\" \/>\n<meta property=\"article:modified_time\" content=\"2026-04-17T16:01:16+00:00\" \/>\n<meta name=\"twitter:card\" content=\"summary_large_image\" \/>\n<meta name=\"twitter:image\" content=\"https:\/\/images.novelship.com\/product\/_youth__air_jordan_3_retro__red_stardust__441140_1_0_73333.octet-stream\" \/>\n<meta name=\"twitter:label1\" content=\"Dur\u00e9e de lecture estim\u00e9e\" \/>\n\t<meta name=\"twitter:data1\" content=\"1 minute\" \/>\n<script type=\"application\/ld+json\" class=\"yoast-schema-graph\">{\"@context\":\"https:\/\/schema.org\",\"@graph\":[{\"@type\":\"WebPage\",\"@id\":\"https:\/\/tourcruiser.com\/fr\/products\/youth-air-jordan-3-retro-red-stardust-441140-100\/\",\"url\":\"https:\/\/tourcruiser.com\/fr\/products\/youth-air-jordan-3-retro-red-stardust-441140-100\/\",\"name\":\"(Youth) Air Jordan 3 Retro 'Red Stardust' 441140-100 - TOURCRUISER PTE. LTD\",\"isPartOf\":{\"@id\":\"\/#website\"},\"primaryImageOfPage\":{\"@id\":\"https:\/\/tourcruiser.com\/fr\/products\/youth-air-jordan-3-retro-red-stardust-441140-100\/#primaryimage\"},\"image\":{\"@id\":\"https:\/\/tourcruiser.com\/fr\/products\/youth-air-jordan-3-retro-red-stardust-441140-100\/#primaryimage\"},\"thumbnailUrl\":\"https:\/\/images.novelship.com\/product\/_youth__air_jordan_3_retro__red_stardust__441140_1_0_73333.octet-stream\",\"datePublished\":\"2026-04-16T10:13:11+00:00\",\"dateModified\":\"2026-04-17T16:01:16+00:00\",\"breadcrumb\":{\"@id\":\"https:\/\/tourcruiser.com\/fr\/products\/youth-air-jordan-3-retro-red-stardust-441140-100\/#breadcrumb\"},\"inLanguage\":\"fr-FR\",\"potentialAction\":[{\"@type\":\"ReadAction\",\"target\":[\"https:\/\/tourcruiser.com\/fr\/products\/youth-air-jordan-3-retro-red-stardust-441140-100\/\"]}]},{\"@type\":\"ImageObject\",\"inLanguage\":\"fr-FR\",\"@id\":\"https:\/\/tourcruiser.com\/fr\/products\/youth-air-jordan-3-retro-red-stardust-441140-100\/#primaryimage\",\"url\":\"https:\/\/images.novelship.com\/product\/_youth__air_jordan_3_retro__red_stardust__441140_1_0_73333.octet-stream\",\"contentUrl\":\"https:\/\/images.novelship.com\/product\/_youth__air_jordan_3_retro__red_stardust__441140_1_0_73333.octet-stream\"},{\"@type\":\"BreadcrumbList\",\"@id\":\"https:\/\/tourcruiser.com\/fr\/products\/youth-air-jordan-3-retro-red-stardust-441140-100\/#breadcrumb\",\"itemListElement\":[{\"@type\":\"ListItem\",\"position\":1,\"name\":\"Home\",\"item\":\"https:\/\/tourcruiser.com\/fr\/\"},{\"@type\":\"ListItem\",\"position\":2,\"name\":\"Shop\",\"item\":\"https:\/\/tourcruiser.com\/fr\/shop\/\"},{\"@type\":\"ListItem\",\"position\":3,\"name\":\"(Youth) Air Jordan 3 Retro &#8216;Red Stardust&#8217; 441140-100\"}]},{\"@type\":\"WebSite\",\"@id\":\"\/#website\",\"url\":\"\/\",\"name\":\"Styloral Jewelry Shop\",\"description\":\"Tourcruiser Sneaker Store \u2014 L\u2019endroit o\u00f9 l\u2019univers rencontre votre singularit\u00e9.\",\"publisher\":{\"@id\":\"\/#organization\"},\"potentialAction\":[{\"@type\":\"SearchAction\",\"target\":{\"@type\":\"EntryPoint\",\"urlTemplate\":\"\/?s={search_term_string}\"},\"query-input\":{\"@type\":\"PropertyValueSpecification\",\"valueRequired\":true,\"valueName\":\"search_term_string\"}}],\"inLanguage\":\"fr-FR\"},{\"@type\":\"Organization\",\"@id\":\"\/#organization\",\"name\":\"STYLORAL PTE. LTD\",\"url\":\"\/\",\"logo\":{\"@type\":\"ImageObject\",\"inLanguage\":\"fr-FR\",\"@id\":\"\/#\/schema\/logo\/image\/\",\"url\":\"https:\/\/www.tourcruiser.com\/wp-content\/uploads\/2025\/12\/logo.png\",\"contentUrl\":\"https:\/\/www.tourcruiser.com\/wp-content\/uploads\/2025\/12\/logo.png\",\"width\":200,\"height\":65,\"caption\":\"STYLORAL PTE. LTD\"},\"image\":{\"@id\":\"\/#\/schema\/logo\/image\/\"}}]}<\/script>\n<!-- \/ Yoast SEO plugin. -->","yoast_head_json":{"title":"(Youth) Air Jordan 3 Retro 'Red Stardust' 441140-100 - TOURCRUISER PTE. LTD","robots":{"index":"index","follow":"follow","max-snippet":"max-snippet:-1","max-image-preview":"max-image-preview:large","max-video-preview":"max-video-preview:-1"},"canonical":"https:\/\/tourcruiser.com\/fr\/products\/youth-air-jordan-3-retro-red-stardust-441140-100\/","og_locale":"fr_FR","og_type":"article","og_title":"(Youth) Air Jordan 3 Retro 'Red Stardust' 441140-100 - TOURCRUISER PTE. LTD","og_description":"D\u00e9couvrez la Air Jordan 3 Retro \u00ab Red Stardust \u00bb, un chef-d&rsquo;\u0153uvre c\u00e9leste qui ravive la l\u00e9gende des sneakers iconiques de MJ. Cette \u00e9dition c\u00e9leste arbore une empeigne \u00e9th\u00e9r\u00e9e d&rsquo;un rouge vibrant, orn\u00e9e d&rsquo;un motif \u00ab Stardust \u00bb scintillant comme un ciel nocturne. Les empi\u00e8cements classiques \u00e0 imprim\u00e9 \u00e9l\u00e9phant ajoutent une touche d&rsquo;\u00e9l\u00e9gance, tandis que [&hellip;]","og_url":"https:\/\/tourcruiser.com\/fr\/products\/youth-air-jordan-3-retro-red-stardust-441140-100\/","og_site_name":"Tourcruiser Sneaker Store","article_modified_time":"2026-04-17T16:01:16+00:00","twitter_card":"summary_large_image","twitter_image":"https:\/\/images.novelship.com\/product\/_youth__air_jordan_3_retro__red_stardust__441140_1_0_73333.octet-stream","twitter_misc":{"Dur\u00e9e de lecture estim\u00e9e":"1 minute"},"schema":{"@context":"https:\/\/schema.org","@graph":[{"@type":"WebPage","@id":"https:\/\/tourcruiser.com\/fr\/products\/youth-air-jordan-3-retro-red-stardust-441140-100\/","url":"https:\/\/tourcruiser.com\/fr\/products\/youth-air-jordan-3-retro-red-stardust-441140-100\/","name":"(Youth) Air Jordan 3 Retro 'Red Stardust' 441140-100 - TOURCRUISER PTE. LTD","isPartOf":{"@id":"\/#website"},"primaryImageOfPage":{"@id":"https:\/\/tourcruiser.com\/fr\/products\/youth-air-jordan-3-retro-red-stardust-441140-100\/#primaryimage"},"image":{"@id":"https:\/\/tourcruiser.com\/fr\/products\/youth-air-jordan-3-retro-red-stardust-441140-100\/#primaryimage"},"thumbnailUrl":"https:\/\/images.novelship.com\/product\/_youth__air_jordan_3_retro__red_stardust__441140_1_0_73333.octet-stream","datePublished":"2026-04-16T10:13:11+00:00","dateModified":"2026-04-17T16:01:16+00:00","breadcrumb":{"@id":"https:\/\/tourcruiser.com\/fr\/products\/youth-air-jordan-3-retro-red-stardust-441140-100\/#breadcrumb"},"inLanguage":"fr-FR","potentialAction":[{"@type":"ReadAction","target":["https:\/\/tourcruiser.com\/fr\/products\/youth-air-jordan-3-retro-red-stardust-441140-100\/"]}]},{"@type":"ImageObject","inLanguage":"fr-FR","@id":"https:\/\/tourcruiser.com\/fr\/products\/youth-air-jordan-3-retro-red-stardust-441140-100\/#primaryimage","url":"https:\/\/images.novelship.com\/product\/_youth__air_jordan_3_retro__red_stardust__441140_1_0_73333.octet-stream","contentUrl":"https:\/\/images.novelship.com\/product\/_youth__air_jordan_3_retro__red_stardust__441140_1_0_73333.octet-stream"},{"@type":"BreadcrumbList","@id":"https:\/\/tourcruiser.com\/fr\/products\/youth-air-jordan-3-retro-red-stardust-441140-100\/#breadcrumb","itemListElement":[{"@type":"ListItem","position":1,"name":"Home","item":"https:\/\/tourcruiser.com\/fr\/"},{"@type":"ListItem","position":2,"name":"Shop","item":"https:\/\/tourcruiser.com\/fr\/shop\/"},{"@type":"ListItem","position":3,"name":"(Youth) Air Jordan 3 Retro &#8216;Red Stardust&#8217; 441140-100"}]},{"@type":"WebSite","@id":"\/#website","url":"\/","name":"Styloral Jewelry Shop","description":"Tourcruiser Sneaker Store \u2014 L\u2019endroit o\u00f9 l\u2019univers rencontre votre singularit\u00e9.","publisher":{"@id":"\/#organization"},"potentialAction":[{"@type":"SearchAction","target":{"@type":"EntryPoint","urlTemplate":"\/?s={search_term_string}"},"query-input":{"@type":"PropertyValueSpecification","valueRequired":true,"valueName":"search_term_string"}}],"inLanguage":"fr-FR"},{"@type":"Organization","@id":"\/#organization","name":"STYLORAL PTE. LTD","url":"\/","logo":{"@type":"ImageObject","inLanguage":"fr-FR","@id":"\/#\/schema\/logo\/image\/","url":"https:\/\/www.tourcruiser.com\/wp-content\/uploads\/2025\/12\/logo.png","contentUrl":"https:\/\/www.tourcruiser.com\/wp-content\/uploads\/2025\/12\/logo.png","width":200,"height":65,"caption":"STYLORAL PTE. LTD"},"image":{"@id":"\/#\/schema\/logo\/image\/"}}]}},"_links":{"self":[{"href":"https:\/\/tourcruiser.com\/fr\/wp-json\/wp\/v2\/product\/768490","targetHints":{"allow":["GET"]}}],"collection":[{"href":"https:\/\/tourcruiser.com\/fr\/wp-json\/wp\/v2\/product"}],"about":[{"href":"https:\/\/tourcruiser.com\/fr\/wp-json\/wp\/v2\/types\/product"}],"replies":[{"embeddable":true,"href":"https:\/\/tourcruiser.com\/fr\/wp-json\/wp\/v2\/comments?post=768490"}],"wp:featuredmedia":[{"embeddable":true,"href":"https:\/\/tourcruiser.com\/fr\/wp-json\/wp\/v2\/media\/768491"}],"wp:attachment":[{"href":"https:\/\/tourcruiser.com\/fr\/wp-json\/wp\/v2\/media?parent=768490"}],"wp:term":[{"taxonomy":"product_brand","embeddable":true,"href":"https:\/\/tourcruiser.com\/fr\/wp-json\/wp\/v2\/product_brand?post=768490"},{"taxonomy":"product_cat","embeddable":true,"href":"https:\/\/tourcruiser.com\/fr\/wp-json\/wp\/v2\/product_cat?post=768490"},{"taxonomy":"product_tag","embeddable":true,"href":"https:\/\/tourcruiser.com\/fr\/wp-json\/wp\/v2\/product_tag?post=768490"}],"curies":[{"name":"wp","href":"https:\/\/api.w.org\/{rel}","templated":true}]}}