{"id":768481,"date":"2026-04-16T17:13:11","date_gmt":"2026-04-16T10:13:11","guid":{"rendered":"http:\/\/tourcruiser.com\/product\/air-jordan-3-retro-mocha-2018-136064-122"},"modified":"2026-04-17T23:01:15","modified_gmt":"2026-04-17T16:01:15","slug":"air-jordan-3-retro-mocha-2018-136064-122","status":"publish","type":"product","link":"https:\/\/tourcruiser.com\/fr\/products\/air-jordan-3-retro-mocha-2018-136064-122\/","title":{"rendered":"Air Jordan 3 Retro &lsquo;Mocha&rsquo; 2018 136064-122"},"content":{"rendered":"<p>La Air Jordan 3 Retro Mocha 2018, aussi appel\u00e9e simplement Mocha, est une sneaker \u00e9l\u00e9gante et styl\u00e9e de la marque Jordan. Avec sa couleur blanche et son design classique, elle s&rsquo;accorde parfaitement avec toutes vos tenues, d\u00e9contract\u00e9es ou sportives. Affirmez votre style avec cette Jordan iconique.<\/p>\n<p>Coloris : Blanc\/Chrome\/Moka fonc\u00e9<\/p>\n<p>Code article : 136064-122<\/p>\n<p>Tige : Cuir<\/p>\n<p>Semelle interm\u00e9diaire : Air<\/p>\n<p>Couleur : Blanc<\/p>\n<p>Designer : Tinker Hatfield<\/p>\n<p>Saison : Hiver<\/p>\n<p>Ann\u00e9e de sortie : 2018<\/p>\n<p>\u00c2ge : Adulte<\/p>\n<p>Couleur : Blanc\/Anthracite-Rouge Stardust-Sail-Saturn Gold<\/p>\n<p>Genre : Homme<\/p>\n","protected":false},"excerpt":{"rendered":"<p>La Air Jordan 3 Retro Mocha 2018, aussi appel\u00e9e simplement Mocha, est une sneaker \u00e9l\u00e9gante et styl\u00e9e de la marque Jordan. Avec sa couleur blanche et son design classique, elle s&rsquo;accorde parfaitement avec toutes vos tenues, d\u00e9contract\u00e9es ou sportives. Affirmez votre style avec cette Jordan iconique. Coloris : Blanc\/Chrome\/Moka fonc\u00e9 Code article : 136064-122 Tige [&hellip;]<\/p>\n","protected":false},"featured_media":768482,"comment_status":"open","ping_status":"closed","template":"","meta":[],"product_brand":[],"product_cat":[38880],"product_tag":[10750,10800,38841,38842,10776,38875,38886,10756],"class_list":{"0":"post-768481","1":"product","2":"type-product","3":"status-publish","4":"has-post-thumbnail","6":"product_cat-jordan","7":"product_tag-athleisure-shoes","8":"product_tag-basketball-shoes","9":"product_tag-casual-shoes","10":"product_tag-gift-idea-for-him","11":"product_tag-jordan","12":"product_tag-jordan-skateboard-shoes","13":"product_tag-lifestyle-shoes-inspired-by-basketball","14":"product_tag-retro-casual-shoes","16":"first","17":"instock","18":"taxable","19":"shipping-taxable","20":"purchasable","21":"product-type-simple"},"wcpa_form_fields":null,"yoast_head":"<!-- This site is optimized with the Yoast SEO plugin v26.5 - https:\/\/yoast.com\/wordpress\/plugins\/seo\/ -->\n<title>Air Jordan 3 Retro &#039;Mocha&#039; 2018 136064-122 - TOURCRUISER PTE. LTD<\/title>\n<meta name=\"robots\" content=\"index, follow, max-snippet:-1, max-image-preview:large, max-video-preview:-1\" \/>\n<link rel=\"canonical\" href=\"https:\/\/tourcruiser.com\/fr\/products\/air-jordan-3-retro-mocha-2018-136064-122\/\" \/>\n<meta property=\"og:locale\" content=\"fr_FR\" \/>\n<meta property=\"og:type\" content=\"article\" \/>\n<meta property=\"og:title\" content=\"Air Jordan 3 Retro &#039;Mocha&#039; 2018 136064-122 - TOURCRUISER PTE. LTD\" \/>\n<meta property=\"og:description\" content=\"La Air Jordan 3 Retro Mocha 2018, aussi appel\u00e9e simplement Mocha, est une sneaker \u00e9l\u00e9gante et styl\u00e9e de la marque Jordan. Avec sa couleur blanche et son design classique, elle s&rsquo;accorde parfaitement avec toutes vos tenues, d\u00e9contract\u00e9es ou sportives. Affirmez votre style avec cette Jordan iconique. Coloris : Blanc\/Chrome\/Moka fonc\u00e9 Code article : 136064-122 Tige [&hellip;]\" \/>\n<meta property=\"og:url\" content=\"https:\/\/tourcruiser.com\/fr\/products\/air-jordan-3-retro-mocha-2018-136064-122\/\" \/>\n<meta property=\"og:site_name\" content=\"Tourcruiser Sneaker Store\" \/>\n<meta property=\"article:modified_time\" content=\"2026-04-17T16:01:15+00:00\" \/>\n<meta name=\"twitter:card\" content=\"summary_large_image\" \/>\n<meta name=\"twitter:image\" content=\"https:\/\/images.novelship.com\/product\/air_jordan_3_retro__mocha__2018_136064_122_0_795.jpeg;https:\/\/images.novelship.com\/product\/air_jordan_3_retro__mocha__2018_136064_122_1_795.jpeg;https:\/\/images.novelship.com\/product\/air_jordan_3_retro__mocha__2018_136064_122_2_795.jpeg;https:\/\/images.novelship.com\/product\/air_jordan_3_retro__mocha__2018_136064_122_3_795.jpeg;https:\/\/images.novelship.com\/product\/air_jordan_3_retro__mocha__2018_136064_122_4_795.jpeg;https:\/\/images.novelship.com\/product\/air_jordan_3_retro__mocha__2018_136064_122_5_795.jpeg;https:\/\/images.novelship.com\/product\/air_jordan_3_retro__mocha__2018_136064_122_6_795.jpeg;https:\/\/images.novelship.com\/product\/air_jordan_3_retro__mocha__2018_136064_122_7_795.jpeg\" \/>\n<script type=\"application\/ld+json\" class=\"yoast-schema-graph\">{\"@context\":\"https:\/\/schema.org\",\"@graph\":[{\"@type\":\"WebPage\",\"@id\":\"https:\/\/tourcruiser.com\/fr\/products\/air-jordan-3-retro-mocha-2018-136064-122\/\",\"url\":\"https:\/\/tourcruiser.com\/fr\/products\/air-jordan-3-retro-mocha-2018-136064-122\/\",\"name\":\"Air Jordan 3 Retro 'Mocha' 2018 136064-122 - TOURCRUISER PTE. LTD\",\"isPartOf\":{\"@id\":\"\/#website\"},\"primaryImageOfPage\":{\"@id\":\"https:\/\/tourcruiser.com\/fr\/products\/air-jordan-3-retro-mocha-2018-136064-122\/#primaryimage\"},\"image\":{\"@id\":\"https:\/\/tourcruiser.com\/fr\/products\/air-jordan-3-retro-mocha-2018-136064-122\/#primaryimage\"},\"thumbnailUrl\":\"https:\/\/images.novelship.com\/product\/air_jordan_3_retro__mocha__2018_136064_122_0_795.jpeg;https:\/\/images.novelship.com\/product\/air_jordan_3_retro__mocha__2018_136064_122_1_795.jpeg;https:\/\/images.novelship.com\/product\/air_jordan_3_retro__mocha__2018_136064_122_2_795.jpeg;https:\/\/images.novelship.com\/product\/air_jordan_3_retro__mocha__2018_136064_122_3_795.jpeg;https:\/\/images.novelship.com\/product\/air_jordan_3_retro__mocha__2018_136064_122_4_795.jpeg;https:\/\/images.novelship.com\/product\/air_jordan_3_retro__mocha__2018_136064_122_5_795.jpeg;https:\/\/images.novelship.com\/product\/air_jordan_3_retro__mocha__2018_136064_122_6_795.jpeg;https:\/\/images.novelship.com\/product\/air_jordan_3_retro__mocha__2018_136064_122_7_795.jpeg\",\"datePublished\":\"2026-04-16T10:13:11+00:00\",\"dateModified\":\"2026-04-17T16:01:15+00:00\",\"breadcrumb\":{\"@id\":\"https:\/\/tourcruiser.com\/fr\/products\/air-jordan-3-retro-mocha-2018-136064-122\/#breadcrumb\"},\"inLanguage\":\"fr-FR\",\"potentialAction\":[{\"@type\":\"ReadAction\",\"target\":[\"https:\/\/tourcruiser.com\/fr\/products\/air-jordan-3-retro-mocha-2018-136064-122\/\"]}]},{\"@type\":\"ImageObject\",\"inLanguage\":\"fr-FR\",\"@id\":\"https:\/\/tourcruiser.com\/fr\/products\/air-jordan-3-retro-mocha-2018-136064-122\/#primaryimage\",\"url\":\"https:\/\/images.novelship.com\/product\/air_jordan_3_retro__mocha__2018_136064_122_0_795.jpeg;https:\/\/images.novelship.com\/product\/air_jordan_3_retro__mocha__2018_136064_122_1_795.jpeg;https:\/\/images.novelship.com\/product\/air_jordan_3_retro__mocha__2018_136064_122_2_795.jpeg;https:\/\/images.novelship.com\/product\/air_jordan_3_retro__mocha__2018_136064_122_3_795.jpeg;https:\/\/images.novelship.com\/product\/air_jordan_3_retro__mocha__2018_136064_122_4_795.jpeg;https:\/\/images.novelship.com\/product\/air_jordan_3_retro__mocha__2018_136064_122_5_795.jpeg;https:\/\/images.novelship.com\/product\/air_jordan_3_retro__mocha__2018_136064_122_6_795.jpeg;https:\/\/images.novelship.com\/product\/air_jordan_3_retro__mocha__2018_136064_122_7_795.jpeg\",\"contentUrl\":\"https:\/\/images.novelship.com\/product\/air_jordan_3_retro__mocha__2018_136064_122_0_795.jpeg;https:\/\/images.novelship.com\/product\/air_jordan_3_retro__mocha__2018_136064_122_1_795.jpeg;https:\/\/images.novelship.com\/product\/air_jordan_3_retro__mocha__2018_136064_122_2_795.jpeg;https:\/\/images.novelship.com\/product\/air_jordan_3_retro__mocha__2018_136064_122_3_795.jpeg;https:\/\/images.novelship.com\/product\/air_jordan_3_retro__mocha__2018_136064_122_4_795.jpeg;https:\/\/images.novelship.com\/product\/air_jordan_3_retro__mocha__2018_136064_122_5_795.jpeg;https:\/\/images.novelship.com\/product\/air_jordan_3_retro__mocha__2018_136064_122_6_795.jpeg;https:\/\/images.novelship.com\/product\/air_jordan_3_retro__mocha__2018_136064_122_7_795.jpeg\"},{\"@type\":\"BreadcrumbList\",\"@id\":\"https:\/\/tourcruiser.com\/fr\/products\/air-jordan-3-retro-mocha-2018-136064-122\/#breadcrumb\",\"itemListElement\":[{\"@type\":\"ListItem\",\"position\":1,\"name\":\"Home\",\"item\":\"https:\/\/tourcruiser.com\/fr\/\"},{\"@type\":\"ListItem\",\"position\":2,\"name\":\"Shop\",\"item\":\"https:\/\/tourcruiser.com\/fr\/shop\/\"},{\"@type\":\"ListItem\",\"position\":3,\"name\":\"Air Jordan 3 Retro &#8216;Mocha&#8217; 2018 136064-122\"}]},{\"@type\":\"WebSite\",\"@id\":\"\/#website\",\"url\":\"\/\",\"name\":\"Styloral Jewelry Shop\",\"description\":\"Tourcruiser Sneaker Store \u2014 L\u2019endroit o\u00f9 l\u2019univers rencontre votre singularit\u00e9.\",\"publisher\":{\"@id\":\"\/#organization\"},\"potentialAction\":[{\"@type\":\"SearchAction\",\"target\":{\"@type\":\"EntryPoint\",\"urlTemplate\":\"\/?s={search_term_string}\"},\"query-input\":{\"@type\":\"PropertyValueSpecification\",\"valueRequired\":true,\"valueName\":\"search_term_string\"}}],\"inLanguage\":\"fr-FR\"},{\"@type\":\"Organization\",\"@id\":\"\/#organization\",\"name\":\"STYLORAL PTE. LTD\",\"url\":\"\/\",\"logo\":{\"@type\":\"ImageObject\",\"inLanguage\":\"fr-FR\",\"@id\":\"\/#\/schema\/logo\/image\/\",\"url\":\"https:\/\/www.tourcruiser.com\/wp-content\/uploads\/2025\/12\/logo.png\",\"contentUrl\":\"https:\/\/www.tourcruiser.com\/wp-content\/uploads\/2025\/12\/logo.png\",\"width\":200,\"height\":65,\"caption\":\"STYLORAL PTE. LTD\"},\"image\":{\"@id\":\"\/#\/schema\/logo\/image\/\"}}]}<\/script>\n<!-- \/ Yoast SEO plugin. -->","yoast_head_json":{"title":"Air Jordan 3 Retro 'Mocha' 2018 136064-122 - TOURCRUISER PTE. LTD","robots":{"index":"index","follow":"follow","max-snippet":"max-snippet:-1","max-image-preview":"max-image-preview:large","max-video-preview":"max-video-preview:-1"},"canonical":"https:\/\/tourcruiser.com\/fr\/products\/air-jordan-3-retro-mocha-2018-136064-122\/","og_locale":"fr_FR","og_type":"article","og_title":"Air Jordan 3 Retro 'Mocha' 2018 136064-122 - TOURCRUISER PTE. LTD","og_description":"La Air Jordan 3 Retro Mocha 2018, aussi appel\u00e9e simplement Mocha, est une sneaker \u00e9l\u00e9gante et styl\u00e9e de la marque Jordan. Avec sa couleur blanche et son design classique, elle s&rsquo;accorde parfaitement avec toutes vos tenues, d\u00e9contract\u00e9es ou sportives. Affirmez votre style avec cette Jordan iconique. Coloris : Blanc\/Chrome\/Moka fonc\u00e9 Code article : 136064-122 Tige [&hellip;]","og_url":"https:\/\/tourcruiser.com\/fr\/products\/air-jordan-3-retro-mocha-2018-136064-122\/","og_site_name":"Tourcruiser Sneaker Store","article_modified_time":"2026-04-17T16:01:15+00:00","twitter_card":"summary_large_image","twitter_image":"https:\/\/images.novelship.com\/product\/air_jordan_3_retro__mocha__2018_136064_122_0_795.jpeg;https:\/\/images.novelship.com\/product\/air_jordan_3_retro__mocha__2018_136064_122_1_795.jpeg;https:\/\/images.novelship.com\/product\/air_jordan_3_retro__mocha__2018_136064_122_2_795.jpeg;https:\/\/images.novelship.com\/product\/air_jordan_3_retro__mocha__2018_136064_122_3_795.jpeg;https:\/\/images.novelship.com\/product\/air_jordan_3_retro__mocha__2018_136064_122_4_795.jpeg;https:\/\/images.novelship.com\/product\/air_jordan_3_retro__mocha__2018_136064_122_5_795.jpeg;https:\/\/images.novelship.com\/product\/air_jordan_3_retro__mocha__2018_136064_122_6_795.jpeg;https:\/\/images.novelship.com\/product\/air_jordan_3_retro__mocha__2018_136064_122_7_795.jpeg","schema":{"@context":"https:\/\/schema.org","@graph":[{"@type":"WebPage","@id":"https:\/\/tourcruiser.com\/fr\/products\/air-jordan-3-retro-mocha-2018-136064-122\/","url":"https:\/\/tourcruiser.com\/fr\/products\/air-jordan-3-retro-mocha-2018-136064-122\/","name":"Air Jordan 3 Retro 'Mocha' 2018 136064-122 - TOURCRUISER PTE. LTD","isPartOf":{"@id":"\/#website"},"primaryImageOfPage":{"@id":"https:\/\/tourcruiser.com\/fr\/products\/air-jordan-3-retro-mocha-2018-136064-122\/#primaryimage"},"image":{"@id":"https:\/\/tourcruiser.com\/fr\/products\/air-jordan-3-retro-mocha-2018-136064-122\/#primaryimage"},"thumbnailUrl":"https:\/\/images.novelship.com\/product\/air_jordan_3_retro__mocha__2018_136064_122_0_795.jpeg;https:\/\/images.novelship.com\/product\/air_jordan_3_retro__mocha__2018_136064_122_1_795.jpeg;https:\/\/images.novelship.com\/product\/air_jordan_3_retro__mocha__2018_136064_122_2_795.jpeg;https:\/\/images.novelship.com\/product\/air_jordan_3_retro__mocha__2018_136064_122_3_795.jpeg;https:\/\/images.novelship.com\/product\/air_jordan_3_retro__mocha__2018_136064_122_4_795.jpeg;https:\/\/images.novelship.com\/product\/air_jordan_3_retro__mocha__2018_136064_122_5_795.jpeg;https:\/\/images.novelship.com\/product\/air_jordan_3_retro__mocha__2018_136064_122_6_795.jpeg;https:\/\/images.novelship.com\/product\/air_jordan_3_retro__mocha__2018_136064_122_7_795.jpeg","datePublished":"2026-04-16T10:13:11+00:00","dateModified":"2026-04-17T16:01:15+00:00","breadcrumb":{"@id":"https:\/\/tourcruiser.com\/fr\/products\/air-jordan-3-retro-mocha-2018-136064-122\/#breadcrumb"},"inLanguage":"fr-FR","potentialAction":[{"@type":"ReadAction","target":["https:\/\/tourcruiser.com\/fr\/products\/air-jordan-3-retro-mocha-2018-136064-122\/"]}]},{"@type":"ImageObject","inLanguage":"fr-FR","@id":"https:\/\/tourcruiser.com\/fr\/products\/air-jordan-3-retro-mocha-2018-136064-122\/#primaryimage","url":"https:\/\/images.novelship.com\/product\/air_jordan_3_retro__mocha__2018_136064_122_0_795.jpeg;https:\/\/images.novelship.com\/product\/air_jordan_3_retro__mocha__2018_136064_122_1_795.jpeg;https:\/\/images.novelship.com\/product\/air_jordan_3_retro__mocha__2018_136064_122_2_795.jpeg;https:\/\/images.novelship.com\/product\/air_jordan_3_retro__mocha__2018_136064_122_3_795.jpeg;https:\/\/images.novelship.com\/product\/air_jordan_3_retro__mocha__2018_136064_122_4_795.jpeg;https:\/\/images.novelship.com\/product\/air_jordan_3_retro__mocha__2018_136064_122_5_795.jpeg;https:\/\/images.novelship.com\/product\/air_jordan_3_retro__mocha__2018_136064_122_6_795.jpeg;https:\/\/images.novelship.com\/product\/air_jordan_3_retro__mocha__2018_136064_122_7_795.jpeg","contentUrl":"https:\/\/images.novelship.com\/product\/air_jordan_3_retro__mocha__2018_136064_122_0_795.jpeg;https:\/\/images.novelship.com\/product\/air_jordan_3_retro__mocha__2018_136064_122_1_795.jpeg;https:\/\/images.novelship.com\/product\/air_jordan_3_retro__mocha__2018_136064_122_2_795.jpeg;https:\/\/images.novelship.com\/product\/air_jordan_3_retro__mocha__2018_136064_122_3_795.jpeg;https:\/\/images.novelship.com\/product\/air_jordan_3_retro__mocha__2018_136064_122_4_795.jpeg;https:\/\/images.novelship.com\/product\/air_jordan_3_retro__mocha__2018_136064_122_5_795.jpeg;https:\/\/images.novelship.com\/product\/air_jordan_3_retro__mocha__2018_136064_122_6_795.jpeg;https:\/\/images.novelship.com\/product\/air_jordan_3_retro__mocha__2018_136064_122_7_795.jpeg"},{"@type":"BreadcrumbList","@id":"https:\/\/tourcruiser.com\/fr\/products\/air-jordan-3-retro-mocha-2018-136064-122\/#breadcrumb","itemListElement":[{"@type":"ListItem","position":1,"name":"Home","item":"https:\/\/tourcruiser.com\/fr\/"},{"@type":"ListItem","position":2,"name":"Shop","item":"https:\/\/tourcruiser.com\/fr\/shop\/"},{"@type":"ListItem","position":3,"name":"Air Jordan 3 Retro &#8216;Mocha&#8217; 2018 136064-122"}]},{"@type":"WebSite","@id":"\/#website","url":"\/","name":"Styloral Jewelry Shop","description":"Tourcruiser Sneaker Store \u2014 L\u2019endroit o\u00f9 l\u2019univers rencontre votre singularit\u00e9.","publisher":{"@id":"\/#organization"},"potentialAction":[{"@type":"SearchAction","target":{"@type":"EntryPoint","urlTemplate":"\/?s={search_term_string}"},"query-input":{"@type":"PropertyValueSpecification","valueRequired":true,"valueName":"search_term_string"}}],"inLanguage":"fr-FR"},{"@type":"Organization","@id":"\/#organization","name":"STYLORAL PTE. LTD","url":"\/","logo":{"@type":"ImageObject","inLanguage":"fr-FR","@id":"\/#\/schema\/logo\/image\/","url":"https:\/\/www.tourcruiser.com\/wp-content\/uploads\/2025\/12\/logo.png","contentUrl":"https:\/\/www.tourcruiser.com\/wp-content\/uploads\/2025\/12\/logo.png","width":200,"height":65,"caption":"STYLORAL PTE. LTD"},"image":{"@id":"\/#\/schema\/logo\/image\/"}}]}},"_links":{"self":[{"href":"https:\/\/tourcruiser.com\/fr\/wp-json\/wp\/v2\/product\/768481","targetHints":{"allow":["GET"]}}],"collection":[{"href":"https:\/\/tourcruiser.com\/fr\/wp-json\/wp\/v2\/product"}],"about":[{"href":"https:\/\/tourcruiser.com\/fr\/wp-json\/wp\/v2\/types\/product"}],"replies":[{"embeddable":true,"href":"https:\/\/tourcruiser.com\/fr\/wp-json\/wp\/v2\/comments?post=768481"}],"wp:featuredmedia":[{"embeddable":true,"href":"https:\/\/tourcruiser.com\/fr\/wp-json\/wp\/v2\/media\/768482"}],"wp:attachment":[{"href":"https:\/\/tourcruiser.com\/fr\/wp-json\/wp\/v2\/media?parent=768481"}],"wp:term":[{"taxonomy":"product_brand","embeddable":true,"href":"https:\/\/tourcruiser.com\/fr\/wp-json\/wp\/v2\/product_brand?post=768481"},{"taxonomy":"product_cat","embeddable":true,"href":"https:\/\/tourcruiser.com\/fr\/wp-json\/wp\/v2\/product_cat?post=768481"},{"taxonomy":"product_tag","embeddable":true,"href":"https:\/\/tourcruiser.com\/fr\/wp-json\/wp\/v2\/product_tag?post=768481"}],"curies":[{"name":"wp","href":"https:\/\/api.w.org\/{rel}","templated":true}]}}