{"id":768457,"date":"2026-04-16T17:13:10","date_gmt":"2026-04-16T10:13:10","guid":{"rendered":"http:\/\/tourcruiser.com\/product\/air-jordan-1-low-military-green-553558-121"},"modified":"2026-04-17T23:01:13","modified_gmt":"2026-04-17T16:01:13","slug":"air-jordan-1-low-military-green-553558-121","status":"publish","type":"product","link":"https:\/\/tourcruiser.com\/fr\/products\/air-jordan-1-low-military-green-553558-121\/","title":{"rendered":"Air Jordan 1 Low &lsquo;Military Green&rsquo; 553558-121"},"content":{"rendered":"<p>D\u00e9couvrez la Air Jordan 1 Low Vert Militaire, une nouveaut\u00e9 dans la collection iconique Jordan. Avec son design \u00e9pur\u00e9 et son logo embl\u00e9matique, cette sneaker basse se distingue par son coloris vert vif. Affirmez votre style avec ces chaussures Jordan \u00e0 la fois \u00e9l\u00e9gantes et confortables.<\/p>\n<p>Coloris : Vert Militaire\/Blanc\/Noir<\/p>\n<p>Code article : 553558-121<\/p>\n<p>Tige : Cuir<\/p>\n<p>Semelle interm\u00e9diaire : Air<\/p>\n<p>Couleur : Vert<\/p>\n<p>Designer : Peter Moore<\/p>\n<p>Saison : Hiver<\/p>\n<p>Ann\u00e9e de sortie : 2019<\/p>\n<p>\u00c2ge : Adulte<\/p>\n<p>Couleur : Blanc\/Noir\/Gris Ciment\/Infrarouge 23<\/p>\n<p>Genre : Homme<\/p>\n","protected":false},"excerpt":{"rendered":"<p>D\u00e9couvrez la Air Jordan 1 Low Vert Militaire, une nouveaut\u00e9 dans la collection iconique Jordan. Avec son design \u00e9pur\u00e9 et son logo embl\u00e9matique, cette sneaker basse se distingue par son coloris vert vif. Affirmez votre style avec ces chaussures Jordan \u00e0 la fois \u00e9l\u00e9gantes et confortables. Coloris : Vert Militaire\/Blanc\/Noir Code article : 553558-121 Tige [&hellip;]<\/p>\n","protected":false},"featured_media":768458,"comment_status":"open","ping_status":"closed","template":"","meta":[],"product_brand":[],"product_cat":[38880],"product_tag":[10800,38841,39257,38840,10776,11349,38875,10756,38866,38902],"class_list":{"0":"post-768457","1":"product","2":"type-product","3":"status-publish","4":"has-post-thumbnail","6":"product_cat-jordan","7":"product_tag-basketball-shoes","8":"product_tag-casual-shoes","9":"product_tag-casual-shoes-inspired-by-basketball","10":"product_tag-gift-ideas-for-him","11":"product_tag-jordan","12":"product_tag-jordan-basketball-shoes","13":"product_tag-jordan-skateboard-shoes","14":"product_tag-retro-casual-shoes","15":"product_tag-sports-shoes","16":"product_tag-trendy-offers","18":"first","19":"instock","20":"taxable","21":"shipping-taxable","22":"purchasable","23":"product-type-simple"},"wcpa_form_fields":null,"yoast_head":"<!-- This site is optimized with the Yoast SEO plugin v26.5 - https:\/\/yoast.com\/wordpress\/plugins\/seo\/ -->\n<title>Air Jordan 1 Low &#039;Military Green&#039; 553558-121 - TOURCRUISER PTE. LTD<\/title>\n<meta name=\"robots\" content=\"index, follow, max-snippet:-1, max-image-preview:large, max-video-preview:-1\" \/>\n<link rel=\"canonical\" href=\"https:\/\/tourcruiser.com\/fr\/products\/air-jordan-1-low-military-green-553558-121\/\" \/>\n<meta property=\"og:locale\" content=\"fr_FR\" \/>\n<meta property=\"og:type\" content=\"article\" \/>\n<meta property=\"og:title\" content=\"Air Jordan 1 Low &#039;Military Green&#039; 553558-121 - TOURCRUISER PTE. LTD\" \/>\n<meta property=\"og:description\" content=\"D\u00e9couvrez la Air Jordan 1 Low Vert Militaire, une nouveaut\u00e9 dans la collection iconique Jordan. Avec son design \u00e9pur\u00e9 et son logo embl\u00e9matique, cette sneaker basse se distingue par son coloris vert vif. Affirmez votre style avec ces chaussures Jordan \u00e0 la fois \u00e9l\u00e9gantes et confortables. Coloris : Vert Militaire\/Blanc\/Noir Code article : 553558-121 Tige [&hellip;]\" \/>\n<meta property=\"og:url\" content=\"https:\/\/tourcruiser.com\/fr\/products\/air-jordan-1-low-military-green-553558-121\/\" \/>\n<meta property=\"og:site_name\" content=\"Tourcruiser Sneaker Store\" \/>\n<meta property=\"article:modified_time\" content=\"2026-04-17T16:01:13+00:00\" \/>\n<meta name=\"twitter:card\" content=\"summary_large_image\" \/>\n<meta name=\"twitter:image\" content=\"https:\/\/images.novelship.com\/product\/air_jordan_1_low__military_green__553558-121_0_54738.jpeg;https:\/\/images.novelship.com\/product\/air_jordan_1_low__military_green__553558-121_1_54738.jpeg;https:\/\/images.novelship.com\/product\/air_jordan_1_low__military_green__553558-121_2_54738.jpeg;https:\/\/images.novelship.com\/product\/air_jordan_1_low__military_green__553558-121_3_54738.jpeg;https:\/\/images.novelship.com\/product\/air_jordan_1_low__military_green__553558-121_4_54738.jpeg\" \/>\n<script type=\"application\/ld+json\" class=\"yoast-schema-graph\">{\"@context\":\"https:\/\/schema.org\",\"@graph\":[{\"@type\":\"WebPage\",\"@id\":\"https:\/\/tourcruiser.com\/fr\/products\/air-jordan-1-low-military-green-553558-121\/\",\"url\":\"https:\/\/tourcruiser.com\/fr\/products\/air-jordan-1-low-military-green-553558-121\/\",\"name\":\"Air Jordan 1 Low 'Military Green' 553558-121 - TOURCRUISER PTE. LTD\",\"isPartOf\":{\"@id\":\"\/#website\"},\"primaryImageOfPage\":{\"@id\":\"https:\/\/tourcruiser.com\/fr\/products\/air-jordan-1-low-military-green-553558-121\/#primaryimage\"},\"image\":{\"@id\":\"https:\/\/tourcruiser.com\/fr\/products\/air-jordan-1-low-military-green-553558-121\/#primaryimage\"},\"thumbnailUrl\":\"https:\/\/images.novelship.com\/product\/air_jordan_1_low__military_green__553558-121_0_54738.jpeg;https:\/\/images.novelship.com\/product\/air_jordan_1_low__military_green__553558-121_1_54738.jpeg;https:\/\/images.novelship.com\/product\/air_jordan_1_low__military_green__553558-121_2_54738.jpeg;https:\/\/images.novelship.com\/product\/air_jordan_1_low__military_green__553558-121_3_54738.jpeg;https:\/\/images.novelship.com\/product\/air_jordan_1_low__military_green__553558-121_4_54738.jpeg\",\"datePublished\":\"2026-04-16T10:13:10+00:00\",\"dateModified\":\"2026-04-17T16:01:13+00:00\",\"breadcrumb\":{\"@id\":\"https:\/\/tourcruiser.com\/fr\/products\/air-jordan-1-low-military-green-553558-121\/#breadcrumb\"},\"inLanguage\":\"fr-FR\",\"potentialAction\":[{\"@type\":\"ReadAction\",\"target\":[\"https:\/\/tourcruiser.com\/fr\/products\/air-jordan-1-low-military-green-553558-121\/\"]}]},{\"@type\":\"ImageObject\",\"inLanguage\":\"fr-FR\",\"@id\":\"https:\/\/tourcruiser.com\/fr\/products\/air-jordan-1-low-military-green-553558-121\/#primaryimage\",\"url\":\"https:\/\/images.novelship.com\/product\/air_jordan_1_low__military_green__553558-121_0_54738.jpeg;https:\/\/images.novelship.com\/product\/air_jordan_1_low__military_green__553558-121_1_54738.jpeg;https:\/\/images.novelship.com\/product\/air_jordan_1_low__military_green__553558-121_2_54738.jpeg;https:\/\/images.novelship.com\/product\/air_jordan_1_low__military_green__553558-121_3_54738.jpeg;https:\/\/images.novelship.com\/product\/air_jordan_1_low__military_green__553558-121_4_54738.jpeg\",\"contentUrl\":\"https:\/\/images.novelship.com\/product\/air_jordan_1_low__military_green__553558-121_0_54738.jpeg;https:\/\/images.novelship.com\/product\/air_jordan_1_low__military_green__553558-121_1_54738.jpeg;https:\/\/images.novelship.com\/product\/air_jordan_1_low__military_green__553558-121_2_54738.jpeg;https:\/\/images.novelship.com\/product\/air_jordan_1_low__military_green__553558-121_3_54738.jpeg;https:\/\/images.novelship.com\/product\/air_jordan_1_low__military_green__553558-121_4_54738.jpeg\"},{\"@type\":\"BreadcrumbList\",\"@id\":\"https:\/\/tourcruiser.com\/fr\/products\/air-jordan-1-low-military-green-553558-121\/#breadcrumb\",\"itemListElement\":[{\"@type\":\"ListItem\",\"position\":1,\"name\":\"Home\",\"item\":\"https:\/\/tourcruiser.com\/fr\/\"},{\"@type\":\"ListItem\",\"position\":2,\"name\":\"Shop\",\"item\":\"https:\/\/tourcruiser.com\/fr\/shop\/\"},{\"@type\":\"ListItem\",\"position\":3,\"name\":\"Air Jordan 1 Low &#8216;Military Green&#8217; 553558-121\"}]},{\"@type\":\"WebSite\",\"@id\":\"\/#website\",\"url\":\"\/\",\"name\":\"Styloral Jewelry Shop\",\"description\":\"Tourcruiser Sneaker Store \u2014 L\u2019endroit o\u00f9 l\u2019univers rencontre votre singularit\u00e9.\",\"publisher\":{\"@id\":\"\/#organization\"},\"potentialAction\":[{\"@type\":\"SearchAction\",\"target\":{\"@type\":\"EntryPoint\",\"urlTemplate\":\"\/?s={search_term_string}\"},\"query-input\":{\"@type\":\"PropertyValueSpecification\",\"valueRequired\":true,\"valueName\":\"search_term_string\"}}],\"inLanguage\":\"fr-FR\"},{\"@type\":\"Organization\",\"@id\":\"\/#organization\",\"name\":\"STYLORAL PTE. LTD\",\"url\":\"\/\",\"logo\":{\"@type\":\"ImageObject\",\"inLanguage\":\"fr-FR\",\"@id\":\"\/#\/schema\/logo\/image\/\",\"url\":\"https:\/\/www.tourcruiser.com\/wp-content\/uploads\/2025\/12\/logo.png\",\"contentUrl\":\"https:\/\/www.tourcruiser.com\/wp-content\/uploads\/2025\/12\/logo.png\",\"width\":200,\"height\":65,\"caption\":\"STYLORAL PTE. LTD\"},\"image\":{\"@id\":\"\/#\/schema\/logo\/image\/\"}}]}<\/script>\n<!-- \/ Yoast SEO plugin. -->","yoast_head_json":{"title":"Air Jordan 1 Low 'Military Green' 553558-121 - TOURCRUISER PTE. LTD","robots":{"index":"index","follow":"follow","max-snippet":"max-snippet:-1","max-image-preview":"max-image-preview:large","max-video-preview":"max-video-preview:-1"},"canonical":"https:\/\/tourcruiser.com\/fr\/products\/air-jordan-1-low-military-green-553558-121\/","og_locale":"fr_FR","og_type":"article","og_title":"Air Jordan 1 Low 'Military Green' 553558-121 - TOURCRUISER PTE. LTD","og_description":"D\u00e9couvrez la Air Jordan 1 Low Vert Militaire, une nouveaut\u00e9 dans la collection iconique Jordan. Avec son design \u00e9pur\u00e9 et son logo embl\u00e9matique, cette sneaker basse se distingue par son coloris vert vif. Affirmez votre style avec ces chaussures Jordan \u00e0 la fois \u00e9l\u00e9gantes et confortables. Coloris : Vert Militaire\/Blanc\/Noir Code article : 553558-121 Tige [&hellip;]","og_url":"https:\/\/tourcruiser.com\/fr\/products\/air-jordan-1-low-military-green-553558-121\/","og_site_name":"Tourcruiser Sneaker Store","article_modified_time":"2026-04-17T16:01:13+00:00","twitter_card":"summary_large_image","twitter_image":"https:\/\/images.novelship.com\/product\/air_jordan_1_low__military_green__553558-121_0_54738.jpeg;https:\/\/images.novelship.com\/product\/air_jordan_1_low__military_green__553558-121_1_54738.jpeg;https:\/\/images.novelship.com\/product\/air_jordan_1_low__military_green__553558-121_2_54738.jpeg;https:\/\/images.novelship.com\/product\/air_jordan_1_low__military_green__553558-121_3_54738.jpeg;https:\/\/images.novelship.com\/product\/air_jordan_1_low__military_green__553558-121_4_54738.jpeg","schema":{"@context":"https:\/\/schema.org","@graph":[{"@type":"WebPage","@id":"https:\/\/tourcruiser.com\/fr\/products\/air-jordan-1-low-military-green-553558-121\/","url":"https:\/\/tourcruiser.com\/fr\/products\/air-jordan-1-low-military-green-553558-121\/","name":"Air Jordan 1 Low 'Military Green' 553558-121 - TOURCRUISER PTE. LTD","isPartOf":{"@id":"\/#website"},"primaryImageOfPage":{"@id":"https:\/\/tourcruiser.com\/fr\/products\/air-jordan-1-low-military-green-553558-121\/#primaryimage"},"image":{"@id":"https:\/\/tourcruiser.com\/fr\/products\/air-jordan-1-low-military-green-553558-121\/#primaryimage"},"thumbnailUrl":"https:\/\/images.novelship.com\/product\/air_jordan_1_low__military_green__553558-121_0_54738.jpeg;https:\/\/images.novelship.com\/product\/air_jordan_1_low__military_green__553558-121_1_54738.jpeg;https:\/\/images.novelship.com\/product\/air_jordan_1_low__military_green__553558-121_2_54738.jpeg;https:\/\/images.novelship.com\/product\/air_jordan_1_low__military_green__553558-121_3_54738.jpeg;https:\/\/images.novelship.com\/product\/air_jordan_1_low__military_green__553558-121_4_54738.jpeg","datePublished":"2026-04-16T10:13:10+00:00","dateModified":"2026-04-17T16:01:13+00:00","breadcrumb":{"@id":"https:\/\/tourcruiser.com\/fr\/products\/air-jordan-1-low-military-green-553558-121\/#breadcrumb"},"inLanguage":"fr-FR","potentialAction":[{"@type":"ReadAction","target":["https:\/\/tourcruiser.com\/fr\/products\/air-jordan-1-low-military-green-553558-121\/"]}]},{"@type":"ImageObject","inLanguage":"fr-FR","@id":"https:\/\/tourcruiser.com\/fr\/products\/air-jordan-1-low-military-green-553558-121\/#primaryimage","url":"https:\/\/images.novelship.com\/product\/air_jordan_1_low__military_green__553558-121_0_54738.jpeg;https:\/\/images.novelship.com\/product\/air_jordan_1_low__military_green__553558-121_1_54738.jpeg;https:\/\/images.novelship.com\/product\/air_jordan_1_low__military_green__553558-121_2_54738.jpeg;https:\/\/images.novelship.com\/product\/air_jordan_1_low__military_green__553558-121_3_54738.jpeg;https:\/\/images.novelship.com\/product\/air_jordan_1_low__military_green__553558-121_4_54738.jpeg","contentUrl":"https:\/\/images.novelship.com\/product\/air_jordan_1_low__military_green__553558-121_0_54738.jpeg;https:\/\/images.novelship.com\/product\/air_jordan_1_low__military_green__553558-121_1_54738.jpeg;https:\/\/images.novelship.com\/product\/air_jordan_1_low__military_green__553558-121_2_54738.jpeg;https:\/\/images.novelship.com\/product\/air_jordan_1_low__military_green__553558-121_3_54738.jpeg;https:\/\/images.novelship.com\/product\/air_jordan_1_low__military_green__553558-121_4_54738.jpeg"},{"@type":"BreadcrumbList","@id":"https:\/\/tourcruiser.com\/fr\/products\/air-jordan-1-low-military-green-553558-121\/#breadcrumb","itemListElement":[{"@type":"ListItem","position":1,"name":"Home","item":"https:\/\/tourcruiser.com\/fr\/"},{"@type":"ListItem","position":2,"name":"Shop","item":"https:\/\/tourcruiser.com\/fr\/shop\/"},{"@type":"ListItem","position":3,"name":"Air Jordan 1 Low &#8216;Military Green&#8217; 553558-121"}]},{"@type":"WebSite","@id":"\/#website","url":"\/","name":"Styloral Jewelry Shop","description":"Tourcruiser Sneaker Store \u2014 L\u2019endroit o\u00f9 l\u2019univers rencontre votre singularit\u00e9.","publisher":{"@id":"\/#organization"},"potentialAction":[{"@type":"SearchAction","target":{"@type":"EntryPoint","urlTemplate":"\/?s={search_term_string}"},"query-input":{"@type":"PropertyValueSpecification","valueRequired":true,"valueName":"search_term_string"}}],"inLanguage":"fr-FR"},{"@type":"Organization","@id":"\/#organization","name":"STYLORAL PTE. LTD","url":"\/","logo":{"@type":"ImageObject","inLanguage":"fr-FR","@id":"\/#\/schema\/logo\/image\/","url":"https:\/\/www.tourcruiser.com\/wp-content\/uploads\/2025\/12\/logo.png","contentUrl":"https:\/\/www.tourcruiser.com\/wp-content\/uploads\/2025\/12\/logo.png","width":200,"height":65,"caption":"STYLORAL PTE. LTD"},"image":{"@id":"\/#\/schema\/logo\/image\/"}}]}},"_links":{"self":[{"href":"https:\/\/tourcruiser.com\/fr\/wp-json\/wp\/v2\/product\/768457","targetHints":{"allow":["GET"]}}],"collection":[{"href":"https:\/\/tourcruiser.com\/fr\/wp-json\/wp\/v2\/product"}],"about":[{"href":"https:\/\/tourcruiser.com\/fr\/wp-json\/wp\/v2\/types\/product"}],"replies":[{"embeddable":true,"href":"https:\/\/tourcruiser.com\/fr\/wp-json\/wp\/v2\/comments?post=768457"}],"wp:featuredmedia":[{"embeddable":true,"href":"https:\/\/tourcruiser.com\/fr\/wp-json\/wp\/v2\/media\/768458"}],"wp:attachment":[{"href":"https:\/\/tourcruiser.com\/fr\/wp-json\/wp\/v2\/media?parent=768457"}],"wp:term":[{"taxonomy":"product_brand","embeddable":true,"href":"https:\/\/tourcruiser.com\/fr\/wp-json\/wp\/v2\/product_brand?post=768457"},{"taxonomy":"product_cat","embeddable":true,"href":"https:\/\/tourcruiser.com\/fr\/wp-json\/wp\/v2\/product_cat?post=768457"},{"taxonomy":"product_tag","embeddable":true,"href":"https:\/\/tourcruiser.com\/fr\/wp-json\/wp\/v2\/product_tag?post=768457"}],"curies":[{"name":"wp","href":"https:\/\/api.w.org\/{rel}","templated":true}]}}