{"id":768439,"date":"2026-04-16T17:13:10","date_gmt":"2026-04-16T10:13:10","guid":{"rendered":"http:\/\/tourcruiser.com\/product\/grade-school-air-jordan-1-retro-low-og-neutral-grey-2021-cz0858-100"},"modified":"2026-04-17T23:01:11","modified_gmt":"2026-04-17T16:01:11","slug":"grade-school-air-jordan-1-retro-low-og-neutral-grey-2021-cz0858-100","status":"publish","type":"product","link":"https:\/\/tourcruiser.com\/fr\/products\/grade-school-air-jordan-1-retro-low-og-neutral-grey-2021-cz0858-100\/","title":{"rendered":"(Grade School) Air Jordan 1 Retro Low OG &lsquo;Neutral Grey&rsquo; 2021 CZ0858-100"},"content":{"rendered":"<p>Les sneakers Air Jordan 1 Retro Low OG Neutral Grey 2021 (GS) de Jordan offrent un look classique et \u00e9l\u00e9gant \u00e0 tous les passionn\u00e9s de sneakers. Confectionn\u00e9es \u00e0 partir de mat\u00e9riaux haut de gamme, elles arborent une teinte grise neutre et \u00e9pur\u00e9e, polyvalente et facile \u00e0 associer \u00e0 toutes vos tenues. Con\u00e7ues pour un confort et une durabilit\u00e9 optimaux, ces sneakers sont parfaites au quotidien ou pour ajouter une touche sportive \u00e0 votre style.<\/p>\n<p>Coloris : Blanc\/Gris neutre\/Gris particule<br \/>\nR\u00e9f\u00e9rence : CZ0858-100<br \/>\nTige : Cuir<br \/>\nSemelle interm\u00e9diaire : Air<br \/>\nCouleur : Blanc<br \/>\nDesigner : Peter Moore<br \/>\nSaison : \u00c9t\u00e9<br \/>\nAnn\u00e9e de sortie : 2021<\/p>\n<p>\u00c2ge : Adulte<br \/>\nCouleur : Noir\/Noir-Gris ciment-Rouge gym<br \/>\nGenre : Jeune<\/p>\n","protected":false},"excerpt":{"rendered":"<p>Les sneakers Air Jordan 1 Retro Low OG Neutral Grey 2021 (GS) de Jordan offrent un look classique et \u00e9l\u00e9gant \u00e0 tous les passionn\u00e9s de sneakers. Confectionn\u00e9es \u00e0 partir de mat\u00e9riaux haut de gamme, elles arborent une teinte grise neutre et \u00e9pur\u00e9e, polyvalente et facile \u00e0 associer \u00e0 toutes vos tenues. Con\u00e7ues pour un confort [&hellip;]<\/p>\n","protected":false},"featured_media":768440,"comment_status":"open","ping_status":"closed","template":"","meta":[],"product_brand":[],"product_cat":[38880],"product_tag":[10750,38988,10776,38875,10756,39039],"class_list":{"0":"post-768439","1":"product","2":"type-product","3":"status-publish","4":"has-post-thumbnail","6":"product_cat-jordan","7":"product_tag-athleisure-shoes","8":"product_tag-casual-shoes-for-kids","9":"product_tag-jordan","10":"product_tag-jordan-skateboard-shoes","11":"product_tag-retro-casual-shoes","12":"product_tag-sneakers-for-kids","14":"first","15":"instock","16":"taxable","17":"shipping-taxable","18":"purchasable","19":"product-type-simple"},"wcpa_form_fields":null,"yoast_head":"<!-- This site is optimized with the Yoast SEO plugin v26.5 - https:\/\/yoast.com\/wordpress\/plugins\/seo\/ -->\n<title>(Grade School) Air Jordan 1 Retro Low OG &#039;Neutral Grey&#039; 2021 CZ0858-100 - TOURCRUISER PTE. LTD<\/title>\n<meta name=\"robots\" content=\"index, follow, max-snippet:-1, max-image-preview:large, max-video-preview:-1\" \/>\n<link rel=\"canonical\" href=\"https:\/\/tourcruiser.com\/fr\/products\/grade-school-air-jordan-1-retro-low-og-neutral-grey-2021-cz0858-100\/\" \/>\n<meta property=\"og:locale\" content=\"fr_FR\" \/>\n<meta property=\"og:type\" content=\"article\" \/>\n<meta property=\"og:title\" content=\"(Grade School) Air Jordan 1 Retro Low OG &#039;Neutral Grey&#039; 2021 CZ0858-100 - TOURCRUISER PTE. LTD\" \/>\n<meta property=\"og:description\" content=\"Les sneakers Air Jordan 1 Retro Low OG Neutral Grey 2021 (GS) de Jordan offrent un look classique et \u00e9l\u00e9gant \u00e0 tous les passionn\u00e9s de sneakers. Confectionn\u00e9es \u00e0 partir de mat\u00e9riaux haut de gamme, elles arborent une teinte grise neutre et \u00e9pur\u00e9e, polyvalente et facile \u00e0 associer \u00e0 toutes vos tenues. Con\u00e7ues pour un confort [&hellip;]\" \/>\n<meta property=\"og:url\" content=\"https:\/\/tourcruiser.com\/fr\/products\/grade-school-air-jordan-1-retro-low-og-neutral-grey-2021-cz0858-100\/\" \/>\n<meta property=\"og:site_name\" content=\"Tourcruiser Sneaker Store\" \/>\n<meta property=\"article:modified_time\" content=\"2026-04-17T16:01:11+00:00\" \/>\n<meta name=\"twitter:card\" content=\"summary_large_image\" \/>\n<meta name=\"twitter:image\" content=\"https:\/\/images.novelship.com\/product\/_grade_school__air_jordan_1_retro_low_og__neutral__0_8769.jpeg;https:\/\/images.novelship.com\/product\/_grade_school__air_jordan_1_retro_low_og__neutral__1_8769.jpeg;https:\/\/images.novelship.com\/product\/_grade_school__air_jordan_1_retro_low_og__neutral__2_8769.jpeg;https:\/\/images.novelship.com\/product\/_grade_school__air_jordan_1_retro_low_og__neutral__3_8770.jpeg;https:\/\/images.novelship.com\/product\/_grade_school__air_jordan_1_retro_low_og__neutral__4_8770.jpeg;https:\/\/images.novelship.com\/product\/_grade_school__air_jordan_1_retro_low_og__neutral__5_8770.jpeg;https:\/\/images.novelship.com\/product\/_grade_school__air_jordan_1_retro_low_og__neutral__6_8770.jpeg;https:\/\/images.novelship.com\/product\/_grade_school__air_jordan_1_retro_low_og__neutral__7_8770.jpeg\" \/>\n<meta name=\"twitter:label1\" content=\"Dur\u00e9e de lecture estim\u00e9e\" \/>\n\t<meta name=\"twitter:data1\" content=\"1 minute\" \/>\n<script type=\"application\/ld+json\" class=\"yoast-schema-graph\">{\"@context\":\"https:\/\/schema.org\",\"@graph\":[{\"@type\":\"WebPage\",\"@id\":\"https:\/\/tourcruiser.com\/fr\/products\/grade-school-air-jordan-1-retro-low-og-neutral-grey-2021-cz0858-100\/\",\"url\":\"https:\/\/tourcruiser.com\/fr\/products\/grade-school-air-jordan-1-retro-low-og-neutral-grey-2021-cz0858-100\/\",\"name\":\"(Grade School) Air Jordan 1 Retro Low OG 'Neutral Grey' 2021 CZ0858-100 - TOURCRUISER PTE. LTD\",\"isPartOf\":{\"@id\":\"\/#website\"},\"primaryImageOfPage\":{\"@id\":\"https:\/\/tourcruiser.com\/fr\/products\/grade-school-air-jordan-1-retro-low-og-neutral-grey-2021-cz0858-100\/#primaryimage\"},\"image\":{\"@id\":\"https:\/\/tourcruiser.com\/fr\/products\/grade-school-air-jordan-1-retro-low-og-neutral-grey-2021-cz0858-100\/#primaryimage\"},\"thumbnailUrl\":\"https:\/\/images.novelship.com\/product\/_grade_school__air_jordan_1_retro_low_og__neutral__0_8769.jpeg;https:\/\/images.novelship.com\/product\/_grade_school__air_jordan_1_retro_low_og__neutral__1_8769.jpeg;https:\/\/images.novelship.com\/product\/_grade_school__air_jordan_1_retro_low_og__neutral__2_8769.jpeg;https:\/\/images.novelship.com\/product\/_grade_school__air_jordan_1_retro_low_og__neutral__3_8770.jpeg;https:\/\/images.novelship.com\/product\/_grade_school__air_jordan_1_retro_low_og__neutral__4_8770.jpeg;https:\/\/images.novelship.com\/product\/_grade_school__air_jordan_1_retro_low_og__neutral__5_8770.jpeg;https:\/\/images.novelship.com\/product\/_grade_school__air_jordan_1_retro_low_og__neutral__6_8770.jpeg;https:\/\/images.novelship.com\/product\/_grade_school__air_jordan_1_retro_low_og__neutral__7_8770.jpeg\",\"datePublished\":\"2026-04-16T10:13:10+00:00\",\"dateModified\":\"2026-04-17T16:01:11+00:00\",\"breadcrumb\":{\"@id\":\"https:\/\/tourcruiser.com\/fr\/products\/grade-school-air-jordan-1-retro-low-og-neutral-grey-2021-cz0858-100\/#breadcrumb\"},\"inLanguage\":\"fr-FR\",\"potentialAction\":[{\"@type\":\"ReadAction\",\"target\":[\"https:\/\/tourcruiser.com\/fr\/products\/grade-school-air-jordan-1-retro-low-og-neutral-grey-2021-cz0858-100\/\"]}]},{\"@type\":\"ImageObject\",\"inLanguage\":\"fr-FR\",\"@id\":\"https:\/\/tourcruiser.com\/fr\/products\/grade-school-air-jordan-1-retro-low-og-neutral-grey-2021-cz0858-100\/#primaryimage\",\"url\":\"https:\/\/images.novelship.com\/product\/_grade_school__air_jordan_1_retro_low_og__neutral__0_8769.jpeg;https:\/\/images.novelship.com\/product\/_grade_school__air_jordan_1_retro_low_og__neutral__1_8769.jpeg;https:\/\/images.novelship.com\/product\/_grade_school__air_jordan_1_retro_low_og__neutral__2_8769.jpeg;https:\/\/images.novelship.com\/product\/_grade_school__air_jordan_1_retro_low_og__neutral__3_8770.jpeg;https:\/\/images.novelship.com\/product\/_grade_school__air_jordan_1_retro_low_og__neutral__4_8770.jpeg;https:\/\/images.novelship.com\/product\/_grade_school__air_jordan_1_retro_low_og__neutral__5_8770.jpeg;https:\/\/images.novelship.com\/product\/_grade_school__air_jordan_1_retro_low_og__neutral__6_8770.jpeg;https:\/\/images.novelship.com\/product\/_grade_school__air_jordan_1_retro_low_og__neutral__7_8770.jpeg\",\"contentUrl\":\"https:\/\/images.novelship.com\/product\/_grade_school__air_jordan_1_retro_low_og__neutral__0_8769.jpeg;https:\/\/images.novelship.com\/product\/_grade_school__air_jordan_1_retro_low_og__neutral__1_8769.jpeg;https:\/\/images.novelship.com\/product\/_grade_school__air_jordan_1_retro_low_og__neutral__2_8769.jpeg;https:\/\/images.novelship.com\/product\/_grade_school__air_jordan_1_retro_low_og__neutral__3_8770.jpeg;https:\/\/images.novelship.com\/product\/_grade_school__air_jordan_1_retro_low_og__neutral__4_8770.jpeg;https:\/\/images.novelship.com\/product\/_grade_school__air_jordan_1_retro_low_og__neutral__5_8770.jpeg;https:\/\/images.novelship.com\/product\/_grade_school__air_jordan_1_retro_low_og__neutral__6_8770.jpeg;https:\/\/images.novelship.com\/product\/_grade_school__air_jordan_1_retro_low_og__neutral__7_8770.jpeg\"},{\"@type\":\"BreadcrumbList\",\"@id\":\"https:\/\/tourcruiser.com\/fr\/products\/grade-school-air-jordan-1-retro-low-og-neutral-grey-2021-cz0858-100\/#breadcrumb\",\"itemListElement\":[{\"@type\":\"ListItem\",\"position\":1,\"name\":\"Home\",\"item\":\"https:\/\/tourcruiser.com\/fr\/\"},{\"@type\":\"ListItem\",\"position\":2,\"name\":\"Shop\",\"item\":\"https:\/\/tourcruiser.com\/fr\/shop\/\"},{\"@type\":\"ListItem\",\"position\":3,\"name\":\"(Grade School) Air Jordan 1 Retro Low OG &#8216;Neutral Grey&#8217; 2021 CZ0858-100\"}]},{\"@type\":\"WebSite\",\"@id\":\"\/#website\",\"url\":\"\/\",\"name\":\"Styloral Jewelry Shop\",\"description\":\"Tourcruiser Sneaker Store \u2014 L\u2019endroit o\u00f9 l\u2019univers rencontre votre singularit\u00e9.\",\"publisher\":{\"@id\":\"\/#organization\"},\"potentialAction\":[{\"@type\":\"SearchAction\",\"target\":{\"@type\":\"EntryPoint\",\"urlTemplate\":\"\/?s={search_term_string}\"},\"query-input\":{\"@type\":\"PropertyValueSpecification\",\"valueRequired\":true,\"valueName\":\"search_term_string\"}}],\"inLanguage\":\"fr-FR\"},{\"@type\":\"Organization\",\"@id\":\"\/#organization\",\"name\":\"STYLORAL PTE. LTD\",\"url\":\"\/\",\"logo\":{\"@type\":\"ImageObject\",\"inLanguage\":\"fr-FR\",\"@id\":\"\/#\/schema\/logo\/image\/\",\"url\":\"https:\/\/www.tourcruiser.com\/wp-content\/uploads\/2025\/12\/logo.png\",\"contentUrl\":\"https:\/\/www.tourcruiser.com\/wp-content\/uploads\/2025\/12\/logo.png\",\"width\":200,\"height\":65,\"caption\":\"STYLORAL PTE. LTD\"},\"image\":{\"@id\":\"\/#\/schema\/logo\/image\/\"}}]}<\/script>\n<!-- \/ Yoast SEO plugin. -->","yoast_head_json":{"title":"(Grade School) Air Jordan 1 Retro Low OG 'Neutral Grey' 2021 CZ0858-100 - TOURCRUISER PTE. LTD","robots":{"index":"index","follow":"follow","max-snippet":"max-snippet:-1","max-image-preview":"max-image-preview:large","max-video-preview":"max-video-preview:-1"},"canonical":"https:\/\/tourcruiser.com\/fr\/products\/grade-school-air-jordan-1-retro-low-og-neutral-grey-2021-cz0858-100\/","og_locale":"fr_FR","og_type":"article","og_title":"(Grade School) Air Jordan 1 Retro Low OG 'Neutral Grey' 2021 CZ0858-100 - TOURCRUISER PTE. LTD","og_description":"Les sneakers Air Jordan 1 Retro Low OG Neutral Grey 2021 (GS) de Jordan offrent un look classique et \u00e9l\u00e9gant \u00e0 tous les passionn\u00e9s de sneakers. Confectionn\u00e9es \u00e0 partir de mat\u00e9riaux haut de gamme, elles arborent une teinte grise neutre et \u00e9pur\u00e9e, polyvalente et facile \u00e0 associer \u00e0 toutes vos tenues. Con\u00e7ues pour un confort [&hellip;]","og_url":"https:\/\/tourcruiser.com\/fr\/products\/grade-school-air-jordan-1-retro-low-og-neutral-grey-2021-cz0858-100\/","og_site_name":"Tourcruiser Sneaker Store","article_modified_time":"2026-04-17T16:01:11+00:00","twitter_card":"summary_large_image","twitter_image":"https:\/\/images.novelship.com\/product\/_grade_school__air_jordan_1_retro_low_og__neutral__0_8769.jpeg;https:\/\/images.novelship.com\/product\/_grade_school__air_jordan_1_retro_low_og__neutral__1_8769.jpeg;https:\/\/images.novelship.com\/product\/_grade_school__air_jordan_1_retro_low_og__neutral__2_8769.jpeg;https:\/\/images.novelship.com\/product\/_grade_school__air_jordan_1_retro_low_og__neutral__3_8770.jpeg;https:\/\/images.novelship.com\/product\/_grade_school__air_jordan_1_retro_low_og__neutral__4_8770.jpeg;https:\/\/images.novelship.com\/product\/_grade_school__air_jordan_1_retro_low_og__neutral__5_8770.jpeg;https:\/\/images.novelship.com\/product\/_grade_school__air_jordan_1_retro_low_og__neutral__6_8770.jpeg;https:\/\/images.novelship.com\/product\/_grade_school__air_jordan_1_retro_low_og__neutral__7_8770.jpeg","twitter_misc":{"Dur\u00e9e de lecture estim\u00e9e":"1 minute"},"schema":{"@context":"https:\/\/schema.org","@graph":[{"@type":"WebPage","@id":"https:\/\/tourcruiser.com\/fr\/products\/grade-school-air-jordan-1-retro-low-og-neutral-grey-2021-cz0858-100\/","url":"https:\/\/tourcruiser.com\/fr\/products\/grade-school-air-jordan-1-retro-low-og-neutral-grey-2021-cz0858-100\/","name":"(Grade School) Air Jordan 1 Retro Low OG 'Neutral Grey' 2021 CZ0858-100 - TOURCRUISER PTE. LTD","isPartOf":{"@id":"\/#website"},"primaryImageOfPage":{"@id":"https:\/\/tourcruiser.com\/fr\/products\/grade-school-air-jordan-1-retro-low-og-neutral-grey-2021-cz0858-100\/#primaryimage"},"image":{"@id":"https:\/\/tourcruiser.com\/fr\/products\/grade-school-air-jordan-1-retro-low-og-neutral-grey-2021-cz0858-100\/#primaryimage"},"thumbnailUrl":"https:\/\/images.novelship.com\/product\/_grade_school__air_jordan_1_retro_low_og__neutral__0_8769.jpeg;https:\/\/images.novelship.com\/product\/_grade_school__air_jordan_1_retro_low_og__neutral__1_8769.jpeg;https:\/\/images.novelship.com\/product\/_grade_school__air_jordan_1_retro_low_og__neutral__2_8769.jpeg;https:\/\/images.novelship.com\/product\/_grade_school__air_jordan_1_retro_low_og__neutral__3_8770.jpeg;https:\/\/images.novelship.com\/product\/_grade_school__air_jordan_1_retro_low_og__neutral__4_8770.jpeg;https:\/\/images.novelship.com\/product\/_grade_school__air_jordan_1_retro_low_og__neutral__5_8770.jpeg;https:\/\/images.novelship.com\/product\/_grade_school__air_jordan_1_retro_low_og__neutral__6_8770.jpeg;https:\/\/images.novelship.com\/product\/_grade_school__air_jordan_1_retro_low_og__neutral__7_8770.jpeg","datePublished":"2026-04-16T10:13:10+00:00","dateModified":"2026-04-17T16:01:11+00:00","breadcrumb":{"@id":"https:\/\/tourcruiser.com\/fr\/products\/grade-school-air-jordan-1-retro-low-og-neutral-grey-2021-cz0858-100\/#breadcrumb"},"inLanguage":"fr-FR","potentialAction":[{"@type":"ReadAction","target":["https:\/\/tourcruiser.com\/fr\/products\/grade-school-air-jordan-1-retro-low-og-neutral-grey-2021-cz0858-100\/"]}]},{"@type":"ImageObject","inLanguage":"fr-FR","@id":"https:\/\/tourcruiser.com\/fr\/products\/grade-school-air-jordan-1-retro-low-og-neutral-grey-2021-cz0858-100\/#primaryimage","url":"https:\/\/images.novelship.com\/product\/_grade_school__air_jordan_1_retro_low_og__neutral__0_8769.jpeg;https:\/\/images.novelship.com\/product\/_grade_school__air_jordan_1_retro_low_og__neutral__1_8769.jpeg;https:\/\/images.novelship.com\/product\/_grade_school__air_jordan_1_retro_low_og__neutral__2_8769.jpeg;https:\/\/images.novelship.com\/product\/_grade_school__air_jordan_1_retro_low_og__neutral__3_8770.jpeg;https:\/\/images.novelship.com\/product\/_grade_school__air_jordan_1_retro_low_og__neutral__4_8770.jpeg;https:\/\/images.novelship.com\/product\/_grade_school__air_jordan_1_retro_low_og__neutral__5_8770.jpeg;https:\/\/images.novelship.com\/product\/_grade_school__air_jordan_1_retro_low_og__neutral__6_8770.jpeg;https:\/\/images.novelship.com\/product\/_grade_school__air_jordan_1_retro_low_og__neutral__7_8770.jpeg","contentUrl":"https:\/\/images.novelship.com\/product\/_grade_school__air_jordan_1_retro_low_og__neutral__0_8769.jpeg;https:\/\/images.novelship.com\/product\/_grade_school__air_jordan_1_retro_low_og__neutral__1_8769.jpeg;https:\/\/images.novelship.com\/product\/_grade_school__air_jordan_1_retro_low_og__neutral__2_8769.jpeg;https:\/\/images.novelship.com\/product\/_grade_school__air_jordan_1_retro_low_og__neutral__3_8770.jpeg;https:\/\/images.novelship.com\/product\/_grade_school__air_jordan_1_retro_low_og__neutral__4_8770.jpeg;https:\/\/images.novelship.com\/product\/_grade_school__air_jordan_1_retro_low_og__neutral__5_8770.jpeg;https:\/\/images.novelship.com\/product\/_grade_school__air_jordan_1_retro_low_og__neutral__6_8770.jpeg;https:\/\/images.novelship.com\/product\/_grade_school__air_jordan_1_retro_low_og__neutral__7_8770.jpeg"},{"@type":"BreadcrumbList","@id":"https:\/\/tourcruiser.com\/fr\/products\/grade-school-air-jordan-1-retro-low-og-neutral-grey-2021-cz0858-100\/#breadcrumb","itemListElement":[{"@type":"ListItem","position":1,"name":"Home","item":"https:\/\/tourcruiser.com\/fr\/"},{"@type":"ListItem","position":2,"name":"Shop","item":"https:\/\/tourcruiser.com\/fr\/shop\/"},{"@type":"ListItem","position":3,"name":"(Grade School) Air Jordan 1 Retro Low OG &#8216;Neutral Grey&#8217; 2021 CZ0858-100"}]},{"@type":"WebSite","@id":"\/#website","url":"\/","name":"Styloral Jewelry Shop","description":"Tourcruiser Sneaker Store \u2014 L\u2019endroit o\u00f9 l\u2019univers rencontre votre singularit\u00e9.","publisher":{"@id":"\/#organization"},"potentialAction":[{"@type":"SearchAction","target":{"@type":"EntryPoint","urlTemplate":"\/?s={search_term_string}"},"query-input":{"@type":"PropertyValueSpecification","valueRequired":true,"valueName":"search_term_string"}}],"inLanguage":"fr-FR"},{"@type":"Organization","@id":"\/#organization","name":"STYLORAL PTE. LTD","url":"\/","logo":{"@type":"ImageObject","inLanguage":"fr-FR","@id":"\/#\/schema\/logo\/image\/","url":"https:\/\/www.tourcruiser.com\/wp-content\/uploads\/2025\/12\/logo.png","contentUrl":"https:\/\/www.tourcruiser.com\/wp-content\/uploads\/2025\/12\/logo.png","width":200,"height":65,"caption":"STYLORAL PTE. LTD"},"image":{"@id":"\/#\/schema\/logo\/image\/"}}]}},"_links":{"self":[{"href":"https:\/\/tourcruiser.com\/fr\/wp-json\/wp\/v2\/product\/768439","targetHints":{"allow":["GET"]}}],"collection":[{"href":"https:\/\/tourcruiser.com\/fr\/wp-json\/wp\/v2\/product"}],"about":[{"href":"https:\/\/tourcruiser.com\/fr\/wp-json\/wp\/v2\/types\/product"}],"replies":[{"embeddable":true,"href":"https:\/\/tourcruiser.com\/fr\/wp-json\/wp\/v2\/comments?post=768439"}],"wp:featuredmedia":[{"embeddable":true,"href":"https:\/\/tourcruiser.com\/fr\/wp-json\/wp\/v2\/media\/768440"}],"wp:attachment":[{"href":"https:\/\/tourcruiser.com\/fr\/wp-json\/wp\/v2\/media?parent=768439"}],"wp:term":[{"taxonomy":"product_brand","embeddable":true,"href":"https:\/\/tourcruiser.com\/fr\/wp-json\/wp\/v2\/product_brand?post=768439"},{"taxonomy":"product_cat","embeddable":true,"href":"https:\/\/tourcruiser.com\/fr\/wp-json\/wp\/v2\/product_cat?post=768439"},{"taxonomy":"product_tag","embeddable":true,"href":"https:\/\/tourcruiser.com\/fr\/wp-json\/wp\/v2\/product_tag?post=768439"}],"curies":[{"name":"wp","href":"https:\/\/api.w.org\/{rel}","templated":true}]}}